{"id":9774,"date":"2021-02-05T13:06:21","date_gmt":"2021-02-05T13:06:21","guid":{"rendered":"https:\/\/gch.dev-bulbera.com\/?page_id=9774"},"modified":"2021-04-07T14:28:52","modified_gmt":"2021-04-07T14:28:52","slug":"gch-applied-research","status":"publish","type":"page","link":"https:\/\/globalcitieshub.org\/fr\/gch-applied-research\/","title":{"rendered":"Notre recherche"},"content":{"rendered":"<div data-elementor-type=\"wp-page\" data-elementor-id=\"9774\" class=\"elementor elementor-9774\">\n\t\t\t\t\t\t<section class=\"elementor-section elementor-top-section elementor-element elementor-element-cbf298d elementor-section-boxed elementor-section-height-default elementor-section-height-default\" data-id=\"cbf298d\" data-element_type=\"section\" data-e-type=\"section\">\n\t\t\t\t\t\t<div class=\"elementor-container elementor-column-gap-default\">\n\t\t\t\t\t<div class=\"elementor-column elementor-col-100 elementor-top-column elementor-element elementor-element-aa2932f\" data-id=\"aa2932f\" data-element_type=\"column\" data-e-type=\"column\">\n\t\t\t<div class=\"elementor-widget-wrap elementor-element-populated\">\n\t\t\t\t\t\t<div class=\"elementor-element elementor-element-d4cc7d6 elementor-widget elementor-widget-listings_grid_new\" data-id=\"d4cc7d6\" data-element_type=\"widget\" data-e-type=\"widget\" data-widget_type=\"listings_grid_new.default\">\n\t\t\t\t<div class=\"elementor-widget-container\">\n\t\t\t\t\t        <!-- carousel -->\r\n        <div class=\"listings-grid-wrap clearfix three-cols\">\r\n\r\n\r\n                <!-- list-main-wrap-->\r\n                <div class=\"list-main-wrap fl-wrap card-listing cthiso-isotope-wrapper\">\r\n\r\n                    <div class=\"container\">\r\n                        <div class=\"row\">\r\n\r\n                            <div class=\"col-md-12\">\r\n\r\n                                \r\n                                <div class=\"cthiso-items cthiso-small-pad cthiso-three-cols clearfix cthiso-flexes\">\r\n                                    <div class=\"cthiso-sizer\"><\/div>\r\n                                    \r\n<!-- listing-item -->\r\n<div class=\"cthiso-item listing-item-loop post-10208 listing type-listing status-publish has-post-thumbnail hentry\"  data-postid=\"10208\">\r\n    <article class=\"geodir-category-listing fl-wrap\">\r\n        <div class=\"azp_element preview_listing azp-element-azp-sgfq927d1s geodir-category-img news card-hide-overlay\" >\r\n        <div class=\"geodir-js-favorite_btn\">\r\n                    <a href=\"#\" class=\"save-btn logreg-modal-open\" data-message=\"Logging in first to save this listing.\"><i class=\"fal fa-heart\"><\/i><span>Sauvez<\/span><\/a>\r\n            <\/div>\r\n    \r\n            \r\n\r\n    <a href=\"https:\/\/globalcitieshub.org\/fr\/launching-a-research-project-on-the-implementation-by-and-in-cities-of-the-right-to-adequate-housing\/\" class=\"listing-thumb-link geodir-category-img-wrap fl-wrap\">\r\n        \r\n        <img fetchpriority=\"high\" width=\"424\" height=\"280\" class=\"respimg lazy\" alt=\"\" data-src=\"https:\/\/globalcitieshub.org\/wp-content\/uploads\/2021\/03\/ezgif.com-gif-maker-424x280.png\" data-lazy=\"https:\/\/globalcitieshub.org\/wp-content\/uploads\/2021\/03\/ezgif.com-gif-maker-424x280.png\" \/>\r\n            <\/a>\r\n        <div class=\"listing-avatar\"><a href=\"https:\/\/globalcitieshub.org\/fr\/author\/root_new\/\"><img alt='racine_nouveau' src='https:\/\/globalcitieshub.org\/wp-content\/plugins\/townhub-add-ons\/assets\/images\/avatar.jpg' class='avatar avatar-80 photo' height='80' width='80' \/><\/a>\r\n        <span class=\"avatar-tooltip lpre-avatar\">Ajout\u00e9 par <strong>racine_nouveau<\/strong><\/span>\r\n    <\/div>\r\n    \r\n    \r\n     \r\n\r\n    \r\n    \r\n    \r\n    \r\n     \r\n          \r\n        <div class=\"lcfields-wrap dis-flex\"><\/div>\r\n    \r\n<\/div>\r\n<div class=\"azp_element preview_listing_content azp-element-azp-e49ww3xidf9 geodir-category-content custom-listing-fields\" >\r\n\r\n    \r\n    <div class=\"geodir-category-content-title fl-wrap\">\r\n        <div class=\"geodir-category-content-title-item\">\r\n            <h3 class=\"title-sin_map\">\r\n                                <a href=\"https:\/\/globalcitieshub.org\/fr\/launching-a-research-project-on-the-implementation-by-and-in-cities-of-the-right-to-adequate-housing\/\">LANCEMENT D'UN PROJET DE RECHERCHE SUR LA MISE EN \u0152UVRE DU DROIT \u00c0 UN LOGEMENT AD\u00c9QUAT PAR ET DANS LES VILLES<\/a>\r\n                            <\/h3>\r\n            <div class=\"geodir-category-location fl-wrap\"><a href=\"#\" class=\"map-item\" target=\"_blank\"><i class=\"fas fa-map-marker-alt\"><\/i>Gen\u00e8ve<\/a><\/div>        <\/div>\r\n    <\/div>\r\n    <div class=\"geodir-category-text fl-wrap\">\r\n                        <div class=\"lcfields-wrap dis-flex\"><div class=\"azp_element lcustom_field lcfield-short_description ftitle-block-no azp-element-azp-hi6w2qkj5zo lcfield-wid-12 lcus-field-type-dflt lcus-sec-style-no authplan-hide-false\">\r\n    <div class=\"for-hide-on-author\"><\/div>\r\n                <div class=\"lcfield-inner\">\r\n                                                            <span class=\"lcfield-value\">Le GCH lance un projet de recherche sur la mise en \u0153uvre par et dans les villes des recommandations sur le droit \u00e0 un logement ad\u00e9quat issues du syst\u00e8me des droits de l'homme de l'ONU. Ce faisant, le projet cherche \u00e0 mettre en \u00e9vidence les bonnes pratiques et les d\u00e9fis qui peuvent \u00eatre tir\u00e9s de ces exp\u00e9riences.\u00a0<\/span>\r\n                                    <\/div>\r\n    <\/div>\r\n<\/div>\r\n            <\/div>\r\n    <\/div>\r\n    <\/article>\r\n<\/div>\r\n<!-- listing-item end-->                                  <\/div>\r\n                                                                <div class=\"view-all-listings\"><a href=\"https:\/\/globalcitieshub.org\/fr\/listing\/\"  class=\"btn  dec_btn  color2-bg\">D\u00e9couvrez toutes les annonces<i class=\"fal fa-arrow-alt-right\"><\/i><\/a><\/div>\r\n                            <\/div>\r\n                            <!-- end col-md-12 -->\r\n                        <\/div>\r\n                        <!-- end row -->\r\n                    <\/div>\r\n                    <!-- end container -->\r\n                <\/div>\r\n                <!-- list-main-wrap end-->\r\n\r\n        <\/div>\r\n        <!--  listings-grid-wrap end-->\r\n\r\n        \r\n                \t\t\t\t<\/div>\n\t\t\t\t<\/div>\n\t\t\t\t\t<\/div>\n\t\t<\/div>\n\t\t\t\t\t<\/div>\n\t\t<\/section>\n\t\t\t\t<\/div>","protected":false},"excerpt":{"rendered":"<p>Save Added By root February 16, 2021 LA POLITIQUE EXT\u00c9RIEURE DE LA SUISSE ET LA D\u00c9CLARATION DE L'ONU SUR LES DROITS DES PAYSAN.NE.S - ETUDE - 2020 Burgas The Geneva Academy of International Humanitarian Law and Human Rights Institution : Envato Save Added By root 16 f\u00e9vrier 2021 LE CONSEIL DES DROITS DE L'HOMME DE L'ONU : UNE ANATOMIE PRATIQUE ... <\/p>","protected":false},"author":1,"featured_media":0,"parent":0,"menu_order":0,"comment_status":"closed","ping_status":"closed","template":"page-fullwidth.php","meta":{"_monsterinsights_skip_tracking":false,"_monsterinsights_sitenote_active":false,"_monsterinsights_sitenote_note":"","_monsterinsights_sitenote_category":0,"footnotes":""},"class_list":["post-9774","page","type-page","status-publish","hentry"],"yoast_head":"<!-- This site is optimized with the Yoast SEO plugin v27.4 - https:\/\/yoast.com\/product\/yoast-seo-wordpress\/ -->\n<title>GCH Applied research - Global Cities Hub<\/title>\n<meta name=\"robots\" content=\"index, follow, max-snippet:-1, max-image-preview:large, max-video-preview:-1\" \/>\n<link rel=\"canonical\" href=\"https:\/\/globalcitieshub.org\/fr\/gch-applied-research\/\" \/>\n<meta property=\"og:locale\" content=\"fr_FR\" \/>\n<meta property=\"og:type\" content=\"article\" \/>\n<meta property=\"og:title\" content=\"GCH Applied research - Global Cities Hub\" \/>\n<meta property=\"og:description\" content=\"Save Added By root February 16, 2021 LA POLITIQUE EXT\u00c9RIEURE DE LA SUISSE ET LA D\u00c9CLARATION DE L\u2019ONU SUR LES DROITS DES PAYSAN.NE.S \u2013 ETUDE \u2013 2020 Burgas The Geneva Academy of International Humanitarian Law and Human Rights Institution: Envato Save Added By root February 16, 2021 THE UN HUMAN RIGHTS COUNCIL: A PRACTICAL ANATOMY &hellip;\" \/>\n<meta property=\"og:url\" content=\"https:\/\/globalcitieshub.org\/fr\/gch-applied-research\/\" \/>\n<meta property=\"og:site_name\" content=\"Global Cities Hub\" \/>\n<meta property=\"article:modified_time\" content=\"2021-04-07T14:28:52+00:00\" \/>\n<meta property=\"og:image\" content=\"https:\/\/gch.dev-bulbera.com\/wp-content\/uploads\/2019\/08\/27-424x280.jpg\" \/>\n<meta name=\"twitter:card\" content=\"summary_large_image\" \/>\n<meta name=\"twitter:site\" content=\"@genevacitieshub\" \/>\n<meta name=\"twitter:label1\" content=\"Dur\u00e9e de lecture estim\u00e9e\" \/>\n\t<meta name=\"twitter:data1\" content=\"3 minutes\" \/>\n<script type=\"application\/ld+json\" class=\"yoast-schema-graph\">{\"@context\":\"https:\\\/\\\/schema.org\",\"@graph\":[{\"@type\":\"WebPage\",\"@id\":\"https:\\\/\\\/globalcitieshub.org\\\/fr\\\/gch-applied-research\\\/\",\"url\":\"https:\\\/\\\/globalcitieshub.org\\\/fr\\\/gch-applied-research\\\/\",\"name\":\"GCH Applied research - Global Cities Hub\",\"isPartOf\":{\"@id\":\"https:\\\/\\\/globalcitieshub.org\\\/fr\\\/#website\"},\"primaryImageOfPage\":{\"@id\":\"https:\\\/\\\/globalcitieshub.org\\\/fr\\\/gch-applied-research\\\/#primaryimage\"},\"image\":{\"@id\":\"https:\\\/\\\/globalcitieshub.org\\\/fr\\\/gch-applied-research\\\/#primaryimage\"},\"thumbnailUrl\":\"https:\\\/\\\/gch.dev-bulbera.com\\\/wp-content\\\/uploads\\\/2019\\\/08\\\/27-424x280.jpg\",\"datePublished\":\"2021-02-05T13:06:21+00:00\",\"dateModified\":\"2021-04-07T14:28:52+00:00\",\"inLanguage\":\"fr-FR\",\"potentialAction\":[{\"@type\":\"ReadAction\",\"target\":[\"https:\\\/\\\/globalcitieshub.org\\\/fr\\\/gch-applied-research\\\/\"]}]},{\"@type\":\"ImageObject\",\"inLanguage\":\"fr-FR\",\"@id\":\"https:\\\/\\\/globalcitieshub.org\\\/fr\\\/gch-applied-research\\\/#primaryimage\",\"url\":\"https:\\\/\\\/gch.dev-bulbera.com\\\/wp-content\\\/uploads\\\/2019\\\/08\\\/27-424x280.jpg\",\"contentUrl\":\"https:\\\/\\\/gch.dev-bulbera.com\\\/wp-content\\\/uploads\\\/2019\\\/08\\\/27-424x280.jpg\"},{\"@type\":\"WebSite\",\"@id\":\"https:\\\/\\\/globalcitieshub.org\\\/fr\\\/#website\",\"url\":\"https:\\\/\\\/globalcitieshub.org\\\/fr\\\/\",\"name\":\"Global Cities Hub\",\"description\":\"Connecting local and regional governments to the United Nations and other  international organizations\",\"publisher\":{\"@id\":\"https:\\\/\\\/globalcitieshub.org\\\/fr\\\/#organization\"},\"potentialAction\":[{\"@type\":\"SearchAction\",\"target\":{\"@type\":\"EntryPoint\",\"urlTemplate\":\"https:\\\/\\\/globalcitieshub.org\\\/fr\\\/?s={search_term_string}\"},\"query-input\":{\"@type\":\"PropertyValueSpecification\",\"valueRequired\":true,\"valueName\":\"search_term_string\"}}],\"inLanguage\":\"fr-FR\"},{\"@type\":\"Organization\",\"@id\":\"https:\\\/\\\/globalcitieshub.org\\\/fr\\\/#organization\",\"name\":\"Global Cities Hub\",\"url\":\"https:\\\/\\\/globalcitieshub.org\\\/fr\\\/\",\"logo\":{\"@type\":\"ImageObject\",\"inLanguage\":\"fr-FR\",\"@id\":\"https:\\\/\\\/globalcitieshub.org\\\/fr\\\/#\\\/schema\\\/logo\\\/image\\\/\",\"url\":\"https:\\\/\\\/globalcitieshub.org\\\/wp-content\\\/uploads\\\/2023\\\/09\\\/230829_Logo_Global_Cities_Hub_Couleur_fond-blanc_RVB.png\",\"contentUrl\":\"https:\\\/\\\/globalcitieshub.org\\\/wp-content\\\/uploads\\\/2023\\\/09\\\/230829_Logo_Global_Cities_Hub_Couleur_fond-blanc_RVB.png\",\"width\":2544,\"height\":1446,\"caption\":\"Global Cities Hub\"},\"image\":{\"@id\":\"https:\\\/\\\/globalcitieshub.org\\\/fr\\\/#\\\/schema\\\/logo\\\/image\\\/\"},\"sameAs\":[\"https:\\\/\\\/x.com\\\/genevacitieshub\"]}]}<\/script>\n<!-- \/ Yoast SEO plugin. -->","yoast_head_json":{"title":"GCH Recherche appliqu\u00e9e - Global Cities Hub","robots":{"index":"index","follow":"follow","max-snippet":"max-snippet:-1","max-image-preview":"max-image-preview:large","max-video-preview":"max-video-preview:-1"},"canonical":"https:\/\/globalcitieshub.org\/fr\/gch-applied-research\/","og_locale":"fr_FR","og_type":"article","og_title":"GCH Applied research - Global Cities Hub","og_description":"Save Added By root February 16, 2021 LA POLITIQUE EXT\u00c9RIEURE DE LA SUISSE ET LA D\u00c9CLARATION DE L\u2019ONU SUR LES DROITS DES PAYSAN.NE.S \u2013 ETUDE \u2013 2020 Burgas The Geneva Academy of International Humanitarian Law and Human Rights Institution: Envato Save Added By root February 16, 2021 THE UN HUMAN RIGHTS COUNCIL: A PRACTICAL ANATOMY &hellip;","og_url":"https:\/\/globalcitieshub.org\/fr\/gch-applied-research\/","og_site_name":"Global Cities Hub","article_modified_time":"2021-04-07T14:28:52+00:00","og_image":[{"url":"https:\/\/gch.dev-bulbera.com\/wp-content\/uploads\/2019\/08\/27-424x280.jpg","type":"","width":"","height":""}],"twitter_card":"summary_large_image","twitter_site":"@genevacitieshub","twitter_misc":{"Dur\u00e9e de lecture estim\u00e9e":"3 minutes"},"schema":{"@context":"https:\/\/schema.org","@graph":[{"@type":"WebPage","@id":"https:\/\/globalcitieshub.org\/fr\/gch-applied-research\/","url":"https:\/\/globalcitieshub.org\/fr\/gch-applied-research\/","name":"GCH Recherche appliqu\u00e9e - Global Cities Hub","isPartOf":{"@id":"https:\/\/globalcitieshub.org\/fr\/#website"},"primaryImageOfPage":{"@id":"https:\/\/globalcitieshub.org\/fr\/gch-applied-research\/#primaryimage"},"image":{"@id":"https:\/\/globalcitieshub.org\/fr\/gch-applied-research\/#primaryimage"},"thumbnailUrl":"https:\/\/gch.dev-bulbera.com\/wp-content\/uploads\/2019\/08\/27-424x280.jpg","datePublished":"2021-02-05T13:06:21+00:00","dateModified":"2021-04-07T14:28:52+00:00","inLanguage":"fr-FR","potentialAction":[{"@type":"ReadAction","target":["https:\/\/globalcitieshub.org\/fr\/gch-applied-research\/"]}]},{"@type":"ImageObject","inLanguage":"fr-FR","@id":"https:\/\/globalcitieshub.org\/fr\/gch-applied-research\/#primaryimage","url":"https:\/\/gch.dev-bulbera.com\/wp-content\/uploads\/2019\/08\/27-424x280.jpg","contentUrl":"https:\/\/gch.dev-bulbera.com\/wp-content\/uploads\/2019\/08\/27-424x280.jpg"},{"@type":"WebSite","@id":"https:\/\/globalcitieshub.org\/fr\/#website","url":"https:\/\/globalcitieshub.org\/fr\/","name":"Global Cities Hub","description":"Relier les gouvernements locaux et r\u00e9gionaux aux Nations unies et \u00e0 d'autres organisations internationales","publisher":{"@id":"https:\/\/globalcitieshub.org\/fr\/#organization"},"potentialAction":[{"@type":"SearchAction","target":{"@type":"EntryPoint","urlTemplate":"https:\/\/globalcitieshub.org\/fr\/?s={search_term_string}"},"query-input":{"@type":"PropertyValueSpecification","valueRequired":true,"valueName":"search_term_string"}}],"inLanguage":"fr-FR"},{"@type":"Organization","@id":"https:\/\/globalcitieshub.org\/fr\/#organization","name":"Global Cities Hub","url":"https:\/\/globalcitieshub.org\/fr\/","logo":{"@type":"ImageObject","inLanguage":"fr-FR","@id":"https:\/\/globalcitieshub.org\/fr\/#\/schema\/logo\/image\/","url":"https:\/\/globalcitieshub.org\/wp-content\/uploads\/2023\/09\/230829_Logo_Global_Cities_Hub_Couleur_fond-blanc_RVB.png","contentUrl":"https:\/\/globalcitieshub.org\/wp-content\/uploads\/2023\/09\/230829_Logo_Global_Cities_Hub_Couleur_fond-blanc_RVB.png","width":2544,"height":1446,"caption":"Global Cities Hub"},"image":{"@id":"https:\/\/globalcitieshub.org\/fr\/#\/schema\/logo\/image\/"},"sameAs":["https:\/\/x.com\/genevacitieshub"]}]}},"_links":{"self":[{"href":"https:\/\/globalcitieshub.org\/fr\/wp-json\/wp\/v2\/pages\/9774","targetHints":{"allow":["GET"]}}],"collection":[{"href":"https:\/\/globalcitieshub.org\/fr\/wp-json\/wp\/v2\/pages"}],"about":[{"href":"https:\/\/globalcitieshub.org\/fr\/wp-json\/wp\/v2\/types\/page"}],"author":[{"embeddable":true,"href":"https:\/\/globalcitieshub.org\/fr\/wp-json\/wp\/v2\/users\/1"}],"replies":[{"embeddable":true,"href":"https:\/\/globalcitieshub.org\/fr\/wp-json\/wp\/v2\/comments?post=9774"}],"version-history":[{"count":8,"href":"https:\/\/globalcitieshub.org\/fr\/wp-json\/wp\/v2\/pages\/9774\/revisions"}],"predecessor-version":[{"id":11201,"href":"https:\/\/globalcitieshub.org\/fr\/wp-json\/wp\/v2\/pages\/9774\/revisions\/11201"}],"wp:attachment":[{"href":"https:\/\/globalcitieshub.org\/fr\/wp-json\/wp\/v2\/media?parent=9774"}],"curies":[{"name":"wp","href":"https:\/\/api.w.org\/{rel}","templated":true}]}}