{"id":9764,"date":"2021-02-05T12:59:36","date_gmt":"2021-02-05T12:59:36","guid":{"rendered":"https:\/\/gch.dev-bulbera.com\/?page_id=9764"},"modified":"2026-01-07T11:07:20","modified_gmt":"2026-01-07T10:07:20","slug":"the-team","status":"publish","type":"page","link":"https:\/\/globalcitieshub.org\/fr\/the-team\/","title":{"rendered":"L&#039;\u00e9quipe"},"content":{"rendered":"<div data-elementor-type=\"wp-page\" data-elementor-id=\"9764\" class=\"elementor elementor-9764\">\n\t\t\t\t\t\t<section class=\"elementor-section elementor-top-section elementor-element elementor-element-b66a16c elementor-section-boxed elementor-section-height-default elementor-section-height-default\" data-id=\"b66a16c\" data-element_type=\"section\" data-e-type=\"section\">\n\t\t\t\t\t\t<div class=\"elementor-container elementor-column-gap-narrow\">\n\t\t\t\t\t<div class=\"elementor-column elementor-col-33 elementor-top-column elementor-element elementor-element-939570c\" data-id=\"939570c\" data-element_type=\"column\" data-e-type=\"column\">\n\t\t\t<div class=\"elementor-widget-wrap elementor-element-populated\">\n\t\t\t\t\t\t<div class=\"elementor-element elementor-element-17632de elementor-widget elementor-widget-image\" data-id=\"17632de\" data-element_type=\"widget\" data-e-type=\"widget\" data-widget_type=\"image.default\">\n\t\t\t\t<div class=\"elementor-widget-container\">\n\t\t\t\t\t\t\t\t\t\t\t\t\t\t\t<img width=\"200\" height=\"200\" class=\"attachment-medium size-medium wp-image-9988 lazy\" alt=\"\" data-src=\"https:\/\/globalcitieshub.org\/wp-content\/uploads\/2021\/02\/img2.png\" data-lazy=\"https:\/\/globalcitieshub.org\/wp-content\/uploads\/2021\/02\/img2.png\" \/>\t\t\t\t\t\t\t\t\t\t\t\t\t\t\t<\/div>\n\t\t\t\t<\/div>\n\t\t\t\t<div class=\"elementor-element elementor-element-9f5e886 elementor-widget elementor-widget-section_titleleft\" data-id=\"9f5e886\" data-element_type=\"widget\" data-e-type=\"widget\" data-widget_type=\"section_titleleft.default\">\n\t\t\t\t<div class=\"elementor-widget-container\">\n\t\t\t\t\t        <div class=\"ab_text-title fl-wrap\">\r\n            <h3>ANH THU DUONG<\/h3><h4>Co-Directrice, Politique et Partenariats<\/h4><span class=\"section-separator fl-sec-sep\"><\/span>        <\/div>\r\n        \t\t\t\t<\/div>\n\t\t\t\t<\/div>\n\t\t\t\t<div class=\"elementor-element elementor-element-d988f48 about-wrap elementor-widget elementor-widget-text-editor\" data-id=\"d988f48\" data-element_type=\"widget\" data-e-type=\"widget\" data-widget_type=\"text-editor.default\">\n\t\t\t\t<div class=\"elementor-widget-container\">\n\t\t\t\t\t\t\t\t\t<p><span style=\"color: #000000;\">Avant de rejoindre le Global Cities Hub, Anh Thu a travaill\u00e9 15 ans au D\u00e9partement f\u00e9d\u00e9ral des affaires \u00e9trang\u00e8res (DFAE), o\u00f9 elle a contribu\u00e9 \u00e0 l'engagement multilat\u00e9ral de la Suisse aupr\u00e8s des Nations Unies et d'autres organisations internationales.\u00a0<\/span><\/p><p><span style=\"color: #000000;\">Elle poss\u00e8de une grande expertise diplomatique multilat\u00e9rale et de solides comp\u00e9tences en mati\u00e8re de n\u00e9gociation dans le domaine des droits de l'homme et des affaires humanitaires. Durant son mandat au DFAE, elle a \u00e9t\u00e9 d\u00e9tach\u00e9e aupr\u00e8s du Haut-Commissariat de l\u2019ONU aux droits de l'homme et de la Pr\u00e9sidence du Conseil des droits de l'homme. <\/span><\/p><p><span style=\"color: #000000;\">Anh Thu est titulaire d'un Executive Master en droit international des conflits arm\u00e9s de l'Acad\u00e9mie de droit international humanitaire et de droits humains \u00e0 Gen\u00e8ve, d'un Master en relations internationales de l'Institut universitaire de hautes \u00e9tudes internationales et d'un Master of Arts en politique et relations internationales de l'Universit\u00e9 de New South Wales, en Australie.<\/span><\/p>\t\t\t\t\t\t\t\t<\/div>\n\t\t\t\t<\/div>\n\t\t\t\t\t<\/div>\n\t\t<\/div>\n\t\t\t\t<div class=\"elementor-column elementor-col-66 elementor-top-column elementor-element elementor-element-45dd5df\" data-id=\"45dd5df\" data-element_type=\"column\" data-e-type=\"column\">\n\t\t\t<div class=\"elementor-widget-wrap elementor-element-populated\">\n\t\t\t\t\t\t<div class=\"elementor-element elementor-element-5db0905 elementor-widget elementor-widget-image\" data-id=\"5db0905\" data-element_type=\"widget\" data-e-type=\"widget\" data-widget_type=\"image.default\">\n\t\t\t\t<div class=\"elementor-widget-container\">\n\t\t\t\t\t\t\t\t\t\t\t\t\t\t\t<img width=\"200\" height=\"200\" class=\"attachment-medium size-medium wp-image-9984 lazy\" alt=\"\" data-src=\"https:\/\/globalcitieshub.org\/wp-content\/uploads\/2021\/02\/img1.png\" data-lazy=\"https:\/\/globalcitieshub.org\/wp-content\/uploads\/2021\/02\/img1.png\" \/>\t\t\t\t\t\t\t\t\t\t\t\t\t\t\t<\/div>\n\t\t\t\t<\/div>\n\t\t\t\t<div class=\"elementor-element elementor-element-fe28519 elementor-widget elementor-widget-section_titleleft\" data-id=\"fe28519\" data-element_type=\"widget\" data-e-type=\"widget\" data-widget_type=\"section_titleleft.default\">\n\t\t\t\t<div class=\"elementor-widget-container\">\n\t\t\t\t\t        <div class=\"ab_text-title fl-wrap\">\r\n            <h3>KAMELIA KEMILEVA<\/h3><h4>Co-Directrice, Programmes et Administration<\/h4><span class=\"section-separator fl-sec-sep\"><\/span>        <\/div>\r\n        \t\t\t\t<\/div>\n\t\t\t\t<\/div>\n\t\t\t\t<div class=\"elementor-element elementor-element-2e1c7ae about-wrap elementor-widget elementor-widget-text-editor\" data-id=\"2e1c7ae\" data-element_type=\"widget\" data-e-type=\"widget\" data-widget_type=\"text-editor.default\">\n\t\t\t\t<div class=\"elementor-widget-container\">\n\t\t\t\t\t\t\t\t\t<p><span style=\"color: #000000;\">Kamelia, titulaire d'un MBA, poss\u00e8de une exp\u00e9rience approfondie de la gestion d'organisations \u00e0 but non lucratif. Elle est juriste, sp\u00e9cialis\u00e9e en droit suisse relatif aux organisations internationales, ainsi qu\u2019en droit international public, notamment en ce qui concerne l\u2019ONU. Kamelia <\/span><span style=\"color: #000000;\">a \u00e9galement une exp\u00e9rience directe de la diplomatie et de la n\u00e9gociation multilat\u00e9rales.<\/span><\/p>\n<p><span style=\"color: #000000;\">Avant de rejoindre le Global Cities Hub, Kamelia a \u00e9t\u00e9 Directrice ex\u00e9cutive de la Geneva Academy. Elle a \u00e9galement travaill\u00e9 comme Assistante sp\u00e9ciale du Pr\u00e9sident du Conseil des droits de l'homme. Elle a \u00e9t\u00e9 Directrice de programme invit\u00e9e \u00e0 Wilton Park. Auparavant, elle a travaill\u00e9 \u00e0 la Mission permanente de la Suisse aupr\u00e8s de l'ONU \u00e0 Gen\u00e8ve.<\/span><\/p>\n<p><span style=\"color: #000000;\">Avant de rejoindre le secteur public, Kamelia a travaill\u00e9 pendant deux ans dans une banque priv\u00e9e bas\u00e9e \u00e0 Gen\u00e8ve, en tant que compliance officer. Elle est consultante senior chez AxLR.ch.<\/span><\/p>\t\t\t\t\t\t\t\t<\/div>\n\t\t\t\t<\/div>\n\t\t\t\t\t<\/div>\n\t\t<\/div>\n\t\t\t\t\t<\/div>\n\t\t<\/section>\n\t\t\t\t<section class=\"elementor-section elementor-top-section elementor-element elementor-element-7368ed1 elementor-section-boxed elementor-section-height-default elementor-section-height-default\" data-id=\"7368ed1\" data-element_type=\"section\" data-e-type=\"section\">\n\t\t\t\t\t\t<div class=\"elementor-container elementor-column-gap-default\">\n\t\t\t\t\t<div class=\"elementor-column elementor-col-50 elementor-top-column elementor-element elementor-element-199e5dd\" data-id=\"199e5dd\" data-element_type=\"column\" data-e-type=\"column\">\n\t\t\t<div class=\"elementor-widget-wrap elementor-element-populated\">\n\t\t\t\t\t\t<div class=\"elementor-element elementor-element-b7ec7ec elementor-widget elementor-widget-image\" data-id=\"b7ec7ec\" data-element_type=\"widget\" data-e-type=\"widget\" data-widget_type=\"image.default\">\n\t\t\t\t<div class=\"elementor-widget-container\">\n\t\t\t\t\t\t\t\t\t\t\t\t\t\t\t<img decoding=\"async\" src=\"https:\/\/globalcitieshub.org\/wp-content\/uploads\/elementor\/thumbs\/Andras-Szorenyi-portre-GCH-e1695642441609-qap83ykllhldu2qpzhbx6n7pqshs93vii7y3ib2bio.jpg\" title=\"Andras Szorenyi portre GCH\" alt=\"Andras Szorenyi portre GCH\" loading=\"lazy\" \/>\t\t\t\t\t\t\t\t\t\t\t\t\t\t\t<\/div>\n\t\t\t\t<\/div>\n\t\t\t\t<div class=\"elementor-element elementor-element-4ff43ff elementor-widget elementor-widget-section_titleleft\" data-id=\"4ff43ff\" data-element_type=\"widget\" data-e-type=\"widget\" data-widget_type=\"section_titleleft.default\">\n\t\t\t\t<div class=\"elementor-widget-container\">\n\t\t\t\t\t        <div class=\"ab_text-title fl-wrap\">\r\n            <h3>ANDR\u00c1S SZ\u00d6R\u00c9NYI<\/h3><h4>Senior Policy Advisor<\/h4><span class=\"section-separator fl-sec-sep\"><\/span>        <\/div>\r\n        \t\t\t\t<\/div>\n\t\t\t\t<\/div>\n\t\t\t\t<div class=\"elementor-element elementor-element-acbd640 about-wrap elementor-widget elementor-widget-text-editor\" data-id=\"acbd640\" data-element_type=\"widget\" data-e-type=\"widget\" data-widget_type=\"text-editor.default\">\n\t\t\t\t<div class=\"elementor-widget-container\">\n\t\t\t\t\t\t\t\t\t<p><span style=\"color: #000000;\">Andr\u00e1s a rejoint le Global Cities Hub apr\u00e8s 20 ans d'une brillante carri\u00e8re diplomatique. Il a occup\u00e9 diff\u00e9rents postes \u00e0 Bruxelles, Washington D.C. et Gen\u00e8ve, travaillant avec l\u2019ONU et d'autres organisations internationales. Il poss\u00e8de une exp\u00e9rience directe de la n\u00e9gociation au sein de l'Union europ\u00e9enne et de l\u2019ONU, ainsi que de la conception et de la mise en \u0153uvre d'initiatives diplomatiques sur un large \u00e9ventail de questions.<\/span><\/p><p style=\"font-size: 16px; text-align: left;\"><span style=\"color: #000000;\">Il s'est particuli\u00e8rement int\u00e9ress\u00e9 \u00e0 l'influence croissante des acteurs non \u00e9tatiques sur le d\u00e9veloppement des relations internationales, dans le cadre de son doctorat.<\/span><\/p><p style=\"font-size: 16px; text-align: left;\"><span style=\"color: #000000;\">Andr\u00e1s est titulaire d'un Doctorat en \u00e9conomie internationale de l'universit\u00e9 Corvinus, d'un Dipl\u00f4me en \u00e9tudes avanc\u00e9es en sciences politiques compar\u00e9es de Sciences Po Paris et d'un Master en relations internationales de l'Universit\u00e9 d'\u00e9conomie de Budapest.<\/span><\/p>\t\t\t\t\t\t\t\t<\/div>\n\t\t\t\t<\/div>\n\t\t\t\t\t<\/div>\n\t\t<\/div>\n\t\t\t\t<div class=\"elementor-column elementor-col-50 elementor-top-column elementor-element elementor-element-1bcebe5\" data-id=\"1bcebe5\" data-element_type=\"column\" data-e-type=\"column\">\n\t\t\t<div class=\"elementor-widget-wrap elementor-element-populated\">\n\t\t\t\t\t\t<div class=\"elementor-element elementor-element-7998ba8 elementor-widget elementor-widget-image\" data-id=\"7998ba8\" data-element_type=\"widget\" data-e-type=\"widget\" data-widget_type=\"image.default\">\n\t\t\t\t<div class=\"elementor-widget-container\">\n\t\t\t\t\t\t\t\t\t\t\t\t\t\t\t<img decoding=\"async\" src=\"https:\/\/globalcitieshub.org\/wp-content\/uploads\/elementor\/thumbs\/SimoneSessolo_propicb-qap83ykllhldu2qpzhbx6n7pqshs93vii7y3ib2bio.jpg\" title=\"SimoneSessolo_propic(b)\" alt=\"SimoneSessolo_propic(b)\" loading=\"lazy\" \/>\t\t\t\t\t\t\t\t\t\t\t\t\t\t\t<\/div>\n\t\t\t\t<\/div>\n\t\t\t\t<div class=\"elementor-element elementor-element-fafdc7a elementor-widget elementor-widget-section_titleleft\" data-id=\"fafdc7a\" data-element_type=\"widget\" data-e-type=\"widget\" data-widget_type=\"section_titleleft.default\">\n\t\t\t\t<div class=\"elementor-widget-container\">\n\t\t\t\t\t        <div class=\"ab_text-title fl-wrap\">\r\n            <h3>SIMONE SESSOLO<\/h3><h4>Coordinateur des \u00e9v\u00e9nements et de la communication<\/h4><span class=\"section-separator fl-sec-sep\"><\/span>        <\/div>\r\n        \t\t\t\t<\/div>\n\t\t\t\t<\/div>\n\t\t\t\t<div class=\"elementor-element elementor-element-b1766c6 about-wrap elementor-widget elementor-widget-text-editor\" data-id=\"b1766c6\" data-element_type=\"widget\" data-e-type=\"widget\" data-widget_type=\"text-editor.default\">\n\t\t\t\t<div class=\"elementor-widget-container\">\n\t\t\t\t\t\t\t\t\t<p><span style=\"color: #000000;\">Simone est titulaire d'un Master en \u00e9tudes sur la paix et les conflits de l'Universit\u00e9 d'Oslo. <\/span><\/p><p><span style=\"color: #000000;\">Avant de rejoindre le Global Cities Hub, il a \u00e9t\u00e9 Assistant de recherche \u00e0 l'Universit\u00e9 d'Oslo, travaillant au Centre de recherche sur l'extr\u00e9misme (C-REX) sur la violence politique de droite et le terrorisme en Europe occidentale. En outre, il a recueilli des donn\u00e9es pour plusieurs projets :  \"Socially Distanced Solidarity\" au C-REX, ainsi que \"The Emergence, Life, and Demise of Autocratic Regimes\" et \"Policies of Dictatorships\" au d\u00e9partement de sciences politiques. <\/span><\/p><p><span style=\"color: #000000;\">Auparavant, Simone a \u00e9t\u00e9 stagiaire au Peace Research Institute Oslo (PRIO) et au Geneva Environment Network, o\u00f9 il a travaill\u00e9 sur les m\u00e9dias sociaux et l'organisation d'\u00e9v\u00e9nements.<\/span><\/p>\t\t\t\t\t\t\t\t<\/div>\n\t\t\t\t<\/div>\n\t\t\t\t\t<\/div>\n\t\t<\/div>\n\t\t\t\t\t<\/div>\n\t\t<\/section>\n\t\t\t\t<\/div>","protected":false},"excerpt":{"rendered":"<p>ANH THU DUONG Codirectrice, Politique et partenariats Avant de rejoindre le Global Cities Hub, Anh Thu a travaill\u00e9 15 ans au D\u00e9partement f\u00e9d\u00e9ral suisse des affaires \u00e9trang\u00e8res (DFAE), o\u00f9 elle a contribu\u00e9 \u00e0 l'engagement multilat\u00e9ral de la Suisse aupr\u00e8s des Nations Unies et d'autres organisations internationales.  Elle poss\u00e8de une grande expertise diplomatique multilat\u00e9rale et de solides comp\u00e9tences en mati\u00e8re de ... <\/p>","protected":false},"author":1,"featured_media":0,"parent":0,"menu_order":0,"comment_status":"closed","ping_status":"closed","template":"page-fullwidth.php","meta":{"_monsterinsights_skip_tracking":false,"_monsterinsights_sitenote_active":false,"_monsterinsights_sitenote_note":"","_monsterinsights_sitenote_category":0,"footnotes":""},"class_list":["post-9764","page","type-page","status-publish","hentry"],"yoast_head":"<!-- This site is optimized with the Yoast SEO plugin v27.3 - https:\/\/yoast.com\/product\/yoast-seo-wordpress\/ -->\n<title>The Team - Global Cities Hub<\/title>\n<meta name=\"robots\" content=\"index, follow, max-snippet:-1, max-image-preview:large, max-video-preview:-1\" \/>\n<link rel=\"canonical\" href=\"https:\/\/globalcitieshub.org\/fr\/the-team\/\" \/>\n<meta property=\"og:locale\" content=\"fr_FR\" \/>\n<meta property=\"og:type\" content=\"article\" \/>\n<meta property=\"og:title\" content=\"The Team - Global Cities Hub\" \/>\n<meta property=\"og:description\" content=\"ANH THU DUONG Co-Director, Policy and Partnerships Before joining the Global Cities Hub, Anh Thu worked 15 years at the Swiss Federal Department of Foreign Affairs (FDFA), where she contributed to the multilateral engagement of Switzerland with the United Nations and other International Organizations.\u00a0 She has extensive diplomatic multilateral expertise and robust negotiation skills in &hellip;\" \/>\n<meta property=\"og:url\" content=\"https:\/\/globalcitieshub.org\/fr\/the-team\/\" \/>\n<meta property=\"og:site_name\" content=\"Global Cities Hub\" \/>\n<meta property=\"article:modified_time\" content=\"2026-01-07T10:07:20+00:00\" \/>\n<meta property=\"og:image\" content=\"https:\/\/globalcitieshub.org\/wp-content\/uploads\/2021\/02\/img2.png\" \/>\n<meta name=\"twitter:card\" content=\"summary_large_image\" \/>\n<meta name=\"twitter:site\" content=\"@genevacitieshub\" \/>\n<meta name=\"twitter:label1\" content=\"Dur\u00e9e de lecture estim\u00e9e\" \/>\n\t<meta name=\"twitter:data1\" content=\"4 minutes\" \/>\n<script type=\"application\/ld+json\" class=\"yoast-schema-graph\">{\"@context\":\"https:\\\/\\\/schema.org\",\"@graph\":[{\"@type\":\"WebPage\",\"@id\":\"https:\\\/\\\/globalcitieshub.org\\\/fr\\\/the-team\\\/\",\"url\":\"https:\\\/\\\/globalcitieshub.org\\\/fr\\\/the-team\\\/\",\"name\":\"The Team - Global Cities Hub\",\"isPartOf\":{\"@id\":\"https:\\\/\\\/globalcitieshub.org\\\/fr\\\/#website\"},\"primaryImageOfPage\":{\"@id\":\"https:\\\/\\\/globalcitieshub.org\\\/fr\\\/the-team\\\/#primaryimage\"},\"image\":{\"@id\":\"https:\\\/\\\/globalcitieshub.org\\\/fr\\\/the-team\\\/#primaryimage\"},\"thumbnailUrl\":\"https:\\\/\\\/globalcitieshub.org\\\/wp-content\\\/uploads\\\/2021\\\/02\\\/img2.png\",\"datePublished\":\"2021-02-05T12:59:36+00:00\",\"dateModified\":\"2026-01-07T10:07:20+00:00\",\"inLanguage\":\"fr-FR\",\"potentialAction\":[{\"@type\":\"ReadAction\",\"target\":[\"https:\\\/\\\/globalcitieshub.org\\\/fr\\\/the-team\\\/\"]}]},{\"@type\":\"ImageObject\",\"inLanguage\":\"fr-FR\",\"@id\":\"https:\\\/\\\/globalcitieshub.org\\\/fr\\\/the-team\\\/#primaryimage\",\"url\":\"https:\\\/\\\/globalcitieshub.org\\\/wp-content\\\/uploads\\\/2021\\\/02\\\/img2.png\",\"contentUrl\":\"https:\\\/\\\/globalcitieshub.org\\\/wp-content\\\/uploads\\\/2021\\\/02\\\/img2.png\"},{\"@type\":\"WebSite\",\"@id\":\"https:\\\/\\\/globalcitieshub.org\\\/fr\\\/#website\",\"url\":\"https:\\\/\\\/globalcitieshub.org\\\/fr\\\/\",\"name\":\"Global Cities Hub\",\"description\":\"Connecting local and regional governments to the United Nations and other  international organizations\",\"publisher\":{\"@id\":\"https:\\\/\\\/globalcitieshub.org\\\/fr\\\/#organization\"},\"potentialAction\":[{\"@type\":\"SearchAction\",\"target\":{\"@type\":\"EntryPoint\",\"urlTemplate\":\"https:\\\/\\\/globalcitieshub.org\\\/fr\\\/?s={search_term_string}\"},\"query-input\":{\"@type\":\"PropertyValueSpecification\",\"valueRequired\":true,\"valueName\":\"search_term_string\"}}],\"inLanguage\":\"fr-FR\"},{\"@type\":\"Organization\",\"@id\":\"https:\\\/\\\/globalcitieshub.org\\\/fr\\\/#organization\",\"name\":\"Global Cities Hub\",\"url\":\"https:\\\/\\\/globalcitieshub.org\\\/fr\\\/\",\"logo\":{\"@type\":\"ImageObject\",\"inLanguage\":\"fr-FR\",\"@id\":\"https:\\\/\\\/globalcitieshub.org\\\/fr\\\/#\\\/schema\\\/logo\\\/image\\\/\",\"url\":\"https:\\\/\\\/globalcitieshub.org\\\/wp-content\\\/uploads\\\/2023\\\/09\\\/230829_Logo_Global_Cities_Hub_Couleur_fond-blanc_RVB.png\",\"contentUrl\":\"https:\\\/\\\/globalcitieshub.org\\\/wp-content\\\/uploads\\\/2023\\\/09\\\/230829_Logo_Global_Cities_Hub_Couleur_fond-blanc_RVB.png\",\"width\":2544,\"height\":1446,\"caption\":\"Global Cities Hub\"},\"image\":{\"@id\":\"https:\\\/\\\/globalcitieshub.org\\\/fr\\\/#\\\/schema\\\/logo\\\/image\\\/\"},\"sameAs\":[\"https:\\\/\\\/x.com\\\/genevacitieshub\"]}]}<\/script>\n<!-- \/ Yoast SEO plugin. -->","yoast_head_json":{"title":"L'\u00e9quipe - Global Cities Hub","robots":{"index":"index","follow":"follow","max-snippet":"max-snippet:-1","max-image-preview":"max-image-preview:large","max-video-preview":"max-video-preview:-1"},"canonical":"https:\/\/globalcitieshub.org\/fr\/the-team\/","og_locale":"fr_FR","og_type":"article","og_title":"The Team - Global Cities Hub","og_description":"ANH THU DUONG Co-Director, Policy and Partnerships Before joining the Global Cities Hub, Anh Thu worked 15 years at the Swiss Federal Department of Foreign Affairs (FDFA), where she contributed to the multilateral engagement of Switzerland with the United Nations and other International Organizations.\u00a0 She has extensive diplomatic multilateral expertise and robust negotiation skills in &hellip;","og_url":"https:\/\/globalcitieshub.org\/fr\/the-team\/","og_site_name":"Global Cities Hub","article_modified_time":"2026-01-07T10:07:20+00:00","og_image":[{"url":"https:\/\/globalcitieshub.org\/wp-content\/uploads\/2021\/02\/img2.png","type":"","width":"","height":""}],"twitter_card":"summary_large_image","twitter_site":"@genevacitieshub","twitter_misc":{"Dur\u00e9e de lecture estim\u00e9e":"4 minutes"},"schema":{"@context":"https:\/\/schema.org","@graph":[{"@type":"WebPage","@id":"https:\/\/globalcitieshub.org\/fr\/the-team\/","url":"https:\/\/globalcitieshub.org\/fr\/the-team\/","name":"L'\u00e9quipe - Global Cities Hub","isPartOf":{"@id":"https:\/\/globalcitieshub.org\/fr\/#website"},"primaryImageOfPage":{"@id":"https:\/\/globalcitieshub.org\/fr\/the-team\/#primaryimage"},"image":{"@id":"https:\/\/globalcitieshub.org\/fr\/the-team\/#primaryimage"},"thumbnailUrl":"https:\/\/globalcitieshub.org\/wp-content\/uploads\/2021\/02\/img2.png","datePublished":"2021-02-05T12:59:36+00:00","dateModified":"2026-01-07T10:07:20+00:00","inLanguage":"fr-FR","potentialAction":[{"@type":"ReadAction","target":["https:\/\/globalcitieshub.org\/fr\/the-team\/"]}]},{"@type":"ImageObject","inLanguage":"fr-FR","@id":"https:\/\/globalcitieshub.org\/fr\/the-team\/#primaryimage","url":"https:\/\/globalcitieshub.org\/wp-content\/uploads\/2021\/02\/img2.png","contentUrl":"https:\/\/globalcitieshub.org\/wp-content\/uploads\/2021\/02\/img2.png"},{"@type":"WebSite","@id":"https:\/\/globalcitieshub.org\/fr\/#website","url":"https:\/\/globalcitieshub.org\/fr\/","name":"Global Cities Hub","description":"Relier les gouvernements locaux et r\u00e9gionaux aux Nations unies et \u00e0 d'autres organisations internationales","publisher":{"@id":"https:\/\/globalcitieshub.org\/fr\/#organization"},"potentialAction":[{"@type":"SearchAction","target":{"@type":"EntryPoint","urlTemplate":"https:\/\/globalcitieshub.org\/fr\/?s={search_term_string}"},"query-input":{"@type":"PropertyValueSpecification","valueRequired":true,"valueName":"search_term_string"}}],"inLanguage":"fr-FR"},{"@type":"Organization","@id":"https:\/\/globalcitieshub.org\/fr\/#organization","name":"Global Cities Hub","url":"https:\/\/globalcitieshub.org\/fr\/","logo":{"@type":"ImageObject","inLanguage":"fr-FR","@id":"https:\/\/globalcitieshub.org\/fr\/#\/schema\/logo\/image\/","url":"https:\/\/globalcitieshub.org\/wp-content\/uploads\/2023\/09\/230829_Logo_Global_Cities_Hub_Couleur_fond-blanc_RVB.png","contentUrl":"https:\/\/globalcitieshub.org\/wp-content\/uploads\/2023\/09\/230829_Logo_Global_Cities_Hub_Couleur_fond-blanc_RVB.png","width":2544,"height":1446,"caption":"Global Cities Hub"},"image":{"@id":"https:\/\/globalcitieshub.org\/fr\/#\/schema\/logo\/image\/"},"sameAs":["https:\/\/x.com\/genevacitieshub"]}]}},"_links":{"self":[{"href":"https:\/\/globalcitieshub.org\/fr\/wp-json\/wp\/v2\/pages\/9764","targetHints":{"allow":["GET"]}}],"collection":[{"href":"https:\/\/globalcitieshub.org\/fr\/wp-json\/wp\/v2\/pages"}],"about":[{"href":"https:\/\/globalcitieshub.org\/fr\/wp-json\/wp\/v2\/types\/page"}],"author":[{"embeddable":true,"href":"https:\/\/globalcitieshub.org\/fr\/wp-json\/wp\/v2\/users\/1"}],"replies":[{"embeddable":true,"href":"https:\/\/globalcitieshub.org\/fr\/wp-json\/wp\/v2\/comments?post=9764"}],"version-history":[{"count":291,"href":"https:\/\/globalcitieshub.org\/fr\/wp-json\/wp\/v2\/pages\/9764\/revisions"}],"predecessor-version":[{"id":26531,"href":"https:\/\/globalcitieshub.org\/fr\/wp-json\/wp\/v2\/pages\/9764\/revisions\/26531"}],"wp:attachment":[{"href":"https:\/\/globalcitieshub.org\/fr\/wp-json\/wp\/v2\/media?parent=9764"}],"curies":[{"name":"wp","href":"https:\/\/api.w.org\/{rel}","templated":true}]}}