{"id":9732,"date":"2021-02-04T07:09:15","date_gmt":"2021-02-04T07:09:15","guid":{"rendered":"https:\/\/gch.dev-bulbera.com\/?page_id=9732"},"modified":"2021-04-08T08:42:43","modified_gmt":"2021-04-08T08:42:43","slug":"water-and-sanitation","status":"publish","type":"page","link":"https:\/\/globalcitieshub.org\/fr\/water-and-sanitation\/","title":{"rendered":"Eau et assainissement"},"content":{"rendered":"<div data-elementor-type=\"wp-page\" data-elementor-id=\"9732\" class=\"elementor elementor-9732\">\n\t\t\t\t\t\t<section class=\"elementor-section elementor-top-section elementor-element elementor-element-ce64e32 elementor-section-boxed elementor-section-height-default elementor-section-height-default\" data-id=\"ce64e32\" data-element_type=\"section\" data-e-type=\"section\">\n\t\t\t\t\t\t<div class=\"elementor-container elementor-column-gap-default\">\n\t\t\t\t\t<div class=\"elementor-column elementor-col-100 elementor-top-column elementor-element elementor-element-a270a71\" data-id=\"a270a71\" data-element_type=\"column\" data-e-type=\"column\">\n\t\t\t<div class=\"elementor-widget-wrap elementor-element-populated\">\n\t\t\t\t\t\t<div class=\"elementor-element elementor-element-fcab0b2 elementor-widget elementor-widget-listings_grid_new\" data-id=\"fcab0b2\" data-element_type=\"widget\" data-e-type=\"widget\" data-widget_type=\"listings_grid_new.default\">\n\t\t\t\t<div class=\"elementor-widget-container\">\n\t\t\t\t\t        <!-- carousel -->\r\n        <div class=\"listings-grid-wrap clearfix three-cols\">\r\n\r\n\r\n                <!-- list-main-wrap-->\r\n                <div class=\"list-main-wrap fl-wrap card-listing cthiso-isotope-wrapper\">\r\n\r\n                    <div class=\"container\">\r\n                        <div class=\"row\">\r\n\r\n                            <div class=\"col-md-12\">\r\n\r\n                                \r\n                                <div class=\"cthiso-items cthiso-small-pad cthiso-three-cols clearfix cthiso-flexes\">\r\n                                    <div class=\"cthiso-sizer\"><\/div>\r\n                                    <div class=\"no-results-search\">\r\n\t<h2>Pas de r\u00e9sultats<\/h2>\r\n\t<p>Il n'y a pas d'annonces correspondant \u00e0 votre recherche.<\/p>\r\n\t<p>Essayez de modifier vos filtres de recherche ou <a href=\"https:\/\/globalcitieshub.org\/fr\/wp-json\/wp\/v2\/pages\/9732\" class=\"reset-filter-link\">R\u00e9initialiser le filtre<\/a><\/p>\r\n<\/div>                                <\/div>\r\n                                                                <div class=\"view-all-listings\"><a href=\"https:\/\/globalcitieshub.org\/fr\/listing\/\"  class=\"btn  dec_btn  color2-bg\">D\u00e9couvrez toutes les annonces<i class=\"fal fa-arrow-alt-right\"><\/i><\/a><\/div>\r\n                            <\/div>\r\n                            <!-- end col-md-12 -->\r\n                        <\/div>\r\n                        <!-- end row -->\r\n                    <\/div>\r\n                    <!-- end container -->\r\n                <\/div>\r\n                <!-- list-main-wrap end-->\r\n\r\n        <\/div>\r\n        <!--  listings-grid-wrap end-->\r\n\r\n        \r\n                \t\t\t\t<\/div>\n\t\t\t\t<\/div>\n\t\t\t\t\t<\/div>\n\t\t<\/div>\n\t\t\t\t\t<\/div>\n\t\t<\/section>\n\t\t\t\t<\/div>","protected":false},"excerpt":{"rendered":"<p>Aucun r\u00e9sultat Il n'y a pas d'annonces correspondant \u00e0 votre recherche. Essayez de modifier vos filtres de recherche ou R\u00e9initialiser le filtre Consulter toutes les annonces<\/p>","protected":false},"author":1,"featured_media":0,"parent":10456,"menu_order":0,"comment_status":"closed","ping_status":"closed","template":"","meta":{"_monsterinsights_skip_tracking":false,"_monsterinsights_sitenote_active":false,"_monsterinsights_sitenote_note":"","_monsterinsights_sitenote_category":0,"footnotes":""},"class_list":["post-9732","page","type-page","status-publish","hentry"],"yoast_head":"<!-- This site is optimized with the Yoast SEO plugin v27.5 - https:\/\/yoast.com\/product\/yoast-seo-wordpress\/ -->\n<title>Water and Sanitation - Global Cities Hub<\/title>\n<meta name=\"robots\" content=\"index, follow, max-snippet:-1, max-image-preview:large, max-video-preview:-1\" \/>\n<link rel=\"canonical\" href=\"https:\/\/globalcitieshub.org\/fr\/water-and-sanitation\/\" \/>\n<meta property=\"og:locale\" content=\"fr_FR\" \/>\n<meta property=\"og:type\" content=\"article\" \/>\n<meta property=\"og:title\" content=\"Water and Sanitation - Global Cities Hub\" \/>\n<meta property=\"og:description\" content=\"No Results There are no listings matching your search. Try changing your search filters or Reset Filter Check Out All Listings\" \/>\n<meta property=\"og:url\" content=\"https:\/\/globalcitieshub.org\/fr\/water-and-sanitation\/\" \/>\n<meta property=\"og:site_name\" content=\"Global Cities Hub\" \/>\n<meta property=\"article:modified_time\" content=\"2021-04-08T08:42:43+00:00\" \/>\n<meta name=\"twitter:card\" content=\"summary_large_image\" \/>\n<meta name=\"twitter:site\" content=\"@genevacitieshub\" \/>\n<meta name=\"twitter:label1\" content=\"Dur\u00e9e de lecture estim\u00e9e\" \/>\n\t<meta name=\"twitter:data1\" content=\"1 minute\" \/>\n<script type=\"application\/ld+json\" class=\"yoast-schema-graph\">{\"@context\":\"https:\\\/\\\/schema.org\",\"@graph\":[{\"@type\":\"WebPage\",\"@id\":\"https:\\\/\\\/globalcitieshub.org\\\/fr\\\/water-and-sanitation\\\/\",\"url\":\"https:\\\/\\\/globalcitieshub.org\\\/fr\\\/water-and-sanitation\\\/\",\"name\":\"Water and Sanitation - Global Cities Hub\",\"isPartOf\":{\"@id\":\"https:\\\/\\\/globalcitieshub.org\\\/fr\\\/#website\"},\"datePublished\":\"2021-02-04T07:09:15+00:00\",\"dateModified\":\"2021-04-08T08:42:43+00:00\",\"breadcrumb\":{\"@id\":\"https:\\\/\\\/globalcitieshub.org\\\/fr\\\/water-and-sanitation\\\/#breadcrumb\"},\"inLanguage\":\"fr-FR\",\"potentialAction\":[{\"@type\":\"ReadAction\",\"target\":[\"https:\\\/\\\/globalcitieshub.org\\\/fr\\\/water-and-sanitation\\\/\"]}]},{\"@type\":\"BreadcrumbList\",\"@id\":\"https:\\\/\\\/globalcitieshub.org\\\/fr\\\/water-and-sanitation\\\/#breadcrumb\",\"itemListElement\":[{\"@type\":\"ListItem\",\"position\":1,\"name\":\"Mapping\",\"item\":\"https:\\\/\\\/globalcitieshub.org\\\/en\\\/mapping\\\/\"},{\"@type\":\"ListItem\",\"position\":2,\"name\":\"Water and Sanitation\"}]},{\"@type\":\"WebSite\",\"@id\":\"https:\\\/\\\/globalcitieshub.org\\\/fr\\\/#website\",\"url\":\"https:\\\/\\\/globalcitieshub.org\\\/fr\\\/\",\"name\":\"Global Cities Hub\",\"description\":\"Connecting local and regional governments to the United Nations and other  international organizations\",\"publisher\":{\"@id\":\"https:\\\/\\\/globalcitieshub.org\\\/fr\\\/#organization\"},\"potentialAction\":[{\"@type\":\"SearchAction\",\"target\":{\"@type\":\"EntryPoint\",\"urlTemplate\":\"https:\\\/\\\/globalcitieshub.org\\\/fr\\\/?s={search_term_string}\"},\"query-input\":{\"@type\":\"PropertyValueSpecification\",\"valueRequired\":true,\"valueName\":\"search_term_string\"}}],\"inLanguage\":\"fr-FR\"},{\"@type\":\"Organization\",\"@id\":\"https:\\\/\\\/globalcitieshub.org\\\/fr\\\/#organization\",\"name\":\"Global Cities Hub\",\"url\":\"https:\\\/\\\/globalcitieshub.org\\\/fr\\\/\",\"logo\":{\"@type\":\"ImageObject\",\"inLanguage\":\"fr-FR\",\"@id\":\"https:\\\/\\\/globalcitieshub.org\\\/fr\\\/#\\\/schema\\\/logo\\\/image\\\/\",\"url\":\"https:\\\/\\\/globalcitieshub.org\\\/wp-content\\\/uploads\\\/2023\\\/09\\\/230829_Logo_Global_Cities_Hub_Couleur_fond-blanc_RVB.png\",\"contentUrl\":\"https:\\\/\\\/globalcitieshub.org\\\/wp-content\\\/uploads\\\/2023\\\/09\\\/230829_Logo_Global_Cities_Hub_Couleur_fond-blanc_RVB.png\",\"width\":2544,\"height\":1446,\"caption\":\"Global Cities Hub\"},\"image\":{\"@id\":\"https:\\\/\\\/globalcitieshub.org\\\/fr\\\/#\\\/schema\\\/logo\\\/image\\\/\"},\"sameAs\":[\"https:\\\/\\\/x.com\\\/genevacitieshub\"]}]}<\/script>\n<!-- \/ Yoast SEO plugin. -->","yoast_head_json":{"title":"Eau et assainissement - Global Cities Hub","robots":{"index":"index","follow":"follow","max-snippet":"max-snippet:-1","max-image-preview":"max-image-preview:large","max-video-preview":"max-video-preview:-1"},"canonical":"https:\/\/globalcitieshub.org\/fr\/water-and-sanitation\/","og_locale":"fr_FR","og_type":"article","og_title":"Water and Sanitation - Global Cities Hub","og_description":"No Results There are no listings matching your search. Try changing your search filters or Reset Filter Check Out All Listings","og_url":"https:\/\/globalcitieshub.org\/fr\/water-and-sanitation\/","og_site_name":"Global Cities Hub","article_modified_time":"2021-04-08T08:42:43+00:00","twitter_card":"summary_large_image","twitter_site":"@genevacitieshub","twitter_misc":{"Dur\u00e9e de lecture estim\u00e9e":"1 minute"},"schema":{"@context":"https:\/\/schema.org","@graph":[{"@type":"WebPage","@id":"https:\/\/globalcitieshub.org\/fr\/water-and-sanitation\/","url":"https:\/\/globalcitieshub.org\/fr\/water-and-sanitation\/","name":"Eau et assainissement - Global Cities Hub","isPartOf":{"@id":"https:\/\/globalcitieshub.org\/fr\/#website"},"datePublished":"2021-02-04T07:09:15+00:00","dateModified":"2021-04-08T08:42:43+00:00","breadcrumb":{"@id":"https:\/\/globalcitieshub.org\/fr\/water-and-sanitation\/#breadcrumb"},"inLanguage":"fr-FR","potentialAction":[{"@type":"ReadAction","target":["https:\/\/globalcitieshub.org\/fr\/water-and-sanitation\/"]}]},{"@type":"BreadcrumbList","@id":"https:\/\/globalcitieshub.org\/fr\/water-and-sanitation\/#breadcrumb","itemListElement":[{"@type":"ListItem","position":1,"name":"Mapping","item":"https:\/\/globalcitieshub.org\/en\/mapping\/"},{"@type":"ListItem","position":2,"name":"Water and Sanitation"}]},{"@type":"WebSite","@id":"https:\/\/globalcitieshub.org\/fr\/#website","url":"https:\/\/globalcitieshub.org\/fr\/","name":"Global Cities Hub","description":"Relier les gouvernements locaux et r\u00e9gionaux aux Nations unies et \u00e0 d'autres organisations internationales","publisher":{"@id":"https:\/\/globalcitieshub.org\/fr\/#organization"},"potentialAction":[{"@type":"SearchAction","target":{"@type":"EntryPoint","urlTemplate":"https:\/\/globalcitieshub.org\/fr\/?s={search_term_string}"},"query-input":{"@type":"PropertyValueSpecification","valueRequired":true,"valueName":"search_term_string"}}],"inLanguage":"fr-FR"},{"@type":"Organization","@id":"https:\/\/globalcitieshub.org\/fr\/#organization","name":"Global Cities Hub","url":"https:\/\/globalcitieshub.org\/fr\/","logo":{"@type":"ImageObject","inLanguage":"fr-FR","@id":"https:\/\/globalcitieshub.org\/fr\/#\/schema\/logo\/image\/","url":"https:\/\/globalcitieshub.org\/wp-content\/uploads\/2023\/09\/230829_Logo_Global_Cities_Hub_Couleur_fond-blanc_RVB.png","contentUrl":"https:\/\/globalcitieshub.org\/wp-content\/uploads\/2023\/09\/230829_Logo_Global_Cities_Hub_Couleur_fond-blanc_RVB.png","width":2544,"height":1446,"caption":"Global Cities Hub"},"image":{"@id":"https:\/\/globalcitieshub.org\/fr\/#\/schema\/logo\/image\/"},"sameAs":["https:\/\/x.com\/genevacitieshub"]}]}},"_links":{"self":[{"href":"https:\/\/globalcitieshub.org\/fr\/wp-json\/wp\/v2\/pages\/9732","targetHints":{"allow":["GET"]}}],"collection":[{"href":"https:\/\/globalcitieshub.org\/fr\/wp-json\/wp\/v2\/pages"}],"about":[{"href":"https:\/\/globalcitieshub.org\/fr\/wp-json\/wp\/v2\/types\/page"}],"author":[{"embeddable":true,"href":"https:\/\/globalcitieshub.org\/fr\/wp-json\/wp\/v2\/users\/1"}],"replies":[{"embeddable":true,"href":"https:\/\/globalcitieshub.org\/fr\/wp-json\/wp\/v2\/comments?post=9732"}],"version-history":[{"count":5,"href":"https:\/\/globalcitieshub.org\/fr\/wp-json\/wp\/v2\/pages\/9732\/revisions"}],"predecessor-version":[{"id":10555,"href":"https:\/\/globalcitieshub.org\/fr\/wp-json\/wp\/v2\/pages\/9732\/revisions\/10555"}],"up":[{"embeddable":true,"href":"https:\/\/globalcitieshub.org\/fr\/wp-json\/wp\/v2\/pages\/10456"}],"wp:attachment":[{"href":"https:\/\/globalcitieshub.org\/fr\/wp-json\/wp\/v2\/media?parent=9732"}],"curies":[{"name":"wp","href":"https:\/\/api.w.org\/{rel}","templated":true}]}}