{"id":9710,"date":"2021-02-04T07:03:59","date_gmt":"2021-02-04T07:03:59","guid":{"rendered":"https:\/\/gch.dev-bulbera.com\/?page_id=9710"},"modified":"2021-06-23T13:42:27","modified_gmt":"2021-06-23T13:42:27","slug":"health","status":"publish","type":"page","link":"https:\/\/globalcitieshub.org\/fr\/health\/","title":{"rendered":"Sant\u00e9"},"content":{"rendered":"<div data-elementor-type=\"wp-page\" data-elementor-id=\"9710\" class=\"elementor elementor-9710\">\n\t\t\t\t\t\t<section class=\"elementor-section elementor-top-section elementor-element elementor-element-030cfe0 elementor-section-boxed elementor-section-height-default elementor-section-height-default\" data-id=\"030cfe0\" data-element_type=\"section\" data-e-type=\"section\">\n\t\t\t\t\t\t<div class=\"elementor-container elementor-column-gap-default\">\n\t\t\t\t\t<div class=\"elementor-column elementor-col-100 elementor-top-column elementor-element elementor-element-f4fe59c\" data-id=\"f4fe59c\" data-element_type=\"column\" data-e-type=\"column\">\n\t\t\t<div class=\"elementor-widget-wrap elementor-element-populated\">\n\t\t\t\t\t\t<div class=\"elementor-element elementor-element-2d2a2bb elementor-widget elementor-widget-listings_grid_new\" data-id=\"2d2a2bb\" data-element_type=\"widget\" data-e-type=\"widget\" data-widget_type=\"listings_grid_new.default\">\n\t\t\t\t<div class=\"elementor-widget-container\">\n\t\t\t\t\t        <!-- carousel -->\r\n        <div class=\"listings-grid-wrap clearfix three-cols\">\r\n\r\n\r\n                <!-- list-main-wrap-->\r\n                <div class=\"list-main-wrap fl-wrap card-listing cthiso-isotope-wrapper\">\r\n\r\n                    <div class=\"container\">\r\n                        <div class=\"row\">\r\n\r\n                            <div class=\"col-md-12\">\r\n\r\n                                \r\n                                <div class=\"cthiso-items cthiso-small-pad cthiso-three-cols clearfix cthiso-flexes\">\r\n                                    <div class=\"cthiso-sizer\"><\/div>\r\n                                    \r\n<!-- listing-item -->\r\n<div class=\"cthiso-item listing-item-loop post-16890 listing type-listing status-publish has-post-thumbnail hentry listing_cat-health\"  data-postid=\"16890\">\r\n    <article class=\"geodir-category-listing fl-wrap\">\r\n        <div class=\"azp_element preview_listing azp-element-azp-sgfq927d1s geodir-category-img news card-hide-overlay\" >\r\n        <div class=\"geodir-js-favorite_btn\">\r\n                    <a href=\"#\" class=\"save-btn logreg-modal-open\" data-message=\"Logging in first to save this listing.\"><i class=\"fal fa-heart\"><\/i><span>Sauvez<\/span><\/a>\r\n            <\/div>\r\n    \r\n            \r\n\r\n    <a href=\"https:\/\/globalcitieshub.org\/fr\/world-health-organization-who\/\" class=\"listing-thumb-link geodir-category-img-wrap fl-wrap\">\r\n        \r\n        <img fetchpriority=\"high\" width=\"424\" height=\"280\" class=\"respimg lazy\" alt=\"\" data-src=\"https:\/\/globalcitieshub.org\/wp-content\/uploads\/2024\/02\/vignette_mapping_WHO.png\" data-lazy=\"https:\/\/globalcitieshub.org\/wp-content\/uploads\/2024\/02\/vignette_mapping_WHO.png\" \/>\r\n            <\/a>\r\n        <div class=\"listing-avatar\"><a href=\"https:\/\/globalcitieshub.org\/fr\/author\/root_new\/\"><img alt='racine_nouveau' src='https:\/\/globalcitieshub.org\/wp-content\/plugins\/townhub-add-ons\/assets\/images\/avatar.jpg' class='avatar avatar-80 photo' height='80' width='80' \/><\/a>\r\n        <span class=\"avatar-tooltip lpre-avatar\">Ajout\u00e9 par <strong>racine_nouveau<\/strong><\/span>\r\n    <\/div>\r\n    \r\n    \r\n     \r\n\r\n    \r\n    \r\n    \r\n    \r\n     \r\n          \r\n        <div class=\"lcfields-wrap dis-flex\"><\/div>\r\n    \r\n<\/div>\r\n<div class=\"azp_element preview_listing_content azp-element-azp-e49ww3xidf9 geodir-category-content custom-listing-fields\" >\r\n\r\n    \r\n    <div class=\"geodir-category-content-title fl-wrap\">\r\n        <div class=\"geodir-category-content-title-item\">\r\n            <h3 class=\"title-sin_map\">\r\n                                <a href=\"https:\/\/globalcitieshub.org\/fr\/world-health-organization-who\/\">Organisation mondiale de la sant\u00e9 (OMS)<\/a>\r\n                            <\/h3>\r\n            <div class=\"geodir-category-location fl-wrap\"><a href=\"#\" class=\"map-item\" target=\"_blank\"><i class=\"fas fa-map-marker-alt\"><\/i>Gen\u00e8ve<\/a><\/div>        <\/div>\r\n    <\/div>\r\n    <div class=\"geodir-category-text fl-wrap\">\r\n                        <div class=\"lcfields-wrap dis-flex\"><div class=\"azp_element lcustom_field lcfield-short_description ftitle-block-no azp-element-azp-q46aa9a7o8 lcfield-wid-12 lcus-field-type-dflt lcus-sec-style-no authplan-hide-false\">\r\n    <div class=\"for-hide-on-author\"><\/div>\r\n                <div class=\"lcfield-inner\">\r\n                                                            <span class=\"lcfield-value\">L'OMS met en relation les nations, les partenaires et les populations, afin que chacun, partout, puisse atteindre le meilleur \u00e9tat de sant\u00e9 possible. Elle promeut une vie plus saine et dirige les efforts mondiaux pour \u00e9tendre la couverture sanitaire universelle et r\u00e9pondre aux urgences sanitaires, y compris dans les villes. <\/span>\r\n                                    <\/div>\r\n    <\/div>\r\n<div class=\"azp_element lcustom_field lcfield-institution ftitle-block-no azp-element-azp-njjrf9c9xi lcfield-wid-12 lcus-field-type-dflt lcus-sec-style-no institution authplan-hide-false\">\r\n    <div class=\"for-hide-on-author\"><\/div>\r\n                <div class=\"lcfield-inner\">\r\n                <span class=\"lcfield-title\">Institution:<\/span>                                            <span class=\"lcfield-value\">l'Organisation Mondiale de la Sant\u00e9<\/span>\r\n                                    <\/div>\r\n    <\/div>\r\n<\/div>\r\n            <\/div>\r\n        <div class=\"geodir-category-footer fl-wrap dis-flex\">\r\n                    <div class=\"listing-cats-wrap dis-flex\">\r\n                <a href=\"https:\/\/globalcitieshub.org\/fr\/entry-category\/health\/\" class=\"listing-item-category-wrap flex-items-center\"><div class=\"listing-item-category purp-bg\"><i class=\"fa fa-cutlery\"><\/i><\/div><span>Sant\u00e9<\/span><\/a>             <\/div>\r\n                        <div class=\"geodir-opt-list dis-flex\">\r\n            <ul class=\"no-list-style\">\r\n                                                                                            <\/ul>\r\n        <\/div>\r\n            <\/div>\r\n    <\/div>\r\n    <\/article>\r\n<\/div>\r\n<!-- listing-item end-->  \r\n<!-- listing-item -->\r\n<div class=\"cthiso-item listing-item-loop post-11860 listing type-listing status-publish has-post-thumbnail hentry listing_cat-health\"  data-postid=\"11860\">\r\n    <article class=\"geodir-category-listing fl-wrap\">\r\n        <div class=\"azp_element preview_listing azp-element-azp-sgfq927d1s geodir-category-img news card-hide-overlay\" >\r\n        <div class=\"geodir-js-favorite_btn\">\r\n                    <a href=\"#\" class=\"save-btn logreg-modal-open\" data-message=\"Logging in first to save this listing.\"><i class=\"fal fa-heart\"><\/i><span>Sauvez<\/span><\/a>\r\n            <\/div>\r\n    \r\n            \r\n\r\n    <a href=\"https:\/\/globalcitieshub.org\/fr\/unaids\/\" class=\"listing-thumb-link geodir-category-img-wrap fl-wrap\">\r\n        \r\n        <img width=\"424\" height=\"280\" class=\"respimg lazy\" alt=\"\" data-src=\"https:\/\/globalcitieshub.org\/wp-content\/uploads\/2023\/01\/vignette_mapping_UNAIDS.png\" data-lazy=\"https:\/\/globalcitieshub.org\/wp-content\/uploads\/2023\/01\/vignette_mapping_UNAIDS.png\" \/>\r\n            <\/a>\r\n        <div class=\"listing-avatar\"><a href=\"https:\/\/globalcitieshub.org\/fr\/author\/root_new\/\"><img alt='racine_nouveau' src='https:\/\/globalcitieshub.org\/wp-content\/plugins\/townhub-add-ons\/assets\/images\/avatar.jpg' class='avatar avatar-80 photo' height='80' width='80' \/><\/a>\r\n        <span class=\"avatar-tooltip lpre-avatar\">Ajout\u00e9 par <strong>racine_nouveau<\/strong><\/span>\r\n    <\/div>\r\n    \r\n    \r\n     \r\n\r\n    \r\n    \r\n    \r\n    \r\n     \r\n          \r\n        <div class=\"lcfields-wrap dis-flex\"><\/div>\r\n    \r\n<\/div>\r\n<div class=\"azp_element preview_listing_content azp-element-azp-e49ww3xidf9 geodir-category-content custom-listing-fields\" >\r\n\r\n    \r\n    <div class=\"geodir-category-content-title fl-wrap\">\r\n        <div class=\"geodir-category-content-title-item\">\r\n            <h3 class=\"title-sin_map\">\r\n                                <a href=\"https:\/\/globalcitieshub.org\/fr\/unaids\/\">ONUSIDA<\/a>\r\n                            <\/h3>\r\n            <div class=\"geodir-category-location fl-wrap\"><a href=\"#\" class=\"map-item\" target=\"_blank\"><i class=\"fas fa-map-marker-alt\"><\/i>Gen\u00e8ve<\/a><\/div>        <\/div>\r\n    <\/div>\r\n    <div class=\"geodir-category-text fl-wrap\">\r\n                        <div class=\"lcfields-wrap dis-flex\"><div class=\"azp_element lcustom_field lcfield-short_description ftitle-block-no azp-element-azp-q46aa9a7o8 lcfield-wid-12 lcus-field-type-dflt lcus-sec-style-no authplan-hide-false\">\r\n    <div class=\"for-hide-on-author\"><\/div>\r\n                <div class=\"lcfield-inner\">\r\n                                                            <span class=\"lcfield-value\">Menant l'effort mondial pour mettre fin au sida, l'ONUSIDA est un programme commun coparrain\u00e9 par 11 entit\u00e9s des Nations Unies. Bas\u00e9 \u00e0 Gen\u00e8ve, l'ONUSIDA soutient une r\u00e9ponse acc\u00e9l\u00e9r\u00e9e au VIH dans les milieux urbains par le biais de l'Initiative Fast-Track Cities.  <\/span>\r\n                                    <\/div>\r\n    <\/div>\r\n<div class=\"azp_element lcustom_field lcfield-institution ftitle-block-no azp-element-azp-njjrf9c9xi lcfield-wid-12 lcus-field-type-dflt lcus-sec-style-no institution authplan-hide-false\">\r\n    <div class=\"for-hide-on-author\"><\/div>\r\n                <div class=\"lcfield-inner\">\r\n                <span class=\"lcfield-title\">Institution:<\/span>                                            <span class=\"lcfield-value\">ONUSIDA<\/span>\r\n                                    <\/div>\r\n    <\/div>\r\n<\/div>\r\n            <\/div>\r\n        <div class=\"geodir-category-footer fl-wrap dis-flex\">\r\n                    <div class=\"listing-cats-wrap dis-flex\">\r\n                <a href=\"https:\/\/globalcitieshub.org\/fr\/entry-category\/health\/\" class=\"listing-item-category-wrap flex-items-center\"><div class=\"listing-item-category purp-bg\"><i class=\"fa fa-cutlery\"><\/i><\/div><span>Sant\u00e9<\/span><\/a>             <\/div>\r\n                        <div class=\"geodir-opt-list dis-flex\">\r\n            <ul class=\"no-list-style\">\r\n                                                                                            <\/ul>\r\n        <\/div>\r\n            <\/div>\r\n    <\/div>\r\n    <\/article>\r\n<\/div>\r\n<!-- listing-item end-->                                  <\/div>\r\n                                                                <div class=\"view-all-listings\"><a href=\"https:\/\/globalcitieshub.org\/fr\/listing\/\"  class=\"btn  dec_btn  color2-bg\">D\u00e9couvrez toutes les annonces<i class=\"fal fa-arrow-alt-right\"><\/i><\/a><\/div>\r\n                            <\/div>\r\n                            <!-- end col-md-12 -->\r\n                        <\/div>\r\n                        <!-- end row -->\r\n                    <\/div>\r\n                    <!-- end container -->\r\n                <\/div>\r\n                <!-- list-main-wrap end-->\r\n\r\n        <\/div>\r\n        <!--  listings-grid-wrap end-->\r\n\r\n        \r\n                \t\t\t\t<\/div>\n\t\t\t\t<\/div>\n\t\t\t\t\t<\/div>\n\t\t<\/div>\n\t\t\t\t\t<\/div>\n\t\t<\/section>\n\t\t\t\t<\/div>","protected":false},"excerpt":{"rendered":"<p>Aucun r\u00e9sultat Il n'y a pas d'annonces correspondant \u00e0 votre recherche. Essayez de modifier vos filtres de recherche ou R\u00e9initialiser le filtre Consulter toutes les annonces<\/p>","protected":false},"author":1,"featured_media":0,"parent":10456,"menu_order":0,"comment_status":"closed","ping_status":"closed","template":"","meta":{"_monsterinsights_skip_tracking":false,"_monsterinsights_sitenote_active":false,"_monsterinsights_sitenote_note":"","_monsterinsights_sitenote_category":0,"footnotes":""},"class_list":["post-9710","page","type-page","status-publish","hentry"],"yoast_head":"<!-- This site is optimized with the Yoast SEO plugin v27.5 - https:\/\/yoast.com\/product\/yoast-seo-wordpress\/ -->\n<title>Health - Global Cities Hub<\/title>\n<meta name=\"robots\" content=\"index, follow, max-snippet:-1, max-image-preview:large, max-video-preview:-1\" \/>\n<link rel=\"canonical\" href=\"https:\/\/globalcitieshub.org\/fr\/health\/\" \/>\n<meta property=\"og:locale\" content=\"fr_FR\" \/>\n<meta property=\"og:type\" content=\"article\" \/>\n<meta property=\"og:title\" content=\"Health - Global Cities Hub\" \/>\n<meta property=\"og:description\" content=\"No Results There are no listings matching your search. Try changing your search filters or Reset Filter Check Out All Listings\" \/>\n<meta property=\"og:url\" content=\"https:\/\/globalcitieshub.org\/fr\/health\/\" \/>\n<meta property=\"og:site_name\" content=\"Global Cities Hub\" \/>\n<meta property=\"article:modified_time\" content=\"2021-06-23T13:42:27+00:00\" \/>\n<meta name=\"twitter:card\" content=\"summary_large_image\" \/>\n<meta name=\"twitter:site\" content=\"@genevacitieshub\" \/>\n<meta name=\"twitter:label1\" content=\"Dur\u00e9e de lecture estim\u00e9e\" \/>\n\t<meta name=\"twitter:data1\" content=\"1 minute\" \/>\n<script type=\"application\/ld+json\" class=\"yoast-schema-graph\">{\"@context\":\"https:\\\/\\\/schema.org\",\"@graph\":[{\"@type\":\"WebPage\",\"@id\":\"https:\\\/\\\/globalcitieshub.org\\\/fr\\\/health\\\/\",\"url\":\"https:\\\/\\\/globalcitieshub.org\\\/fr\\\/health\\\/\",\"name\":\"Health - Global Cities Hub\",\"isPartOf\":{\"@id\":\"https:\\\/\\\/globalcitieshub.org\\\/fr\\\/#website\"},\"datePublished\":\"2021-02-04T07:03:59+00:00\",\"dateModified\":\"2021-06-23T13:42:27+00:00\",\"breadcrumb\":{\"@id\":\"https:\\\/\\\/globalcitieshub.org\\\/fr\\\/health\\\/#breadcrumb\"},\"inLanguage\":\"fr-FR\",\"potentialAction\":[{\"@type\":\"ReadAction\",\"target\":[\"https:\\\/\\\/globalcitieshub.org\\\/fr\\\/health\\\/\"]}]},{\"@type\":\"BreadcrumbList\",\"@id\":\"https:\\\/\\\/globalcitieshub.org\\\/fr\\\/health\\\/#breadcrumb\",\"itemListElement\":[{\"@type\":\"ListItem\",\"position\":1,\"name\":\"Mapping\",\"item\":\"https:\\\/\\\/globalcitieshub.org\\\/en\\\/mapping\\\/\"},{\"@type\":\"ListItem\",\"position\":2,\"name\":\"Health\"}]},{\"@type\":\"WebSite\",\"@id\":\"https:\\\/\\\/globalcitieshub.org\\\/fr\\\/#website\",\"url\":\"https:\\\/\\\/globalcitieshub.org\\\/fr\\\/\",\"name\":\"Global Cities Hub\",\"description\":\"Connecting local and regional governments to the United Nations and other  international organizations\",\"publisher\":{\"@id\":\"https:\\\/\\\/globalcitieshub.org\\\/fr\\\/#organization\"},\"potentialAction\":[{\"@type\":\"SearchAction\",\"target\":{\"@type\":\"EntryPoint\",\"urlTemplate\":\"https:\\\/\\\/globalcitieshub.org\\\/fr\\\/?s={search_term_string}\"},\"query-input\":{\"@type\":\"PropertyValueSpecification\",\"valueRequired\":true,\"valueName\":\"search_term_string\"}}],\"inLanguage\":\"fr-FR\"},{\"@type\":\"Organization\",\"@id\":\"https:\\\/\\\/globalcitieshub.org\\\/fr\\\/#organization\",\"name\":\"Global Cities Hub\",\"url\":\"https:\\\/\\\/globalcitieshub.org\\\/fr\\\/\",\"logo\":{\"@type\":\"ImageObject\",\"inLanguage\":\"fr-FR\",\"@id\":\"https:\\\/\\\/globalcitieshub.org\\\/fr\\\/#\\\/schema\\\/logo\\\/image\\\/\",\"url\":\"https:\\\/\\\/globalcitieshub.org\\\/wp-content\\\/uploads\\\/2023\\\/09\\\/230829_Logo_Global_Cities_Hub_Couleur_fond-blanc_RVB.png\",\"contentUrl\":\"https:\\\/\\\/globalcitieshub.org\\\/wp-content\\\/uploads\\\/2023\\\/09\\\/230829_Logo_Global_Cities_Hub_Couleur_fond-blanc_RVB.png\",\"width\":2544,\"height\":1446,\"caption\":\"Global Cities Hub\"},\"image\":{\"@id\":\"https:\\\/\\\/globalcitieshub.org\\\/fr\\\/#\\\/schema\\\/logo\\\/image\\\/\"},\"sameAs\":[\"https:\\\/\\\/x.com\\\/genevacitieshub\"]}]}<\/script>\n<!-- \/ Yoast SEO plugin. -->","yoast_head_json":{"title":"Sant\u00e9 - Global Cities Hub","robots":{"index":"index","follow":"follow","max-snippet":"max-snippet:-1","max-image-preview":"max-image-preview:large","max-video-preview":"max-video-preview:-1"},"canonical":"https:\/\/globalcitieshub.org\/fr\/health\/","og_locale":"fr_FR","og_type":"article","og_title":"Health - Global Cities Hub","og_description":"No Results There are no listings matching your search. Try changing your search filters or Reset Filter Check Out All Listings","og_url":"https:\/\/globalcitieshub.org\/fr\/health\/","og_site_name":"Global Cities Hub","article_modified_time":"2021-06-23T13:42:27+00:00","twitter_card":"summary_large_image","twitter_site":"@genevacitieshub","twitter_misc":{"Dur\u00e9e de lecture estim\u00e9e":"1 minute"},"schema":{"@context":"https:\/\/schema.org","@graph":[{"@type":"WebPage","@id":"https:\/\/globalcitieshub.org\/fr\/health\/","url":"https:\/\/globalcitieshub.org\/fr\/health\/","name":"Sant\u00e9 - Global Cities Hub","isPartOf":{"@id":"https:\/\/globalcitieshub.org\/fr\/#website"},"datePublished":"2021-02-04T07:03:59+00:00","dateModified":"2021-06-23T13:42:27+00:00","breadcrumb":{"@id":"https:\/\/globalcitieshub.org\/fr\/health\/#breadcrumb"},"inLanguage":"fr-FR","potentialAction":[{"@type":"ReadAction","target":["https:\/\/globalcitieshub.org\/fr\/health\/"]}]},{"@type":"BreadcrumbList","@id":"https:\/\/globalcitieshub.org\/fr\/health\/#breadcrumb","itemListElement":[{"@type":"ListItem","position":1,"name":"Mapping","item":"https:\/\/globalcitieshub.org\/en\/mapping\/"},{"@type":"ListItem","position":2,"name":"Health"}]},{"@type":"WebSite","@id":"https:\/\/globalcitieshub.org\/fr\/#website","url":"https:\/\/globalcitieshub.org\/fr\/","name":"Global Cities Hub","description":"Relier les gouvernements locaux et r\u00e9gionaux aux Nations unies et \u00e0 d'autres organisations internationales","publisher":{"@id":"https:\/\/globalcitieshub.org\/fr\/#organization"},"potentialAction":[{"@type":"SearchAction","target":{"@type":"EntryPoint","urlTemplate":"https:\/\/globalcitieshub.org\/fr\/?s={search_term_string}"},"query-input":{"@type":"PropertyValueSpecification","valueRequired":true,"valueName":"search_term_string"}}],"inLanguage":"fr-FR"},{"@type":"Organization","@id":"https:\/\/globalcitieshub.org\/fr\/#organization","name":"Global Cities Hub","url":"https:\/\/globalcitieshub.org\/fr\/","logo":{"@type":"ImageObject","inLanguage":"fr-FR","@id":"https:\/\/globalcitieshub.org\/fr\/#\/schema\/logo\/image\/","url":"https:\/\/globalcitieshub.org\/wp-content\/uploads\/2023\/09\/230829_Logo_Global_Cities_Hub_Couleur_fond-blanc_RVB.png","contentUrl":"https:\/\/globalcitieshub.org\/wp-content\/uploads\/2023\/09\/230829_Logo_Global_Cities_Hub_Couleur_fond-blanc_RVB.png","width":2544,"height":1446,"caption":"Global Cities Hub"},"image":{"@id":"https:\/\/globalcitieshub.org\/fr\/#\/schema\/logo\/image\/"},"sameAs":["https:\/\/x.com\/genevacitieshub"]}]}},"_links":{"self":[{"href":"https:\/\/globalcitieshub.org\/fr\/wp-json\/wp\/v2\/pages\/9710","targetHints":{"allow":["GET"]}}],"collection":[{"href":"https:\/\/globalcitieshub.org\/fr\/wp-json\/wp\/v2\/pages"}],"about":[{"href":"https:\/\/globalcitieshub.org\/fr\/wp-json\/wp\/v2\/types\/page"}],"author":[{"embeddable":true,"href":"https:\/\/globalcitieshub.org\/fr\/wp-json\/wp\/v2\/users\/1"}],"replies":[{"embeddable":true,"href":"https:\/\/globalcitieshub.org\/fr\/wp-json\/wp\/v2\/comments?post=9710"}],"version-history":[{"count":7,"href":"https:\/\/globalcitieshub.org\/fr\/wp-json\/wp\/v2\/pages\/9710\/revisions"}],"predecessor-version":[{"id":10504,"href":"https:\/\/globalcitieshub.org\/fr\/wp-json\/wp\/v2\/pages\/9710\/revisions\/10504"}],"up":[{"embeddable":true,"href":"https:\/\/globalcitieshub.org\/fr\/wp-json\/wp\/v2\/pages\/10456"}],"wp:attachment":[{"href":"https:\/\/globalcitieshub.org\/fr\/wp-json\/wp\/v2\/media?parent=9710"}],"curies":[{"name":"wp","href":"https:\/\/api.w.org\/{rel}","templated":true}]}}