{"id":27221,"date":"2026-02-18T10:38:23","date_gmt":"2026-02-18T09:38:23","guid":{"rendered":"https:\/\/globalcitieshub.org\/?page_id=27221"},"modified":"2026-02-18T10:44:51","modified_gmt":"2026-02-18T09:44:51","slug":"energy-cities","status":"publish","type":"page","link":"https:\/\/globalcitieshub.org\/fr\/energy-cities-2\/","title":{"rendered":"Cit\u00e9s de l'\u00e9nergie"},"content":{"rendered":"<div data-elementor-type=\"wp-page\" data-elementor-id=\"27221\" class=\"elementor elementor-27221\">\n\t\t\t\t\t\t<section class=\"elementor-section elementor-top-section elementor-element elementor-element-14e4f0a8 elementor-section-boxed elementor-section-height-default elementor-section-height-default\" data-id=\"14e4f0a8\" data-element_type=\"section\" data-e-type=\"section\">\n\t\t\t\t\t\t<div class=\"elementor-container elementor-column-gap-default\">\n\t\t\t\t\t<div class=\"elementor-column elementor-col-100 elementor-top-column elementor-element elementor-element-8da58d8\" data-id=\"8da58d8\" data-element_type=\"column\" data-e-type=\"column\">\n\t\t\t<div class=\"elementor-widget-wrap elementor-element-populated\">\n\t\t\t\t\t\t<div class=\"elementor-element elementor-element-1d412d33 elementor-widget elementor-widget-text-editor\" data-id=\"1d412d33\" data-element_type=\"widget\" data-e-type=\"widget\" data-widget_type=\"text-editor.default\">\n\t\t\t\t<div class=\"elementor-widget-container\">\n\t\t\t\t\t\t\t\t\t<p><\/p>\n<h4 class=\"wp-block-heading\"><span style=\"color: #000000;\">Energy Cities est une association qui offre une plateforme politique aux grandes villes europ\u00e9ennes. Nous mettons en r\u00e9seau les gouvernements locaux de 145 des plus grandes villes d'Europe et plus de 45 villes partenaires qui, ensemble, gouvernent quelque 130 millions de citoyens dans 39 pays.\u00a0<span style=\"font-weight: var( --e-global-typography-text-font-weight ); text-align: inherit; font-family: var( --e-global-typography-text-font-family ), Sans-serif; font-size: 15px;\">\u00a0<\/span><\/span><\/h4>\n<p><span style=\"color: #000000; font-family: var( --e-global-typography-text-font-family ), Sans-serif; font-weight: var( --e-global-typography-text-font-weight ); font-size: 15px; text-align: inherit;\">\u00a0<\/span><\/p>\n<p><span style=\"color: #000000;\"><\/span><\/p>\n<p><span style=\"color: #000000;\"><\/span><\/p>\n<h4><span style=\"color: #000000;\"><strong>VISION<\/strong><\/span><\/h4>\n<p><span style=\"color: #000000;\">Energy Cities est une communaut\u00e9 d'apprentissage pour les villes engag\u00e9es dans la pr\u00e9paration de leur \u00e9conomie \u00e0 l'avenir, construite autour d'une approche \"locale et durable d'abord\". Notre force r\u00e9side dans l'engagement fort de nos membres \u00e0 atteindre la neutralit\u00e9 climatique sur leur territoire d'ici 2050 et \u00e0 aligner leur d\u00e9veloppement strat\u00e9gique local sur l'Accord de Paris.<\/span><\/p>\n<p><span style=\"color: #000000;\">La cr\u00e9ation d'une communaut\u00e9 d'apprentissage est un outil qui aide chacun de nos membres \u00e0 se sentir plus confiant dans son propre parcours de transition, parce que d'autres villes l'ont d\u00e9j\u00e0 fait, ou parce que les villes peuvent tester de nouvelles solutions ensemble. Nous favorisons une atmosph\u00e8re de confiance mutuelle dans le dialogue entre les citoyens, les dirigeants locaux et les institutions europ\u00e9ennes et nationales afin d'acc\u00e9l\u00e9rer la transformation vers une Europe climatiquement neutre. Energy Cities dynamise cette communaut\u00e9 dynamique et assure sa visibilit\u00e9.<\/span><\/p>\n<p>\u00a0<\/p>\t\t\t\t\t\t\t\t<\/div>\n\t\t\t\t<\/div>\n\t\t\t\t<div class=\"elementor-element elementor-element-31c09e2 elementor-widget elementor-widget-text-editor\" data-id=\"31c09e2\" data-element_type=\"widget\" data-e-type=\"widget\" data-widget_type=\"text-editor.default\">\n\t\t\t\t<div class=\"elementor-widget-container\">\n\t\t\t\t\t\t\t\t\t<blockquote>\n<p><span style=\"color: #000000;\">\"Energy Cities donne aux villes et aux citoyens les moyens de fa\u00e7onner des villes \u00e0 l'\u00e9preuve du futur et d'en assurer la transition. Nous pr\u00e9sentons des alternatives concr\u00e8tes d\u00e9ploy\u00e9es par les villes, nous plaidons pour un changement de gouvernance politique et \u00e9conomique \u00e0 tous les niveaux et nous encourageons un large changement culturel menant \u00e0 une soci\u00e9t\u00e9 \u00e0 l'\u00e9preuve du futur. Apr\u00e8s des d\u00e9cennies d'\u00e9laboration de politiques \u00e9nerg\u00e9tiques et climatiques en faveur d'un syst\u00e8me \u00e9nerg\u00e9tique d\u00e9centralis\u00e9, d\u00e9mocratique et d\u00e9carbon\u00e9, la prochaine \u00e9tape pour les villes consiste \u00e0 transformer l'ensemble de leur m\u00e9tabolisme en adoptant une approche neutre sur le plan climatique. Construire des communaut\u00e9s r\u00e9silientes, c'est favoriser l'interd\u00e9pendance entre les secteurs, entre les territoires, entre les acteurs \u00e9conomiques, sociaux et culturels et les dirigeants des villes afin de partager la richesse et le bien-\u00eatre \u00e0 l'\u00e9chelle locale.<\/span><\/p>\n<p><span style=\"color: #000000;\">Notre vision est que, d'ici 2050, nous vivrons tous dans des villes d\u00e9carbon\u00e9es et r\u00e9silientes, avec un acc\u00e8s \u00e0 une \u00e9nergie abordable, s\u00fbre et durable. Nous nous effor\u00e7ons d'offrir des ESPACES DE VIE accessibles \u00e0 tous, gr\u00e2ce \u00e0 des \u00e9conomies locales dynamiques et \u00e0 la maximisation de la r\u00e9g\u00e9n\u00e9ration des ressources.\"<\/span><\/p>\n<\/blockquote>\t\t\t\t\t\t\t\t<\/div>\n\t\t\t\t<\/div>\n\t\t\t\t<div class=\"elementor-element elementor-element-c12e013 elementor-widget elementor-widget-text-editor\" data-id=\"c12e013\" data-element_type=\"widget\" data-e-type=\"widget\" data-widget_type=\"text-editor.default\">\n\t\t\t\t<div class=\"elementor-widget-container\">\n\t\t\t\t\t\t\t\t\t<p><span style=\"font-weight: bold; color: #000000;\">CLAIRE ROU ROU ROU POUR LA DIRECTION DE L'ENTREPRISE<\/span><\/p>\t\t\t\t\t\t\t\t<\/div>\n\t\t\t\t<\/div>\n\t\t\t\t<div class=\"elementor-element elementor-element-8782d59 elementor-widget elementor-widget-spacer\" data-id=\"8782d59\" data-element_type=\"widget\" data-e-type=\"widget\" data-widget_type=\"spacer.default\">\n\t\t\t\t<div class=\"elementor-widget-container\">\n\t\t\t\t\t\t\t<div class=\"elementor-spacer\">\n\t\t\t<div class=\"elementor-spacer-inner\"><\/div>\n\t\t<\/div>\n\t\t\t\t\t\t<\/div>\n\t\t\t\t<\/div>\n\t\t\t\t<div class=\"elementor-element elementor-element-1192f17 elementor-widget elementor-widget-text-editor\" data-id=\"1192f17\" data-element_type=\"widget\" data-e-type=\"widget\" data-widget_type=\"text-editor.default\">\n\t\t\t\t<div class=\"elementor-widget-container\">\n\t\t\t\t\t\t\t\t\t<h4><span style=\"color: #000000;\"><strong style=\"font-size: 1.125rem; text-align: inherit;\">PROJETS CL\u00c9S<\/strong><\/span><\/h4>\n<p>\u00a0<\/p>\n<p><span style=\"color: #000000;\">Energy Cities est impliqu\u00e9 dans une grande vari\u00e9t\u00e9 de projets pour soutenir ses villes membres dans leurs actions en mati\u00e8re d'\u00e9nergie et de climat.<\/span><\/p>\n<p><span style=\"color: #000000;\">Nous avons notamment coordonn\u00e9 la <a style=\"color: #000000;\" href=\"https:\/\/www.genevacitieshub.org\/en\/covenant-of-mayors-for-climate-and-energy\/\" rel=\"noopener\">Convention des Maires - Bureau Europe<\/a> depuis le lancement de l'initiative en 2008. Nous coordonnons d\u00e9sormais la European City Facility, qui apporte un soutien technique et financier aux municipalit\u00e9s dans leurs projets d'\u00e9nergie durable.<\/span><\/p>\n<p><span style=\"color: #000000;\">En avril 2022, nous organiserons notre conf\u00e9rence annuelle en coop\u00e9ration avec notre ville membre Heerlen, aux Pays-Bas, et RESCOOP, la f\u00e9d\u00e9ration europ\u00e9enne des coop\u00e9ratives \u00e9nerg\u00e9tiques citoyennes.<\/span><\/p>\n<p><span style=\"color: #000000;\">D\u00e9couvrez tous nos <a style=\"color: #000000;\" href=\"http:\/\/www.energy-cities.eu\/projects\" target=\"_blank\" rel=\"noopener\">projets<\/a>.<\/span><\/p>\t\t\t\t\t\t\t\t<\/div>\n\t\t\t\t<\/div>\n\t\t\t\t<div class=\"elementor-element elementor-element-5ed6ac9 elementor-widget elementor-widget-text-editor\" data-id=\"5ed6ac9\" data-element_type=\"widget\" data-e-type=\"widget\" data-widget_type=\"text-editor.default\">\n\t\t\t\t<div class=\"elementor-widget-container\">\n\t\t\t\t\t\t\t\t\t<blockquote>\n<p><span style=\"color: #000000;\">\"L'action conjointe d'Energy Cities \u00e0 travers l'Europe rend chacune de nos villes membres plus forte. Nous d\u00e9fendons nos int\u00e9r\u00eats communs, nous nous informons et nous nous inspirons mutuellement. Avec chaque nouveau membre, notre communaut\u00e9 devient plus puissante. Toute nouvelle autorit\u00e9 locale ou r\u00e9gionale souhaitant nous rejoindre est la bienvenue !\"\u00a0<\/span><\/p>\n<\/blockquote>\t\t\t\t\t\t\t\t<\/div>\n\t\t\t\t<\/div>\n\t\t\t\t<div class=\"elementor-element elementor-element-208d976 elementor-widget elementor-widget-spacer\" data-id=\"208d976\" data-element_type=\"widget\" data-e-type=\"widget\" data-widget_type=\"spacer.default\">\n\t\t\t\t<div class=\"elementor-widget-container\">\n\t\t\t\t\t\t\t<div class=\"elementor-spacer\">\n\t\t\t<div class=\"elementor-spacer-inner\"><\/div>\n\t\t<\/div>\n\t\t\t\t\t\t<\/div>\n\t\t\t\t<\/div>\n\t\t\t\t<div class=\"elementor-element elementor-element-bd8da3d elementor-widget elementor-widget-text-editor\" data-id=\"bd8da3d\" data-element_type=\"widget\" data-e-type=\"widget\" data-widget_type=\"text-editor.default\">\n\t\t\t\t<div class=\"elementor-widget-container\">\n\t\t\t\t\t\t\t\t\t<h4><span style=\"color: #000000;\"><strong>INFORMATIONS DE CONTACT<\/strong><\/span><\/h4>\t\t\t\t\t\t\t\t<\/div>\n\t\t\t\t<\/div>\n\t\t\t\t<div class=\"elementor-element elementor-element-4f78a20 elementor-widget elementor-widget-spacer\" data-id=\"4f78a20\" data-element_type=\"widget\" data-e-type=\"widget\" data-widget_type=\"spacer.default\">\n\t\t\t\t<div class=\"elementor-widget-container\">\n\t\t\t\t\t\t\t<div class=\"elementor-spacer\">\n\t\t\t<div class=\"elementor-spacer-inner\"><\/div>\n\t\t<\/div>\n\t\t\t\t\t\t<\/div>\n\t\t\t\t<\/div>\n\t\t\t\t\t<\/div>\n\t\t<\/div>\n\t\t\t\t\t<\/div>\n\t\t<\/section>\n\t\t\t\t<section class=\"elementor-section elementor-top-section elementor-element elementor-element-3e43bbc elementor-section-boxed elementor-section-height-default elementor-section-height-default\" data-id=\"3e43bbc\" data-element_type=\"section\" data-e-type=\"section\">\n\t\t\t\t\t\t<div class=\"elementor-container elementor-column-gap-default\">\n\t\t\t\t\t<div class=\"elementor-column elementor-col-33 elementor-top-column elementor-element elementor-element-94fce3c\" data-id=\"94fce3c\" data-element_type=\"column\" data-e-type=\"column\">\n\t\t\t<div class=\"elementor-widget-wrap elementor-element-populated\">\n\t\t\t\t\t\t<div class=\"elementor-element elementor-element-b2bf3d2 elementor-align-center elementor-widget elementor-widget-button\" data-id=\"b2bf3d2\" data-element_type=\"widget\" data-e-type=\"widget\" data-widget_type=\"button.default\">\n\t\t\t\t<div class=\"elementor-widget-container\">\n\t\t\t\t\t\t\t\t\t<div class=\"elementor-button-wrapper\">\n\t\t\t\t\t<a class=\"elementor-button elementor-button-link elementor-size-sm\" href=\"https:\/\/energy-cities.eu\/\" target=\"_blank\">\n\t\t\t\t\t\t<span class=\"elementor-button-content-wrapper\">\n\t\t\t\t\t\t\t\t\t<span class=\"elementor-button-text\">Site web d'Energy Cities<\/span>\n\t\t\t\t\t<\/span>\n\t\t\t\t\t<\/a>\n\t\t\t\t<\/div>\n\t\t\t\t\t\t\t\t<\/div>\n\t\t\t\t<\/div>\n\t\t\t\t\t<\/div>\n\t\t<\/div>\n\t\t\t\t<div class=\"elementor-column elementor-col-33 elementor-top-column elementor-element elementor-element-0d536c1\" data-id=\"0d536c1\" data-element_type=\"column\" data-e-type=\"column\">\n\t\t\t<div class=\"elementor-widget-wrap elementor-element-populated\">\n\t\t\t\t\t\t<div class=\"elementor-element elementor-element-485f369 elementor-align-center elementor-widget elementor-widget-button\" data-id=\"485f369\" data-element_type=\"widget\" data-e-type=\"widget\" data-widget_type=\"button.default\">\n\t\t\t\t<div class=\"elementor-widget-container\">\n\t\t\t\t\t\t\t\t\t<div class=\"elementor-button-wrapper\">\n\t\t\t\t\t<a class=\"elementor-button elementor-size-sm\" role=\"button\">\n\t\t\t\t\t\t<span class=\"elementor-button-content-wrapper\">\n\t\t\t\t\t\t<span class=\"elementor-button-icon\">\n\t\t\t\t<i aria-hidden=\"true\" class=\"far fa-user\"><\/i>\t\t\t<\/span>\n\t\t\t\t\t\t\t\t\t<span class=\"elementor-button-text\">MS. CLAIRE ROUMET <br> Directeur ex\u00e9cutif<\/span>\n\t\t\t\t\t<\/span>\n\t\t\t\t\t<\/a>\n\t\t\t\t<\/div>\n\t\t\t\t\t\t\t\t<\/div>\n\t\t\t\t<\/div>\n\t\t\t\t\t<\/div>\n\t\t<\/div>\n\t\t\t\t<div class=\"elementor-column elementor-col-33 elementor-top-column elementor-element elementor-element-b9537da\" data-id=\"b9537da\" data-element_type=\"column\" data-e-type=\"column\">\n\t\t\t<div class=\"elementor-widget-wrap elementor-element-populated\">\n\t\t\t\t\t\t<div class=\"elementor-element elementor-element-cc2b303 elementor-widget elementor-widget-text-editor\" data-id=\"cc2b303\" data-element_type=\"widget\" data-e-type=\"widget\" data-widget_type=\"text-editor.default\">\n\t\t\t\t<div class=\"elementor-widget-container\">\n\t\t\t\t\t\t\t\t\t<p style=\"text-align: center;\">2B chemin de Palente<\/p>\n<p style=\"text-align: center;\">25000 Besan\u00e7on, France\u00a0<\/p>\t\t\t\t\t\t\t\t<\/div>\n\t\t\t\t<\/div>\n\t\t\t\t<div class=\"elementor-element elementor-element-ba7c135 elementor-align-center elementor-widget elementor-widget-button\" data-id=\"ba7c135\" data-element_type=\"widget\" data-e-type=\"widget\" data-widget_type=\"button.default\">\n\t\t\t\t<div class=\"elementor-widget-container\">\n\t\t\t\t\t\t\t\t\t<div class=\"elementor-button-wrapper\">\n\t\t\t\t\t<a class=\"elementor-button elementor-size-sm\" role=\"button\">\n\t\t\t\t\t\t<span class=\"elementor-button-content-wrapper\">\n\t\t\t\t\t\t<span class=\"elementor-button-icon\">\n\t\t\t\t<i aria-hidden=\"true\" class=\"fas fa-phone-alt\"><\/i>\t\t\t<\/span>\n\t\t\t\t\t\t\t\t\t<span class=\"elementor-button-text\">+33 381 65 36 80<\/span>\n\t\t\t\t\t<\/span>\n\t\t\t\t\t<\/a>\n\t\t\t\t<\/div>\n\t\t\t\t\t\t\t\t<\/div>\n\t\t\t\t<\/div>\n\t\t\t\t\t<\/div>\n\t\t<\/div>\n\t\t\t\t\t<\/div>\n\t\t<\/section>\n\t\t\t\t<\/div>","protected":false},"excerpt":{"rendered":"<p>Energy Cities est une association qui offre une plateforme politique aux grandes villes europ\u00e9ennes. Nous mettons en r\u00e9seau les gouvernements locaux de 145 des plus grandes villes d'Europe et plus de 45 villes partenaires qui, ensemble, gouvernent quelque 130 millions de citoyens dans 39 pays.     VISION Energy Cities est une communaut\u00e9 d'apprentissage pour les villes engag\u00e9es dans l'avenir ... <\/p>","protected":false},"author":1,"featured_media":15211,"parent":0,"menu_order":0,"comment_status":"closed","ping_status":"closed","template":"","meta":{"_monsterinsights_skip_tracking":false,"_monsterinsights_sitenote_active":false,"_monsterinsights_sitenote_note":"","_monsterinsights_sitenote_category":0,"footnotes":""},"class_list":["post-27221","page","type-page","status-publish","has-post-thumbnail","hentry"],"yoast_head":"<!-- This site is optimized with the Yoast SEO plugin v27.4 - https:\/\/yoast.com\/product\/yoast-seo-wordpress\/ -->\n<title>Energy Cities - Global Cities Hub<\/title>\n<meta name=\"description\" content=\"Energy Cities is an association that provides a political platform for major European cities.\" \/>\n<meta name=\"robots\" content=\"index, follow, max-snippet:-1, max-image-preview:large, max-video-preview:-1\" \/>\n<link rel=\"canonical\" href=\"https:\/\/globalcitieshub.org\/fr\/energy-cities-2\/\" \/>\n<meta property=\"og:locale\" content=\"fr_FR\" \/>\n<meta property=\"og:type\" content=\"article\" \/>\n<meta property=\"og:title\" content=\"Energy Cities - Global Cities Hub\" \/>\n<meta property=\"og:description\" content=\"Energy Cities is an association that provides a political platform for major European cities.\" \/>\n<meta property=\"og:url\" content=\"https:\/\/globalcitieshub.org\/fr\/energy-cities-2\/\" \/>\n<meta property=\"og:site_name\" content=\"Global Cities Hub\" \/>\n<meta property=\"article:modified_time\" content=\"2026-02-18T09:44:51+00:00\" \/>\n<meta property=\"og:image\" content=\"https:\/\/globalcitieshub.org\/wp-content\/uploads\/2022\/02\/CITIES-ALLIANCE-2.png\" \/>\n\t<meta property=\"og:image:width\" content=\"1600\" \/>\n\t<meta property=\"og:image:height\" content=\"900\" \/>\n\t<meta property=\"og:image:type\" content=\"image\/png\" \/>\n<meta name=\"twitter:card\" content=\"summary_large_image\" \/>\n<meta name=\"twitter:site\" content=\"@genevacitieshub\" \/>\n<meta name=\"twitter:label1\" content=\"Dur\u00e9e de lecture estim\u00e9e\" \/>\n\t<meta name=\"twitter:data1\" content=\"2 minutes\" \/>\n<script type=\"application\/ld+json\" class=\"yoast-schema-graph\">{\"@context\":\"https:\\\/\\\/schema.org\",\"@graph\":[{\"@type\":\"WebPage\",\"@id\":\"https:\\\/\\\/globalcitieshub.org\\\/fr\\\/energy-cities-2\\\/\",\"url\":\"https:\\\/\\\/globalcitieshub.org\\\/fr\\\/energy-cities-2\\\/\",\"name\":\"Energy Cities - Global Cities Hub\",\"isPartOf\":{\"@id\":\"https:\\\/\\\/globalcitieshub.org\\\/fr\\\/#website\"},\"primaryImageOfPage\":{\"@id\":\"https:\\\/\\\/globalcitieshub.org\\\/fr\\\/energy-cities-2\\\/#primaryimage\"},\"image\":{\"@id\":\"https:\\\/\\\/globalcitieshub.org\\\/fr\\\/energy-cities-2\\\/#primaryimage\"},\"thumbnailUrl\":\"https:\\\/\\\/globalcitieshub.org\\\/wp-content\\\/uploads\\\/2022\\\/02\\\/CITIES-ALLIANCE-2.png\",\"datePublished\":\"2026-02-18T09:38:23+00:00\",\"dateModified\":\"2026-02-18T09:44:51+00:00\",\"description\":\"Energy Cities is an association that provides a political platform for major European cities.\",\"inLanguage\":\"fr-FR\",\"potentialAction\":[{\"@type\":\"ReadAction\",\"target\":[\"https:\\\/\\\/globalcitieshub.org\\\/fr\\\/energy-cities-2\\\/\"]}]},{\"@type\":\"ImageObject\",\"inLanguage\":\"fr-FR\",\"@id\":\"https:\\\/\\\/globalcitieshub.org\\\/fr\\\/energy-cities-2\\\/#primaryimage\",\"url\":\"https:\\\/\\\/globalcitieshub.org\\\/wp-content\\\/uploads\\\/2022\\\/02\\\/CITIES-ALLIANCE-2.png\",\"contentUrl\":\"https:\\\/\\\/globalcitieshub.org\\\/wp-content\\\/uploads\\\/2022\\\/02\\\/CITIES-ALLIANCE-2.png\",\"width\":1600,\"height\":900},{\"@type\":\"WebSite\",\"@id\":\"https:\\\/\\\/globalcitieshub.org\\\/fr\\\/#website\",\"url\":\"https:\\\/\\\/globalcitieshub.org\\\/fr\\\/\",\"name\":\"Global Cities Hub\",\"description\":\"Connecting local and regional governments to the United Nations and other  international organizations\",\"publisher\":{\"@id\":\"https:\\\/\\\/globalcitieshub.org\\\/fr\\\/#organization\"},\"potentialAction\":[{\"@type\":\"SearchAction\",\"target\":{\"@type\":\"EntryPoint\",\"urlTemplate\":\"https:\\\/\\\/globalcitieshub.org\\\/fr\\\/?s={search_term_string}\"},\"query-input\":{\"@type\":\"PropertyValueSpecification\",\"valueRequired\":true,\"valueName\":\"search_term_string\"}}],\"inLanguage\":\"fr-FR\"},{\"@type\":\"Organization\",\"@id\":\"https:\\\/\\\/globalcitieshub.org\\\/fr\\\/#organization\",\"name\":\"Global Cities Hub\",\"url\":\"https:\\\/\\\/globalcitieshub.org\\\/fr\\\/\",\"logo\":{\"@type\":\"ImageObject\",\"inLanguage\":\"fr-FR\",\"@id\":\"https:\\\/\\\/globalcitieshub.org\\\/fr\\\/#\\\/schema\\\/logo\\\/image\\\/\",\"url\":\"https:\\\/\\\/globalcitieshub.org\\\/wp-content\\\/uploads\\\/2023\\\/09\\\/230829_Logo_Global_Cities_Hub_Couleur_fond-blanc_RVB.png\",\"contentUrl\":\"https:\\\/\\\/globalcitieshub.org\\\/wp-content\\\/uploads\\\/2023\\\/09\\\/230829_Logo_Global_Cities_Hub_Couleur_fond-blanc_RVB.png\",\"width\":2544,\"height\":1446,\"caption\":\"Global Cities Hub\"},\"image\":{\"@id\":\"https:\\\/\\\/globalcitieshub.org\\\/fr\\\/#\\\/schema\\\/logo\\\/image\\\/\"},\"sameAs\":[\"https:\\\/\\\/x.com\\\/genevacitieshub\"]}]}<\/script>\n<!-- \/ Yoast SEO plugin. -->","yoast_head_json":{"title":"Energy Cities - Global Cities Hub","description":"Energy Cities est une association qui offre une plateforme politique aux grandes villes europ\u00e9ennes.","robots":{"index":"index","follow":"follow","max-snippet":"max-snippet:-1","max-image-preview":"max-image-preview:large","max-video-preview":"max-video-preview:-1"},"canonical":"https:\/\/globalcitieshub.org\/fr\/energy-cities-2\/","og_locale":"fr_FR","og_type":"article","og_title":"Energy Cities - Global Cities Hub","og_description":"Energy Cities is an association that provides a political platform for major European cities.","og_url":"https:\/\/globalcitieshub.org\/fr\/energy-cities-2\/","og_site_name":"Global Cities Hub","article_modified_time":"2026-02-18T09:44:51+00:00","og_image":[{"width":1600,"height":900,"url":"https:\/\/globalcitieshub.org\/wp-content\/uploads\/2022\/02\/CITIES-ALLIANCE-2.png","type":"image\/png"}],"twitter_card":"summary_large_image","twitter_site":"@genevacitieshub","twitter_misc":{"Dur\u00e9e de lecture estim\u00e9e":"2 minutes"},"schema":{"@context":"https:\/\/schema.org","@graph":[{"@type":"WebPage","@id":"https:\/\/globalcitieshub.org\/fr\/energy-cities-2\/","url":"https:\/\/globalcitieshub.org\/fr\/energy-cities-2\/","name":"Energy Cities - Global Cities Hub","isPartOf":{"@id":"https:\/\/globalcitieshub.org\/fr\/#website"},"primaryImageOfPage":{"@id":"https:\/\/globalcitieshub.org\/fr\/energy-cities-2\/#primaryimage"},"image":{"@id":"https:\/\/globalcitieshub.org\/fr\/energy-cities-2\/#primaryimage"},"thumbnailUrl":"https:\/\/globalcitieshub.org\/wp-content\/uploads\/2022\/02\/CITIES-ALLIANCE-2.png","datePublished":"2026-02-18T09:38:23+00:00","dateModified":"2026-02-18T09:44:51+00:00","description":"Energy Cities est une association qui offre une plateforme politique aux grandes villes europ\u00e9ennes.","inLanguage":"fr-FR","potentialAction":[{"@type":"ReadAction","target":["https:\/\/globalcitieshub.org\/fr\/energy-cities-2\/"]}]},{"@type":"ImageObject","inLanguage":"fr-FR","@id":"https:\/\/globalcitieshub.org\/fr\/energy-cities-2\/#primaryimage","url":"https:\/\/globalcitieshub.org\/wp-content\/uploads\/2022\/02\/CITIES-ALLIANCE-2.png","contentUrl":"https:\/\/globalcitieshub.org\/wp-content\/uploads\/2022\/02\/CITIES-ALLIANCE-2.png","width":1600,"height":900},{"@type":"WebSite","@id":"https:\/\/globalcitieshub.org\/fr\/#website","url":"https:\/\/globalcitieshub.org\/fr\/","name":"Global Cities Hub","description":"Relier les gouvernements locaux et r\u00e9gionaux aux Nations unies et \u00e0 d'autres organisations internationales","publisher":{"@id":"https:\/\/globalcitieshub.org\/fr\/#organization"},"potentialAction":[{"@type":"SearchAction","target":{"@type":"EntryPoint","urlTemplate":"https:\/\/globalcitieshub.org\/fr\/?s={search_term_string}"},"query-input":{"@type":"PropertyValueSpecification","valueRequired":true,"valueName":"search_term_string"}}],"inLanguage":"fr-FR"},{"@type":"Organization","@id":"https:\/\/globalcitieshub.org\/fr\/#organization","name":"Global Cities Hub","url":"https:\/\/globalcitieshub.org\/fr\/","logo":{"@type":"ImageObject","inLanguage":"fr-FR","@id":"https:\/\/globalcitieshub.org\/fr\/#\/schema\/logo\/image\/","url":"https:\/\/globalcitieshub.org\/wp-content\/uploads\/2023\/09\/230829_Logo_Global_Cities_Hub_Couleur_fond-blanc_RVB.png","contentUrl":"https:\/\/globalcitieshub.org\/wp-content\/uploads\/2023\/09\/230829_Logo_Global_Cities_Hub_Couleur_fond-blanc_RVB.png","width":2544,"height":1446,"caption":"Global Cities Hub"},"image":{"@id":"https:\/\/globalcitieshub.org\/fr\/#\/schema\/logo\/image\/"},"sameAs":["https:\/\/x.com\/genevacitieshub"]}]}},"_links":{"self":[{"href":"https:\/\/globalcitieshub.org\/fr\/wp-json\/wp\/v2\/pages\/27221","targetHints":{"allow":["GET"]}}],"collection":[{"href":"https:\/\/globalcitieshub.org\/fr\/wp-json\/wp\/v2\/pages"}],"about":[{"href":"https:\/\/globalcitieshub.org\/fr\/wp-json\/wp\/v2\/types\/page"}],"author":[{"embeddable":true,"href":"https:\/\/globalcitieshub.org\/fr\/wp-json\/wp\/v2\/users\/1"}],"replies":[{"embeddable":true,"href":"https:\/\/globalcitieshub.org\/fr\/wp-json\/wp\/v2\/comments?post=27221"}],"version-history":[{"count":3,"href":"https:\/\/globalcitieshub.org\/fr\/wp-json\/wp\/v2\/pages\/27221\/revisions"}],"predecessor-version":[{"id":27224,"href":"https:\/\/globalcitieshub.org\/fr\/wp-json\/wp\/v2\/pages\/27221\/revisions\/27224"}],"wp:featuredmedia":[{"embeddable":true,"href":"https:\/\/globalcitieshub.org\/fr\/wp-json\/wp\/v2\/media\/15211"}],"wp:attachment":[{"href":"https:\/\/globalcitieshub.org\/fr\/wp-json\/wp\/v2\/media?parent=27221"}],"curies":[{"name":"wp","href":"https:\/\/api.w.org\/{rel}","templated":true}]}}