{"id":26967,"date":"2026-02-16T11:51:14","date_gmt":"2026-02-16T10:51:14","guid":{"rendered":"https:\/\/globalcitieshub.org\/?page_id=26967"},"modified":"2026-02-16T16:44:04","modified_gmt":"2026-02-16T15:44:04","slug":"city-directors-of-international-affairs-network","status":"publish","type":"page","link":"https:\/\/globalcitieshub.org\/fr\/city-directors-of-international-affairs-network\/","title":{"rendered":"R\u00e9seau des directeurs municipaux des affaires internationales"},"content":{"rendered":"<div data-elementor-type=\"wp-page\" data-elementor-id=\"26967\" class=\"elementor elementor-26967\">\n\t\t\t\t\t\t<section class=\"elementor-section elementor-top-section elementor-element elementor-element-c72a1af elementor-section-boxed elementor-section-height-default elementor-section-height-default\" data-id=\"c72a1af\" data-element_type=\"section\" data-e-type=\"section\">\n\t\t\t\t\t\t<div class=\"elementor-container elementor-column-gap-default\">\n\t\t\t\t\t<div class=\"elementor-column elementor-col-100 elementor-top-column elementor-element elementor-element-570c445\" data-id=\"570c445\" data-element_type=\"column\" data-e-type=\"column\">\n\t\t\t<div class=\"elementor-widget-wrap elementor-element-populated\">\n\t\t\t\t\t\t<div class=\"elementor-element elementor-element-94fdb47 elementor-widget elementor-widget-text-editor\" data-id=\"94fdb47\" data-element_type=\"widget\" data-e-type=\"widget\" data-widget_type=\"text-editor.default\">\n\t\t\t\t<div class=\"elementor-widget-container\">\n\t\t\t\t\t\t\t\t\t<p><strong><span style=\"color: #000000;\">Le German Marshall Fund (GMF), en tant qu'organisation cr\u00e9\u00e9e dans le but de renforcer la coop\u00e9ration transatlantique et dot\u00e9e d'un programme unique sur les villes, contribue \u00e0 promouvoir le r\u00f4le des villes dans la r\u00e9solution des d\u00e9fis mondiaux de notre \u00e9poque et \u00e0 faire en sorte que les liens au niveau local soient une source de r\u00e9silience et d'endurance pour les valeurs et les pratiques de la coop\u00e9ration transatlantique.<\/span><\/strong><\/p><p><span style=\"color: #000000;\">En 2020, GMF Cities a cr\u00e9\u00e9 un r\u00e9seau de et pour les directeurs municipaux des affaires internationales (CDIA) d'Europe et d'Am\u00e9rique du Nord. Ces professionnels de l'administration municipale apprennent les uns des autres et se consultent, d\u00e9veloppent des relations et \u00e9largissent leur r\u00e9seau, coordonnent des activit\u00e9s et obtiennent rapidement des id\u00e9es et du soutien gr\u00e2ce \u00e0 ce r\u00e9seau de confiance, qui comprend plus de 80 villes dans plus de 25 pays.<\/span><\/p><p>\u00a0<\/p><h4><span style=\"color: #000000;\"><strong>OBJECTIFS PRINCIPAUX<\/strong><\/span><\/h4><p>\u00a0<\/p><ul><li><span style=\"color: #000000;\">Renforcer la coop\u00e9ration internationale et l'apprentissage entre les villes sur des questions mondiales cruciales<\/span><\/li><li><span style=\"color: #000000;\">Renforcer et am\u00e9liorer les capacit\u00e9s de diplomatie des villes dans les villes<\/span><\/li><li><span style=\"color: #000000;\">Renforcer la confiance entre les fonctionnaires municipaux et d\u00e9velopper leur r\u00e9seau transatlantique de pairs<\/span><\/li><li><span style=\"color: #000000;\">Partager des pratiques et des politiques innovantes sur des probl\u00e8mes communs<\/span><\/li><li><span style=\"color: #000000;\">Accro\u00eetre la reconnaissance de la pertinence des villes en tant qu'acteurs internationaux, ainsi que les avantages de leur r\u00f4le accru dans la r\u00e9solution des probl\u00e8mes mondiaux.<\/span><\/li><\/ul><p>\u00a0<\/p><h4><span style=\"color: #000000;\"><strong>PROJETS CL\u00c9S<\/strong><\/span><\/h4><p>\u00a0<\/p><p><span style=\"color: #000000;\">Le <a style=\"color: #000000;\" href=\"https:\/\/www.gmfus.org\/external-relations\/gmf-cities\">Villes du FMV<\/a> met en \u0153uvre un certain nombre de projets et d'activit\u00e9s en collaboration avec des villes europ\u00e9ennes et nord-am\u00e9ricaines et des dirigeants locaux afin de promouvoir et de renforcer la d\u00e9mocratie, de promouvoir la justice sociale, \u00e9conomique et climatique, et de faire progresser le r\u00f4le des villes dans les relations internationales.<\/span><\/p><p><span style=\"color: #000000;\">Dans le cadre du r\u00e9seau des directeurs municipaux des affaires internationales (CDIA) du FMV, les participants sont invit\u00e9s \u00e0 des sessions virtuelles \u00e0 huis clos sur des sujets d'actualit\u00e9, \u00e0 des r\u00e9unions r\u00e9guli\u00e8res en personne et \u00e0 des opportunit\u00e9s de d\u00e9veloppement professionnel.<\/span><\/p><p>\u00a0<\/p><h4><span style=\"color: #000000;\"><strong>S'IMPLIQUER<\/strong><\/span><\/h4><p>\u00a0<\/p><p><span style=\"color: #000000;\">Les parties prenantes int\u00e9ress\u00e9es ou travaillant dans le domaine des villes et de l'engagement international ne doivent pas h\u00e9siter \u00e0 nous contacter pour explorer les possibilit\u00e9s d'engagement dans le r\u00e9seau et les opportunit\u00e9s de partenariat. Nous pr\u00e9sentons r\u00e9guli\u00e8rement le travail et l'expertise d'organisations internationales, de d\u00e9cideurs politiques et d'universitaires, lorsqu'ils sont pertinents pour les praticiens en charge des activit\u00e9s et de la strat\u00e9gie internationales de leur ville.<\/span><\/p><p><span style=\"color: #000000;\">Les directeurs des affaires internationales des villes ou \u00e9quivalents (fonctionnaires locaux non \u00e9lus ayant cette responsabilit\u00e9) d'Europe et d'Am\u00e9rique du Nord sont invit\u00e9s \u00e0 contacter l'\u00e9quipe de GMF Cities pour recevoir des invitations et de plus amples informations sur le r\u00e9seau.<\/span><\/p><p>\u00a0<\/p><h4><span style=\"color: #000000;\"><strong>INFORMATIONS DE CONTACT<\/strong><\/span><\/h4>\t\t\t\t\t\t\t\t<\/div>\n\t\t\t\t<\/div>\n\t\t\t\t\t<\/div>\n\t\t<\/div>\n\t\t\t\t\t<\/div>\n\t\t<\/section>\n\t\t\t\t<section class=\"elementor-section elementor-top-section elementor-element elementor-element-e00b490 elementor-section-boxed elementor-section-height-default elementor-section-height-default\" data-id=\"e00b490\" data-element_type=\"section\" data-e-type=\"section\">\n\t\t\t\t\t\t<div class=\"elementor-container elementor-column-gap-default\">\n\t\t\t\t\t<div class=\"elementor-column elementor-col-33 elementor-top-column elementor-element elementor-element-aca89db\" data-id=\"aca89db\" data-element_type=\"column\" data-e-type=\"column\">\n\t\t\t<div class=\"elementor-widget-wrap elementor-element-populated\">\n\t\t\t\t\t\t<div class=\"elementor-element elementor-element-84fdc39 elementor-align-center elementor-widget elementor-widget-button\" data-id=\"84fdc39\" data-element_type=\"widget\" data-e-type=\"widget\" data-widget_type=\"button.default\">\n\t\t\t\t<div class=\"elementor-widget-container\">\n\t\t\t\t\t\t\t\t\t<div class=\"elementor-button-wrapper\">\n\t\t\t\t\t<a class=\"elementor-button elementor-button-link elementor-size-sm\" href=\"https:\/\/www.gmfus.org\/external-relations\/gmf-cities\">\n\t\t\t\t\t\t<span class=\"elementor-button-content-wrapper\">\n\t\t\t\t\t\t\t\t\t<span class=\"elementor-button-text\">Site web du r\u00e9seau des directeurs municipaux des affaires internationales (CDIA)<\/span>\n\t\t\t\t\t<\/span>\n\t\t\t\t\t<\/a>\n\t\t\t\t<\/div>\n\t\t\t\t\t\t\t\t<\/div>\n\t\t\t\t<\/div>\n\t\t\t\t\t<\/div>\n\t\t<\/div>\n\t\t\t\t<div class=\"elementor-column elementor-col-33 elementor-top-column elementor-element elementor-element-90d02f7\" data-id=\"90d02f7\" data-element_type=\"column\" data-e-type=\"column\">\n\t\t\t<div class=\"elementor-widget-wrap elementor-element-populated\">\n\t\t\t\t\t\t<div class=\"elementor-element elementor-element-69d662c elementor-align-center elementor-widget elementor-widget-button\" data-id=\"69d662c\" data-element_type=\"widget\" data-e-type=\"widget\" data-widget_type=\"button.default\">\n\t\t\t\t<div class=\"elementor-widget-container\">\n\t\t\t\t\t\t\t\t\t<div class=\"elementor-button-wrapper\">\n\t\t\t\t\t<a class=\"elementor-button elementor-button-link elementor-size-sm\" href=\"mailto:pcostello@gmfus.org\">\n\t\t\t\t\t\t<span class=\"elementor-button-content-wrapper\">\n\t\t\t\t\t\t<span class=\"elementor-button-icon\">\n\t\t\t\t<i aria-hidden=\"true\" class=\"far fa-user\"><\/i>\t\t\t<\/span>\n\t\t\t\t\t\t\t\t\t<span class=\"elementor-button-text\">M. PAUL COSTELLO <br> Gestionnaire principal - GMF Cities<\/span>\n\t\t\t\t\t<\/span>\n\t\t\t\t\t<\/a>\n\t\t\t\t<\/div>\n\t\t\t\t\t\t\t\t<\/div>\n\t\t\t\t<\/div>\n\t\t\t\t\t<\/div>\n\t\t<\/div>\n\t\t\t\t<div class=\"elementor-column elementor-col-33 elementor-top-column elementor-element elementor-element-7c22e2e\" data-id=\"7c22e2e\" data-element_type=\"column\" data-e-type=\"column\">\n\t\t\t<div class=\"elementor-widget-wrap\">\n\t\t\t\t\t\t\t<\/div>\n\t\t<\/div>\n\t\t\t\t\t<\/div>\n\t\t<\/section>\n\t\t\t\t<\/div>","protected":false},"excerpt":{"rendered":"<p>Le German Marshall Fund (GMF), en tant qu'organisation cr\u00e9\u00e9e dans le but de renforcer la coop\u00e9ration transatlantique et dot\u00e9e d'un programme unique sur les villes, contribue \u00e0 promouvoir le r\u00f4le des villes pour relever les d\u00e9fis mondiaux de notre \u00e9poque, et \u00e0 faire en sorte que les liens au niveau local soient une source de r\u00e9silience et d'endurance pour les valeurs et la pratique de la coop\u00e9ration transatlantique... <\/p>","protected":false},"author":1,"featured_media":26968,"parent":0,"menu_order":0,"comment_status":"closed","ping_status":"closed","template":"","meta":{"_monsterinsights_skip_tracking":false,"_monsterinsights_sitenote_active":false,"_monsterinsights_sitenote_note":"","_monsterinsights_sitenote_category":0,"footnotes":""},"class_list":["post-26967","page","type-page","status-publish","has-post-thumbnail","hentry"],"yoast_head":"<!-- This site is optimized with the Yoast SEO plugin v27.4 - https:\/\/yoast.com\/product\/yoast-seo-wordpress\/ -->\n<title>City Directors of International Affairs Network - Global Cities Hub<\/title>\n<meta name=\"robots\" content=\"index, follow, max-snippet:-1, max-image-preview:large, max-video-preview:-1\" \/>\n<link rel=\"canonical\" href=\"https:\/\/globalcitieshub.org\/fr\/city-directors-of-international-affairs-network\/\" \/>\n<meta property=\"og:locale\" content=\"fr_FR\" \/>\n<meta property=\"og:type\" content=\"article\" \/>\n<meta property=\"og:title\" content=\"City Directors of International Affairs Network - Global Cities Hub\" \/>\n<meta property=\"og:description\" content=\"The German Marshall Fund (GMF), as an organization established with the mission of strengthening transatlantic cooperation and with a unique Cities program, helps advance the role of cities in addressing global challenges of our time, and for local level ties to be a source of resilience and endurance for the values and practice of transatlantic &hellip;\" \/>\n<meta property=\"og:url\" content=\"https:\/\/globalcitieshub.org\/fr\/city-directors-of-international-affairs-network\/\" \/>\n<meta property=\"og:site_name\" content=\"Global Cities Hub\" \/>\n<meta property=\"article:modified_time\" content=\"2026-02-16T15:44:04+00:00\" \/>\n<meta property=\"og:image\" content=\"https:\/\/globalcitieshub.org\/wp-content\/uploads\/2026\/02\/City-Directors-of-International-Affairs-Network.png\" \/>\n\t<meta property=\"og:image:width\" content=\"1600\" \/>\n\t<meta property=\"og:image:height\" content=\"900\" \/>\n\t<meta property=\"og:image:type\" content=\"image\/png\" \/>\n<meta name=\"twitter:card\" content=\"summary_large_image\" \/>\n<meta name=\"twitter:site\" content=\"@genevacitieshub\" \/>\n<meta name=\"twitter:label1\" content=\"Dur\u00e9e de lecture estim\u00e9e\" \/>\n\t<meta name=\"twitter:data1\" content=\"2 minutes\" \/>\n<script type=\"application\/ld+json\" class=\"yoast-schema-graph\">{\"@context\":\"https:\\\/\\\/schema.org\",\"@graph\":[{\"@type\":\"WebPage\",\"@id\":\"https:\\\/\\\/globalcitieshub.org\\\/fr\\\/city-directors-of-international-affairs-network\\\/\",\"url\":\"https:\\\/\\\/globalcitieshub.org\\\/fr\\\/city-directors-of-international-affairs-network\\\/\",\"name\":\"City Directors of International Affairs Network - Global Cities Hub\",\"isPartOf\":{\"@id\":\"https:\\\/\\\/globalcitieshub.org\\\/fr\\\/#website\"},\"primaryImageOfPage\":{\"@id\":\"https:\\\/\\\/globalcitieshub.org\\\/fr\\\/city-directors-of-international-affairs-network\\\/#primaryimage\"},\"image\":{\"@id\":\"https:\\\/\\\/globalcitieshub.org\\\/fr\\\/city-directors-of-international-affairs-network\\\/#primaryimage\"},\"thumbnailUrl\":\"https:\\\/\\\/globalcitieshub.org\\\/wp-content\\\/uploads\\\/2026\\\/02\\\/City-Directors-of-International-Affairs-Network.png\",\"datePublished\":\"2026-02-16T10:51:14+00:00\",\"dateModified\":\"2026-02-16T15:44:04+00:00\",\"inLanguage\":\"fr-FR\",\"potentialAction\":[{\"@type\":\"ReadAction\",\"target\":[\"https:\\\/\\\/globalcitieshub.org\\\/fr\\\/city-directors-of-international-affairs-network\\\/\"]}]},{\"@type\":\"ImageObject\",\"inLanguage\":\"fr-FR\",\"@id\":\"https:\\\/\\\/globalcitieshub.org\\\/fr\\\/city-directors-of-international-affairs-network\\\/#primaryimage\",\"url\":\"https:\\\/\\\/globalcitieshub.org\\\/wp-content\\\/uploads\\\/2026\\\/02\\\/City-Directors-of-International-Affairs-Network.png\",\"contentUrl\":\"https:\\\/\\\/globalcitieshub.org\\\/wp-content\\\/uploads\\\/2026\\\/02\\\/City-Directors-of-International-Affairs-Network.png\",\"width\":1600,\"height\":900},{\"@type\":\"WebSite\",\"@id\":\"https:\\\/\\\/globalcitieshub.org\\\/fr\\\/#website\",\"url\":\"https:\\\/\\\/globalcitieshub.org\\\/fr\\\/\",\"name\":\"Global Cities Hub\",\"description\":\"Connecting local and regional governments to the United Nations and other  international organizations\",\"publisher\":{\"@id\":\"https:\\\/\\\/globalcitieshub.org\\\/fr\\\/#organization\"},\"potentialAction\":[{\"@type\":\"SearchAction\",\"target\":{\"@type\":\"EntryPoint\",\"urlTemplate\":\"https:\\\/\\\/globalcitieshub.org\\\/fr\\\/?s={search_term_string}\"},\"query-input\":{\"@type\":\"PropertyValueSpecification\",\"valueRequired\":true,\"valueName\":\"search_term_string\"}}],\"inLanguage\":\"fr-FR\"},{\"@type\":\"Organization\",\"@id\":\"https:\\\/\\\/globalcitieshub.org\\\/fr\\\/#organization\",\"name\":\"Global Cities Hub\",\"url\":\"https:\\\/\\\/globalcitieshub.org\\\/fr\\\/\",\"logo\":{\"@type\":\"ImageObject\",\"inLanguage\":\"fr-FR\",\"@id\":\"https:\\\/\\\/globalcitieshub.org\\\/fr\\\/#\\\/schema\\\/logo\\\/image\\\/\",\"url\":\"https:\\\/\\\/globalcitieshub.org\\\/wp-content\\\/uploads\\\/2023\\\/09\\\/230829_Logo_Global_Cities_Hub_Couleur_fond-blanc_RVB.png\",\"contentUrl\":\"https:\\\/\\\/globalcitieshub.org\\\/wp-content\\\/uploads\\\/2023\\\/09\\\/230829_Logo_Global_Cities_Hub_Couleur_fond-blanc_RVB.png\",\"width\":2544,\"height\":1446,\"caption\":\"Global Cities Hub\"},\"image\":{\"@id\":\"https:\\\/\\\/globalcitieshub.org\\\/fr\\\/#\\\/schema\\\/logo\\\/image\\\/\"},\"sameAs\":[\"https:\\\/\\\/x.com\\\/genevacitieshub\"]}]}<\/script>\n<!-- \/ Yoast SEO plugin. -->","yoast_head_json":{"title":"R\u00e9seau des directeurs municipaux des affaires internationales - Global Cities Hub","robots":{"index":"index","follow":"follow","max-snippet":"max-snippet:-1","max-image-preview":"max-image-preview:large","max-video-preview":"max-video-preview:-1"},"canonical":"https:\/\/globalcitieshub.org\/fr\/city-directors-of-international-affairs-network\/","og_locale":"fr_FR","og_type":"article","og_title":"City Directors of International Affairs Network - Global Cities Hub","og_description":"The German Marshall Fund (GMF), as an organization established with the mission of strengthening transatlantic cooperation and with a unique Cities program, helps advance the role of cities in addressing global challenges of our time, and for local level ties to be a source of resilience and endurance for the values and practice of transatlantic &hellip;","og_url":"https:\/\/globalcitieshub.org\/fr\/city-directors-of-international-affairs-network\/","og_site_name":"Global Cities Hub","article_modified_time":"2026-02-16T15:44:04+00:00","og_image":[{"width":1600,"height":900,"url":"https:\/\/globalcitieshub.org\/wp-content\/uploads\/2026\/02\/City-Directors-of-International-Affairs-Network.png","type":"image\/png"}],"twitter_card":"summary_large_image","twitter_site":"@genevacitieshub","twitter_misc":{"Dur\u00e9e de lecture estim\u00e9e":"2 minutes"},"schema":{"@context":"https:\/\/schema.org","@graph":[{"@type":"WebPage","@id":"https:\/\/globalcitieshub.org\/fr\/city-directors-of-international-affairs-network\/","url":"https:\/\/globalcitieshub.org\/fr\/city-directors-of-international-affairs-network\/","name":"R\u00e9seau des directeurs municipaux des affaires internationales - Global Cities Hub","isPartOf":{"@id":"https:\/\/globalcitieshub.org\/fr\/#website"},"primaryImageOfPage":{"@id":"https:\/\/globalcitieshub.org\/fr\/city-directors-of-international-affairs-network\/#primaryimage"},"image":{"@id":"https:\/\/globalcitieshub.org\/fr\/city-directors-of-international-affairs-network\/#primaryimage"},"thumbnailUrl":"https:\/\/globalcitieshub.org\/wp-content\/uploads\/2026\/02\/City-Directors-of-International-Affairs-Network.png","datePublished":"2026-02-16T10:51:14+00:00","dateModified":"2026-02-16T15:44:04+00:00","inLanguage":"fr-FR","potentialAction":[{"@type":"ReadAction","target":["https:\/\/globalcitieshub.org\/fr\/city-directors-of-international-affairs-network\/"]}]},{"@type":"ImageObject","inLanguage":"fr-FR","@id":"https:\/\/globalcitieshub.org\/fr\/city-directors-of-international-affairs-network\/#primaryimage","url":"https:\/\/globalcitieshub.org\/wp-content\/uploads\/2026\/02\/City-Directors-of-International-Affairs-Network.png","contentUrl":"https:\/\/globalcitieshub.org\/wp-content\/uploads\/2026\/02\/City-Directors-of-International-Affairs-Network.png","width":1600,"height":900},{"@type":"WebSite","@id":"https:\/\/globalcitieshub.org\/fr\/#website","url":"https:\/\/globalcitieshub.org\/fr\/","name":"Global Cities Hub","description":"Relier les gouvernements locaux et r\u00e9gionaux aux Nations unies et \u00e0 d'autres organisations internationales","publisher":{"@id":"https:\/\/globalcitieshub.org\/fr\/#organization"},"potentialAction":[{"@type":"SearchAction","target":{"@type":"EntryPoint","urlTemplate":"https:\/\/globalcitieshub.org\/fr\/?s={search_term_string}"},"query-input":{"@type":"PropertyValueSpecification","valueRequired":true,"valueName":"search_term_string"}}],"inLanguage":"fr-FR"},{"@type":"Organization","@id":"https:\/\/globalcitieshub.org\/fr\/#organization","name":"Global Cities Hub","url":"https:\/\/globalcitieshub.org\/fr\/","logo":{"@type":"ImageObject","inLanguage":"fr-FR","@id":"https:\/\/globalcitieshub.org\/fr\/#\/schema\/logo\/image\/","url":"https:\/\/globalcitieshub.org\/wp-content\/uploads\/2023\/09\/230829_Logo_Global_Cities_Hub_Couleur_fond-blanc_RVB.png","contentUrl":"https:\/\/globalcitieshub.org\/wp-content\/uploads\/2023\/09\/230829_Logo_Global_Cities_Hub_Couleur_fond-blanc_RVB.png","width":2544,"height":1446,"caption":"Global Cities Hub"},"image":{"@id":"https:\/\/globalcitieshub.org\/fr\/#\/schema\/logo\/image\/"},"sameAs":["https:\/\/x.com\/genevacitieshub"]}]}},"_links":{"self":[{"href":"https:\/\/globalcitieshub.org\/fr\/wp-json\/wp\/v2\/pages\/26967","targetHints":{"allow":["GET"]}}],"collection":[{"href":"https:\/\/globalcitieshub.org\/fr\/wp-json\/wp\/v2\/pages"}],"about":[{"href":"https:\/\/globalcitieshub.org\/fr\/wp-json\/wp\/v2\/types\/page"}],"author":[{"embeddable":true,"href":"https:\/\/globalcitieshub.org\/fr\/wp-json\/wp\/v2\/users\/1"}],"replies":[{"embeddable":true,"href":"https:\/\/globalcitieshub.org\/fr\/wp-json\/wp\/v2\/comments?post=26967"}],"version-history":[{"count":14,"href":"https:\/\/globalcitieshub.org\/fr\/wp-json\/wp\/v2\/pages\/26967\/revisions"}],"predecessor-version":[{"id":27120,"href":"https:\/\/globalcitieshub.org\/fr\/wp-json\/wp\/v2\/pages\/26967\/revisions\/27120"}],"wp:featuredmedia":[{"embeddable":true,"href":"https:\/\/globalcitieshub.org\/fr\/wp-json\/wp\/v2\/media\/26968"}],"wp:attachment":[{"href":"https:\/\/globalcitieshub.org\/fr\/wp-json\/wp\/v2\/media?parent=26967"}],"curies":[{"name":"wp","href":"https:\/\/api.w.org\/{rel}","templated":true}]}}