{"id":17811,"date":"2022-09-29T16:26:16","date_gmt":"2022-09-29T14:26:16","guid":{"rendered":"https:\/\/www.genevacitieshub.org\/?page_id=17811"},"modified":"2026-02-18T10:31:20","modified_gmt":"2026-02-18T09:31:20","slug":"world-smart-sustainable-cities-organization","status":"publish","type":"page","link":"https:\/\/globalcitieshub.org\/fr\/world-smart-sustainable-cities-organization\/","title":{"rendered":"WORLD SMART SUSTAINABLE CITIES ORGANIZATION (WeGO)"},"content":{"rendered":"<div data-elementor-type=\"wp-page\" data-elementor-id=\"17811\" class=\"elementor elementor-17811\">\n\t\t\t\t\t\t<section class=\"elementor-section elementor-top-section elementor-element elementor-element-f161177 elementor-section-boxed elementor-section-height-default elementor-section-height-default\" data-id=\"f161177\" data-element_type=\"section\" data-e-type=\"section\">\n\t\t\t\t\t\t<div class=\"elementor-container elementor-column-gap-default\">\n\t\t\t\t\t<div class=\"elementor-column elementor-col-100 elementor-top-column elementor-element elementor-element-b09feb7\" data-id=\"b09feb7\" data-element_type=\"column\" data-e-type=\"column\">\n\t\t\t<div class=\"elementor-widget-wrap elementor-element-populated\">\n\t\t\t\t\t\t<div class=\"elementor-element elementor-element-3d7c7ef elementor-widget elementor-widget-text-editor\" data-id=\"3d7c7ef\" data-element_type=\"widget\" data-e-type=\"widget\" data-widget_type=\"text-editor.default\">\n\t\t\t\t<div class=\"elementor-widget-container\">\n\t\t\t\t\t\t\t\t\t<h4><span style=\"color: #000000;\"><strong>L'Organisation mondiale des villes intelligentes et durables (WeGO) est une association internationale de collectivit\u00e9s locales, d'entreprises et d'institutions qui s'engagent \u00e0 transformer les villes en villes intelligentes et durables.<\/strong><\/span><\/h4><h4><span style=\"color: #000000;\"><strong>Actuellement, WeGO compte 215 membres, dont 163 collectivit\u00e9s locales, 35 entreprises et 16 autres institutions. Les membres sont r\u00e9partis dans le monde entier, avec une forte pr\u00e9sence en Asie (76 membres) et en Afrique (47 membres).<\/strong><\/span><\/h4><h4><span style=\"color: #000000;\"><strong>La ville pr\u00e9sidente de WeGO est S\u00e9oul, soutenue par 6 villes vice-pr\u00e9sidentes. WeGO poss\u00e8de \u00e9galement 5 bureaux r\u00e9gionaux \u00e0 Chengdu (Chine), Ulyanovsk (Russie), Beyo\u011flu (Turquie), Mexico (Mexique) et Abuja (Nigeria).<\/strong><\/span><\/h4><h4><span style=\"color: #000000;\"><strong>L'organisation est dirig\u00e9e par un comit\u00e9 ex\u00e9cutif de 17 membres, qui se r\u00e9unit chaque ann\u00e9e, et par une assembl\u00e9e g\u00e9n\u00e9rale de tous les membres, qui se r\u00e9unit tous les 3 ans.<\/strong><\/span><\/h4><div><span style=\"color: #000000;\"><strong>\u00a0<\/strong><\/span><\/div>\t\t\t\t\t\t\t\t<\/div>\n\t\t\t\t<\/div>\n\t\t\t\t<div class=\"elementor-element elementor-element-f75c950 elementor-widget elementor-widget-text-editor\" data-id=\"f75c950\" data-element_type=\"widget\" data-e-type=\"widget\" data-widget_type=\"text-editor.default\">\n\t\t\t\t<div class=\"elementor-widget-container\">\n\t\t\t\t\t\t\t\t\t<blockquote><p><span style=\"color: #000000;\">\"La vision de WeGO est de cr\u00e9er des villes qui assurent une durabilit\u00e9 \u00e9conomique, sociale et environnementale durable en exploitant la puissance des technologies num\u00e9riques, en faisant participer les dirigeants et les communaut\u00e9s des villes, en int\u00e9grant tous les secteurs et toutes les disciplines, et en acc\u00e9dant \u00e0 des investissements pour le d\u00e9veloppement de villes durables intelligentes afin d'am\u00e9liorer l'efficacit\u00e9 des op\u00e9rations et des services urbains, la qualit\u00e9 de vie, ainsi que la prosp\u00e9rit\u00e9 \u00e9conomique et les services pour les communaut\u00e9s des villes.\"<\/span><\/p><\/blockquote>\t\t\t\t\t\t\t\t<\/div>\n\t\t\t\t<\/div>\n\t\t\t\t<div class=\"elementor-element elementor-element-8614973 elementor-widget elementor-widget-text-editor\" data-id=\"8614973\" data-element_type=\"widget\" data-e-type=\"widget\" data-widget_type=\"text-editor.default\">\n\t\t\t\t<div class=\"elementor-widget-container\">\n\t\t\t\t\t\t\t\t\t<h4><span style=\"color: #000000;\"><strong>OBJECTIFS PRINCIPAUX<\/strong><\/span><\/h4><p>\u00a0<\/p><p>WeGO vise \u00e0 d\u00e9velopper des villes intelligentes centr\u00e9es sur les personnes et \u00e0 promouvoir l'\u00e9thique num\u00e9rique. Notre engagement consiste \u00e0 cr\u00e9er des villes intelligentes durables par le biais de partenariats public-priv\u00e9 (PPP) en ajoutant un quatri\u00e8me \"P\" pour \"personnes\". La d\u00e9finition de la ville intelligente de WeGO souligne que le but ultime d'une ville doit \u00eatre d'am\u00e9liorer la qualit\u00e9 de vie de ses citoyens. En outre, nos objectifs sont les suivants :\u00a0<\/p><p>- Promouvoir et faciliter la transformation des villes en villes intelligentes et durables dans le monde entier.<\/p><p>- \u00catre une plateforme mondiale qui permet aux villes d'am\u00e9liorer leurs capacit\u00e9s num\u00e9riques et de tirer parti de leur potentiel d'innovation dans le but de d\u00e9velopper des solutions transformatrices pour des villes intelligentes et durables.<\/p><p>- Favoriser les \u00e9changes internationaux, la coop\u00e9ration et l'apprentissage entre les villes.<\/p><div style=\"text-align: justify;\">\u00a0<\/div>\t\t\t\t\t\t\t\t<\/div>\n\t\t\t\t<\/div>\n\t\t\t\t<div class=\"elementor-element elementor-element-07be047 elementor-widget elementor-widget-text-editor\" data-id=\"07be047\" data-element_type=\"widget\" data-e-type=\"widget\" data-widget_type=\"text-editor.default\">\n\t\t\t\t<div class=\"elementor-widget-container\">\n\t\t\t\t\t\t\t\t\t<h4><span style=\"color: #000000;\"><strong>PROJETS CL\u00c9S<\/strong><\/span><\/h4><div><span style=\"color: #000000;\"><strong>\u00a0<\/strong><\/span><\/div><p><strong>Partage des connaissances et \u00e9v\u00e9nements de mise en r\u00e9seau.<\/strong> Cette ann\u00e9e, WeGO contribue \u00e0 l'organisation du Seoul Leaders Forum (septembre) et du Comit\u00e9 ex\u00e9cutif de WeGO, accueilli par Kampala (novembre). L'ann\u00e9e prochaine, WeGO participera au lancement des Seoul Global City Awards lors de l'\u00e9dition 2023 du Seoul Leaders Forum.<\/p><p><strong>Programmes de recherche.<\/strong> Il s'agit notamment de l'indice WeGO ESG Smart City, actuellement en cours de d\u00e9veloppement.<\/p><p><br \/><strong>Renforcement des capacit\u00e9s.<\/strong> Cette ann\u00e9e, WeGO a organis\u00e9 avec succ\u00e8s son programme pour les jeunes, WeGO Smart City Champions, et co-organise plusieurs programmes de formation avec certains de ses partenaires, notamment l'Agence nationale de la soci\u00e9t\u00e9 de l'information (NIA), le Centre de d\u00e9veloppement des ressources humaines de S\u00e9oul (SHRDC) et le bureau r\u00e9gional de Chengdu.<\/p><p><br \/><strong>D\u00e9ploiement des actions de la ville intelligente.<\/strong> WeGO m\u00e8ne une s\u00e9rie d'activit\u00e9s qui aident les gouvernements locaux \u00e0 planifier et \u00e0 d\u00e9ployer des projets de villes intelligentes. En septembre, WeGO organisera la prochaine \u00e9dition de sa s\u00e9rie de webinaires de jumelage \"Solutions Meet Cities\", qui aide les villes \u00e0 entrer en contact avec des fournisseurs de solutions dans le domaine du transport intelligent.<\/p><p>Le r\u00f4le de WeGO en tant que plateforme d'\u00e9change de connaissances mondiales devient plus important \u00e0 mesure que la num\u00e9risation s'acc\u00e9l\u00e8re. Nous sommes plus sollicit\u00e9s que jamais pour pr\u00e9parer et aider les villes du monde entier \u00e0 surmonter les nouveaux d\u00e9fis li\u00e9s \u00e0 la num\u00e9risation. Pour y r\u00e9pondre, nous d\u00e9veloppons constamment nos programmes existants et en cr\u00e9ons de nouveaux.<\/p>\t\t\t\t\t\t\t\t<\/div>\n\t\t\t\t<\/div>\n\t\t\t\t<div class=\"elementor-element elementor-element-0b44154 elementor-widget elementor-widget-spacer\" data-id=\"0b44154\" data-element_type=\"widget\" data-e-type=\"widget\" data-widget_type=\"spacer.default\">\n\t\t\t\t<div class=\"elementor-widget-container\">\n\t\t\t\t\t\t\t<div class=\"elementor-spacer\">\n\t\t\t<div class=\"elementor-spacer-inner\"><\/div>\n\t\t<\/div>\n\t\t\t\t\t\t<\/div>\n\t\t\t\t<\/div>\n\t\t\t\t<div class=\"elementor-element elementor-element-109197a elementor-widget elementor-widget-text-editor\" data-id=\"109197a\" data-element_type=\"widget\" data-e-type=\"widget\" data-widget_type=\"text-editor.default\">\n\t\t\t\t<div class=\"elementor-widget-container\">\n\t\t\t\t\t\t\t\t\t<h4><strong><span style=\"color: #000000;\">INFORMATIONS DE CONTACT<\/span><\/strong><\/h4>\t\t\t\t\t\t\t\t<\/div>\n\t\t\t\t<\/div>\n\t\t\t\t\t<\/div>\n\t\t<\/div>\n\t\t\t\t\t<\/div>\n\t\t<\/section>\n\t\t\t\t<section class=\"elementor-section elementor-top-section elementor-element elementor-element-e00d0b3 elementor-section-boxed elementor-section-height-default elementor-section-height-default\" data-id=\"e00d0b3\" data-element_type=\"section\" data-e-type=\"section\">\n\t\t\t\t\t\t<div class=\"elementor-container elementor-column-gap-default\">\n\t\t\t\t\t<div class=\"elementor-column elementor-col-33 elementor-top-column elementor-element elementor-element-8144a22\" data-id=\"8144a22\" data-element_type=\"column\" data-e-type=\"column\">\n\t\t\t<div class=\"elementor-widget-wrap elementor-element-populated\">\n\t\t\t\t\t\t<div class=\"elementor-element elementor-element-f69fff9 elementor-align-center elementor-widget elementor-widget-button\" data-id=\"f69fff9\" data-element_type=\"widget\" data-e-type=\"widget\" data-widget_type=\"button.default\">\n\t\t\t\t<div class=\"elementor-widget-container\">\n\t\t\t\t\t\t\t\t\t<div class=\"elementor-button-wrapper\">\n\t\t\t\t\t<a class=\"elementor-button elementor-button-link elementor-size-sm\" href=\"http:\/\/we-gov.org%20\" target=\"_blank\">\n\t\t\t\t\t\t<span class=\"elementor-button-content-wrapper\">\n\t\t\t\t\t\t\t\t\t<span class=\"elementor-button-text\">Site web WeGO<\/span>\n\t\t\t\t\t<\/span>\n\t\t\t\t\t<\/a>\n\t\t\t\t<\/div>\n\t\t\t\t\t\t\t\t<\/div>\n\t\t\t\t<\/div>\n\t\t\t\t\t<\/div>\n\t\t<\/div>\n\t\t\t\t<div class=\"elementor-column elementor-col-33 elementor-top-column elementor-element elementor-element-c18739a\" data-id=\"c18739a\" data-element_type=\"column\" data-e-type=\"column\">\n\t\t\t<div class=\"elementor-widget-wrap elementor-element-populated\">\n\t\t\t\t\t\t<div class=\"elementor-element elementor-element-1c65e88 elementor-align-center elementor-widget elementor-widget-button\" data-id=\"1c65e88\" data-element_type=\"widget\" data-e-type=\"widget\" data-widget_type=\"button.default\">\n\t\t\t\t<div class=\"elementor-widget-container\">\n\t\t\t\t\t\t\t\t\t<div class=\"elementor-button-wrapper\">\n\t\t\t\t\t<a class=\"elementor-button elementor-size-sm\" role=\"button\">\n\t\t\t\t\t\t<span class=\"elementor-button-content-wrapper\">\n\t\t\t\t\t\t<span class=\"elementor-button-icon\">\n\t\t\t\t<i aria-hidden=\"true\" class=\"far fa-user\"><\/i>\t\t\t<\/span>\n\t\t\t\t\t\t\t\t\t<span class=\"elementor-button-text\">M. JEONG-LEE KIM <br> Secr\u00e9taire g\u00e9n\u00e9ral<\/span>\n\t\t\t\t\t<\/span>\n\t\t\t\t\t<\/a>\n\t\t\t\t<\/div>\n\t\t\t\t\t\t\t\t<\/div>\n\t\t\t\t<\/div>\n\t\t\t\t<div class=\"elementor-element elementor-element-859f749 elementor-align-center elementor-widget elementor-widget-button\" data-id=\"859f749\" data-element_type=\"widget\" data-e-type=\"widget\" data-widget_type=\"button.default\">\n\t\t\t\t<div class=\"elementor-widget-container\">\n\t\t\t\t\t\t\t\t\t<div class=\"elementor-button-wrapper\">\n\t\t\t\t\t<a class=\"elementor-button elementor-size-sm\" role=\"button\">\n\t\t\t\t\t\t<span class=\"elementor-button-content-wrapper\">\n\t\t\t\t\t\t<span class=\"elementor-button-icon\">\n\t\t\t\t<i aria-hidden=\"true\" class=\"far fa-user\"><\/i>\t\t\t<\/span>\n\t\t\t\t\t\t\t\t\t<span class=\"elementor-button-text\">MS. EUNBYUL CHO <br> Chef du d\u00e9partement des programmes<\/span>\n\t\t\t\t\t<\/span>\n\t\t\t\t\t<\/a>\n\t\t\t\t<\/div>\n\t\t\t\t\t\t\t\t<\/div>\n\t\t\t\t<\/div>\n\t\t\t\t\t<\/div>\n\t\t<\/div>\n\t\t\t\t<div class=\"elementor-column elementor-col-33 elementor-top-column elementor-element elementor-element-282ca5c\" data-id=\"282ca5c\" data-element_type=\"column\" data-e-type=\"column\">\n\t\t\t<div class=\"elementor-widget-wrap elementor-element-populated\">\n\t\t\t\t\t\t<div class=\"elementor-element elementor-element-ee3cf2a elementor-widget elementor-widget-text-editor\" data-id=\"ee3cf2a\" data-element_type=\"widget\" data-e-type=\"widget\" data-widget_type=\"text-editor.default\">\n\t\t\t\t<div class=\"elementor-widget-container\">\n\t\t\t\t\t\t\t\t\t<div style=\"text-align: center;\"><span style=\"color: #000000;\">38 Jongro Jongno-gu<\/span><\/div><div style=\"text-align: center;\"><span style=\"color: #000000;\">S\u00e9oul, Cor\u00e9e du Sud (03188)<\/span><\/div>\t\t\t\t\t\t\t\t<\/div>\n\t\t\t\t<\/div>\n\t\t\t\t<div class=\"elementor-element elementor-element-f2152b2 elementor-align-center elementor-widget elementor-widget-button\" data-id=\"f2152b2\" data-element_type=\"widget\" data-e-type=\"widget\" data-widget_type=\"button.default\">\n\t\t\t\t<div class=\"elementor-widget-container\">\n\t\t\t\t\t\t\t\t\t<div class=\"elementor-button-wrapper\">\n\t\t\t\t\t<a class=\"elementor-button elementor-size-sm\" role=\"button\">\n\t\t\t\t\t\t<span class=\"elementor-button-content-wrapper\">\n\t\t\t\t\t\t<span class=\"elementor-button-icon\">\n\t\t\t\t<i aria-hidden=\"true\" class=\"fas fa-phone-alt\"><\/i>\t\t\t<\/span>\n\t\t\t\t\t\t\t\t\t<span class=\"elementor-button-text\">+82 02-720-2935<\/span>\n\t\t\t\t\t<\/span>\n\t\t\t\t\t<\/a>\n\t\t\t\t<\/div>\n\t\t\t\t\t\t\t\t<\/div>\n\t\t\t\t<\/div>\n\t\t\t\t\t<\/div>\n\t\t<\/div>\n\t\t\t\t\t<\/div>\n\t\t<\/section>\n\t\t\t\t<\/div>","protected":false},"excerpt":{"rendered":"<p>L'Organisation mondiale des villes intelligentes et durables (WeGO) est une association internationale de collectivit\u00e9s locales, d'entreprises et d'institutions qui s'engagent \u00e0 transformer les villes en villes intelligentes et durables. WeGO compte actuellement 215 membres, dont 163 collectivit\u00e9s locales, 35 entreprises et 16 autres institutions. Les membres sont r\u00e9partis dans le monde entier, avec une forte pr\u00e9sence en Asie (76 membres) ... <\/p>","protected":false},"author":1,"featured_media":0,"parent":0,"menu_order":0,"comment_status":"closed","ping_status":"closed","template":"","meta":{"_monsterinsights_skip_tracking":false,"_monsterinsights_sitenote_active":false,"_monsterinsights_sitenote_note":"","_monsterinsights_sitenote_category":0,"footnotes":""},"class_list":["post-17811","page","type-page","status-publish","hentry"],"yoast_head":"<!-- This site is optimized with the Yoast SEO plugin v27.5 - https:\/\/yoast.com\/product\/yoast-seo-wordpress\/ -->\n<title>WORLD SMART SUSTAINABLE CITIES ORGANIZATION - Global Cities Hub<\/title>\n<meta name=\"robots\" content=\"index, follow, max-snippet:-1, max-image-preview:large, max-video-preview:-1\" \/>\n<link rel=\"canonical\" href=\"https:\/\/globalcitieshub.org\/fr\/world-smart-sustainable-cities-organization\/\" \/>\n<meta property=\"og:locale\" content=\"fr_FR\" \/>\n<meta property=\"og:type\" content=\"article\" \/>\n<meta property=\"og:title\" content=\"WORLD SMART SUSTAINABLE CITIES ORGANIZATION - Global Cities Hub\" \/>\n<meta property=\"og:description\" content=\"The World Smart Sustainable Cities Organization (WeGO) is a membership-based international association of local governments, corporations, and institutions committed to transforming cities into smart sustainable cities. Currently WeGO has 215 members, including 163 local governments, 35 corporations, and 16 other institutions. Members are distributed across the world, with a strong presence in Asia (76 members) &hellip;\" \/>\n<meta property=\"og:url\" content=\"https:\/\/globalcitieshub.org\/fr\/world-smart-sustainable-cities-organization\/\" \/>\n<meta property=\"og:site_name\" content=\"Global Cities Hub\" \/>\n<meta property=\"article:modified_time\" content=\"2026-02-18T09:31:20+00:00\" \/>\n<meta name=\"twitter:card\" content=\"summary_large_image\" \/>\n<meta name=\"twitter:site\" content=\"@genevacitieshub\" \/>\n<meta name=\"twitter:label1\" content=\"Dur\u00e9e de lecture estim\u00e9e\" \/>\n\t<meta name=\"twitter:data1\" content=\"3 minutes\" \/>\n<script type=\"application\/ld+json\" class=\"yoast-schema-graph\">{\"@context\":\"https:\\\/\\\/schema.org\",\"@graph\":[{\"@type\":\"WebPage\",\"@id\":\"https:\\\/\\\/globalcitieshub.org\\\/fr\\\/world-smart-sustainable-cities-organization\\\/\",\"url\":\"https:\\\/\\\/globalcitieshub.org\\\/fr\\\/world-smart-sustainable-cities-organization\\\/\",\"name\":\"WORLD SMART SUSTAINABLE CITIES ORGANIZATION - Global Cities Hub\",\"isPartOf\":{\"@id\":\"https:\\\/\\\/globalcitieshub.org\\\/fr\\\/#website\"},\"datePublished\":\"2022-09-29T14:26:16+00:00\",\"dateModified\":\"2026-02-18T09:31:20+00:00\",\"inLanguage\":\"fr-FR\",\"potentialAction\":[{\"@type\":\"ReadAction\",\"target\":[\"https:\\\/\\\/globalcitieshub.org\\\/fr\\\/world-smart-sustainable-cities-organization\\\/\"]}]},{\"@type\":\"WebSite\",\"@id\":\"https:\\\/\\\/globalcitieshub.org\\\/fr\\\/#website\",\"url\":\"https:\\\/\\\/globalcitieshub.org\\\/fr\\\/\",\"name\":\"Global Cities Hub\",\"description\":\"Connecting local and regional governments to the United Nations and other  international organizations\",\"publisher\":{\"@id\":\"https:\\\/\\\/globalcitieshub.org\\\/fr\\\/#organization\"},\"potentialAction\":[{\"@type\":\"SearchAction\",\"target\":{\"@type\":\"EntryPoint\",\"urlTemplate\":\"https:\\\/\\\/globalcitieshub.org\\\/fr\\\/?s={search_term_string}\"},\"query-input\":{\"@type\":\"PropertyValueSpecification\",\"valueRequired\":true,\"valueName\":\"search_term_string\"}}],\"inLanguage\":\"fr-FR\"},{\"@type\":\"Organization\",\"@id\":\"https:\\\/\\\/globalcitieshub.org\\\/fr\\\/#organization\",\"name\":\"Global Cities Hub\",\"url\":\"https:\\\/\\\/globalcitieshub.org\\\/fr\\\/\",\"logo\":{\"@type\":\"ImageObject\",\"inLanguage\":\"fr-FR\",\"@id\":\"https:\\\/\\\/globalcitieshub.org\\\/fr\\\/#\\\/schema\\\/logo\\\/image\\\/\",\"url\":\"https:\\\/\\\/globalcitieshub.org\\\/wp-content\\\/uploads\\\/2023\\\/09\\\/230829_Logo_Global_Cities_Hub_Couleur_fond-blanc_RVB.png\",\"contentUrl\":\"https:\\\/\\\/globalcitieshub.org\\\/wp-content\\\/uploads\\\/2023\\\/09\\\/230829_Logo_Global_Cities_Hub_Couleur_fond-blanc_RVB.png\",\"width\":2544,\"height\":1446,\"caption\":\"Global Cities Hub\"},\"image\":{\"@id\":\"https:\\\/\\\/globalcitieshub.org\\\/fr\\\/#\\\/schema\\\/logo\\\/image\\\/\"},\"sameAs\":[\"https:\\\/\\\/x.com\\\/genevacitieshub\"]}]}<\/script>\n<!-- \/ Yoast SEO plugin. -->","yoast_head_json":{"title":"ORGANISATION MONDIALE DES VILLES DURABLES - Global Cities Hub","robots":{"index":"index","follow":"follow","max-snippet":"max-snippet:-1","max-image-preview":"max-image-preview:large","max-video-preview":"max-video-preview:-1"},"canonical":"https:\/\/globalcitieshub.org\/fr\/world-smart-sustainable-cities-organization\/","og_locale":"fr_FR","og_type":"article","og_title":"WORLD SMART SUSTAINABLE CITIES ORGANIZATION - Global Cities Hub","og_description":"The World Smart Sustainable Cities Organization (WeGO) is a membership-based international association of local governments, corporations, and institutions committed to transforming cities into smart sustainable cities. Currently WeGO has 215 members, including 163 local governments, 35 corporations, and 16 other institutions. Members are distributed across the world, with a strong presence in Asia (76 members) &hellip;","og_url":"https:\/\/globalcitieshub.org\/fr\/world-smart-sustainable-cities-organization\/","og_site_name":"Global Cities Hub","article_modified_time":"2026-02-18T09:31:20+00:00","twitter_card":"summary_large_image","twitter_site":"@genevacitieshub","twitter_misc":{"Dur\u00e9e de lecture estim\u00e9e":"3 minutes"},"schema":{"@context":"https:\/\/schema.org","@graph":[{"@type":"WebPage","@id":"https:\/\/globalcitieshub.org\/fr\/world-smart-sustainable-cities-organization\/","url":"https:\/\/globalcitieshub.org\/fr\/world-smart-sustainable-cities-organization\/","name":"ORGANISATION MONDIALE DES VILLES DURABLES - Global Cities Hub","isPartOf":{"@id":"https:\/\/globalcitieshub.org\/fr\/#website"},"datePublished":"2022-09-29T14:26:16+00:00","dateModified":"2026-02-18T09:31:20+00:00","inLanguage":"fr-FR","potentialAction":[{"@type":"ReadAction","target":["https:\/\/globalcitieshub.org\/fr\/world-smart-sustainable-cities-organization\/"]}]},{"@type":"WebSite","@id":"https:\/\/globalcitieshub.org\/fr\/#website","url":"https:\/\/globalcitieshub.org\/fr\/","name":"Global Cities Hub","description":"Relier les gouvernements locaux et r\u00e9gionaux aux Nations unies et \u00e0 d'autres organisations internationales","publisher":{"@id":"https:\/\/globalcitieshub.org\/fr\/#organization"},"potentialAction":[{"@type":"SearchAction","target":{"@type":"EntryPoint","urlTemplate":"https:\/\/globalcitieshub.org\/fr\/?s={search_term_string}"},"query-input":{"@type":"PropertyValueSpecification","valueRequired":true,"valueName":"search_term_string"}}],"inLanguage":"fr-FR"},{"@type":"Organization","@id":"https:\/\/globalcitieshub.org\/fr\/#organization","name":"Global Cities Hub","url":"https:\/\/globalcitieshub.org\/fr\/","logo":{"@type":"ImageObject","inLanguage":"fr-FR","@id":"https:\/\/globalcitieshub.org\/fr\/#\/schema\/logo\/image\/","url":"https:\/\/globalcitieshub.org\/wp-content\/uploads\/2023\/09\/230829_Logo_Global_Cities_Hub_Couleur_fond-blanc_RVB.png","contentUrl":"https:\/\/globalcitieshub.org\/wp-content\/uploads\/2023\/09\/230829_Logo_Global_Cities_Hub_Couleur_fond-blanc_RVB.png","width":2544,"height":1446,"caption":"Global Cities Hub"},"image":{"@id":"https:\/\/globalcitieshub.org\/fr\/#\/schema\/logo\/image\/"},"sameAs":["https:\/\/x.com\/genevacitieshub"]}]}},"_links":{"self":[{"href":"https:\/\/globalcitieshub.org\/fr\/wp-json\/wp\/v2\/pages\/17811","targetHints":{"allow":["GET"]}}],"collection":[{"href":"https:\/\/globalcitieshub.org\/fr\/wp-json\/wp\/v2\/pages"}],"about":[{"href":"https:\/\/globalcitieshub.org\/fr\/wp-json\/wp\/v2\/types\/page"}],"author":[{"embeddable":true,"href":"https:\/\/globalcitieshub.org\/fr\/wp-json\/wp\/v2\/users\/1"}],"replies":[{"embeddable":true,"href":"https:\/\/globalcitieshub.org\/fr\/wp-json\/wp\/v2\/comments?post=17811"}],"version-history":[{"count":31,"href":"https:\/\/globalcitieshub.org\/fr\/wp-json\/wp\/v2\/pages\/17811\/revisions"}],"predecessor-version":[{"id":27220,"href":"https:\/\/globalcitieshub.org\/fr\/wp-json\/wp\/v2\/pages\/17811\/revisions\/27220"}],"wp:attachment":[{"href":"https:\/\/globalcitieshub.org\/fr\/wp-json\/wp\/v2\/media?parent=17811"}],"curies":[{"name":"wp","href":"https:\/\/api.w.org\/{rel}","templated":true}]}}