{"id":17758,"date":"2022-09-29T15:31:07","date_gmt":"2022-09-29T13:31:07","guid":{"rendered":"https:\/\/www.genevacitieshub.org\/?page_id=17758"},"modified":"2026-02-18T09:58:34","modified_gmt":"2026-02-18T08:58:34","slug":"peace-in-our-cities","status":"publish","type":"page","link":"https:\/\/globalcitieshub.org\/fr\/peace-in-our-cities\/","title":{"rendered":"La paix dans nos villes"},"content":{"rendered":"<div data-elementor-type=\"wp-page\" data-elementor-id=\"17758\" class=\"elementor elementor-17758\">\n\t\t\t\t\t\t<section class=\"elementor-section elementor-top-section elementor-element elementor-element-6694525 elementor-section-boxed elementor-section-height-default elementor-section-height-default\" data-id=\"6694525\" data-element_type=\"section\" data-e-type=\"section\">\n\t\t\t\t\t\t<div class=\"elementor-container elementor-column-gap-default\">\n\t\t\t\t\t<div class=\"elementor-column elementor-col-100 elementor-top-column elementor-element elementor-element-88a85a0\" data-id=\"88a85a0\" data-element_type=\"column\" data-e-type=\"column\">\n\t\t\t<div class=\"elementor-widget-wrap elementor-element-populated\">\n\t\t\t\t\t\t<div class=\"elementor-element elementor-element-4167155 elementor-widget elementor-widget-text-editor\" data-id=\"4167155\" data-element_type=\"widget\" data-e-type=\"widget\" data-widget_type=\"text-editor.default\">\n\t\t\t\t<div class=\"elementor-widget-container\">\n\t\t\t\t\t\t\t\t\t<h4><span style=\"color: #000000;\"><strong>Co-anim\u00e9 par Pathfinders for a Peaceful, Just and Inclusive Society au Center on International Cooperation de l'Universit\u00e9 de New York, en collaboration avec le Kroc Institute for Peace and Justice de l'Universit\u00e9 de San Diego, PlusPeace et le Stanley Center for Peace and Security, Peace in Our Cities est un r\u00e9seau en pleine expansion compos\u00e9 de 22 villes et de 30 partenaires communautaires et internationaux qui travaillent ensemble pour r\u00e9duire de moiti\u00e9 la violence urbaine d'ici 2030. Nous cr\u00e9ons des \u00e9changes concrets, participatifs et fond\u00e9s sur des preuves pour r\u00e9duire et pr\u00e9venir la violence grave dans les villes membres, tout en construisant un mouvement mondial de d\u00e9fenseurs de la r\u00e9duction de la violence urbaine. Ensemble, nous d\u00e9montrons que des progr\u00e8s sont possibles et que l'action est essentielle.<\/strong><\/span><\/h4><h4><span style=\"color: #000000;\"><strong>La paix dans nos villes continuera \u00e0 : multiplier les possibilit\u00e9s de mise en r\u00e9seau et d'\u00e9change de connaissances ; mettre en relation les acteurs des villes et des organisations bas\u00e9es dans les villes avec des conseillers experts dans des domaines sp\u00e9cialis\u00e9s ; offrir aux villes un soutien pratique en mati\u00e8re de pr\u00e9vention contextuelle de la violence ; tirer des enseignements des initiatives du Fonds d'incitation \u00e0 la paix et les d\u00e9velopper ; commander des recherches prioritaires pour nos membres ; et \u00e9tendre le r\u00e9seau \u00e0 de nouvelles villes et organisations bas\u00e9es dans les villes qui s'engagent \u00e0 mettre en \u0153uvre des solutions innovantes et fond\u00e9es sur des preuves pour lutter contre la violence dans les villes.<\/strong><\/span><\/h4><div><span style=\"color: #000000;\"><strong>\u00a0<\/strong><\/span><\/div>\t\t\t\t\t\t\t\t<\/div>\n\t\t\t\t<\/div>\n\t\t\t\t<div class=\"elementor-element elementor-element-2c4906b elementor-widget elementor-widget-text-editor\" data-id=\"2c4906b\" data-element_type=\"widget\" data-e-type=\"widget\" data-widget_type=\"text-editor.default\">\n\t\t\t\t<div class=\"elementor-widget-container\">\n\t\t\t\t\t\t\t\t\t<h4><strong><span style=\"color: #000000;\">OBJECTIFS PRINCIPAUX<\/span><\/strong><\/h4><div><strong><span style=\"color: #000000;\">\u00a0<\/span><\/strong><\/div><p>La paix dans nos villes cherche \u00e0 :<\/p><p>- Faire conna\u00eetre l'ampleur de la violence urbaine dans le monde et les solutions fond\u00e9es sur des donn\u00e9es probantes qui sauvent des vies et soignent les communaut\u00e9s.<\/p><p>- Promouvoir des strat\u00e9gies efficaces, ax\u00e9es sur la justice et fond\u00e9es sur des preuves, pour r\u00e9duire la violence.<\/p><p>- Accompagner les dirigeants des villes et les organisations partenaires dans leurs efforts pour r\u00e9duire et pr\u00e9venir les formes les plus graves de violence dans leurs villes.<\/p><p>L'adh\u00e9sion \u00e0 Peace in Our Cities est gratuite.<\/p><p>\u00a0<\/p>\t\t\t\t\t\t\t\t<\/div>\n\t\t\t\t<\/div>\n\t\t\t\t<div class=\"elementor-element elementor-element-851b3d5 elementor-widget elementor-widget-text-editor\" data-id=\"851b3d5\" data-element_type=\"widget\" data-e-type=\"widget\" data-widget_type=\"text-editor.default\">\n\t\t\t\t<div class=\"elementor-widget-container\">\n\t\t\t\t\t\t\t\t\t<h4><strong><span style=\"color: #000000;\">PROJETS CL\u00c9S<\/span><\/strong><\/h4><p>\u00a0<\/p><p>La paix dans nos villes s'attaque aux situations de violence les plus graves qui se produisent dans les villes du monde aujourd'hui.\u00a0<\/p><p>- Nous soutenons nos membres en leur fournissant une recherche-action sur mesure, des possibilit\u00e9s d'\u00e9change entre pairs, en personne et virtuellement, sur des sujets pertinents, des services de conseil sur demande, des possibilit\u00e9s de mise en r\u00e9seau pour connecter des partenaires dans divers domaines d'expertise, et des possibilit\u00e9s de partage et de pr\u00e9sentation lors d'\u00e9v\u00e9nements internationaux de haut niveau en mati\u00e8re de politique et de plaidoyer.\u00a0<\/p><p>- En 2021, nous avons introduit un nouveau programme exploratoire qui, par le biais de notre Fonds d'incitation \u00e0 la paix, a fourni \u00e0 neuf membres du PiOC des micro-subventions pour des initiatives locales de pr\u00e9vention.<\/p><p>Peace in Our Cities reste fid\u00e8le \u00e0 son engagement de r\u00e9duire de moiti\u00e9 la violence urbaine d'ici 2030. Personne ne devrait vivre une vie marqu\u00e9e par la peur de la violence.<\/p><div style=\"text-align: justify;\">\u00a0<\/div>\t\t\t\t\t\t\t\t<\/div>\n\t\t\t\t<\/div>\n\t\t\t\t<div class=\"elementor-element elementor-element-9357608 elementor-widget elementor-widget-text-editor\" data-id=\"9357608\" data-element_type=\"widget\" data-e-type=\"widget\" data-widget_type=\"text-editor.default\">\n\t\t\t\t<div class=\"elementor-widget-container\">\n\t\t\t\t\t\t\t\t\t<h4><strong><span style=\"color: #000000;\">INFORMATIONS DE CONTACT<\/span><\/strong><\/h4>\t\t\t\t\t\t\t\t<\/div>\n\t\t\t\t<\/div>\n\t\t\t\t\t<\/div>\n\t\t<\/div>\n\t\t\t\t\t<\/div>\n\t\t<\/section>\n\t\t\t\t<section class=\"elementor-section elementor-top-section elementor-element elementor-element-313aed2 elementor-section-boxed elementor-section-height-default elementor-section-height-default\" data-id=\"313aed2\" data-element_type=\"section\" data-e-type=\"section\">\n\t\t\t\t\t\t<div class=\"elementor-container elementor-column-gap-default\">\n\t\t\t\t\t<div class=\"elementor-column elementor-col-33 elementor-top-column elementor-element elementor-element-8bfc554\" data-id=\"8bfc554\" data-element_type=\"column\" data-e-type=\"column\">\n\t\t\t<div class=\"elementor-widget-wrap elementor-element-populated\">\n\t\t\t\t\t\t<div class=\"elementor-element elementor-element-403cbd1 elementor-align-center elementor-widget elementor-widget-button\" data-id=\"403cbd1\" data-element_type=\"widget\" data-e-type=\"widget\" data-widget_type=\"button.default\">\n\t\t\t\t<div class=\"elementor-widget-container\">\n\t\t\t\t\t\t\t\t\t<div class=\"elementor-button-wrapper\">\n\t\t\t\t\t<a class=\"elementor-button elementor-button-link elementor-size-sm\" href=\"https:\/\/peaceinourcities.org\/\" target=\"_blank\">\n\t\t\t\t\t\t<span class=\"elementor-button-content-wrapper\">\n\t\t\t\t\t\t\t\t\t<span class=\"elementor-button-text\">Site web de la paix dans nos villes<\/span>\n\t\t\t\t\t<\/span>\n\t\t\t\t\t<\/a>\n\t\t\t\t<\/div>\n\t\t\t\t\t\t\t\t<\/div>\n\t\t\t\t<\/div>\n\t\t\t\t\t<\/div>\n\t\t<\/div>\n\t\t\t\t<div class=\"elementor-column elementor-col-33 elementor-top-column elementor-element elementor-element-affc7df\" data-id=\"affc7df\" data-element_type=\"column\" data-e-type=\"column\">\n\t\t\t<div class=\"elementor-widget-wrap\">\n\t\t\t\t\t\t\t<\/div>\n\t\t<\/div>\n\t\t\t\t<div class=\"elementor-column elementor-col-33 elementor-top-column elementor-element elementor-element-5861490\" data-id=\"5861490\" data-element_type=\"column\" data-e-type=\"column\">\n\t\t\t<div class=\"elementor-widget-wrap elementor-element-populated\">\n\t\t\t\t\t\t<div class=\"elementor-element elementor-element-483f80f elementor-align-center elementor-widget elementor-widget-button\" data-id=\"483f80f\" data-element_type=\"widget\" data-e-type=\"widget\" data-widget_type=\"button.default\">\n\t\t\t\t<div class=\"elementor-widget-container\">\n\t\t\t\t\t\t\t\t\t<div class=\"elementor-button-wrapper\">\n\t\t\t\t\t<a class=\"elementor-button elementor-button-link elementor-size-sm\" href=\"mailto:valeria@peaceinourcities.org\" target=\"_blank\">\n\t\t\t\t\t\t<span class=\"elementor-button-content-wrapper\">\n\t\t\t\t\t\t\t\t\t<span class=\"elementor-button-text\">Contact<\/span>\n\t\t\t\t\t<\/span>\n\t\t\t\t\t<\/a>\n\t\t\t\t<\/div>\n\t\t\t\t\t\t\t\t<\/div>\n\t\t\t\t<\/div>\n\t\t\t\t\t<\/div>\n\t\t<\/div>\n\t\t\t\t\t<\/div>\n\t\t<\/section>\n\t\t\t\t<\/div>","protected":false},"excerpt":{"rendered":"<p>Co-anim\u00e9 par Pathfinders for a Peaceful, Just and Inclusive Society au NYU's Center on International Cooperation, avec le Kroc Institute for Peace and Justice \u00e0 l'Universit\u00e9 de San Diego, PlusPeace, et le Stanley Center for Peace and Security, Peace in Our Cities est un r\u00e9seau grandissant de 22 villes et de 30 organisations communautaires et ... <\/p>","protected":false},"author":1,"featured_media":0,"parent":0,"menu_order":0,"comment_status":"closed","ping_status":"closed","template":"","meta":{"_monsterinsights_skip_tracking":false,"_monsterinsights_sitenote_active":false,"_monsterinsights_sitenote_note":"","_monsterinsights_sitenote_category":0,"footnotes":""},"class_list":["post-17758","page","type-page","status-publish","hentry"],"yoast_head":"<!-- This site is optimized with the Yoast SEO plugin v27.5 - https:\/\/yoast.com\/product\/yoast-seo-wordpress\/ -->\n<title>Peace in Our Cities - Global Cities Hub<\/title>\n<meta name=\"robots\" content=\"index, follow, max-snippet:-1, max-image-preview:large, max-video-preview:-1\" \/>\n<link rel=\"canonical\" href=\"https:\/\/globalcitieshub.org\/fr\/peace-in-our-cities\/\" \/>\n<meta property=\"og:locale\" content=\"fr_FR\" \/>\n<meta property=\"og:type\" content=\"article\" \/>\n<meta property=\"og:title\" content=\"Peace in Our Cities - Global Cities Hub\" \/>\n<meta property=\"og:description\" content=\"Co-facilitated by Pathfinders for a Peaceful, Just and Inclusive Society at NYU&#8217;s Center on International Cooperation, together with the Kroc Institute for Peace and Justice at the University of San Diego, PlusPeace, and the Stanley Center for Peace and Security, Peace in Our Cities is a growing network of 22 cities and 30 community-based and &hellip;\" \/>\n<meta property=\"og:url\" content=\"https:\/\/globalcitieshub.org\/fr\/peace-in-our-cities\/\" \/>\n<meta property=\"og:site_name\" content=\"Global Cities Hub\" \/>\n<meta property=\"article:modified_time\" content=\"2026-02-18T08:58:34+00:00\" \/>\n<meta name=\"twitter:card\" content=\"summary_large_image\" \/>\n<meta name=\"twitter:site\" content=\"@genevacitieshub\" \/>\n<meta name=\"twitter:label1\" content=\"Dur\u00e9e de lecture estim\u00e9e\" \/>\n\t<meta name=\"twitter:data1\" content=\"2 minutes\" \/>\n<script type=\"application\/ld+json\" class=\"yoast-schema-graph\">{\"@context\":\"https:\\\/\\\/schema.org\",\"@graph\":[{\"@type\":\"WebPage\",\"@id\":\"https:\\\/\\\/globalcitieshub.org\\\/fr\\\/peace-in-our-cities\\\/\",\"url\":\"https:\\\/\\\/globalcitieshub.org\\\/fr\\\/peace-in-our-cities\\\/\",\"name\":\"Peace in Our Cities - Global Cities Hub\",\"isPartOf\":{\"@id\":\"https:\\\/\\\/globalcitieshub.org\\\/fr\\\/#website\"},\"datePublished\":\"2022-09-29T13:31:07+00:00\",\"dateModified\":\"2026-02-18T08:58:34+00:00\",\"inLanguage\":\"fr-FR\",\"potentialAction\":[{\"@type\":\"ReadAction\",\"target\":[\"https:\\\/\\\/globalcitieshub.org\\\/fr\\\/peace-in-our-cities\\\/\"]}]},{\"@type\":\"WebSite\",\"@id\":\"https:\\\/\\\/globalcitieshub.org\\\/fr\\\/#website\",\"url\":\"https:\\\/\\\/globalcitieshub.org\\\/fr\\\/\",\"name\":\"Global Cities Hub\",\"description\":\"Connecting local and regional governments to the United Nations and other  international organizations\",\"publisher\":{\"@id\":\"https:\\\/\\\/globalcitieshub.org\\\/fr\\\/#organization\"},\"potentialAction\":[{\"@type\":\"SearchAction\",\"target\":{\"@type\":\"EntryPoint\",\"urlTemplate\":\"https:\\\/\\\/globalcitieshub.org\\\/fr\\\/?s={search_term_string}\"},\"query-input\":{\"@type\":\"PropertyValueSpecification\",\"valueRequired\":true,\"valueName\":\"search_term_string\"}}],\"inLanguage\":\"fr-FR\"},{\"@type\":\"Organization\",\"@id\":\"https:\\\/\\\/globalcitieshub.org\\\/fr\\\/#organization\",\"name\":\"Global Cities Hub\",\"url\":\"https:\\\/\\\/globalcitieshub.org\\\/fr\\\/\",\"logo\":{\"@type\":\"ImageObject\",\"inLanguage\":\"fr-FR\",\"@id\":\"https:\\\/\\\/globalcitieshub.org\\\/fr\\\/#\\\/schema\\\/logo\\\/image\\\/\",\"url\":\"https:\\\/\\\/globalcitieshub.org\\\/wp-content\\\/uploads\\\/2023\\\/09\\\/230829_Logo_Global_Cities_Hub_Couleur_fond-blanc_RVB.png\",\"contentUrl\":\"https:\\\/\\\/globalcitieshub.org\\\/wp-content\\\/uploads\\\/2023\\\/09\\\/230829_Logo_Global_Cities_Hub_Couleur_fond-blanc_RVB.png\",\"width\":2544,\"height\":1446,\"caption\":\"Global Cities Hub\"},\"image\":{\"@id\":\"https:\\\/\\\/globalcitieshub.org\\\/fr\\\/#\\\/schema\\\/logo\\\/image\\\/\"},\"sameAs\":[\"https:\\\/\\\/x.com\\\/genevacitieshub\"]}]}<\/script>\n<!-- \/ Yoast SEO plugin. -->","yoast_head_json":{"title":"La paix dans nos villes - Global Cities Hub","robots":{"index":"index","follow":"follow","max-snippet":"max-snippet:-1","max-image-preview":"max-image-preview:large","max-video-preview":"max-video-preview:-1"},"canonical":"https:\/\/globalcitieshub.org\/fr\/peace-in-our-cities\/","og_locale":"fr_FR","og_type":"article","og_title":"Peace in Our Cities - Global Cities Hub","og_description":"Co-facilitated by Pathfinders for a Peaceful, Just and Inclusive Society at NYU&#8217;s Center on International Cooperation, together with the Kroc Institute for Peace and Justice at the University of San Diego, PlusPeace, and the Stanley Center for Peace and Security, Peace in Our Cities is a growing network of 22 cities and 30 community-based and &hellip;","og_url":"https:\/\/globalcitieshub.org\/fr\/peace-in-our-cities\/","og_site_name":"Global Cities Hub","article_modified_time":"2026-02-18T08:58:34+00:00","twitter_card":"summary_large_image","twitter_site":"@genevacitieshub","twitter_misc":{"Dur\u00e9e de lecture estim\u00e9e":"2 minutes"},"schema":{"@context":"https:\/\/schema.org","@graph":[{"@type":"WebPage","@id":"https:\/\/globalcitieshub.org\/fr\/peace-in-our-cities\/","url":"https:\/\/globalcitieshub.org\/fr\/peace-in-our-cities\/","name":"La paix dans nos villes - Global Cities Hub","isPartOf":{"@id":"https:\/\/globalcitieshub.org\/fr\/#website"},"datePublished":"2022-09-29T13:31:07+00:00","dateModified":"2026-02-18T08:58:34+00:00","inLanguage":"fr-FR","potentialAction":[{"@type":"ReadAction","target":["https:\/\/globalcitieshub.org\/fr\/peace-in-our-cities\/"]}]},{"@type":"WebSite","@id":"https:\/\/globalcitieshub.org\/fr\/#website","url":"https:\/\/globalcitieshub.org\/fr\/","name":"Global Cities Hub","description":"Relier les gouvernements locaux et r\u00e9gionaux aux Nations unies et \u00e0 d'autres organisations internationales","publisher":{"@id":"https:\/\/globalcitieshub.org\/fr\/#organization"},"potentialAction":[{"@type":"SearchAction","target":{"@type":"EntryPoint","urlTemplate":"https:\/\/globalcitieshub.org\/fr\/?s={search_term_string}"},"query-input":{"@type":"PropertyValueSpecification","valueRequired":true,"valueName":"search_term_string"}}],"inLanguage":"fr-FR"},{"@type":"Organization","@id":"https:\/\/globalcitieshub.org\/fr\/#organization","name":"Global Cities Hub","url":"https:\/\/globalcitieshub.org\/fr\/","logo":{"@type":"ImageObject","inLanguage":"fr-FR","@id":"https:\/\/globalcitieshub.org\/fr\/#\/schema\/logo\/image\/","url":"https:\/\/globalcitieshub.org\/wp-content\/uploads\/2023\/09\/230829_Logo_Global_Cities_Hub_Couleur_fond-blanc_RVB.png","contentUrl":"https:\/\/globalcitieshub.org\/wp-content\/uploads\/2023\/09\/230829_Logo_Global_Cities_Hub_Couleur_fond-blanc_RVB.png","width":2544,"height":1446,"caption":"Global Cities Hub"},"image":{"@id":"https:\/\/globalcitieshub.org\/fr\/#\/schema\/logo\/image\/"},"sameAs":["https:\/\/x.com\/genevacitieshub"]}]}},"_links":{"self":[{"href":"https:\/\/globalcitieshub.org\/fr\/wp-json\/wp\/v2\/pages\/17758","targetHints":{"allow":["GET"]}}],"collection":[{"href":"https:\/\/globalcitieshub.org\/fr\/wp-json\/wp\/v2\/pages"}],"about":[{"href":"https:\/\/globalcitieshub.org\/fr\/wp-json\/wp\/v2\/types\/page"}],"author":[{"embeddable":true,"href":"https:\/\/globalcitieshub.org\/fr\/wp-json\/wp\/v2\/users\/1"}],"replies":[{"embeddable":true,"href":"https:\/\/globalcitieshub.org\/fr\/wp-json\/wp\/v2\/comments?post=17758"}],"version-history":[{"count":23,"href":"https:\/\/globalcitieshub.org\/fr\/wp-json\/wp\/v2\/pages\/17758\/revisions"}],"predecessor-version":[{"id":27190,"href":"https:\/\/globalcitieshub.org\/fr\/wp-json\/wp\/v2\/pages\/17758\/revisions\/27190"}],"wp:attachment":[{"href":"https:\/\/globalcitieshub.org\/fr\/wp-json\/wp\/v2\/media?parent=17758"}],"curies":[{"name":"wp","href":"https:\/\/api.w.org\/{rel}","templated":true}]}}