{"id":17713,"date":"2022-09-29T14:48:11","date_gmt":"2022-09-29T12:48:11","guid":{"rendered":"https:\/\/www.genevacitieshub.org\/?page_id=17713"},"modified":"2026-02-16T16:50:58","modified_gmt":"2026-02-16T15:50:58","slug":"climate-alliance","status":"publish","type":"page","link":"https:\/\/globalcitieshub.org\/fr\/climate-alliance\/","title":{"rendered":"Alliance pour le climat"},"content":{"rendered":"<div data-elementor-type=\"wp-page\" data-elementor-id=\"17713\" class=\"elementor elementor-17713\">\n\t\t\t\t\t\t<section class=\"elementor-section elementor-top-section elementor-element elementor-element-3229e896 elementor-section-boxed elementor-section-height-default elementor-section-height-default\" data-id=\"3229e896\" data-element_type=\"section\" data-e-type=\"section\">\n\t\t\t\t\t\t<div class=\"elementor-container elementor-column-gap-default\">\n\t\t\t\t\t<div class=\"elementor-column elementor-col-100 elementor-top-column elementor-element elementor-element-1f2ad19\" data-id=\"1f2ad19\" data-element_type=\"column\" data-e-type=\"column\">\n\t\t\t<div class=\"elementor-widget-wrap elementor-element-populated\">\n\t\t\t\t\t\t<div class=\"elementor-element elementor-element-5f5635ca elementor-widget elementor-widget-text-editor\" data-id=\"5f5635ca\" data-element_type=\"widget\" data-e-type=\"widget\" data-widget_type=\"text-editor.default\">\n\t\t\t\t<div class=\"elementor-widget-container\">\n\t\t\t\t\t\t\t\t\t<p><strong>Avec 1 909 membres dans 27 pays europ\u00e9ens, Climate Alliance est le plus grand r\u00e9seau de villes d'Europe d\u00e9di\u00e9 \u00e0 une action climatique globale et \u00e9quitable. L'association soutient ses membres par le biais du secr\u00e9tariat europ\u00e9en et de six bureaux de coordination nationaux.<\/strong><\/p><p><strong>Les membres de Climate Alliance sont des leaders dans la lutte contre la crise climatique. Depuis plus de 30 ans, les municipalit\u00e9s membres travaillent en partenariat avec les peuples autochtones pour prot\u00e9ger le climat mondial. Chaque membre s'engage \u00e0 r\u00e9duire continuellement les \u00e9missions de gaz \u00e0 effet de serre et \u00e0 promouvoir la justice climatique. Les membres m\u00e8nent des actions climatiques au niveau local, en s'appuyant sur les conseils, les outils et les campagnes du r\u00e9seau, ainsi que sur des projets men\u00e9s en collaboration entre eux et avec le secr\u00e9tariat. Des groupes de travail paneurop\u00e9ens sur les b\u00e2timents, le financement et l'adaptation, ainsi que de nombreux \u00e9v\u00e9nements, tels que la conf\u00e9rence internationale annuelle de Climate Alliance, cr\u00e9ent des espaces d'inspiration et de dialogue.<\/strong><\/p><div style=\"text-align: justify;\">\u00a0<\/div>\t\t\t\t\t\t\t\t<\/div>\n\t\t\t\t<\/div>\n\t\t\t\t<div class=\"elementor-element elementor-element-d0961d2 elementor-widget elementor-widget-text-editor\" data-id=\"d0961d2\" data-element_type=\"widget\" data-e-type=\"widget\" data-widget_type=\"text-editor.default\">\n\t\t\t\t<div class=\"elementor-widget-container\">\n\t\t\t\t\t\t\t\t\t<blockquote><p><span style=\"color: #000000;\">\"Climate Alliance poursuit une approche globale de l'action climatique depuis plus de 30 ans. En tant que r\u00e9seau, nous associons l'action climatique locale \u00e0 la justice climatique mondiale en utilisant nos cinq principes comme boussole pour des activit\u00e9s climatiques qui sont justes, fond\u00e9es sur la nature, locales, \u00e9conomes en ressources et diverses. Le niveau local est crucial lorsqu'il s'agit d'enrayer la crise climatique mondiale. En tant que niveau de gouvernement le plus proche des citoyens, les villes et les communes peuvent user de leur influence pour initier des changements sur le terrain. Notre r\u00e9seau vise donc \u00e0 responsabiliser les municipalit\u00e9s, \u00e0 les sensibiliser \u00e0 leur r\u00f4le et \u00e0 les soutenir dans leur travail quotidien. Dans le m\u00eame temps, nous savons que notre comportement en Europe a un impact sur les moyens de subsistance des populations du monde entier. C'est pourquoi notre r\u00e9seau travaille aux c\u00f4t\u00e9s de nos partenaires indig\u00e8nes du bassin amazonien depuis plus de trois d\u00e9cennies, les soutenant dans leur lutte pour leurs droits et leurs territoires. \u00c0 travers le prisme de la justice climatique, nous pouvons lutter contre le r\u00e9chauffement climatique et \u0153uvrer \u00e0 une vie meilleure pour tous.\"<\/span><\/p><\/blockquote>\t\t\t\t\t\t\t\t<\/div>\n\t\t\t\t<\/div>\n\t\t\t\t<div class=\"elementor-element elementor-element-7e33101 elementor-widget elementor-widget-text-editor\" data-id=\"7e33101\" data-element_type=\"widget\" data-e-type=\"widget\" data-widget_type=\"text-editor.default\">\n\t\t\t\t<div class=\"elementor-widget-container\">\n\t\t\t\t\t\t\t\t\t<p><strong>ANDREAS WOLTER, PR\u00c9SIDENT DE L'ALLIANCE CLIMATIQUE ET MAIRE DE LA VILLE DE COLOGNE, ALLEMAGNE<\/strong><\/p><p><strong>\u00a0<\/strong><\/p>\t\t\t\t\t\t\t\t<\/div>\n\t\t\t\t<\/div>\n\t\t\t\t<div class=\"elementor-element elementor-element-bff8189 elementor-widget elementor-widget-text-editor\" data-id=\"bff8189\" data-element_type=\"widget\" data-e-type=\"widget\" data-widget_type=\"text-editor.default\">\n\t\t\t\t<div class=\"elementor-widget-container\">\n\t\t\t\t\t\t\t\t\t<h4><span style=\"color: #000000;\"><strong>OBJECTIFS PRINCIPAUX<\/strong><\/span><\/h4><div><span style=\"color: #000000;\"><strong>\u00a0<\/strong><\/span><\/div><p>Chaque municipalit\u00e9 de l'Alliance a adopt\u00e9 une r\u00e9solution locale sur l'adh\u00e9sion qui embrasse les objectifs de l'association. Ces objectifs sont les suivants<\/p><p>- S'efforcer de r\u00e9duire de 95% les \u00e9missions de gaz \u00e0 effet de serre d'ici 2050 par rapport aux niveaux de 1990, conform\u00e9ment aux recommandations du GIEC.<\/p><p>- Mettre en \u0153uvre une action climatique efficace et globale conform\u00e9ment aux principes de la Climate Alliance : l'action doit \u00eatre \u00e9quitable, fond\u00e9e sur la nature, locale, \u00e9conome en ressources et diversifi\u00e9e.<\/p><p>- Promouvoir la justice climatique avec les peuples autochtones en soutenant leurs droits, en prot\u00e9geant la biodiversit\u00e9 et en s'abstenant d'utiliser du bois g\u00e9r\u00e9 de mani\u00e8re non durable.<\/p><p>S'il est bon d'avoir des objectifs, le chemin emprunt\u00e9 pour les atteindre est au moins aussi important. Climate Alliance attache de l'importance \u00e0 la mani\u00e8re dont l'action climatique est men\u00e9e. La charte des membres de Climate Alliance, adopt\u00e9e en 2021, identifie les domaines d'action pertinents et montre comment une action climatique \u00e9quitable et globale peut \u00eatre r\u00e9alis\u00e9e au niveau local, par exemple en am\u00e9liorant l'efficacit\u00e9 \u00e9nerg\u00e9tique et en luttant contre la pauvret\u00e9 \u00e9nerg\u00e9tique.<\/p><p>\u00a0<\/p>\t\t\t\t\t\t\t\t<\/div>\n\t\t\t\t<\/div>\n\t\t\t\t<div class=\"elementor-element elementor-element-36ba03f elementor-widget elementor-widget-text-editor\" data-id=\"36ba03f\" data-element_type=\"widget\" data-e-type=\"widget\" data-widget_type=\"text-editor.default\">\n\t\t\t\t<div class=\"elementor-widget-container\">\n\t\t\t\t\t\t\t\t\t<h4><span style=\"color: #000000;\"><strong>PROJETS CL\u00c9S<\/strong><\/span><\/h4><p>\u00a0<\/p><p>Climate Alliance est impliqu\u00e9e dans un large \u00e9ventail d'activit\u00e9s, tant avec que pour ses membres.<\/p><p>Travail de projet. Les activit\u00e9s se concentrent sur les b\u00e2timents, la pauvret\u00e9 \u00e9nerg\u00e9tique, les solutions bas\u00e9es sur la nature, la justice climatique, la tarification du CO2 et les communaut\u00e9s \u00e9nerg\u00e9tiques. Les projets impliquent des organisations et des municipalit\u00e9s dans toute l'Europe et au-del\u00e0.\u00a0<\/p><p>Campagnes. La Climate Alliance propose des campagnes toutes pr\u00eates \u00e0 l'usage des municipalit\u00e9s. Chaque ann\u00e9e, City Cycling invite les citoyens et leurs conseils municipaux \u00e0 p\u00e9daler pour le climat, tandis que Green Footprints motive les enfants \u00e0 faire des choix durables. Plus r\u00e9cemment, la Caravane de l'\u00e9nergie aide les villes et les communes \u00e0 mener une r\u00e9novation en profondeur.<\/p><p>Efforts de plaidoyer. L'Alliance pour le climat exprime les besoins des municipalit\u00e9s au niveau national et europ\u00e9en, en s'effor\u00e7ant d'am\u00e9liorer les conditions des villes et des communes dans le domaine de l'action climatique. Force motrice de la Convention des maires, Climate Alliance a contribu\u00e9 \u00e0 fa\u00e7onner la mani\u00e8re dont l'UE aborde et soutient l'action climatique municipale.\u00a0<\/p><p>Outils. La Climate Alliance fournit des outils qui aident les villes et les communes \u00e0 mettre en \u0153uvre leurs strat\u00e9gies climatiques. Ces outils comprennent le Climate Protection Planner pour les inventaires d'\u00e9missions, le Climate Compass pour la cartographie des actions climatiques locales et RADar ! pour l'am\u00e9lioration des r\u00e9seaux cyclables locaux.<\/p><p>Le domaine de l'action climatique est inond\u00e9 d'objectifs et de cibles \u00e0 tous les niveaux, mais des mesures concr\u00e8tes doivent \u00eatre prises au niveau local si nous voulons r\u00e9aliser les aspirations des d\u00e9cideurs europ\u00e9ens. Les municipalit\u00e9s d\u00e9tiennent la cl\u00e9 de la mise en \u0153uvre du changement sur le terrain.\u00a0<\/p><p>De m\u00eame que le r\u00e9chauffement de la plan\u00e8te n'est pas un probl\u00e8me isol\u00e9, les mesures que nous prenons pour l'enrayer ne sont pas isol\u00e9es. Il est essentiel de ne pas perdre de vue le tableau d'ensemble, qui est fa\u00e7onn\u00e9 par les interd\u00e9pendances mondiales.\u00a0<\/p><p>Dans cette optique, Climate Alliance associe l'action locale \u00e0 la responsabilit\u00e9 mondiale, en \u0153uvrant pour une transition v\u00e9ritablement juste et durable.<\/p>\t\t\t\t\t\t\t\t<\/div>\n\t\t\t\t<\/div>\n\t\t\t\t<div class=\"elementor-element elementor-element-1658ca3 elementor-widget elementor-widget-text-editor\" data-id=\"1658ca3\" data-element_type=\"widget\" data-e-type=\"widget\" data-widget_type=\"text-editor.default\">\n\t\t\t\t<div class=\"elementor-widget-container\">\n\t\t\t\t\t\t\t\t\t<h4 style=\"text-align: left;\"><strong><span style=\"color: #000000;\">INFORMATIONS DE CONTACT<\/span><\/strong><\/h4>\t\t\t\t\t\t\t\t<\/div>\n\t\t\t\t<\/div>\n\t\t\t\t<section class=\"elementor-section elementor-inner-section elementor-element elementor-element-ffc5557 elementor-section-boxed elementor-section-height-default elementor-section-height-default\" data-id=\"ffc5557\" data-element_type=\"section\" data-e-type=\"section\">\n\t\t\t\t\t\t<div class=\"elementor-container elementor-column-gap-default\">\n\t\t\t\t\t<div class=\"elementor-column elementor-col-33 elementor-inner-column elementor-element elementor-element-9510aea\" data-id=\"9510aea\" data-element_type=\"column\" data-e-type=\"column\">\n\t\t\t<div class=\"elementor-widget-wrap elementor-element-populated\">\n\t\t\t\t\t\t<div class=\"elementor-element elementor-element-99e7324 elementor-align-center elementor-widget elementor-widget-button\" data-id=\"99e7324\" data-element_type=\"widget\" data-e-type=\"widget\" data-widget_type=\"button.default\">\n\t\t\t\t<div class=\"elementor-widget-container\">\n\t\t\t\t\t\t\t\t\t<div class=\"elementor-button-wrapper\">\n\t\t\t\t\t<a class=\"elementor-button elementor-button-link elementor-size-sm\" href=\"http:\/\/www.climatealliance.org\" target=\"_blank\">\n\t\t\t\t\t\t<span class=\"elementor-button-content-wrapper\">\n\t\t\t\t\t\t\t\t\t<span class=\"elementor-button-text\">Site web de l'Alliance pour le climat<\/span>\n\t\t\t\t\t<\/span>\n\t\t\t\t\t<\/a>\n\t\t\t\t<\/div>\n\t\t\t\t\t\t\t\t<\/div>\n\t\t\t\t<\/div>\n\t\t\t\t\t<\/div>\n\t\t<\/div>\n\t\t\t\t<div class=\"elementor-column elementor-col-33 elementor-inner-column elementor-element elementor-element-21ed1aa\" data-id=\"21ed1aa\" data-element_type=\"column\" data-e-type=\"column\">\n\t\t\t<div class=\"elementor-widget-wrap elementor-element-populated\">\n\t\t\t\t\t\t<div class=\"elementor-element elementor-element-3c38053 elementor-align-center elementor-widget elementor-widget-button\" data-id=\"3c38053\" data-element_type=\"widget\" data-e-type=\"widget\" data-widget_type=\"button.default\">\n\t\t\t\t<div class=\"elementor-widget-container\">\n\t\t\t\t\t\t\t\t\t<div class=\"elementor-button-wrapper\">\n\t\t\t\t\t<a class=\"elementor-button elementor-size-sm\" role=\"button\">\n\t\t\t\t\t\t<span class=\"elementor-button-content-wrapper\">\n\t\t\t\t\t\t<span class=\"elementor-button-icon\">\n\t\t\t\t<i aria-hidden=\"true\" class=\"far fa-user\"><\/i>\t\t\t<\/span>\n\t\t\t\t\t\t\t\t\t<span class=\"elementor-button-text\">M. THOMAS BROSE <br> Direction g\u00e9n\u00e9rale<\/span>\n\t\t\t\t\t<\/span>\n\t\t\t\t\t<\/a>\n\t\t\t\t<\/div>\n\t\t\t\t\t\t\t\t<\/div>\n\t\t\t\t<\/div>\n\t\t\t\t\t<\/div>\n\t\t<\/div>\n\t\t\t\t<div class=\"elementor-column elementor-col-33 elementor-inner-column elementor-element elementor-element-b51327b\" data-id=\"b51327b\" data-element_type=\"column\" data-e-type=\"column\">\n\t\t\t<div class=\"elementor-widget-wrap elementor-element-populated\">\n\t\t\t\t\t\t<div class=\"elementor-element elementor-element-c67cb74 elementor-widget elementor-widget-text-editor\" data-id=\"c67cb74\" data-element_type=\"widget\" data-e-type=\"widget\" data-widget_type=\"text-editor.default\">\n\t\t\t\t<div class=\"elementor-widget-container\">\n\t\t\t\t\t\t\t\t\t<p style=\"text-align: center;\">Secr\u00e9tariat europ\u00e9en<br>Bureau de Francfort<br>Galvanistrasse 28<br>60486 Francfort (DE)<\/p>\t\t\t\t\t\t\t\t<\/div>\n\t\t\t\t<\/div>\n\t\t\t\t<div class=\"elementor-element elementor-element-f61d62a elementor-align-center elementor-widget elementor-widget-button\" data-id=\"f61d62a\" data-element_type=\"widget\" data-e-type=\"widget\" data-widget_type=\"button.default\">\n\t\t\t\t<div class=\"elementor-widget-container\">\n\t\t\t\t\t\t\t\t\t<div class=\"elementor-button-wrapper\">\n\t\t\t\t\t<a class=\"elementor-button elementor-button-link elementor-size-sm\" href=\"mailto:europe@climatealliance.org\" target=\"_blank\">\n\t\t\t\t\t\t<span class=\"elementor-button-content-wrapper\">\n\t\t\t\t\t\t\t\t\t<span class=\"elementor-button-text\">Contact<\/span>\n\t\t\t\t\t<\/span>\n\t\t\t\t\t<\/a>\n\t\t\t\t<\/div>\n\t\t\t\t\t\t\t\t<\/div>\n\t\t\t\t<\/div>\n\t\t\t\t<div class=\"elementor-element elementor-element-37b7b7d elementor-widget elementor-widget-spacer\" data-id=\"37b7b7d\" data-element_type=\"widget\" data-e-type=\"widget\" data-widget_type=\"spacer.default\">\n\t\t\t\t<div class=\"elementor-widget-container\">\n\t\t\t\t\t\t\t<div class=\"elementor-spacer\">\n\t\t\t<div class=\"elementor-spacer-inner\"><\/div>\n\t\t<\/div>\n\t\t\t\t\t\t<\/div>\n\t\t\t\t<\/div>\n\t\t\t\t<div class=\"elementor-element elementor-element-3e915a7 elementor-widget elementor-widget-text-editor\" data-id=\"3e915a7\" data-element_type=\"widget\" data-e-type=\"widget\" data-widget_type=\"text-editor.default\">\n\t\t\t\t<div class=\"elementor-widget-container\">\n\t\t\t\t\t\t\t\t\t<p style=\"text-align: center;\">Bureau de Bruxelles<br \/>Mundo-Madou<br \/>Avenue des Arts 7\/8<br \/>1210 Bruxelles (BE)<\/p>\t\t\t\t\t\t\t\t<\/div>\n\t\t\t\t<\/div>\n\t\t\t\t<div class=\"elementor-element elementor-element-4102a1c elementor-align-center elementor-widget elementor-widget-button\" data-id=\"4102a1c\" data-element_type=\"widget\" data-e-type=\"widget\" data-widget_type=\"button.default\">\n\t\t\t\t<div class=\"elementor-widget-container\">\n\t\t\t\t\t\t\t\t\t<div class=\"elementor-button-wrapper\">\n\t\t\t\t\t<a class=\"elementor-button elementor-button-link elementor-size-sm\" href=\"mailto:brussels@climatealliance.org\" target=\"_blank\">\n\t\t\t\t\t\t<span class=\"elementor-button-content-wrapper\">\n\t\t\t\t\t\t\t\t\t<span class=\"elementor-button-text\">Contact<\/span>\n\t\t\t\t\t<\/span>\n\t\t\t\t\t<\/a>\n\t\t\t\t<\/div>\n\t\t\t\t\t\t\t\t<\/div>\n\t\t\t\t<\/div>\n\t\t\t\t\t<\/div>\n\t\t<\/div>\n\t\t\t\t\t<\/div>\n\t\t<\/section>\n\t\t\t\t\t<\/div>\n\t\t<\/div>\n\t\t\t\t\t<\/div>\n\t\t<\/section>\n\t\t\t\t<\/div>","protected":false},"excerpt":{"rendered":"<p>Avec 1 909 membres dans 27 pays europ\u00e9ens, Climate Alliance est le plus grand r\u00e9seau de villes d'Europe qui se consacre \u00e0 une action climatique globale et \u00e9quitable. L'association soutient ses membres par l'interm\u00e9diaire du secr\u00e9tariat europ\u00e9en et de six bureaux de coordination nationaux. Les membres de l'Alliance climatique sont des leaders dans la lutte contre la crise climatique. Depuis plus de 30 ans, les municipalit\u00e9s membres travaillent ... <\/p>","protected":false},"author":1,"featured_media":0,"parent":0,"menu_order":0,"comment_status":"closed","ping_status":"closed","template":"","meta":{"_monsterinsights_skip_tracking":false,"_monsterinsights_sitenote_active":false,"_monsterinsights_sitenote_note":"","_monsterinsights_sitenote_category":0,"footnotes":""},"class_list":["post-17713","page","type-page","status-publish","hentry"],"yoast_head":"<!-- This site is optimized with the Yoast SEO plugin v27.4 - https:\/\/yoast.com\/product\/yoast-seo-wordpress\/ -->\n<title>Climate Alliance - Global Cities Hub<\/title>\n<meta name=\"robots\" content=\"index, follow, max-snippet:-1, max-image-preview:large, max-video-preview:-1\" \/>\n<link rel=\"canonical\" href=\"https:\/\/globalcitieshub.org\/fr\/climate-alliance\/\" \/>\n<meta property=\"og:locale\" content=\"fr_FR\" \/>\n<meta property=\"og:type\" content=\"article\" \/>\n<meta property=\"og:title\" content=\"Climate Alliance - Global Cities Hub\" \/>\n<meta property=\"og:description\" content=\"With 1,909 members in 27 European countries, Climate Alliance is Europe\u2019s largest city network dedicated to comprehensive and equitable climate action. The association supports its members through the European Secretariat and six National Coordination Offices. Climate Alliance members are leaders in fighting the climate crisis. For over 30 years, member municipalities have been working in &hellip;\" \/>\n<meta property=\"og:url\" content=\"https:\/\/globalcitieshub.org\/fr\/climate-alliance\/\" \/>\n<meta property=\"og:site_name\" content=\"Global Cities Hub\" \/>\n<meta property=\"article:modified_time\" content=\"2026-02-16T15:50:58+00:00\" \/>\n<meta name=\"twitter:card\" content=\"summary_large_image\" \/>\n<meta name=\"twitter:site\" content=\"@genevacitieshub\" \/>\n<meta name=\"twitter:label1\" content=\"Dur\u00e9e de lecture estim\u00e9e\" \/>\n\t<meta name=\"twitter:data1\" content=\"3 minutes\" \/>\n<script type=\"application\/ld+json\" class=\"yoast-schema-graph\">{\"@context\":\"https:\\\/\\\/schema.org\",\"@graph\":[{\"@type\":\"WebPage\",\"@id\":\"https:\\\/\\\/globalcitieshub.org\\\/fr\\\/climate-alliance\\\/\",\"url\":\"https:\\\/\\\/globalcitieshub.org\\\/fr\\\/climate-alliance\\\/\",\"name\":\"Climate Alliance - Global Cities Hub\",\"isPartOf\":{\"@id\":\"https:\\\/\\\/globalcitieshub.org\\\/fr\\\/#website\"},\"datePublished\":\"2022-09-29T12:48:11+00:00\",\"dateModified\":\"2026-02-16T15:50:58+00:00\",\"inLanguage\":\"fr-FR\",\"potentialAction\":[{\"@type\":\"ReadAction\",\"target\":[\"https:\\\/\\\/globalcitieshub.org\\\/fr\\\/climate-alliance\\\/\"]}]},{\"@type\":\"WebSite\",\"@id\":\"https:\\\/\\\/globalcitieshub.org\\\/fr\\\/#website\",\"url\":\"https:\\\/\\\/globalcitieshub.org\\\/fr\\\/\",\"name\":\"Global Cities Hub\",\"description\":\"Connecting local and regional governments to the United Nations and other  international organizations\",\"publisher\":{\"@id\":\"https:\\\/\\\/globalcitieshub.org\\\/fr\\\/#organization\"},\"potentialAction\":[{\"@type\":\"SearchAction\",\"target\":{\"@type\":\"EntryPoint\",\"urlTemplate\":\"https:\\\/\\\/globalcitieshub.org\\\/fr\\\/?s={search_term_string}\"},\"query-input\":{\"@type\":\"PropertyValueSpecification\",\"valueRequired\":true,\"valueName\":\"search_term_string\"}}],\"inLanguage\":\"fr-FR\"},{\"@type\":\"Organization\",\"@id\":\"https:\\\/\\\/globalcitieshub.org\\\/fr\\\/#organization\",\"name\":\"Global Cities Hub\",\"url\":\"https:\\\/\\\/globalcitieshub.org\\\/fr\\\/\",\"logo\":{\"@type\":\"ImageObject\",\"inLanguage\":\"fr-FR\",\"@id\":\"https:\\\/\\\/globalcitieshub.org\\\/fr\\\/#\\\/schema\\\/logo\\\/image\\\/\",\"url\":\"https:\\\/\\\/globalcitieshub.org\\\/wp-content\\\/uploads\\\/2023\\\/09\\\/230829_Logo_Global_Cities_Hub_Couleur_fond-blanc_RVB.png\",\"contentUrl\":\"https:\\\/\\\/globalcitieshub.org\\\/wp-content\\\/uploads\\\/2023\\\/09\\\/230829_Logo_Global_Cities_Hub_Couleur_fond-blanc_RVB.png\",\"width\":2544,\"height\":1446,\"caption\":\"Global Cities Hub\"},\"image\":{\"@id\":\"https:\\\/\\\/globalcitieshub.org\\\/fr\\\/#\\\/schema\\\/logo\\\/image\\\/\"},\"sameAs\":[\"https:\\\/\\\/x.com\\\/genevacitieshub\"]}]}<\/script>\n<!-- \/ Yoast SEO plugin. -->","yoast_head_json":{"title":"Alliance pour le climat - Global Cities Hub","robots":{"index":"index","follow":"follow","max-snippet":"max-snippet:-1","max-image-preview":"max-image-preview:large","max-video-preview":"max-video-preview:-1"},"canonical":"https:\/\/globalcitieshub.org\/fr\/climate-alliance\/","og_locale":"fr_FR","og_type":"article","og_title":"Climate Alliance - Global Cities Hub","og_description":"With 1,909 members in 27 European countries, Climate Alliance is Europe\u2019s largest city network dedicated to comprehensive and equitable climate action. The association supports its members through the European Secretariat and six National Coordination Offices. Climate Alliance members are leaders in fighting the climate crisis. For over 30 years, member municipalities have been working in &hellip;","og_url":"https:\/\/globalcitieshub.org\/fr\/climate-alliance\/","og_site_name":"Global Cities Hub","article_modified_time":"2026-02-16T15:50:58+00:00","twitter_card":"summary_large_image","twitter_site":"@genevacitieshub","twitter_misc":{"Dur\u00e9e de lecture estim\u00e9e":"3 minutes"},"schema":{"@context":"https:\/\/schema.org","@graph":[{"@type":"WebPage","@id":"https:\/\/globalcitieshub.org\/fr\/climate-alliance\/","url":"https:\/\/globalcitieshub.org\/fr\/climate-alliance\/","name":"Alliance pour le climat - Global Cities Hub","isPartOf":{"@id":"https:\/\/globalcitieshub.org\/fr\/#website"},"datePublished":"2022-09-29T12:48:11+00:00","dateModified":"2026-02-16T15:50:58+00:00","inLanguage":"fr-FR","potentialAction":[{"@type":"ReadAction","target":["https:\/\/globalcitieshub.org\/fr\/climate-alliance\/"]}]},{"@type":"WebSite","@id":"https:\/\/globalcitieshub.org\/fr\/#website","url":"https:\/\/globalcitieshub.org\/fr\/","name":"Global Cities Hub","description":"Relier les gouvernements locaux et r\u00e9gionaux aux Nations unies et \u00e0 d'autres organisations internationales","publisher":{"@id":"https:\/\/globalcitieshub.org\/fr\/#organization"},"potentialAction":[{"@type":"SearchAction","target":{"@type":"EntryPoint","urlTemplate":"https:\/\/globalcitieshub.org\/fr\/?s={search_term_string}"},"query-input":{"@type":"PropertyValueSpecification","valueRequired":true,"valueName":"search_term_string"}}],"inLanguage":"fr-FR"},{"@type":"Organization","@id":"https:\/\/globalcitieshub.org\/fr\/#organization","name":"Global Cities Hub","url":"https:\/\/globalcitieshub.org\/fr\/","logo":{"@type":"ImageObject","inLanguage":"fr-FR","@id":"https:\/\/globalcitieshub.org\/fr\/#\/schema\/logo\/image\/","url":"https:\/\/globalcitieshub.org\/wp-content\/uploads\/2023\/09\/230829_Logo_Global_Cities_Hub_Couleur_fond-blanc_RVB.png","contentUrl":"https:\/\/globalcitieshub.org\/wp-content\/uploads\/2023\/09\/230829_Logo_Global_Cities_Hub_Couleur_fond-blanc_RVB.png","width":2544,"height":1446,"caption":"Global Cities Hub"},"image":{"@id":"https:\/\/globalcitieshub.org\/fr\/#\/schema\/logo\/image\/"},"sameAs":["https:\/\/x.com\/genevacitieshub"]}]}},"_links":{"self":[{"href":"https:\/\/globalcitieshub.org\/fr\/wp-json\/wp\/v2\/pages\/17713","targetHints":{"allow":["GET"]}}],"collection":[{"href":"https:\/\/globalcitieshub.org\/fr\/wp-json\/wp\/v2\/pages"}],"about":[{"href":"https:\/\/globalcitieshub.org\/fr\/wp-json\/wp\/v2\/types\/page"}],"author":[{"embeddable":true,"href":"https:\/\/globalcitieshub.org\/fr\/wp-json\/wp\/v2\/users\/1"}],"replies":[{"embeddable":true,"href":"https:\/\/globalcitieshub.org\/fr\/wp-json\/wp\/v2\/comments?post=17713"}],"version-history":[{"count":38,"href":"https:\/\/globalcitieshub.org\/fr\/wp-json\/wp\/v2\/pages\/17713\/revisions"}],"predecessor-version":[{"id":27123,"href":"https:\/\/globalcitieshub.org\/fr\/wp-json\/wp\/v2\/pages\/17713\/revisions\/27123"}],"wp:attachment":[{"href":"https:\/\/globalcitieshub.org\/fr\/wp-json\/wp\/v2\/media?parent=17713"}],"curies":[{"name":"wp","href":"https:\/\/api.w.org\/{rel}","templated":true}]}}