{"id":17671,"date":"2022-09-29T14:09:04","date_gmt":"2022-09-29T12:09:04","guid":{"rendered":"https:\/\/www.genevacitieshub.org\/?page_id=17671"},"modified":"2026-02-16T17:04:35","modified_gmt":"2026-02-16T16:04:35","slug":"cities-coalition-for-digital-rights-2","status":"publish","type":"page","link":"https:\/\/globalcitieshub.org\/fr\/cities-coalition-for-digital-rights\/","title":{"rendered":"Coalition des villes pour les droits num\u00e9riques"},"content":{"rendered":"<div data-elementor-type=\"wp-page\" data-elementor-id=\"17671\" class=\"elementor elementor-17671\">\n\t\t\t\t\t\t<section class=\"elementor-section elementor-top-section elementor-element elementor-element-22e7d4e0 elementor-section-boxed elementor-section-height-default elementor-section-height-default\" data-id=\"22e7d4e0\" data-element_type=\"section\" data-e-type=\"section\">\n\t\t\t\t\t\t<div class=\"elementor-container elementor-column-gap-default\">\n\t\t\t\t\t<div class=\"elementor-column elementor-col-100 elementor-top-column elementor-element elementor-element-62738173\" data-id=\"62738173\" data-element_type=\"column\" data-e-type=\"column\">\n\t\t\t<div class=\"elementor-widget-wrap elementor-element-populated\">\n\t\t\t\t\t\t<div class=\"elementor-element elementor-element-b54f7d7 elementor-widget elementor-widget-text-editor\" data-id=\"b54f7d7\" data-element_type=\"widget\" data-e-type=\"widget\" data-widget_type=\"text-editor.default\">\n\t\t\t\t<div class=\"elementor-widget-container\">\n\t\t\t\t\t\t\t\t\t<p><\/p>\n<p><strong>La Coalition des villes pour les droits num\u00e9riques est une cr\u00e9ation des gouvernements des villes du monde entier. Son conseil d'administration comprend \u00e9galement Eurocities, ONU-Habitat et Cit\u00e9s et Gouvernements Locaux Unis (CGLU). Pour adh\u00e9rer, les villes doivent avoir pris un engagement politique clair en faveur de la promotion des droits num\u00e9riques et d\u00e9montrer qu'elles d\u00e9veloppent des politiques et des projets visant \u00e0 prot\u00e9ger ces droits dans la pratique.<\/strong><\/p>\n<p><\/p>\n<p>\u00a0<\/p>\n<p><\/p>\n<h4 class=\"wp-block-heading\"><span style=\"color: #000000;\"><strong>OBJECTIFS PRINCIPAUX<\/strong><\/span><\/h4>\n<p>\u00a0<\/p>\n<p><\/p>\n<p>Unie dans son esprit et son ambition, la Coalition des villes pour les droits num\u00e9riques travaille de mani\u00e8re pragmatique et avec des principes. Con\u00e7ue comme une initiative mondiale visant \u00e0 promouvoir et \u00e0 d\u00e9fendre les droits num\u00e9riques des citoyens, des r\u00e9sidents et des visiteurs dans les villes et les environnements urbains, son principal objectif est de garantir des environnements num\u00e9riques \u00e9quitables, inclusifs, accessibles, abordables et non discriminatoires. En outre, elle s'emploie \u00e0 :<\/p>\n<p><\/p>\n<ul class=\"wp-block-list\">\n<li><span style=\"color: #000000;\">Am\u00e9liorer les politiques, les lois, les plans et les strat\u00e9gies pour des normes de services num\u00e9riques plus ouvertes et plus \u00e9thiques au niveau des villes et au niveau mondial.<\/span><\/li>\n<li><span style=\"color: #000000;\">Am\u00e9liorer l'acc\u00e8s \u00e0 l'internet et aux services num\u00e9riques \u00e0 un prix abordable et dans des conditions d'\u00e9galit\u00e9, et diffuser des comp\u00e9tences num\u00e9riques permettant aux utilisateurs de tirer parti de leur acc\u00e8s et de combler la fracture num\u00e9rique.<\/span><\/li>\n<li><span style=\"color: #000000;\">Am\u00e9liorer la confidentialit\u00e9 et le contr\u00f4le des informations personnelles par la protection des donn\u00e9es dans les espaces physiques et virtuels.<\/span><\/li>\n<li><span style=\"color: #000000;\">Am\u00e9liorer la compr\u00e9hension des syst\u00e8mes technologiques, algorithmiques et d'intelligence artificielle qui ont un impact sur la vie des utilisateurs, et renforcer la capacit\u00e9 des utilisateurs \u00e0 remettre en question et \u00e0 changer les syst\u00e8mes injustes, partiaux ou discriminatoires.<\/span><\/li>\n<li><span style=\"color: #000000;\">Am\u00e9liorer la repr\u00e9sentation sur l'internet, et s'engager collectivement avec les villes pour cr\u00e9er des opportunit\u00e9s ouvertes, participatives et transparentes pour fa\u00e7onner les technologies que les villes adoptent, notamment en g\u00e9rant les infrastructures et les donn\u00e9es num\u00e9riques comme des biens communs.<\/span><\/li>\n<\/ul>\n<p><span style=\"color: #000000;\"><\/span><\/p>\n<h4 class=\"wp-block-heading\">\u00a0<\/h4>\n<h4><span style=\"color: #000000;\"><strong>PROJETS CL\u00c9S<\/strong><\/span><\/h4>\n<p>\u00a0<\/p>\n<p><\/p>\n<p>Cadre de gouvernance des droits num\u00e9riques. Les villes de la coalition cr\u00e9ent un cadre de gouvernance des droits num\u00e9riques dans les villes et fournissent un soutien sur mesure qui permet aux administrations municipales de renforcer leur capacit\u00e9 \u00e0 prot\u00e9ger les droits num\u00e9riques.<\/p>\n<p>Observatoire mondial de l'intelligence artificielle urbaine (GOUAI). Fond\u00e9 par Amsterdam et Barcelone en collaboration avec le Centre des affaires internationales de Barcelone (CIDOB), le GOUAI vise \u00e0 surveiller les politiques et les produits de l'IA, \u00e0 mettre \u00e0 jour les normes politiques sur l'IA \u00e9thique en utilisant une approche fond\u00e9e sur des preuves, \u00e0 identifier les obstacles au d\u00e9ploiement de l'IA de confiance et \u00e0 convenir des contributions des villes aux tendances technologiques plus larges.<\/p>\n<p><br \/>Alors que nous d\u00e9pendons de plus en plus de l'internet, nous devons prot\u00e9ger et respecter avec encore plus d'\u00e9nergie les droits humains fondamentaux pour tous dans le domaine num\u00e9rique. C'est le r\u00f4le de notre coalition de plus de cinquante villes et r\u00e9seaux : nous promouvons et d\u00e9fendons les droits num\u00e9riques dans les contextes urbains, r\u00e9solvons les d\u00e9fis num\u00e9riques communs et travaillons \u00e0 l'\u00e9laboration de cadres juridiques, \u00e9thiques et op\u00e9rationnels pour faire progresser les droits de l'homme dans les environnements num\u00e9riques.<\/p>\n<p>\u00a0<\/p>\n<p><\/p>\n<p><a href=\"https:\/\/citiesfordigitalrights.org\/principles\" target=\"_blank\" rel=\"noopener\">Lisez nos principes fondamentaux.<\/a><\/p>\n<p>\u00a0<\/p>\n<h4><span style=\"color: #000000;\"><strong>INFORMATIONS DE CONTACT<\/strong><\/span><\/h4>\n<p><\/p>\t\t\t\t\t\t\t\t<\/div>\n\t\t\t\t<\/div>\n\t\t\t\t<section class=\"elementor-section elementor-inner-section elementor-element elementor-element-da20da1 elementor-section-boxed elementor-section-height-default elementor-section-height-default\" data-id=\"da20da1\" data-element_type=\"section\" data-e-type=\"section\">\n\t\t\t\t\t\t<div class=\"elementor-container elementor-column-gap-default\">\n\t\t\t\t\t<div class=\"elementor-column elementor-col-33 elementor-inner-column elementor-element elementor-element-1c955d7\" data-id=\"1c955d7\" data-element_type=\"column\" data-e-type=\"column\">\n\t\t\t<div class=\"elementor-widget-wrap elementor-element-populated\">\n\t\t\t\t\t\t<div class=\"elementor-element elementor-element-b9181a9 elementor-align-center elementor-widget elementor-widget-button\" data-id=\"b9181a9\" data-element_type=\"widget\" data-e-type=\"widget\" data-widget_type=\"button.default\">\n\t\t\t\t<div class=\"elementor-widget-container\">\n\t\t\t\t\t\t\t\t\t<div class=\"elementor-button-wrapper\">\n\t\t\t\t\t<a class=\"elementor-button elementor-button-link elementor-size-sm\" href=\"https:\/\/citiesfordigitalrights.org\/\" target=\"_blank\">\n\t\t\t\t\t\t<span class=\"elementor-button-content-wrapper\">\n\t\t\t\t\t\t\t\t\t<span class=\"elementor-button-text\">Site web de la coalition des villes pour les droits num\u00e9riques<\/span>\n\t\t\t\t\t<\/span>\n\t\t\t\t\t<\/a>\n\t\t\t\t<\/div>\n\t\t\t\t\t\t\t\t<\/div>\n\t\t\t\t<\/div>\n\t\t\t\t\t<\/div>\n\t\t<\/div>\n\t\t\t\t<div class=\"elementor-column elementor-col-33 elementor-inner-column elementor-element elementor-element-a67ce03\" data-id=\"a67ce03\" data-element_type=\"column\" data-e-type=\"column\">\n\t\t\t<div class=\"elementor-widget-wrap elementor-element-populated\">\n\t\t\t\t\t\t<div class=\"elementor-element elementor-element-b27e64e elementor-align-center elementor-widget elementor-widget-button\" data-id=\"b27e64e\" data-element_type=\"widget\" data-e-type=\"widget\" data-widget_type=\"button.default\">\n\t\t\t\t<div class=\"elementor-widget-container\">\n\t\t\t\t\t\t\t\t\t<div class=\"elementor-button-wrapper\">\n\t\t\t\t\t<a class=\"elementor-button elementor-button-link elementor-size-sm\" href=\"mailto:pboet@bcn.cat\" target=\"_blank\">\n\t\t\t\t\t\t<span class=\"elementor-button-content-wrapper\">\n\t\t\t\t\t\t<span class=\"elementor-button-icon\">\n\t\t\t\t<i aria-hidden=\"true\" class=\"far fa-user\"><\/i>\t\t\t<\/span>\n\t\t\t\t\t\t\t\t\t<span class=\"elementor-button-text\">MS. PAULA BOET SERRANO <br \/>Comm. et chef de projet<\/span>\n\t\t\t\t\t<\/span>\n\t\t\t\t\t<\/a>\n\t\t\t\t<\/div>\n\t\t\t\t\t\t\t\t<\/div>\n\t\t\t\t<\/div>\n\t\t\t\t<div class=\"elementor-element elementor-element-bb48ec4 elementor-align-center elementor-widget elementor-widget-button\" data-id=\"bb48ec4\" data-element_type=\"widget\" data-e-type=\"widget\" data-widget_type=\"button.default\">\n\t\t\t\t<div class=\"elementor-widget-container\">\n\t\t\t\t\t\t\t\t\t<div class=\"elementor-button-wrapper\">\n\t\t\t\t\t<a class=\"elementor-button elementor-button-link elementor-size-sm\" href=\"mailto:milou.jansen@amsterdam.nl\" target=\"_blank\">\n\t\t\t\t\t\t<span class=\"elementor-button-content-wrapper\">\n\t\t\t\t\t\t<span class=\"elementor-button-icon\">\n\t\t\t\t<i aria-hidden=\"true\" class=\"far fa-user\"><\/i>\t\t\t<\/span>\n\t\t\t\t\t\t\t\t\t<span class=\"elementor-button-text\">MS. MILOU JANSEN<br \/>Coordinateur<\/span>\n\t\t\t\t\t<\/span>\n\t\t\t\t\t<\/a>\n\t\t\t\t<\/div>\n\t\t\t\t\t\t\t\t<\/div>\n\t\t\t\t<\/div>\n\t\t\t\t\t<\/div>\n\t\t<\/div>\n\t\t\t\t<div class=\"elementor-column elementor-col-33 elementor-inner-column elementor-element elementor-element-13ba019\" data-id=\"13ba019\" data-element_type=\"column\" data-e-type=\"column\">\n\t\t\t<div class=\"elementor-widget-wrap elementor-element-populated\">\n\t\t\t\t\t\t<div class=\"elementor-element elementor-element-4da27da elementor-align-center elementor-widget elementor-widget-button\" data-id=\"4da27da\" data-element_type=\"widget\" data-e-type=\"widget\" data-widget_type=\"button.default\">\n\t\t\t\t<div class=\"elementor-widget-container\">\n\t\t\t\t\t\t\t\t\t<div class=\"elementor-button-wrapper\">\n\t\t\t\t\t<a class=\"elementor-button elementor-size-sm\" role=\"button\">\n\t\t\t\t\t\t<span class=\"elementor-button-content-wrapper\">\n\t\t\t\t\t\t<span class=\"elementor-button-icon\">\n\t\t\t\t<i aria-hidden=\"true\" class=\"fas fa-phone-alt\"><\/i>\t\t\t<\/span>\n\t\t\t\t\t\t\t\t\t<span class=\"elementor-button-text\">+34 664 814 172<\/span>\n\t\t\t\t\t<\/span>\n\t\t\t\t\t<\/a>\n\t\t\t\t<\/div>\n\t\t\t\t\t\t\t\t<\/div>\n\t\t\t\t<\/div>\n\t\t\t\t\t<\/div>\n\t\t<\/div>\n\t\t\t\t\t<\/div>\n\t\t<\/section>\n\t\t\t\t\t<\/div>\n\t\t<\/div>\n\t\t\t\t\t<\/div>\n\t\t<\/section>\n\t\t\t\t<\/div>","protected":false},"excerpt":{"rendered":"<p>La Coalition des villes pour les droits num\u00e9riques est le fruit du travail de gouvernements municipaux du monde entier. Son conseil d'administration comprend \u00e9galement Eurocities, UN-Habitat et Cit\u00e9s et Gouvernements Locaux Unis (CGLU). Pour adh\u00e9rer \u00e0 la coalition, les villes doivent avoir pris un engagement politique clair en faveur de la promotion des droits num\u00e9riques et d\u00e9montrer qu'elles \u00e9laborent des politiques et des projets visant \u00e0 prot\u00e9ger ... <\/p>","protected":false},"author":1,"featured_media":0,"parent":0,"menu_order":0,"comment_status":"closed","ping_status":"closed","template":"","meta":{"_monsterinsights_skip_tracking":false,"_monsterinsights_sitenote_active":false,"_monsterinsights_sitenote_note":"","_monsterinsights_sitenote_category":0,"footnotes":""},"class_list":["post-17671","page","type-page","status-publish","hentry"],"yoast_head":"<!-- This site is optimized with the Yoast SEO plugin v27.5 - https:\/\/yoast.com\/product\/yoast-seo-wordpress\/ -->\n<title>Cities Coalition for Digital Rights - Global Cities Hub<\/title>\n<meta name=\"robots\" content=\"index, follow, max-snippet:-1, max-image-preview:large, max-video-preview:-1\" \/>\n<link rel=\"canonical\" href=\"https:\/\/globalcitieshub.org\/fr\/cities-coalition-for-digital-rights\/\" \/>\n<meta property=\"og:locale\" content=\"fr_FR\" \/>\n<meta property=\"og:type\" content=\"article\" \/>\n<meta property=\"og:title\" content=\"Cities Coalition for Digital Rights - Global Cities Hub\" \/>\n<meta property=\"og:description\" content=\"The Cities Coalition for Digital Rights is the creation of city governments from around the world. Its board also includes Eurocities, UN-Habitat and United Cities and Local Governments (UCLG). To join, cities need to have made a clear political commitment to promote digital rights, and demonstrate that they are developing policies and projects to protect &hellip;\" \/>\n<meta property=\"og:url\" content=\"https:\/\/globalcitieshub.org\/fr\/cities-coalition-for-digital-rights\/\" \/>\n<meta property=\"og:site_name\" content=\"Global Cities Hub\" \/>\n<meta property=\"article:modified_time\" content=\"2026-02-16T16:04:35+00:00\" \/>\n<meta name=\"twitter:card\" content=\"summary_large_image\" \/>\n<meta name=\"twitter:site\" content=\"@genevacitieshub\" \/>\n<meta name=\"twitter:label1\" content=\"Dur\u00e9e de lecture estim\u00e9e\" \/>\n\t<meta name=\"twitter:data1\" content=\"2 minutes\" \/>\n<script type=\"application\/ld+json\" class=\"yoast-schema-graph\">{\"@context\":\"https:\\\/\\\/schema.org\",\"@graph\":[{\"@type\":\"WebPage\",\"@id\":\"https:\\\/\\\/globalcitieshub.org\\\/fr\\\/cities-coalition-for-digital-rights\\\/\",\"url\":\"https:\\\/\\\/globalcitieshub.org\\\/fr\\\/cities-coalition-for-digital-rights\\\/\",\"name\":\"Cities Coalition for Digital Rights - Global Cities Hub\",\"isPartOf\":{\"@id\":\"https:\\\/\\\/globalcitieshub.org\\\/fr\\\/#website\"},\"datePublished\":\"2022-09-29T12:09:04+00:00\",\"dateModified\":\"2026-02-16T16:04:35+00:00\",\"inLanguage\":\"fr-FR\",\"potentialAction\":[{\"@type\":\"ReadAction\",\"target\":[\"https:\\\/\\\/globalcitieshub.org\\\/fr\\\/cities-coalition-for-digital-rights\\\/\"]}]},{\"@type\":\"WebSite\",\"@id\":\"https:\\\/\\\/globalcitieshub.org\\\/fr\\\/#website\",\"url\":\"https:\\\/\\\/globalcitieshub.org\\\/fr\\\/\",\"name\":\"Global Cities Hub\",\"description\":\"Connecting local and regional governments to the United Nations and other  international organizations\",\"publisher\":{\"@id\":\"https:\\\/\\\/globalcitieshub.org\\\/fr\\\/#organization\"},\"potentialAction\":[{\"@type\":\"SearchAction\",\"target\":{\"@type\":\"EntryPoint\",\"urlTemplate\":\"https:\\\/\\\/globalcitieshub.org\\\/fr\\\/?s={search_term_string}\"},\"query-input\":{\"@type\":\"PropertyValueSpecification\",\"valueRequired\":true,\"valueName\":\"search_term_string\"}}],\"inLanguage\":\"fr-FR\"},{\"@type\":\"Organization\",\"@id\":\"https:\\\/\\\/globalcitieshub.org\\\/fr\\\/#organization\",\"name\":\"Global Cities Hub\",\"url\":\"https:\\\/\\\/globalcitieshub.org\\\/fr\\\/\",\"logo\":{\"@type\":\"ImageObject\",\"inLanguage\":\"fr-FR\",\"@id\":\"https:\\\/\\\/globalcitieshub.org\\\/fr\\\/#\\\/schema\\\/logo\\\/image\\\/\",\"url\":\"https:\\\/\\\/globalcitieshub.org\\\/wp-content\\\/uploads\\\/2023\\\/09\\\/230829_Logo_Global_Cities_Hub_Couleur_fond-blanc_RVB.png\",\"contentUrl\":\"https:\\\/\\\/globalcitieshub.org\\\/wp-content\\\/uploads\\\/2023\\\/09\\\/230829_Logo_Global_Cities_Hub_Couleur_fond-blanc_RVB.png\",\"width\":2544,\"height\":1446,\"caption\":\"Global Cities Hub\"},\"image\":{\"@id\":\"https:\\\/\\\/globalcitieshub.org\\\/fr\\\/#\\\/schema\\\/logo\\\/image\\\/\"},\"sameAs\":[\"https:\\\/\\\/x.com\\\/genevacitieshub\"]}]}<\/script>\n<!-- \/ Yoast SEO plugin. -->","yoast_head_json":{"title":"Coalition des villes pour les droits num\u00e9riques - Global Cities Hub","robots":{"index":"index","follow":"follow","max-snippet":"max-snippet:-1","max-image-preview":"max-image-preview:large","max-video-preview":"max-video-preview:-1"},"canonical":"https:\/\/globalcitieshub.org\/fr\/cities-coalition-for-digital-rights\/","og_locale":"fr_FR","og_type":"article","og_title":"Cities Coalition for Digital Rights - Global Cities Hub","og_description":"The Cities Coalition for Digital Rights is the creation of city governments from around the world. Its board also includes Eurocities, UN-Habitat and United Cities and Local Governments (UCLG). To join, cities need to have made a clear political commitment to promote digital rights, and demonstrate that they are developing policies and projects to protect &hellip;","og_url":"https:\/\/globalcitieshub.org\/fr\/cities-coalition-for-digital-rights\/","og_site_name":"Global Cities Hub","article_modified_time":"2026-02-16T16:04:35+00:00","twitter_card":"summary_large_image","twitter_site":"@genevacitieshub","twitter_misc":{"Dur\u00e9e de lecture estim\u00e9e":"2 minutes"},"schema":{"@context":"https:\/\/schema.org","@graph":[{"@type":"WebPage","@id":"https:\/\/globalcitieshub.org\/fr\/cities-coalition-for-digital-rights\/","url":"https:\/\/globalcitieshub.org\/fr\/cities-coalition-for-digital-rights\/","name":"Coalition des villes pour les droits num\u00e9riques - Global Cities Hub","isPartOf":{"@id":"https:\/\/globalcitieshub.org\/fr\/#website"},"datePublished":"2022-09-29T12:09:04+00:00","dateModified":"2026-02-16T16:04:35+00:00","inLanguage":"fr-FR","potentialAction":[{"@type":"ReadAction","target":["https:\/\/globalcitieshub.org\/fr\/cities-coalition-for-digital-rights\/"]}]},{"@type":"WebSite","@id":"https:\/\/globalcitieshub.org\/fr\/#website","url":"https:\/\/globalcitieshub.org\/fr\/","name":"Global Cities Hub","description":"Relier les gouvernements locaux et r\u00e9gionaux aux Nations unies et \u00e0 d'autres organisations internationales","publisher":{"@id":"https:\/\/globalcitieshub.org\/fr\/#organization"},"potentialAction":[{"@type":"SearchAction","target":{"@type":"EntryPoint","urlTemplate":"https:\/\/globalcitieshub.org\/fr\/?s={search_term_string}"},"query-input":{"@type":"PropertyValueSpecification","valueRequired":true,"valueName":"search_term_string"}}],"inLanguage":"fr-FR"},{"@type":"Organization","@id":"https:\/\/globalcitieshub.org\/fr\/#organization","name":"Global Cities Hub","url":"https:\/\/globalcitieshub.org\/fr\/","logo":{"@type":"ImageObject","inLanguage":"fr-FR","@id":"https:\/\/globalcitieshub.org\/fr\/#\/schema\/logo\/image\/","url":"https:\/\/globalcitieshub.org\/wp-content\/uploads\/2023\/09\/230829_Logo_Global_Cities_Hub_Couleur_fond-blanc_RVB.png","contentUrl":"https:\/\/globalcitieshub.org\/wp-content\/uploads\/2023\/09\/230829_Logo_Global_Cities_Hub_Couleur_fond-blanc_RVB.png","width":2544,"height":1446,"caption":"Global Cities Hub"},"image":{"@id":"https:\/\/globalcitieshub.org\/fr\/#\/schema\/logo\/image\/"},"sameAs":["https:\/\/x.com\/genevacitieshub"]}]}},"_links":{"self":[{"href":"https:\/\/globalcitieshub.org\/fr\/wp-json\/wp\/v2\/pages\/17671","targetHints":{"allow":["GET"]}}],"collection":[{"href":"https:\/\/globalcitieshub.org\/fr\/wp-json\/wp\/v2\/pages"}],"about":[{"href":"https:\/\/globalcitieshub.org\/fr\/wp-json\/wp\/v2\/types\/page"}],"author":[{"embeddable":true,"href":"https:\/\/globalcitieshub.org\/fr\/wp-json\/wp\/v2\/users\/1"}],"replies":[{"embeddable":true,"href":"https:\/\/globalcitieshub.org\/fr\/wp-json\/wp\/v2\/comments?post=17671"}],"version-history":[{"count":43,"href":"https:\/\/globalcitieshub.org\/fr\/wp-json\/wp\/v2\/pages\/17671\/revisions"}],"predecessor-version":[{"id":27150,"href":"https:\/\/globalcitieshub.org\/fr\/wp-json\/wp\/v2\/pages\/17671\/revisions\/27150"}],"wp:attachment":[{"href":"https:\/\/globalcitieshub.org\/fr\/wp-json\/wp\/v2\/media?parent=17671"}],"curies":[{"name":"wp","href":"https:\/\/api.w.org\/{rel}","templated":true}]}}