{"id":17204,"date":"2022-09-27T09:51:00","date_gmt":"2022-09-27T07:51:00","guid":{"rendered":"https:\/\/www.genevacitieshub.org\/?page_id=17204"},"modified":"2023-09-26T09:40:49","modified_gmt":"2023-09-26T07:40:49","slug":"launch-of-the-coalition-lrgs-in-upr","status":"publish","type":"page","link":"https:\/\/globalcitieshub.org\/fr\/launch-of-the-coalition-lrgs-in-upr\/","title":{"rendered":"Coalition \"Les gouvernements locaux et r\u00e9gionaux dans l'EPU\"."},"content":{"rendered":"<div data-elementor-type=\"wp-page\" data-elementor-id=\"17204\" class=\"elementor elementor-17204\">\n\t\t\t\t\t\t<section class=\"elementor-section elementor-top-section elementor-element elementor-element-33dddd58 elementor-section-boxed elementor-section-height-default elementor-section-height-default\" data-id=\"33dddd58\" data-element_type=\"section\" data-e-type=\"section\">\n\t\t\t\t\t\t<div class=\"elementor-container elementor-column-gap-default\">\n\t\t\t\t\t<div class=\"elementor-column elementor-col-100 elementor-top-column elementor-element elementor-element-31a031ec\" data-id=\"31a031ec\" data-element_type=\"column\" data-e-type=\"column\">\n\t\t\t<div class=\"elementor-widget-wrap elementor-element-populated\">\n\t\t\t\t\t\t<div class=\"elementor-element elementor-element-7f9fcbe4 elementor-widget elementor-widget-text-editor\" data-id=\"7f9fcbe4\" data-element_type=\"widget\" data-e-type=\"widget\" data-widget_type=\"text-editor.default\">\n\t\t\t\t<div class=\"elementor-widget-container\">\n\t\t\t\t\t\t\t\t\t<p><\/p>\n<p>Le <strong>Examen p\u00e9riodique universel (EPU)<\/strong> est un processus de collaboration men\u00e9 par les \u00c9tats, sous les auspices de l'Assembl\u00e9e g\u00e9n\u00e9rale des Nations unies et de son organe subsidiaire, le <a href=\"https:\/\/www.genevacitieshub.org\/en\/human-rights-council\/\">Conseil des droits de l'homme.<\/a> Jusqu'\u00e0 pr\u00e9sent, les villes ont \u00e9t\u00e9 consid\u00e9r\u00e9es comme des lieux de mise en \u0153uvre (ou malheureusement, de violations des droits de l'homme) dans le contexte de l'EPU. Mais elles ne sont que rarement consid\u00e9r\u00e9es comme des acteurs, des d\u00e9cideurs ou des responsables politiques, malgr\u00e9 leur r\u00f4le central pour de nombreux droits de l'homme dans les domaines du logement, de l'\u00e9ducation, de l'application de la loi, etc. pour lesquels elles disposent g\u00e9n\u00e9ralement d'une autonomie de d\u00e9cision et d'action.<\/p>\n<p><\/p>\n<p>GCH m\u00e8ne une r\u00e9flexion constante sur les moyens d'adapter l'EPU \u00e0 la r\u00e9alit\u00e9 de la diplomatie \u00e0 plusieurs niveaux. Cela a conduit au <strong>lancement d'une coalition \"Gouvernements locaux et r\u00e9gionaux dans l'EPU\".<\/strong> le 8 juin 2022 \u00e0 la Villa Rigot. Comme indiqu\u00e9 par <strong>Kamelia Kemileva, <\/strong>Co-Directrice du GCH,<em> \"L'ajout d'une nouvelle dimension \u00e0 l'EPU par la participation des gouvernements locaux et r\u00e9gionaux nous permet de rapprocher le m\u00e9canisme de la r\u00e9alit\u00e9 sur le terrain.\"<\/em><\/p>\n<p><\/p>\n<p>La coalition s'efforcera concr\u00e8tement d'impliquer les gouvernements locaux et r\u00e9gionaux (GLR) dans l'EPU en obtenant le soutien des droits de l'homme \u00e0 tous les niveaux de gouvernement afin de renforcer leur mise en \u0153uvre sur le terrain.<\/p>\n<p><\/p>\n<p>Les partenaires de la Coalition sont la <a href=\"https:\/\/www.geneva-academy.ch\/geneva-humanrights-platform\" target=\"_blank\" rel=\"noopener\">Plateforme de Gen\u00e8ve sur les Droits Humains<\/a>, <a href=\"https:\/\/www.upr-info.org\/en\/news\/mayors-human-rights-and-upr\" target=\"_blank\" rel=\"noopener\">UPR-Info<\/a>, l' <a href=\"https:\/\/geneva.fes.de\/\" target=\"_blank\" rel=\"noopener\">Friedrich Ebert Stiftung<\/a>, <a href=\"http:\/\/www.ohchr.org\/en\/hr-bodies\/upr\/upr-main\" target=\"_blank\" rel=\"noopener\">HCDH<\/a> et <a href=\"https:\/\/unhabitat.org\/\" target=\"_blank\" rel=\"noopener\">ONU-Habitat<\/a>ainsi que le Global Cities Hub. Ces organisations ont convenu de r\u00e9fl\u00e9chir collectivement et de favoriser la participation des GRL \u00e0 l'EPU, notamment en travaillant sur un r\u00e9cit commun relatif aux avantages de l'implication des GRL dans l'EPU, pour les GRL bien s\u00fbr, mais aussi pour les \u00c9tats et pour la mise en \u0153uvre des droits de l'homme.<\/p>\n<p><\/p>\n<p>La Coalition est ouverte \u00e0 de nouveaux membres et d\u00e9ploiera ses activit\u00e9s au d\u00e9but du 4<sup>th<\/sup> cycle, en novembre 2022. Elle commencera par encourager quelques villes pilotes \u00e0 participer \u00e0 l'EPU, en particulier celles qui se sont d\u00e9j\u00e0 engag\u00e9es avec le syst\u00e8me des Nations Unies par le biais d'examens locaux volontaires sur les ODD. De plus amples informations seront publi\u00e9es \u00e0 l'approche du d\u00e9but de l'EPU.<sup>th<\/sup> cycle.<\/p>\n<p><\/p>\n<div class=\"wp-block-spacer\" style=\"height: 37px;\" aria-hidden=\"true\">&nbsp;<\/div>\n<p><\/p>\n<h5 class=\"wp-block-heading\"><strong>Plus de d\u00e9tails sur l'Examen p\u00e9riodique universel<\/strong><\/h5>\n<p><\/p>\n<div class=\"wp-block-spacer\" style=\"height: 37px;\" aria-hidden=\"true\">&nbsp;<\/div>\n<p><\/p>\n<p>L'EPU a \u00e9t\u00e9 cr\u00e9\u00e9 en 2006 pour donner une chance \u00e9gale \u00e0 chaque gouvernement national de tous les \u00c9tats membres de l'ONU de rendre compte \u00e0 la communaut\u00e9 internationale des mesures prises pour am\u00e9liorer la situation des droits de l'homme dans leurs pays respectifs et pour respecter leurs engagements et obligations en mati\u00e8re de droits de l'homme. L'examen est bas\u00e9 sur 3 rapports : le rapport national de l'\u00c9tat concern\u00e9, une compilation des informations sur l'\u00c9tat concern\u00e9 contenues dans les rapports des Nations Unies (y compris les organes de trait\u00e9s des droits de l'homme, les titulaires de mandats de proc\u00e9dures sp\u00e9ciales), et le rapport soumis par d'autres parties prenantes (m\u00e9canismes r\u00e9gionaux des droits de l'homme, institutions nationales des droits de l'homme et soci\u00e9t\u00e9 civile). Ces rapports donnent lieu \u00e0 des examens par les pairs au sein du groupe de travail de l'EPU, qui aboutissent, en moyenne, \u00e0 230 recommandations formul\u00e9es par 100 \u00c9tats pour chaque \u00c9tat examin\u00e9, puis \u00e0 l'adoption des r\u00e9sultats lors des sessions pl\u00e9ni\u00e8res du Conseil des droits de l'homme, o\u00f9 l'\u00c9tat clarifie sa position sur chaque recommandation - qu'elle soit accept\u00e9e ou not\u00e9e - et o\u00f9 tous les acteurs concern\u00e9s (\u00c9tats, entit\u00e9s de l'ONU, soci\u00e9t\u00e9 civile, institutions nationales des droits de l'homme) ont la possibilit\u00e9 de fournir des commentaires\/observations. En outre, les \u00c9tats peuvent entreprendre un \"examen \u00e0 mi-parcours\" volontaire au milieu de leur cycle afin d'informer la communaut\u00e9 internationale de leur position sur la mise en \u0153uvre des recommandations re\u00e7ues au cours de leur examen.<\/p>\n<p><\/p>\n<p>Au cours des derni\u00e8res ann\u00e9es, l'EPU s'est constamment am\u00e9lior\u00e9 - avec ses 4<sup>th<\/sup> Ce cycle, qui d\u00e9butera en novembre 2022, sera ax\u00e9 sur la \"mise en \u0153uvre renforc\u00e9e\" des recommandations. Le r\u00f4le des parlements et des institutions nationales des droits de l'homme est devenu plus important et des MNRI (m\u00e9canismes nationaux de mise en \u0153uvre, de rapport et de suivi) ont commenc\u00e9 \u00e0 \u00eatre \u00e9tablis dans de nombreux \u00c9tats pour faciliter et institutionnaliser les processus de rapport et de mise en \u0153uvre des droits de l'homme. Avec la participation des \u00c9tats 100%, et au plus haut niveau du gouvernement, l'EPU a abouti \u00e0 des d\u00e9cisions souveraines conduisant \u00e0 des am\u00e9liorations des droits de l'homme, dans les lois et les pratiques. Les outils \u00e9labor\u00e9s \u00e0 la suite de l'Appel \u00e0 l'action du Secr\u00e9taire g\u00e9n\u00e9ral - en particulier la <a href=\"http:\/\/www.ohchr.org\/sites\/default\/files\/Documents\/HRBodies\/UPR\/UPR_Practical_Guidance.pdf\">Guide pratique de l'EPU &nbsp;<\/a>- ont encourag\u00e9 une plus grande coordination, mise en \u0153uvre et suivi au sein des structures des Etats et du syst\u00e8me des Nations Unies. Ils ont \u00e9galement suscit\u00e9 une participation de plus en plus active des gouvernements locaux et r\u00e9gionaux, des parlements, des m\u00e9canismes r\u00e9gionaux, des institutions nationales des droits de l'homme et des organisations de la soci\u00e9t\u00e9 civile \u00e0 toutes les phases des examens.<\/p>\n<p><\/p>\n<div class=\"wp-block-spacer\" style=\"height: 28px;\" aria-hidden=\"true\">&nbsp;<\/div>\n<p><\/p>\t\t\t\t\t\t\t\t<\/div>\n\t\t\t\t<\/div>\n\t\t\t\t<div class=\"elementor-element elementor-element-301f6c9 elementor-align-center elementor-widget elementor-widget-button\" data-id=\"301f6c9\" data-element_type=\"widget\" data-e-type=\"widget\" data-widget_type=\"button.default\">\n\t\t\t\t<div class=\"elementor-widget-container\">\n\t\t\t\t\t\t\t\t\t<div class=\"elementor-button-wrapper\">\n\t\t\t\t\t<a class=\"elementor-button elementor-button-link elementor-size-sm\" href=\"https:\/\/www.genevacitieshub.org\/en\/the-coalition-for-local-and-regional-governments-in-upr-publishes-upr-tips-for-lrgs\/\">\n\t\t\t\t\t\t<span class=\"elementor-button-content-wrapper\">\n\t\t\t\t\t\t\t\t\t<span class=\"elementor-button-text\">Conseils de l'EPU pour les collectivit\u00e9s locales et r\u00e9gionales<\/span>\n\t\t\t\t\t<\/span>\n\t\t\t\t\t<\/a>\n\t\t\t\t<\/div>\n\t\t\t\t\t\t\t\t<\/div>\n\t\t\t\t<\/div>\n\t\t\t\t\t<\/div>\n\t\t<\/div>\n\t\t\t\t\t<\/div>\n\t\t<\/section>\n\t\t\t\t<\/div>","protected":false},"excerpt":{"rendered":"<p>L'examen p\u00e9riodique universel (EPU) est un processus collaboratif men\u00e9 par les \u00c9tats, sous les auspices de l'Assembl\u00e9e g\u00e9n\u00e9rale des Nations unies et de son organe subsidiaire, le Conseil des droits de l'homme. Jusqu'\u00e0 pr\u00e9sent, les villes ont \u00e9t\u00e9 consid\u00e9r\u00e9es comme des lieux de mise en \u0153uvre (ou, malheureusement, de violation des droits de l'homme) dans le contexte de l'EPU. Mais elles ne sont que rarement consid\u00e9r\u00e9es comme des acteurs, ... <\/p>","protected":false},"author":1,"featured_media":0,"parent":0,"menu_order":0,"comment_status":"closed","ping_status":"closed","template":"","meta":{"_monsterinsights_skip_tracking":false,"_monsterinsights_sitenote_active":false,"_monsterinsights_sitenote_note":"","_monsterinsights_sitenote_category":0,"footnotes":""},"class_list":["post-17204","page","type-page","status-publish","hentry"],"yoast_head":"<!-- This site is optimized with the Yoast SEO plugin v27.4 - https:\/\/yoast.com\/product\/yoast-seo-wordpress\/ -->\n<title>Coalition \u201cLocal and Regional Governments in UPR\u201d - Global Cities Hub<\/title>\n<meta name=\"description\" content=\"GCH is leading constant reflection on the ways and means to adapt UPR to the reality of multilevel diplomacy.\" \/>\n<meta name=\"robots\" content=\"index, follow, max-snippet:-1, max-image-preview:large, max-video-preview:-1\" \/>\n<link rel=\"canonical\" href=\"https:\/\/globalcitieshub.org\/fr\/launch-of-the-coalition-lrgs-in-upr\/\" \/>\n<meta property=\"og:locale\" content=\"fr_FR\" \/>\n<meta property=\"og:type\" content=\"article\" \/>\n<meta property=\"og:title\" content=\"Coalition \u201cLocal and Regional Governments in UPR\u201d - Global Cities Hub\" \/>\n<meta property=\"og:description\" content=\"GCH is leading constant reflection on the ways and means to adapt UPR to the reality of multilevel diplomacy.\" \/>\n<meta property=\"og:url\" content=\"https:\/\/globalcitieshub.org\/fr\/launch-of-the-coalition-lrgs-in-upr\/\" \/>\n<meta property=\"og:site_name\" content=\"Global Cities Hub\" \/>\n<meta property=\"article:modified_time\" content=\"2023-09-26T07:40:49+00:00\" \/>\n<meta name=\"twitter:card\" content=\"summary_large_image\" \/>\n<meta name=\"twitter:site\" content=\"@genevacitieshub\" \/>\n<meta name=\"twitter:label1\" content=\"Dur\u00e9e de lecture estim\u00e9e\" \/>\n\t<meta name=\"twitter:data1\" content=\"4 minutes\" \/>\n<script type=\"application\/ld+json\" class=\"yoast-schema-graph\">{\"@context\":\"https:\\\/\\\/schema.org\",\"@graph\":[{\"@type\":\"WebPage\",\"@id\":\"https:\\\/\\\/globalcitieshub.org\\\/fr\\\/launch-of-the-coalition-lrgs-in-upr\\\/\",\"url\":\"https:\\\/\\\/globalcitieshub.org\\\/fr\\\/launch-of-the-coalition-lrgs-in-upr\\\/\",\"name\":\"Coalition \u201cLocal and Regional Governments in UPR\u201d - Global Cities Hub\",\"isPartOf\":{\"@id\":\"https:\\\/\\\/globalcitieshub.org\\\/fr\\\/#website\"},\"datePublished\":\"2022-09-27T07:51:00+00:00\",\"dateModified\":\"2023-09-26T07:40:49+00:00\",\"description\":\"GCH is leading constant reflection on the ways and means to adapt UPR to the reality of multilevel diplomacy.\",\"inLanguage\":\"fr-FR\",\"potentialAction\":[{\"@type\":\"ReadAction\",\"target\":[\"https:\\\/\\\/globalcitieshub.org\\\/fr\\\/launch-of-the-coalition-lrgs-in-upr\\\/\"]}]},{\"@type\":\"WebSite\",\"@id\":\"https:\\\/\\\/globalcitieshub.org\\\/fr\\\/#website\",\"url\":\"https:\\\/\\\/globalcitieshub.org\\\/fr\\\/\",\"name\":\"Global Cities Hub\",\"description\":\"Connecting local and regional governments to the United Nations and other  international organizations\",\"publisher\":{\"@id\":\"https:\\\/\\\/globalcitieshub.org\\\/fr\\\/#organization\"},\"potentialAction\":[{\"@type\":\"SearchAction\",\"target\":{\"@type\":\"EntryPoint\",\"urlTemplate\":\"https:\\\/\\\/globalcitieshub.org\\\/fr\\\/?s={search_term_string}\"},\"query-input\":{\"@type\":\"PropertyValueSpecification\",\"valueRequired\":true,\"valueName\":\"search_term_string\"}}],\"inLanguage\":\"fr-FR\"},{\"@type\":\"Organization\",\"@id\":\"https:\\\/\\\/globalcitieshub.org\\\/fr\\\/#organization\",\"name\":\"Global Cities Hub\",\"url\":\"https:\\\/\\\/globalcitieshub.org\\\/fr\\\/\",\"logo\":{\"@type\":\"ImageObject\",\"inLanguage\":\"fr-FR\",\"@id\":\"https:\\\/\\\/globalcitieshub.org\\\/fr\\\/#\\\/schema\\\/logo\\\/image\\\/\",\"url\":\"https:\\\/\\\/globalcitieshub.org\\\/wp-content\\\/uploads\\\/2023\\\/09\\\/230829_Logo_Global_Cities_Hub_Couleur_fond-blanc_RVB.png\",\"contentUrl\":\"https:\\\/\\\/globalcitieshub.org\\\/wp-content\\\/uploads\\\/2023\\\/09\\\/230829_Logo_Global_Cities_Hub_Couleur_fond-blanc_RVB.png\",\"width\":2544,\"height\":1446,\"caption\":\"Global Cities Hub\"},\"image\":{\"@id\":\"https:\\\/\\\/globalcitieshub.org\\\/fr\\\/#\\\/schema\\\/logo\\\/image\\\/\"},\"sameAs\":[\"https:\\\/\\\/x.com\\\/genevacitieshub\"]}]}<\/script>\n<!-- \/ Yoast SEO plugin. -->","yoast_head_json":{"title":"Coalition \"Gouvernements locaux et r\u00e9gionaux dans l'EPU\" - Global Cities Hub","description":"La GCH m\u00e8ne une r\u00e9flexion constante sur les moyens d'adapter l'EPU \u00e0 la r\u00e9alit\u00e9 de la diplomatie \u00e0 plusieurs niveaux.","robots":{"index":"index","follow":"follow","max-snippet":"max-snippet:-1","max-image-preview":"max-image-preview:large","max-video-preview":"max-video-preview:-1"},"canonical":"https:\/\/globalcitieshub.org\/fr\/launch-of-the-coalition-lrgs-in-upr\/","og_locale":"fr_FR","og_type":"article","og_title":"Coalition \u201cLocal and Regional Governments in UPR\u201d - Global Cities Hub","og_description":"GCH is leading constant reflection on the ways and means to adapt UPR to the reality of multilevel diplomacy.","og_url":"https:\/\/globalcitieshub.org\/fr\/launch-of-the-coalition-lrgs-in-upr\/","og_site_name":"Global Cities Hub","article_modified_time":"2023-09-26T07:40:49+00:00","twitter_card":"summary_large_image","twitter_site":"@genevacitieshub","twitter_misc":{"Dur\u00e9e de lecture estim\u00e9e":"4 minutes"},"schema":{"@context":"https:\/\/schema.org","@graph":[{"@type":"WebPage","@id":"https:\/\/globalcitieshub.org\/fr\/launch-of-the-coalition-lrgs-in-upr\/","url":"https:\/\/globalcitieshub.org\/fr\/launch-of-the-coalition-lrgs-in-upr\/","name":"Coalition \"Gouvernements locaux et r\u00e9gionaux dans l'EPU\" - Global Cities Hub","isPartOf":{"@id":"https:\/\/globalcitieshub.org\/fr\/#website"},"datePublished":"2022-09-27T07:51:00+00:00","dateModified":"2023-09-26T07:40:49+00:00","description":"La GCH m\u00e8ne une r\u00e9flexion constante sur les moyens d'adapter l'EPU \u00e0 la r\u00e9alit\u00e9 de la diplomatie \u00e0 plusieurs niveaux.","inLanguage":"fr-FR","potentialAction":[{"@type":"ReadAction","target":["https:\/\/globalcitieshub.org\/fr\/launch-of-the-coalition-lrgs-in-upr\/"]}]},{"@type":"WebSite","@id":"https:\/\/globalcitieshub.org\/fr\/#website","url":"https:\/\/globalcitieshub.org\/fr\/","name":"Global Cities Hub","description":"Relier les gouvernements locaux et r\u00e9gionaux aux Nations unies et \u00e0 d'autres organisations internationales","publisher":{"@id":"https:\/\/globalcitieshub.org\/fr\/#organization"},"potentialAction":[{"@type":"SearchAction","target":{"@type":"EntryPoint","urlTemplate":"https:\/\/globalcitieshub.org\/fr\/?s={search_term_string}"},"query-input":{"@type":"PropertyValueSpecification","valueRequired":true,"valueName":"search_term_string"}}],"inLanguage":"fr-FR"},{"@type":"Organization","@id":"https:\/\/globalcitieshub.org\/fr\/#organization","name":"Global Cities Hub","url":"https:\/\/globalcitieshub.org\/fr\/","logo":{"@type":"ImageObject","inLanguage":"fr-FR","@id":"https:\/\/globalcitieshub.org\/fr\/#\/schema\/logo\/image\/","url":"https:\/\/globalcitieshub.org\/wp-content\/uploads\/2023\/09\/230829_Logo_Global_Cities_Hub_Couleur_fond-blanc_RVB.png","contentUrl":"https:\/\/globalcitieshub.org\/wp-content\/uploads\/2023\/09\/230829_Logo_Global_Cities_Hub_Couleur_fond-blanc_RVB.png","width":2544,"height":1446,"caption":"Global Cities Hub"},"image":{"@id":"https:\/\/globalcitieshub.org\/fr\/#\/schema\/logo\/image\/"},"sameAs":["https:\/\/x.com\/genevacitieshub"]}]}},"_links":{"self":[{"href":"https:\/\/globalcitieshub.org\/fr\/wp-json\/wp\/v2\/pages\/17204","targetHints":{"allow":["GET"]}}],"collection":[{"href":"https:\/\/globalcitieshub.org\/fr\/wp-json\/wp\/v2\/pages"}],"about":[{"href":"https:\/\/globalcitieshub.org\/fr\/wp-json\/wp\/v2\/types\/page"}],"author":[{"embeddable":true,"href":"https:\/\/globalcitieshub.org\/fr\/wp-json\/wp\/v2\/users\/1"}],"replies":[{"embeddable":true,"href":"https:\/\/globalcitieshub.org\/fr\/wp-json\/wp\/v2\/comments?post=17204"}],"version-history":[{"count":27,"href":"https:\/\/globalcitieshub.org\/fr\/wp-json\/wp\/v2\/pages\/17204\/revisions"}],"predecessor-version":[{"id":18908,"href":"https:\/\/globalcitieshub.org\/fr\/wp-json\/wp\/v2\/pages\/17204\/revisions\/18908"}],"wp:attachment":[{"href":"https:\/\/globalcitieshub.org\/fr\/wp-json\/wp\/v2\/media?parent=17204"}],"curies":[{"name":"wp","href":"https:\/\/api.w.org\/{rel}","templated":true}]}}