{"id":16509,"date":"2022-03-29T15:19:53","date_gmt":"2022-03-29T13:19:53","guid":{"rendered":"https:\/\/www.genevacitieshub.org\/?page_id=16509"},"modified":"2022-03-29T15:19:56","modified_gmt":"2022-03-29T13:19:56","slug":"installation-of-early-alerts-to-avoid-disasters-in-toro","status":"publish","type":"page","link":"https:\/\/globalcitieshub.org\/fr\/installation-of-early-alerts-to-avoid-disasters-in-toro\/","title":{"rendered":"Installation d'alertes pr\u00e9coces pour \u00e9viter les catastrophes \u00e0 Toro"},"content":{"rendered":"<p><em>Cette histoire a \u00e9t\u00e9 partag\u00e9e par <a href=\"mailto:gestiondelriesgo@toro-valle.gov.co\">M. Roberto Bolanos,<\/a> Coordinateur, gestion des risques, ville de Toro. <\/em><\/p>\n\n\n\n<p><em>T\u00e9l : +57.310.890.34.56 <\/em><\/p>\n\n\n\n<p><\/p>\n\n\n\n<p>La ville de Toro est travers\u00e9e par deux rivi\u00e8res et la population vit sur leurs rives. Gr\u00e2ce \u00e0 ces alertes pr\u00e9coces, une trag\u00e9die peut \u00eatre \u00e9vit\u00e9e, car une avenue torrentielle provoqu\u00e9e par des glissements de terrain peut faire des morts et d\u00e9truire des infrastructures.<br><br>En raison de la g\u00e9ographie montagneuse du terrain o\u00f9 se trouve la ville, les dommages qu'elle cause concernent la majorit\u00e9 de la population urbaine.\u00a0<\/p>\n\n\n\n<p>La mise en \u0153uvre est facile car l'\u00e9quipement install\u00e9 g\u00e9n\u00e8re automatiquement des informations. L'exp\u00e9rience dans d'autres villes est le meilleur moyen d'\u00e9valuer l'efficacit\u00e9 de cet \u00e9quipement.<\/p>\n\n\n\n<p><\/p>\n\n\n\n<p><em>Lire <a href=\"https:\/\/drive.google.com\/file\/d\/1Te4R7rSjur8rpYNHVS1h5pBNog3K7w2S\/view\" target=\"_blank\" rel=\"noreferrer noopener\">rapport complet<\/a> en espagnol.<\/em><\/p>","protected":false},"excerpt":{"rendered":"<p>Cette histoire a \u00e9t\u00e9 partag\u00e9e par M. Roberto Bolanos, coordinateur de la gestion des risques, ville de Toro. Tel : +57.310.890.34.56 La ville de Toro est travers\u00e9e par deux rivi\u00e8res et la population vit sur leurs rives. Gr\u00e2ce \u00e0 ces alertes pr\u00e9coces, une trag\u00e9die peut \u00eatre \u00e9vit\u00e9e, car une avenue torrentielle caus\u00e9e par des glissements de terrain peut causer des morts et d\u00e9truire des infrastructures. En raison ... <\/p>","protected":false},"author":1,"featured_media":0,"parent":0,"menu_order":0,"comment_status":"closed","ping_status":"closed","template":"","meta":{"_monsterinsights_skip_tracking":false,"_monsterinsights_sitenote_active":false,"_monsterinsights_sitenote_note":"","_monsterinsights_sitenote_category":0,"footnotes":""},"class_list":["post-16509","page","type-page","status-publish","hentry"],"yoast_head":"<!-- This site is optimized with the Yoast SEO plugin v27.4 - https:\/\/yoast.com\/product\/yoast-seo-wordpress\/ -->\n<title>Installation of early alerts to avoid disasters in Toro - Global Cities Hub<\/title>\n<meta name=\"description\" content=\"In Toro, early alerts help avoid a tragedy, since a torrential avenue caused by landslides can cause deaths and destroy infrastructure.\" \/>\n<meta name=\"robots\" content=\"index, follow, max-snippet:-1, max-image-preview:large, max-video-preview:-1\" \/>\n<link rel=\"canonical\" href=\"https:\/\/globalcitieshub.org\/fr\/installation-of-early-alerts-to-avoid-disasters-in-toro\/\" \/>\n<meta property=\"og:locale\" content=\"fr_FR\" \/>\n<meta property=\"og:type\" content=\"article\" \/>\n<meta property=\"og:title\" content=\"Installation of early alerts to avoid disasters in Toro - Global Cities Hub\" \/>\n<meta property=\"og:description\" content=\"In Toro, early alerts help avoid a tragedy, since a torrential avenue caused by landslides can cause deaths and destroy infrastructure.\" \/>\n<meta property=\"og:url\" content=\"https:\/\/globalcitieshub.org\/fr\/installation-of-early-alerts-to-avoid-disasters-in-toro\/\" \/>\n<meta property=\"og:site_name\" content=\"Global Cities Hub\" \/>\n<meta property=\"article:modified_time\" content=\"2022-03-29T13:19:56+00:00\" \/>\n<meta name=\"twitter:card\" content=\"summary_large_image\" \/>\n<meta name=\"twitter:site\" content=\"@genevacitieshub\" \/>\n<meta name=\"twitter:label1\" content=\"Dur\u00e9e de lecture estim\u00e9e\" \/>\n\t<meta name=\"twitter:data1\" content=\"1 minute\" \/>\n<script type=\"application\/ld+json\" class=\"yoast-schema-graph\">{\"@context\":\"https:\\\/\\\/schema.org\",\"@graph\":[{\"@type\":\"WebPage\",\"@id\":\"https:\\\/\\\/globalcitieshub.org\\\/fr\\\/installation-of-early-alerts-to-avoid-disasters-in-toro\\\/\",\"url\":\"https:\\\/\\\/globalcitieshub.org\\\/fr\\\/installation-of-early-alerts-to-avoid-disasters-in-toro\\\/\",\"name\":\"Installation of early alerts to avoid disasters in Toro - Global Cities Hub\",\"isPartOf\":{\"@id\":\"https:\\\/\\\/globalcitieshub.org\\\/fr\\\/#website\"},\"datePublished\":\"2022-03-29T13:19:53+00:00\",\"dateModified\":\"2022-03-29T13:19:56+00:00\",\"description\":\"In Toro, early alerts help avoid a tragedy, since a torrential avenue caused by landslides can cause deaths and destroy infrastructure.\",\"inLanguage\":\"fr-FR\",\"potentialAction\":[{\"@type\":\"ReadAction\",\"target\":[\"https:\\\/\\\/globalcitieshub.org\\\/fr\\\/installation-of-early-alerts-to-avoid-disasters-in-toro\\\/\"]}]},{\"@type\":\"WebSite\",\"@id\":\"https:\\\/\\\/globalcitieshub.org\\\/fr\\\/#website\",\"url\":\"https:\\\/\\\/globalcitieshub.org\\\/fr\\\/\",\"name\":\"Global Cities Hub\",\"description\":\"Connecting local and regional governments to the United Nations and other  international organizations\",\"publisher\":{\"@id\":\"https:\\\/\\\/globalcitieshub.org\\\/fr\\\/#organization\"},\"potentialAction\":[{\"@type\":\"SearchAction\",\"target\":{\"@type\":\"EntryPoint\",\"urlTemplate\":\"https:\\\/\\\/globalcitieshub.org\\\/fr\\\/?s={search_term_string}\"},\"query-input\":{\"@type\":\"PropertyValueSpecification\",\"valueRequired\":true,\"valueName\":\"search_term_string\"}}],\"inLanguage\":\"fr-FR\"},{\"@type\":\"Organization\",\"@id\":\"https:\\\/\\\/globalcitieshub.org\\\/fr\\\/#organization\",\"name\":\"Global Cities Hub\",\"url\":\"https:\\\/\\\/globalcitieshub.org\\\/fr\\\/\",\"logo\":{\"@type\":\"ImageObject\",\"inLanguage\":\"fr-FR\",\"@id\":\"https:\\\/\\\/globalcitieshub.org\\\/fr\\\/#\\\/schema\\\/logo\\\/image\\\/\",\"url\":\"https:\\\/\\\/globalcitieshub.org\\\/wp-content\\\/uploads\\\/2023\\\/09\\\/230829_Logo_Global_Cities_Hub_Couleur_fond-blanc_RVB.png\",\"contentUrl\":\"https:\\\/\\\/globalcitieshub.org\\\/wp-content\\\/uploads\\\/2023\\\/09\\\/230829_Logo_Global_Cities_Hub_Couleur_fond-blanc_RVB.png\",\"width\":2544,\"height\":1446,\"caption\":\"Global Cities Hub\"},\"image\":{\"@id\":\"https:\\\/\\\/globalcitieshub.org\\\/fr\\\/#\\\/schema\\\/logo\\\/image\\\/\"},\"sameAs\":[\"https:\\\/\\\/x.com\\\/genevacitieshub\"]}]}<\/script>\n<!-- \/ Yoast SEO plugin. -->","yoast_head_json":{"title":"Installation d'alertes pr\u00e9coces pour \u00e9viter les catastrophes \u00e0 Toro - Global Cities Hub","description":"\u00c0 Toro, les alertes pr\u00e9coces permettent d'\u00e9viter une trag\u00e9die, car une avenue torrentielle provoqu\u00e9e par des glissements de terrain peut causer des morts et d\u00e9truire des infrastructures.","robots":{"index":"index","follow":"follow","max-snippet":"max-snippet:-1","max-image-preview":"max-image-preview:large","max-video-preview":"max-video-preview:-1"},"canonical":"https:\/\/globalcitieshub.org\/fr\/installation-of-early-alerts-to-avoid-disasters-in-toro\/","og_locale":"fr_FR","og_type":"article","og_title":"Installation of early alerts to avoid disasters in Toro - Global Cities Hub","og_description":"In Toro, early alerts help avoid a tragedy, since a torrential avenue caused by landslides can cause deaths and destroy infrastructure.","og_url":"https:\/\/globalcitieshub.org\/fr\/installation-of-early-alerts-to-avoid-disasters-in-toro\/","og_site_name":"Global Cities Hub","article_modified_time":"2022-03-29T13:19:56+00:00","twitter_card":"summary_large_image","twitter_site":"@genevacitieshub","twitter_misc":{"Dur\u00e9e de lecture estim\u00e9e":"1 minute"},"schema":{"@context":"https:\/\/schema.org","@graph":[{"@type":"WebPage","@id":"https:\/\/globalcitieshub.org\/fr\/installation-of-early-alerts-to-avoid-disasters-in-toro\/","url":"https:\/\/globalcitieshub.org\/fr\/installation-of-early-alerts-to-avoid-disasters-in-toro\/","name":"Installation d'alertes pr\u00e9coces pour \u00e9viter les catastrophes \u00e0 Toro - Global Cities Hub","isPartOf":{"@id":"https:\/\/globalcitieshub.org\/fr\/#website"},"datePublished":"2022-03-29T13:19:53+00:00","dateModified":"2022-03-29T13:19:56+00:00","description":"\u00c0 Toro, les alertes pr\u00e9coces permettent d'\u00e9viter une trag\u00e9die, car une avenue torrentielle provoqu\u00e9e par des glissements de terrain peut causer des morts et d\u00e9truire des infrastructures.","inLanguage":"fr-FR","potentialAction":[{"@type":"ReadAction","target":["https:\/\/globalcitieshub.org\/fr\/installation-of-early-alerts-to-avoid-disasters-in-toro\/"]}]},{"@type":"WebSite","@id":"https:\/\/globalcitieshub.org\/fr\/#website","url":"https:\/\/globalcitieshub.org\/fr\/","name":"Global Cities Hub","description":"Relier les gouvernements locaux et r\u00e9gionaux aux Nations unies et \u00e0 d'autres organisations internationales","publisher":{"@id":"https:\/\/globalcitieshub.org\/fr\/#organization"},"potentialAction":[{"@type":"SearchAction","target":{"@type":"EntryPoint","urlTemplate":"https:\/\/globalcitieshub.org\/fr\/?s={search_term_string}"},"query-input":{"@type":"PropertyValueSpecification","valueRequired":true,"valueName":"search_term_string"}}],"inLanguage":"fr-FR"},{"@type":"Organization","@id":"https:\/\/globalcitieshub.org\/fr\/#organization","name":"Global Cities Hub","url":"https:\/\/globalcitieshub.org\/fr\/","logo":{"@type":"ImageObject","inLanguage":"fr-FR","@id":"https:\/\/globalcitieshub.org\/fr\/#\/schema\/logo\/image\/","url":"https:\/\/globalcitieshub.org\/wp-content\/uploads\/2023\/09\/230829_Logo_Global_Cities_Hub_Couleur_fond-blanc_RVB.png","contentUrl":"https:\/\/globalcitieshub.org\/wp-content\/uploads\/2023\/09\/230829_Logo_Global_Cities_Hub_Couleur_fond-blanc_RVB.png","width":2544,"height":1446,"caption":"Global Cities Hub"},"image":{"@id":"https:\/\/globalcitieshub.org\/fr\/#\/schema\/logo\/image\/"},"sameAs":["https:\/\/x.com\/genevacitieshub"]}]}},"_links":{"self":[{"href":"https:\/\/globalcitieshub.org\/fr\/wp-json\/wp\/v2\/pages\/16509","targetHints":{"allow":["GET"]}}],"collection":[{"href":"https:\/\/globalcitieshub.org\/fr\/wp-json\/wp\/v2\/pages"}],"about":[{"href":"https:\/\/globalcitieshub.org\/fr\/wp-json\/wp\/v2\/types\/page"}],"author":[{"embeddable":true,"href":"https:\/\/globalcitieshub.org\/fr\/wp-json\/wp\/v2\/users\/1"}],"replies":[{"embeddable":true,"href":"https:\/\/globalcitieshub.org\/fr\/wp-json\/wp\/v2\/comments?post=16509"}],"version-history":[{"count":2,"href":"https:\/\/globalcitieshub.org\/fr\/wp-json\/wp\/v2\/pages\/16509\/revisions"}],"predecessor-version":[{"id":16513,"href":"https:\/\/globalcitieshub.org\/fr\/wp-json\/wp\/v2\/pages\/16509\/revisions\/16513"}],"wp:attachment":[{"href":"https:\/\/globalcitieshub.org\/fr\/wp-json\/wp\/v2\/media?parent=16509"}],"curies":[{"name":"wp","href":"https:\/\/api.w.org\/{rel}","templated":true}]}}