{"id":16465,"date":"2022-03-29T11:35:26","date_gmt":"2022-03-29T09:35:26","guid":{"rendered":"https:\/\/www.genevacitieshub.org\/?page_id=16465"},"modified":"2022-03-29T11:35:31","modified_gmt":"2022-03-29T09:35:31","slug":"municipal-climate-emergency-strategy","status":"publish","type":"page","link":"https:\/\/globalcitieshub.org\/fr\/municipal-climate-emergency-strategy\/","title":{"rendered":"Strat\u00e9gie municipale d'urgence climatique"},"content":{"rendered":"<p>La Ville de Gen\u00e8ve \u00e9labore actuellement une feuille de route pour sa \"Strat\u00e9gie municipale d'urgence climatique\". L'objectif de cette strat\u00e9gie est de r\u00e9duire les \u00e9missions de carbone de 60% en 2030 et d'atteindre la neutralit\u00e9 carbone en 2050. La strat\u00e9gie de la Ville est align\u00e9e sur la strat\u00e9gie cantonale, qui partage les m\u00eames objectifs et les m\u00eames six chapitres :<\/p>\n\n\n\n<ul class=\"wp-block-list\"><li>Consommation et production<\/li><li>Mobilit\u00e9<\/li><li>\u00c9nergie<\/li><li>Am\u00e9nagement du territoire<\/li><li>Sant\u00e9 et protection de la population<\/li><li>Biodiversit\u00e9 et espaces naturels<\/li><\/ul>\n\n\n\n<p>La strat\u00e9gie a d'abord d\u00e9bouch\u00e9 sur un certain nombre de mesures urgentes, prises en 2021, qui comprennent, par exemple, davantage de pistes cyclables, plus de repas v\u00e9g\u00e9tariens dans les \u00e9coles et une augmentation des plantations d'arbres. Ensuite, des politiques \u00e0 plus long terme, fond\u00e9es sur l'\u00e9valuation des \u00e9missions de carbone dans diff\u00e9rents secteurs, seront adopt\u00e9es et financ\u00e9es \u00e0 partir de 2022, apr\u00e8s un an de travail avec le personnel de la ville de tous les services et avec des sp\u00e9cialistes externes, au sein de six groupes de travail (un par chapitre).<\/p>\n\n\n\n<p>La Ville de Gen\u00e8ve n'a pas le pouvoir de l\u00e9gif\u00e9rer, mais elle est proactive dans le cadre de ses propres 800 b\u00e2timents, dont une majorit\u00e9 a besoin d'\u00eatre r\u00e9nov\u00e9e pour devenir r\u00e9siliente au climat. Elle s'emploie \u00e9galement \u00e0 am\u00e9liorer les espaces publics, les pistes cyclables, les routes et les parcs conform\u00e9ment \u00e0 sa strat\u00e9gie climatique, et promeut activement les comportements durables, l'\u00e9conomie circulaire et l'agriculture urbaine. La Ville est propri\u00e9taire de nombreuses institutions culturelles, qui contribuent actuellement \u00e0 changer la fa\u00e7on dont nous consid\u00e9rons nos liens avec l'environnement. Enfin, la Ville subventionne \u00e9galement de nombreuses ONG locales qui contribuent \u00e0 la transition \u00e9cologique de Gen\u00e8ve.<\/p>\n\n\n\n<p>L'objectif explicite de cette strat\u00e9gie est de r\u00e9duire les \u00e9missions de carbone de 60% en 2030 et d'atteindre la neutralit\u00e9 carbone en 2050. Cependant, la voie qui permettra \u00e0 Gen\u00e8ve d'atteindre cet objectif est encore en cours d'identification par le personnel municipal (groupes de travail en cours). Il est pr\u00e9vu que des ressources accrues devront \u00eatre mobilis\u00e9es pour atteindre ces objectifs.<\/p>\n\n\n\n<p>On s'attend g\u00e9n\u00e9ralement \u00e0 ce que cette strat\u00e9gie renforce la coh\u00e9rence entre les diff\u00e9rentes politiques de la ville, conform\u00e9ment aux objectifs \u00e9nonc\u00e9s ci-dessus. Elle a d\u00e9j\u00e0 r\u00e9uni des collaborateurs de diff\u00e9rents services dans des groupes de travail participants ; tous les conseillers ex\u00e9cutifs et chefs de service ont re\u00e7u une formation sur l'importance des questions climatiques. Le grand public n'a pas \u00e9t\u00e9 invit\u00e9 \u00e0 contribuer \u00e0 la strat\u00e9gie municipale, mais la Ville est en contact \u00e9troit avec de nombreuses ONG et partenaires qui sont consult\u00e9s en fonction de leur expertise, et la Ville va \u00e9galement lancer une campagne d'information publique sur le th\u00e8me du climat, qui comprendra des forums de discussion.<\/p>\n\n\n\n<p><\/p>\n\n\n\n<p><em>Pour de plus amples informations sur ce projet, vous pouvez contacter <a href=\"mailto:Julie.Perrenoud@ville-ge.ch\">Mme Julie Perrenoud<\/a>, +41.22.418.22.41<\/em><\/p>","protected":false},"excerpt":{"rendered":"<p>La ville de Gen\u00e8ve \u00e9labore actuellement une feuille de route pour sa \"Strat\u00e9gie municipale d'urgence climatique\". L'objectif de cette strat\u00e9gie est de r\u00e9duire les \u00e9missions de carbone de 60% en 2030 et d'atteindre la neutralit\u00e9 carbone en 2050. La strat\u00e9gie de la Ville est align\u00e9e sur la strat\u00e9gie cantonale, qui partage les m\u00eames objectifs et les m\u00eames six chapitres : ... <\/p>","protected":false},"author":1,"featured_media":0,"parent":0,"menu_order":0,"comment_status":"closed","ping_status":"closed","template":"","meta":{"_monsterinsights_skip_tracking":false,"_monsterinsights_sitenote_active":false,"_monsterinsights_sitenote_note":"","_monsterinsights_sitenote_category":0,"footnotes":""},"class_list":["post-16465","page","type-page","status-publish","hentry"],"yoast_head":"<!-- This site is optimized with the Yoast SEO plugin v27.4 - https:\/\/yoast.com\/product\/yoast-seo-wordpress\/ -->\n<title>Municipal climate emergency strategy - Global Cities Hub<\/title>\n<meta name=\"description\" content=\"The City of Geneva&#039;s &quot;Municipal climate emergency strategy&quot; aims to cut carbon emissions by 60% in 2030 and to reach carbon neutrality in 2050\" \/>\n<meta name=\"robots\" content=\"index, follow, max-snippet:-1, max-image-preview:large, max-video-preview:-1\" \/>\n<link rel=\"canonical\" href=\"https:\/\/globalcitieshub.org\/fr\/municipal-climate-emergency-strategy\/\" \/>\n<meta property=\"og:locale\" content=\"fr_FR\" \/>\n<meta property=\"og:type\" content=\"article\" \/>\n<meta property=\"og:title\" content=\"Municipal climate emergency strategy - Global Cities Hub\" \/>\n<meta property=\"og:description\" content=\"The City of Geneva&#039;s &quot;Municipal climate emergency strategy&quot; aims to cut carbon emissions by 60% in 2030 and to reach carbon neutrality in 2050\" \/>\n<meta property=\"og:url\" content=\"https:\/\/globalcitieshub.org\/fr\/municipal-climate-emergency-strategy\/\" \/>\n<meta property=\"og:site_name\" content=\"Global Cities Hub\" \/>\n<meta property=\"article:modified_time\" content=\"2022-03-29T09:35:31+00:00\" \/>\n<meta name=\"twitter:card\" content=\"summary_large_image\" \/>\n<meta name=\"twitter:site\" content=\"@genevacitieshub\" \/>\n<meta name=\"twitter:label1\" content=\"Dur\u00e9e de lecture estim\u00e9e\" \/>\n\t<meta name=\"twitter:data1\" content=\"2 minutes\" \/>\n<script type=\"application\/ld+json\" class=\"yoast-schema-graph\">{\"@context\":\"https:\\\/\\\/schema.org\",\"@graph\":[{\"@type\":\"WebPage\",\"@id\":\"https:\\\/\\\/globalcitieshub.org\\\/fr\\\/municipal-climate-emergency-strategy\\\/\",\"url\":\"https:\\\/\\\/globalcitieshub.org\\\/fr\\\/municipal-climate-emergency-strategy\\\/\",\"name\":\"Municipal climate emergency strategy - Global Cities Hub\",\"isPartOf\":{\"@id\":\"https:\\\/\\\/globalcitieshub.org\\\/fr\\\/#website\"},\"datePublished\":\"2022-03-29T09:35:26+00:00\",\"dateModified\":\"2022-03-29T09:35:31+00:00\",\"description\":\"The City of Geneva's \\\"Municipal climate emergency strategy\\\" aims to cut carbon emissions by 60% in 2030 and to reach carbon neutrality in 2050\",\"inLanguage\":\"fr-FR\",\"potentialAction\":[{\"@type\":\"ReadAction\",\"target\":[\"https:\\\/\\\/globalcitieshub.org\\\/fr\\\/municipal-climate-emergency-strategy\\\/\"]}]},{\"@type\":\"WebSite\",\"@id\":\"https:\\\/\\\/globalcitieshub.org\\\/fr\\\/#website\",\"url\":\"https:\\\/\\\/globalcitieshub.org\\\/fr\\\/\",\"name\":\"Global Cities Hub\",\"description\":\"Connecting local and regional governments to the United Nations and other  international organizations\",\"publisher\":{\"@id\":\"https:\\\/\\\/globalcitieshub.org\\\/fr\\\/#organization\"},\"potentialAction\":[{\"@type\":\"SearchAction\",\"target\":{\"@type\":\"EntryPoint\",\"urlTemplate\":\"https:\\\/\\\/globalcitieshub.org\\\/fr\\\/?s={search_term_string}\"},\"query-input\":{\"@type\":\"PropertyValueSpecification\",\"valueRequired\":true,\"valueName\":\"search_term_string\"}}],\"inLanguage\":\"fr-FR\"},{\"@type\":\"Organization\",\"@id\":\"https:\\\/\\\/globalcitieshub.org\\\/fr\\\/#organization\",\"name\":\"Global Cities Hub\",\"url\":\"https:\\\/\\\/globalcitieshub.org\\\/fr\\\/\",\"logo\":{\"@type\":\"ImageObject\",\"inLanguage\":\"fr-FR\",\"@id\":\"https:\\\/\\\/globalcitieshub.org\\\/fr\\\/#\\\/schema\\\/logo\\\/image\\\/\",\"url\":\"https:\\\/\\\/globalcitieshub.org\\\/wp-content\\\/uploads\\\/2023\\\/09\\\/230829_Logo_Global_Cities_Hub_Couleur_fond-blanc_RVB.png\",\"contentUrl\":\"https:\\\/\\\/globalcitieshub.org\\\/wp-content\\\/uploads\\\/2023\\\/09\\\/230829_Logo_Global_Cities_Hub_Couleur_fond-blanc_RVB.png\",\"width\":2544,\"height\":1446,\"caption\":\"Global Cities Hub\"},\"image\":{\"@id\":\"https:\\\/\\\/globalcitieshub.org\\\/fr\\\/#\\\/schema\\\/logo\\\/image\\\/\"},\"sameAs\":[\"https:\\\/\\\/x.com\\\/genevacitieshub\"]}]}<\/script>\n<!-- \/ Yoast SEO plugin. -->","yoast_head_json":{"title":"Strat\u00e9gie municipale d'urgence climatique - Global Cities Hub","description":"La \"Strat\u00e9gie municipale d'urgence climatique\" de la ville de Gen\u00e8ve vise \u00e0 r\u00e9duire les \u00e9missions de carbone de 60% en 2030 et \u00e0 atteindre la neutralit\u00e9 carbone en 2050.","robots":{"index":"index","follow":"follow","max-snippet":"max-snippet:-1","max-image-preview":"max-image-preview:large","max-video-preview":"max-video-preview:-1"},"canonical":"https:\/\/globalcitieshub.org\/fr\/municipal-climate-emergency-strategy\/","og_locale":"fr_FR","og_type":"article","og_title":"Municipal climate emergency strategy - Global Cities Hub","og_description":"The City of Geneva's \"Municipal climate emergency strategy\" aims to cut carbon emissions by 60% in 2030 and to reach carbon neutrality in 2050","og_url":"https:\/\/globalcitieshub.org\/fr\/municipal-climate-emergency-strategy\/","og_site_name":"Global Cities Hub","article_modified_time":"2022-03-29T09:35:31+00:00","twitter_card":"summary_large_image","twitter_site":"@genevacitieshub","twitter_misc":{"Dur\u00e9e de lecture estim\u00e9e":"2 minutes"},"schema":{"@context":"https:\/\/schema.org","@graph":[{"@type":"WebPage","@id":"https:\/\/globalcitieshub.org\/fr\/municipal-climate-emergency-strategy\/","url":"https:\/\/globalcitieshub.org\/fr\/municipal-climate-emergency-strategy\/","name":"Strat\u00e9gie municipale d'urgence climatique - Global Cities Hub","isPartOf":{"@id":"https:\/\/globalcitieshub.org\/fr\/#website"},"datePublished":"2022-03-29T09:35:26+00:00","dateModified":"2022-03-29T09:35:31+00:00","description":"La \"Strat\u00e9gie municipale d'urgence climatique\" de la ville de Gen\u00e8ve vise \u00e0 r\u00e9duire les \u00e9missions de carbone de 60% en 2030 et \u00e0 atteindre la neutralit\u00e9 carbone en 2050.","inLanguage":"fr-FR","potentialAction":[{"@type":"ReadAction","target":["https:\/\/globalcitieshub.org\/fr\/municipal-climate-emergency-strategy\/"]}]},{"@type":"WebSite","@id":"https:\/\/globalcitieshub.org\/fr\/#website","url":"https:\/\/globalcitieshub.org\/fr\/","name":"Global Cities Hub","description":"Relier les gouvernements locaux et r\u00e9gionaux aux Nations unies et \u00e0 d'autres organisations internationales","publisher":{"@id":"https:\/\/globalcitieshub.org\/fr\/#organization"},"potentialAction":[{"@type":"SearchAction","target":{"@type":"EntryPoint","urlTemplate":"https:\/\/globalcitieshub.org\/fr\/?s={search_term_string}"},"query-input":{"@type":"PropertyValueSpecification","valueRequired":true,"valueName":"search_term_string"}}],"inLanguage":"fr-FR"},{"@type":"Organization","@id":"https:\/\/globalcitieshub.org\/fr\/#organization","name":"Global Cities Hub","url":"https:\/\/globalcitieshub.org\/fr\/","logo":{"@type":"ImageObject","inLanguage":"fr-FR","@id":"https:\/\/globalcitieshub.org\/fr\/#\/schema\/logo\/image\/","url":"https:\/\/globalcitieshub.org\/wp-content\/uploads\/2023\/09\/230829_Logo_Global_Cities_Hub_Couleur_fond-blanc_RVB.png","contentUrl":"https:\/\/globalcitieshub.org\/wp-content\/uploads\/2023\/09\/230829_Logo_Global_Cities_Hub_Couleur_fond-blanc_RVB.png","width":2544,"height":1446,"caption":"Global Cities Hub"},"image":{"@id":"https:\/\/globalcitieshub.org\/fr\/#\/schema\/logo\/image\/"},"sameAs":["https:\/\/x.com\/genevacitieshub"]}]}},"_links":{"self":[{"href":"https:\/\/globalcitieshub.org\/fr\/wp-json\/wp\/v2\/pages\/16465","targetHints":{"allow":["GET"]}}],"collection":[{"href":"https:\/\/globalcitieshub.org\/fr\/wp-json\/wp\/v2\/pages"}],"about":[{"href":"https:\/\/globalcitieshub.org\/fr\/wp-json\/wp\/v2\/types\/page"}],"author":[{"embeddable":true,"href":"https:\/\/globalcitieshub.org\/fr\/wp-json\/wp\/v2\/users\/1"}],"replies":[{"embeddable":true,"href":"https:\/\/globalcitieshub.org\/fr\/wp-json\/wp\/v2\/comments?post=16465"}],"version-history":[{"count":2,"href":"https:\/\/globalcitieshub.org\/fr\/wp-json\/wp\/v2\/pages\/16465\/revisions"}],"predecessor-version":[{"id":16467,"href":"https:\/\/globalcitieshub.org\/fr\/wp-json\/wp\/v2\/pages\/16465\/revisions\/16467"}],"wp:attachment":[{"href":"https:\/\/globalcitieshub.org\/fr\/wp-json\/wp\/v2\/media?parent=16465"}],"curies":[{"name":"wp","href":"https:\/\/api.w.org\/{rel}","templated":true}]}}