{"id":16430,"date":"2022-03-29T10:15:04","date_gmt":"2022-03-29T08:15:04","guid":{"rendered":"https:\/\/www.genevacitieshub.org\/?page_id=16430"},"modified":"2022-03-29T10:22:35","modified_gmt":"2022-03-29T08:22:35","slug":"changeonslesregles","status":"publish","type":"page","link":"https:\/\/globalcitieshub.org\/fr\/changeonslesregles\/","title":{"rendered":"#ChangeonsLesR\u00e8gles"},"content":{"rendered":"<div data-elementor-type=\"wp-page\" data-elementor-id=\"16430\" class=\"elementor elementor-16430\">\n\t\t\t\t\t\t<section class=\"elementor-section elementor-top-section elementor-element elementor-element-78691380 elementor-section-boxed elementor-section-height-default elementor-section-height-default\" data-id=\"78691380\" data-element_type=\"section\" data-e-type=\"section\">\n\t\t\t\t\t\t<div class=\"elementor-container elementor-column-gap-default\">\n\t\t\t\t\t<div class=\"elementor-column elementor-col-100 elementor-top-column elementor-element elementor-element-15c769ef\" data-id=\"15c769ef\" data-element_type=\"column\" data-e-type=\"column\">\n\t\t\t<div class=\"elementor-widget-wrap elementor-element-populated\">\n\t\t\t\t\t\t<div class=\"elementor-element elementor-element-3e772cd elementor-widget elementor-widget-image\" data-id=\"3e772cd\" data-element_type=\"widget\" data-e-type=\"widget\" data-widget_type=\"image.default\">\n\t\t\t\t<div class=\"elementor-widget-container\">\n\t\t\t\t\t\t\t\t\t\t\t\t\t\t\t<img fetchpriority=\"high\" width=\"724\" height=\"407\" class=\"attachment-large size-large wp-image-16435 lazy\" alt=\"\" data-src=\"https:\/\/globalcitieshub.org\/wp-content\/uploads\/2022\/03\/870x489_60b0db8d0e9f8-viviane-viollaz-et-florence-duvand-adjointes-au-maire-Maud-Perrot.jpg\" data-lazy=\"https:\/\/globalcitieshub.org\/wp-content\/uploads\/2022\/03\/870x489_60b0db8d0e9f8-viviane-viollaz-et-florence-duvand-adjointes-au-maire-Maud-Perrot.jpg\" \/>\t\t\t\t\t\t\t\t\t\t\t\t\t\t\t<\/div>\n\t\t\t\t<\/div>\n\t\t\t\t<div class=\"elementor-element elementor-element-41b3f5ca elementor-widget elementor-widget-text-editor\" data-id=\"41b3f5ca\" data-element_type=\"widget\" data-e-type=\"widget\" data-widget_type=\"text-editor.default\">\n\t\t\t\t<div class=\"elementor-widget-container\">\n\t\t\t\t\t\t\t\t\t<p><\/p>\n<p>Dans le cadre des politiques publiques mises en place en lien avec les objectifs du d\u00e9veloppement durable, la ville d'Evian a souhait\u00e9 travailler sur la bonne sant\u00e9 des jeunes filles et des femmes, r\u00e9duire les in\u00e9galit\u00e9s entre les sexes \u00e0 travers un projet de mise \u00e0 disposition de protections hygi\u00e9niques gratuites pour toutes les femmes evianaises. En lien avec les coll\u00e8ges et lyc\u00e9es, plusieurs distributeurs de protections f\u00e9minines pont \u00e9t\u00e9 install\u00e9s dans la ville et sont accessibles par toutes gratuitement. nous travaillons avec des associations solidaires pour recueillir des dons de protections hygi\u00e9niques qui sont distribu\u00e9s \u00e9galement aupr\u00e8s d'une population fragile qui ne peut pas les acheter.<\/p>\n<p><\/p>\t\t\t\t\t\t\t\t<\/div>\n\t\t\t\t<\/div>\n\t\t\t\t<div class=\"elementor-element elementor-element-c38363e elementor-widget elementor-widget-text-editor\" data-id=\"c38363e\" data-element_type=\"widget\" data-e-type=\"widget\" data-widget_type=\"text-editor.default\">\n\t\t\t\t<div class=\"elementor-widget-container\">\n\t\t\t\t\t\t\t\t\t<p>1 femme sur 7 n'a pas acc\u00e8s \u00e0 des protections f\u00e9minines en France et une jeune fille sur 5 ne peut pas se rendre \u00e0 l'\u00e9cole du fait des r\u00e8gles ou utilisent du papier journal. Face \u00e0 un probl\u00e8me de sant\u00e9 publique, la mairie a d\u00e9cid\u00e9 de mettre en place ces distributeurs gratuits et accessibles pour permettre \u00e0 toutes les femmes quelques soient leurs revenus d'avoir acc\u00e8s aux protections f\u00e9minines (protections respectueuses de l'environnement et sans produits chimiques).Il \u00e9tait important d'aller au plus pr\u00e8s des jeunes filles \u00e9galement en faisant un lien avec les coll\u00e8ges et lyc\u00e9e.<\/p>\t\t\t\t\t\t\t\t<\/div>\n\t\t\t\t<\/div>\n\t\t\t\t<div class=\"elementor-element elementor-element-8260042 elementor-widget elementor-widget-text-editor\" data-id=\"8260042\" data-element_type=\"widget\" data-e-type=\"widget\" data-widget_type=\"text-editor.default\">\n\t\t\t\t<div class=\"elementor-widget-container\">\n\t\t\t\t\t\t\t\t\t<p>La municipalit\u00e9 \u00e0 travaill\u00e9 avec le centre communal d'action social, avec un comit\u00e9 de pilotage d'\u00e9lus et d'evianais pour monter le projet. Elle travaille \u00e9galement avec des associations caritatives et sociales pour toucher les femmes les plus fragiles (dons de protections, distribution...).<\/p>\n<p>\u00a0<\/p>\n<p><em>Traduction courtoisie du fran\u00e7ais par le Carrefour des villes de Gen\u00e8ve.<\/em><\/p>\n<p>\u00a0<\/p>\n<p><a href=\"https:\/\/ville-evian.fr\/actu\/!\/news\/lutte-contre-la-precarite-menstruelle\" target=\"_blank\" rel=\"noopener\">Plus d'informations sur ce projet sur le site de la ville d'Evian.<\/a><\/p>\t\t\t\t\t\t\t\t<\/div>\n\t\t\t\t<\/div>\n\t\t\t\t<div class=\"elementor-element elementor-element-c48a307 elementor-widget elementor-widget-image\" data-id=\"c48a307\" data-element_type=\"widget\" data-e-type=\"widget\" data-widget_type=\"image.default\">\n\t\t\t\t<div class=\"elementor-widget-container\">\n\t\t\t\t\t\t\t\t\t\t\t\t\t\t\t<img width=\"724\" height=\"1024\" class=\"attachment-medium_large size-medium_large wp-image-16436 lazy\" alt=\"\" data-src=\"https:\/\/globalcitieshub.org\/wp-content\/uploads\/2022\/03\/a4-distributeurs-Maud-Perrot-768x1086.jpg\" data-lazy=\"https:\/\/globalcitieshub.org\/wp-content\/uploads\/2022\/03\/a4-distributeurs-Maud-Perrot-768x1086.jpg\" \/>\t\t\t\t\t\t\t\t\t\t\t\t\t\t\t<\/div>\n\t\t\t\t<\/div>\n\t\t\t\t\t<\/div>\n\t\t<\/div>\n\t\t\t\t\t<\/div>\n\t\t<\/section>\n\t\t\t\t<\/div>","protected":false},"excerpt":{"rendered":"<p>Dans le cadre des politiques publiques mises en place en lien avec les Objectifs de D\u00e9veloppement Durable, la ville d'Evian a souhait\u00e9 travailler sur la bonne sant\u00e9 des jeunes filles et des femmes, r\u00e9duire les in\u00e9galit\u00e9s entre les sexes \u00e0 travers un projet de mise \u00e0 disposition de protections hygi\u00e9niques gratuites pour toutes les Evianaises. En lien avec les coll\u00e8ges et ... <\/p>","protected":false},"author":1,"featured_media":0,"parent":0,"menu_order":0,"comment_status":"closed","ping_status":"closed","template":"","meta":{"_monsterinsights_skip_tracking":false,"_monsterinsights_sitenote_active":false,"_monsterinsights_sitenote_note":"","_monsterinsights_sitenote_category":0,"footnotes":""},"class_list":["post-16430","page","type-page","status-publish","hentry"],"yoast_head":"<!-- This site is optimized with the Yoast SEO plugin v27.5 - https:\/\/yoast.com\/product\/yoast-seo-wordpress\/ -->\n<title>#ChangeonsLesR\u00e8gles - Global Cities Hub<\/title>\n<meta name=\"description\" content=\"Distributors of female sanitary protection have been installed in Evian and are accessible to all free of charge.\" \/>\n<meta name=\"robots\" content=\"index, follow, max-snippet:-1, max-image-preview:large, max-video-preview:-1\" \/>\n<link rel=\"canonical\" href=\"https:\/\/globalcitieshub.org\/fr\/changeonslesregles\/\" \/>\n<meta property=\"og:locale\" content=\"fr_FR\" \/>\n<meta property=\"og:type\" content=\"article\" \/>\n<meta property=\"og:title\" content=\"#ChangeonsLesR\u00e8gles - Global Cities Hub\" \/>\n<meta property=\"og:description\" content=\"Distributors of female sanitary protection have been installed in Evian and are accessible to all free of charge.\" \/>\n<meta property=\"og:url\" content=\"https:\/\/globalcitieshub.org\/fr\/changeonslesregles\/\" \/>\n<meta property=\"og:site_name\" content=\"Global Cities Hub\" \/>\n<meta property=\"article:modified_time\" content=\"2022-03-29T08:22:35+00:00\" \/>\n<meta property=\"og:image\" content=\"https:\/\/www.genevacitieshub.org\/wp-content\/uploads\/2022\/03\/870x489_60b0db8d0e9f8-viviane-viollaz-et-florence-duvand-adjointes-au-maire-Maud-Perrot.jpg\" \/>\n<meta name=\"twitter:card\" content=\"summary_large_image\" \/>\n<meta name=\"twitter:site\" content=\"@genevacitieshub\" \/>\n<meta name=\"twitter:label1\" content=\"Dur\u00e9e de lecture estim\u00e9e\" \/>\n\t<meta name=\"twitter:data1\" content=\"2 minutes\" \/>\n<script type=\"application\/ld+json\" class=\"yoast-schema-graph\">{\"@context\":\"https:\\\/\\\/schema.org\",\"@graph\":[{\"@type\":\"WebPage\",\"@id\":\"https:\\\/\\\/globalcitieshub.org\\\/fr\\\/changeonslesregles\\\/\",\"url\":\"https:\\\/\\\/globalcitieshub.org\\\/fr\\\/changeonslesregles\\\/\",\"name\":\"#ChangeonsLesR\u00e8gles - Global Cities Hub\",\"isPartOf\":{\"@id\":\"https:\\\/\\\/globalcitieshub.org\\\/fr\\\/#website\"},\"primaryImageOfPage\":{\"@id\":\"https:\\\/\\\/globalcitieshub.org\\\/fr\\\/changeonslesregles\\\/#primaryimage\"},\"image\":{\"@id\":\"https:\\\/\\\/globalcitieshub.org\\\/fr\\\/changeonslesregles\\\/#primaryimage\"},\"thumbnailUrl\":\"https:\\\/\\\/www.genevacitieshub.org\\\/wp-content\\\/uploads\\\/2022\\\/03\\\/870x489_60b0db8d0e9f8-viviane-viollaz-et-florence-duvand-adjointes-au-maire-Maud-Perrot.jpg\",\"datePublished\":\"2022-03-29T08:15:04+00:00\",\"dateModified\":\"2022-03-29T08:22:35+00:00\",\"description\":\"Distributors of female sanitary protection have been installed in Evian and are accessible to all free of charge.\",\"inLanguage\":\"fr-FR\",\"potentialAction\":[{\"@type\":\"ReadAction\",\"target\":[\"https:\\\/\\\/globalcitieshub.org\\\/fr\\\/changeonslesregles\\\/\"]}]},{\"@type\":\"ImageObject\",\"inLanguage\":\"fr-FR\",\"@id\":\"https:\\\/\\\/globalcitieshub.org\\\/fr\\\/changeonslesregles\\\/#primaryimage\",\"url\":\"https:\\\/\\\/www.genevacitieshub.org\\\/wp-content\\\/uploads\\\/2022\\\/03\\\/870x489_60b0db8d0e9f8-viviane-viollaz-et-florence-duvand-adjointes-au-maire-Maud-Perrot.jpg\",\"contentUrl\":\"https:\\\/\\\/www.genevacitieshub.org\\\/wp-content\\\/uploads\\\/2022\\\/03\\\/870x489_60b0db8d0e9f8-viviane-viollaz-et-florence-duvand-adjointes-au-maire-Maud-Perrot.jpg\"},{\"@type\":\"WebSite\",\"@id\":\"https:\\\/\\\/globalcitieshub.org\\\/fr\\\/#website\",\"url\":\"https:\\\/\\\/globalcitieshub.org\\\/fr\\\/\",\"name\":\"Global Cities Hub\",\"description\":\"Connecting local and regional governments to the United Nations and other  international organizations\",\"publisher\":{\"@id\":\"https:\\\/\\\/globalcitieshub.org\\\/fr\\\/#organization\"},\"potentialAction\":[{\"@type\":\"SearchAction\",\"target\":{\"@type\":\"EntryPoint\",\"urlTemplate\":\"https:\\\/\\\/globalcitieshub.org\\\/fr\\\/?s={search_term_string}\"},\"query-input\":{\"@type\":\"PropertyValueSpecification\",\"valueRequired\":true,\"valueName\":\"search_term_string\"}}],\"inLanguage\":\"fr-FR\"},{\"@type\":\"Organization\",\"@id\":\"https:\\\/\\\/globalcitieshub.org\\\/fr\\\/#organization\",\"name\":\"Global Cities Hub\",\"url\":\"https:\\\/\\\/globalcitieshub.org\\\/fr\\\/\",\"logo\":{\"@type\":\"ImageObject\",\"inLanguage\":\"fr-FR\",\"@id\":\"https:\\\/\\\/globalcitieshub.org\\\/fr\\\/#\\\/schema\\\/logo\\\/image\\\/\",\"url\":\"https:\\\/\\\/globalcitieshub.org\\\/wp-content\\\/uploads\\\/2023\\\/09\\\/230829_Logo_Global_Cities_Hub_Couleur_fond-blanc_RVB.png\",\"contentUrl\":\"https:\\\/\\\/globalcitieshub.org\\\/wp-content\\\/uploads\\\/2023\\\/09\\\/230829_Logo_Global_Cities_Hub_Couleur_fond-blanc_RVB.png\",\"width\":2544,\"height\":1446,\"caption\":\"Global Cities Hub\"},\"image\":{\"@id\":\"https:\\\/\\\/globalcitieshub.org\\\/fr\\\/#\\\/schema\\\/logo\\\/image\\\/\"},\"sameAs\":[\"https:\\\/\\\/x.com\\\/genevacitieshub\"]}]}<\/script>\n<!-- \/ Yoast SEO plugin. -->","yoast_head_json":{"title":"#ChangeonsLesR\u00e8gles - Global Cities Hub","description":"Des distributeurs de protections hygi\u00e9niques f\u00e9minines ont \u00e9t\u00e9 install\u00e9s \u00e0 Evian et sont accessibles \u00e0 tous gratuitement.","robots":{"index":"index","follow":"follow","max-snippet":"max-snippet:-1","max-image-preview":"max-image-preview:large","max-video-preview":"max-video-preview:-1"},"canonical":"https:\/\/globalcitieshub.org\/fr\/changeonslesregles\/","og_locale":"fr_FR","og_type":"article","og_title":"#ChangeonsLesR\u00e8gles - Global Cities Hub","og_description":"Distributors of female sanitary protection have been installed in Evian and are accessible to all free of charge.","og_url":"https:\/\/globalcitieshub.org\/fr\/changeonslesregles\/","og_site_name":"Global Cities Hub","article_modified_time":"2022-03-29T08:22:35+00:00","og_image":[{"url":"https:\/\/www.genevacitieshub.org\/wp-content\/uploads\/2022\/03\/870x489_60b0db8d0e9f8-viviane-viollaz-et-florence-duvand-adjointes-au-maire-Maud-Perrot.jpg","type":"","width":"","height":""}],"twitter_card":"summary_large_image","twitter_site":"@genevacitieshub","twitter_misc":{"Dur\u00e9e de lecture estim\u00e9e":"2 minutes"},"schema":{"@context":"https:\/\/schema.org","@graph":[{"@type":"WebPage","@id":"https:\/\/globalcitieshub.org\/fr\/changeonslesregles\/","url":"https:\/\/globalcitieshub.org\/fr\/changeonslesregles\/","name":"#ChangeonsLesR\u00e8gles - Global Cities Hub","isPartOf":{"@id":"https:\/\/globalcitieshub.org\/fr\/#website"},"primaryImageOfPage":{"@id":"https:\/\/globalcitieshub.org\/fr\/changeonslesregles\/#primaryimage"},"image":{"@id":"https:\/\/globalcitieshub.org\/fr\/changeonslesregles\/#primaryimage"},"thumbnailUrl":"https:\/\/www.genevacitieshub.org\/wp-content\/uploads\/2022\/03\/870x489_60b0db8d0e9f8-viviane-viollaz-et-florence-duvand-adjointes-au-maire-Maud-Perrot.jpg","datePublished":"2022-03-29T08:15:04+00:00","dateModified":"2022-03-29T08:22:35+00:00","description":"Des distributeurs de protections hygi\u00e9niques f\u00e9minines ont \u00e9t\u00e9 install\u00e9s \u00e0 Evian et sont accessibles \u00e0 tous gratuitement.","inLanguage":"fr-FR","potentialAction":[{"@type":"ReadAction","target":["https:\/\/globalcitieshub.org\/fr\/changeonslesregles\/"]}]},{"@type":"ImageObject","inLanguage":"fr-FR","@id":"https:\/\/globalcitieshub.org\/fr\/changeonslesregles\/#primaryimage","url":"https:\/\/www.genevacitieshub.org\/wp-content\/uploads\/2022\/03\/870x489_60b0db8d0e9f8-viviane-viollaz-et-florence-duvand-adjointes-au-maire-Maud-Perrot.jpg","contentUrl":"https:\/\/www.genevacitieshub.org\/wp-content\/uploads\/2022\/03\/870x489_60b0db8d0e9f8-viviane-viollaz-et-florence-duvand-adjointes-au-maire-Maud-Perrot.jpg"},{"@type":"WebSite","@id":"https:\/\/globalcitieshub.org\/fr\/#website","url":"https:\/\/globalcitieshub.org\/fr\/","name":"Global Cities Hub","description":"Relier les gouvernements locaux et r\u00e9gionaux aux Nations unies et \u00e0 d'autres organisations internationales","publisher":{"@id":"https:\/\/globalcitieshub.org\/fr\/#organization"},"potentialAction":[{"@type":"SearchAction","target":{"@type":"EntryPoint","urlTemplate":"https:\/\/globalcitieshub.org\/fr\/?s={search_term_string}"},"query-input":{"@type":"PropertyValueSpecification","valueRequired":true,"valueName":"search_term_string"}}],"inLanguage":"fr-FR"},{"@type":"Organization","@id":"https:\/\/globalcitieshub.org\/fr\/#organization","name":"Global Cities Hub","url":"https:\/\/globalcitieshub.org\/fr\/","logo":{"@type":"ImageObject","inLanguage":"fr-FR","@id":"https:\/\/globalcitieshub.org\/fr\/#\/schema\/logo\/image\/","url":"https:\/\/globalcitieshub.org\/wp-content\/uploads\/2023\/09\/230829_Logo_Global_Cities_Hub_Couleur_fond-blanc_RVB.png","contentUrl":"https:\/\/globalcitieshub.org\/wp-content\/uploads\/2023\/09\/230829_Logo_Global_Cities_Hub_Couleur_fond-blanc_RVB.png","width":2544,"height":1446,"caption":"Global Cities Hub"},"image":{"@id":"https:\/\/globalcitieshub.org\/fr\/#\/schema\/logo\/image\/"},"sameAs":["https:\/\/x.com\/genevacitieshub"]}]}},"_links":{"self":[{"href":"https:\/\/globalcitieshub.org\/fr\/wp-json\/wp\/v2\/pages\/16430","targetHints":{"allow":["GET"]}}],"collection":[{"href":"https:\/\/globalcitieshub.org\/fr\/wp-json\/wp\/v2\/pages"}],"about":[{"href":"https:\/\/globalcitieshub.org\/fr\/wp-json\/wp\/v2\/types\/page"}],"author":[{"embeddable":true,"href":"https:\/\/globalcitieshub.org\/fr\/wp-json\/wp\/v2\/users\/1"}],"replies":[{"embeddable":true,"href":"https:\/\/globalcitieshub.org\/fr\/wp-json\/wp\/v2\/comments?post=16430"}],"version-history":[{"count":18,"href":"https:\/\/globalcitieshub.org\/fr\/wp-json\/wp\/v2\/pages\/16430\/revisions"}],"predecessor-version":[{"id":16452,"href":"https:\/\/globalcitieshub.org\/fr\/wp-json\/wp\/v2\/pages\/16430\/revisions\/16452"}],"wp:attachment":[{"href":"https:\/\/globalcitieshub.org\/fr\/wp-json\/wp\/v2\/media?parent=16430"}],"curies":[{"name":"wp","href":"https:\/\/api.w.org\/{rel}","templated":true}]}}