{"id":16181,"date":"2022-03-11T15:49:20","date_gmt":"2022-03-11T14:49:20","guid":{"rendered":"https:\/\/www.genevacitieshub.org\/?page_id=16181"},"modified":"2026-02-18T10:25:59","modified_gmt":"2026-02-18T09:25:59","slug":"who-european-healthy-cities-network","status":"publish","type":"page","link":"https:\/\/globalcitieshub.org\/fr\/who-european-healthy-cities-network\/","title":{"rendered":"R\u00e9seau europ\u00e9en des villes-sant\u00e9 de l'OMS"},"content":{"rendered":"<div data-elementor-type=\"wp-page\" data-elementor-id=\"16181\" class=\"elementor elementor-16181\">\n\t\t\t\t\t\t<section class=\"elementor-section elementor-top-section elementor-element elementor-element-3de9a38 elementor-section-boxed elementor-section-height-default elementor-section-height-default\" data-id=\"3de9a38\" data-element_type=\"section\" data-e-type=\"section\">\n\t\t\t\t\t\t<div class=\"elementor-container elementor-column-gap-default\">\n\t\t\t\t\t<div class=\"elementor-column elementor-col-100 elementor-top-column elementor-element elementor-element-84a6a72\" data-id=\"84a6a72\" data-element_type=\"column\" data-e-type=\"column\">\n\t\t\t<div class=\"elementor-widget-wrap elementor-element-populated\">\n\t\t\t\t\t\t<div class=\"elementor-element elementor-element-9806844 elementor-widget elementor-widget-text-editor\" data-id=\"9806844\" data-element_type=\"widget\" data-e-type=\"widget\" data-widget_type=\"text-editor.default\">\n\t\t\t\t<div class=\"elementor-widget-container\">\n\t\t\t\t\t\t\t\t\t<h4><span style=\"color: #000000;\"><b>Le R\u00e9seau europ\u00e9en de villes-sant\u00e9 de l'OMS est un r\u00e9seau de villes phares et de r\u00e9seaux nationaux de villes. Les villes phares interagissent directement avec l'OMS\/Europe, tandis que les r\u00e9seaux nationaux rassemblent les villes d'un \u00c9tat membre donn\u00e9. Dans les deux cas, l'OMS fournit un soutien politique, strat\u00e9gique et technique ainsi qu'un renforcement des capacit\u00e9s.<\/b><\/span><\/h4>\t\t\t\t\t\t\t\t<\/div>\n\t\t\t\t<\/div>\n\t\t\t\t<div class=\"elementor-element elementor-element-6ebcdee elementor-widget elementor-widget-text-editor\" data-id=\"6ebcdee\" data-element_type=\"widget\" data-e-type=\"widget\" data-widget_type=\"text-editor.default\">\n\t\t\t\t<div class=\"elementor-widget-container\">\n\t\t\t\t\t\t\t\t\t<p>Actuellement, 85 villes et 20 r\u00e9seaux nationaux de la R\u00e9gion europ\u00e9enne de l'OMS sont des membres actifs du r\u00e9seau.<\/p>\t\t\t\t\t\t\t\t<\/div>\n\t\t\t\t<\/div>\n\t\t\t\t<div class=\"elementor-element elementor-element-a889bc2 elementor-widget elementor-widget-spacer\" data-id=\"a889bc2\" data-element_type=\"widget\" data-e-type=\"widget\" data-widget_type=\"spacer.default\">\n\t\t\t\t<div class=\"elementor-widget-container\">\n\t\t\t\t\t\t\t<div class=\"elementor-spacer\">\n\t\t\t<div class=\"elementor-spacer-inner\"><\/div>\n\t\t<\/div>\n\t\t\t\t\t\t<\/div>\n\t\t\t\t<\/div>\n\t\t\t\t<div class=\"elementor-element elementor-element-2fe39a3 elementor-widget elementor-widget-text-editor\" data-id=\"2fe39a3\" data-element_type=\"widget\" data-e-type=\"widget\" data-widget_type=\"text-editor.default\">\n\t\t\t\t<div class=\"elementor-widget-container\">\n\t\t\t\t\t\t\t\t\t<h4><span style=\"color: #000000;\"><strong>VISION<\/strong><\/span><\/h4><p>\u00a0<\/p><p>Le r\u00e9seau Villes-sant\u00e9 de l'OMS est un mouvement mondial qui s'efforce de faire de la sant\u00e9 une priorit\u00e9 dans le programme social, \u00e9conomique et politique des administrations municipales. Lanc\u00e9 par l'OMS en 1988 pour servir de v\u00e9hicule strat\u00e9gique \u00e0 la mise en \u0153uvre de la strat\u00e9gie de la \"Sant\u00e9 pour tous\" au niveau local, le R\u00e9seau a fonctionn\u00e9 par phases au cours des 30 derni\u00e8res ann\u00e9es, avec des objectifs et des th\u00e8mes sp\u00e9cifiques qui refl\u00e9taient ses priorit\u00e9s et ses strat\u00e9gies. Les objectifs et les th\u00e8mes de chaque phase ont \u00e9t\u00e9 sous-tendus par un engagement \u00e0 aborder l'\u00e9quit\u00e9, les d\u00e9terminants de la sant\u00e9 et le d\u00e9veloppement durable.\u00a0<\/p><p>\u00a0<\/p>\t\t\t\t\t\t\t\t<\/div>\n\t\t\t\t<\/div>\n\t\t\t\t<div class=\"elementor-element elementor-element-0621f5c elementor-widget elementor-widget-text-editor\" data-id=\"0621f5c\" data-element_type=\"widget\" data-e-type=\"widget\" data-widget_type=\"text-editor.default\">\n\t\t\t\t<div class=\"elementor-widget-container\">\n\t\t\t\t\t\t\t\t\t<h4><span style=\"color: #000000;\"><strong>OBJECTIFS PRINCIPAUX<\/strong><\/span><\/h4><p>\u00a0<\/p><p>L'objectif principal du r\u00e9seau est d'am\u00e9liorer la sant\u00e9 et le bien-\u00eatre de tous. Pour y parvenir, le r\u00e9seau adopte une approche inclusive et participative de la promotion de la sant\u00e9. Il se concentre en particulier sur l'utilisation d'une approche fond\u00e9e sur des preuves et sur des donn\u00e9es sanitaires d\u00e9sagr\u00e9g\u00e9es au niveau de la ville pour cibler les populations vuln\u00e9rables et am\u00e9liorer l'\u00e9quit\u00e9.<\/p><p>Dans la phase VII (2019-2025), le r\u00e9seau a donn\u00e9 la priorit\u00e9 \u00e0 trois objectifs, qui s'appuient sur le consensus des maires de Copenhague adopt\u00e9 en 2018 :<\/p><p>\u00a0<\/p><p>- Favoriser la sant\u00e9 et le bien-\u00eatre de tous et r\u00e9duire les in\u00e9galit\u00e9s en mati\u00e8re de sant\u00e9.<\/p><p>- Donner l'exemple aux niveaux national, r\u00e9gional et mondial.<\/p><p>- Soutenir la mise en \u0153uvre des priorit\u00e9s strat\u00e9giques de l'OMS.<\/p><p>\u00a0<\/p><p>Ces objectifs sont align\u00e9s sur le 13e programme de travail mondial de l'OMS, le programme de travail europ\u00e9en (2020-2025) et le programme 2030 des Nations unies pour le d\u00e9veloppement durable.<\/p><p>\u00a0<\/p>\t\t\t\t\t\t\t\t<\/div>\n\t\t\t\t<\/div>\n\t\t\t\t<div class=\"elementor-element elementor-element-4c09e3e elementor-widget elementor-widget-text-editor\" data-id=\"4c09e3e\" data-element_type=\"widget\" data-e-type=\"widget\" data-widget_type=\"text-editor.default\">\n\t\t\t\t<div class=\"elementor-widget-container\">\n\t\t\t\t\t\t\t\t\t<h4><span style=\"color: #000000;\"><strong>PROJETS CL\u00c9S<\/strong><\/span><\/h4><p>\u00a0<\/p><p><b>Base de donn\u00e9es d'\u00e9tudes de cas. <\/b>Le secr\u00e9tariat d\u00e9veloppe actuellement une base de donn\u00e9es des \u00e9tudes de cas partag\u00e9es au sein du r\u00e9seau entre 2010 et 2021. Cette base de donn\u00e9es permettra aux villes et aux r\u00e9seaux nationaux de partager leurs bonnes pratiques et favorisera l'apprentissage entre pairs.<\/p><p><b>Sujets sp\u00e9cifiques \u00e0 la sant\u00e9. <\/b>Par l'interm\u00e9diaire de sous-groupes de travail, le r\u00e9seau travaille sur divers sujets de sant\u00e9 avec des experts de l'OMS. Par exemple, le groupe de travail sur la pr\u00e9paration urbaine, une collaboration interinstitutions avec ONU-Habitat, rassemblera les le\u00e7ons tir\u00e9es de la r\u00e9ponse \u00e0 la pand\u00e9mie et produira une publication pour am\u00e9liorer la pr\u00e9paration et la r\u00e9silience aux situations d'urgence.<\/p>\t\t\t\t\t\t\t\t<\/div>\n\t\t\t\t<\/div>\n\t\t\t\t<div class=\"elementor-element elementor-element-0c473eb elementor-widget elementor-widget-spacer\" data-id=\"0c473eb\" data-element_type=\"widget\" data-e-type=\"widget\" data-widget_type=\"spacer.default\">\n\t\t\t\t<div class=\"elementor-widget-container\">\n\t\t\t\t\t\t\t<div class=\"elementor-spacer\">\n\t\t\t<div class=\"elementor-spacer-inner\"><\/div>\n\t\t<\/div>\n\t\t\t\t\t\t<\/div>\n\t\t\t\t<\/div>\n\t\t\t\t<div class=\"elementor-element elementor-element-121a1a8 elementor-widget elementor-widget-text-editor\" data-id=\"121a1a8\" data-element_type=\"widget\" data-e-type=\"widget\" data-widget_type=\"text-editor.default\">\n\t\t\t\t<div class=\"elementor-widget-container\">\n\t\t\t\t\t\t\t\t\t<h4><strong><span style=\"color: #000000;\">INFORMATIONS DE CONTACT<\/span><\/strong><\/h4>\t\t\t\t\t\t\t\t<\/div>\n\t\t\t\t<\/div>\n\t\t\t\t<section class=\"elementor-section elementor-inner-section elementor-element elementor-element-46fa80e elementor-section-boxed elementor-section-height-default elementor-section-height-default\" data-id=\"46fa80e\" data-element_type=\"section\" data-e-type=\"section\">\n\t\t\t\t\t\t<div class=\"elementor-container elementor-column-gap-default\">\n\t\t\t\t\t<div class=\"elementor-column elementor-col-33 elementor-inner-column elementor-element elementor-element-c6ff211\" data-id=\"c6ff211\" data-element_type=\"column\" data-e-type=\"column\">\n\t\t\t<div class=\"elementor-widget-wrap elementor-element-populated\">\n\t\t\t\t\t\t<div class=\"elementor-element elementor-element-072ff0a elementor-align-center elementor-widget elementor-widget-button\" data-id=\"072ff0a\" data-element_type=\"widget\" data-e-type=\"widget\" data-widget_type=\"button.default\">\n\t\t\t\t<div class=\"elementor-widget-container\">\n\t\t\t\t\t\t\t\t\t<div class=\"elementor-button-wrapper\">\n\t\t\t\t\t<a class=\"elementor-button elementor-button-link elementor-size-sm\" href=\"http:\/\/www.euro.who.int\/en\/health-topics\/environment-and-health\/urban-health\/who-european-healthy-cities-network\" target=\"_blank\">\n\t\t\t\t\t\t<span class=\"elementor-button-content-wrapper\">\n\t\t\t\t\t\t\t\t\t<span class=\"elementor-button-text\">Site web du r\u00e9seau europ\u00e9en des villes-sant\u00e9 de l'OMS<\/span>\n\t\t\t\t\t<\/span>\n\t\t\t\t\t<\/a>\n\t\t\t\t<\/div>\n\t\t\t\t\t\t\t\t<\/div>\n\t\t\t\t<\/div>\n\t\t\t\t\t<\/div>\n\t\t<\/div>\n\t\t\t\t<div class=\"elementor-column elementor-col-33 elementor-inner-column elementor-element elementor-element-90c30c2\" data-id=\"90c30c2\" data-element_type=\"column\" data-e-type=\"column\">\n\t\t\t<div class=\"elementor-widget-wrap elementor-element-populated\">\n\t\t\t\t\t\t<div class=\"elementor-element elementor-element-05f90f2 elementor-align-center elementor-widget elementor-widget-button\" data-id=\"05f90f2\" data-element_type=\"widget\" data-e-type=\"widget\" data-widget_type=\"button.default\">\n\t\t\t\t<div class=\"elementor-widget-container\">\n\t\t\t\t\t\t\t\t\t<div class=\"elementor-button-wrapper\">\n\t\t\t\t\t<a class=\"elementor-button elementor-size-sm\" role=\"button\">\n\t\t\t\t\t\t<span class=\"elementor-button-content-wrapper\">\n\t\t\t\t\t\t<span class=\"elementor-button-icon\">\n\t\t\t\t<i aria-hidden=\"true\" class=\"far fa-user\"><\/i>\t\t\t<\/span>\n\t\t\t\t\t\t\t\t\t<span class=\"elementor-button-text\">DR. NINO BERDZULI <br> Point focal r\u00e9gional et directeur des programmes de sant\u00e9 nationaux<\/span>\n\t\t\t\t\t<\/span>\n\t\t\t\t\t<\/a>\n\t\t\t\t<\/div>\n\t\t\t\t\t\t\t\t<\/div>\n\t\t\t\t<\/div>\n\t\t\t\t<div class=\"elementor-element elementor-element-9bcd7a7 elementor-align-center elementor-widget elementor-widget-button\" data-id=\"9bcd7a7\" data-element_type=\"widget\" data-e-type=\"widget\" data-widget_type=\"button.default\">\n\t\t\t\t<div class=\"elementor-widget-container\">\n\t\t\t\t\t\t\t\t\t<div class=\"elementor-button-wrapper\">\n\t\t\t\t\t<a class=\"elementor-button elementor-size-sm\" role=\"button\">\n\t\t\t\t\t\t<span class=\"elementor-button-content-wrapper\">\n\t\t\t\t\t\t<span class=\"elementor-button-icon\">\n\t\t\t\t<i aria-hidden=\"true\" class=\"far fa-user\"><\/i>\t\t\t<\/span>\n\t\t\t\t\t\t\t\t\t<span class=\"elementor-button-text\">MS. HANNA DUNNING <br> Secr\u00e9tariat<\/span>\n\t\t\t\t\t<\/span>\n\t\t\t\t\t<\/a>\n\t\t\t\t<\/div>\n\t\t\t\t\t\t\t\t<\/div>\n\t\t\t\t<\/div>\n\t\t\t\t<div class=\"elementor-element elementor-element-a48fee3 elementor-align-center elementor-widget elementor-widget-button\" data-id=\"a48fee3\" data-element_type=\"widget\" data-e-type=\"widget\" data-widget_type=\"button.default\">\n\t\t\t\t<div class=\"elementor-widget-container\">\n\t\t\t\t\t\t\t\t\t<div class=\"elementor-button-wrapper\">\n\t\t\t\t\t<a class=\"elementor-button elementor-size-sm\" role=\"button\">\n\t\t\t\t\t\t<span class=\"elementor-button-content-wrapper\">\n\t\t\t\t\t\t<span class=\"elementor-button-icon\">\n\t\t\t\t<i aria-hidden=\"true\" class=\"far fa-user\"><\/i>\t\t\t<\/span>\n\t\t\t\t\t\t\t\t\t<span class=\"elementor-button-text\">M. JESUS CASTRO <br> Secr\u00e9tariat<\/span>\n\t\t\t\t\t<\/span>\n\t\t\t\t\t<\/a>\n\t\t\t\t<\/div>\n\t\t\t\t\t\t\t\t<\/div>\n\t\t\t\t<\/div>\n\t\t\t\t\t<\/div>\n\t\t<\/div>\n\t\t\t\t<div class=\"elementor-column elementor-col-33 elementor-inner-column elementor-element elementor-element-111bcc3\" data-id=\"111bcc3\" data-element_type=\"column\" data-e-type=\"column\">\n\t\t\t<div class=\"elementor-widget-wrap elementor-element-populated\">\n\t\t\t\t\t\t<div class=\"elementor-element elementor-element-cade16f elementor-align-center elementor-widget elementor-widget-button\" data-id=\"cade16f\" data-element_type=\"widget\" data-e-type=\"widget\" data-widget_type=\"button.default\">\n\t\t\t\t<div class=\"elementor-widget-container\">\n\t\t\t\t\t\t\t\t\t<div class=\"elementor-button-wrapper\">\n\t\t\t\t\t<a class=\"elementor-button elementor-button-link elementor-size-sm\" href=\"mailto:eurohealthycities@who.int\">\n\t\t\t\t\t\t<span class=\"elementor-button-content-wrapper\">\n\t\t\t\t\t\t\t\t\t<span class=\"elementor-button-text\">Contact<\/span>\n\t\t\t\t\t<\/span>\n\t\t\t\t\t<\/a>\n\t\t\t\t<\/div>\n\t\t\t\t\t\t\t\t<\/div>\n\t\t\t\t<\/div>\n\t\t\t\t<div class=\"elementor-element elementor-element-2527046 elementor-align-center elementor-widget elementor-widget-button\" data-id=\"2527046\" data-element_type=\"widget\" data-e-type=\"widget\" data-widget_type=\"button.default\">\n\t\t\t\t<div class=\"elementor-widget-container\">\n\t\t\t\t\t\t\t\t\t<div class=\"elementor-button-wrapper\">\n\t\t\t\t\t<a class=\"elementor-button elementor-size-sm\" role=\"button\">\n\t\t\t\t\t\t<span class=\"elementor-button-content-wrapper\">\n\t\t\t\t\t\t<span class=\"elementor-button-icon\">\n\t\t\t\t<i aria-hidden=\"true\" class=\"fas fa-phone-alt\"><\/i>\t\t\t<\/span>\n\t\t\t\t\t\t\t\t\t<span class=\"elementor-button-text\">+45 45337000<\/span>\n\t\t\t\t\t<\/span>\n\t\t\t\t\t<\/a>\n\t\t\t\t<\/div>\n\t\t\t\t\t\t\t\t<\/div>\n\t\t\t\t<\/div>\n\t\t\t\t\t<\/div>\n\t\t<\/div>\n\t\t\t\t\t<\/div>\n\t\t<\/section>\n\t\t\t\t\t<\/div>\n\t\t<\/div>\n\t\t\t\t\t<\/div>\n\t\t<\/section>\n\t\t\t\t<\/div>","protected":false},"excerpt":{"rendered":"<p>Le r\u00e9seau europ\u00e9en des villes-sant\u00e9 de l'OMS est un r\u00e9seau de villes phares et de r\u00e9seaux nationaux de villes. Les villes phares interagissent directement avec l'OMS\/Europe, tandis que les r\u00e9seaux nationaux rassemblent les villes d'un \u00c9tat membre donn\u00e9. Dans les deux cas, l'OMS apporte un soutien politique, strat\u00e9gique et technique, ainsi qu'un renforcement des capacit\u00e9s. Actuellement, 85 villes et 20 r\u00e9seaux nationaux ... <\/p>","protected":false},"author":1,"featured_media":15238,"parent":0,"menu_order":0,"comment_status":"closed","ping_status":"closed","template":"","meta":{"_monsterinsights_skip_tracking":false,"_monsterinsights_sitenote_active":false,"_monsterinsights_sitenote_note":"","_monsterinsights_sitenote_category":0,"footnotes":""},"class_list":["post-16181","page","type-page","status-publish","has-post-thumbnail","hentry"],"yoast_head":"<!-- This site is optimized with the Yoast SEO plugin v27.4 - https:\/\/yoast.com\/product\/yoast-seo-wordpress\/ -->\n<title>WHO European Healthy Cities Network - Global Cities Hub<\/title>\n<meta name=\"description\" content=\"The WHO European Healthy Cities Network is a network of flagship cities and national networks of cities.\" \/>\n<meta name=\"robots\" content=\"index, follow, max-snippet:-1, max-image-preview:large, max-video-preview:-1\" \/>\n<link rel=\"canonical\" href=\"https:\/\/globalcitieshub.org\/fr\/who-european-healthy-cities-network\/\" \/>\n<meta property=\"og:locale\" content=\"fr_FR\" \/>\n<meta property=\"og:type\" content=\"article\" \/>\n<meta property=\"og:title\" content=\"WHO European Healthy Cities Network - Global Cities Hub\" \/>\n<meta property=\"og:description\" content=\"The WHO European Healthy Cities Network is a network of flagship cities and national networks of cities.\" \/>\n<meta property=\"og:url\" content=\"https:\/\/globalcitieshub.org\/fr\/who-european-healthy-cities-network\/\" \/>\n<meta property=\"og:site_name\" content=\"Global Cities Hub\" \/>\n<meta property=\"article:modified_time\" content=\"2026-02-18T09:25:59+00:00\" \/>\n<meta property=\"og:image\" content=\"https:\/\/globalcitieshub.org\/wp-content\/uploads\/2022\/02\/WHO-EUROPEAN-HEALTHY-CITIES-NETWORK-1.png\" \/>\n\t<meta property=\"og:image:width\" content=\"1600\" \/>\n\t<meta property=\"og:image:height\" content=\"900\" \/>\n\t<meta property=\"og:image:type\" content=\"image\/png\" \/>\n<meta name=\"twitter:card\" content=\"summary_large_image\" \/>\n<meta name=\"twitter:site\" content=\"@genevacitieshub\" \/>\n<meta name=\"twitter:label1\" content=\"Dur\u00e9e de lecture estim\u00e9e\" \/>\n\t<meta name=\"twitter:data1\" content=\"2 minutes\" \/>\n<script type=\"application\/ld+json\" class=\"yoast-schema-graph\">{\"@context\":\"https:\\\/\\\/schema.org\",\"@graph\":[{\"@type\":\"WebPage\",\"@id\":\"https:\\\/\\\/globalcitieshub.org\\\/fr\\\/who-european-healthy-cities-network\\\/\",\"url\":\"https:\\\/\\\/globalcitieshub.org\\\/fr\\\/who-european-healthy-cities-network\\\/\",\"name\":\"WHO European Healthy Cities Network - Global Cities Hub\",\"isPartOf\":{\"@id\":\"https:\\\/\\\/globalcitieshub.org\\\/fr\\\/#website\"},\"primaryImageOfPage\":{\"@id\":\"https:\\\/\\\/globalcitieshub.org\\\/fr\\\/who-european-healthy-cities-network\\\/#primaryimage\"},\"image\":{\"@id\":\"https:\\\/\\\/globalcitieshub.org\\\/fr\\\/who-european-healthy-cities-network\\\/#primaryimage\"},\"thumbnailUrl\":\"https:\\\/\\\/globalcitieshub.org\\\/wp-content\\\/uploads\\\/2022\\\/02\\\/WHO-EUROPEAN-HEALTHY-CITIES-NETWORK-1.png\",\"datePublished\":\"2022-03-11T14:49:20+00:00\",\"dateModified\":\"2026-02-18T09:25:59+00:00\",\"description\":\"The WHO European Healthy Cities Network is a network of flagship cities and national networks of cities.\",\"inLanguage\":\"fr-FR\",\"potentialAction\":[{\"@type\":\"ReadAction\",\"target\":[\"https:\\\/\\\/globalcitieshub.org\\\/fr\\\/who-european-healthy-cities-network\\\/\"]}]},{\"@type\":\"ImageObject\",\"inLanguage\":\"fr-FR\",\"@id\":\"https:\\\/\\\/globalcitieshub.org\\\/fr\\\/who-european-healthy-cities-network\\\/#primaryimage\",\"url\":\"https:\\\/\\\/globalcitieshub.org\\\/wp-content\\\/uploads\\\/2022\\\/02\\\/WHO-EUROPEAN-HEALTHY-CITIES-NETWORK-1.png\",\"contentUrl\":\"https:\\\/\\\/globalcitieshub.org\\\/wp-content\\\/uploads\\\/2022\\\/02\\\/WHO-EUROPEAN-HEALTHY-CITIES-NETWORK-1.png\",\"width\":1600,\"height\":900},{\"@type\":\"WebSite\",\"@id\":\"https:\\\/\\\/globalcitieshub.org\\\/fr\\\/#website\",\"url\":\"https:\\\/\\\/globalcitieshub.org\\\/fr\\\/\",\"name\":\"Global Cities Hub\",\"description\":\"Connecting local and regional governments to the United Nations and other  international organizations\",\"publisher\":{\"@id\":\"https:\\\/\\\/globalcitieshub.org\\\/fr\\\/#organization\"},\"potentialAction\":[{\"@type\":\"SearchAction\",\"target\":{\"@type\":\"EntryPoint\",\"urlTemplate\":\"https:\\\/\\\/globalcitieshub.org\\\/fr\\\/?s={search_term_string}\"},\"query-input\":{\"@type\":\"PropertyValueSpecification\",\"valueRequired\":true,\"valueName\":\"search_term_string\"}}],\"inLanguage\":\"fr-FR\"},{\"@type\":\"Organization\",\"@id\":\"https:\\\/\\\/globalcitieshub.org\\\/fr\\\/#organization\",\"name\":\"Global Cities Hub\",\"url\":\"https:\\\/\\\/globalcitieshub.org\\\/fr\\\/\",\"logo\":{\"@type\":\"ImageObject\",\"inLanguage\":\"fr-FR\",\"@id\":\"https:\\\/\\\/globalcitieshub.org\\\/fr\\\/#\\\/schema\\\/logo\\\/image\\\/\",\"url\":\"https:\\\/\\\/globalcitieshub.org\\\/wp-content\\\/uploads\\\/2023\\\/09\\\/230829_Logo_Global_Cities_Hub_Couleur_fond-blanc_RVB.png\",\"contentUrl\":\"https:\\\/\\\/globalcitieshub.org\\\/wp-content\\\/uploads\\\/2023\\\/09\\\/230829_Logo_Global_Cities_Hub_Couleur_fond-blanc_RVB.png\",\"width\":2544,\"height\":1446,\"caption\":\"Global Cities Hub\"},\"image\":{\"@id\":\"https:\\\/\\\/globalcitieshub.org\\\/fr\\\/#\\\/schema\\\/logo\\\/image\\\/\"},\"sameAs\":[\"https:\\\/\\\/x.com\\\/genevacitieshub\"]}]}<\/script>\n<!-- \/ Yoast SEO plugin. -->","yoast_head_json":{"title":"R\u00e9seau europ\u00e9en des villes-sant\u00e9 de l'OMS - Global Cities Hub","description":"Le r\u00e9seau europ\u00e9en des villes-sant\u00e9 de l'OMS est un r\u00e9seau de villes phares et de r\u00e9seaux nationaux de villes.","robots":{"index":"index","follow":"follow","max-snippet":"max-snippet:-1","max-image-preview":"max-image-preview:large","max-video-preview":"max-video-preview:-1"},"canonical":"https:\/\/globalcitieshub.org\/fr\/who-european-healthy-cities-network\/","og_locale":"fr_FR","og_type":"article","og_title":"WHO European Healthy Cities Network - Global Cities Hub","og_description":"The WHO European Healthy Cities Network is a network of flagship cities and national networks of cities.","og_url":"https:\/\/globalcitieshub.org\/fr\/who-european-healthy-cities-network\/","og_site_name":"Global Cities Hub","article_modified_time":"2026-02-18T09:25:59+00:00","og_image":[{"width":1600,"height":900,"url":"https:\/\/globalcitieshub.org\/wp-content\/uploads\/2022\/02\/WHO-EUROPEAN-HEALTHY-CITIES-NETWORK-1.png","type":"image\/png"}],"twitter_card":"summary_large_image","twitter_site":"@genevacitieshub","twitter_misc":{"Dur\u00e9e de lecture estim\u00e9e":"2 minutes"},"schema":{"@context":"https:\/\/schema.org","@graph":[{"@type":"WebPage","@id":"https:\/\/globalcitieshub.org\/fr\/who-european-healthy-cities-network\/","url":"https:\/\/globalcitieshub.org\/fr\/who-european-healthy-cities-network\/","name":"R\u00e9seau europ\u00e9en des villes-sant\u00e9 de l'OMS - Global Cities Hub","isPartOf":{"@id":"https:\/\/globalcitieshub.org\/fr\/#website"},"primaryImageOfPage":{"@id":"https:\/\/globalcitieshub.org\/fr\/who-european-healthy-cities-network\/#primaryimage"},"image":{"@id":"https:\/\/globalcitieshub.org\/fr\/who-european-healthy-cities-network\/#primaryimage"},"thumbnailUrl":"https:\/\/globalcitieshub.org\/wp-content\/uploads\/2022\/02\/WHO-EUROPEAN-HEALTHY-CITIES-NETWORK-1.png","datePublished":"2022-03-11T14:49:20+00:00","dateModified":"2026-02-18T09:25:59+00:00","description":"Le r\u00e9seau europ\u00e9en des villes-sant\u00e9 de l'OMS est un r\u00e9seau de villes phares et de r\u00e9seaux nationaux de villes.","inLanguage":"fr-FR","potentialAction":[{"@type":"ReadAction","target":["https:\/\/globalcitieshub.org\/fr\/who-european-healthy-cities-network\/"]}]},{"@type":"ImageObject","inLanguage":"fr-FR","@id":"https:\/\/globalcitieshub.org\/fr\/who-european-healthy-cities-network\/#primaryimage","url":"https:\/\/globalcitieshub.org\/wp-content\/uploads\/2022\/02\/WHO-EUROPEAN-HEALTHY-CITIES-NETWORK-1.png","contentUrl":"https:\/\/globalcitieshub.org\/wp-content\/uploads\/2022\/02\/WHO-EUROPEAN-HEALTHY-CITIES-NETWORK-1.png","width":1600,"height":900},{"@type":"WebSite","@id":"https:\/\/globalcitieshub.org\/fr\/#website","url":"https:\/\/globalcitieshub.org\/fr\/","name":"Global Cities Hub","description":"Relier les gouvernements locaux et r\u00e9gionaux aux Nations unies et \u00e0 d'autres organisations internationales","publisher":{"@id":"https:\/\/globalcitieshub.org\/fr\/#organization"},"potentialAction":[{"@type":"SearchAction","target":{"@type":"EntryPoint","urlTemplate":"https:\/\/globalcitieshub.org\/fr\/?s={search_term_string}"},"query-input":{"@type":"PropertyValueSpecification","valueRequired":true,"valueName":"search_term_string"}}],"inLanguage":"fr-FR"},{"@type":"Organization","@id":"https:\/\/globalcitieshub.org\/fr\/#organization","name":"Global Cities Hub","url":"https:\/\/globalcitieshub.org\/fr\/","logo":{"@type":"ImageObject","inLanguage":"fr-FR","@id":"https:\/\/globalcitieshub.org\/fr\/#\/schema\/logo\/image\/","url":"https:\/\/globalcitieshub.org\/wp-content\/uploads\/2023\/09\/230829_Logo_Global_Cities_Hub_Couleur_fond-blanc_RVB.png","contentUrl":"https:\/\/globalcitieshub.org\/wp-content\/uploads\/2023\/09\/230829_Logo_Global_Cities_Hub_Couleur_fond-blanc_RVB.png","width":2544,"height":1446,"caption":"Global Cities Hub"},"image":{"@id":"https:\/\/globalcitieshub.org\/fr\/#\/schema\/logo\/image\/"},"sameAs":["https:\/\/x.com\/genevacitieshub"]}]}},"_links":{"self":[{"href":"https:\/\/globalcitieshub.org\/fr\/wp-json\/wp\/v2\/pages\/16181","targetHints":{"allow":["GET"]}}],"collection":[{"href":"https:\/\/globalcitieshub.org\/fr\/wp-json\/wp\/v2\/pages"}],"about":[{"href":"https:\/\/globalcitieshub.org\/fr\/wp-json\/wp\/v2\/types\/page"}],"author":[{"embeddable":true,"href":"https:\/\/globalcitieshub.org\/fr\/wp-json\/wp\/v2\/users\/1"}],"replies":[{"embeddable":true,"href":"https:\/\/globalcitieshub.org\/fr\/wp-json\/wp\/v2\/comments?post=16181"}],"version-history":[{"count":23,"href":"https:\/\/globalcitieshub.org\/fr\/wp-json\/wp\/v2\/pages\/16181\/revisions"}],"predecessor-version":[{"id":27214,"href":"https:\/\/globalcitieshub.org\/fr\/wp-json\/wp\/v2\/pages\/16181\/revisions\/27214"}],"wp:featuredmedia":[{"embeddable":true,"href":"https:\/\/globalcitieshub.org\/fr\/wp-json\/wp\/v2\/media\/15238"}],"wp:attachment":[{"href":"https:\/\/globalcitieshub.org\/fr\/wp-json\/wp\/v2\/media?parent=16181"}],"curies":[{"name":"wp","href":"https:\/\/api.w.org\/{rel}","templated":true}]}}