{"id":16165,"date":"2022-03-11T15:02:29","date_gmt":"2022-03-11T14:02:29","guid":{"rendered":"https:\/\/www.genevacitieshub.org\/?page_id=16165"},"modified":"2026-02-18T10:22:12","modified_gmt":"2026-02-18T09:22:12","slug":"united-cities-and-local-governments","status":"publish","type":"page","link":"https:\/\/globalcitieshub.org\/fr\/united-cities-and-local-governments\/","title":{"rendered":"Cit\u00e9s et Gouvernements Locaux Unis"},"content":{"rendered":"<div data-elementor-type=\"wp-page\" data-elementor-id=\"16165\" class=\"elementor elementor-16165\">\n\t\t\t\t\t\t<section class=\"elementor-section elementor-top-section elementor-element elementor-element-e677511 elementor-section-boxed elementor-section-height-default elementor-section-height-default\" data-id=\"e677511\" data-element_type=\"section\" data-e-type=\"section\">\n\t\t\t\t\t\t<div class=\"elementor-container elementor-column-gap-default\">\n\t\t\t\t\t<div class=\"elementor-column elementor-col-100 elementor-top-column elementor-element elementor-element-5ecb370\" data-id=\"5ecb370\" data-element_type=\"column\" data-e-type=\"column\">\n\t\t\t<div class=\"elementor-widget-wrap elementor-element-populated\">\n\t\t\t\t\t\t<div class=\"elementor-element elementor-element-aa162c2 elementor-widget elementor-widget-text-editor\" data-id=\"aa162c2\" data-element_type=\"widget\" data-e-type=\"widget\" data-widget_type=\"text-editor.default\">\n\t\t\t\t<div class=\"elementor-widget-container\">\n\t\t\t\t\t\t\t\t\t<h4><span style=\"color: #000000;\"><strong>CGLU est le produit d'un mouvement centenaire de collaboration des gouvernements locaux et r\u00e9gionaux. Elle est la voix de l'autonomie locale d\u00e9mocratique et, avec 250 000 membres dans plus de 140 \u00c9tats, elle repr\u00e9sente 70% de la population mondiale par le biais des gouvernements locaux et r\u00e9gionaux dans sept r\u00e9gions du monde : Afrique, Asie-Pacifique, Eurasie, Europe, Moyen-Orient et Asie occidentale, Am\u00e9rique latine et Am\u00e9rique du Nord.\u00a0<\/strong><\/span><\/h4><h4><span style=\"color: #000000;\"><strong>Elle poss\u00e8de \u00e9galement une section r\u00e9gionale et une section pour les m\u00e9tropoles et les aires m\u00e9tropolitaines. CGLU a un statut consultatif aupr\u00e8s de l'ECOSOC.<\/strong><\/span><\/h4>\t\t\t\t\t\t\t\t<\/div>\n\t\t\t\t<\/div>\n\t\t\t\t<div class=\"elementor-element elementor-element-8f18b8a elementor-widget elementor-widget-spacer\" data-id=\"8f18b8a\" data-element_type=\"widget\" data-e-type=\"widget\" data-widget_type=\"spacer.default\">\n\t\t\t\t<div class=\"elementor-widget-container\">\n\t\t\t\t\t\t\t<div class=\"elementor-spacer\">\n\t\t\t<div class=\"elementor-spacer-inner\"><\/div>\n\t\t<\/div>\n\t\t\t\t\t\t<\/div>\n\t\t\t\t<\/div>\n\t\t\t\t<div class=\"elementor-element elementor-element-1b272b9 elementor-widget elementor-widget-text-editor\" data-id=\"1b272b9\" data-element_type=\"widget\" data-e-type=\"widget\" data-widget_type=\"text-editor.default\">\n\t\t\t\t<div class=\"elementor-widget-container\">\n\t\t\t\t\t\t\t\t\t<blockquote><p><span style=\"color: #000000;\">\"Nous nous tenons sur les \u00e9paules d'innombrables femmes et hommes qui ont travaill\u00e9 sans rel\u00e2che pour s'autonomiser mutuellement pendant plus d'un si\u00e8cle, pour \u00e9lever leurs communaut\u00e9s et collaborer les uns avec les autres pour obtenir des changements.\u00a0<\/span><\/p><p><span style=\"color: #000000;\">CGLU, en tant que r\u00e9seau mondial de villes et de gouvernements locaux, r\u00e9gionaux et m\u00e9tropolitains et de leurs associations, s'engage \u00e0 repr\u00e9senter, d\u00e9fendre et amplifier la voix des gouvernements locaux et r\u00e9gionaux, afin de ne laisser personne et aucun endroit derri\u00e8re. Ensemble, nous sommes les sentinelles des espoirs, des r\u00eaves et des aspirations des individus dans les communaut\u00e9s du monde entier - \u00e0 la recherche d'une vie dans laquelle les id\u00e9aux des ODD sont une r\u00e9alit\u00e9 v\u00e9cue.<\/span><\/p><p><span style=\"color: #000000;\">Par le biais de la collaboration, du dialogue, de la coop\u00e9ration et du partage des connaissances, nous, en tant qu'organisation mondiale, agissons, en nous effor\u00e7ant de faire progresser la r\u00e9ponse et l'action mondiales par le biais d'engagements et d'accords novateurs qui deviennent des fils conducteurs transcendant les fronti\u00e8res et reliant les communaut\u00e9s entre elles, afin d'\u00e9lever et de renforcer le niveau local\".<\/span><\/p><\/blockquote>\t\t\t\t\t\t\t\t<\/div>\n\t\t\t\t<\/div>\n\t\t\t\t<div class=\"elementor-element elementor-element-600d4bc elementor-widget elementor-widget-spacer\" data-id=\"600d4bc\" data-element_type=\"widget\" data-e-type=\"widget\" data-widget_type=\"spacer.default\">\n\t\t\t\t<div class=\"elementor-widget-container\">\n\t\t\t\t\t\t\t<div class=\"elementor-spacer\">\n\t\t\t<div class=\"elementor-spacer-inner\"><\/div>\n\t\t<\/div>\n\t\t\t\t\t\t<\/div>\n\t\t\t\t<\/div>\n\t\t\t\t<div class=\"elementor-element elementor-element-63db222 elementor-widget elementor-widget-text-editor\" data-id=\"63db222\" data-element_type=\"widget\" data-e-type=\"widget\" data-widget_type=\"text-editor.default\">\n\t\t\t\t<div class=\"elementor-widget-container\">\n\t\t\t\t\t\t\t\t\t<h4><span style=\"color: #000000;\"><strong>OBJECTIFS PRINCIPAUX<\/strong><\/span><\/h4><p>\u00a0<\/p><p>Les principaux programmes de d\u00e9veloppement mondiaux ne peuvent \u00eatre r\u00e9alis\u00e9s que s'ils sont int\u00e9gr\u00e9s dans toutes les activit\u00e9s de planification, d'\u00e9laboration des politiques et d'action. Les solutions mondiales doivent s'appuyer sur les exp\u00e9riences locales pour assurer un avenir \u00e0 nos communaut\u00e9s. C'est ce qu'on appelle la localisation : la r\u00e9alisation d'agendas mondiaux \u00e0 partir de la base. C'est la pierre angulaire de notre strat\u00e9gie.<\/p><p>Nous nous effor\u00e7ons de renforcer et d'assurer un si\u00e8ge \u00e0 la table mondiale pour les gouvernements locaux et r\u00e9gionaux, afin de garantir non seulement que les perspectives et les points de vue locaux jouent un r\u00f4le dans la mise en \u0153uvre des programmes de d\u00e9veloppement universels, mais aussi que les perspectives locales sont prises en compte d\u00e8s le d\u00e9part.<\/p><p>Nous sommes engag\u00e9s dans la r\u00e9alisation et le renouvellement de la d\u00e9mocratie locale, en donnant aux gouvernements locaux et r\u00e9gionaux les moyens de jouer leur r\u00f4le dans l'avenir de l'humanit\u00e9. Ce n'est qu'en dotant les gouvernements locaux des pouvoirs et des ressources dont ils ont besoin que nous pourrons garantir la fourniture des services de base qu'ils assurent.<\/p><p>\u00a0<\/p>\t\t\t\t\t\t\t\t<\/div>\n\t\t\t\t<\/div>\n\t\t\t\t<div class=\"elementor-element elementor-element-6aa09be elementor-widget elementor-widget-text-editor\" data-id=\"6aa09be\" data-element_type=\"widget\" data-e-type=\"widget\" data-widget_type=\"text-editor.default\">\n\t\t\t\t<div class=\"elementor-widget-container\">\n\t\t\t\t\t\t\t\t\t<h4><span style=\"color: #000000;\"><strong>PROJETS CL\u00c9S<\/strong><\/span><\/h4><p>\u00a0<\/p><p>CGLU continuera \u00e0 amplifier la voix des gouvernements locaux et r\u00e9gionaux \u00e0 la table mondiale en facilitant le Groupe de travail mondial des gouvernements locaux et r\u00e9gionaux (GTF), un m\u00e9canisme historique qui contribue \u00e0 tous les processus politiques et convoque les dirigeants locaux et r\u00e9gionaux du monde entier \u00e0 l'Assembl\u00e9e mondiale des gouvernements locaux et r\u00e9gionaux.<\/p><p><b>Exp\u00e9riences d'apprentissage en direct.<\/b> Pendant la pand\u00e9mie, CGLU, ONU-Habitat et Metropolis ont organis\u00e9 une s\u00e9rie d'exp\u00e9riences d'apprentissage en direct : celles-ci ont guid\u00e9 notre plaidoyer et inspir\u00e9 notre D\u00e9calogue pour l'\u00e8re post-COVID.<\/p><p><b>Exp\u00e9rience de CitiesAreListening.<\/b> La r\u00e9ponse aux exp\u00e9riences d'apprentissage en direct a suscit\u00e9 la cr\u00e9ation de l'exp\u00e9rience #CitiesAreListening, un espace de dialogue et d'interaction entre diff\u00e9rents groupes de la soci\u00e9t\u00e9 civile internationale et les dirigeants politiques de notre circonscription.<\/p><p><b>Hubs Local4Action.<\/b> Ces derni\u00e8res ann\u00e9es, CGLU a promu la notion de Hubs Local4Action au sein de CGLU afin de souligner la contribution des pratiques et approches locales \u00e0 l'avancement de l'Agenda 2030. Les HUBs donneront de la visibilit\u00e9 et un label CGLU aux initiatives, approches et politiques des gouvernements locaux et r\u00e9gionaux en mati\u00e8re de d\u00e9veloppement durable.<\/p><p>\u00a0<\/p>\t\t\t\t\t\t\t\t<\/div>\n\t\t\t\t<\/div>\n\t\t\t\t<div class=\"elementor-element elementor-element-676489e elementor-widget elementor-widget-text-editor\" data-id=\"676489e\" data-element_type=\"widget\" data-e-type=\"widget\" data-widget_type=\"text-editor.default\">\n\t\t\t\t<div class=\"elementor-widget-container\">\n\t\t\t\t\t\t\t\t\t<blockquote><p><span style=\"color: #000000;\">\"La pand\u00e9mie de COVID-19 a exacerb\u00e9 certaines des lacunes que pr\u00e9sentait d\u00e9j\u00e0 le syst\u00e8me international actuel. Les gouvernements locaux et r\u00e9gionaux ont r\u00e9ussi \u00e0 fournir des services de base tout en maintenant un sentiment de communaut\u00e9 parmi les citoyens, en assurant une gouvernance de proximit\u00e9 et en veillant \u00e0 ce que la distance physique ne nous \u00e9loigne pas les uns des autres.<\/span><\/p><p><span style=\"color: #000000;\">Dans cette optique, notre D\u00e9calogue CGLU pour l'\u00e8re post COVID-19 est notre charte politique en ces temps de crise. Il soutient la solidarit\u00e9 en tant que phare de la s\u00e9curit\u00e9, et met en lumi\u00e8re dix actions transformatrices qui jettent les bases de la prochaine g\u00e9n\u00e9ration de multilat\u00e9ralisme.\"<\/span><\/p><\/blockquote>\t\t\t\t\t\t\t\t<\/div>\n\t\t\t\t<\/div>\n\t\t\t\t<div class=\"elementor-element elementor-element-24e704e elementor-widget elementor-widget-spacer\" data-id=\"24e704e\" data-element_type=\"widget\" data-e-type=\"widget\" data-widget_type=\"spacer.default\">\n\t\t\t\t<div class=\"elementor-widget-container\">\n\t\t\t\t\t\t\t<div class=\"elementor-spacer\">\n\t\t\t<div class=\"elementor-spacer-inner\"><\/div>\n\t\t<\/div>\n\t\t\t\t\t\t<\/div>\n\t\t\t\t<\/div>\n\t\t\t\t<div class=\"elementor-element elementor-element-5aab94e elementor-widget elementor-widget-text-editor\" data-id=\"5aab94e\" data-element_type=\"widget\" data-e-type=\"widget\" data-widget_type=\"text-editor.default\">\n\t\t\t\t<div class=\"elementor-widget-container\">\n\t\t\t\t\t\t\t\t\t<h4><strong><span style=\"color: #000000;\">INFORMATIONS DE CONTACT<\/span><\/strong><\/h4>\t\t\t\t\t\t\t\t<\/div>\n\t\t\t\t<\/div>\n\t\t\t\t\t<\/div>\n\t\t<\/div>\n\t\t\t\t\t<\/div>\n\t\t<\/section>\n\t\t\t\t<section class=\"elementor-section elementor-top-section elementor-element elementor-element-c3809c7 elementor-section-boxed elementor-section-height-default elementor-section-height-default\" data-id=\"c3809c7\" data-element_type=\"section\" data-e-type=\"section\">\n\t\t\t\t\t\t<div class=\"elementor-container elementor-column-gap-default\">\n\t\t\t\t\t<div class=\"elementor-column elementor-col-33 elementor-top-column elementor-element elementor-element-2cc1ce5\" data-id=\"2cc1ce5\" data-element_type=\"column\" data-e-type=\"column\">\n\t\t\t<div class=\"elementor-widget-wrap elementor-element-populated\">\n\t\t\t\t\t\t<div class=\"elementor-element elementor-element-d9375d7 elementor-align-center elementor-widget elementor-widget-button\" data-id=\"d9375d7\" data-element_type=\"widget\" data-e-type=\"widget\" data-widget_type=\"button.default\">\n\t\t\t\t<div class=\"elementor-widget-container\">\n\t\t\t\t\t\t\t\t\t<div class=\"elementor-button-wrapper\">\n\t\t\t\t\t<a class=\"elementor-button elementor-button-link elementor-size-sm\" href=\"http:\/\/www.uclg.org\/\" target=\"_blank\">\n\t\t\t\t\t\t<span class=\"elementor-button-content-wrapper\">\n\t\t\t\t\t\t\t\t\t<span class=\"elementor-button-text\">Site web de CGLU<\/span>\n\t\t\t\t\t<\/span>\n\t\t\t\t\t<\/a>\n\t\t\t\t<\/div>\n\t\t\t\t\t\t\t\t<\/div>\n\t\t\t\t<\/div>\n\t\t\t\t\t<\/div>\n\t\t<\/div>\n\t\t\t\t<div class=\"elementor-column elementor-col-33 elementor-top-column elementor-element elementor-element-dacac26\" data-id=\"dacac26\" data-element_type=\"column\" data-e-type=\"column\">\n\t\t\t<div class=\"elementor-widget-wrap elementor-element-populated\">\n\t\t\t\t\t\t<div class=\"elementor-element elementor-element-e1e55fa elementor-align-center elementor-widget elementor-widget-button\" data-id=\"e1e55fa\" data-element_type=\"widget\" data-e-type=\"widget\" data-widget_type=\"button.default\">\n\t\t\t\t<div class=\"elementor-widget-container\">\n\t\t\t\t\t\t\t\t\t<div class=\"elementor-button-wrapper\">\n\t\t\t\t\t<a class=\"elementor-button elementor-size-sm\" role=\"button\">\n\t\t\t\t\t\t<span class=\"elementor-button-content-wrapper\">\n\t\t\t\t\t\t<span class=\"elementor-button-icon\">\n\t\t\t\t<i aria-hidden=\"true\" class=\"far fa-user\"><\/i>\t\t\t<\/span>\n\t\t\t\t\t\t\t\t\t<span class=\"elementor-button-text\">MS. EMILIA SAIZ CARRANCEDO <br> Secr\u00e9taire g\u00e9n\u00e9ral<\/span>\n\t\t\t\t\t<\/span>\n\t\t\t\t\t<\/a>\n\t\t\t\t<\/div>\n\t\t\t\t\t\t\t\t<\/div>\n\t\t\t\t<\/div>\n\t\t\t\t<div class=\"elementor-element elementor-element-7ecb17f elementor-align-center elementor-widget elementor-widget-button\" data-id=\"7ecb17f\" data-element_type=\"widget\" data-e-type=\"widget\" data-widget_type=\"button.default\">\n\t\t\t\t<div class=\"elementor-widget-container\">\n\t\t\t\t\t\t\t\t\t<div class=\"elementor-button-wrapper\">\n\t\t\t\t\t<a class=\"elementor-button elementor-size-sm\" role=\"button\">\n\t\t\t\t\t\t<span class=\"elementor-button-content-wrapper\">\n\t\t\t\t\t\t<span class=\"elementor-button-icon\">\n\t\t\t\t<i aria-hidden=\"true\" class=\"far fa-user\"><\/i>\t\t\t<\/span>\n\t\t\t\t\t\t\t\t\t<span class=\"elementor-button-text\">DR. MOHAMED BOUDRA <br> Pr\u00e9sident<\/span>\n\t\t\t\t\t<\/span>\n\t\t\t\t\t<\/a>\n\t\t\t\t<\/div>\n\t\t\t\t\t\t\t\t<\/div>\n\t\t\t\t<\/div>\n\t\t\t\t\t<\/div>\n\t\t<\/div>\n\t\t\t\t<div class=\"elementor-column elementor-col-33 elementor-top-column elementor-element elementor-element-2fcc2ec\" data-id=\"2fcc2ec\" data-element_type=\"column\" data-e-type=\"column\">\n\t\t\t<div class=\"elementor-widget-wrap elementor-element-populated\">\n\t\t\t\t\t\t<div class=\"elementor-element elementor-element-68fb549 elementor-widget elementor-widget-text-editor\" data-id=\"68fb549\" data-element_type=\"widget\" data-e-type=\"widget\" data-widget_type=\"text-editor.default\">\n\t\t\t\t<div class=\"elementor-widget-container\">\n\t\t\t\t\t\t\t\t\t<p style=\"text-align: center;\">15 Carrer Aviny,<\/p><p style=\"text-align: center;\">08002 Barcelone, Espagne\u00a0<\/p>\t\t\t\t\t\t\t\t<\/div>\n\t\t\t\t<\/div>\n\t\t\t\t<div class=\"elementor-element elementor-element-6efba4b elementor-align-center elementor-widget elementor-widget-button\" data-id=\"6efba4b\" data-element_type=\"widget\" data-e-type=\"widget\" data-widget_type=\"button.default\">\n\t\t\t\t<div class=\"elementor-widget-container\">\n\t\t\t\t\t\t\t\t\t<div class=\"elementor-button-wrapper\">\n\t\t\t\t\t<a class=\"elementor-button elementor-size-sm\" role=\"button\">\n\t\t\t\t\t\t<span class=\"elementor-button-content-wrapper\">\n\t\t\t\t\t\t<span class=\"elementor-button-icon\">\n\t\t\t\t<i aria-hidden=\"true\" class=\"fas fa-phone-alt\"><\/i>\t\t\t<\/span>\n\t\t\t\t\t\t\t\t\t<span class=\"elementor-button-text\">+34 933 428 75 <\/span>\n\t\t\t\t\t<\/span>\n\t\t\t\t\t<\/a>\n\t\t\t\t<\/div>\n\t\t\t\t\t\t\t\t<\/div>\n\t\t\t\t<\/div>\n\t\t\t\t\t<\/div>\n\t\t<\/div>\n\t\t\t\t\t<\/div>\n\t\t<\/section>\n\t\t\t\t<\/div>","protected":false},"excerpt":{"rendered":"<p>CGLU est le fruit d'un mouvement centenaire de collaboration entre gouvernements locaux et r\u00e9gionaux. Elle est la voix de l'autonomie locale d\u00e9mocratique et, avec 250 000 membres dans plus de 140 \u00c9tats, elle repr\u00e9sente 70% de la population mondiale \u00e0 travers les gouvernements locaux et r\u00e9gionaux dans sept r\u00e9gions du monde : Afrique, Asie-Pacifique, Eurasie, Europe, Moyen-Orient et Asie de l'Ouest, ... <\/p>","protected":false},"author":1,"featured_media":15237,"parent":0,"menu_order":0,"comment_status":"closed","ping_status":"closed","template":"","meta":{"_monsterinsights_skip_tracking":false,"_monsterinsights_sitenote_active":false,"_monsterinsights_sitenote_note":"","_monsterinsights_sitenote_category":0,"footnotes":""},"class_list":["post-16165","page","type-page","status-publish","has-post-thumbnail","hentry"],"yoast_head":"<!-- This site is optimized with the Yoast SEO plugin v27.4 - https:\/\/yoast.com\/product\/yoast-seo-wordpress\/ -->\n<title>United Cities and Local Governments - Global Cities Hub<\/title>\n<meta name=\"description\" content=\"UCLG is the product of a century-old collaborative movement of local and regional governments. UCLG has ECOSOC consultative status.\" \/>\n<meta name=\"robots\" content=\"index, follow, max-snippet:-1, max-image-preview:large, max-video-preview:-1\" \/>\n<link rel=\"canonical\" href=\"https:\/\/globalcitieshub.org\/fr\/united-cities-and-local-governments\/\" \/>\n<meta property=\"og:locale\" content=\"fr_FR\" \/>\n<meta property=\"og:type\" content=\"article\" \/>\n<meta property=\"og:title\" content=\"United Cities and Local Governments - Global Cities Hub\" \/>\n<meta property=\"og:description\" content=\"UCLG is the product of a century-old collaborative movement of local and regional governments. UCLG has ECOSOC consultative status.\" \/>\n<meta property=\"og:url\" content=\"https:\/\/globalcitieshub.org\/fr\/united-cities-and-local-governments\/\" \/>\n<meta property=\"og:site_name\" content=\"Global Cities Hub\" \/>\n<meta property=\"article:modified_time\" content=\"2026-02-18T09:22:12+00:00\" \/>\n<meta property=\"og:image\" content=\"https:\/\/globalcitieshub.org\/wp-content\/uploads\/2022\/02\/UNITED-CITIES-AND-LOCAL-GOVERNMENTS-1.png\" \/>\n\t<meta property=\"og:image:width\" content=\"1600\" \/>\n\t<meta property=\"og:image:height\" content=\"900\" \/>\n\t<meta property=\"og:image:type\" content=\"image\/png\" \/>\n<meta name=\"twitter:card\" content=\"summary_large_image\" \/>\n<meta name=\"twitter:site\" content=\"@genevacitieshub\" \/>\n<meta name=\"twitter:label1\" content=\"Dur\u00e9e de lecture estim\u00e9e\" \/>\n\t<meta name=\"twitter:data1\" content=\"2 minutes\" \/>\n<script type=\"application\/ld+json\" class=\"yoast-schema-graph\">{\"@context\":\"https:\\\/\\\/schema.org\",\"@graph\":[{\"@type\":\"WebPage\",\"@id\":\"https:\\\/\\\/globalcitieshub.org\\\/fr\\\/united-cities-and-local-governments\\\/\",\"url\":\"https:\\\/\\\/globalcitieshub.org\\\/fr\\\/united-cities-and-local-governments\\\/\",\"name\":\"United Cities and Local Governments - Global Cities Hub\",\"isPartOf\":{\"@id\":\"https:\\\/\\\/globalcitieshub.org\\\/fr\\\/#website\"},\"primaryImageOfPage\":{\"@id\":\"https:\\\/\\\/globalcitieshub.org\\\/fr\\\/united-cities-and-local-governments\\\/#primaryimage\"},\"image\":{\"@id\":\"https:\\\/\\\/globalcitieshub.org\\\/fr\\\/united-cities-and-local-governments\\\/#primaryimage\"},\"thumbnailUrl\":\"https:\\\/\\\/globalcitieshub.org\\\/wp-content\\\/uploads\\\/2022\\\/02\\\/UNITED-CITIES-AND-LOCAL-GOVERNMENTS-1.png\",\"datePublished\":\"2022-03-11T14:02:29+00:00\",\"dateModified\":\"2026-02-18T09:22:12+00:00\",\"description\":\"UCLG is the product of a century-old collaborative movement of local and regional governments. UCLG has ECOSOC consultative status.\",\"inLanguage\":\"fr-FR\",\"potentialAction\":[{\"@type\":\"ReadAction\",\"target\":[\"https:\\\/\\\/globalcitieshub.org\\\/fr\\\/united-cities-and-local-governments\\\/\"]}]},{\"@type\":\"ImageObject\",\"inLanguage\":\"fr-FR\",\"@id\":\"https:\\\/\\\/globalcitieshub.org\\\/fr\\\/united-cities-and-local-governments\\\/#primaryimage\",\"url\":\"https:\\\/\\\/globalcitieshub.org\\\/wp-content\\\/uploads\\\/2022\\\/02\\\/UNITED-CITIES-AND-LOCAL-GOVERNMENTS-1.png\",\"contentUrl\":\"https:\\\/\\\/globalcitieshub.org\\\/wp-content\\\/uploads\\\/2022\\\/02\\\/UNITED-CITIES-AND-LOCAL-GOVERNMENTS-1.png\",\"width\":1600,\"height\":900},{\"@type\":\"WebSite\",\"@id\":\"https:\\\/\\\/globalcitieshub.org\\\/fr\\\/#website\",\"url\":\"https:\\\/\\\/globalcitieshub.org\\\/fr\\\/\",\"name\":\"Global Cities Hub\",\"description\":\"Connecting local and regional governments to the United Nations and other  international organizations\",\"publisher\":{\"@id\":\"https:\\\/\\\/globalcitieshub.org\\\/fr\\\/#organization\"},\"potentialAction\":[{\"@type\":\"SearchAction\",\"target\":{\"@type\":\"EntryPoint\",\"urlTemplate\":\"https:\\\/\\\/globalcitieshub.org\\\/fr\\\/?s={search_term_string}\"},\"query-input\":{\"@type\":\"PropertyValueSpecification\",\"valueRequired\":true,\"valueName\":\"search_term_string\"}}],\"inLanguage\":\"fr-FR\"},{\"@type\":\"Organization\",\"@id\":\"https:\\\/\\\/globalcitieshub.org\\\/fr\\\/#organization\",\"name\":\"Global Cities Hub\",\"url\":\"https:\\\/\\\/globalcitieshub.org\\\/fr\\\/\",\"logo\":{\"@type\":\"ImageObject\",\"inLanguage\":\"fr-FR\",\"@id\":\"https:\\\/\\\/globalcitieshub.org\\\/fr\\\/#\\\/schema\\\/logo\\\/image\\\/\",\"url\":\"https:\\\/\\\/globalcitieshub.org\\\/wp-content\\\/uploads\\\/2023\\\/09\\\/230829_Logo_Global_Cities_Hub_Couleur_fond-blanc_RVB.png\",\"contentUrl\":\"https:\\\/\\\/globalcitieshub.org\\\/wp-content\\\/uploads\\\/2023\\\/09\\\/230829_Logo_Global_Cities_Hub_Couleur_fond-blanc_RVB.png\",\"width\":2544,\"height\":1446,\"caption\":\"Global Cities Hub\"},\"image\":{\"@id\":\"https:\\\/\\\/globalcitieshub.org\\\/fr\\\/#\\\/schema\\\/logo\\\/image\\\/\"},\"sameAs\":[\"https:\\\/\\\/x.com\\\/genevacitieshub\"]}]}<\/script>\n<!-- \/ Yoast SEO plugin. -->","yoast_head_json":{"title":"Cit\u00e9s et gouvernements locaux unis - Global Cities Hub","description":"CGLU est le fruit d'un mouvement centenaire de collaboration entre les gouvernements locaux et r\u00e9gionaux. CGLU b\u00e9n\u00e9ficie du statut consultatif aupr\u00e8s de l'ECOSOC.","robots":{"index":"index","follow":"follow","max-snippet":"max-snippet:-1","max-image-preview":"max-image-preview:large","max-video-preview":"max-video-preview:-1"},"canonical":"https:\/\/globalcitieshub.org\/fr\/united-cities-and-local-governments\/","og_locale":"fr_FR","og_type":"article","og_title":"United Cities and Local Governments - Global Cities Hub","og_description":"UCLG is the product of a century-old collaborative movement of local and regional governments. UCLG has ECOSOC consultative status.","og_url":"https:\/\/globalcitieshub.org\/fr\/united-cities-and-local-governments\/","og_site_name":"Global Cities Hub","article_modified_time":"2026-02-18T09:22:12+00:00","og_image":[{"width":1600,"height":900,"url":"https:\/\/globalcitieshub.org\/wp-content\/uploads\/2022\/02\/UNITED-CITIES-AND-LOCAL-GOVERNMENTS-1.png","type":"image\/png"}],"twitter_card":"summary_large_image","twitter_site":"@genevacitieshub","twitter_misc":{"Dur\u00e9e de lecture estim\u00e9e":"2 minutes"},"schema":{"@context":"https:\/\/schema.org","@graph":[{"@type":"WebPage","@id":"https:\/\/globalcitieshub.org\/fr\/united-cities-and-local-governments\/","url":"https:\/\/globalcitieshub.org\/fr\/united-cities-and-local-governments\/","name":"Cit\u00e9s et gouvernements locaux unis - Global Cities Hub","isPartOf":{"@id":"https:\/\/globalcitieshub.org\/fr\/#website"},"primaryImageOfPage":{"@id":"https:\/\/globalcitieshub.org\/fr\/united-cities-and-local-governments\/#primaryimage"},"image":{"@id":"https:\/\/globalcitieshub.org\/fr\/united-cities-and-local-governments\/#primaryimage"},"thumbnailUrl":"https:\/\/globalcitieshub.org\/wp-content\/uploads\/2022\/02\/UNITED-CITIES-AND-LOCAL-GOVERNMENTS-1.png","datePublished":"2022-03-11T14:02:29+00:00","dateModified":"2026-02-18T09:22:12+00:00","description":"CGLU est le fruit d'un mouvement centenaire de collaboration entre les gouvernements locaux et r\u00e9gionaux. CGLU b\u00e9n\u00e9ficie du statut consultatif aupr\u00e8s de l'ECOSOC.","inLanguage":"fr-FR","potentialAction":[{"@type":"ReadAction","target":["https:\/\/globalcitieshub.org\/fr\/united-cities-and-local-governments\/"]}]},{"@type":"ImageObject","inLanguage":"fr-FR","@id":"https:\/\/globalcitieshub.org\/fr\/united-cities-and-local-governments\/#primaryimage","url":"https:\/\/globalcitieshub.org\/wp-content\/uploads\/2022\/02\/UNITED-CITIES-AND-LOCAL-GOVERNMENTS-1.png","contentUrl":"https:\/\/globalcitieshub.org\/wp-content\/uploads\/2022\/02\/UNITED-CITIES-AND-LOCAL-GOVERNMENTS-1.png","width":1600,"height":900},{"@type":"WebSite","@id":"https:\/\/globalcitieshub.org\/fr\/#website","url":"https:\/\/globalcitieshub.org\/fr\/","name":"Global Cities Hub","description":"Relier les gouvernements locaux et r\u00e9gionaux aux Nations unies et \u00e0 d'autres organisations internationales","publisher":{"@id":"https:\/\/globalcitieshub.org\/fr\/#organization"},"potentialAction":[{"@type":"SearchAction","target":{"@type":"EntryPoint","urlTemplate":"https:\/\/globalcitieshub.org\/fr\/?s={search_term_string}"},"query-input":{"@type":"PropertyValueSpecification","valueRequired":true,"valueName":"search_term_string"}}],"inLanguage":"fr-FR"},{"@type":"Organization","@id":"https:\/\/globalcitieshub.org\/fr\/#organization","name":"Global Cities Hub","url":"https:\/\/globalcitieshub.org\/fr\/","logo":{"@type":"ImageObject","inLanguage":"fr-FR","@id":"https:\/\/globalcitieshub.org\/fr\/#\/schema\/logo\/image\/","url":"https:\/\/globalcitieshub.org\/wp-content\/uploads\/2023\/09\/230829_Logo_Global_Cities_Hub_Couleur_fond-blanc_RVB.png","contentUrl":"https:\/\/globalcitieshub.org\/wp-content\/uploads\/2023\/09\/230829_Logo_Global_Cities_Hub_Couleur_fond-blanc_RVB.png","width":2544,"height":1446,"caption":"Global Cities Hub"},"image":{"@id":"https:\/\/globalcitieshub.org\/fr\/#\/schema\/logo\/image\/"},"sameAs":["https:\/\/x.com\/genevacitieshub"]}]}},"_links":{"self":[{"href":"https:\/\/globalcitieshub.org\/fr\/wp-json\/wp\/v2\/pages\/16165","targetHints":{"allow":["GET"]}}],"collection":[{"href":"https:\/\/globalcitieshub.org\/fr\/wp-json\/wp\/v2\/pages"}],"about":[{"href":"https:\/\/globalcitieshub.org\/fr\/wp-json\/wp\/v2\/types\/page"}],"author":[{"embeddable":true,"href":"https:\/\/globalcitieshub.org\/fr\/wp-json\/wp\/v2\/users\/1"}],"replies":[{"embeddable":true,"href":"https:\/\/globalcitieshub.org\/fr\/wp-json\/wp\/v2\/comments?post=16165"}],"version-history":[{"count":17,"href":"https:\/\/globalcitieshub.org\/fr\/wp-json\/wp\/v2\/pages\/16165\/revisions"}],"predecessor-version":[{"id":27211,"href":"https:\/\/globalcitieshub.org\/fr\/wp-json\/wp\/v2\/pages\/16165\/revisions\/27211"}],"wp:featuredmedia":[{"embeddable":true,"href":"https:\/\/globalcitieshub.org\/fr\/wp-json\/wp\/v2\/media\/15237"}],"wp:attachment":[{"href":"https:\/\/globalcitieshub.org\/fr\/wp-json\/wp\/v2\/media?parent=16165"}],"curies":[{"name":"wp","href":"https:\/\/api.w.org\/{rel}","templated":true}]}}