{"id":16149,"date":"2022-03-11T14:21:51","date_gmt":"2022-03-11T13:21:51","guid":{"rendered":"https:\/\/www.genevacitieshub.org\/?page_id=16149"},"modified":"2026-02-18T10:19:33","modified_gmt":"2026-02-18T09:19:33","slug":"unesco-global-network-of-learning-cities","status":"publish","type":"page","link":"https:\/\/globalcitieshub.org\/fr\/unesco-global-network-of-learning-cities\/","title":{"rendered":"R\u00e9seau mondial des villes apprenantes de l'UNESCO"},"content":{"rendered":"<div data-elementor-type=\"wp-page\" data-elementor-id=\"16149\" class=\"elementor elementor-16149\">\n\t\t\t\t\t\t<section class=\"elementor-section elementor-top-section elementor-element elementor-element-121f8cf elementor-section-boxed elementor-section-height-default elementor-section-height-default\" data-id=\"121f8cf\" data-element_type=\"section\" data-e-type=\"section\">\n\t\t\t\t\t\t<div class=\"elementor-container elementor-column-gap-default\">\n\t\t\t\t\t<div class=\"elementor-column elementor-col-100 elementor-top-column elementor-element elementor-element-fc6f0d9\" data-id=\"fc6f0d9\" data-element_type=\"column\" data-e-type=\"column\">\n\t\t\t<div class=\"elementor-widget-wrap elementor-element-populated\">\n\t\t\t\t\t\t<div class=\"elementor-element elementor-element-ddd3886 elementor-widget elementor-widget-text-editor\" data-id=\"ddd3886\" data-element_type=\"widget\" data-e-type=\"widget\" data-widget_type=\"text-editor.default\">\n\t\t\t\t<div class=\"elementor-widget-container\">\n\t\t\t\t\t\t\t\t\t<h4><strong><span style=\"color: #000000;\">Le R\u00e9seau mondial des villes apprenantes de l'UNESCO (GNLC) est un r\u00e9seau international ax\u00e9 sur les politiques, qui sert d'inspiration et diffuse le savoir-faire et les meilleures pratiques. Coordonn\u00e9 par l'Institut de l'UNESCO pour l'apprentissage tout au long de la vie (UIL), l'un des huit instituts et centres \u00e9ducatifs de l'UNESCO, il est actif dans plus de deux cents villes et plus de soixante pays, dont un nombre croissant dans la r\u00e9gion africaine. Le r\u00e9seau rassemble des communaut\u00e9s locales de toutes les r\u00e9gions du monde qui s'engagent \u00e0 mettre en \u0153uvre l'apprentissage tout au long de la vie. <\/span><\/strong><\/h4>\t\t\t\t\t\t\t\t<\/div>\n\t\t\t\t<\/div>\n\t\t\t\t<div class=\"elementor-element elementor-element-456e661 elementor-widget elementor-widget-spacer\" data-id=\"456e661\" data-element_type=\"widget\" data-e-type=\"widget\" data-widget_type=\"spacer.default\">\n\t\t\t\t<div class=\"elementor-widget-container\">\n\t\t\t\t\t\t\t<div class=\"elementor-spacer\">\n\t\t\t<div class=\"elementor-spacer-inner\"><\/div>\n\t\t<\/div>\n\t\t\t\t\t\t<\/div>\n\t\t\t\t<\/div>\n\t\t\t\t<div class=\"elementor-element elementor-element-d19cd9c elementor-widget elementor-widget-text-editor\" data-id=\"d19cd9c\" data-element_type=\"widget\" data-e-type=\"widget\" data-widget_type=\"text-editor.default\">\n\t\t\t\t<div class=\"elementor-widget-container\">\n\t\t\t\t\t\t\t\t\t<h4><span style=\"color: #000000;\"><strong>OBJECTIFS PRINCIPAUX<\/strong><\/span><\/h4><p>\u00a0<\/p><p>La GNLC encourage l'apprentissage entre pairs parmi les villes membres, favorise les partenariats et d\u00e9veloppe les capacit\u00e9s.<\/p><p>\u00a0 <br \/>L'UNESCO d\u00e9finit une ville apprenante comme une ville qui : mobilise ses ressources dans tous les secteurs pour promouvoir l'apprentissage inclusif, de l'\u00e9ducation de base \u00e0 l'enseignement sup\u00e9rieur ; revitalise l'apprentissage dans les familles et les communaut\u00e9s ; facilite l'apprentissage pour et sur le lieu de travail ; \u00e9tend l'utilisation des technologies modernes d'apprentissage ; am\u00e9liore la qualit\u00e9 et l'excellence de l'apprentissage ; et favorise une culture de l'apprentissage tout au long de la vie. Les villes qui agissent de la sorte favorisent l'autonomisation des individus et l'inclusion sociale, le d\u00e9veloppement \u00e9conomique et la prosp\u00e9rit\u00e9 culturelle, ainsi que le d\u00e9veloppement durable.<\/p><p>\u00a0<\/p>\t\t\t\t\t\t\t\t<\/div>\n\t\t\t\t<\/div>\n\t\t\t\t<div class=\"elementor-element elementor-element-3a051ca elementor-widget elementor-widget-text-editor\" data-id=\"3a051ca\" data-element_type=\"widget\" data-e-type=\"widget\" data-widget_type=\"text-editor.default\">\n\t\t\t\t<div class=\"elementor-widget-container\">\n\t\t\t\t\t\t\t\t\t<blockquote><p><span style=\"color: #000000;\">\"L'apprentissage tout au long de la vie est la cl\u00e9 du d\u00e9veloppement durable.\u00a0<span style=\"font-family: Poppins; font-size: 16px; text-align: justify;\">Seulement si nous sommes tous capables de mettre \u00e0 jour continuellement\u00a0<\/span><span style=\"font-family: Poppins; font-size: 16px; text-align: justify;\">les connaissances et les comp\u00e9tences nous permettront de nous adapter et de\u00a0<\/span><span style=\"font-family: Poppins; font-size: 16px; text-align: justify;\">jouer un r\u00f4le actif dans un monde en d\u00e9veloppement rapide.\u00a0<\/span><span style=\"font-family: Poppins; font-size: 16px; text-align: justify;\">Plus de la moiti\u00e9 de l'humanit\u00e9 vit dans des zones urbaines,\u00a0<\/span><span style=\"font-family: Poppins; font-size: 16px; text-align: justify;\">les villes sont \u00e0 l'avant-garde pour permettre l'apprentissage tout au long de la vie.\u00a0<\/span><span style=\"font-family: Poppins; font-size: 16px; text-align: justify;\">Membres du R\u00e9seau mondial d'apprentissage de l'UNESCO\u00a0<\/span><span style=\"font-family: Poppins; font-size: 16px; text-align: justify;\">Les villes pr\u00e9sentent des politiques efficaces en mati\u00e8re d'\u00e9ducation et de formation tout au long de la vie.\u00a0<\/span><span style=\"font-family: Poppins; font-size: 16px; text-align: justify;\">les pratiques qui favorisent le d\u00e9veloppement de l'inclusion,\u00a0<\/span><span style=\"font-family: Poppins; font-size: 16px; text-align: justify;\">des villes s\u00fbres, r\u00e9silientes et durables et contribuer \u00e0 la t<\/span><span style=\"font-family: Poppins; font-size: 16px; text-align: justify;\">e programme 2030. J'invite toutes les villes qui s'engagent \u00e0\u00a0<\/span><span style=\"font-family: Poppins; font-size: 16px; text-align: justify;\">apprendre \u00e0 faire partie de ce r\u00e9seau mondial\".<\/span><\/span><\/p><\/blockquote><p><b>DAVID ATCHOARENA, DIRECTEUR, INSTITUT DE L'UNESCO POUR L'APPRENTISSAGE TOUT AU LONG DE LA VIE<\/b><\/p><p><b>\u00a0<\/b><\/p>\t\t\t\t\t\t\t\t<\/div>\n\t\t\t\t<\/div>\n\t\t\t\t<div class=\"elementor-element elementor-element-0e3ba70 elementor-widget elementor-widget-text-editor\" data-id=\"0e3ba70\" data-element_type=\"widget\" data-e-type=\"widget\" data-widget_type=\"text-editor.default\">\n\t\t\t\t<div class=\"elementor-widget-container\">\n\t\t\t\t\t\t\t\t\t<h4><span style=\"color: #000000;\"><strong>PROJETS CL\u00c9S<\/strong><\/span><\/h4><p>\u00a0<\/p><p><strong>Conf\u00e9rence internationale sur les villes apprenantes.<\/strong> Tous les deux ans, les maires et autres repr\u00e9sentants de la GNLC se r\u00e9unissent pour partager les d\u00e9fis, les solutions et les meilleures pratiques en mati\u00e8re de promotion de l'apprentissage tout au long de la vie pour leurs r\u00e9sidents.<\/p><p><strong>Priorit\u00e9s de la ville.<\/strong> Le r\u00e9seau collabore sur des sujets que ses membres consid\u00e8rent comme prioritaires, tels que l'\u00e9ducation au d\u00e9veloppement durable, la planification et l'\u00e9valuation de l'\u00e9ducation, l'\u00e9ducation \u00e0 la sant\u00e9 et au bien-\u00eatre, et l'\u00e9ducation \u00e0 la citoyennet\u00e9 mondiale.<\/p><p><strong>Apprentissage par les pairs.<\/strong> Un guide d'action sur l'apprentissage tout au long de la vie pour la sant\u00e9 dans les villes. Les membres de la GNLC, en coop\u00e9ration avec la Chaire UNESCO de sant\u00e9 mondiale et d'\u00e9ducation, s'efforcent de sensibiliser \u00e0 la contribution de l'apprentissage tout au long de la vie \u00e0 la sant\u00e9, et de d\u00e9velopper et mettre en \u0153uvre ensemble des politiques qui rendront leurs villes saines et r\u00e9silientes.<\/p><p><strong>Prix UNESCO de la ville apprenante.<\/strong> Le prix UNESCO Learning City reconna\u00eet et met en valeur les bonnes pratiques en mati\u00e8re de promotion d'une \u00e9ducation de qualit\u00e9 et de possibilit\u00e9s d'apprentissage tout au long de la vie pour tous au niveau local. Le prix est d\u00e9cern\u00e9 dans chacune des cinq r\u00e9gions de l'UNESCO aux villes qui ont fait preuve de progr\u00e8s significatifs dans la mise en \u0153uvre de projets et d'activit\u00e9s d'apprentissage pour leurs citoyens.<\/p><p>\u00a0<\/p><p>Les villes peuvent demander \u00e0 adh\u00e9rer \u00e0 la GNLC tous les deux ans. Veuillez consulter notre site pour plus d'informations.<\/p>\t\t\t\t\t\t\t\t<\/div>\n\t\t\t\t<\/div>\n\t\t\t\t<div class=\"elementor-element elementor-element-1a452e1 elementor-widget elementor-widget-spacer\" data-id=\"1a452e1\" data-element_type=\"widget\" data-e-type=\"widget\" data-widget_type=\"spacer.default\">\n\t\t\t\t<div class=\"elementor-widget-container\">\n\t\t\t\t\t\t\t<div class=\"elementor-spacer\">\n\t\t\t<div class=\"elementor-spacer-inner\"><\/div>\n\t\t<\/div>\n\t\t\t\t\t\t<\/div>\n\t\t\t\t<\/div>\n\t\t\t\t<div class=\"elementor-element elementor-element-64f9ca4 elementor-widget elementor-widget-text-editor\" data-id=\"64f9ca4\" data-element_type=\"widget\" data-e-type=\"widget\" data-widget_type=\"text-editor.default\">\n\t\t\t\t<div class=\"elementor-widget-container\">\n\t\t\t\t\t\t\t\t\t<h4><strong><span style=\"color: #000000;\">INFORMATIONS DE CONTACT<\/span><\/strong><\/h4>\t\t\t\t\t\t\t\t<\/div>\n\t\t\t\t<\/div>\n\t\t\t\t<section class=\"elementor-section elementor-inner-section elementor-element elementor-element-a87a457 elementor-section-boxed elementor-section-height-default elementor-section-height-default\" data-id=\"a87a457\" data-element_type=\"section\" data-e-type=\"section\">\n\t\t\t\t\t\t<div class=\"elementor-container elementor-column-gap-default\">\n\t\t\t\t\t<div class=\"elementor-column elementor-col-33 elementor-inner-column elementor-element elementor-element-57846ff\" data-id=\"57846ff\" data-element_type=\"column\" data-e-type=\"column\">\n\t\t\t<div class=\"elementor-widget-wrap elementor-element-populated\">\n\t\t\t\t\t\t<div class=\"elementor-element elementor-element-c980ff9 elementor-align-center elementor-widget elementor-widget-button\" data-id=\"c980ff9\" data-element_type=\"widget\" data-e-type=\"widget\" data-widget_type=\"button.default\">\n\t\t\t\t<div class=\"elementor-widget-container\">\n\t\t\t\t\t\t\t\t\t<div class=\"elementor-button-wrapper\">\n\t\t\t\t\t<a class=\"elementor-button elementor-button-link elementor-size-sm\" href=\"https:\/\/www.uil.unesco.org\/en\/learning-cities\" target=\"_blank\">\n\t\t\t\t\t\t<span class=\"elementor-button-content-wrapper\">\n\t\t\t\t\t\t\t\t\t<span class=\"elementor-button-text\">Site web du r\u00e9seau mondial des villes \u00e9ducatives de l'UNESCO<\/span>\n\t\t\t\t\t<\/span>\n\t\t\t\t\t<\/a>\n\t\t\t\t<\/div>\n\t\t\t\t\t\t\t\t<\/div>\n\t\t\t\t<\/div>\n\t\t\t\t\t<\/div>\n\t\t<\/div>\n\t\t\t\t<div class=\"elementor-column elementor-col-33 elementor-inner-column elementor-element elementor-element-57a5e15\" data-id=\"57a5e15\" data-element_type=\"column\" data-e-type=\"column\">\n\t\t\t<div class=\"elementor-widget-wrap\">\n\t\t\t\t\t\t\t<\/div>\n\t\t<\/div>\n\t\t\t\t<div class=\"elementor-column elementor-col-33 elementor-inner-column elementor-element elementor-element-d79ad9b\" data-id=\"d79ad9b\" data-element_type=\"column\" data-e-type=\"column\">\n\t\t\t<div class=\"elementor-widget-wrap elementor-element-populated\">\n\t\t\t\t\t\t<div class=\"elementor-element elementor-element-021a6d2 elementor-widget elementor-widget-text-editor\" data-id=\"021a6d2\" data-element_type=\"widget\" data-e-type=\"widget\" data-widget_type=\"text-editor.default\">\n\t\t\t\t<div class=\"elementor-widget-container\">\n\t\t\t\t\t\t\t\t\t<p style=\"text-align: center;\">Feldbrunnenstrasse 58,<\/p><p style=\"text-align: center;\">20148 Hamburg, Allemagne\u00a0<\/p>\t\t\t\t\t\t\t\t<\/div>\n\t\t\t\t<\/div>\n\t\t\t\t<div class=\"elementor-element elementor-element-be717f2 elementor-align-center elementor-widget elementor-widget-button\" data-id=\"be717f2\" data-element_type=\"widget\" data-e-type=\"widget\" data-widget_type=\"button.default\">\n\t\t\t\t<div class=\"elementor-widget-container\">\n\t\t\t\t\t\t\t\t\t<div class=\"elementor-button-wrapper\">\n\t\t\t\t\t<a class=\"elementor-button elementor-button-link elementor-size-sm\" href=\"mailto:learningcities@unesco.org\">\n\t\t\t\t\t\t<span class=\"elementor-button-content-wrapper\">\n\t\t\t\t\t\t\t\t\t<span class=\"elementor-button-text\">Contact<\/span>\n\t\t\t\t\t<\/span>\n\t\t\t\t\t<\/a>\n\t\t\t\t<\/div>\n\t\t\t\t\t\t\t\t<\/div>\n\t\t\t\t<\/div>\n\t\t\t\t<div class=\"elementor-element elementor-element-145ff6b elementor-align-center elementor-widget elementor-widget-button\" data-id=\"145ff6b\" data-element_type=\"widget\" data-e-type=\"widget\" data-widget_type=\"button.default\">\n\t\t\t\t<div class=\"elementor-widget-container\">\n\t\t\t\t\t\t\t\t\t<div class=\"elementor-button-wrapper\">\n\t\t\t\t\t<a class=\"elementor-button elementor-size-sm\" role=\"button\">\n\t\t\t\t\t\t<span class=\"elementor-button-content-wrapper\">\n\t\t\t\t\t\t<span class=\"elementor-button-icon\">\n\t\t\t\t<i aria-hidden=\"true\" class=\"fas fa-phone-alt\"><\/i>\t\t\t<\/span>\n\t\t\t\t\t\t\t\t\t<span class=\"elementor-button-text\">+49 40 4 480 410<\/span>\n\t\t\t\t\t<\/span>\n\t\t\t\t\t<\/a>\n\t\t\t\t<\/div>\n\t\t\t\t\t\t\t\t<\/div>\n\t\t\t\t<\/div>\n\t\t\t\t<div class=\"elementor-element elementor-element-9df0010 elementor-align-center elementor-widget elementor-widget-button\" data-id=\"9df0010\" data-element_type=\"widget\" data-e-type=\"widget\" data-widget_type=\"button.default\">\n\t\t\t\t<div class=\"elementor-widget-container\">\n\t\t\t\t\t\t\t\t\t<div class=\"elementor-button-wrapper\">\n\t\t\t\t\t<a class=\"elementor-button elementor-size-sm\" role=\"button\">\n\t\t\t\t\t\t<span class=\"elementor-button-content-wrapper\">\n\t\t\t\t\t\t<span class=\"elementor-button-icon\">\n\t\t\t\t<i aria-hidden=\"true\" class=\"fas fa-fax\"><\/i>\t\t\t<\/span>\n\t\t\t\t\t\t\t\t\t<span class=\"elementor-button-text\">+49 40 4 10 77 23 <br> (FAX)<\/span>\n\t\t\t\t\t<\/span>\n\t\t\t\t\t<\/a>\n\t\t\t\t<\/div>\n\t\t\t\t\t\t\t\t<\/div>\n\t\t\t\t<\/div>\n\t\t\t\t\t<\/div>\n\t\t<\/div>\n\t\t\t\t\t<\/div>\n\t\t<\/section>\n\t\t\t\t\t<\/div>\n\t\t<\/div>\n\t\t\t\t\t<\/div>\n\t\t<\/section>\n\t\t\t\t<section class=\"elementor-section elementor-top-section elementor-element elementor-element-6ab0b3e elementor-section-boxed elementor-section-height-default elementor-section-height-default\" data-id=\"6ab0b3e\" data-element_type=\"section\" data-e-type=\"section\">\n\t\t\t\t\t\t<div class=\"elementor-container elementor-column-gap-default\">\n\t\t\t\t\t<div class=\"elementor-column elementor-col-100 elementor-top-column elementor-element elementor-element-213fad5\" data-id=\"213fad5\" data-element_type=\"column\" data-e-type=\"column\">\n\t\t\t<div class=\"elementor-widget-wrap\">\n\t\t\t\t\t\t\t<\/div>\n\t\t<\/div>\n\t\t\t\t\t<\/div>\n\t\t<\/section>\n\t\t\t\t<\/div>","protected":false},"excerpt":{"rendered":"<p>Le R\u00e9seau mondial des villes apprenantes de l'UNESCO (GNLC) est un r\u00e9seau international ax\u00e9 sur les politiques qui fournit de l'inspiration et diffuse le savoir-faire et les meilleures pratiques. Coordonn\u00e9 par l'Institut de l'UNESCO pour l'apprentissage tout au long de la vie (UIL), l'un des huit instituts et centres \u00e9ducatifs de l'UNESCO, il est actif dans plus de deux cents villes et plus de soixante ... <\/p>","protected":false},"author":1,"featured_media":15236,"parent":0,"menu_order":0,"comment_status":"closed","ping_status":"closed","template":"","meta":{"_monsterinsights_skip_tracking":false,"_monsterinsights_sitenote_active":false,"_monsterinsights_sitenote_note":"","_monsterinsights_sitenote_category":0,"footnotes":""},"class_list":["post-16149","page","type-page","status-publish","has-post-thumbnail","hentry"],"yoast_head":"<!-- This site is optimized with the Yoast SEO plugin v27.3 - https:\/\/yoast.com\/product\/yoast-seo-wordpress\/ -->\n<title>UNESCO Global Network of Learning Cities - Global Cities Hub<\/title>\n<meta name=\"description\" content=\"GNLC currently has 229 member cities. Partners and the Secretariat of GNLC also make essential contributions to the network.\" \/>\n<meta name=\"robots\" content=\"index, follow, max-snippet:-1, max-image-preview:large, max-video-preview:-1\" \/>\n<link rel=\"canonical\" href=\"https:\/\/globalcitieshub.org\/fr\/unesco-global-network-of-learning-cities\/\" \/>\n<meta property=\"og:locale\" content=\"fr_FR\" \/>\n<meta property=\"og:type\" content=\"article\" \/>\n<meta property=\"og:title\" content=\"UNESCO Global Network of Learning Cities - Global Cities Hub\" \/>\n<meta property=\"og:description\" content=\"GNLC currently has 229 member cities. Partners and the Secretariat of GNLC also make essential contributions to the network.\" \/>\n<meta property=\"og:url\" content=\"https:\/\/globalcitieshub.org\/fr\/unesco-global-network-of-learning-cities\/\" \/>\n<meta property=\"og:site_name\" content=\"Global Cities Hub\" \/>\n<meta property=\"article:modified_time\" content=\"2026-02-18T09:19:33+00:00\" \/>\n<meta property=\"og:image\" content=\"https:\/\/globalcitieshub.org\/wp-content\/uploads\/2022\/02\/UNESCO-GLOBAL-NETWORK-OF-LEARNING-CITIES-1.png\" \/>\n\t<meta property=\"og:image:width\" content=\"1600\" \/>\n\t<meta property=\"og:image:height\" content=\"900\" \/>\n\t<meta property=\"og:image:type\" content=\"image\/png\" \/>\n<meta name=\"twitter:card\" content=\"summary_large_image\" \/>\n<meta name=\"twitter:site\" content=\"@genevacitieshub\" \/>\n<meta name=\"twitter:label1\" content=\"Dur\u00e9e de lecture estim\u00e9e\" \/>\n\t<meta name=\"twitter:data1\" content=\"2 minutes\" \/>\n<script type=\"application\/ld+json\" class=\"yoast-schema-graph\">{\"@context\":\"https:\\\/\\\/schema.org\",\"@graph\":[{\"@type\":\"WebPage\",\"@id\":\"https:\\\/\\\/globalcitieshub.org\\\/fr\\\/unesco-global-network-of-learning-cities\\\/\",\"url\":\"https:\\\/\\\/globalcitieshub.org\\\/fr\\\/unesco-global-network-of-learning-cities\\\/\",\"name\":\"UNESCO Global Network of Learning Cities - Global Cities Hub\",\"isPartOf\":{\"@id\":\"https:\\\/\\\/globalcitieshub.org\\\/fr\\\/#website\"},\"primaryImageOfPage\":{\"@id\":\"https:\\\/\\\/globalcitieshub.org\\\/fr\\\/unesco-global-network-of-learning-cities\\\/#primaryimage\"},\"image\":{\"@id\":\"https:\\\/\\\/globalcitieshub.org\\\/fr\\\/unesco-global-network-of-learning-cities\\\/#primaryimage\"},\"thumbnailUrl\":\"https:\\\/\\\/globalcitieshub.org\\\/wp-content\\\/uploads\\\/2022\\\/02\\\/UNESCO-GLOBAL-NETWORK-OF-LEARNING-CITIES-1.png\",\"datePublished\":\"2022-03-11T13:21:51+00:00\",\"dateModified\":\"2026-02-18T09:19:33+00:00\",\"description\":\"GNLC currently has 229 member cities. Partners and the Secretariat of GNLC also make essential contributions to the network.\",\"inLanguage\":\"fr-FR\",\"potentialAction\":[{\"@type\":\"ReadAction\",\"target\":[\"https:\\\/\\\/globalcitieshub.org\\\/fr\\\/unesco-global-network-of-learning-cities\\\/\"]}]},{\"@type\":\"ImageObject\",\"inLanguage\":\"fr-FR\",\"@id\":\"https:\\\/\\\/globalcitieshub.org\\\/fr\\\/unesco-global-network-of-learning-cities\\\/#primaryimage\",\"url\":\"https:\\\/\\\/globalcitieshub.org\\\/wp-content\\\/uploads\\\/2022\\\/02\\\/UNESCO-GLOBAL-NETWORK-OF-LEARNING-CITIES-1.png\",\"contentUrl\":\"https:\\\/\\\/globalcitieshub.org\\\/wp-content\\\/uploads\\\/2022\\\/02\\\/UNESCO-GLOBAL-NETWORK-OF-LEARNING-CITIES-1.png\",\"width\":1600,\"height\":900},{\"@type\":\"WebSite\",\"@id\":\"https:\\\/\\\/globalcitieshub.org\\\/fr\\\/#website\",\"url\":\"https:\\\/\\\/globalcitieshub.org\\\/fr\\\/\",\"name\":\"Global Cities Hub\",\"description\":\"Connecting local and regional governments to the United Nations and other  international organizations\",\"publisher\":{\"@id\":\"https:\\\/\\\/globalcitieshub.org\\\/fr\\\/#organization\"},\"potentialAction\":[{\"@type\":\"SearchAction\",\"target\":{\"@type\":\"EntryPoint\",\"urlTemplate\":\"https:\\\/\\\/globalcitieshub.org\\\/fr\\\/?s={search_term_string}\"},\"query-input\":{\"@type\":\"PropertyValueSpecification\",\"valueRequired\":true,\"valueName\":\"search_term_string\"}}],\"inLanguage\":\"fr-FR\"},{\"@type\":\"Organization\",\"@id\":\"https:\\\/\\\/globalcitieshub.org\\\/fr\\\/#organization\",\"name\":\"Global Cities Hub\",\"url\":\"https:\\\/\\\/globalcitieshub.org\\\/fr\\\/\",\"logo\":{\"@type\":\"ImageObject\",\"inLanguage\":\"fr-FR\",\"@id\":\"https:\\\/\\\/globalcitieshub.org\\\/fr\\\/#\\\/schema\\\/logo\\\/image\\\/\",\"url\":\"https:\\\/\\\/globalcitieshub.org\\\/wp-content\\\/uploads\\\/2023\\\/09\\\/230829_Logo_Global_Cities_Hub_Couleur_fond-blanc_RVB.png\",\"contentUrl\":\"https:\\\/\\\/globalcitieshub.org\\\/wp-content\\\/uploads\\\/2023\\\/09\\\/230829_Logo_Global_Cities_Hub_Couleur_fond-blanc_RVB.png\",\"width\":2544,\"height\":1446,\"caption\":\"Global Cities Hub\"},\"image\":{\"@id\":\"https:\\\/\\\/globalcitieshub.org\\\/fr\\\/#\\\/schema\\\/logo\\\/image\\\/\"},\"sameAs\":[\"https:\\\/\\\/x.com\\\/genevacitieshub\"]}]}<\/script>\n<!-- \/ Yoast SEO plugin. -->","yoast_head_json":{"title":"R\u00e9seau mondial des villes \u00e9ducatives de l'UNESCO - Global Cities Hub","description":"La GNLC compte actuellement 229 villes membres. Les partenaires et le secr\u00e9tariat de la GNLC apportent \u00e9galement une contribution essentielle au r\u00e9seau.","robots":{"index":"index","follow":"follow","max-snippet":"max-snippet:-1","max-image-preview":"max-image-preview:large","max-video-preview":"max-video-preview:-1"},"canonical":"https:\/\/globalcitieshub.org\/fr\/unesco-global-network-of-learning-cities\/","og_locale":"fr_FR","og_type":"article","og_title":"UNESCO Global Network of Learning Cities - Global Cities Hub","og_description":"GNLC currently has 229 member cities. Partners and the Secretariat of GNLC also make essential contributions to the network.","og_url":"https:\/\/globalcitieshub.org\/fr\/unesco-global-network-of-learning-cities\/","og_site_name":"Global Cities Hub","article_modified_time":"2026-02-18T09:19:33+00:00","og_image":[{"width":1600,"height":900,"url":"https:\/\/globalcitieshub.org\/wp-content\/uploads\/2022\/02\/UNESCO-GLOBAL-NETWORK-OF-LEARNING-CITIES-1.png","type":"image\/png"}],"twitter_card":"summary_large_image","twitter_site":"@genevacitieshub","twitter_misc":{"Dur\u00e9e de lecture estim\u00e9e":"2 minutes"},"schema":{"@context":"https:\/\/schema.org","@graph":[{"@type":"WebPage","@id":"https:\/\/globalcitieshub.org\/fr\/unesco-global-network-of-learning-cities\/","url":"https:\/\/globalcitieshub.org\/fr\/unesco-global-network-of-learning-cities\/","name":"R\u00e9seau mondial des villes \u00e9ducatives de l'UNESCO - Global Cities Hub","isPartOf":{"@id":"https:\/\/globalcitieshub.org\/fr\/#website"},"primaryImageOfPage":{"@id":"https:\/\/globalcitieshub.org\/fr\/unesco-global-network-of-learning-cities\/#primaryimage"},"image":{"@id":"https:\/\/globalcitieshub.org\/fr\/unesco-global-network-of-learning-cities\/#primaryimage"},"thumbnailUrl":"https:\/\/globalcitieshub.org\/wp-content\/uploads\/2022\/02\/UNESCO-GLOBAL-NETWORK-OF-LEARNING-CITIES-1.png","datePublished":"2022-03-11T13:21:51+00:00","dateModified":"2026-02-18T09:19:33+00:00","description":"La GNLC compte actuellement 229 villes membres. Les partenaires et le secr\u00e9tariat de la GNLC apportent \u00e9galement une contribution essentielle au r\u00e9seau.","inLanguage":"fr-FR","potentialAction":[{"@type":"ReadAction","target":["https:\/\/globalcitieshub.org\/fr\/unesco-global-network-of-learning-cities\/"]}]},{"@type":"ImageObject","inLanguage":"fr-FR","@id":"https:\/\/globalcitieshub.org\/fr\/unesco-global-network-of-learning-cities\/#primaryimage","url":"https:\/\/globalcitieshub.org\/wp-content\/uploads\/2022\/02\/UNESCO-GLOBAL-NETWORK-OF-LEARNING-CITIES-1.png","contentUrl":"https:\/\/globalcitieshub.org\/wp-content\/uploads\/2022\/02\/UNESCO-GLOBAL-NETWORK-OF-LEARNING-CITIES-1.png","width":1600,"height":900},{"@type":"WebSite","@id":"https:\/\/globalcitieshub.org\/fr\/#website","url":"https:\/\/globalcitieshub.org\/fr\/","name":"Global Cities Hub","description":"Relier les gouvernements locaux et r\u00e9gionaux aux Nations unies et \u00e0 d'autres organisations internationales","publisher":{"@id":"https:\/\/globalcitieshub.org\/fr\/#organization"},"potentialAction":[{"@type":"SearchAction","target":{"@type":"EntryPoint","urlTemplate":"https:\/\/globalcitieshub.org\/fr\/?s={search_term_string}"},"query-input":{"@type":"PropertyValueSpecification","valueRequired":true,"valueName":"search_term_string"}}],"inLanguage":"fr-FR"},{"@type":"Organization","@id":"https:\/\/globalcitieshub.org\/fr\/#organization","name":"Global Cities Hub","url":"https:\/\/globalcitieshub.org\/fr\/","logo":{"@type":"ImageObject","inLanguage":"fr-FR","@id":"https:\/\/globalcitieshub.org\/fr\/#\/schema\/logo\/image\/","url":"https:\/\/globalcitieshub.org\/wp-content\/uploads\/2023\/09\/230829_Logo_Global_Cities_Hub_Couleur_fond-blanc_RVB.png","contentUrl":"https:\/\/globalcitieshub.org\/wp-content\/uploads\/2023\/09\/230829_Logo_Global_Cities_Hub_Couleur_fond-blanc_RVB.png","width":2544,"height":1446,"caption":"Global Cities Hub"},"image":{"@id":"https:\/\/globalcitieshub.org\/fr\/#\/schema\/logo\/image\/"},"sameAs":["https:\/\/x.com\/genevacitieshub"]}]}},"_links":{"self":[{"href":"https:\/\/globalcitieshub.org\/fr\/wp-json\/wp\/v2\/pages\/16149","targetHints":{"allow":["GET"]}}],"collection":[{"href":"https:\/\/globalcitieshub.org\/fr\/wp-json\/wp\/v2\/pages"}],"about":[{"href":"https:\/\/globalcitieshub.org\/fr\/wp-json\/wp\/v2\/types\/page"}],"author":[{"embeddable":true,"href":"https:\/\/globalcitieshub.org\/fr\/wp-json\/wp\/v2\/users\/1"}],"replies":[{"embeddable":true,"href":"https:\/\/globalcitieshub.org\/fr\/wp-json\/wp\/v2\/comments?post=16149"}],"version-history":[{"count":32,"href":"https:\/\/globalcitieshub.org\/fr\/wp-json\/wp\/v2\/pages\/16149\/revisions"}],"predecessor-version":[{"id":27208,"href":"https:\/\/globalcitieshub.org\/fr\/wp-json\/wp\/v2\/pages\/16149\/revisions\/27208"}],"wp:featuredmedia":[{"embeddable":true,"href":"https:\/\/globalcitieshub.org\/fr\/wp-json\/wp\/v2\/media\/15236"}],"wp:attachment":[{"href":"https:\/\/globalcitieshub.org\/fr\/wp-json\/wp\/v2\/media?parent=16149"}],"curies":[{"name":"wp","href":"https:\/\/api.w.org\/{rel}","templated":true}]}}