{"id":16118,"date":"2022-03-11T11:59:32","date_gmt":"2022-03-11T10:59:32","guid":{"rendered":"https:\/\/www.genevacitieshub.org\/?page_id=16118"},"modified":"2026-02-18T10:17:21","modified_gmt":"2026-02-18T09:17:21","slug":"unesco-creative-cities-network","status":"publish","type":"page","link":"https:\/\/globalcitieshub.org\/fr\/unesco-creative-cities-network\/","title":{"rendered":"R\u00e9seau des villes cr\u00e9atives de l'UNESCO"},"content":{"rendered":"<div data-elementor-type=\"wp-page\" data-elementor-id=\"16118\" class=\"elementor elementor-16118\">\n\t\t\t\t\t\t<section class=\"elementor-section elementor-top-section elementor-element elementor-element-018ed50 elementor-section-boxed elementor-section-height-default elementor-section-height-default\" data-id=\"018ed50\" data-element_type=\"section\" data-e-type=\"section\">\n\t\t\t\t\t\t<div class=\"elementor-container elementor-column-gap-default\">\n\t\t\t\t\t<div class=\"elementor-column elementor-col-100 elementor-top-column elementor-element elementor-element-61fa17d\" data-id=\"61fa17d\" data-element_type=\"column\" data-e-type=\"column\">\n\t\t\t<div class=\"elementor-widget-wrap elementor-element-populated\">\n\t\t\t\t\t\t<div class=\"elementor-element elementor-element-4af8c85 elementor-widget elementor-widget-text-editor\" data-id=\"4af8c85\" data-element_type=\"widget\" data-e-type=\"widget\" data-widget_type=\"text-editor.default\">\n\t\t\t\t<div class=\"elementor-widget-container\">\n\t\t\t\t\t\t\t\t\t<h4><span style=\"color: #000000;\"><strong>L'UCCN est le programme phare des villes de l'UNESCO, cr\u00e9\u00e9 en 2004. Ses membres comprennent 246 villes de plus de quatre-vingts \u00c9tats membres. L'UCCN rassemble des villes qui ont identifi\u00e9 la culture et la cr\u00e9ativit\u00e9 comme des agents strat\u00e9giques pour construire les villes durables de demain, contribuant ainsi \u00e0 la r\u00e9alisation des ODD.<\/strong><\/span><\/h4>\t\t\t\t\t\t\t\t<\/div>\n\t\t\t\t<\/div>\n\t\t\t\t<div class=\"elementor-element elementor-element-cefa0bf elementor-widget elementor-widget-text-editor\" data-id=\"cefa0bf\" data-element_type=\"widget\" data-e-type=\"widget\" data-widget_type=\"text-editor.default\">\n\t\t\t\t<div class=\"elementor-widget-container\">\n\t\t\t\t\t\t\t\t\t<p>L'UCCN rassemble des villes qui reconnaissent que la culture et la cr\u00e9ativit\u00e9 favorisent leur d\u00e9veloppement durable. Les villes mettent en commun leurs ressources et leurs connaissances afin de soutenir les objectifs \u00e9nonc\u00e9s dans la d\u00e9claration de mission du r\u00e9seau. Le r\u00e9seau couvre sept domaines cr\u00e9atifs : l'artisanat et l'art populaire, le design, le cin\u00e9ma, la gastronomie, la litt\u00e9rature, les arts m\u00e9diatiques et la musique, et encourage la collaboration intersectorielle entre les diff\u00e9rents domaines cr\u00e9atifs. L'UCCN soutient la diversit\u00e9 culturelle, pour les membres de toutes les r\u00e9gions et de tous les milieux d\u00e9mographiques, \u00e9conomiques, sociaux, culturels et environnementaux.<\/p><p>Les zones urbaines sont des laboratoires de premier plan pour l'\u00e9laboration de nouvelles strat\u00e9gies, politiques et initiatives visant \u00e0 faire de la culture et de la cr\u00e9ativit\u00e9 un moteur du d\u00e9veloppement durable.<\/p><p>La nature multiforme du d\u00e9veloppement durable souligne la n\u00e9cessit\u00e9 de renforcer sa dimension locale et de d\u00e9velopper des approches innovantes et transversales. Le dynamisme des villes repr\u00e9sente une ressource majeure pour le d\u00e9veloppement durable.\u00a0<\/p>\t\t\t\t\t\t\t\t<\/div>\n\t\t\t\t<\/div>\n\t\t\t\t<div class=\"elementor-element elementor-element-de6ce95 elementor-widget elementor-widget-spacer\" data-id=\"de6ce95\" data-element_type=\"widget\" data-e-type=\"widget\" data-widget_type=\"spacer.default\">\n\t\t\t\t<div class=\"elementor-widget-container\">\n\t\t\t\t\t\t\t<div class=\"elementor-spacer\">\n\t\t\t<div class=\"elementor-spacer-inner\"><\/div>\n\t\t<\/div>\n\t\t\t\t\t\t<\/div>\n\t\t\t\t<\/div>\n\t\t\t\t<div class=\"elementor-element elementor-element-2220e98 elementor-widget elementor-widget-text-editor\" data-id=\"2220e98\" data-element_type=\"widget\" data-e-type=\"widget\" data-widget_type=\"text-editor.default\">\n\t\t\t\t<div class=\"elementor-widget-container\">\n\t\t\t\t\t\t\t\t\t<blockquote><p><span style=\"color: #000000;\">\"La culture et la cr\u00e9ativit\u00e9 sont des \u00e9l\u00e9ments constitutifs de l'avenir des villes et, au milieu de la crise sanitaire, le secteur a prouv\u00e9 son importance, offrant une opportunit\u00e9 de fa\u00e7onner un meilleur avenir pour les villes. Les villes cr\u00e9atives sont des partenaires cl\u00e9s de l'UNESCO pour la mise en \u0153uvre locale de l'Agenda 2030 de l'ONU en encourageant les villes \u00e0 utiliser l'innovation, les nouvelles technologies et la cr\u00e9ativit\u00e9 pour un d\u00e9veloppement urbain durable. L'UCCN fait \u00e9galement partie de la Plateforme des villes de l'UNESCO, un recueil de huit programmes de l'UNESCO d\u00e9di\u00e9s aux villes, dont l'approche intersectorielle cr\u00e9e des synergies entre les diff\u00e9rentes dimensions urbaines.\"<\/span><\/p><\/blockquote>\t\t\t\t\t\t\t\t<\/div>\n\t\t\t\t<\/div>\n\t\t\t\t<div class=\"elementor-element elementor-element-ce5dca7 elementor-widget elementor-widget-spacer\" data-id=\"ce5dca7\" data-element_type=\"widget\" data-e-type=\"widget\" data-widget_type=\"spacer.default\">\n\t\t\t\t<div class=\"elementor-widget-container\">\n\t\t\t\t\t\t\t<div class=\"elementor-spacer\">\n\t\t\t<div class=\"elementor-spacer-inner\"><\/div>\n\t\t<\/div>\n\t\t\t\t\t\t<\/div>\n\t\t\t\t<\/div>\n\t\t\t\t<div class=\"elementor-element elementor-element-cd4bbe8 elementor-widget elementor-widget-text-editor\" data-id=\"cd4bbe8\" data-element_type=\"widget\" data-e-type=\"widget\" data-widget_type=\"text-editor.default\">\n\t\t\t\t<div class=\"elementor-widget-container\">\n\t\t\t\t\t\t\t\t\t<h4><span style=\"color: #000000;\"><strong>VISION<\/strong><\/span><\/h4><p>\u00a0<\/p><p>Renforcer le d\u00e9veloppement urbain aliment\u00e9 par la culture est au c\u0153ur de la mission de l'UCCN. La culture a le pouvoir de transformer les soci\u00e9t\u00e9s, de renforcer les communaut\u00e9s locales, de forger un sentiment d'identit\u00e9 et d'appartenance, et d'accro\u00eetre l'attractivit\u00e9 des villes. La crise sanitaire actuelle a mis en \u00e9vidence la contribution de la culture au bien-\u00eatre collectif. Elle a \u00e9galement soulign\u00e9 l'importance de la dimension locale dans toutes les questions et solutions de d\u00e9veloppement.<\/p><p>Les villes cr\u00e9atives int\u00e8grent le potentiel transformateur de la culture et de la cr\u00e9ativit\u00e9 dans leurs processus de d\u00e9veloppement.<\/p><p>\u00a0<\/p>\t\t\t\t\t\t\t\t<\/div>\n\t\t\t\t<\/div>\n\t\t\t\t<div class=\"elementor-element elementor-element-63dca46 elementor-widget elementor-widget-text-editor\" data-id=\"63dca46\" data-element_type=\"widget\" data-e-type=\"widget\" data-widget_type=\"text-editor.default\">\n\t\t\t\t<div class=\"elementor-widget-container\">\n\t\t\t\t\t\t\t\t\t<h4><span style=\"color: #000000;\"><strong>OBJECTIFS PRINCIPAUX<\/strong><\/span><\/h4><p>\u00a0<\/p><p>Les villes membres de l'UCCN travaillent ensemble \u00e0 une mission commune : placer la culture et la cr\u00e9ativit\u00e9 au c\u0153ur de leurs plans de d\u00e9veloppement urbain afin de cr\u00e9er un environnement urbain s\u00fbr, r\u00e9silient, inclusif, durable et \u00e0 l'\u00e9preuve du temps pour tous, conform\u00e9ment \u00e0 l'Agenda 2030 des Nations unies pour le d\u00e9veloppement durable, notamment l'objectif 11 sur les villes.<\/p><p>En tant que laboratoires d'id\u00e9es et de pratiques innovantes, l'UCCN apporte une contribution tangible \u00e0 la r\u00e9alisation des objectifs de d\u00e9veloppement durable gr\u00e2ce \u00e0 l'\u00e9laboration de politiques ax\u00e9es sur les personnes et \u00e0 des projets et initiatives ax\u00e9s sur le lieu. Le r\u00e9seau promeut le r\u00f4le central des villes dans le d\u00e9veloppement durable, en soulignant l'importance de la dimension locale.<\/p><p>L'UCCN vise \u00e0 stimuler et \u00e0 am\u00e9liorer l'acc\u00e8s et la participation \u00e0 la vie culturelle et la jouissance des biens et services culturels, notamment pour les groupes marginalis\u00e9s ou vuln\u00e9rables, ainsi que pour les jeunes et les femmes.<\/p><p>\u00a0<\/p>\t\t\t\t\t\t\t\t<\/div>\n\t\t\t\t<\/div>\n\t\t\t\t<div class=\"elementor-element elementor-element-2ed8964 elementor-widget elementor-widget-text-editor\" data-id=\"2ed8964\" data-element_type=\"widget\" data-e-type=\"widget\" data-widget_type=\"text-editor.default\">\n\t\t\t\t<div class=\"elementor-widget-container\">\n\t\t\t\t\t\t\t\t\t<h4><span style=\"color: #000000;\"><strong>PROJETS CL\u00c9S<\/strong><\/span><\/h4><p>\u00a0<\/p><p><b>Nouveaux membres.<\/b> L'appel \u00e0 candidatures de l'UCCN 2021 a \u00e9t\u00e9 lanc\u00e9 en mars et a \u00e9t\u00e9 cl\u00f4tur\u00e9 en juin 2021. Les candidatures sont en cours d'\u00e9valuation et les nouvelles villes membres seront d\u00e9sign\u00e9es vers la fin de l'ann\u00e9e.<\/p><p><b>La r\u00e9ponse globale de l'UNESCO \u00e0 la pand\u00e9mie.<\/b> Le secr\u00e9tariat de l'UCCN \u00e9labore actuellement sa deuxi\u00e8me publication, qui diffusera les r\u00e9ponses et les mesures de r\u00e9tablissement des villes cr\u00e9atives face \u00e0 la pand\u00e9mie, fond\u00e9es sur la culture et la cr\u00e9ativit\u00e9. Suite de la publication de 2020, la deuxi\u00e8me \u00e9dition se concentrera sur le r\u00e9tablissement \u00e0 long terme des villes apr\u00e8s la pand\u00e9mie.<\/p><p><b>La XIVe conf\u00e9rence annuelle de l'UCCN s'est tenue \u00e0 Santos, au Br\u00e9sil, en mars 2022.<\/b> La conf\u00e9rence a offert une occasion unique de renforcer les liens entre les villes membres, mais a \u00e9galement servi de plateforme d'\u00e9change et de collaboration par le biais de projets et d'initiatives culturels et cr\u00e9atifs. Un forum des maires a \u00e9t\u00e9 organis\u00e9 comme point fort de la conf\u00e9rence.<\/p><p><b>Journ\u00e9e mondiale des villes.<\/b> L'UCCN a contribu\u00e9 \u00e0 la c\u00e9l\u00e9bration par l'UNESCO de la Journ\u00e9e mondiale des villes 2021, le 31 octobre 2021.<\/p>\t\t\t\t\t\t\t\t<\/div>\n\t\t\t\t<\/div>\n\t\t\t\t<div class=\"elementor-element elementor-element-d743f44 elementor-widget elementor-widget-spacer\" data-id=\"d743f44\" data-element_type=\"widget\" data-e-type=\"widget\" data-widget_type=\"spacer.default\">\n\t\t\t\t<div class=\"elementor-widget-container\">\n\t\t\t\t\t\t\t<div class=\"elementor-spacer\">\n\t\t\t<div class=\"elementor-spacer-inner\"><\/div>\n\t\t<\/div>\n\t\t\t\t\t\t<\/div>\n\t\t\t\t<\/div>\n\t\t\t\t<div class=\"elementor-element elementor-element-22f9b31 elementor-widget elementor-widget-text-editor\" data-id=\"22f9b31\" data-element_type=\"widget\" data-e-type=\"widget\" data-widget_type=\"text-editor.default\">\n\t\t\t\t<div class=\"elementor-widget-container\">\n\t\t\t\t\t\t\t\t\t<h4><strong><span style=\"color: #000000;\">INFORMATIONS DE CONTACT<\/span><\/strong><\/h4>\t\t\t\t\t\t\t\t<\/div>\n\t\t\t\t<\/div>\n\t\t\t\t\t<\/div>\n\t\t<\/div>\n\t\t\t\t\t<\/div>\n\t\t<\/section>\n\t\t\t\t<section class=\"elementor-section elementor-top-section elementor-element elementor-element-d00adaa elementor-section-boxed elementor-section-height-default elementor-section-height-default\" data-id=\"d00adaa\" data-element_type=\"section\" data-e-type=\"section\">\n\t\t\t\t\t\t<div class=\"elementor-container elementor-column-gap-default\">\n\t\t\t\t\t<div class=\"elementor-column elementor-col-33 elementor-top-column elementor-element elementor-element-ce21697\" data-id=\"ce21697\" data-element_type=\"column\" data-e-type=\"column\">\n\t\t\t<div class=\"elementor-widget-wrap elementor-element-populated\">\n\t\t\t\t\t\t<div class=\"elementor-element elementor-element-cd7876b elementor-align-center elementor-widget elementor-widget-button\" data-id=\"cd7876b\" data-element_type=\"widget\" data-e-type=\"widget\" data-widget_type=\"button.default\">\n\t\t\t\t<div class=\"elementor-widget-container\">\n\t\t\t\t\t\t\t\t\t<div class=\"elementor-button-wrapper\">\n\t\t\t\t\t<a class=\"elementor-button elementor-button-link elementor-size-sm\" href=\"https:\/\/en.unesco.org\/creative-cities\/\" target=\"_blank\">\n\t\t\t\t\t\t<span class=\"elementor-button-content-wrapper\">\n\t\t\t\t\t\t\t\t\t<span class=\"elementor-button-text\">Site du r\u00e9seau des villes cr\u00e9atives de l'UNESCO<\/span>\n\t\t\t\t\t<\/span>\n\t\t\t\t\t<\/a>\n\t\t\t\t<\/div>\n\t\t\t\t\t\t\t\t<\/div>\n\t\t\t\t<\/div>\n\t\t\t\t\t<\/div>\n\t\t<\/div>\n\t\t\t\t<div class=\"elementor-column elementor-col-33 elementor-top-column elementor-element elementor-element-3e001d0\" data-id=\"3e001d0\" data-element_type=\"column\" data-e-type=\"column\">\n\t\t\t<div class=\"elementor-widget-wrap elementor-element-populated\">\n\t\t\t\t\t\t<div class=\"elementor-element elementor-element-2bea315 elementor-align-center elementor-widget elementor-widget-button\" data-id=\"2bea315\" data-element_type=\"widget\" data-e-type=\"widget\" data-widget_type=\"button.default\">\n\t\t\t\t<div class=\"elementor-widget-container\">\n\t\t\t\t\t\t\t\t\t<div class=\"elementor-button-wrapper\">\n\t\t\t\t\t<a class=\"elementor-button elementor-button-link elementor-size-sm\" href=\"mailto:D.Bax@unesco.org\">\n\t\t\t\t\t\t<span class=\"elementor-button-content-wrapper\">\n\t\t\t\t\t\t<span class=\"elementor-button-icon\">\n\t\t\t\t<i aria-hidden=\"true\" class=\"far fa-user\"><\/i>\t\t\t<\/span>\n\t\t\t\t\t\t\t\t\t<span class=\"elementor-button-text\">MS. DENISE BAX <br>Chef - Unit\u00e9 Communication, Villes &amp; Ev\u00e9nements, Secteur de la Culture, UNESCO<\/span>\n\t\t\t\t\t<\/span>\n\t\t\t\t\t<\/a>\n\t\t\t\t<\/div>\n\t\t\t\t\t\t\t\t<\/div>\n\t\t\t\t<\/div>\n\t\t\t\t\t<\/div>\n\t\t<\/div>\n\t\t\t\t<div class=\"elementor-column elementor-col-33 elementor-top-column elementor-element elementor-element-bc71f81\" data-id=\"bc71f81\" data-element_type=\"column\" data-e-type=\"column\">\n\t\t\t<div class=\"elementor-widget-wrap elementor-element-populated\">\n\t\t\t\t\t\t<div class=\"elementor-element elementor-element-1bcf1e3 elementor-align-center elementor-widget elementor-widget-button\" data-id=\"1bcf1e3\" data-element_type=\"widget\" data-e-type=\"widget\" data-widget_type=\"button.default\">\n\t\t\t\t<div class=\"elementor-widget-container\">\n\t\t\t\t\t\t\t\t\t<div class=\"elementor-button-wrapper\">\n\t\t\t\t\t<a class=\"elementor-button elementor-button-link elementor-size-sm\" href=\"mailto:creativecities@unesco.org\">\n\t\t\t\t\t\t<span class=\"elementor-button-content-wrapper\">\n\t\t\t\t\t\t\t\t\t<span class=\"elementor-button-text\">Contact<\/span>\n\t\t\t\t\t<\/span>\n\t\t\t\t\t<\/a>\n\t\t\t\t<\/div>\n\t\t\t\t\t\t\t\t<\/div>\n\t\t\t\t<\/div>\n\t\t\t\t<div class=\"elementor-element elementor-element-b0eea8b elementor-align-center elementor-widget elementor-widget-button\" data-id=\"b0eea8b\" data-element_type=\"widget\" data-e-type=\"widget\" data-widget_type=\"button.default\">\n\t\t\t\t<div class=\"elementor-widget-container\">\n\t\t\t\t\t\t\t\t\t<div class=\"elementor-button-wrapper\">\n\t\t\t\t\t<a class=\"elementor-button elementor-size-sm\" role=\"button\">\n\t\t\t\t\t\t<span class=\"elementor-button-content-wrapper\">\n\t\t\t\t\t\t<span class=\"elementor-button-icon\">\n\t\t\t\t<i aria-hidden=\"true\" class=\"fas fa-phone-alt\"><\/i>\t\t\t<\/span>\n\t\t\t\t\t\t\t\t\t<span class=\"elementor-button-text\">+33 1 456 818 85<\/span>\n\t\t\t\t\t<\/span>\n\t\t\t\t\t<\/a>\n\t\t\t\t<\/div>\n\t\t\t\t\t\t\t\t<\/div>\n\t\t\t\t<\/div>\n\t\t\t\t\t<\/div>\n\t\t<\/div>\n\t\t\t\t\t<\/div>\n\t\t<\/section>\n\t\t\t\t<\/div>","protected":false},"excerpt":{"rendered":"<p>L'UCCN est le programme phare de l'UNESCO pour les villes, \u00e9tabli en 2004. Il compte parmi ses membres 246 villes de plus de quatre-vingts \u00c9tats membres. L'UCCN rassemble des villes qui ont identifi\u00e9 la culture et la cr\u00e9ativit\u00e9 comme des agents strat\u00e9giques dans la construction des villes durables de demain, contribuant \u00e0 la r\u00e9alisation des ODD. L'UCCN rassemble des villes qui reconnaissent que ... <\/p>","protected":false},"author":1,"featured_media":15235,"parent":0,"menu_order":0,"comment_status":"closed","ping_status":"closed","template":"","meta":{"_monsterinsights_skip_tracking":false,"_monsterinsights_sitenote_active":false,"_monsterinsights_sitenote_note":"","_monsterinsights_sitenote_category":0,"footnotes":""},"class_list":["post-16118","page","type-page","status-publish","has-post-thumbnail","hentry"],"yoast_head":"<!-- This site is optimized with the Yoast SEO plugin v27.5 - https:\/\/yoast.com\/product\/yoast-seo-wordpress\/ -->\n<title>UNESCO Creative Cities Network - Global Cities Hub<\/title>\n<meta name=\"description\" content=\"The UCCN is UNESCO\u2019s flagship city programme, established in 2004. Its members include 246 cities from more than eighty member States.\" \/>\n<meta name=\"robots\" content=\"index, follow, max-snippet:-1, max-image-preview:large, max-video-preview:-1\" \/>\n<link rel=\"canonical\" href=\"https:\/\/globalcitieshub.org\/fr\/unesco-creative-cities-network\/\" \/>\n<meta property=\"og:locale\" content=\"fr_FR\" \/>\n<meta property=\"og:type\" content=\"article\" \/>\n<meta property=\"og:title\" content=\"UNESCO Creative Cities Network - Global Cities Hub\" \/>\n<meta property=\"og:description\" content=\"The UCCN is UNESCO\u2019s flagship city programme, established in 2004. Its members include 246 cities from more than eighty member States.\" \/>\n<meta property=\"og:url\" content=\"https:\/\/globalcitieshub.org\/fr\/unesco-creative-cities-network\/\" \/>\n<meta property=\"og:site_name\" content=\"Global Cities Hub\" \/>\n<meta property=\"article:modified_time\" content=\"2026-02-18T09:17:21+00:00\" \/>\n<meta property=\"og:image\" content=\"https:\/\/globalcitieshub.org\/wp-content\/uploads\/2022\/02\/UNESCO-CREATIVE-CITIES-NETWORK-1.png\" \/>\n\t<meta property=\"og:image:width\" content=\"1600\" \/>\n\t<meta property=\"og:image:height\" content=\"900\" \/>\n\t<meta property=\"og:image:type\" content=\"image\/png\" \/>\n<meta name=\"twitter:card\" content=\"summary_large_image\" \/>\n<meta name=\"twitter:site\" content=\"@genevacitieshub\" \/>\n<meta name=\"twitter:label1\" content=\"Dur\u00e9e de lecture estim\u00e9e\" \/>\n\t<meta name=\"twitter:data1\" content=\"3 minutes\" \/>\n<script type=\"application\/ld+json\" class=\"yoast-schema-graph\">{\"@context\":\"https:\\\/\\\/schema.org\",\"@graph\":[{\"@type\":\"WebPage\",\"@id\":\"https:\\\/\\\/globalcitieshub.org\\\/fr\\\/unesco-creative-cities-network\\\/\",\"url\":\"https:\\\/\\\/globalcitieshub.org\\\/fr\\\/unesco-creative-cities-network\\\/\",\"name\":\"UNESCO Creative Cities Network - Global Cities Hub\",\"isPartOf\":{\"@id\":\"https:\\\/\\\/globalcitieshub.org\\\/fr\\\/#website\"},\"primaryImageOfPage\":{\"@id\":\"https:\\\/\\\/globalcitieshub.org\\\/fr\\\/unesco-creative-cities-network\\\/#primaryimage\"},\"image\":{\"@id\":\"https:\\\/\\\/globalcitieshub.org\\\/fr\\\/unesco-creative-cities-network\\\/#primaryimage\"},\"thumbnailUrl\":\"https:\\\/\\\/globalcitieshub.org\\\/wp-content\\\/uploads\\\/2022\\\/02\\\/UNESCO-CREATIVE-CITIES-NETWORK-1.png\",\"datePublished\":\"2022-03-11T10:59:32+00:00\",\"dateModified\":\"2026-02-18T09:17:21+00:00\",\"description\":\"The UCCN is UNESCO\u2019s flagship city programme, established in 2004. Its members include 246 cities from more than eighty member States.\",\"inLanguage\":\"fr-FR\",\"potentialAction\":[{\"@type\":\"ReadAction\",\"target\":[\"https:\\\/\\\/globalcitieshub.org\\\/fr\\\/unesco-creative-cities-network\\\/\"]}]},{\"@type\":\"ImageObject\",\"inLanguage\":\"fr-FR\",\"@id\":\"https:\\\/\\\/globalcitieshub.org\\\/fr\\\/unesco-creative-cities-network\\\/#primaryimage\",\"url\":\"https:\\\/\\\/globalcitieshub.org\\\/wp-content\\\/uploads\\\/2022\\\/02\\\/UNESCO-CREATIVE-CITIES-NETWORK-1.png\",\"contentUrl\":\"https:\\\/\\\/globalcitieshub.org\\\/wp-content\\\/uploads\\\/2022\\\/02\\\/UNESCO-CREATIVE-CITIES-NETWORK-1.png\",\"width\":1600,\"height\":900},{\"@type\":\"WebSite\",\"@id\":\"https:\\\/\\\/globalcitieshub.org\\\/fr\\\/#website\",\"url\":\"https:\\\/\\\/globalcitieshub.org\\\/fr\\\/\",\"name\":\"Global Cities Hub\",\"description\":\"Connecting local and regional governments to the United Nations and other  international organizations\",\"publisher\":{\"@id\":\"https:\\\/\\\/globalcitieshub.org\\\/fr\\\/#organization\"},\"potentialAction\":[{\"@type\":\"SearchAction\",\"target\":{\"@type\":\"EntryPoint\",\"urlTemplate\":\"https:\\\/\\\/globalcitieshub.org\\\/fr\\\/?s={search_term_string}\"},\"query-input\":{\"@type\":\"PropertyValueSpecification\",\"valueRequired\":true,\"valueName\":\"search_term_string\"}}],\"inLanguage\":\"fr-FR\"},{\"@type\":\"Organization\",\"@id\":\"https:\\\/\\\/globalcitieshub.org\\\/fr\\\/#organization\",\"name\":\"Global Cities Hub\",\"url\":\"https:\\\/\\\/globalcitieshub.org\\\/fr\\\/\",\"logo\":{\"@type\":\"ImageObject\",\"inLanguage\":\"fr-FR\",\"@id\":\"https:\\\/\\\/globalcitieshub.org\\\/fr\\\/#\\\/schema\\\/logo\\\/image\\\/\",\"url\":\"https:\\\/\\\/globalcitieshub.org\\\/wp-content\\\/uploads\\\/2023\\\/09\\\/230829_Logo_Global_Cities_Hub_Couleur_fond-blanc_RVB.png\",\"contentUrl\":\"https:\\\/\\\/globalcitieshub.org\\\/wp-content\\\/uploads\\\/2023\\\/09\\\/230829_Logo_Global_Cities_Hub_Couleur_fond-blanc_RVB.png\",\"width\":2544,\"height\":1446,\"caption\":\"Global Cities Hub\"},\"image\":{\"@id\":\"https:\\\/\\\/globalcitieshub.org\\\/fr\\\/#\\\/schema\\\/logo\\\/image\\\/\"},\"sameAs\":[\"https:\\\/\\\/x.com\\\/genevacitieshub\"]}]}<\/script>\n<!-- \/ Yoast SEO plugin. -->","yoast_head_json":{"title":"R\u00e9seau des villes cr\u00e9atives de l'UNESCO - Global Cities Hub","description":"L'UCCN est le programme phare de l'UNESCO pour les villes, \u00e9tabli en 2004. Il compte 246 villes de plus de quatre-vingts \u00c9tats membres.","robots":{"index":"index","follow":"follow","max-snippet":"max-snippet:-1","max-image-preview":"max-image-preview:large","max-video-preview":"max-video-preview:-1"},"canonical":"https:\/\/globalcitieshub.org\/fr\/unesco-creative-cities-network\/","og_locale":"fr_FR","og_type":"article","og_title":"UNESCO Creative Cities Network - Global Cities Hub","og_description":"The UCCN is UNESCO\u2019s flagship city programme, established in 2004. Its members include 246 cities from more than eighty member States.","og_url":"https:\/\/globalcitieshub.org\/fr\/unesco-creative-cities-network\/","og_site_name":"Global Cities Hub","article_modified_time":"2026-02-18T09:17:21+00:00","og_image":[{"width":1600,"height":900,"url":"https:\/\/globalcitieshub.org\/wp-content\/uploads\/2022\/02\/UNESCO-CREATIVE-CITIES-NETWORK-1.png","type":"image\/png"}],"twitter_card":"summary_large_image","twitter_site":"@genevacitieshub","twitter_misc":{"Dur\u00e9e de lecture estim\u00e9e":"3 minutes"},"schema":{"@context":"https:\/\/schema.org","@graph":[{"@type":"WebPage","@id":"https:\/\/globalcitieshub.org\/fr\/unesco-creative-cities-network\/","url":"https:\/\/globalcitieshub.org\/fr\/unesco-creative-cities-network\/","name":"R\u00e9seau des villes cr\u00e9atives de l'UNESCO - Global Cities Hub","isPartOf":{"@id":"https:\/\/globalcitieshub.org\/fr\/#website"},"primaryImageOfPage":{"@id":"https:\/\/globalcitieshub.org\/fr\/unesco-creative-cities-network\/#primaryimage"},"image":{"@id":"https:\/\/globalcitieshub.org\/fr\/unesco-creative-cities-network\/#primaryimage"},"thumbnailUrl":"https:\/\/globalcitieshub.org\/wp-content\/uploads\/2022\/02\/UNESCO-CREATIVE-CITIES-NETWORK-1.png","datePublished":"2022-03-11T10:59:32+00:00","dateModified":"2026-02-18T09:17:21+00:00","description":"L'UCCN est le programme phare de l'UNESCO pour les villes, \u00e9tabli en 2004. Il compte 246 villes de plus de quatre-vingts \u00c9tats membres.","inLanguage":"fr-FR","potentialAction":[{"@type":"ReadAction","target":["https:\/\/globalcitieshub.org\/fr\/unesco-creative-cities-network\/"]}]},{"@type":"ImageObject","inLanguage":"fr-FR","@id":"https:\/\/globalcitieshub.org\/fr\/unesco-creative-cities-network\/#primaryimage","url":"https:\/\/globalcitieshub.org\/wp-content\/uploads\/2022\/02\/UNESCO-CREATIVE-CITIES-NETWORK-1.png","contentUrl":"https:\/\/globalcitieshub.org\/wp-content\/uploads\/2022\/02\/UNESCO-CREATIVE-CITIES-NETWORK-1.png","width":1600,"height":900},{"@type":"WebSite","@id":"https:\/\/globalcitieshub.org\/fr\/#website","url":"https:\/\/globalcitieshub.org\/fr\/","name":"Global Cities Hub","description":"Relier les gouvernements locaux et r\u00e9gionaux aux Nations unies et \u00e0 d'autres organisations internationales","publisher":{"@id":"https:\/\/globalcitieshub.org\/fr\/#organization"},"potentialAction":[{"@type":"SearchAction","target":{"@type":"EntryPoint","urlTemplate":"https:\/\/globalcitieshub.org\/fr\/?s={search_term_string}"},"query-input":{"@type":"PropertyValueSpecification","valueRequired":true,"valueName":"search_term_string"}}],"inLanguage":"fr-FR"},{"@type":"Organization","@id":"https:\/\/globalcitieshub.org\/fr\/#organization","name":"Global Cities Hub","url":"https:\/\/globalcitieshub.org\/fr\/","logo":{"@type":"ImageObject","inLanguage":"fr-FR","@id":"https:\/\/globalcitieshub.org\/fr\/#\/schema\/logo\/image\/","url":"https:\/\/globalcitieshub.org\/wp-content\/uploads\/2023\/09\/230829_Logo_Global_Cities_Hub_Couleur_fond-blanc_RVB.png","contentUrl":"https:\/\/globalcitieshub.org\/wp-content\/uploads\/2023\/09\/230829_Logo_Global_Cities_Hub_Couleur_fond-blanc_RVB.png","width":2544,"height":1446,"caption":"Global Cities Hub"},"image":{"@id":"https:\/\/globalcitieshub.org\/fr\/#\/schema\/logo\/image\/"},"sameAs":["https:\/\/x.com\/genevacitieshub"]}]}},"_links":{"self":[{"href":"https:\/\/globalcitieshub.org\/fr\/wp-json\/wp\/v2\/pages\/16118","targetHints":{"allow":["GET"]}}],"collection":[{"href":"https:\/\/globalcitieshub.org\/fr\/wp-json\/wp\/v2\/pages"}],"about":[{"href":"https:\/\/globalcitieshub.org\/fr\/wp-json\/wp\/v2\/types\/page"}],"author":[{"embeddable":true,"href":"https:\/\/globalcitieshub.org\/fr\/wp-json\/wp\/v2\/users\/1"}],"replies":[{"embeddable":true,"href":"https:\/\/globalcitieshub.org\/fr\/wp-json\/wp\/v2\/comments?post=16118"}],"version-history":[{"count":38,"href":"https:\/\/globalcitieshub.org\/fr\/wp-json\/wp\/v2\/pages\/16118\/revisions"}],"predecessor-version":[{"id":27205,"href":"https:\/\/globalcitieshub.org\/fr\/wp-json\/wp\/v2\/pages\/16118\/revisions\/27205"}],"wp:featuredmedia":[{"embeddable":true,"href":"https:\/\/globalcitieshub.org\/fr\/wp-json\/wp\/v2\/media\/15235"}],"wp:attachment":[{"href":"https:\/\/globalcitieshub.org\/fr\/wp-json\/wp\/v2\/media?parent=16118"}],"curies":[{"name":"wp","href":"https:\/\/api.w.org\/{rel}","templated":true}]}}