{"id":16055,"date":"2022-03-10T15:27:56","date_gmt":"2022-03-10T14:27:56","guid":{"rendered":"https:\/\/www.genevacitieshub.org\/?page_id=16055"},"modified":"2026-02-18T10:08:58","modified_gmt":"2026-02-18T09:08:58","slug":"rainbow-cities-network","status":"publish","type":"page","link":"https:\/\/globalcitieshub.org\/fr\/rainbow-cities-network\/","title":{"rendered":"R\u00e9seau des villes arc-en-ciel"},"content":{"rendered":"<div data-elementor-type=\"wp-page\" data-elementor-id=\"16055\" class=\"elementor elementor-16055\">\n\t\t\t\t\t\t<section class=\"elementor-section elementor-top-section elementor-element elementor-element-e007d06 elementor-section-boxed elementor-section-height-default elementor-section-height-default\" data-id=\"e007d06\" data-element_type=\"section\" data-e-type=\"section\">\n\t\t\t\t\t\t<div class=\"elementor-container elementor-column-gap-default\">\n\t\t\t\t\t<div class=\"elementor-column elementor-col-100 elementor-top-column elementor-element elementor-element-a84c56f\" data-id=\"a84c56f\" data-element_type=\"column\" data-e-type=\"column\">\n\t\t\t<div class=\"elementor-widget-wrap elementor-element-populated\">\n\t\t\t\t\t\t<div class=\"elementor-element elementor-element-4eda360 elementor-widget elementor-widget-text-editor\" data-id=\"4eda360\" data-element_type=\"widget\" data-e-type=\"widget\" data-widget_type=\"text-editor.default\">\n\t\t\t\t<div class=\"elementor-widget-container\">\n\t\t\t\t\t\t\t\t\t<h4><span style=\"color: #000000;\"><b>Les autorit\u00e9s municipales et r\u00e9gionales ont une responsabilit\u00e9 importante et sp\u00e9cifique dans la lutte contre la discrimination \u00e0 l'\u00e9gard des personnes lesbiennes, gays, bisexuelles, transgenres, intersexuelles et queer (LGBTI), car la discrimination se produit souvent dans leur environnement imm\u00e9diat. Cependant, la plupart des administrations locales n'abordent pas cette question de mani\u00e8re explicite. Rainbow Cities est l'exception.<\/b><\/span><\/h4>\t\t\t\t\t\t\t\t<\/div>\n\t\t\t\t<\/div>\n\t\t\t\t<div class=\"elementor-element elementor-element-1235f16 elementor-widget elementor-widget-text-editor\" data-id=\"1235f16\" data-element_type=\"widget\" data-e-type=\"widget\" data-widget_type=\"text-editor.default\">\n\t\t\t\t<div class=\"elementor-widget-container\">\n\t\t\t\t\t\t\t\t\t<p>Les membres de ce r\u00e9seau consid\u00e8rent qu'ils ont la responsabilit\u00e9 de prot\u00e9ger et de soutenir leurs citoyens LGBQTI. Ils \u00e9changent des informations sur les bonnes pratiques, les interventions et les initiatives afin d'accro\u00eetre l'impact des approches locales, de d\u00e9penser efficacement les budgets et de parvenir \u00e0 une plus grande inclusion sociale. Le Rainbow Cities Network est une ONG.<\/p>\t\t\t\t\t\t\t\t<\/div>\n\t\t\t\t<\/div>\n\t\t\t\t<div class=\"elementor-element elementor-element-2e5caf9 elementor-widget elementor-widget-spacer\" data-id=\"2e5caf9\" data-element_type=\"widget\" data-e-type=\"widget\" data-widget_type=\"spacer.default\">\n\t\t\t\t<div class=\"elementor-widget-container\">\n\t\t\t\t\t\t\t<div class=\"elementor-spacer\">\n\t\t\t<div class=\"elementor-spacer-inner\"><\/div>\n\t\t<\/div>\n\t\t\t\t\t\t<\/div>\n\t\t\t\t<\/div>\n\t\t\t\t<div class=\"elementor-element elementor-element-419a380 elementor-widget elementor-widget-text-editor\" data-id=\"419a380\" data-element_type=\"widget\" data-e-type=\"widget\" data-widget_type=\"text-editor.default\">\n\t\t\t\t<div class=\"elementor-widget-container\">\n\t\t\t\t\t\t\t\t\t<blockquote><p><span style=\"color: #000000;\">Les membres du RCN sont repr\u00e9sent\u00e9s par des membres du personnel, et non par des politiciens ou des ONG, mais ils travaillent en \u00e9troite collaboration avec ces deux groupes. Gr\u00e2ce \u00e0 cette structure organisationnelle, le r\u00e9seau cherche \u00e0 garantir que tant ses politiques que leur mise en \u0153uvre sont durables et engag\u00e9es. Les membres du RCN sont diversifi\u00e9s : certains ont beaucoup d'exp\u00e9rience, d'autres sont encore en train d'apprendre de leurs pairs plus exp\u00e9riment\u00e9s, certains membres plus \u00e2g\u00e9s et plus grands apprennent des capacit\u00e9s d'innovation de leurs pairs plus petits. Le Rainbow Cities Network a fait ses preuves en mati\u00e8re d'innovation dans la cr\u00e9ation de politiques LGBTQI.<\/span><\/p><\/blockquote>\t\t\t\t\t\t\t\t<\/div>\n\t\t\t\t<\/div>\n\t\t\t\t<div class=\"elementor-element elementor-element-3ea882d elementor-widget elementor-widget-spacer\" data-id=\"3ea882d\" data-element_type=\"widget\" data-e-type=\"widget\" data-widget_type=\"spacer.default\">\n\t\t\t\t<div class=\"elementor-widget-container\">\n\t\t\t\t\t\t\t<div class=\"elementor-spacer\">\n\t\t\t<div class=\"elementor-spacer-inner\"><\/div>\n\t\t<\/div>\n\t\t\t\t\t\t<\/div>\n\t\t\t\t<\/div>\n\t\t\t\t<div class=\"elementor-element elementor-element-a9fe032 elementor-widget elementor-widget-text-editor\" data-id=\"a9fe032\" data-element_type=\"widget\" data-e-type=\"widget\" data-widget_type=\"text-editor.default\">\n\t\t\t\t<div class=\"elementor-widget-container\">\n\t\t\t\t\t\t\t\t\t<h4><span style=\"color: #000000;\"><strong>VISION<\/strong><\/span><\/h4><p>\u00a0<\/p><p>Malgr\u00e9 les progr\u00e8s des droits LGBTI en Europe, ces droits fondamentaux sont encore fragiles et en p\u00e9ril. Ces deux derni\u00e8res ann\u00e9es, nous avons constat\u00e9 des reculs dans notre r\u00e9gion. C'est pourquoi notre organisation vise \u00e0 devenir l'organisation de r\u00e9f\u00e9rence pour les autres municipalit\u00e9s et villes : nous voulons les aider \u00e0 d\u00e9velopper des politiques r\u00e9ellement inclusives et contribuer \u00e0 l'objectif de cr\u00e9er des villes durables et vivables pour tous.<\/p><p>\u00a0<\/p>\t\t\t\t\t\t\t\t<\/div>\n\t\t\t\t<\/div>\n\t\t\t\t<div class=\"elementor-element elementor-element-b26824c elementor-widget elementor-widget-text-editor\" data-id=\"b26824c\" data-element_type=\"widget\" data-e-type=\"widget\" data-widget_type=\"text-editor.default\">\n\t\t\t\t<div class=\"elementor-widget-container\">\n\t\t\t\t\t\t\t\t\t<h4><span style=\"color: #000000;\"><strong>OBJECTIFS PRINCIPAUX<\/strong><\/span><\/h4><p>\u00a0<\/p><p>- \u00c9changer des exp\u00e9riences sur les politiques locales et les le\u00e7ons apprises sur les questions LGBTI. Collaborer sur des questions sp\u00e9cifiques, par le biais de projets et d'autres moyens.\u00a0<\/p><p>- Echanger les bonnes pratiques et les initiatives locales en mati\u00e8re d'orientation sexuelle et d'identit\u00e9 de genre. Se tenir au courant des d\u00e9veloppements internationaux en mati\u00e8re de politique LGBTI.\u00a0<\/p><p>- \u00c9tablir des liens et collaborer avec les r\u00e9seaux et organisations internationaux au fur et \u00e0 mesure de leur \u00e9volution.<\/p><p>\u00a0<\/p>\t\t\t\t\t\t\t\t<\/div>\n\t\t\t\t<\/div>\n\t\t\t\t<div class=\"elementor-element elementor-element-f91694b elementor-widget elementor-widget-text-editor\" data-id=\"f91694b\" data-element_type=\"widget\" data-e-type=\"widget\" data-widget_type=\"text-editor.default\">\n\t\t\t\t<div class=\"elementor-widget-container\">\n\t\t\t\t\t\t\t\t\t<h4><span style=\"color: #000000;\"><strong>PROJETS CL\u00c9S<\/strong><\/span><\/h4><p>\u00a0<\/p><p><b>\u00a0<\/b><\/p><p><b>Lignes directrices sur la politique LGBTI pour les gouvernements locaux. <\/b>Financ\u00e9 par la Commission europ\u00e9enne, ce projet encourage une citoyennet\u00e9 active dans la compr\u00e9hension de la richesse des citoyens LGBTI et contribue \u00e0 la visibilit\u00e9, au respect et \u00e0 la tol\u00e9rance de la minorit\u00e9 LGBTI. Il souligne \u00e9galement l'impact positif des communaut\u00e9s LGBTI dans notre soci\u00e9t\u00e9 europ\u00e9enne.<\/p><p><b>R\u00e9union annuelle.<\/b> Lors de la r\u00e9union annuelle, les membres se retrouvent pour discuter, d\u00e9battre et am\u00e9liorer les politiques LGBTI de leurs villes.<\/p><p><b>Exposition annuelle de photos IDAHOBIT.<\/b> Dans le cadre d'un projet commun, le r\u00e9seau organise chaque ann\u00e9e le 17 mai une exposition \u00e0 l'occasion de la Journ\u00e9e internationale contre l'homophobie, la biphobie et la transphobie (IDAHOBIT). Chaque membre est invit\u00e9 \u00e0 fournir une photographie de sa ville sur un th\u00e8me choisi. Les membres peuvent imprimer les photographies ou afficher l'exposition en ligne.\u00a0<\/p>\t\t\t\t\t\t\t\t<\/div>\n\t\t\t\t<\/div>\n\t\t\t\t<div class=\"elementor-element elementor-element-4c507d6 elementor-widget elementor-widget-spacer\" data-id=\"4c507d6\" data-element_type=\"widget\" data-e-type=\"widget\" data-widget_type=\"spacer.default\">\n\t\t\t\t<div class=\"elementor-widget-container\">\n\t\t\t\t\t\t\t<div class=\"elementor-spacer\">\n\t\t\t<div class=\"elementor-spacer-inner\"><\/div>\n\t\t<\/div>\n\t\t\t\t\t\t<\/div>\n\t\t\t\t<\/div>\n\t\t\t\t<div class=\"elementor-element elementor-element-c5c0209 elementor-widget elementor-widget-text-editor\" data-id=\"c5c0209\" data-element_type=\"widget\" data-e-type=\"widget\" data-widget_type=\"text-editor.default\">\n\t\t\t\t<div class=\"elementor-widget-container\">\n\t\t\t\t\t\t\t\t\t<h4><strong><span style=\"color: #000000;\">INFORMATIONS DE CONTACT<\/span><\/strong><\/h4>\t\t\t\t\t\t\t\t<\/div>\n\t\t\t\t<\/div>\n\t\t\t\t<section class=\"elementor-section elementor-inner-section elementor-element elementor-element-ce48e78 elementor-section-boxed elementor-section-height-default elementor-section-height-default\" data-id=\"ce48e78\" data-element_type=\"section\" data-e-type=\"section\">\n\t\t\t\t\t\t<div class=\"elementor-container elementor-column-gap-default\">\n\t\t\t\t\t<div class=\"elementor-column elementor-col-33 elementor-inner-column elementor-element elementor-element-fcc773b\" data-id=\"fcc773b\" data-element_type=\"column\" data-e-type=\"column\">\n\t\t\t<div class=\"elementor-widget-wrap elementor-element-populated\">\n\t\t\t\t\t\t<div class=\"elementor-element elementor-element-3c7ba37 elementor-align-center elementor-widget elementor-widget-button\" data-id=\"3c7ba37\" data-element_type=\"widget\" data-e-type=\"widget\" data-widget_type=\"button.default\">\n\t\t\t\t<div class=\"elementor-widget-container\">\n\t\t\t\t\t\t\t\t\t<div class=\"elementor-button-wrapper\">\n\t\t\t\t\t<a class=\"elementor-button elementor-button-link elementor-size-sm\" href=\"http:\/\/www.rainbowcities.com\/\" target=\"_blank\">\n\t\t\t\t\t\t<span class=\"elementor-button-content-wrapper\">\n\t\t\t\t\t\t\t\t\t<span class=\"elementor-button-text\">Site web du r\u00e9seau des villes arc-en-ciel<\/span>\n\t\t\t\t\t<\/span>\n\t\t\t\t\t<\/a>\n\t\t\t\t<\/div>\n\t\t\t\t\t\t\t\t<\/div>\n\t\t\t\t<\/div>\n\t\t\t\t\t<\/div>\n\t\t<\/div>\n\t\t\t\t<div class=\"elementor-column elementor-col-33 elementor-inner-column elementor-element elementor-element-6688329\" data-id=\"6688329\" data-element_type=\"column\" data-e-type=\"column\">\n\t\t\t<div class=\"elementor-widget-wrap elementor-element-populated\">\n\t\t\t\t\t\t<div class=\"elementor-element elementor-element-4787e64 elementor-align-center elementor-widget elementor-widget-button\" data-id=\"4787e64\" data-element_type=\"widget\" data-e-type=\"widget\" data-widget_type=\"button.default\">\n\t\t\t\t<div class=\"elementor-widget-container\">\n\t\t\t\t\t\t\t\t\t<div class=\"elementor-button-wrapper\">\n\t\t\t\t\t<a class=\"elementor-button elementor-size-sm\" role=\"button\">\n\t\t\t\t\t\t<span class=\"elementor-button-content-wrapper\">\n\t\t\t\t\t\t<span class=\"elementor-button-icon\">\n\t\t\t\t<i aria-hidden=\"true\" class=\"far fa-user\"><\/i>\t\t\t<\/span>\n\t\t\t\t\t\t\t\t\t<span class=\"elementor-button-text\">MR. MANUEL ROSAS V\u00c1ZQUEZ <br> Coordinateur<\/span>\n\t\t\t\t\t<\/span>\n\t\t\t\t\t<\/a>\n\t\t\t\t<\/div>\n\t\t\t\t\t\t\t\t<\/div>\n\t\t\t\t<\/div>\n\t\t\t\t\t<\/div>\n\t\t<\/div>\n\t\t\t\t<div class=\"elementor-column elementor-col-33 elementor-inner-column elementor-element elementor-element-79179e9\" data-id=\"79179e9\" data-element_type=\"column\" data-e-type=\"column\">\n\t\t\t<div class=\"elementor-widget-wrap elementor-element-populated\">\n\t\t\t\t\t\t<div class=\"elementor-element elementor-element-cff2231 elementor-align-center elementor-widget elementor-widget-button\" data-id=\"cff2231\" data-element_type=\"widget\" data-e-type=\"widget\" data-widget_type=\"button.default\">\n\t\t\t\t<div class=\"elementor-widget-container\">\n\t\t\t\t\t\t\t\t\t<div class=\"elementor-button-wrapper\">\n\t\t\t\t\t<a class=\"elementor-button elementor-button-link elementor-size-sm\" href=\"mailto:coordination_rainbowcities@q-nn.de\" target=\"_blank\">\n\t\t\t\t\t\t<span class=\"elementor-button-content-wrapper\">\n\t\t\t\t\t\t\t\t\t<span class=\"elementor-button-text\">Contact<\/span>\n\t\t\t\t\t<\/span>\n\t\t\t\t\t<\/a>\n\t\t\t\t<\/div>\n\t\t\t\t\t\t\t\t<\/div>\n\t\t\t\t<\/div>\n\t\t\t\t<div class=\"elementor-element elementor-element-1331311 elementor-align-center elementor-widget elementor-widget-button\" data-id=\"1331311\" data-element_type=\"widget\" data-e-type=\"widget\" data-widget_type=\"button.default\">\n\t\t\t\t<div class=\"elementor-widget-container\">\n\t\t\t\t\t\t\t\t\t<div class=\"elementor-button-wrapper\">\n\t\t\t\t\t<a class=\"elementor-button elementor-size-sm\" role=\"button\">\n\t\t\t\t\t\t<span class=\"elementor-button-content-wrapper\">\n\t\t\t\t\t\t<span class=\"elementor-button-icon\">\n\t\t\t\t<i aria-hidden=\"true\" class=\"fas fa-phone-alt\"><\/i>\t\t\t<\/span>\n\t\t\t\t\t\t\t\t\t<span class=\"elementor-button-text\">+49 176 61 41 66 02<\/span>\n\t\t\t\t\t<\/span>\n\t\t\t\t\t<\/a>\n\t\t\t\t<\/div>\n\t\t\t\t\t\t\t\t<\/div>\n\t\t\t\t<\/div>\n\t\t\t\t\t<\/div>\n\t\t<\/div>\n\t\t\t\t\t<\/div>\n\t\t<\/section>\n\t\t\t\t\t<\/div>\n\t\t<\/div>\n\t\t\t\t\t<\/div>\n\t\t<\/section>\n\t\t\t\t<\/div>","protected":false},"excerpt":{"rendered":"<p>Les autorit\u00e9s municipales et r\u00e9gionales ont une responsabilit\u00e9 importante et sp\u00e9cifique dans la lutte contre la discrimination \u00e0 l'\u00e9gard des lesbiennes, gays, bisexuels, transgenres, intersexuels et queers (LGBTI), car la discrimination se produit souvent dans leur environnement imm\u00e9diat. La plupart des administrations locales n'abordent cependant pas cette question de mani\u00e8re explicite. Les villes arc-en-ciel constituent une exception. Les membres de ce r\u00e9seau consid\u00e8rent qu'ils ont une responsabilit\u00e9 ... <\/p>","protected":false},"author":1,"featured_media":15233,"parent":0,"menu_order":0,"comment_status":"closed","ping_status":"closed","template":"","meta":{"_monsterinsights_skip_tracking":false,"_monsterinsights_sitenote_active":false,"_monsterinsights_sitenote_note":"","_monsterinsights_sitenote_category":0,"footnotes":""},"class_list":["post-16055","page","type-page","status-publish","has-post-thumbnail","hentry"],"yoast_head":"<!-- This site is optimized with the Yoast SEO plugin v27.5 - https:\/\/yoast.com\/product\/yoast-seo-wordpress\/ -->\n<title>Rainbow Cities Network - Global Cities Hub<\/title>\n<meta name=\"description\" content=\"Most local administrations do not address discrimination against LGBTI people, Rainbow Cities is the exception.\" \/>\n<meta name=\"robots\" content=\"index, follow, max-snippet:-1, max-image-preview:large, max-video-preview:-1\" \/>\n<link rel=\"canonical\" href=\"https:\/\/globalcitieshub.org\/fr\/rainbow-cities-network\/\" \/>\n<meta property=\"og:locale\" content=\"fr_FR\" \/>\n<meta property=\"og:type\" content=\"article\" \/>\n<meta property=\"og:title\" content=\"Rainbow Cities Network - Global Cities Hub\" \/>\n<meta property=\"og:description\" content=\"Most local administrations do not address discrimination against LGBTI people, Rainbow Cities is the exception.\" \/>\n<meta property=\"og:url\" content=\"https:\/\/globalcitieshub.org\/fr\/rainbow-cities-network\/\" \/>\n<meta property=\"og:site_name\" content=\"Global Cities Hub\" \/>\n<meta property=\"article:modified_time\" content=\"2026-02-18T09:08:58+00:00\" \/>\n<meta property=\"og:image\" content=\"https:\/\/globalcitieshub.org\/wp-content\/uploads\/2022\/02\/RAINBOW-CITIES-NETWORK-1.png\" \/>\n\t<meta property=\"og:image:width\" content=\"1600\" \/>\n\t<meta property=\"og:image:height\" content=\"900\" \/>\n\t<meta property=\"og:image:type\" content=\"image\/png\" \/>\n<meta name=\"twitter:card\" content=\"summary_large_image\" \/>\n<meta name=\"twitter:site\" content=\"@genevacitieshub\" \/>\n<meta name=\"twitter:label1\" content=\"Dur\u00e9e de lecture estim\u00e9e\" \/>\n\t<meta name=\"twitter:data1\" content=\"2 minutes\" \/>\n<script type=\"application\/ld+json\" class=\"yoast-schema-graph\">{\"@context\":\"https:\\\/\\\/schema.org\",\"@graph\":[{\"@type\":\"WebPage\",\"@id\":\"https:\\\/\\\/globalcitieshub.org\\\/fr\\\/rainbow-cities-network\\\/\",\"url\":\"https:\\\/\\\/globalcitieshub.org\\\/fr\\\/rainbow-cities-network\\\/\",\"name\":\"Rainbow Cities Network - Global Cities Hub\",\"isPartOf\":{\"@id\":\"https:\\\/\\\/globalcitieshub.org\\\/fr\\\/#website\"},\"primaryImageOfPage\":{\"@id\":\"https:\\\/\\\/globalcitieshub.org\\\/fr\\\/rainbow-cities-network\\\/#primaryimage\"},\"image\":{\"@id\":\"https:\\\/\\\/globalcitieshub.org\\\/fr\\\/rainbow-cities-network\\\/#primaryimage\"},\"thumbnailUrl\":\"https:\\\/\\\/globalcitieshub.org\\\/wp-content\\\/uploads\\\/2022\\\/02\\\/RAINBOW-CITIES-NETWORK-1.png\",\"datePublished\":\"2022-03-10T14:27:56+00:00\",\"dateModified\":\"2026-02-18T09:08:58+00:00\",\"description\":\"Most local administrations do not address discrimination against LGBTI people, Rainbow Cities is the exception.\",\"inLanguage\":\"fr-FR\",\"potentialAction\":[{\"@type\":\"ReadAction\",\"target\":[\"https:\\\/\\\/globalcitieshub.org\\\/fr\\\/rainbow-cities-network\\\/\"]}]},{\"@type\":\"ImageObject\",\"inLanguage\":\"fr-FR\",\"@id\":\"https:\\\/\\\/globalcitieshub.org\\\/fr\\\/rainbow-cities-network\\\/#primaryimage\",\"url\":\"https:\\\/\\\/globalcitieshub.org\\\/wp-content\\\/uploads\\\/2022\\\/02\\\/RAINBOW-CITIES-NETWORK-1.png\",\"contentUrl\":\"https:\\\/\\\/globalcitieshub.org\\\/wp-content\\\/uploads\\\/2022\\\/02\\\/RAINBOW-CITIES-NETWORK-1.png\",\"width\":1600,\"height\":900},{\"@type\":\"WebSite\",\"@id\":\"https:\\\/\\\/globalcitieshub.org\\\/fr\\\/#website\",\"url\":\"https:\\\/\\\/globalcitieshub.org\\\/fr\\\/\",\"name\":\"Global Cities Hub\",\"description\":\"Connecting local and regional governments to the United Nations and other  international organizations\",\"publisher\":{\"@id\":\"https:\\\/\\\/globalcitieshub.org\\\/fr\\\/#organization\"},\"potentialAction\":[{\"@type\":\"SearchAction\",\"target\":{\"@type\":\"EntryPoint\",\"urlTemplate\":\"https:\\\/\\\/globalcitieshub.org\\\/fr\\\/?s={search_term_string}\"},\"query-input\":{\"@type\":\"PropertyValueSpecification\",\"valueRequired\":true,\"valueName\":\"search_term_string\"}}],\"inLanguage\":\"fr-FR\"},{\"@type\":\"Organization\",\"@id\":\"https:\\\/\\\/globalcitieshub.org\\\/fr\\\/#organization\",\"name\":\"Global Cities Hub\",\"url\":\"https:\\\/\\\/globalcitieshub.org\\\/fr\\\/\",\"logo\":{\"@type\":\"ImageObject\",\"inLanguage\":\"fr-FR\",\"@id\":\"https:\\\/\\\/globalcitieshub.org\\\/fr\\\/#\\\/schema\\\/logo\\\/image\\\/\",\"url\":\"https:\\\/\\\/globalcitieshub.org\\\/wp-content\\\/uploads\\\/2023\\\/09\\\/230829_Logo_Global_Cities_Hub_Couleur_fond-blanc_RVB.png\",\"contentUrl\":\"https:\\\/\\\/globalcitieshub.org\\\/wp-content\\\/uploads\\\/2023\\\/09\\\/230829_Logo_Global_Cities_Hub_Couleur_fond-blanc_RVB.png\",\"width\":2544,\"height\":1446,\"caption\":\"Global Cities Hub\"},\"image\":{\"@id\":\"https:\\\/\\\/globalcitieshub.org\\\/fr\\\/#\\\/schema\\\/logo\\\/image\\\/\"},\"sameAs\":[\"https:\\\/\\\/x.com\\\/genevacitieshub\"]}]}<\/script>\n<!-- \/ Yoast SEO plugin. -->","yoast_head_json":{"title":"R\u00e9seau des villes arc-en-ciel - Global Cities Hub","description":"La plupart des administrations locales ne s'attaquent pas \u00e0 la discrimination \u00e0 l'encontre des personnes LGBTI, \u00e0 l'exception de Rainbow Cities.","robots":{"index":"index","follow":"follow","max-snippet":"max-snippet:-1","max-image-preview":"max-image-preview:large","max-video-preview":"max-video-preview:-1"},"canonical":"https:\/\/globalcitieshub.org\/fr\/rainbow-cities-network\/","og_locale":"fr_FR","og_type":"article","og_title":"Rainbow Cities Network - Global Cities Hub","og_description":"Most local administrations do not address discrimination against LGBTI people, Rainbow Cities is the exception.","og_url":"https:\/\/globalcitieshub.org\/fr\/rainbow-cities-network\/","og_site_name":"Global Cities Hub","article_modified_time":"2026-02-18T09:08:58+00:00","og_image":[{"width":1600,"height":900,"url":"https:\/\/globalcitieshub.org\/wp-content\/uploads\/2022\/02\/RAINBOW-CITIES-NETWORK-1.png","type":"image\/png"}],"twitter_card":"summary_large_image","twitter_site":"@genevacitieshub","twitter_misc":{"Dur\u00e9e de lecture estim\u00e9e":"2 minutes"},"schema":{"@context":"https:\/\/schema.org","@graph":[{"@type":"WebPage","@id":"https:\/\/globalcitieshub.org\/fr\/rainbow-cities-network\/","url":"https:\/\/globalcitieshub.org\/fr\/rainbow-cities-network\/","name":"R\u00e9seau des villes arc-en-ciel - Global Cities Hub","isPartOf":{"@id":"https:\/\/globalcitieshub.org\/fr\/#website"},"primaryImageOfPage":{"@id":"https:\/\/globalcitieshub.org\/fr\/rainbow-cities-network\/#primaryimage"},"image":{"@id":"https:\/\/globalcitieshub.org\/fr\/rainbow-cities-network\/#primaryimage"},"thumbnailUrl":"https:\/\/globalcitieshub.org\/wp-content\/uploads\/2022\/02\/RAINBOW-CITIES-NETWORK-1.png","datePublished":"2022-03-10T14:27:56+00:00","dateModified":"2026-02-18T09:08:58+00:00","description":"La plupart des administrations locales ne s'attaquent pas \u00e0 la discrimination \u00e0 l'encontre des personnes LGBTI, \u00e0 l'exception de Rainbow Cities.","inLanguage":"fr-FR","potentialAction":[{"@type":"ReadAction","target":["https:\/\/globalcitieshub.org\/fr\/rainbow-cities-network\/"]}]},{"@type":"ImageObject","inLanguage":"fr-FR","@id":"https:\/\/globalcitieshub.org\/fr\/rainbow-cities-network\/#primaryimage","url":"https:\/\/globalcitieshub.org\/wp-content\/uploads\/2022\/02\/RAINBOW-CITIES-NETWORK-1.png","contentUrl":"https:\/\/globalcitieshub.org\/wp-content\/uploads\/2022\/02\/RAINBOW-CITIES-NETWORK-1.png","width":1600,"height":900},{"@type":"WebSite","@id":"https:\/\/globalcitieshub.org\/fr\/#website","url":"https:\/\/globalcitieshub.org\/fr\/","name":"Global Cities Hub","description":"Relier les gouvernements locaux et r\u00e9gionaux aux Nations unies et \u00e0 d'autres organisations internationales","publisher":{"@id":"https:\/\/globalcitieshub.org\/fr\/#organization"},"potentialAction":[{"@type":"SearchAction","target":{"@type":"EntryPoint","urlTemplate":"https:\/\/globalcitieshub.org\/fr\/?s={search_term_string}"},"query-input":{"@type":"PropertyValueSpecification","valueRequired":true,"valueName":"search_term_string"}}],"inLanguage":"fr-FR"},{"@type":"Organization","@id":"https:\/\/globalcitieshub.org\/fr\/#organization","name":"Global Cities Hub","url":"https:\/\/globalcitieshub.org\/fr\/","logo":{"@type":"ImageObject","inLanguage":"fr-FR","@id":"https:\/\/globalcitieshub.org\/fr\/#\/schema\/logo\/image\/","url":"https:\/\/globalcitieshub.org\/wp-content\/uploads\/2023\/09\/230829_Logo_Global_Cities_Hub_Couleur_fond-blanc_RVB.png","contentUrl":"https:\/\/globalcitieshub.org\/wp-content\/uploads\/2023\/09\/230829_Logo_Global_Cities_Hub_Couleur_fond-blanc_RVB.png","width":2544,"height":1446,"caption":"Global Cities Hub"},"image":{"@id":"https:\/\/globalcitieshub.org\/fr\/#\/schema\/logo\/image\/"},"sameAs":["https:\/\/x.com\/genevacitieshub"]}]}},"_links":{"self":[{"href":"https:\/\/globalcitieshub.org\/fr\/wp-json\/wp\/v2\/pages\/16055","targetHints":{"allow":["GET"]}}],"collection":[{"href":"https:\/\/globalcitieshub.org\/fr\/wp-json\/wp\/v2\/pages"}],"about":[{"href":"https:\/\/globalcitieshub.org\/fr\/wp-json\/wp\/v2\/types\/page"}],"author":[{"embeddable":true,"href":"https:\/\/globalcitieshub.org\/fr\/wp-json\/wp\/v2\/users\/1"}],"replies":[{"embeddable":true,"href":"https:\/\/globalcitieshub.org\/fr\/wp-json\/wp\/v2\/comments?post=16055"}],"version-history":[{"count":32,"href":"https:\/\/globalcitieshub.org\/fr\/wp-json\/wp\/v2\/pages\/16055\/revisions"}],"predecessor-version":[{"id":27196,"href":"https:\/\/globalcitieshub.org\/fr\/wp-json\/wp\/v2\/pages\/16055\/revisions\/27196"}],"wp:featuredmedia":[{"embeddable":true,"href":"https:\/\/globalcitieshub.org\/fr\/wp-json\/wp\/v2\/media\/15233"}],"wp:attachment":[{"href":"https:\/\/globalcitieshub.org\/fr\/wp-json\/wp\/v2\/media?parent=16055"}],"curies":[{"name":"wp","href":"https:\/\/api.w.org\/{rel}","templated":true}]}}