{"id":16009,"date":"2022-03-10T09:40:10","date_gmt":"2022-03-10T08:40:10","guid":{"rendered":"https:\/\/www.genevacitieshub.org\/?page_id=16009"},"modified":"2026-02-18T10:00:27","modified_gmt":"2026-02-18T09:00:27","slug":"platforma","status":"publish","type":"page","link":"https:\/\/globalcitieshub.org\/fr\/platforma\/","title":{"rendered":"Plate-forme"},"content":{"rendered":"<div data-elementor-type=\"wp-page\" data-elementor-id=\"16009\" class=\"elementor elementor-16009\">\n\t\t\t\t\t\t<section class=\"elementor-section elementor-top-section elementor-element elementor-element-bc5616d elementor-section-boxed elementor-section-height-default elementor-section-height-default\" data-id=\"bc5616d\" data-element_type=\"section\" data-e-type=\"section\">\n\t\t\t\t\t\t<div class=\"elementor-container elementor-column-gap-default\">\n\t\t\t\t\t<div class=\"elementor-column elementor-col-100 elementor-top-column elementor-element elementor-element-72b6216\" data-id=\"72b6216\" data-element_type=\"column\" data-e-type=\"column\">\n\t\t\t<div class=\"elementor-widget-wrap elementor-element-populated\">\n\t\t\t\t\t\t<div class=\"elementor-element elementor-element-00698d9 elementor-widget elementor-widget-text-editor\" data-id=\"00698d9\" data-element_type=\"widget\" data-e-type=\"widget\" data-widget_type=\"text-editor.default\">\n\t\t\t\t<div class=\"elementor-widget-container\">\n\t\t\t\t\t\t\t\t\t<h4><strong><span style=\"color: #000000;\">PLATFORMA est la plus ancienne et la plus large association europ\u00e9enne de gouvernements locaux et r\u00e9gionaux. Coalition paneurop\u00e9enne de villes et de r\u00e9gions actives dans la coop\u00e9ration d\u00e9centralis\u00e9e, les 29 partenaires de PLATFORMA repr\u00e9sentent des villes et des r\u00e9gions et leurs associations nationales, ainsi que des r\u00e9seaux europ\u00e9ens et mondiaux, qui sont actifs dans la coop\u00e9ration au d\u00e9veloppement de ville \u00e0 ville et de r\u00e9gion \u00e0 r\u00e9gion. Tous les partenaires coop\u00e8rent au niveau international pour promouvoir le d\u00e9veloppement durable. Il s'agit d'un r\u00e9seau international. Le secr\u00e9tariat est h\u00e9berg\u00e9 par le Conseil des Communes et R\u00e9gions d'Europe (CCRE). <\/span><\/strong><\/h4>\t\t\t\t\t\t\t\t<\/div>\n\t\t\t\t<\/div>\n\t\t\t\t<div class=\"elementor-element elementor-element-4a060a3 elementor-widget elementor-widget-spacer\" data-id=\"4a060a3\" data-element_type=\"widget\" data-e-type=\"widget\" data-widget_type=\"spacer.default\">\n\t\t\t\t<div class=\"elementor-widget-container\">\n\t\t\t\t\t\t\t<div class=\"elementor-spacer\">\n\t\t\t<div class=\"elementor-spacer-inner\"><\/div>\n\t\t<\/div>\n\t\t\t\t\t\t<\/div>\n\t\t\t\t<\/div>\n\t\t\t\t<div class=\"elementor-element elementor-element-9d13593 elementor-widget elementor-widget-text-editor\" data-id=\"9d13593\" data-element_type=\"widget\" data-e-type=\"widget\" data-widget_type=\"text-editor.default\">\n\t\t\t\t<div class=\"elementor-widget-container\">\n\t\t\t\t\t\t\t\t\t<blockquote><p><span style=\"color: #000000;\">\"Dans le monde entier, les villes et les r\u00e9gions partagent le d\u00e9sir d'apprendre et d'\u00e9changer. Chez PLATFORMA, nous transformons ce d\u00e9sir en une force coop\u00e9rative et globale pour le d\u00e9veloppement durable. Nous croyons en un monde o\u00f9 personne et<span style=\"font-family: var( --e-global-typography-text-font-family ), Sans-serif; font-weight: var( --e-global-typography-text-font-weight ); text-align: inherit;\">\u00a0<\/span>aucun endroit n'est laiss\u00e9 pour compte, o\u00f9 les citoyens s'approprient les politiques mises en \u0153uvre dans leur ville et leur r\u00e9gion et leur font confiance. Nous nous effor\u00e7ons d'\u00eatre le centre d'expertise sur l'action internationale des collectivit\u00e9s locales et r\u00e9gionales europ\u00e9ennes, et visons \u00e0 stimuler les contributions des collectivit\u00e9s locales et r\u00e9gionales aux politiques de coop\u00e9ration au d\u00e9veloppement et aux cadres internationaux de l'UE.\"<\/span><\/p><\/blockquote><p><span style=\"color: #000000;\"><b>MARL\u00c8NE SIM\u00c9ON, DIRECTRICE DE PLATFORMA<\/b><\/span><\/p>\t\t\t\t\t\t\t\t<\/div>\n\t\t\t\t<\/div>\n\t\t\t\t<div class=\"elementor-element elementor-element-ef54bc5 elementor-widget elementor-widget-spacer\" data-id=\"ef54bc5\" data-element_type=\"widget\" data-e-type=\"widget\" data-widget_type=\"spacer.default\">\n\t\t\t\t<div class=\"elementor-widget-container\">\n\t\t\t\t\t\t\t<div class=\"elementor-spacer\">\n\t\t\t<div class=\"elementor-spacer-inner\"><\/div>\n\t\t<\/div>\n\t\t\t\t\t\t<\/div>\n\t\t\t\t<\/div>\n\t\t\t\t<div class=\"elementor-element elementor-element-0f4b4fa elementor-widget elementor-widget-text-editor\" data-id=\"0f4b4fa\" data-element_type=\"widget\" data-e-type=\"widget\" data-widget_type=\"text-editor.default\">\n\t\t\t\t<div class=\"elementor-widget-container\">\n\t\t\t\t\t\t\t\t\t<h4><span style=\"color: #000000;\"><strong>OBJECTIFS PRINCIPAUX<\/strong><\/span><\/h4><p><span style=\"color: #000000;\">\u00a0<\/span><\/p><p>Nous croyons en un monde o\u00f9 personne et aucun lieu n'est laiss\u00e9 pour compte, o\u00f9 les citoyens s'approprient les politiques mises en \u0153uvre dans leur ville et leur r\u00e9gion et ont confiance en elles. Avec nos partenaires, nous d\u00e9fendons le r\u00f4le des villes et des r\u00e9gions dans les politiques de d\u00e9veloppement de l'UE et les forums internationaux. Nous encourageons la coop\u00e9ration internationale entre les villes et les r\u00e9gions du monde entier et stimulons le renforcement des capacit\u00e9s avec nos pairs. Nous facilitons l'\u00e9change de connaissances, l'apprentissage par les pairs et l'exp\u00e9rimentation innovante par les villes et les r\u00e9gions et leurs associations.<\/p>\t\t\t\t\t\t\t\t<\/div>\n\t\t\t\t<\/div>\n\t\t\t\t<div class=\"elementor-element elementor-element-8de8d45 elementor-widget elementor-widget-spacer\" data-id=\"8de8d45\" data-element_type=\"widget\" data-e-type=\"widget\" data-widget_type=\"spacer.default\">\n\t\t\t\t<div class=\"elementor-widget-container\">\n\t\t\t\t\t\t\t<div class=\"elementor-spacer\">\n\t\t\t<div class=\"elementor-spacer-inner\"><\/div>\n\t\t<\/div>\n\t\t\t\t\t\t<\/div>\n\t\t\t\t<\/div>\n\t\t\t\t<div class=\"elementor-element elementor-element-11bde6b elementor-widget elementor-widget-text-editor\" data-id=\"11bde6b\" data-element_type=\"widget\" data-e-type=\"widget\" data-widget_type=\"text-editor.default\">\n\t\t\t\t<div class=\"elementor-widget-container\">\n\t\t\t\t\t\t\t\t\t<blockquote><p><span style=\"color: #000000;\">\"La coop\u00e9ration entre les villes et les r\u00e9gions au niveau mondial est ax\u00e9e sur le soutien de la d\u00e9mocratie locale, l'am\u00e9lioration de la vie des communaut\u00e9s locales et la r\u00e9alisation de l'Agenda 2030. Dans chaque projet, les partenaires des gouvernements locaux et r\u00e9gionaux unissent leurs forces et travaillent main dans la main avec la soci\u00e9t\u00e9 civile et toutes les autres parties prenantes pour identifier les probl\u00e8mes communs et trouver les meilleures solutions.\u00a0<\/span><\/p><p><span style=\"color: #000000;\">Parce qu'ils sont proches des citoyens et de leurs besoins, et qu'ils connaissent les forces et les faiblesses locales, les niveaux locaux et r\u00e9gionaux sont les meilleurs endroits pour relever les d\u00e9fis mondiaux d'aujourd'hui et de demain, en veillant \u00e0 ce qu'ils re\u00e7oivent la reconnaissance et le soutien appropri\u00e9s.\"<\/span><\/p><\/blockquote>\t\t\t\t\t\t\t\t<\/div>\n\t\t\t\t<\/div>\n\t\t\t\t<div class=\"elementor-element elementor-element-dc9b7a2 elementor-widget elementor-widget-spacer\" data-id=\"dc9b7a2\" data-element_type=\"widget\" data-e-type=\"widget\" data-widget_type=\"spacer.default\">\n\t\t\t\t<div class=\"elementor-widget-container\">\n\t\t\t\t\t\t\t<div class=\"elementor-spacer\">\n\t\t\t<div class=\"elementor-spacer-inner\"><\/div>\n\t\t<\/div>\n\t\t\t\t\t\t<\/div>\n\t\t\t\t<\/div>\n\t\t\t\t<div class=\"elementor-element elementor-element-4ea6e65 elementor-widget elementor-widget-text-editor\" data-id=\"4ea6e65\" data-element_type=\"widget\" data-e-type=\"widget\" data-widget_type=\"text-editor.default\">\n\t\t\t\t<div class=\"elementor-widget-container\">\n\t\t\t\t\t\t\t\t\t<h4><span style=\"color: #000000;\"><strong>PROJETS CL\u00c9S<\/strong><\/span><\/h4><p>\u00a0<\/p><p>Tous les deux ans, nous organisons les PLATFORMAwards pour r\u00e9compenser les meilleures pratiques de l'action internationale des villes et des r\u00e9gions. La troisi\u00e8me \u00e9dition aura lieu en 2022. Chaque automne, nous coordonnons les Journ\u00e9es europ\u00e9ennes de la solidarit\u00e9 locale (JESL) pour sensibiliser les citoyens \u00e0 ce que leurs municipalit\u00e9s et r\u00e9gions font au niveau mondial. Plus d'une centaine d'\u00e9v\u00e9nements ont \u00e9t\u00e9 organis\u00e9s en 2021. Avec nos partenaires des pays du Partenariat oriental, nous organisons une s\u00e9rie d'\u00e9v\u00e9nements pour renforcer la d\u00e9mocratie locale dans la r\u00e9gion et faciliter les \u00e9changes entre pairs. Nous publions \u00e9galement r\u00e9guli\u00e8rement des \u00e9tudes et des documents de recherche, notamment une \u00e9tude annuelle sur la localisation des Objectifs de d\u00e9veloppement durable (ODD).<\/p><p><br \/>Au niveau mondial, la coop\u00e9ration entre les villes et les r\u00e9gions se concentre sur le soutien de la d\u00e9mocratie locale, l'am\u00e9lioration de la vie des communaut\u00e9s locales et la r\u00e9alisation de l'Agenda 2030. Dans chaque projet, les partenaires des gouvernements locaux et r\u00e9gionaux unissent leurs forces et travaillent main dans la main avec la soci\u00e9t\u00e9 civile et toutes les autres parties prenantes pour identifier les probl\u00e8mes communs et trouver les meilleures solutions. Parce qu'elles sont proches des citoyens et de leurs besoins, et qu'elles connaissent bien les forces et les faiblesses locales, les collectivit\u00e9s locales et r\u00e9gionales sont les mieux plac\u00e9es pour relever les d\u00e9fis mondiaux d'aujourd'hui et de demain, en veillant \u00e0 ce qu'elles re\u00e7oivent la reconnaissance et le soutien appropri\u00e9s.<\/p>\t\t\t\t\t\t\t\t<\/div>\n\t\t\t\t<\/div>\n\t\t\t\t<div class=\"elementor-element elementor-element-695e788 elementor-widget elementor-widget-spacer\" data-id=\"695e788\" data-element_type=\"widget\" data-e-type=\"widget\" data-widget_type=\"spacer.default\">\n\t\t\t\t<div class=\"elementor-widget-container\">\n\t\t\t\t\t\t\t<div class=\"elementor-spacer\">\n\t\t\t<div class=\"elementor-spacer-inner\"><\/div>\n\t\t<\/div>\n\t\t\t\t\t\t<\/div>\n\t\t\t\t<\/div>\n\t\t\t\t<div class=\"elementor-element elementor-element-9334252 elementor-widget elementor-widget-text-editor\" data-id=\"9334252\" data-element_type=\"widget\" data-e-type=\"widget\" data-widget_type=\"text-editor.default\">\n\t\t\t\t<div class=\"elementor-widget-container\">\n\t\t\t\t\t\t\t\t\t<h4><strong><span style=\"color: #000000;\">INFORMATIONS DE CONTACT<\/span><\/strong><\/h4>\t\t\t\t\t\t\t\t<\/div>\n\t\t\t\t<\/div>\n\t\t\t\t\t<\/div>\n\t\t<\/div>\n\t\t\t\t\t<\/div>\n\t\t<\/section>\n\t\t\t\t<section class=\"elementor-section elementor-top-section elementor-element elementor-element-d64a61a elementor-section-boxed elementor-section-height-default elementor-section-height-default\" data-id=\"d64a61a\" data-element_type=\"section\" data-e-type=\"section\">\n\t\t\t\t\t\t<div class=\"elementor-container elementor-column-gap-default\">\n\t\t\t\t\t<div class=\"elementor-column elementor-col-33 elementor-top-column elementor-element elementor-element-f3bb8e5\" data-id=\"f3bb8e5\" data-element_type=\"column\" data-e-type=\"column\">\n\t\t\t<div class=\"elementor-widget-wrap elementor-element-populated\">\n\t\t\t\t\t\t<div class=\"elementor-element elementor-element-d67b305 elementor-align-center elementor-widget elementor-widget-button\" data-id=\"d67b305\" data-element_type=\"widget\" data-e-type=\"widget\" data-widget_type=\"button.default\">\n\t\t\t\t<div class=\"elementor-widget-container\">\n\t\t\t\t\t\t\t\t\t<div class=\"elementor-button-wrapper\">\n\t\t\t\t\t<a class=\"elementor-button elementor-button-link elementor-size-sm\" href=\"http:\/\/www.platforma-dev.eu\/\" target=\"_blank\">\n\t\t\t\t\t\t<span class=\"elementor-button-content-wrapper\">\n\t\t\t\t\t\t\t\t\t<span class=\"elementor-button-text\">Site web de PLATFORMA<\/span>\n\t\t\t\t\t<\/span>\n\t\t\t\t\t<\/a>\n\t\t\t\t<\/div>\n\t\t\t\t\t\t\t\t<\/div>\n\t\t\t\t<\/div>\n\t\t\t\t\t<\/div>\n\t\t<\/div>\n\t\t\t\t<div class=\"elementor-column elementor-col-33 elementor-top-column elementor-element elementor-element-334ea8d\" data-id=\"334ea8d\" data-element_type=\"column\" data-e-type=\"column\">\n\t\t\t<div class=\"elementor-widget-wrap\">\n\t\t\t\t\t\t\t<\/div>\n\t\t<\/div>\n\t\t\t\t<div class=\"elementor-column elementor-col-33 elementor-top-column elementor-element elementor-element-8eccf59\" data-id=\"8eccf59\" data-element_type=\"column\" data-e-type=\"column\">\n\t\t\t<div class=\"elementor-widget-wrap elementor-element-populated\">\n\t\t\t\t\t\t<div class=\"elementor-element elementor-element-e469082 elementor-widget elementor-widget-text-editor\" data-id=\"e469082\" data-element_type=\"widget\" data-e-type=\"widget\" data-widget_type=\"text-editor.default\">\n\t\t\t\t<div class=\"elementor-widget-container\">\n\t\t\t\t\t\t\t\t\t<p style=\"text-align: center;\">1 Square de Mee\u00fbs<\/p><p style=\"text-align: center;\">1000 Bruxelles, Belgique<\/p>\t\t\t\t\t\t\t\t<\/div>\n\t\t\t\t<\/div>\n\t\t\t\t<div class=\"elementor-element elementor-element-8832755 elementor-align-center elementor-widget elementor-widget-button\" data-id=\"8832755\" data-element_type=\"widget\" data-e-type=\"widget\" data-widget_type=\"button.default\">\n\t\t\t\t<div class=\"elementor-widget-container\">\n\t\t\t\t\t\t\t\t\t<div class=\"elementor-button-wrapper\">\n\t\t\t\t\t<a class=\"elementor-button elementor-button-link elementor-size-sm\" href=\"mailto:platforma@ccre-cemr.org\" target=\"_blank\">\n\t\t\t\t\t\t<span class=\"elementor-button-content-wrapper\">\n\t\t\t\t\t\t\t\t\t<span class=\"elementor-button-text\">Contact<\/span>\n\t\t\t\t\t<\/span>\n\t\t\t\t\t<\/a>\n\t\t\t\t<\/div>\n\t\t\t\t\t\t\t\t<\/div>\n\t\t\t\t<\/div>\n\t\t\t\t<div class=\"elementor-element elementor-element-5050ccb elementor-align-center elementor-widget__width-initial elementor-widget elementor-widget-button\" data-id=\"5050ccb\" data-element_type=\"widget\" data-e-type=\"widget\" data-widget_type=\"button.default\">\n\t\t\t\t<div class=\"elementor-widget-container\">\n\t\t\t\t\t\t\t\t\t<div class=\"elementor-button-wrapper\">\n\t\t\t\t\t<a class=\"elementor-button elementor-size-sm\" role=\"button\">\n\t\t\t\t\t\t<span class=\"elementor-button-content-wrapper\">\n\t\t\t\t\t\t<span class=\"elementor-button-icon\">\n\t\t\t\t<i aria-hidden=\"true\" class=\"fas fa-phone-alt\"><\/i>\t\t\t<\/span>\n\t\t\t\t\t\t\t\t\t<span class=\"elementor-button-text\">+32 (0)2 265 09 30<\/span>\n\t\t\t\t\t<\/span>\n\t\t\t\t\t<\/a>\n\t\t\t\t<\/div>\n\t\t\t\t\t\t\t\t<\/div>\n\t\t\t\t<\/div>\n\t\t\t\t\t<\/div>\n\t\t<\/div>\n\t\t\t\t\t<\/div>\n\t\t<\/section>\n\t\t\t\t<\/div>","protected":false},"excerpt":{"rendered":"<p>PLATFORMA est la plus ancienne et la plus large association europ\u00e9enne de collectivit\u00e9s locales et r\u00e9gionales. Coalition paneurop\u00e9enne de villes et de r\u00e9gions actives dans la coop\u00e9ration d\u00e9centralis\u00e9e, les 29 partenaires de PLATFORMA repr\u00e9sentent des villes et des r\u00e9gions et leurs associations nationales, ainsi que des r\u00e9seaux europ\u00e9ens et mondiaux actifs dans la coop\u00e9ration au d\u00e9veloppement de ville \u00e0 ville et de r\u00e9gion \u00e0 r\u00e9gion. Tous les partenaires coop\u00e8rent au niveau international ... <\/p>","protected":false},"author":1,"featured_media":15232,"parent":0,"menu_order":0,"comment_status":"closed","ping_status":"closed","template":"","meta":{"_monsterinsights_skip_tracking":false,"_monsterinsights_sitenote_active":false,"_monsterinsights_sitenote_note":"","_monsterinsights_sitenote_category":0,"footnotes":""},"class_list":["post-16009","page","type-page","status-publish","has-post-thumbnail","hentry"],"yoast_head":"<!-- This site is optimized with the Yoast SEO plugin v27.4 - https:\/\/yoast.com\/product\/yoast-seo-wordpress\/ -->\n<title>Platforma - Global Cities Hub<\/title>\n<meta name=\"description\" content=\"PLATFORMA is a pan-European coalition of towns and regions active in decentralized cooperation. Its secretariat is hosted by the CEMR.\" \/>\n<meta name=\"robots\" content=\"index, follow, max-snippet:-1, max-image-preview:large, max-video-preview:-1\" \/>\n<link rel=\"canonical\" href=\"https:\/\/globalcitieshub.org\/fr\/platforma\/\" \/>\n<meta property=\"og:locale\" content=\"fr_FR\" \/>\n<meta property=\"og:type\" content=\"article\" \/>\n<meta property=\"og:title\" content=\"Platforma - Global Cities Hub\" \/>\n<meta property=\"og:description\" content=\"PLATFORMA is a pan-European coalition of towns and regions active in decentralized cooperation. Its secretariat is hosted by the CEMR.\" \/>\n<meta property=\"og:url\" content=\"https:\/\/globalcitieshub.org\/fr\/platforma\/\" \/>\n<meta property=\"og:site_name\" content=\"Global Cities Hub\" \/>\n<meta property=\"article:modified_time\" content=\"2026-02-18T09:00:27+00:00\" \/>\n<meta property=\"og:image\" content=\"https:\/\/globalcitieshub.org\/wp-content\/uploads\/2022\/02\/PLATFORMA-1.png\" \/>\n\t<meta property=\"og:image:width\" content=\"1600\" \/>\n\t<meta property=\"og:image:height\" content=\"900\" \/>\n\t<meta property=\"og:image:type\" content=\"image\/png\" \/>\n<meta name=\"twitter:card\" content=\"summary_large_image\" \/>\n<meta name=\"twitter:site\" content=\"@genevacitieshub\" \/>\n<meta name=\"twitter:label1\" content=\"Dur\u00e9e de lecture estim\u00e9e\" \/>\n\t<meta name=\"twitter:data1\" content=\"2 minutes\" \/>\n<script type=\"application\/ld+json\" class=\"yoast-schema-graph\">{\"@context\":\"https:\\\/\\\/schema.org\",\"@graph\":[{\"@type\":\"WebPage\",\"@id\":\"https:\\\/\\\/globalcitieshub.org\\\/fr\\\/platforma\\\/\",\"url\":\"https:\\\/\\\/globalcitieshub.org\\\/fr\\\/platforma\\\/\",\"name\":\"Platforma - Global Cities Hub\",\"isPartOf\":{\"@id\":\"https:\\\/\\\/globalcitieshub.org\\\/fr\\\/#website\"},\"primaryImageOfPage\":{\"@id\":\"https:\\\/\\\/globalcitieshub.org\\\/fr\\\/platforma\\\/#primaryimage\"},\"image\":{\"@id\":\"https:\\\/\\\/globalcitieshub.org\\\/fr\\\/platforma\\\/#primaryimage\"},\"thumbnailUrl\":\"https:\\\/\\\/globalcitieshub.org\\\/wp-content\\\/uploads\\\/2022\\\/02\\\/PLATFORMA-1.png\",\"datePublished\":\"2022-03-10T08:40:10+00:00\",\"dateModified\":\"2026-02-18T09:00:27+00:00\",\"description\":\"PLATFORMA is a pan-European coalition of towns and regions active in decentralized cooperation. Its secretariat is hosted by the CEMR.\",\"inLanguage\":\"fr-FR\",\"potentialAction\":[{\"@type\":\"ReadAction\",\"target\":[\"https:\\\/\\\/globalcitieshub.org\\\/fr\\\/platforma\\\/\"]}]},{\"@type\":\"ImageObject\",\"inLanguage\":\"fr-FR\",\"@id\":\"https:\\\/\\\/globalcitieshub.org\\\/fr\\\/platforma\\\/#primaryimage\",\"url\":\"https:\\\/\\\/globalcitieshub.org\\\/wp-content\\\/uploads\\\/2022\\\/02\\\/PLATFORMA-1.png\",\"contentUrl\":\"https:\\\/\\\/globalcitieshub.org\\\/wp-content\\\/uploads\\\/2022\\\/02\\\/PLATFORMA-1.png\",\"width\":1600,\"height\":900},{\"@type\":\"WebSite\",\"@id\":\"https:\\\/\\\/globalcitieshub.org\\\/fr\\\/#website\",\"url\":\"https:\\\/\\\/globalcitieshub.org\\\/fr\\\/\",\"name\":\"Global Cities Hub\",\"description\":\"Connecting local and regional governments to the United Nations and other  international organizations\",\"publisher\":{\"@id\":\"https:\\\/\\\/globalcitieshub.org\\\/fr\\\/#organization\"},\"potentialAction\":[{\"@type\":\"SearchAction\",\"target\":{\"@type\":\"EntryPoint\",\"urlTemplate\":\"https:\\\/\\\/globalcitieshub.org\\\/fr\\\/?s={search_term_string}\"},\"query-input\":{\"@type\":\"PropertyValueSpecification\",\"valueRequired\":true,\"valueName\":\"search_term_string\"}}],\"inLanguage\":\"fr-FR\"},{\"@type\":\"Organization\",\"@id\":\"https:\\\/\\\/globalcitieshub.org\\\/fr\\\/#organization\",\"name\":\"Global Cities Hub\",\"url\":\"https:\\\/\\\/globalcitieshub.org\\\/fr\\\/\",\"logo\":{\"@type\":\"ImageObject\",\"inLanguage\":\"fr-FR\",\"@id\":\"https:\\\/\\\/globalcitieshub.org\\\/fr\\\/#\\\/schema\\\/logo\\\/image\\\/\",\"url\":\"https:\\\/\\\/globalcitieshub.org\\\/wp-content\\\/uploads\\\/2023\\\/09\\\/230829_Logo_Global_Cities_Hub_Couleur_fond-blanc_RVB.png\",\"contentUrl\":\"https:\\\/\\\/globalcitieshub.org\\\/wp-content\\\/uploads\\\/2023\\\/09\\\/230829_Logo_Global_Cities_Hub_Couleur_fond-blanc_RVB.png\",\"width\":2544,\"height\":1446,\"caption\":\"Global Cities Hub\"},\"image\":{\"@id\":\"https:\\\/\\\/globalcitieshub.org\\\/fr\\\/#\\\/schema\\\/logo\\\/image\\\/\"},\"sameAs\":[\"https:\\\/\\\/x.com\\\/genevacitieshub\"]}]}<\/script>\n<!-- \/ Yoast SEO plugin. -->","yoast_head_json":{"title":"Platforma - Hub des villes mondiales","description":"PLATFORMA est une coalition paneurop\u00e9enne de villes et de r\u00e9gions actives dans la coop\u00e9ration d\u00e9centralis\u00e9e. Son secr\u00e9tariat est h\u00e9berg\u00e9 par le CCRE.","robots":{"index":"index","follow":"follow","max-snippet":"max-snippet:-1","max-image-preview":"max-image-preview:large","max-video-preview":"max-video-preview:-1"},"canonical":"https:\/\/globalcitieshub.org\/fr\/platforma\/","og_locale":"fr_FR","og_type":"article","og_title":"Platforma - Global Cities Hub","og_description":"PLATFORMA is a pan-European coalition of towns and regions active in decentralized cooperation. Its secretariat is hosted by the CEMR.","og_url":"https:\/\/globalcitieshub.org\/fr\/platforma\/","og_site_name":"Global Cities Hub","article_modified_time":"2026-02-18T09:00:27+00:00","og_image":[{"width":1600,"height":900,"url":"https:\/\/globalcitieshub.org\/wp-content\/uploads\/2022\/02\/PLATFORMA-1.png","type":"image\/png"}],"twitter_card":"summary_large_image","twitter_site":"@genevacitieshub","twitter_misc":{"Dur\u00e9e de lecture estim\u00e9e":"2 minutes"},"schema":{"@context":"https:\/\/schema.org","@graph":[{"@type":"WebPage","@id":"https:\/\/globalcitieshub.org\/fr\/platforma\/","url":"https:\/\/globalcitieshub.org\/fr\/platforma\/","name":"Platforma - Hub des villes mondiales","isPartOf":{"@id":"https:\/\/globalcitieshub.org\/fr\/#website"},"primaryImageOfPage":{"@id":"https:\/\/globalcitieshub.org\/fr\/platforma\/#primaryimage"},"image":{"@id":"https:\/\/globalcitieshub.org\/fr\/platforma\/#primaryimage"},"thumbnailUrl":"https:\/\/globalcitieshub.org\/wp-content\/uploads\/2022\/02\/PLATFORMA-1.png","datePublished":"2022-03-10T08:40:10+00:00","dateModified":"2026-02-18T09:00:27+00:00","description":"PLATFORMA est une coalition paneurop\u00e9enne de villes et de r\u00e9gions actives dans la coop\u00e9ration d\u00e9centralis\u00e9e. Son secr\u00e9tariat est h\u00e9berg\u00e9 par le CCRE.","inLanguage":"fr-FR","potentialAction":[{"@type":"ReadAction","target":["https:\/\/globalcitieshub.org\/fr\/platforma\/"]}]},{"@type":"ImageObject","inLanguage":"fr-FR","@id":"https:\/\/globalcitieshub.org\/fr\/platforma\/#primaryimage","url":"https:\/\/globalcitieshub.org\/wp-content\/uploads\/2022\/02\/PLATFORMA-1.png","contentUrl":"https:\/\/globalcitieshub.org\/wp-content\/uploads\/2022\/02\/PLATFORMA-1.png","width":1600,"height":900},{"@type":"WebSite","@id":"https:\/\/globalcitieshub.org\/fr\/#website","url":"https:\/\/globalcitieshub.org\/fr\/","name":"Global Cities Hub","description":"Relier les gouvernements locaux et r\u00e9gionaux aux Nations unies et \u00e0 d'autres organisations internationales","publisher":{"@id":"https:\/\/globalcitieshub.org\/fr\/#organization"},"potentialAction":[{"@type":"SearchAction","target":{"@type":"EntryPoint","urlTemplate":"https:\/\/globalcitieshub.org\/fr\/?s={search_term_string}"},"query-input":{"@type":"PropertyValueSpecification","valueRequired":true,"valueName":"search_term_string"}}],"inLanguage":"fr-FR"},{"@type":"Organization","@id":"https:\/\/globalcitieshub.org\/fr\/#organization","name":"Global Cities Hub","url":"https:\/\/globalcitieshub.org\/fr\/","logo":{"@type":"ImageObject","inLanguage":"fr-FR","@id":"https:\/\/globalcitieshub.org\/fr\/#\/schema\/logo\/image\/","url":"https:\/\/globalcitieshub.org\/wp-content\/uploads\/2023\/09\/230829_Logo_Global_Cities_Hub_Couleur_fond-blanc_RVB.png","contentUrl":"https:\/\/globalcitieshub.org\/wp-content\/uploads\/2023\/09\/230829_Logo_Global_Cities_Hub_Couleur_fond-blanc_RVB.png","width":2544,"height":1446,"caption":"Global Cities Hub"},"image":{"@id":"https:\/\/globalcitieshub.org\/fr\/#\/schema\/logo\/image\/"},"sameAs":["https:\/\/x.com\/genevacitieshub"]}]}},"_links":{"self":[{"href":"https:\/\/globalcitieshub.org\/fr\/wp-json\/wp\/v2\/pages\/16009","targetHints":{"allow":["GET"]}}],"collection":[{"href":"https:\/\/globalcitieshub.org\/fr\/wp-json\/wp\/v2\/pages"}],"about":[{"href":"https:\/\/globalcitieshub.org\/fr\/wp-json\/wp\/v2\/types\/page"}],"author":[{"embeddable":true,"href":"https:\/\/globalcitieshub.org\/fr\/wp-json\/wp\/v2\/users\/1"}],"replies":[{"embeddable":true,"href":"https:\/\/globalcitieshub.org\/fr\/wp-json\/wp\/v2\/comments?post=16009"}],"version-history":[{"count":39,"href":"https:\/\/globalcitieshub.org\/fr\/wp-json\/wp\/v2\/pages\/16009\/revisions"}],"predecessor-version":[{"id":27193,"href":"https:\/\/globalcitieshub.org\/fr\/wp-json\/wp\/v2\/pages\/16009\/revisions\/27193"}],"wp:featuredmedia":[{"embeddable":true,"href":"https:\/\/globalcitieshub.org\/fr\/wp-json\/wp\/v2\/media\/15232"}],"wp:attachment":[{"href":"https:\/\/globalcitieshub.org\/fr\/wp-json\/wp\/v2\/media?parent=16009"}],"curies":[{"name":"wp","href":"https:\/\/api.w.org\/{rel}","templated":true}]}}