{"id":15911,"date":"2022-03-09T12:04:45","date_gmt":"2022-03-09T11:04:45","guid":{"rendered":"https:\/\/www.genevacitieshub.org\/?page_id=15911"},"modified":"2026-02-18T09:46:11","modified_gmt":"2026-02-18T08:46:11","slug":"metropolis-world-association-of-the-major-metropolises","status":"publish","type":"page","link":"https:\/\/globalcitieshub.org\/fr\/metropolisbrworld-association-of-the-major-metropolises\/","title":{"rendered":"Metropolis : Association mondiale des grandes m\u00e9tropoles"},"content":{"rendered":"<div data-elementor-type=\"wp-page\" data-elementor-id=\"15911\" class=\"elementor elementor-15911\">\n\t\t\t\t\t\t<section class=\"elementor-section elementor-top-section elementor-element elementor-element-bd457da elementor-section-boxed elementor-section-height-default elementor-section-height-default\" data-id=\"bd457da\" data-element_type=\"section\" data-e-type=\"section\">\n\t\t\t\t\t\t<div class=\"elementor-container elementor-column-gap-default\">\n\t\t\t\t\t<div class=\"elementor-column elementor-col-100 elementor-top-column elementor-element elementor-element-5aa6fbb\" data-id=\"5aa6fbb\" data-element_type=\"column\" data-e-type=\"column\">\n\t\t\t<div class=\"elementor-widget-wrap elementor-element-populated\">\n\t\t\t\t\t\t<div class=\"elementor-element elementor-element-289cf4c elementor-widget elementor-widget-text-editor\" data-id=\"289cf4c\" data-element_type=\"widget\" data-e-type=\"widget\" data-widget_type=\"text-editor.default\">\n\t\t\t\t<div class=\"elementor-widget-container\">\n\t\t\t\t\t\t\t\t\t<p><span style=\"font-weight: 400;\">Metropolis est un r\u00e9seau mondial des plus grandes villes du monde, qui apporte des solutions innovantes aux d\u00e9fis cruciaux auxquels sont confront\u00e9es les grandes zones m\u00e9tropolitaines.<\/span><\/p><p><span style=\"font-weight: 400;\">Rassemblant plus de 160 villes membres et 700 millions d'habitants dans le monde, Metropolis sert de plaque tournante mondiale o\u00f9 les m\u00e9tropoles peuvent se connecter, partager des solutions et se mobiliser sur des questions li\u00e9es \u00e0 la durabilit\u00e9, \u00e0 la coh\u00e9sion sociale, \u00e0 la gouvernance m\u00e9tropolitaine, \u00e0 la planification future et \u00e0 l'\u00e9galit\u00e9 entre les hommes et les femmes.<\/span><\/p>\t\t\t\t\t\t\t\t<\/div>\n\t\t\t\t<\/div>\n\t\t\t\t<div class=\"elementor-element elementor-element-daf12d6 elementor-widget elementor-widget-text-editor\" data-id=\"daf12d6\" data-element_type=\"widget\" data-e-type=\"widget\" data-widget_type=\"text-editor.default\">\n\t\t\t\t<div class=\"elementor-widget-container\">\n\t\t\t\t\t\t\t\t\t<h4><span style=\"color: #000000;\"><strong>VISION<\/strong><\/span><\/h4><p><span style=\"font-weight: 400;\">Les grandes villes du monde offrent une qualit\u00e9 de vie \u00e9lev\u00e9e \u00e0 leurs habitants, favorisant le d\u00e9veloppement \u00e9conomique, la durabilit\u00e9, la coh\u00e9sion sociale et l'\u00e9galit\u00e9 des sexes.<\/span><\/p>\t\t\t\t\t\t\t\t<\/div>\n\t\t\t\t<\/div>\n\t\t\t\t<div class=\"elementor-element elementor-element-c5bb056 elementor-widget elementor-widget-spacer\" data-id=\"c5bb056\" data-element_type=\"widget\" data-e-type=\"widget\" data-widget_type=\"spacer.default\">\n\t\t\t\t<div class=\"elementor-widget-container\">\n\t\t\t\t\t\t\t<div class=\"elementor-spacer\">\n\t\t\t<div class=\"elementor-spacer-inner\"><\/div>\n\t\t<\/div>\n\t\t\t\t\t\t<\/div>\n\t\t\t\t<\/div>\n\t\t\t\t<div class=\"elementor-element elementor-element-0caba5d elementor-widget elementor-widget-text-editor\" data-id=\"0caba5d\" data-element_type=\"widget\" data-e-type=\"widget\" data-widget_type=\"text-editor.default\">\n\t\t\t\t<div class=\"elementor-widget-container\">\n\t\t\t\t\t\t\t\t\t<blockquote><p>\" Le processus de m\u00e9tropolisation modifie les distinctions entre les villes, les banlieues et les zones rurales. La m\u00e9tropolisation d\u00e9crit la fusion de r\u00e9gions urbaines et p\u00e9riurbaines fragment\u00e9es en syst\u00e8mes interconnect\u00e9s, remettant en question les notions traditionnelles de ville, de lieu et d'appartenance. Ce syst\u00e8me interconnect\u00e9 n\u00e9cessite des strat\u00e9gies de gestion int\u00e9gr\u00e9e, englobant le tissu diversifi\u00e9 de la m\u00e9tropole\".<\/p><\/blockquote><p><strong><i>Citation du rapport \"Red\u00e9finir la gouvernance m\u00e9tropolitaine\".<\/i><\/strong><\/p>\t\t\t\t\t\t\t\t<\/div>\n\t\t\t\t<\/div>\n\t\t\t\t<div class=\"elementor-element elementor-element-f00169f elementor-widget elementor-widget-spacer\" data-id=\"f00169f\" data-element_type=\"widget\" data-e-type=\"widget\" data-widget_type=\"spacer.default\">\n\t\t\t\t<div class=\"elementor-widget-container\">\n\t\t\t\t\t\t\t<div class=\"elementor-spacer\">\n\t\t\t<div class=\"elementor-spacer-inner\"><\/div>\n\t\t<\/div>\n\t\t\t\t\t\t<\/div>\n\t\t\t\t<\/div>\n\t\t\t\t<div class=\"elementor-element elementor-element-25067c0 elementor-widget elementor-widget-text-editor\" data-id=\"25067c0\" data-element_type=\"widget\" data-e-type=\"widget\" data-widget_type=\"text-editor.default\">\n\t\t\t\t<div class=\"elementor-widget-container\">\n\t\t\t\t\t\t\t\t\t<h4><span style=\"color: #000000;\"><strong>OBJECTIFS PRINCIPAUX<\/strong><\/span><\/h4><ul><li><span style=\"color: #000000;\">Faciliter les possibilit\u00e9s de partage des connaissances entre les membres.<\/span><\/li><li aria-level=\"1\"><span style=\"color: #000000;\">Promouvoir les r\u00e9alisations politiques des membres sur la sc\u00e8ne mondiale.<\/span><\/li><li aria-level=\"1\"><span style=\"color: #000000;\">Mobiliser des ressources pour l'action m\u00e9tropolitaine.<\/span><\/li><li aria-level=\"1\"><span style=\"color: #000000;\">Promouvoir les causes et les id\u00e9es qui am\u00e9liorent la vie urbaine.<\/span><\/li><\/ul>\t\t\t\t\t\t\t\t<\/div>\n\t\t\t\t<\/div>\n\t\t\t\t<div class=\"elementor-element elementor-element-f8cd38c elementor-widget elementor-widget-text-editor\" data-id=\"f8cd38c\" data-element_type=\"widget\" data-e-type=\"widget\" data-widget_type=\"text-editor.default\">\n\t\t\t\t<div class=\"elementor-widget-container\">\n\t\t\t\t\t\t\t\t\t<h4><span style=\"color: #000000;\"><strong>PROJETS CL\u00c9S<\/strong><\/span><\/h4><ul><li style=\"font-weight: 400;\" aria-level=\"1\"><span style=\"font-weight: 400; color: #000000;\">Solutions Labs (\u00e9change de politiques)\u00a0<\/span><\/li><li style=\"font-weight: 400;\" aria-level=\"1\"><a href=\"https:\/\/www.metropoliscare.org\/toolkit\"><span style=\"font-weight: 400;\">Bo\u00eete \u00e0 outils sur les syst\u00e8mes de soins locaux<\/span><\/a><\/li><li style=\"font-weight: 400;\" aria-level=\"1\"><a href=\"https:\/\/www.metrofutures.org\/\"><span style=\"font-weight: 400;\">Metro Futures : Des donn\u00e9es pour les villes de demain\u00a0<\/span><\/a><\/li><li style=\"font-weight: 400;\" aria-level=\"1\"><a href=\"https:\/\/www.metropoliscare.org\/international-fund\"><span style=\"font-weight: 400;\">Fonds international pour les m\u00e9tropoles\u00a0<\/span><\/a><\/li><li style=\"font-weight: 400;\" aria-level=\"1\"><a href=\"https:\/\/www.metropolis.org\/learning-station\/internationalisation-course\"><span style=\"font-weight: 400;\">Dipl\u00f4me en internationalisation pour les autorit\u00e9s locales <\/span><\/a><\/li><\/ul>\t\t\t\t\t\t\t\t<\/div>\n\t\t\t\t<\/div>\n\t\t\t\t<div class=\"elementor-element elementor-element-f1c3c11 elementor-widget elementor-widget-spacer\" data-id=\"f1c3c11\" data-element_type=\"widget\" data-e-type=\"widget\" data-widget_type=\"spacer.default\">\n\t\t\t\t<div class=\"elementor-widget-container\">\n\t\t\t\t\t\t\t<div class=\"elementor-spacer\">\n\t\t\t<div class=\"elementor-spacer-inner\"><\/div>\n\t\t<\/div>\n\t\t\t\t\t\t<\/div>\n\t\t\t\t<\/div>\n\t\t\t\t<div class=\"elementor-element elementor-element-254a33d elementor-widget elementor-widget-text-editor\" data-id=\"254a33d\" data-element_type=\"widget\" data-e-type=\"widget\" data-widget_type=\"text-editor.default\">\n\t\t\t\t<div class=\"elementor-widget-container\">\n\t\t\t\t\t\t\t\t\t<h4><strong><span style=\"color: #000000;\">INFORMATIONS DE CONTACT<\/span><\/strong><\/h4>\t\t\t\t\t\t\t\t<\/div>\n\t\t\t\t<\/div>\n\t\t\t\t\t<\/div>\n\t\t<\/div>\n\t\t\t\t\t<\/div>\n\t\t<\/section>\n\t\t\t\t<section class=\"elementor-section elementor-top-section elementor-element elementor-element-b5a75ba elementor-section-boxed elementor-section-height-default elementor-section-height-default\" data-id=\"b5a75ba\" data-element_type=\"section\" data-e-type=\"section\">\n\t\t\t\t\t\t<div class=\"elementor-container elementor-column-gap-default\">\n\t\t\t\t\t<div class=\"elementor-column elementor-col-33 elementor-top-column elementor-element elementor-element-deacafc\" data-id=\"deacafc\" data-element_type=\"column\" data-e-type=\"column\">\n\t\t\t<div class=\"elementor-widget-wrap elementor-element-populated\">\n\t\t\t\t\t\t<div class=\"elementor-element elementor-element-0095be2 elementor-align-center elementor-widget elementor-widget-button\" data-id=\"0095be2\" data-element_type=\"widget\" data-e-type=\"widget\" data-widget_type=\"button.default\">\n\t\t\t\t<div class=\"elementor-widget-container\">\n\t\t\t\t\t\t\t\t\t<div class=\"elementor-button-wrapper\">\n\t\t\t\t\t<a class=\"elementor-button elementor-button-link elementor-size-sm\" href=\"http:\/\/www.metropolis.org\/\" target=\"_blank\">\n\t\t\t\t\t\t<span class=\"elementor-button-content-wrapper\">\n\t\t\t\t\t\t\t\t\t<span class=\"elementor-button-text\">Site web de Metropolis<\/span>\n\t\t\t\t\t<\/span>\n\t\t\t\t\t<\/a>\n\t\t\t\t<\/div>\n\t\t\t\t\t\t\t\t<\/div>\n\t\t\t\t<\/div>\n\t\t\t\t\t<\/div>\n\t\t<\/div>\n\t\t\t\t<div class=\"elementor-column elementor-col-33 elementor-top-column elementor-element elementor-element-e94b1b0\" data-id=\"e94b1b0\" data-element_type=\"column\" data-e-type=\"column\">\n\t\t\t<div class=\"elementor-widget-wrap elementor-element-populated\">\n\t\t\t\t\t\t<div class=\"elementor-element elementor-element-0faa688 elementor-align-center elementor-widget elementor-widget-button\" data-id=\"0faa688\" data-element_type=\"widget\" data-e-type=\"widget\" data-widget_type=\"button.default\">\n\t\t\t\t<div class=\"elementor-widget-container\">\n\t\t\t\t\t\t\t\t\t<div class=\"elementor-button-wrapper\">\n\t\t\t\t\t<a class=\"elementor-button elementor-size-sm\" role=\"button\">\n\t\t\t\t\t\t<span class=\"elementor-button-content-wrapper\">\n\t\t\t\t\t\t<span class=\"elementor-button-icon\">\n\t\t\t\t<i aria-hidden=\"true\" class=\"far fa-user\"><\/i>\t\t\t<\/span>\n\t\t\t\t\t\t\t\t\t<span class=\"elementor-button-text\">M. JORDI VAQUER <br> Secr\u00e9taire g\u00e9n\u00e9ral<\/span>\n\t\t\t\t\t<\/span>\n\t\t\t\t\t<\/a>\n\t\t\t\t<\/div>\n\t\t\t\t\t\t\t\t<\/div>\n\t\t\t\t<\/div>\n\t\t\t\t\t<\/div>\n\t\t<\/div>\n\t\t\t\t<div class=\"elementor-column elementor-col-33 elementor-top-column elementor-element elementor-element-03beebb\" data-id=\"03beebb\" data-element_type=\"column\" data-e-type=\"column\">\n\t\t\t<div class=\"elementor-widget-wrap elementor-element-populated\">\n\t\t\t\t\t\t<div class=\"elementor-element elementor-element-708c5e5 elementor-align-center elementor-widget elementor-widget-button\" data-id=\"708c5e5\" data-element_type=\"widget\" data-e-type=\"widget\" data-widget_type=\"button.default\">\n\t\t\t\t<div class=\"elementor-widget-container\">\n\t\t\t\t\t\t\t\t\t<div class=\"elementor-button-wrapper\">\n\t\t\t\t\t<a class=\"elementor-button elementor-size-sm\" role=\"button\">\n\t\t\t\t\t\t<span class=\"elementor-button-content-wrapper\">\n\t\t\t\t\t\t<span class=\"elementor-button-icon\">\n\t\t\t\t<i aria-hidden=\"true\" class=\"fas fa-phone-alt\"><\/i>\t\t\t<\/span>\n\t\t\t\t\t\t\t\t\t<span class=\"elementor-button-text\">+34 93 342 94 60<\/span>\n\t\t\t\t\t<\/span>\n\t\t\t\t\t<\/a>\n\t\t\t\t<\/div>\n\t\t\t\t\t\t\t\t<\/div>\n\t\t\t\t<\/div>\n\t\t\t\t\t<\/div>\n\t\t<\/div>\n\t\t\t\t\t<\/div>\n\t\t<\/section>\n\t\t\t\t<\/div>","protected":false},"excerpt":{"rendered":"<p>Metropolis est un r\u00e9seau mondial des plus grandes villes du monde, qui apporte des solutions innovantes aux d\u00e9fis critiques auxquels sont confront\u00e9es les grandes zones m\u00e9tropolitaines. R\u00e9unissant plus de 160 villes membres et 700 millions d'habitants dans le monde, Metropolis sert de plaque tournante mondiale o\u00f9 les m\u00e9tropoles peuvent se connecter, partager des solutions et se mobiliser sur des questions li\u00e9es \u00e0 la durabilit\u00e9, \u00e0 la coh\u00e9sion sociale, \u00e0 la gouvernance m\u00e9tropolitaine, \u00e0 l'avenir ... <\/p>","protected":false},"author":1,"featured_media":15226,"parent":0,"menu_order":0,"comment_status":"closed","ping_status":"closed","template":"","meta":{"_monsterinsights_skip_tracking":false,"_monsterinsights_sitenote_active":false,"_monsterinsights_sitenote_note":"","_monsterinsights_sitenote_category":0,"footnotes":""},"class_list":["post-15911","page","type-page","status-publish","has-post-thumbnail","hentry"],"yoast_head":"<!-- This site is optimized with the Yoast SEO plugin v27.4 - https:\/\/yoast.com\/product\/yoast-seo-wordpress\/ -->\n<title>Metropolis: World Association of the Major Metropolises - Global Cities Hub<\/title>\n<meta name=\"description\" content=\"Any public authority with territorial jurisdiction or any institution or body that represents a metropolis may become a member of Metropolis,\" \/>\n<meta name=\"robots\" content=\"index, follow, max-snippet:-1, max-image-preview:large, max-video-preview:-1\" \/>\n<link rel=\"canonical\" href=\"https:\/\/globalcitieshub.org\/fr\/metropolisbrworld-association-of-the-major-metropolises\/\" \/>\n<meta property=\"og:locale\" content=\"fr_FR\" \/>\n<meta property=\"og:type\" content=\"article\" \/>\n<meta property=\"og:title\" content=\"Metropolis: World Association of the Major Metropolises - Global Cities Hub\" \/>\n<meta property=\"og:description\" content=\"Any public authority with territorial jurisdiction or any institution or body that represents a metropolis may become a member of Metropolis,\" \/>\n<meta property=\"og:url\" content=\"https:\/\/globalcitieshub.org\/fr\/metropolisbrworld-association-of-the-major-metropolises\/\" \/>\n<meta property=\"og:site_name\" content=\"Global Cities Hub\" \/>\n<meta property=\"article:modified_time\" content=\"2026-02-18T08:46:11+00:00\" \/>\n<meta property=\"og:image\" content=\"https:\/\/globalcitieshub.org\/wp-content\/uploads\/2022\/02\/METROPOLIS-1.png\" \/>\n\t<meta property=\"og:image:width\" content=\"1600\" \/>\n\t<meta property=\"og:image:height\" content=\"900\" \/>\n\t<meta property=\"og:image:type\" content=\"image\/png\" \/>\n<meta name=\"twitter:card\" content=\"summary_large_image\" \/>\n<meta name=\"twitter:site\" content=\"@genevacitieshub\" \/>\n<meta name=\"twitter:label1\" content=\"Dur\u00e9e de lecture estim\u00e9e\" \/>\n\t<meta name=\"twitter:data1\" content=\"1 minute\" \/>\n<script type=\"application\/ld+json\" class=\"yoast-schema-graph\">{\"@context\":\"https:\\\/\\\/schema.org\",\"@graph\":[{\"@type\":\"WebPage\",\"@id\":\"https:\\\/\\\/globalcitieshub.org\\\/fr\\\/metropolisbrworld-association-of-the-major-metropolises\\\/\",\"url\":\"https:\\\/\\\/globalcitieshub.org\\\/fr\\\/metropolisbrworld-association-of-the-major-metropolises\\\/\",\"name\":\"Metropolis: World Association of the Major Metropolises - Global Cities Hub\",\"isPartOf\":{\"@id\":\"https:\\\/\\\/globalcitieshub.org\\\/fr\\\/#website\"},\"primaryImageOfPage\":{\"@id\":\"https:\\\/\\\/globalcitieshub.org\\\/fr\\\/metropolisbrworld-association-of-the-major-metropolises\\\/#primaryimage\"},\"image\":{\"@id\":\"https:\\\/\\\/globalcitieshub.org\\\/fr\\\/metropolisbrworld-association-of-the-major-metropolises\\\/#primaryimage\"},\"thumbnailUrl\":\"https:\\\/\\\/globalcitieshub.org\\\/wp-content\\\/uploads\\\/2022\\\/02\\\/METROPOLIS-1.png\",\"datePublished\":\"2022-03-09T11:04:45+00:00\",\"dateModified\":\"2026-02-18T08:46:11+00:00\",\"description\":\"Any public authority with territorial jurisdiction or any institution or body that represents a metropolis may become a member of Metropolis,\",\"inLanguage\":\"fr-FR\",\"potentialAction\":[{\"@type\":\"ReadAction\",\"target\":[\"https:\\\/\\\/globalcitieshub.org\\\/fr\\\/metropolisbrworld-association-of-the-major-metropolises\\\/\"]}]},{\"@type\":\"ImageObject\",\"inLanguage\":\"fr-FR\",\"@id\":\"https:\\\/\\\/globalcitieshub.org\\\/fr\\\/metropolisbrworld-association-of-the-major-metropolises\\\/#primaryimage\",\"url\":\"https:\\\/\\\/globalcitieshub.org\\\/wp-content\\\/uploads\\\/2022\\\/02\\\/METROPOLIS-1.png\",\"contentUrl\":\"https:\\\/\\\/globalcitieshub.org\\\/wp-content\\\/uploads\\\/2022\\\/02\\\/METROPOLIS-1.png\",\"width\":1600,\"height\":900},{\"@type\":\"WebSite\",\"@id\":\"https:\\\/\\\/globalcitieshub.org\\\/fr\\\/#website\",\"url\":\"https:\\\/\\\/globalcitieshub.org\\\/fr\\\/\",\"name\":\"Global Cities Hub\",\"description\":\"Connecting local and regional governments to the United Nations and other  international organizations\",\"publisher\":{\"@id\":\"https:\\\/\\\/globalcitieshub.org\\\/fr\\\/#organization\"},\"potentialAction\":[{\"@type\":\"SearchAction\",\"target\":{\"@type\":\"EntryPoint\",\"urlTemplate\":\"https:\\\/\\\/globalcitieshub.org\\\/fr\\\/?s={search_term_string}\"},\"query-input\":{\"@type\":\"PropertyValueSpecification\",\"valueRequired\":true,\"valueName\":\"search_term_string\"}}],\"inLanguage\":\"fr-FR\"},{\"@type\":\"Organization\",\"@id\":\"https:\\\/\\\/globalcitieshub.org\\\/fr\\\/#organization\",\"name\":\"Global Cities Hub\",\"url\":\"https:\\\/\\\/globalcitieshub.org\\\/fr\\\/\",\"logo\":{\"@type\":\"ImageObject\",\"inLanguage\":\"fr-FR\",\"@id\":\"https:\\\/\\\/globalcitieshub.org\\\/fr\\\/#\\\/schema\\\/logo\\\/image\\\/\",\"url\":\"https:\\\/\\\/globalcitieshub.org\\\/wp-content\\\/uploads\\\/2023\\\/09\\\/230829_Logo_Global_Cities_Hub_Couleur_fond-blanc_RVB.png\",\"contentUrl\":\"https:\\\/\\\/globalcitieshub.org\\\/wp-content\\\/uploads\\\/2023\\\/09\\\/230829_Logo_Global_Cities_Hub_Couleur_fond-blanc_RVB.png\",\"width\":2544,\"height\":1446,\"caption\":\"Global Cities Hub\"},\"image\":{\"@id\":\"https:\\\/\\\/globalcitieshub.org\\\/fr\\\/#\\\/schema\\\/logo\\\/image\\\/\"},\"sameAs\":[\"https:\\\/\\\/x.com\\\/genevacitieshub\"]}]}<\/script>\n<!-- \/ Yoast SEO plugin. -->","yoast_head_json":{"title":"Metropolis : Association mondiale des grandes m\u00e9tropoles - Global Cities Hub","description":"Toute autorit\u00e9 publique \u00e0 comp\u00e9tence territoriale ou toute institution ou organisme repr\u00e9sentant une m\u00e9tropole peut devenir membre de Metropolis,","robots":{"index":"index","follow":"follow","max-snippet":"max-snippet:-1","max-image-preview":"max-image-preview:large","max-video-preview":"max-video-preview:-1"},"canonical":"https:\/\/globalcitieshub.org\/fr\/metropolisbrworld-association-of-the-major-metropolises\/","og_locale":"fr_FR","og_type":"article","og_title":"Metropolis: World Association of the Major Metropolises - Global Cities Hub","og_description":"Any public authority with territorial jurisdiction or any institution or body that represents a metropolis may become a member of Metropolis,","og_url":"https:\/\/globalcitieshub.org\/fr\/metropolisbrworld-association-of-the-major-metropolises\/","og_site_name":"Global Cities Hub","article_modified_time":"2026-02-18T08:46:11+00:00","og_image":[{"width":1600,"height":900,"url":"https:\/\/globalcitieshub.org\/wp-content\/uploads\/2022\/02\/METROPOLIS-1.png","type":"image\/png"}],"twitter_card":"summary_large_image","twitter_site":"@genevacitieshub","twitter_misc":{"Dur\u00e9e de lecture estim\u00e9e":"1 minute"},"schema":{"@context":"https:\/\/schema.org","@graph":[{"@type":"WebPage","@id":"https:\/\/globalcitieshub.org\/fr\/metropolisbrworld-association-of-the-major-metropolises\/","url":"https:\/\/globalcitieshub.org\/fr\/metropolisbrworld-association-of-the-major-metropolises\/","name":"Metropolis : Association mondiale des grandes m\u00e9tropoles - Global Cities Hub","isPartOf":{"@id":"https:\/\/globalcitieshub.org\/fr\/#website"},"primaryImageOfPage":{"@id":"https:\/\/globalcitieshub.org\/fr\/metropolisbrworld-association-of-the-major-metropolises\/#primaryimage"},"image":{"@id":"https:\/\/globalcitieshub.org\/fr\/metropolisbrworld-association-of-the-major-metropolises\/#primaryimage"},"thumbnailUrl":"https:\/\/globalcitieshub.org\/wp-content\/uploads\/2022\/02\/METROPOLIS-1.png","datePublished":"2022-03-09T11:04:45+00:00","dateModified":"2026-02-18T08:46:11+00:00","description":"Toute autorit\u00e9 publique \u00e0 comp\u00e9tence territoriale ou toute institution ou organisme repr\u00e9sentant une m\u00e9tropole peut devenir membre de Metropolis,","inLanguage":"fr-FR","potentialAction":[{"@type":"ReadAction","target":["https:\/\/globalcitieshub.org\/fr\/metropolisbrworld-association-of-the-major-metropolises\/"]}]},{"@type":"ImageObject","inLanguage":"fr-FR","@id":"https:\/\/globalcitieshub.org\/fr\/metropolisbrworld-association-of-the-major-metropolises\/#primaryimage","url":"https:\/\/globalcitieshub.org\/wp-content\/uploads\/2022\/02\/METROPOLIS-1.png","contentUrl":"https:\/\/globalcitieshub.org\/wp-content\/uploads\/2022\/02\/METROPOLIS-1.png","width":1600,"height":900},{"@type":"WebSite","@id":"https:\/\/globalcitieshub.org\/fr\/#website","url":"https:\/\/globalcitieshub.org\/fr\/","name":"Global Cities Hub","description":"Relier les gouvernements locaux et r\u00e9gionaux aux Nations unies et \u00e0 d'autres organisations internationales","publisher":{"@id":"https:\/\/globalcitieshub.org\/fr\/#organization"},"potentialAction":[{"@type":"SearchAction","target":{"@type":"EntryPoint","urlTemplate":"https:\/\/globalcitieshub.org\/fr\/?s={search_term_string}"},"query-input":{"@type":"PropertyValueSpecification","valueRequired":true,"valueName":"search_term_string"}}],"inLanguage":"fr-FR"},{"@type":"Organization","@id":"https:\/\/globalcitieshub.org\/fr\/#organization","name":"Global Cities Hub","url":"https:\/\/globalcitieshub.org\/fr\/","logo":{"@type":"ImageObject","inLanguage":"fr-FR","@id":"https:\/\/globalcitieshub.org\/fr\/#\/schema\/logo\/image\/","url":"https:\/\/globalcitieshub.org\/wp-content\/uploads\/2023\/09\/230829_Logo_Global_Cities_Hub_Couleur_fond-blanc_RVB.png","contentUrl":"https:\/\/globalcitieshub.org\/wp-content\/uploads\/2023\/09\/230829_Logo_Global_Cities_Hub_Couleur_fond-blanc_RVB.png","width":2544,"height":1446,"caption":"Global Cities Hub"},"image":{"@id":"https:\/\/globalcitieshub.org\/fr\/#\/schema\/logo\/image\/"},"sameAs":["https:\/\/x.com\/genevacitieshub"]}]}},"_links":{"self":[{"href":"https:\/\/globalcitieshub.org\/fr\/wp-json\/wp\/v2\/pages\/15911","targetHints":{"allow":["GET"]}}],"collection":[{"href":"https:\/\/globalcitieshub.org\/fr\/wp-json\/wp\/v2\/pages"}],"about":[{"href":"https:\/\/globalcitieshub.org\/fr\/wp-json\/wp\/v2\/types\/page"}],"author":[{"embeddable":true,"href":"https:\/\/globalcitieshub.org\/fr\/wp-json\/wp\/v2\/users\/1"}],"replies":[{"embeddable":true,"href":"https:\/\/globalcitieshub.org\/fr\/wp-json\/wp\/v2\/comments?post=15911"}],"version-history":[{"count":36,"href":"https:\/\/globalcitieshub.org\/fr\/wp-json\/wp\/v2\/pages\/15911\/revisions"}],"predecessor-version":[{"id":27181,"href":"https:\/\/globalcitieshub.org\/fr\/wp-json\/wp\/v2\/pages\/15911\/revisions\/27181"}],"wp:featuredmedia":[{"embeddable":true,"href":"https:\/\/globalcitieshub.org\/fr\/wp-json\/wp\/v2\/media\/15226"}],"wp:attachment":[{"href":"https:\/\/globalcitieshub.org\/fr\/wp-json\/wp\/v2\/media?parent=15911"}],"curies":[{"name":"wp","href":"https:\/\/api.w.org\/{rel}","templated":true}]}}