{"id":15804,"date":"2022-03-09T09:53:17","date_gmt":"2022-03-09T08:53:17","guid":{"rendered":"https:\/\/www.genevacitieshub.org\/?page_id=15804"},"modified":"2026-02-18T09:36:37","modified_gmt":"2026-02-18T08:36:37","slug":"leading-cities","status":"publish","type":"page","link":"https:\/\/globalcitieshub.org\/fr\/leading-cities\/","title":{"rendered":"Villes principales"},"content":{"rendered":"<div data-elementor-type=\"wp-page\" data-elementor-id=\"15804\" class=\"elementor elementor-15804\">\n\t\t\t\t\t\t<section class=\"elementor-section elementor-top-section elementor-element elementor-element-cc4db18 elementor-section-boxed elementor-section-height-default elementor-section-height-default\" data-id=\"cc4db18\" data-element_type=\"section\" data-e-type=\"section\">\n\t\t\t\t\t\t<div class=\"elementor-container elementor-column-gap-default\">\n\t\t\t\t\t<div class=\"elementor-column elementor-col-100 elementor-top-column elementor-element elementor-element-e5a4463\" data-id=\"e5a4463\" data-element_type=\"column\" data-e-type=\"column\">\n\t\t\t<div class=\"elementor-widget-wrap elementor-element-populated\">\n\t\t\t\t\t\t<div class=\"elementor-element elementor-element-e8a85f8 elementor-widget elementor-widget-text-editor\" data-id=\"e8a85f8\" data-element_type=\"widget\" data-e-type=\"widget\" data-widget_type=\"text-editor.default\">\n\t\t\t\t<div class=\"elementor-widget-container\">\n\t\t\t\t\t\t\t\t\t<h4><span style=\"color: #000000;\"><b>Leading Cities est une organisation mondiale \u00e0 but non lucratif dont la mission est de favoriser la r\u00e9silience et la durabilit\u00e9 dans les villes du monde entier.<\/b><\/span><\/h4>\t\t\t\t\t\t\t\t<\/div>\n\t\t\t\t<\/div>\n\t\t\t\t<div class=\"elementor-element elementor-element-5f598e6 elementor-widget elementor-widget-spacer\" data-id=\"5f598e6\" data-element_type=\"widget\" data-e-type=\"widget\" data-widget_type=\"spacer.default\">\n\t\t\t\t<div class=\"elementor-widget-container\">\n\t\t\t\t\t\t\t<div class=\"elementor-spacer\">\n\t\t\t<div class=\"elementor-spacer-inner\"><\/div>\n\t\t<\/div>\n\t\t\t\t\t\t<\/div>\n\t\t\t\t<\/div>\n\t\t\t\t<div class=\"elementor-element elementor-element-ed38550 elementor-widget elementor-widget-text-editor\" data-id=\"ed38550\" data-element_type=\"widget\" data-e-type=\"widget\" data-widget_type=\"text-editor.default\">\n\t\t\t\t<div class=\"elementor-widget-container\">\n\t\t\t\t\t\t\t\t\t<blockquote><p><span style=\"color: #000000;\">\"Leading Cities est un organisme mondial \u00e0 but non lucratif qui existe pour \u00e9tablir des partenariats avec les dirigeants des villes afin de soutenir leur transition vers des communaut\u00e9s plus intelligentes, plus durables et plus r\u00e9silientes. Si nous pouvons vous aider, vous et votre communaut\u00e9, n'h\u00e9sitez pas \u00e0 nous contacter.\"<\/span><\/p><\/blockquote><p><b>MICHAEL LAKE, PR\u00c9SIDENT ET DIRECTEUR G\u00c9N\u00c9RAL<\/b><\/p>\t\t\t\t\t\t\t\t<\/div>\n\t\t\t\t<\/div>\n\t\t\t\t<div class=\"elementor-element elementor-element-8c2ecfe elementor-widget elementor-widget-spacer\" data-id=\"8c2ecfe\" data-element_type=\"widget\" data-e-type=\"widget\" data-widget_type=\"spacer.default\">\n\t\t\t\t<div class=\"elementor-widget-container\">\n\t\t\t\t\t\t\t<div class=\"elementor-spacer\">\n\t\t\t<div class=\"elementor-spacer-inner\"><\/div>\n\t\t<\/div>\n\t\t\t\t\t\t<\/div>\n\t\t\t\t<\/div>\n\t\t\t\t<div class=\"elementor-element elementor-element-fc2e7fb elementor-widget elementor-widget-text-editor\" data-id=\"fc2e7fb\" data-element_type=\"widget\" data-e-type=\"widget\" data-widget_type=\"text-editor.default\">\n\t\t\t\t<div class=\"elementor-widget-container\">\n\t\t\t\t\t\t\t\t\t<p>Nous travaillons avec les gouvernements municipaux pour identifier et connecter les priorit\u00e9s locales avec des solutions d'origine mondiale examin\u00e9es par des experts. Nous aidons \u00e9galement les startups des villes intelligentes et r\u00e9silientes \u00e0 se pr\u00e9parer \u00e0 un d\u00e9ploiement r\u00e9ussi dans les communaut\u00e9s locales.\u00a0<\/p><p>Leading Cities r\u00e9duit le risque et le co\u00fbt de l'innovation pour les gouvernements locaux. Fond\u00e9 il y a 13 ans, nous avons \u00e9t\u00e9 un pionnier du mouvement des villes intelligentes et r\u00e9silientes. Nous avons commenc\u00e9 par connecter les villes, mais aujourd'hui, nous ne nous contentons pas de connecter les villes entre elles, nous construisons des ponts entre les gouvernements municipaux et les entrepreneurs afin de cr\u00e9er des solutions innovantes pour les d\u00e9fis auxquels les villes sont confront\u00e9es au 21e si\u00e8cle. Notre programme phare, AcceliCITY, est devenu l'un des programmes d'acc\u00e9l\u00e9ration des villes intelligentes et r\u00e9silientes les plus importants et les plus r\u00e9ussis au monde. Chaque ann\u00e9e, nous encadrons plus de 500 startups dans plus de 40 pays. Nous proposons aux villes de les aider \u00e0 concevoir des concours mondiaux pour trouver et s\u00e9lectionner des solutions innovantes. Gr\u00e2ce \u00e0 notre programme AcceliGOV, nous offrons aux villes du monde entier la possibilit\u00e9 de concourir pour des projets pilotes sans frais.\u00a0<\/p><p>\u00a0<\/p>\t\t\t\t\t\t\t\t<\/div>\n\t\t\t\t<\/div>\n\t\t\t\t<div class=\"elementor-element elementor-element-a226b0a elementor-widget elementor-widget-text-editor\" data-id=\"a226b0a\" data-element_type=\"widget\" data-e-type=\"widget\" data-widget_type=\"text-editor.default\">\n\t\t\t\t<div class=\"elementor-widget-container\">\n\t\t\t\t\t\t\t\t\t<h4><span style=\"color: #000000;\"><b>OBJECTIFS PRINCIPAUX<\/b><\/span><\/h4><p>\u00a0<\/p><p>- R\u00e9duire le risque et le co\u00fbt de l'innovation dans les administrations locales.<\/p><p>- Relier les administrations municipales et les solutions innovantes.<\/p><p>- Partager les meilleures pratiques entre les villes.<\/p><p>- Fournir une expertise globale pour planifier, d\u00e9velopper et d\u00e9ployer<\/p><p>des strat\u00e9gies intelligentes et r\u00e9silientes pour les villes.<\/p><p>\u00a0<\/p>\t\t\t\t\t\t\t\t<\/div>\n\t\t\t\t<\/div>\n\t\t\t\t<div class=\"elementor-element elementor-element-d2bf45b elementor-widget elementor-widget-text-editor\" data-id=\"d2bf45b\" data-element_type=\"widget\" data-e-type=\"widget\" data-widget_type=\"text-editor.default\">\n\t\t\t\t<div class=\"elementor-widget-container\">\n\t\t\t\t\t\t\t\t\t<h4><span style=\"color: #000000;\"><strong>PROJETS CL\u00c9S<\/strong><\/span><\/h4><p>\u00a0<\/p><p><b>- AcceliCITY. <\/b>AcceliCITY, l'un des programmes d'acc\u00e9l\u00e9ration les plus importants et les plus r\u00e9ussis au monde, met les villes en relation avec des solutions innovantes. Chaque ann\u00e9e, nous nous associons \u00e0 une poign\u00e9e de villes pour leur proposer des d\u00e9fis intelligents personnalis\u00e9s qui leur permettent de trouver et de valider des solutions r\u00e9pondant \u00e0 leurs besoins.<\/p><p><b>- AcceliGOV.<\/b> Nous offrons aux villes la possibilit\u00e9 de concourir pour des projets pilotes sans frais.<\/p><p><b>- Le conseil. <\/b>Nous offrons un \u00e9ventail de services de conseil et d'expertise pour soutenir les diff\u00e9rentes dimensions des villes intelligentes et les phases de leur d\u00e9veloppement.<\/p><p><b>-<\/b> <b>LaunchPad 11.<\/b> Ce programme offre un espace de travail virtuel aux entreprises qui se concentrent sur l'ODD 11, ainsi que l'acc\u00e8s \u00e0 une communaut\u00e9 internationale d'affaires, de mentorat, de mise en r\u00e9seau et d'\u00e9ducation.<\/p>\t\t\t\t\t\t\t\t<\/div>\n\t\t\t\t<\/div>\n\t\t\t\t<div class=\"elementor-element elementor-element-a7312cd elementor-widget elementor-widget-spacer\" data-id=\"a7312cd\" data-element_type=\"widget\" data-e-type=\"widget\" data-widget_type=\"spacer.default\">\n\t\t\t\t<div class=\"elementor-widget-container\">\n\t\t\t\t\t\t\t<div class=\"elementor-spacer\">\n\t\t\t<div class=\"elementor-spacer-inner\"><\/div>\n\t\t<\/div>\n\t\t\t\t\t\t<\/div>\n\t\t\t\t<\/div>\n\t\t\t\t<div class=\"elementor-element elementor-element-56974b7 elementor-widget elementor-widget-text-editor\" data-id=\"56974b7\" data-element_type=\"widget\" data-e-type=\"widget\" data-widget_type=\"text-editor.default\">\n\t\t\t\t<div class=\"elementor-widget-container\">\n\t\t\t\t\t\t\t\t\t<h4><strong><span style=\"color: #000000;\">INFORMATIONS DE CONTACT<\/span><\/strong><\/h4>\t\t\t\t\t\t\t\t<\/div>\n\t\t\t\t<\/div>\n\t\t\t\t\t<\/div>\n\t\t<\/div>\n\t\t\t\t\t<\/div>\n\t\t<\/section>\n\t\t\t\t<section class=\"elementor-section elementor-top-section elementor-element elementor-element-33fe1de elementor-section-boxed elementor-section-height-default elementor-section-height-default\" data-id=\"33fe1de\" data-element_type=\"section\" data-e-type=\"section\">\n\t\t\t\t\t\t<div class=\"elementor-container elementor-column-gap-default\">\n\t\t\t\t\t<div class=\"elementor-column elementor-col-33 elementor-top-column elementor-element elementor-element-55d4a04\" data-id=\"55d4a04\" data-element_type=\"column\" data-e-type=\"column\">\n\t\t\t<div class=\"elementor-widget-wrap elementor-element-populated\">\n\t\t\t\t\t\t<div class=\"elementor-element elementor-element-300edf0 elementor-align-center elementor-widget elementor-widget-button\" data-id=\"300edf0\" data-element_type=\"widget\" data-e-type=\"widget\" data-widget_type=\"button.default\">\n\t\t\t\t<div class=\"elementor-widget-container\">\n\t\t\t\t\t\t\t\t\t<div class=\"elementor-button-wrapper\">\n\t\t\t\t\t<a class=\"elementor-button elementor-button-link elementor-size-sm\" href=\"http:\/\/www.leadingcities.org\/\" target=\"_blank\">\n\t\t\t\t\t\t<span class=\"elementor-button-content-wrapper\">\n\t\t\t\t\t\t\t\t\t<span class=\"elementor-button-text\">Site web des villes chefs de file<\/span>\n\t\t\t\t\t<\/span>\n\t\t\t\t\t<\/a>\n\t\t\t\t<\/div>\n\t\t\t\t\t\t\t\t<\/div>\n\t\t\t\t<\/div>\n\t\t\t\t\t<\/div>\n\t\t<\/div>\n\t\t\t\t<div class=\"elementor-column elementor-col-33 elementor-top-column elementor-element elementor-element-fb0311e\" data-id=\"fb0311e\" data-element_type=\"column\" data-e-type=\"column\">\n\t\t\t<div class=\"elementor-widget-wrap\">\n\t\t\t\t\t\t\t<\/div>\n\t\t<\/div>\n\t\t\t\t<div class=\"elementor-column elementor-col-33 elementor-top-column elementor-element elementor-element-311c736\" data-id=\"311c736\" data-element_type=\"column\" data-e-type=\"column\">\n\t\t\t<div class=\"elementor-widget-wrap elementor-element-populated\">\n\t\t\t\t\t\t<div class=\"elementor-element elementor-element-237992a elementor-align-center elementor-widget elementor-widget-button\" data-id=\"237992a\" data-element_type=\"widget\" data-e-type=\"widget\" data-widget_type=\"button.default\">\n\t\t\t\t<div class=\"elementor-widget-container\">\n\t\t\t\t\t\t\t\t\t<div class=\"elementor-button-wrapper\">\n\t\t\t\t\t<a class=\"elementor-button elementor-button-link elementor-size-sm\" href=\"mailto:Info@LeadingCities.org\">\n\t\t\t\t\t\t<span class=\"elementor-button-content-wrapper\">\n\t\t\t\t\t\t\t\t\t<span class=\"elementor-button-text\">Contact<\/span>\n\t\t\t\t\t<\/span>\n\t\t\t\t\t<\/a>\n\t\t\t\t<\/div>\n\t\t\t\t\t\t\t\t<\/div>\n\t\t\t\t<\/div>\n\t\t\t\t<div class=\"elementor-element elementor-element-c08273a elementor-align-center elementor-widget elementor-widget-button\" data-id=\"c08273a\" data-element_type=\"widget\" data-e-type=\"widget\" data-widget_type=\"button.default\">\n\t\t\t\t<div class=\"elementor-widget-container\">\n\t\t\t\t\t\t\t\t\t<div class=\"elementor-button-wrapper\">\n\t\t\t\t\t<a class=\"elementor-button elementor-size-sm\" role=\"button\">\n\t\t\t\t\t\t<span class=\"elementor-button-content-wrapper\">\n\t\t\t\t\t\t<span class=\"elementor-button-icon\">\n\t\t\t\t<i aria-hidden=\"true\" class=\"fas fa-phone-alt\"><\/i>\t\t\t<\/span>\n\t\t\t\t\t\t\t\t\t<span class=\"elementor-button-text\">+1-617-506-3499<\/span>\n\t\t\t\t\t<\/span>\n\t\t\t\t\t<\/a>\n\t\t\t\t<\/div>\n\t\t\t\t\t\t\t\t<\/div>\n\t\t\t\t<\/div>\n\t\t\t\t\t<\/div>\n\t\t<\/div>\n\t\t\t\t\t<\/div>\n\t\t<\/section>\n\t\t\t\t<\/div>","protected":false},"excerpt":{"rendered":"<p>Leading Cities est une organisation mondiale \u00e0 but non lucratif dont la mission est de favoriser la r\u00e9silience et la durabilit\u00e9 dans les villes du monde entier. \"Leading Cities est une organisation mondiale \u00e0 but non lucratif dont l'objectif est d'\u00e9tablir des partenariats avec les dirigeants des villes afin de les aider \u00e0 passer \u00e0 des communaut\u00e9s plus intelligentes, plus durables et plus r\u00e9silientes. Si nous pouvons vous aider, vous et votre communaut\u00e9, n'h\u00e9sitez pas \u00e0 nous contacter... <\/p>","protected":false},"author":1,"featured_media":15223,"parent":0,"menu_order":0,"comment_status":"closed","ping_status":"closed","template":"","meta":{"_monsterinsights_skip_tracking":false,"_monsterinsights_sitenote_active":false,"_monsterinsights_sitenote_note":"","_monsterinsights_sitenote_category":0,"footnotes":""},"class_list":["post-15804","page","type-page","status-publish","has-post-thumbnail","hentry"],"yoast_head":"<!-- This site is optimized with the Yoast SEO plugin v27.3 - https:\/\/yoast.com\/product\/yoast-seo-wordpress\/ -->\n<title>Leading Cities - Global Cities Hub<\/title>\n<meta name=\"description\" content=\"Leading Cities is a global non-profit organization with a mission to drive resiliency and sustainability in cities worldwide.\" \/>\n<meta name=\"robots\" content=\"index, follow, max-snippet:-1, max-image-preview:large, max-video-preview:-1\" \/>\n<link rel=\"canonical\" href=\"https:\/\/globalcitieshub.org\/fr\/leading-cities\/\" \/>\n<meta property=\"og:locale\" content=\"fr_FR\" \/>\n<meta property=\"og:type\" content=\"article\" \/>\n<meta property=\"og:title\" content=\"Leading Cities - Global Cities Hub\" \/>\n<meta property=\"og:description\" content=\"Leading Cities is a global non-profit organization with a mission to drive resiliency and sustainability in cities worldwide.\" \/>\n<meta property=\"og:url\" content=\"https:\/\/globalcitieshub.org\/fr\/leading-cities\/\" \/>\n<meta property=\"og:site_name\" content=\"Global Cities Hub\" \/>\n<meta property=\"article:modified_time\" content=\"2026-02-18T08:36:37+00:00\" \/>\n<meta property=\"og:image\" content=\"https:\/\/globalcitieshub.org\/wp-content\/uploads\/2022\/02\/LEADING-CITIES-1.png\" \/>\n\t<meta property=\"og:image:width\" content=\"1600\" \/>\n\t<meta property=\"og:image:height\" content=\"900\" \/>\n\t<meta property=\"og:image:type\" content=\"image\/png\" \/>\n<meta name=\"twitter:card\" content=\"summary_large_image\" \/>\n<meta name=\"twitter:site\" content=\"@genevacitieshub\" \/>\n<meta name=\"twitter:label1\" content=\"Dur\u00e9e de lecture estim\u00e9e\" \/>\n\t<meta name=\"twitter:data1\" content=\"2 minutes\" \/>\n<script type=\"application\/ld+json\" class=\"yoast-schema-graph\">{\"@context\":\"https:\\\/\\\/schema.org\",\"@graph\":[{\"@type\":\"WebPage\",\"@id\":\"https:\\\/\\\/globalcitieshub.org\\\/fr\\\/leading-cities\\\/\",\"url\":\"https:\\\/\\\/globalcitieshub.org\\\/fr\\\/leading-cities\\\/\",\"name\":\"Leading Cities - Global Cities Hub\",\"isPartOf\":{\"@id\":\"https:\\\/\\\/globalcitieshub.org\\\/fr\\\/#website\"},\"primaryImageOfPage\":{\"@id\":\"https:\\\/\\\/globalcitieshub.org\\\/fr\\\/leading-cities\\\/#primaryimage\"},\"image\":{\"@id\":\"https:\\\/\\\/globalcitieshub.org\\\/fr\\\/leading-cities\\\/#primaryimage\"},\"thumbnailUrl\":\"https:\\\/\\\/globalcitieshub.org\\\/wp-content\\\/uploads\\\/2022\\\/02\\\/LEADING-CITIES-1.png\",\"datePublished\":\"2022-03-09T08:53:17+00:00\",\"dateModified\":\"2026-02-18T08:36:37+00:00\",\"description\":\"Leading Cities is a global non-profit organization with a mission to drive resiliency and sustainability in cities worldwide.\",\"inLanguage\":\"fr-FR\",\"potentialAction\":[{\"@type\":\"ReadAction\",\"target\":[\"https:\\\/\\\/globalcitieshub.org\\\/fr\\\/leading-cities\\\/\"]}]},{\"@type\":\"ImageObject\",\"inLanguage\":\"fr-FR\",\"@id\":\"https:\\\/\\\/globalcitieshub.org\\\/fr\\\/leading-cities\\\/#primaryimage\",\"url\":\"https:\\\/\\\/globalcitieshub.org\\\/wp-content\\\/uploads\\\/2022\\\/02\\\/LEADING-CITIES-1.png\",\"contentUrl\":\"https:\\\/\\\/globalcitieshub.org\\\/wp-content\\\/uploads\\\/2022\\\/02\\\/LEADING-CITIES-1.png\",\"width\":1600,\"height\":900},{\"@type\":\"WebSite\",\"@id\":\"https:\\\/\\\/globalcitieshub.org\\\/fr\\\/#website\",\"url\":\"https:\\\/\\\/globalcitieshub.org\\\/fr\\\/\",\"name\":\"Global Cities Hub\",\"description\":\"Connecting local and regional governments to the United Nations and other  international organizations\",\"publisher\":{\"@id\":\"https:\\\/\\\/globalcitieshub.org\\\/fr\\\/#organization\"},\"potentialAction\":[{\"@type\":\"SearchAction\",\"target\":{\"@type\":\"EntryPoint\",\"urlTemplate\":\"https:\\\/\\\/globalcitieshub.org\\\/fr\\\/?s={search_term_string}\"},\"query-input\":{\"@type\":\"PropertyValueSpecification\",\"valueRequired\":true,\"valueName\":\"search_term_string\"}}],\"inLanguage\":\"fr-FR\"},{\"@type\":\"Organization\",\"@id\":\"https:\\\/\\\/globalcitieshub.org\\\/fr\\\/#organization\",\"name\":\"Global Cities Hub\",\"url\":\"https:\\\/\\\/globalcitieshub.org\\\/fr\\\/\",\"logo\":{\"@type\":\"ImageObject\",\"inLanguage\":\"fr-FR\",\"@id\":\"https:\\\/\\\/globalcitieshub.org\\\/fr\\\/#\\\/schema\\\/logo\\\/image\\\/\",\"url\":\"https:\\\/\\\/globalcitieshub.org\\\/wp-content\\\/uploads\\\/2023\\\/09\\\/230829_Logo_Global_Cities_Hub_Couleur_fond-blanc_RVB.png\",\"contentUrl\":\"https:\\\/\\\/globalcitieshub.org\\\/wp-content\\\/uploads\\\/2023\\\/09\\\/230829_Logo_Global_Cities_Hub_Couleur_fond-blanc_RVB.png\",\"width\":2544,\"height\":1446,\"caption\":\"Global Cities Hub\"},\"image\":{\"@id\":\"https:\\\/\\\/globalcitieshub.org\\\/fr\\\/#\\\/schema\\\/logo\\\/image\\\/\"},\"sameAs\":[\"https:\\\/\\\/x.com\\\/genevacitieshub\"]}]}<\/script>\n<!-- \/ Yoast SEO plugin. -->","yoast_head_json":{"title":"Villes pilotes - Global Cities Hub","description":"Leading Cities est une organisation mondiale \u00e0 but non lucratif dont la mission est de favoriser la r\u00e9silience et la durabilit\u00e9 dans les villes du monde entier.","robots":{"index":"index","follow":"follow","max-snippet":"max-snippet:-1","max-image-preview":"max-image-preview:large","max-video-preview":"max-video-preview:-1"},"canonical":"https:\/\/globalcitieshub.org\/fr\/leading-cities\/","og_locale":"fr_FR","og_type":"article","og_title":"Leading Cities - Global Cities Hub","og_description":"Leading Cities is a global non-profit organization with a mission to drive resiliency and sustainability in cities worldwide.","og_url":"https:\/\/globalcitieshub.org\/fr\/leading-cities\/","og_site_name":"Global Cities Hub","article_modified_time":"2026-02-18T08:36:37+00:00","og_image":[{"width":1600,"height":900,"url":"https:\/\/globalcitieshub.org\/wp-content\/uploads\/2022\/02\/LEADING-CITIES-1.png","type":"image\/png"}],"twitter_card":"summary_large_image","twitter_site":"@genevacitieshub","twitter_misc":{"Dur\u00e9e de lecture estim\u00e9e":"2 minutes"},"schema":{"@context":"https:\/\/schema.org","@graph":[{"@type":"WebPage","@id":"https:\/\/globalcitieshub.org\/fr\/leading-cities\/","url":"https:\/\/globalcitieshub.org\/fr\/leading-cities\/","name":"Villes pilotes - Global Cities Hub","isPartOf":{"@id":"https:\/\/globalcitieshub.org\/fr\/#website"},"primaryImageOfPage":{"@id":"https:\/\/globalcitieshub.org\/fr\/leading-cities\/#primaryimage"},"image":{"@id":"https:\/\/globalcitieshub.org\/fr\/leading-cities\/#primaryimage"},"thumbnailUrl":"https:\/\/globalcitieshub.org\/wp-content\/uploads\/2022\/02\/LEADING-CITIES-1.png","datePublished":"2022-03-09T08:53:17+00:00","dateModified":"2026-02-18T08:36:37+00:00","description":"Leading Cities est une organisation mondiale \u00e0 but non lucratif dont la mission est de favoriser la r\u00e9silience et la durabilit\u00e9 dans les villes du monde entier.","inLanguage":"fr-FR","potentialAction":[{"@type":"ReadAction","target":["https:\/\/globalcitieshub.org\/fr\/leading-cities\/"]}]},{"@type":"ImageObject","inLanguage":"fr-FR","@id":"https:\/\/globalcitieshub.org\/fr\/leading-cities\/#primaryimage","url":"https:\/\/globalcitieshub.org\/wp-content\/uploads\/2022\/02\/LEADING-CITIES-1.png","contentUrl":"https:\/\/globalcitieshub.org\/wp-content\/uploads\/2022\/02\/LEADING-CITIES-1.png","width":1600,"height":900},{"@type":"WebSite","@id":"https:\/\/globalcitieshub.org\/fr\/#website","url":"https:\/\/globalcitieshub.org\/fr\/","name":"Global Cities Hub","description":"Relier les gouvernements locaux et r\u00e9gionaux aux Nations unies et \u00e0 d'autres organisations internationales","publisher":{"@id":"https:\/\/globalcitieshub.org\/fr\/#organization"},"potentialAction":[{"@type":"SearchAction","target":{"@type":"EntryPoint","urlTemplate":"https:\/\/globalcitieshub.org\/fr\/?s={search_term_string}"},"query-input":{"@type":"PropertyValueSpecification","valueRequired":true,"valueName":"search_term_string"}}],"inLanguage":"fr-FR"},{"@type":"Organization","@id":"https:\/\/globalcitieshub.org\/fr\/#organization","name":"Global Cities Hub","url":"https:\/\/globalcitieshub.org\/fr\/","logo":{"@type":"ImageObject","inLanguage":"fr-FR","@id":"https:\/\/globalcitieshub.org\/fr\/#\/schema\/logo\/image\/","url":"https:\/\/globalcitieshub.org\/wp-content\/uploads\/2023\/09\/230829_Logo_Global_Cities_Hub_Couleur_fond-blanc_RVB.png","contentUrl":"https:\/\/globalcitieshub.org\/wp-content\/uploads\/2023\/09\/230829_Logo_Global_Cities_Hub_Couleur_fond-blanc_RVB.png","width":2544,"height":1446,"caption":"Global Cities Hub"},"image":{"@id":"https:\/\/globalcitieshub.org\/fr\/#\/schema\/logo\/image\/"},"sameAs":["https:\/\/x.com\/genevacitieshub"]}]}},"_links":{"self":[{"href":"https:\/\/globalcitieshub.org\/fr\/wp-json\/wp\/v2\/pages\/15804","targetHints":{"allow":["GET"]}}],"collection":[{"href":"https:\/\/globalcitieshub.org\/fr\/wp-json\/wp\/v2\/pages"}],"about":[{"href":"https:\/\/globalcitieshub.org\/fr\/wp-json\/wp\/v2\/types\/page"}],"author":[{"embeddable":true,"href":"https:\/\/globalcitieshub.org\/fr\/wp-json\/wp\/v2\/users\/1"}],"replies":[{"embeddable":true,"href":"https:\/\/globalcitieshub.org\/fr\/wp-json\/wp\/v2\/comments?post=15804"}],"version-history":[{"count":27,"href":"https:\/\/globalcitieshub.org\/fr\/wp-json\/wp\/v2\/pages\/15804\/revisions"}],"predecessor-version":[{"id":27166,"href":"https:\/\/globalcitieshub.org\/fr\/wp-json\/wp\/v2\/pages\/15804\/revisions\/27166"}],"wp:featuredmedia":[{"embeddable":true,"href":"https:\/\/globalcitieshub.org\/fr\/wp-json\/wp\/v2\/media\/15223"}],"wp:attachment":[{"href":"https:\/\/globalcitieshub.org\/fr\/wp-json\/wp\/v2\/media?parent=15804"}],"curies":[{"name":"wp","href":"https:\/\/api.w.org\/{rel}","templated":true}]}}