{"id":15770,"date":"2022-03-09T09:11:26","date_gmt":"2022-03-09T08:11:26","guid":{"rendered":"https:\/\/www.genevacitieshub.org\/?page_id=15770"},"modified":"2026-02-18T09:26:38","modified_gmt":"2026-02-18T08:26:38","slug":"international-cities-of-refuge-network","status":"publish","type":"page","link":"https:\/\/globalcitieshub.org\/fr\/international-cities-of-refuge-network\/","title":{"rendered":"R\u00e9seau international des villes de refuge"},"content":{"rendered":"<div data-elementor-type=\"wp-page\" data-elementor-id=\"15770\" class=\"elementor elementor-15770\">\n\t\t\t\t\t\t<section class=\"elementor-section elementor-top-section elementor-element elementor-element-09c1276 elementor-section-boxed elementor-section-height-default elementor-section-height-default\" data-id=\"09c1276\" data-element_type=\"section\" data-e-type=\"section\">\n\t\t\t\t\t\t<div class=\"elementor-container elementor-column-gap-default\">\n\t\t\t\t\t<div class=\"elementor-column elementor-col-100 elementor-top-column elementor-element elementor-element-d2c5cf8\" data-id=\"d2c5cf8\" data-element_type=\"column\" data-e-type=\"column\">\n\t\t\t<div class=\"elementor-widget-wrap elementor-element-populated\">\n\t\t\t\t\t\t<div class=\"elementor-element elementor-element-577ecb1 elementor-widget elementor-widget-text-editor\" data-id=\"577ecb1\" data-element_type=\"widget\" data-e-type=\"widget\" data-widget_type=\"text-editor.default\">\n\t\t\t\t<div class=\"elementor-widget-container\">\n\t\t\t\t\t\t\t\t\t<h4><span style=\"color: #000000;\"><b>\u00c0 l'heure actuelle, ICORN est compos\u00e9 de 84 villes et r\u00e9gions \u00e0 travers l'Europe et les Am\u00e9riques. Chaque membre d'ICORN s'engage \u00e0 fournir une protection et un soutien par le biais de r\u00e9sidences temporaires de protection pour les \u00e9crivains, les artistes et les journalistes en danger. En encourageant des partenariats solides entre les autorit\u00e9s locales et la soci\u00e9t\u00e9 civile au sein d'un r\u00e9seau mondial, la mission commune des villes refuges d'ICORN est d'apporter une contribution \u00e0 la fois symbolique et pratique \u00e0 l'am\u00e9lioration des conditions de la libert\u00e9 d'expression dans le monde entier.\u00a0<\/b><\/span><\/h4>\t\t\t\t\t\t\t\t<\/div>\n\t\t\t\t<\/div>\n\t\t\t\t<div class=\"elementor-element elementor-element-4b6685a elementor-widget elementor-widget-spacer\" data-id=\"4b6685a\" data-element_type=\"widget\" data-e-type=\"widget\" data-widget_type=\"spacer.default\">\n\t\t\t\t<div class=\"elementor-widget-container\">\n\t\t\t\t\t\t\t<div class=\"elementor-spacer\">\n\t\t\t<div class=\"elementor-spacer-inner\"><\/div>\n\t\t<\/div>\n\t\t\t\t\t\t<\/div>\n\t\t\t\t<\/div>\n\t\t\t\t<div class=\"elementor-element elementor-element-1d446ca elementor-widget elementor-widget-image\" data-id=\"1d446ca\" data-element_type=\"widget\" data-e-type=\"widget\" data-widget_type=\"image.default\">\n\t\t\t\t<div class=\"elementor-widget-container\">\n\t\t\t\t\t\t\t\t\t\t\t\t\t\t\t<img width=\"300\" height=\"103\" class=\"attachment-medium size-medium wp-image-17187 lazy\" alt=\"\" data-src=\"https:\/\/globalcitieshub.org\/wp-content\/uploads\/2022\/07\/ICORNlogo_landscape_sub_rgb_PNG_COLOUR-300x103.png\" data-lazy=\"https:\/\/globalcitieshub.org\/wp-content\/uploads\/2022\/07\/ICORNlogo_landscape_sub_rgb_PNG_COLOUR-300x103.png\" \/>\t\t\t\t\t\t\t\t\t\t\t\t\t\t\t<\/div>\n\t\t\t\t<\/div>\n\t\t\t\t<div class=\"elementor-element elementor-element-e1ad69f elementor-widget elementor-widget-spacer\" data-id=\"e1ad69f\" data-element_type=\"widget\" data-e-type=\"widget\" data-widget_type=\"spacer.default\">\n\t\t\t\t<div class=\"elementor-widget-container\">\n\t\t\t\t\t\t\t<div class=\"elementor-spacer\">\n\t\t\t<div class=\"elementor-spacer-inner\"><\/div>\n\t\t<\/div>\n\t\t\t\t\t\t<\/div>\n\t\t\t\t<\/div>\n\t\t\t\t<div class=\"elementor-element elementor-element-4bd03ab elementor-widget elementor-widget-text-editor\" data-id=\"4bd03ab\" data-element_type=\"widget\" data-e-type=\"widget\" data-widget_type=\"text-editor.default\">\n\t\t\t\t<div class=\"elementor-widget-container\">\n\t\t\t\t\t\t\t\t\t<blockquote><p><span style=\"color: #000000;\">\"Les espaces de libert\u00e9 d'expression se r\u00e9duisent \u00e0 l'\u00e9chelle mondiale. C'est la t\u00e2che d'ICORN de mobiliser les villes du monde entier pour qu'elles deviennent des acteurs engag\u00e9s pour les droits de l'homme et la libert\u00e9 d'expression, en faisant des valeurs de solidarit\u00e9, de cr\u00e9ativit\u00e9 et d'hospitalit\u00e9 des priorit\u00e9s centrales de la politique de chaque ville.\"<\/span><\/p><\/blockquote><p><b>HELGE LUNDE, DIRECTEUR EX\u00c9CUTIF D'ICORN<\/b><\/p>\t\t\t\t\t\t\t\t<\/div>\n\t\t\t\t<\/div>\n\t\t\t\t<div class=\"elementor-element elementor-element-80a1601 elementor-widget elementor-widget-spacer\" data-id=\"80a1601\" data-element_type=\"widget\" data-e-type=\"widget\" data-widget_type=\"spacer.default\">\n\t\t\t\t<div class=\"elementor-widget-container\">\n\t\t\t\t\t\t\t<div class=\"elementor-spacer\">\n\t\t\t<div class=\"elementor-spacer-inner\"><\/div>\n\t\t<\/div>\n\t\t\t\t\t\t<\/div>\n\t\t\t\t<\/div>\n\t\t\t\t<div class=\"elementor-element elementor-element-54158fa elementor-widget elementor-widget-text-editor\" data-id=\"54158fa\" data-element_type=\"widget\" data-e-type=\"widget\" data-widget_type=\"text-editor.default\">\n\t\t\t\t<div class=\"elementor-widget-container\">\n\t\t\t\t\t\t\t\t\t<h4><span style=\"color: #000000;\"><b>VISION<\/b><\/span><\/h4><div><span style=\"color: #000000;\"><b>\u00a0<\/b><\/span><\/div><p>La vision d'ICORN \u00e9tant ax\u00e9e sur l'am\u00e9lioration des conditions de la libert\u00e9 d'expression pour tous, notre mission est de mobiliser les villes du monde entier pour assurer la s\u00e9curit\u00e9 et le soutien des \u00e9crivains, des artistes et des journalistes pers\u00e9cut\u00e9s en raison de leur expression. Dans un monde qui devient de plus en plus mena\u00e7ant pour les \u00e9crivains, les artistes et les journalistes qui disent la v\u00e9rit\u00e9 au pouvoir, ils prennent des risques pour nous tous. La protection et la promotion de leurs voix sont devenues de plus en plus n\u00e9cessaires. Promouvant la solidarit\u00e9 internationale et les valeurs d\u00e9mocratiques, nous agissons avec nos membres, nos partenaires et nos d\u00e9fenseurs pour am\u00e9liorer les conditions de la libert\u00e9 d'expression en tant que droit humain fondamental.\u00a0<\/p>\t\t\t\t\t\t\t\t<\/div>\n\t\t\t\t<\/div>\n\t\t\t\t<div class=\"elementor-element elementor-element-acc5749 elementor-widget elementor-widget-text-editor\" data-id=\"acc5749\" data-element_type=\"widget\" data-e-type=\"widget\" data-widget_type=\"text-editor.default\">\n\t\t\t\t<div class=\"elementor-widget-container\">\n\t\t\t\t\t\t\t\t\t<h4><span style=\"color: #000000;\"><b>MISSION<\/b><\/span><\/h4><p>\u00a0<\/p><p>ICORN permet aux villes du monde entier d'offrir un refuge aux \u00e9crivains et aux artistes pers\u00e9cut\u00e9s, en travaillant ensemble pour<\/p><p>- faire progresser la libert\u00e9 d'expression.<\/p><p>- d\u00e9fendre les valeurs d\u00e9mocratiques.<\/p><p>- promouvoir la solidarit\u00e9 internationale<\/p><p>\u00a0<\/p>\t\t\t\t\t\t\t\t<\/div>\n\t\t\t\t<\/div>\n\t\t\t\t<div class=\"elementor-element elementor-element-e88b2b5 elementor-widget elementor-widget-text-editor\" data-id=\"e88b2b5\" data-element_type=\"widget\" data-e-type=\"widget\" data-widget_type=\"text-editor.default\">\n\t\t\t\t<div class=\"elementor-widget-container\">\n\t\t\t\t\t\t\t\t\t<h4><span style=\"color: #000000;\"><strong>OBJECTIFS PRINCIPAUX<\/strong><\/span><\/h4><p>\u00a0<\/p><p>L'objectif principal d'ICORN est d'am\u00e9liorer les conditions de la libert\u00e9 d'expression dans le monde en incitant les villes \u00e0 devenir des ambassadeurs des droits de l'homme et de la libert\u00e9 d'expression. ICORN offre des espaces o\u00f9 les \u00e9crivains, les artistes et les journalistes en danger peuvent s'exprimer librement et poursuivre leurs activit\u00e9s professionnelles dans un environnement s\u00fbr, renfor\u00e7ant ainsi l'impact de leur travail et sensibilisant aux violations des droits de l'homme dans le monde.\u00a0<\/p>\t\t\t\t\t\t\t\t<\/div>\n\t\t\t\t<\/div>\n\t\t\t\t<div class=\"elementor-element elementor-element-98063c8 elementor-widget elementor-widget-text-editor\" data-id=\"98063c8\" data-element_type=\"widget\" data-e-type=\"widget\" data-widget_type=\"text-editor.default\">\n\t\t\t\t<div class=\"elementor-widget-container\">\n\t\t\t\t\t\t\t\t\t<blockquote style=\"text-align: justify;\"><p><span style=\"color: #000000;\">\"ICORN et ses villes membres ne peuvent jamais travailler et op\u00e9rer dans le vide. Nous d\u00e9pendons totalement d'un nombre croissant de partenaires et d'organismes et organisations coop\u00e9ratifs, qui travaillent ensemble pour faire du monde un endroit plus libre et meilleur pour tous.\"\u00a0<\/span><\/p><\/blockquote>\t\t\t\t\t\t\t\t<\/div>\n\t\t\t\t<\/div>\n\t\t\t\t<div class=\"elementor-element elementor-element-b8d4608 elementor-widget elementor-widget-text-editor\" data-id=\"b8d4608\" data-element_type=\"widget\" data-e-type=\"widget\" data-widget_type=\"text-editor.default\">\n\t\t\t\t<div class=\"elementor-widget-container\">\n\t\t\t\t\t\t\t\t\t<p><span style=\"color: #000000;\"><strong>PROJETS CL\u00c9S<\/strong><\/span><\/p><p>\u00a0<\/p><ul><li><span style=\"color: #000000;\">Les projets actuels et futurs d'ICORN sont les suivants<\/span><\/li><li><span style=\"color: #000000;\">Poursuite du soutien aux \u00e9crivains, artistes et journalistes en danger gr\u00e2ce \u00e0 des r\u00e9sidences de protection dans les villes de refuge d'ICORN.\u00a0<\/span><\/li><li><span style=\"color: #000000;\">Poursuite de l'expansion du r\u00e9seau des villes refuges ICORN, ce qui permet d'augmenter le nombre de r\u00e9sidences ICORN.<\/span><\/li><li><span style=\"color: #000000;\">Maintien des villes de refuge ICORN existantes et ancrage du programme ICORN en leur sein.\u00a0<\/span><\/li><li><span style=\"color: #000000;\">Poursuite de la coop\u00e9ration avec nos partenaires et organisations s\u0153urs pour prot\u00e9ger et promouvoir les \u00e9crivains, artistes et journalistes en danger et am\u00e9liorer les conditions de la libert\u00e9 d'expression dans le monde entier.<\/span><\/li><li><span style=\"color: #000000;\">Faciliter les aspects juridiques et administratifs des processus de relocalisation.<\/span><\/li><li><span style=\"color: #000000;\">Travailler sur un nouveau plan strat\u00e9gique pour ICORN pour la p\u00e9riode 2024-2028.<\/span><\/li><\/ul>\t\t\t\t\t\t\t\t<\/div>\n\t\t\t\t<\/div>\n\t\t\t\t<div class=\"elementor-element elementor-element-62a7259 elementor-widget elementor-widget-text-editor\" data-id=\"62a7259\" data-element_type=\"widget\" data-e-type=\"widget\" data-widget_type=\"text-editor.default\">\n\t\t\t\t<div class=\"elementor-widget-container\">\n\t\t\t\t\t\t\t\t\t<p><span style=\"color: #000000;\"><b>INFORMATIONS DE CONTACT<\/b><\/span><\/p>\t\t\t\t\t\t\t\t<\/div>\n\t\t\t\t<\/div>\n\t\t\t\t\t<\/div>\n\t\t<\/div>\n\t\t\t\t\t<\/div>\n\t\t<\/section>\n\t\t\t\t<section class=\"elementor-section elementor-top-section elementor-element elementor-element-2508535 elementor-section-boxed elementor-section-height-default elementor-section-height-default\" data-id=\"2508535\" data-element_type=\"section\" data-e-type=\"section\">\n\t\t\t\t\t\t<div class=\"elementor-container elementor-column-gap-default\">\n\t\t\t\t\t<div class=\"elementor-column elementor-col-33 elementor-top-column elementor-element elementor-element-0921de3\" data-id=\"0921de3\" data-element_type=\"column\" data-e-type=\"column\">\n\t\t\t<div class=\"elementor-widget-wrap elementor-element-populated\">\n\t\t\t\t\t\t<div class=\"elementor-element elementor-element-f13c4cc elementor-align-center elementor-widget elementor-widget-button\" data-id=\"f13c4cc\" data-element_type=\"widget\" data-e-type=\"widget\" data-widget_type=\"button.default\">\n\t\t\t\t<div class=\"elementor-widget-container\">\n\t\t\t\t\t\t\t\t\t<div class=\"elementor-button-wrapper\">\n\t\t\t\t\t<a class=\"elementor-button elementor-button-link elementor-size-sm\" href=\"http:\/\/www.icorn.org\/\" target=\"_blank\">\n\t\t\t\t\t\t<span class=\"elementor-button-content-wrapper\">\n\t\t\t\t\t\t\t\t\t<span class=\"elementor-button-text\">Site web de l'ICORN<\/span>\n\t\t\t\t\t<\/span>\n\t\t\t\t\t<\/a>\n\t\t\t\t<\/div>\n\t\t\t\t\t\t\t\t<\/div>\n\t\t\t\t<\/div>\n\t\t\t\t\t<\/div>\n\t\t<\/div>\n\t\t\t\t<div class=\"elementor-column elementor-col-33 elementor-top-column elementor-element elementor-element-46a0ced\" data-id=\"46a0ced\" data-element_type=\"column\" data-e-type=\"column\">\n\t\t\t<div class=\"elementor-widget-wrap elementor-element-populated\">\n\t\t\t\t\t\t<div class=\"elementor-element elementor-element-8845432 elementor-align-center elementor-widget elementor-widget-button\" data-id=\"8845432\" data-element_type=\"widget\" data-e-type=\"widget\" data-widget_type=\"button.default\">\n\t\t\t\t<div class=\"elementor-widget-container\">\n\t\t\t\t\t\t\t\t\t<div class=\"elementor-button-wrapper\">\n\t\t\t\t\t<a class=\"elementor-button elementor-button-link elementor-size-sm\" href=\"mailto:helge@icorn.org\">\n\t\t\t\t\t\t<span class=\"elementor-button-content-wrapper\">\n\t\t\t\t\t\t<span class=\"elementor-button-icon\">\n\t\t\t\t<i aria-hidden=\"true\" class=\"far fa-user\"><\/i>\t\t\t<\/span>\n\t\t\t\t\t\t\t\t\t<span class=\"elementor-button-text\">M. HELGE LUNDE <br>  Directeur ex\u00e9cutif<\/span>\n\t\t\t\t\t<\/span>\n\t\t\t\t\t<\/a>\n\t\t\t\t<\/div>\n\t\t\t\t\t\t\t\t<\/div>\n\t\t\t\t<\/div>\n\t\t\t\t\t<\/div>\n\t\t<\/div>\n\t\t\t\t<div class=\"elementor-column elementor-col-33 elementor-top-column elementor-element elementor-element-6f35421\" data-id=\"6f35421\" data-element_type=\"column\" data-e-type=\"column\">\n\t\t\t<div class=\"elementor-widget-wrap elementor-element-populated\">\n\t\t\t\t\t\t<div class=\"elementor-element elementor-element-1665ba0 elementor-align-center elementor-widget elementor-widget-button\" data-id=\"1665ba0\" data-element_type=\"widget\" data-e-type=\"widget\" data-widget_type=\"button.default\">\n\t\t\t\t<div class=\"elementor-widget-container\">\n\t\t\t\t\t\t\t\t\t<div class=\"elementor-button-wrapper\">\n\t\t\t\t\t<a class=\"elementor-button elementor-button-link elementor-size-sm\" href=\"mailto:icorn@icorn.org\">\n\t\t\t\t\t\t<span class=\"elementor-button-content-wrapper\">\n\t\t\t\t\t\t\t\t\t<span class=\"elementor-button-text\">Contact<\/span>\n\t\t\t\t\t<\/span>\n\t\t\t\t\t<\/a>\n\t\t\t\t<\/div>\n\t\t\t\t\t\t\t\t<\/div>\n\t\t\t\t<\/div>\n\t\t\t\t<div class=\"elementor-element elementor-element-06f0349 elementor-align-center elementor-widget elementor-widget-button\" data-id=\"06f0349\" data-element_type=\"widget\" data-e-type=\"widget\" data-widget_type=\"button.default\">\n\t\t\t\t<div class=\"elementor-widget-container\">\n\t\t\t\t\t\t\t\t\t<div class=\"elementor-button-wrapper\">\n\t\t\t\t\t<a class=\"elementor-button elementor-size-sm\" role=\"button\">\n\t\t\t\t\t\t<span class=\"elementor-button-content-wrapper\">\n\t\t\t\t\t\t<span class=\"elementor-button-icon\">\n\t\t\t\t<i aria-hidden=\"true\" class=\"fas fa-phone-alt\"><\/i>\t\t\t<\/span>\n\t\t\t\t\t\t\t\t\t<span class=\"elementor-button-text\">+47 51507125<\/span>\n\t\t\t\t\t<\/span>\n\t\t\t\t\t<\/a>\n\t\t\t\t<\/div>\n\t\t\t\t\t\t\t\t<\/div>\n\t\t\t\t<\/div>\n\t\t\t\t\t<\/div>\n\t\t<\/div>\n\t\t\t\t\t<\/div>\n\t\t<\/section>\n\t\t\t\t<\/div>","protected":false},"excerpt":{"rendered":"<p>\u00c0 l'heure actuelle, ICORN est compos\u00e9 de 84 villes et r\u00e9gions d'Europe et d'Am\u00e9rique. Chaque membre d'ICORN s'engage \u00e0 fournir une protection et un soutien par le biais de r\u00e9sidences temporaires de protection pour les \u00e9crivains, les artistes et les journalistes en danger. En encourageant des partenariats solides entre les autorit\u00e9s locales et la soci\u00e9t\u00e9 civile au sein d'un r\u00e9seau mondial, la mission commune d'ICORN ... <\/p>","protected":false},"author":1,"featured_media":15222,"parent":0,"menu_order":0,"comment_status":"closed","ping_status":"closed","template":"","meta":{"_monsterinsights_skip_tracking":false,"_monsterinsights_sitenote_active":false,"_monsterinsights_sitenote_note":"","_monsterinsights_sitenote_category":0,"footnotes":""},"class_list":["post-15770","page","type-page","status-publish","has-post-thumbnail","hentry"],"yoast_head":"<!-- This site is optimized with the Yoast SEO plugin v27.5 - https:\/\/yoast.com\/product\/yoast-seo-wordpress\/ -->\n<title>International Cities of Refuge Network - Global Cities Hub<\/title>\n<meta name=\"description\" content=\"ICORN is an independent, international membership organization whose members include 75 cities in 18 countries.\" \/>\n<meta name=\"robots\" content=\"index, follow, max-snippet:-1, max-image-preview:large, max-video-preview:-1\" \/>\n<link rel=\"canonical\" href=\"https:\/\/globalcitieshub.org\/fr\/international-cities-of-refuge-network\/\" \/>\n<meta property=\"og:locale\" content=\"fr_FR\" \/>\n<meta property=\"og:type\" content=\"article\" \/>\n<meta property=\"og:title\" content=\"International Cities of Refuge Network - Global Cities Hub\" \/>\n<meta property=\"og:description\" content=\"ICORN is an independent, international membership organization whose members include 75 cities in 18 countries.\" \/>\n<meta property=\"og:url\" content=\"https:\/\/globalcitieshub.org\/fr\/international-cities-of-refuge-network\/\" \/>\n<meta property=\"og:site_name\" content=\"Global Cities Hub\" \/>\n<meta property=\"article:modified_time\" content=\"2026-02-18T08:26:38+00:00\" \/>\n<meta property=\"og:image\" content=\"https:\/\/globalcitieshub.org\/wp-content\/uploads\/2022\/02\/INTERNATIONAL-CITIES-OF-REFUGE-NETWORK-2.png\" \/>\n\t<meta property=\"og:image:width\" content=\"1600\" \/>\n\t<meta property=\"og:image:height\" content=\"900\" \/>\n\t<meta property=\"og:image:type\" content=\"image\/png\" \/>\n<meta name=\"twitter:card\" content=\"summary_large_image\" \/>\n<meta name=\"twitter:site\" content=\"@genevacitieshub\" \/>\n<meta name=\"twitter:label1\" content=\"Dur\u00e9e de lecture estim\u00e9e\" \/>\n\t<meta name=\"twitter:data1\" content=\"2 minutes\" \/>\n<script type=\"application\/ld+json\" class=\"yoast-schema-graph\">{\"@context\":\"https:\\\/\\\/schema.org\",\"@graph\":[{\"@type\":\"WebPage\",\"@id\":\"https:\\\/\\\/globalcitieshub.org\\\/fr\\\/international-cities-of-refuge-network\\\/\",\"url\":\"https:\\\/\\\/globalcitieshub.org\\\/fr\\\/international-cities-of-refuge-network\\\/\",\"name\":\"International Cities of Refuge Network - Global Cities Hub\",\"isPartOf\":{\"@id\":\"https:\\\/\\\/globalcitieshub.org\\\/fr\\\/#website\"},\"primaryImageOfPage\":{\"@id\":\"https:\\\/\\\/globalcitieshub.org\\\/fr\\\/international-cities-of-refuge-network\\\/#primaryimage\"},\"image\":{\"@id\":\"https:\\\/\\\/globalcitieshub.org\\\/fr\\\/international-cities-of-refuge-network\\\/#primaryimage\"},\"thumbnailUrl\":\"https:\\\/\\\/globalcitieshub.org\\\/wp-content\\\/uploads\\\/2022\\\/02\\\/INTERNATIONAL-CITIES-OF-REFUGE-NETWORK-2.png\",\"datePublished\":\"2022-03-09T08:11:26+00:00\",\"dateModified\":\"2026-02-18T08:26:38+00:00\",\"description\":\"ICORN is an independent, international membership organization whose members include 75 cities in 18 countries.\",\"inLanguage\":\"fr-FR\",\"potentialAction\":[{\"@type\":\"ReadAction\",\"target\":[\"https:\\\/\\\/globalcitieshub.org\\\/fr\\\/international-cities-of-refuge-network\\\/\"]}]},{\"@type\":\"ImageObject\",\"inLanguage\":\"fr-FR\",\"@id\":\"https:\\\/\\\/globalcitieshub.org\\\/fr\\\/international-cities-of-refuge-network\\\/#primaryimage\",\"url\":\"https:\\\/\\\/globalcitieshub.org\\\/wp-content\\\/uploads\\\/2022\\\/02\\\/INTERNATIONAL-CITIES-OF-REFUGE-NETWORK-2.png\",\"contentUrl\":\"https:\\\/\\\/globalcitieshub.org\\\/wp-content\\\/uploads\\\/2022\\\/02\\\/INTERNATIONAL-CITIES-OF-REFUGE-NETWORK-2.png\",\"width\":1600,\"height\":900},{\"@type\":\"WebSite\",\"@id\":\"https:\\\/\\\/globalcitieshub.org\\\/fr\\\/#website\",\"url\":\"https:\\\/\\\/globalcitieshub.org\\\/fr\\\/\",\"name\":\"Global Cities Hub\",\"description\":\"Connecting local and regional governments to the United Nations and other  international organizations\",\"publisher\":{\"@id\":\"https:\\\/\\\/globalcitieshub.org\\\/fr\\\/#organization\"},\"potentialAction\":[{\"@type\":\"SearchAction\",\"target\":{\"@type\":\"EntryPoint\",\"urlTemplate\":\"https:\\\/\\\/globalcitieshub.org\\\/fr\\\/?s={search_term_string}\"},\"query-input\":{\"@type\":\"PropertyValueSpecification\",\"valueRequired\":true,\"valueName\":\"search_term_string\"}}],\"inLanguage\":\"fr-FR\"},{\"@type\":\"Organization\",\"@id\":\"https:\\\/\\\/globalcitieshub.org\\\/fr\\\/#organization\",\"name\":\"Global Cities Hub\",\"url\":\"https:\\\/\\\/globalcitieshub.org\\\/fr\\\/\",\"logo\":{\"@type\":\"ImageObject\",\"inLanguage\":\"fr-FR\",\"@id\":\"https:\\\/\\\/globalcitieshub.org\\\/fr\\\/#\\\/schema\\\/logo\\\/image\\\/\",\"url\":\"https:\\\/\\\/globalcitieshub.org\\\/wp-content\\\/uploads\\\/2023\\\/09\\\/230829_Logo_Global_Cities_Hub_Couleur_fond-blanc_RVB.png\",\"contentUrl\":\"https:\\\/\\\/globalcitieshub.org\\\/wp-content\\\/uploads\\\/2023\\\/09\\\/230829_Logo_Global_Cities_Hub_Couleur_fond-blanc_RVB.png\",\"width\":2544,\"height\":1446,\"caption\":\"Global Cities Hub\"},\"image\":{\"@id\":\"https:\\\/\\\/globalcitieshub.org\\\/fr\\\/#\\\/schema\\\/logo\\\/image\\\/\"},\"sameAs\":[\"https:\\\/\\\/x.com\\\/genevacitieshub\"]}]}<\/script>\n<!-- \/ Yoast SEO plugin. -->","yoast_head_json":{"title":"R\u00e9seau international des villes de refuge - Global Cities Hub","description":"ICORN est une organisation internationale ind\u00e9pendante qui compte parmi ses membres 75 villes dans 18 pays.","robots":{"index":"index","follow":"follow","max-snippet":"max-snippet:-1","max-image-preview":"max-image-preview:large","max-video-preview":"max-video-preview:-1"},"canonical":"https:\/\/globalcitieshub.org\/fr\/international-cities-of-refuge-network\/","og_locale":"fr_FR","og_type":"article","og_title":"International Cities of Refuge Network - Global Cities Hub","og_description":"ICORN is an independent, international membership organization whose members include 75 cities in 18 countries.","og_url":"https:\/\/globalcitieshub.org\/fr\/international-cities-of-refuge-network\/","og_site_name":"Global Cities Hub","article_modified_time":"2026-02-18T08:26:38+00:00","og_image":[{"width":1600,"height":900,"url":"https:\/\/globalcitieshub.org\/wp-content\/uploads\/2022\/02\/INTERNATIONAL-CITIES-OF-REFUGE-NETWORK-2.png","type":"image\/png"}],"twitter_card":"summary_large_image","twitter_site":"@genevacitieshub","twitter_misc":{"Dur\u00e9e de lecture estim\u00e9e":"2 minutes"},"schema":{"@context":"https:\/\/schema.org","@graph":[{"@type":"WebPage","@id":"https:\/\/globalcitieshub.org\/fr\/international-cities-of-refuge-network\/","url":"https:\/\/globalcitieshub.org\/fr\/international-cities-of-refuge-network\/","name":"R\u00e9seau international des villes de refuge - Global Cities Hub","isPartOf":{"@id":"https:\/\/globalcitieshub.org\/fr\/#website"},"primaryImageOfPage":{"@id":"https:\/\/globalcitieshub.org\/fr\/international-cities-of-refuge-network\/#primaryimage"},"image":{"@id":"https:\/\/globalcitieshub.org\/fr\/international-cities-of-refuge-network\/#primaryimage"},"thumbnailUrl":"https:\/\/globalcitieshub.org\/wp-content\/uploads\/2022\/02\/INTERNATIONAL-CITIES-OF-REFUGE-NETWORK-2.png","datePublished":"2022-03-09T08:11:26+00:00","dateModified":"2026-02-18T08:26:38+00:00","description":"ICORN est une organisation internationale ind\u00e9pendante qui compte parmi ses membres 75 villes dans 18 pays.","inLanguage":"fr-FR","potentialAction":[{"@type":"ReadAction","target":["https:\/\/globalcitieshub.org\/fr\/international-cities-of-refuge-network\/"]}]},{"@type":"ImageObject","inLanguage":"fr-FR","@id":"https:\/\/globalcitieshub.org\/fr\/international-cities-of-refuge-network\/#primaryimage","url":"https:\/\/globalcitieshub.org\/wp-content\/uploads\/2022\/02\/INTERNATIONAL-CITIES-OF-REFUGE-NETWORK-2.png","contentUrl":"https:\/\/globalcitieshub.org\/wp-content\/uploads\/2022\/02\/INTERNATIONAL-CITIES-OF-REFUGE-NETWORK-2.png","width":1600,"height":900},{"@type":"WebSite","@id":"https:\/\/globalcitieshub.org\/fr\/#website","url":"https:\/\/globalcitieshub.org\/fr\/","name":"Global Cities Hub","description":"Relier les gouvernements locaux et r\u00e9gionaux aux Nations unies et \u00e0 d'autres organisations internationales","publisher":{"@id":"https:\/\/globalcitieshub.org\/fr\/#organization"},"potentialAction":[{"@type":"SearchAction","target":{"@type":"EntryPoint","urlTemplate":"https:\/\/globalcitieshub.org\/fr\/?s={search_term_string}"},"query-input":{"@type":"PropertyValueSpecification","valueRequired":true,"valueName":"search_term_string"}}],"inLanguage":"fr-FR"},{"@type":"Organization","@id":"https:\/\/globalcitieshub.org\/fr\/#organization","name":"Global Cities Hub","url":"https:\/\/globalcitieshub.org\/fr\/","logo":{"@type":"ImageObject","inLanguage":"fr-FR","@id":"https:\/\/globalcitieshub.org\/fr\/#\/schema\/logo\/image\/","url":"https:\/\/globalcitieshub.org\/wp-content\/uploads\/2023\/09\/230829_Logo_Global_Cities_Hub_Couleur_fond-blanc_RVB.png","contentUrl":"https:\/\/globalcitieshub.org\/wp-content\/uploads\/2023\/09\/230829_Logo_Global_Cities_Hub_Couleur_fond-blanc_RVB.png","width":2544,"height":1446,"caption":"Global Cities Hub"},"image":{"@id":"https:\/\/globalcitieshub.org\/fr\/#\/schema\/logo\/image\/"},"sameAs":["https:\/\/x.com\/genevacitieshub"]}]}},"_links":{"self":[{"href":"https:\/\/globalcitieshub.org\/fr\/wp-json\/wp\/v2\/pages\/15770","targetHints":{"allow":["GET"]}}],"collection":[{"href":"https:\/\/globalcitieshub.org\/fr\/wp-json\/wp\/v2\/pages"}],"about":[{"href":"https:\/\/globalcitieshub.org\/fr\/wp-json\/wp\/v2\/types\/page"}],"author":[{"embeddable":true,"href":"https:\/\/globalcitieshub.org\/fr\/wp-json\/wp\/v2\/users\/1"}],"replies":[{"embeddable":true,"href":"https:\/\/globalcitieshub.org\/fr\/wp-json\/wp\/v2\/comments?post=15770"}],"version-history":[{"count":66,"href":"https:\/\/globalcitieshub.org\/fr\/wp-json\/wp\/v2\/pages\/15770\/revisions"}],"predecessor-version":[{"id":27163,"href":"https:\/\/globalcitieshub.org\/fr\/wp-json\/wp\/v2\/pages\/15770\/revisions\/27163"}],"wp:featuredmedia":[{"embeddable":true,"href":"https:\/\/globalcitieshub.org\/fr\/wp-json\/wp\/v2\/media\/15222"}],"wp:attachment":[{"href":"https:\/\/globalcitieshub.org\/fr\/wp-json\/wp\/v2\/media?parent=15770"}],"curies":[{"name":"wp","href":"https:\/\/api.w.org\/{rel}","templated":true}]}}