{"id":15609,"date":"2022-03-01T15:46:09","date_gmt":"2022-03-01T14:46:09","guid":{"rendered":"https:\/\/www.genevacitieshub.org\/?page_id=15609"},"modified":"2022-03-01T15:46:57","modified_gmt":"2022-03-01T14:46:57","slug":"ensure-housing-is-affordable-healthy-and-adequate","status":"publish","type":"page","link":"https:\/\/globalcitieshub.org\/fr\/ensure-housing-is-affordable-healthy-and-adequate\/","title":{"rendered":"Veiller \u00e0 ce que les logements soient abordables, sains et ad\u00e9quats"},"content":{"rendered":"<div data-elementor-type=\"wp-page\" data-elementor-id=\"15609\" class=\"elementor elementor-15609\">\n\t\t\t\t\t\t<section class=\"elementor-section elementor-top-section elementor-element elementor-element-77b12a0 elementor-section-boxed elementor-section-height-default elementor-section-height-default\" data-id=\"77b12a0\" data-element_type=\"section\" data-e-type=\"section\">\n\t\t\t\t\t\t<div class=\"elementor-container elementor-column-gap-default\">\n\t\t\t\t\t<div class=\"elementor-column elementor-col-100 elementor-top-column elementor-element elementor-element-c96bae3\" data-id=\"c96bae3\" data-element_type=\"column\" data-e-type=\"column\">\n\t\t\t<div class=\"elementor-widget-wrap elementor-element-populated\">\n\t\t\t\t\t\t<div class=\"elementor-element elementor-element-d1b77ad elementor-widget elementor-widget-text-editor\" data-id=\"d1b77ad\" data-element_type=\"widget\" data-e-type=\"widget\" data-widget_type=\"text-editor.default\">\n\t\t\t\t<div class=\"elementor-widget-container\">\n\t\t\t\t\t\t\t\t\t<blockquote><p><span style=\"color: #000000;\"><strong>Garantir l'acc\u00e8s de tous \u00e0 un logement d\u00e9cent, ad\u00e9quat, abordable et sain.<\/strong> S'attaquer activement \u00e0 l'insuffisance de l'offre de logements abordables, \u00e0 la hausse des loyers urbains, \u00e0 la mauvaise qualit\u00e9 des logements et des infrastructures urbaines, \u00e0 l'acc\u00e8s limit\u00e9 aux terrains pour la construction et la r\u00e9novation de logements, ainsi qu'\u00e0 l'augmentation de la pauvret\u00e9 urbaine et du nombre de sans-abri. Prot\u00e9ger les groupes les plus vuln\u00e9rables de la soci\u00e9t\u00e9 en fournissant des logements ad\u00e9quats l\u00e0 o\u00f9 ils font d\u00e9faut et en veillant \u00e0 ce que les personnes log\u00e9es ne deviennent pas des sans-abri, notamment en p\u00e9riode de pand\u00e9mie o\u00f9 l'appel du public est de \"rester chez soi\".<\/span><\/p><p><span style=\"color: #000000;\"><strong>Am\u00e9liorer l'acc\u00e8s de tous \u00e0 un logement sain et de bonne qualit\u00e9,<\/strong> en int\u00e9grant une dimension sanitaire dans la planification et la gouvernance urbaines. La promotion de conditions de logement d\u00e9centes, y compris des infrastructures et des services ad\u00e9quats, a un effet direct sur la sant\u00e9 et la qualit\u00e9 de vie des r\u00e9sidents et est essentielle pour rendre les villes plus habitables.<\/span><\/p><\/blockquote>\t\t\t\t\t\t\t\t<\/div>\n\t\t\t\t<\/div>\n\t\t\t\t<div class=\"elementor-element elementor-element-8eaacb2 elementor-widget elementor-widget-text-editor\" data-id=\"8eaacb2\" data-element_type=\"widget\" data-e-type=\"widget\" data-widget_type=\"text-editor.default\">\n\t\t\t\t<div class=\"elementor-widget-container\">\n\t\t\t\t\t\t\t\t\t<p><b>GENEVA DECLARATION OF MAYORS<\/b><\/p>\t\t\t\t\t\t\t\t<\/div>\n\t\t\t\t<\/div>\n\t\t\t\t<div class=\"elementor-element elementor-element-198162c elementor-widget elementor-widget-button\" data-id=\"198162c\" data-element_type=\"widget\" data-e-type=\"widget\" data-widget_type=\"button.default\">\n\t\t\t\t<div class=\"elementor-widget-container\">\n\t\t\t\t\t\t\t\t\t<div class=\"elementor-button-wrapper\">\n\t\t\t\t\t<a class=\"elementor-button elementor-button-link elementor-size-sm\" href=\"https:\/\/unece.org\/sites\/default\/files\/2021-03\/Mayors%20declaration%20booklet%20-%20ver.4.pdf\" target=\"_blank\">\n\t\t\t\t\t\t<span class=\"elementor-button-content-wrapper\">\n\t\t\t\t\t\t\t\t\t<span class=\"elementor-button-text\">Lire la d\u00e9claration des maires de Gen\u00e8ve<\/span>\n\t\t\t\t\t<\/span>\n\t\t\t\t\t<\/a>\n\t\t\t\t<\/div>\n\t\t\t\t\t\t\t\t<\/div>\n\t\t\t\t<\/div>\n\t\t\t\t\t<\/div>\n\t\t<\/div>\n\t\t\t\t\t<\/div>\n\t\t<\/section>\n\t\t\t\t<section class=\"elementor-section elementor-top-section elementor-element elementor-element-db5c866 elementor-section-boxed elementor-section-height-default elementor-section-height-default\" data-id=\"db5c866\" data-element_type=\"section\" data-e-type=\"section\">\n\t\t\t\t\t\t<div class=\"elementor-container elementor-column-gap-default\">\n\t\t\t\t\t<div class=\"elementor-column elementor-col-100 elementor-top-column elementor-element elementor-element-f1d13e0\" data-id=\"f1d13e0\" data-element_type=\"column\" data-e-type=\"column\">\n\t\t\t<div class=\"elementor-widget-wrap elementor-element-populated\">\n\t\t\t\t\t\t<section class=\"elementor-section elementor-inner-section elementor-element elementor-element-2f5c7ad elementor-section-boxed elementor-section-height-default elementor-section-height-default\" data-id=\"2f5c7ad\" data-element_type=\"section\" data-e-type=\"section\">\n\t\t\t\t\t\t<div class=\"elementor-container elementor-column-gap-default\">\n\t\t\t\t\t<div class=\"elementor-column elementor-col-50 elementor-inner-column elementor-element elementor-element-2eba696\" data-id=\"2eba696\" data-element_type=\"column\" data-e-type=\"column\">\n\t\t\t<div class=\"elementor-widget-wrap elementor-element-populated\">\n\t\t\t\t\t\t<div class=\"elementor-element elementor-element-fb5cf7f elementor-widget elementor-widget-image\" data-id=\"fb5cf7f\" data-element_type=\"widget\" data-e-type=\"widget\" data-widget_type=\"image.default\">\n\t\t\t\t<div class=\"elementor-widget-container\">\n\t\t\t\t\t\t\t\t\t\t\t\t\t\t\t<img fetchpriority=\"high\" width=\"1600\" height=\"900\" class=\"attachment-full size-full wp-image-15604 lazy\" alt=\"\" data-src=\"https:\/\/globalcitieshub.org\/wp-content\/uploads\/2022\/03\/Ensure-housing-is-affordable-healthy-and-adequate.png\" data-lazy=\"https:\/\/globalcitieshub.org\/wp-content\/uploads\/2022\/03\/Ensure-housing-is-affordable-healthy-and-adequate.png\" \/>\t\t\t\t\t\t\t\t\t\t\t\t\t\t\t<\/div>\n\t\t\t\t<\/div>\n\t\t\t\t\t<\/div>\n\t\t<\/div>\n\t\t\t\t<div class=\"elementor-column elementor-col-50 elementor-inner-column elementor-element elementor-element-2b35e5f\" data-id=\"2b35e5f\" data-element_type=\"column\" data-e-type=\"column\">\n\t\t\t<div class=\"elementor-widget-wrap elementor-element-populated\">\n\t\t\t\t\t\t<div class=\"elementor-element elementor-element-c908be3 elementor-widget elementor-widget-text-editor\" data-id=\"c908be3\" data-element_type=\"widget\" data-e-type=\"widget\" data-widget_type=\"text-editor.default\">\n\t\t\t\t<div class=\"elementor-widget-container\">\n\t\t\t\t\t\t\t\t\t<h3><a href=\"https:\/\/www.themayor.eu\/en\/a\/view\/rotterdam-with-preferential-loans-for-young-homebuyers-8527\" target=\"_blank\" rel=\"noopener\">Rotterdam propose des pr\u00eats pr\u00e9f\u00e9rentiels aux jeunes acqu\u00e9reurs de logements\u00a0<\/a><\/h3><p>Dans un effort continu pour garantir un logement abordable \u00e0 ses r\u00e9sidents, la municipalit\u00e9 de Rotterdam offre \u00e0 ses jeunes la possibilit\u00e9 d'obtenir des pr\u00eats au logement pr\u00e9f\u00e9rentiels.\u00a0<\/p><p>\u00a0<\/p><p><em>Lire <a href=\"https:\/\/www.themayor.eu\/en\/a\/view\/paris-caps-speed-at-30-km-per-hour-from-today-8763\" target=\"_blank\" rel=\"noopener\" data-wplink-edit=\"true\">l'article complet<\/a> par Aseniya Dimitrova sur TheMayor.EU.\u00a0<\/em><\/p>\t\t\t\t\t\t\t\t<\/div>\n\t\t\t\t<\/div>\n\t\t\t\t\t<\/div>\n\t\t<\/div>\n\t\t\t\t\t<\/div>\n\t\t<\/section>\n\t\t\t\t<section class=\"elementor-section elementor-inner-section elementor-element elementor-element-98ebf06 elementor-section-boxed elementor-section-height-default elementor-section-height-default\" data-id=\"98ebf06\" data-element_type=\"section\" data-e-type=\"section\">\n\t\t\t\t\t\t<div class=\"elementor-container elementor-column-gap-default\">\n\t\t\t\t\t<div class=\"elementor-column elementor-col-50 elementor-inner-column elementor-element elementor-element-2e631e6\" data-id=\"2e631e6\" data-element_type=\"column\" data-e-type=\"column\">\n\t\t\t<div class=\"elementor-widget-wrap elementor-element-populated\">\n\t\t\t\t\t\t<div class=\"elementor-element elementor-element-a87ec83 elementor-widget elementor-widget-image\" data-id=\"a87ec83\" data-element_type=\"widget\" data-e-type=\"widget\" data-widget_type=\"image.default\">\n\t\t\t\t<div class=\"elementor-widget-container\">\n\t\t\t\t\t\t\t\t\t\t\t\t\t\t\t<img width=\"724\" height=\"407\" class=\"attachment-large size-large wp-image-15604 lazy\" alt=\"\" data-src=\"https:\/\/globalcitieshub.org\/wp-content\/uploads\/2022\/03\/Ensure-housing-is-affordable-healthy-and-adequate-1024x576.png\" data-lazy=\"https:\/\/globalcitieshub.org\/wp-content\/uploads\/2022\/03\/Ensure-housing-is-affordable-healthy-and-adequate-1024x576.png\" \/>\t\t\t\t\t\t\t\t\t\t\t\t\t\t\t<\/div>\n\t\t\t\t<\/div>\n\t\t\t\t\t<\/div>\n\t\t<\/div>\n\t\t\t\t<div class=\"elementor-column elementor-col-50 elementor-inner-column elementor-element elementor-element-d30114a\" data-id=\"d30114a\" data-element_type=\"column\" data-e-type=\"column\">\n\t\t\t<div class=\"elementor-widget-wrap elementor-element-populated\">\n\t\t\t\t\t\t<div class=\"elementor-element elementor-element-d2f0ed9 elementor-widget elementor-widget-text-editor\" data-id=\"d2f0ed9\" data-element_type=\"widget\" data-e-type=\"widget\" data-widget_type=\"text-editor.default\">\n\t\t\t\t<div class=\"elementor-widget-container\">\n\t\t\t\t\t\t\t\t\t<h3><a href=\"https:\/\/www.themayor.eu\/en\/a\/view\/new-social-housing-programme-in-ruse-aims-to-break-cycle-of-poverty-8658\" target=\"_blank\" rel=\"noopener\">Un nouveau programme de logements sociaux \u00e0 Ruse vise \u00e0 briser le cycle de la pauvret\u00e9<\/a><\/h3><p>La ville bulgare de Ruse a lanc\u00e9 son programme de logements sociaux. L'acc\u00e8s au logement s'accompagne d'un programme d'aide combinant soutien financier et \u00e9ducatif. L'ensemble du projet vise \u00e0 aider les sans-abri, les groupes minoritaires et les m\u00e8res mineures.<\/p><p>\u00a0<\/p><p><em>Lire <a href=\"https:\/\/www.themayor.eu\/en\/a\/view\/new-social-housing-programme-in-ruse-aims-to-break-cycle-of-poverty-8658\" target=\"_blank\" rel=\"noopener\">l'article complet<\/a> par Denis Balgaranov sur TheMayor.EU.\u00a0<\/em><\/p>\t\t\t\t\t\t\t\t<\/div>\n\t\t\t\t<\/div>\n\t\t\t\t\t<\/div>\n\t\t<\/div>\n\t\t\t\t\t<\/div>\n\t\t<\/section>\n\t\t\t\t\t<\/div>\n\t\t<\/div>\n\t\t\t\t\t<\/div>\n\t\t<\/section>\n\t\t\t\t<\/div>","protected":false},"excerpt":{"rendered":"<p>Garantir l'acc\u00e8s \u00e0 un logement d\u00e9cent, ad\u00e9quat, abordable et sain pour tous. S'attaquer activement \u00e0 l'offre insuffisante de logements abordables, \u00e0 la hausse des loyers urbains, \u00e0 la mauvaise qualit\u00e9 des logements et des infrastructures urbaines, \u00e0 l'acc\u00e8s limit\u00e9 aux terrains pour la construction et la r\u00e9novation de logements, ainsi qu'\u00e0 l'augmentation de la pauvret\u00e9 urbaine et du nombre de sans-abri. Prot\u00e9ger les groupes les plus vuln\u00e9rables de la soci\u00e9t\u00e9 en fournissant des logements ad\u00e9quats l\u00e0 o\u00f9 ... <\/p>","protected":false},"author":1,"featured_media":0,"parent":0,"menu_order":0,"comment_status":"closed","ping_status":"closed","template":"","meta":{"_monsterinsights_skip_tracking":false,"_monsterinsights_sitenote_active":false,"_monsterinsights_sitenote_note":"","_monsterinsights_sitenote_category":0,"footnotes":""},"class_list":["post-15609","page","type-page","status-publish","hentry"],"yoast_head":"<!-- This site is optimized with the Yoast SEO plugin v27.4 - https:\/\/yoast.com\/product\/yoast-seo-wordpress\/ -->\n<title>Ensure housing is affordable, healthy and adequate - Global Cities Hub<\/title>\n<meta name=\"description\" content=\"Read the good practices from the Mayors&#039; Action Platform on ensuring housing is affordable, healthy and adequate.\" \/>\n<meta name=\"robots\" content=\"index, follow, max-snippet:-1, max-image-preview:large, max-video-preview:-1\" \/>\n<link rel=\"canonical\" href=\"https:\/\/globalcitieshub.org\/fr\/ensure-housing-is-affordable-healthy-and-adequate\/\" \/>\n<meta property=\"og:locale\" content=\"fr_FR\" \/>\n<meta property=\"og:type\" content=\"article\" \/>\n<meta property=\"og:title\" content=\"Ensure housing is affordable, healthy and adequate - Global Cities Hub\" \/>\n<meta property=\"og:description\" content=\"Read the good practices from the Mayors&#039; Action Platform on ensuring housing is affordable, healthy and adequate.\" \/>\n<meta property=\"og:url\" content=\"https:\/\/globalcitieshub.org\/fr\/ensure-housing-is-affordable-healthy-and-adequate\/\" \/>\n<meta property=\"og:site_name\" content=\"Global Cities Hub\" \/>\n<meta property=\"article:modified_time\" content=\"2022-03-01T14:46:57+00:00\" \/>\n<meta property=\"og:image\" content=\"https:\/\/www.genevacitieshub.org\/wp-content\/uploads\/2022\/03\/Ensure-housing-is-affordable-healthy-and-adequate.png\" \/>\n<meta name=\"twitter:card\" content=\"summary_large_image\" \/>\n<meta name=\"twitter:site\" content=\"@genevacitieshub\" \/>\n<meta name=\"twitter:label1\" content=\"Dur\u00e9e de lecture estim\u00e9e\" \/>\n\t<meta name=\"twitter:data1\" content=\"2 minutes\" \/>\n<script type=\"application\/ld+json\" class=\"yoast-schema-graph\">{\"@context\":\"https:\\\/\\\/schema.org\",\"@graph\":[{\"@type\":\"WebPage\",\"@id\":\"https:\\\/\\\/globalcitieshub.org\\\/fr\\\/ensure-housing-is-affordable-healthy-and-adequate\\\/\",\"url\":\"https:\\\/\\\/globalcitieshub.org\\\/fr\\\/ensure-housing-is-affordable-healthy-and-adequate\\\/\",\"name\":\"Ensure housing is affordable, healthy and adequate - Global Cities Hub\",\"isPartOf\":{\"@id\":\"https:\\\/\\\/globalcitieshub.org\\\/fr\\\/#website\"},\"primaryImageOfPage\":{\"@id\":\"https:\\\/\\\/globalcitieshub.org\\\/fr\\\/ensure-housing-is-affordable-healthy-and-adequate\\\/#primaryimage\"},\"image\":{\"@id\":\"https:\\\/\\\/globalcitieshub.org\\\/fr\\\/ensure-housing-is-affordable-healthy-and-adequate\\\/#primaryimage\"},\"thumbnailUrl\":\"https:\\\/\\\/www.genevacitieshub.org\\\/wp-content\\\/uploads\\\/2022\\\/03\\\/Ensure-housing-is-affordable-healthy-and-adequate.png\",\"datePublished\":\"2022-03-01T14:46:09+00:00\",\"dateModified\":\"2022-03-01T14:46:57+00:00\",\"description\":\"Read the good practices from the Mayors' Action Platform on ensuring housing is affordable, healthy and adequate.\",\"inLanguage\":\"fr-FR\",\"potentialAction\":[{\"@type\":\"ReadAction\",\"target\":[\"https:\\\/\\\/globalcitieshub.org\\\/fr\\\/ensure-housing-is-affordable-healthy-and-adequate\\\/\"]}]},{\"@type\":\"ImageObject\",\"inLanguage\":\"fr-FR\",\"@id\":\"https:\\\/\\\/globalcitieshub.org\\\/fr\\\/ensure-housing-is-affordable-healthy-and-adequate\\\/#primaryimage\",\"url\":\"https:\\\/\\\/www.genevacitieshub.org\\\/wp-content\\\/uploads\\\/2022\\\/03\\\/Ensure-housing-is-affordable-healthy-and-adequate.png\",\"contentUrl\":\"https:\\\/\\\/www.genevacitieshub.org\\\/wp-content\\\/uploads\\\/2022\\\/03\\\/Ensure-housing-is-affordable-healthy-and-adequate.png\"},{\"@type\":\"WebSite\",\"@id\":\"https:\\\/\\\/globalcitieshub.org\\\/fr\\\/#website\",\"url\":\"https:\\\/\\\/globalcitieshub.org\\\/fr\\\/\",\"name\":\"Global Cities Hub\",\"description\":\"Connecting local and regional governments to the United Nations and other  international organizations\",\"publisher\":{\"@id\":\"https:\\\/\\\/globalcitieshub.org\\\/fr\\\/#organization\"},\"potentialAction\":[{\"@type\":\"SearchAction\",\"target\":{\"@type\":\"EntryPoint\",\"urlTemplate\":\"https:\\\/\\\/globalcitieshub.org\\\/fr\\\/?s={search_term_string}\"},\"query-input\":{\"@type\":\"PropertyValueSpecification\",\"valueRequired\":true,\"valueName\":\"search_term_string\"}}],\"inLanguage\":\"fr-FR\"},{\"@type\":\"Organization\",\"@id\":\"https:\\\/\\\/globalcitieshub.org\\\/fr\\\/#organization\",\"name\":\"Global Cities Hub\",\"url\":\"https:\\\/\\\/globalcitieshub.org\\\/fr\\\/\",\"logo\":{\"@type\":\"ImageObject\",\"inLanguage\":\"fr-FR\",\"@id\":\"https:\\\/\\\/globalcitieshub.org\\\/fr\\\/#\\\/schema\\\/logo\\\/image\\\/\",\"url\":\"https:\\\/\\\/globalcitieshub.org\\\/wp-content\\\/uploads\\\/2023\\\/09\\\/230829_Logo_Global_Cities_Hub_Couleur_fond-blanc_RVB.png\",\"contentUrl\":\"https:\\\/\\\/globalcitieshub.org\\\/wp-content\\\/uploads\\\/2023\\\/09\\\/230829_Logo_Global_Cities_Hub_Couleur_fond-blanc_RVB.png\",\"width\":2544,\"height\":1446,\"caption\":\"Global Cities Hub\"},\"image\":{\"@id\":\"https:\\\/\\\/globalcitieshub.org\\\/fr\\\/#\\\/schema\\\/logo\\\/image\\\/\"},\"sameAs\":[\"https:\\\/\\\/x.com\\\/genevacitieshub\"]}]}<\/script>\n<!-- \/ Yoast SEO plugin. -->","yoast_head_json":{"title":"Veiller \u00e0 ce que les logements soient abordables, sains et ad\u00e9quats - Global Cities Hub","description":"Lisez les bonnes pratiques de la plateforme d'action des maires pour un logement abordable, sain et ad\u00e9quat.","robots":{"index":"index","follow":"follow","max-snippet":"max-snippet:-1","max-image-preview":"max-image-preview:large","max-video-preview":"max-video-preview:-1"},"canonical":"https:\/\/globalcitieshub.org\/fr\/ensure-housing-is-affordable-healthy-and-adequate\/","og_locale":"fr_FR","og_type":"article","og_title":"Ensure housing is affordable, healthy and adequate - Global Cities Hub","og_description":"Read the good practices from the Mayors' Action Platform on ensuring housing is affordable, healthy and adequate.","og_url":"https:\/\/globalcitieshub.org\/fr\/ensure-housing-is-affordable-healthy-and-adequate\/","og_site_name":"Global Cities Hub","article_modified_time":"2022-03-01T14:46:57+00:00","og_image":[{"url":"https:\/\/www.genevacitieshub.org\/wp-content\/uploads\/2022\/03\/Ensure-housing-is-affordable-healthy-and-adequate.png","type":"","width":"","height":""}],"twitter_card":"summary_large_image","twitter_site":"@genevacitieshub","twitter_misc":{"Dur\u00e9e de lecture estim\u00e9e":"2 minutes"},"schema":{"@context":"https:\/\/schema.org","@graph":[{"@type":"WebPage","@id":"https:\/\/globalcitieshub.org\/fr\/ensure-housing-is-affordable-healthy-and-adequate\/","url":"https:\/\/globalcitieshub.org\/fr\/ensure-housing-is-affordable-healthy-and-adequate\/","name":"Veiller \u00e0 ce que les logements soient abordables, sains et ad\u00e9quats - Global Cities Hub","isPartOf":{"@id":"https:\/\/globalcitieshub.org\/fr\/#website"},"primaryImageOfPage":{"@id":"https:\/\/globalcitieshub.org\/fr\/ensure-housing-is-affordable-healthy-and-adequate\/#primaryimage"},"image":{"@id":"https:\/\/globalcitieshub.org\/fr\/ensure-housing-is-affordable-healthy-and-adequate\/#primaryimage"},"thumbnailUrl":"https:\/\/www.genevacitieshub.org\/wp-content\/uploads\/2022\/03\/Ensure-housing-is-affordable-healthy-and-adequate.png","datePublished":"2022-03-01T14:46:09+00:00","dateModified":"2022-03-01T14:46:57+00:00","description":"Lisez les bonnes pratiques de la plateforme d'action des maires pour un logement abordable, sain et ad\u00e9quat.","inLanguage":"fr-FR","potentialAction":[{"@type":"ReadAction","target":["https:\/\/globalcitieshub.org\/fr\/ensure-housing-is-affordable-healthy-and-adequate\/"]}]},{"@type":"ImageObject","inLanguage":"fr-FR","@id":"https:\/\/globalcitieshub.org\/fr\/ensure-housing-is-affordable-healthy-and-adequate\/#primaryimage","url":"https:\/\/www.genevacitieshub.org\/wp-content\/uploads\/2022\/03\/Ensure-housing-is-affordable-healthy-and-adequate.png","contentUrl":"https:\/\/www.genevacitieshub.org\/wp-content\/uploads\/2022\/03\/Ensure-housing-is-affordable-healthy-and-adequate.png"},{"@type":"WebSite","@id":"https:\/\/globalcitieshub.org\/fr\/#website","url":"https:\/\/globalcitieshub.org\/fr\/","name":"Global Cities Hub","description":"Relier les gouvernements locaux et r\u00e9gionaux aux Nations unies et \u00e0 d'autres organisations internationales","publisher":{"@id":"https:\/\/globalcitieshub.org\/fr\/#organization"},"potentialAction":[{"@type":"SearchAction","target":{"@type":"EntryPoint","urlTemplate":"https:\/\/globalcitieshub.org\/fr\/?s={search_term_string}"},"query-input":{"@type":"PropertyValueSpecification","valueRequired":true,"valueName":"search_term_string"}}],"inLanguage":"fr-FR"},{"@type":"Organization","@id":"https:\/\/globalcitieshub.org\/fr\/#organization","name":"Global Cities Hub","url":"https:\/\/globalcitieshub.org\/fr\/","logo":{"@type":"ImageObject","inLanguage":"fr-FR","@id":"https:\/\/globalcitieshub.org\/fr\/#\/schema\/logo\/image\/","url":"https:\/\/globalcitieshub.org\/wp-content\/uploads\/2023\/09\/230829_Logo_Global_Cities_Hub_Couleur_fond-blanc_RVB.png","contentUrl":"https:\/\/globalcitieshub.org\/wp-content\/uploads\/2023\/09\/230829_Logo_Global_Cities_Hub_Couleur_fond-blanc_RVB.png","width":2544,"height":1446,"caption":"Global Cities Hub"},"image":{"@id":"https:\/\/globalcitieshub.org\/fr\/#\/schema\/logo\/image\/"},"sameAs":["https:\/\/x.com\/genevacitieshub"]}]}},"_links":{"self":[{"href":"https:\/\/globalcitieshub.org\/fr\/wp-json\/wp\/v2\/pages\/15609","targetHints":{"allow":["GET"]}}],"collection":[{"href":"https:\/\/globalcitieshub.org\/fr\/wp-json\/wp\/v2\/pages"}],"about":[{"href":"https:\/\/globalcitieshub.org\/fr\/wp-json\/wp\/v2\/types\/page"}],"author":[{"embeddable":true,"href":"https:\/\/globalcitieshub.org\/fr\/wp-json\/wp\/v2\/users\/1"}],"replies":[{"embeddable":true,"href":"https:\/\/globalcitieshub.org\/fr\/wp-json\/wp\/v2\/comments?post=15609"}],"version-history":[{"count":7,"href":"https:\/\/globalcitieshub.org\/fr\/wp-json\/wp\/v2\/pages\/15609\/revisions"}],"predecessor-version":[{"id":15617,"href":"https:\/\/globalcitieshub.org\/fr\/wp-json\/wp\/v2\/pages\/15609\/revisions\/15617"}],"wp:attachment":[{"href":"https:\/\/globalcitieshub.org\/fr\/wp-json\/wp\/v2\/media?parent=15609"}],"curies":[{"name":"wp","href":"https:\/\/api.w.org\/{rel}","templated":true}]}}