{"id":15586,"date":"2022-03-01T15:25:50","date_gmt":"2022-03-01T14:25:50","guid":{"rendered":"https:\/\/www.genevacitieshub.org\/?page_id=15586"},"modified":"2022-03-01T15:27:30","modified_gmt":"2022-03-01T14:27:30","slug":"ensure-urban-transport-is-sustainable","status":"publish","type":"page","link":"https:\/\/globalcitieshub.org\/fr\/ensure-urban-transport-is-sustainable\/","title":{"rendered":"Assurer un transport urbain durable"},"content":{"rendered":"<div data-elementor-type=\"wp-page\" data-elementor-id=\"15586\" class=\"elementor elementor-15586\">\n\t\t\t\t\t\t<section class=\"elementor-section elementor-top-section elementor-element elementor-element-1c9fe60 elementor-section-boxed elementor-section-height-default elementor-section-height-default\" data-id=\"1c9fe60\" data-element_type=\"section\" data-e-type=\"section\">\n\t\t\t\t\t\t<div class=\"elementor-container elementor-column-gap-default\">\n\t\t\t\t\t<div class=\"elementor-column elementor-col-100 elementor-top-column elementor-element elementor-element-a276782\" data-id=\"a276782\" data-element_type=\"column\" data-e-type=\"column\">\n\t\t\t<div class=\"elementor-widget-wrap elementor-element-populated\">\n\t\t\t\t\t\t<div class=\"elementor-element elementor-element-af1b6e2 elementor-widget elementor-widget-text-editor\" data-id=\"af1b6e2\" data-element_type=\"widget\" data-e-type=\"widget\" data-widget_type=\"text-editor.default\">\n\t\t\t\t<div class=\"elementor-widget-container\">\n\t\t\t\t\t\t\t\t\t<blockquote><p><strong>Planifier et concevoir des syst\u00e8mes de transport urbain durables,<\/strong> dans le but de r\u00e9duire les embouteillages et la pollution de l'environnement, et d'accro\u00eetre la s\u00e9curit\u00e9 routi\u00e8re. Veiller \u00e0 ce que les syst\u00e8mes de mobilit\u00e9 urbaine soient accessibles, abordables et interconnect\u00e9s, align\u00e9s sur l'am\u00e9nagement du territoire et int\u00e9gr\u00e9s dans le d\u00e9veloppement urbain au sens large. Garantir que les futurs usagers soient efficacement inclus dans les processus de planification et de mise en \u0153uvre.<\/p><p><strong>Veiller \u00e0 ce que les transports dans l'environnement urbain soient durables<\/strong> par la promotion de solutions de mobilit\u00e9 intelligente s\u00fbres, s\u00e9curis\u00e9es, \u00e9cologiques, saines et abordables.<\/p><p><strong>Assurer une meilleure r\u00e9silience et une meilleure pr\u00e9paration des syst\u00e8mes de transport urbain.<\/strong> en p\u00e9riode de croissance d\u00e9mographique, d'\u00e9talement urbain, de pand\u00e9mies et de catastrophes naturelles, en mettant l'accent sur les transports publics, qui constituent l'\u00e9pine dorsale de nombreuses villes et fournissent des services essentiels \u00e0 leur bon fonctionnement.<\/p><\/blockquote>\t\t\t\t\t\t\t\t<\/div>\n\t\t\t\t<\/div>\n\t\t\t\t<div class=\"elementor-element elementor-element-50dce6b elementor-widget elementor-widget-text-editor\" data-id=\"50dce6b\" data-element_type=\"widget\" data-e-type=\"widget\" data-widget_type=\"text-editor.default\">\n\t\t\t\t<div class=\"elementor-widget-container\">\n\t\t\t\t\t\t\t\t\t<p><b>GENEVA DECLARATION OF MAYORS<\/b><\/p>\t\t\t\t\t\t\t\t<\/div>\n\t\t\t\t<\/div>\n\t\t\t\t<div class=\"elementor-element elementor-element-771e691 elementor-widget elementor-widget-button\" data-id=\"771e691\" data-element_type=\"widget\" data-e-type=\"widget\" data-widget_type=\"button.default\">\n\t\t\t\t<div class=\"elementor-widget-container\">\n\t\t\t\t\t\t\t\t\t<div class=\"elementor-button-wrapper\">\n\t\t\t\t\t<a class=\"elementor-button elementor-button-link elementor-size-sm\" href=\"https:\/\/unece.org\/sites\/default\/files\/2021-03\/Mayors%20declaration%20booklet%20-%20ver.4.pdf\" target=\"_blank\">\n\t\t\t\t\t\t<span class=\"elementor-button-content-wrapper\">\n\t\t\t\t\t\t\t\t\t<span class=\"elementor-button-text\">Lire la d\u00e9claration des maires de Gen\u00e8ve<\/span>\n\t\t\t\t\t<\/span>\n\t\t\t\t\t<\/a>\n\t\t\t\t<\/div>\n\t\t\t\t\t\t\t\t<\/div>\n\t\t\t\t<\/div>\n\t\t\t\t\t<\/div>\n\t\t<\/div>\n\t\t\t\t\t<\/div>\n\t\t<\/section>\n\t\t\t\t<section class=\"elementor-section elementor-top-section elementor-element elementor-element-b645a4e elementor-section-boxed elementor-section-height-default elementor-section-height-default\" data-id=\"b645a4e\" data-element_type=\"section\" data-e-type=\"section\">\n\t\t\t\t\t\t<div class=\"elementor-container elementor-column-gap-default\">\n\t\t\t\t\t<div class=\"elementor-column elementor-col-100 elementor-top-column elementor-element elementor-element-e1d6136\" data-id=\"e1d6136\" data-element_type=\"column\" data-e-type=\"column\">\n\t\t\t<div class=\"elementor-widget-wrap elementor-element-populated\">\n\t\t\t\t\t\t<section class=\"elementor-section elementor-inner-section elementor-element elementor-element-2fe25de elementor-section-boxed elementor-section-height-default elementor-section-height-default\" data-id=\"2fe25de\" data-element_type=\"section\" data-e-type=\"section\">\n\t\t\t\t\t\t<div class=\"elementor-container elementor-column-gap-default\">\n\t\t\t\t\t<div class=\"elementor-column elementor-col-50 elementor-inner-column elementor-element elementor-element-e7db19e\" data-id=\"e7db19e\" data-element_type=\"column\" data-e-type=\"column\">\n\t\t\t<div class=\"elementor-widget-wrap elementor-element-populated\">\n\t\t\t\t\t\t<div class=\"elementor-element elementor-element-a2f824d elementor-widget elementor-widget-image\" data-id=\"a2f824d\" data-element_type=\"widget\" data-e-type=\"widget\" data-widget_type=\"image.default\">\n\t\t\t\t<div class=\"elementor-widget-container\">\n\t\t\t\t\t\t\t\t\t\t\t\t\t\t\t<img fetchpriority=\"high\" width=\"1600\" height=\"900\" class=\"attachment-full size-full wp-image-15420 lazy\" alt=\"\" data-src=\"https:\/\/globalcitieshub.org\/wp-content\/uploads\/2022\/02\/Ensure-urban-transport-is-sustainable-1.png\" data-lazy=\"https:\/\/globalcitieshub.org\/wp-content\/uploads\/2022\/02\/Ensure-urban-transport-is-sustainable-1.png\" \/>\t\t\t\t\t\t\t\t\t\t\t\t\t\t\t<\/div>\n\t\t\t\t<\/div>\n\t\t\t\t\t<\/div>\n\t\t<\/div>\n\t\t\t\t<div class=\"elementor-column elementor-col-50 elementor-inner-column elementor-element elementor-element-bcb843f\" data-id=\"bcb843f\" data-element_type=\"column\" data-e-type=\"column\">\n\t\t\t<div class=\"elementor-widget-wrap elementor-element-populated\">\n\t\t\t\t\t\t<div class=\"elementor-element elementor-element-463172b elementor-widget elementor-widget-text-editor\" data-id=\"463172b\" data-element_type=\"widget\" data-e-type=\"widget\" data-widget_type=\"text-editor.default\">\n\t\t\t\t<div class=\"elementor-widget-container\">\n\t\t\t\t\t\t\t\t\t<h3><a href=\"https:\/\/www.genevacitieshub.org\/en\/sharing-cities\/\" rel=\"noopener\"><span style=\"color: #e8002a;\">Sharing Cities<\/span><\/a><\/h3>\n<p>Sharing Cities est un projet financ\u00e9 par l'UE visant \u00e0 cr\u00e9er des quartiers intelligents dans trois \"villes phares\" (Londres, Lisbonne, Milan).<\/p>\n<p><\/p>\n<p><i>Cette \u00e9tude de cas a \u00e9t\u00e9 partag\u00e9e par <a href=\"mailto:vittoria.beria@comune.milano.it\">Mme Vittoria Beria,<\/a> Directeur, d\u00e9partement des relations internationales, bureau du maire, ville de Milan.<\/i><\/p>\n<p><\/p>\t\t\t\t\t\t\t\t<\/div>\n\t\t\t\t<\/div>\n\t\t\t\t<div class=\"elementor-element elementor-element-71b9a11 elementor-widget elementor-widget-button\" data-id=\"71b9a11\" data-element_type=\"widget\" data-e-type=\"widget\" data-widget_type=\"button.default\">\n\t\t\t\t<div class=\"elementor-widget-container\">\n\t\t\t\t\t\t\t\t\t<div class=\"elementor-button-wrapper\">\n\t\t\t\t\t<a class=\"elementor-button elementor-button-link elementor-size-sm\" href=\"https:\/\/www.genevacitieshub.org\/en\/sharing-cities\/\">\n\t\t\t\t\t\t<span class=\"elementor-button-content-wrapper\">\n\t\t\t\t\t\t\t\t\t<span class=\"elementor-button-text\">Lire l'article complet<\/span>\n\t\t\t\t\t<\/span>\n\t\t\t\t\t<\/a>\n\t\t\t\t<\/div>\n\t\t\t\t\t\t\t\t<\/div>\n\t\t\t\t<\/div>\n\t\t\t\t\t<\/div>\n\t\t<\/div>\n\t\t\t\t\t<\/div>\n\t\t<\/section>\n\t\t\t\t<section class=\"elementor-section elementor-inner-section elementor-element elementor-element-731f215 elementor-section-boxed elementor-section-height-default elementor-section-height-default\" data-id=\"731f215\" data-element_type=\"section\" data-e-type=\"section\">\n\t\t\t\t\t\t<div class=\"elementor-container elementor-column-gap-default\">\n\t\t\t\t\t<div class=\"elementor-column elementor-col-50 elementor-inner-column elementor-element elementor-element-37f9925\" data-id=\"37f9925\" data-element_type=\"column\" data-e-type=\"column\">\n\t\t\t<div class=\"elementor-widget-wrap elementor-element-populated\">\n\t\t\t\t\t\t<div class=\"elementor-element elementor-element-da7d0d3 elementor-widget elementor-widget-image\" data-id=\"da7d0d3\" data-element_type=\"widget\" data-e-type=\"widget\" data-widget_type=\"image.default\">\n\t\t\t\t<div class=\"elementor-widget-container\">\n\t\t\t\t\t\t\t\t\t\t\t\t\t\t\t<img fetchpriority=\"high\" width=\"1600\" height=\"900\" class=\"attachment-full size-full wp-image-15420 lazy\" alt=\"\" data-src=\"https:\/\/globalcitieshub.org\/wp-content\/uploads\/2022\/02\/Ensure-urban-transport-is-sustainable-1.png\" data-lazy=\"https:\/\/globalcitieshub.org\/wp-content\/uploads\/2022\/02\/Ensure-urban-transport-is-sustainable-1.png\" \/>\t\t\t\t\t\t\t\t\t\t\t\t\t\t\t<\/div>\n\t\t\t\t<\/div>\n\t\t\t\t\t<\/div>\n\t\t<\/div>\n\t\t\t\t<div class=\"elementor-column elementor-col-50 elementor-inner-column elementor-element elementor-element-404d5b5\" data-id=\"404d5b5\" data-element_type=\"column\" data-e-type=\"column\">\n\t\t\t<div class=\"elementor-widget-wrap elementor-element-populated\">\n\t\t\t\t\t\t<div class=\"elementor-element elementor-element-0ad6852 elementor-widget elementor-widget-text-editor\" data-id=\"0ad6852\" data-element_type=\"widget\" data-e-type=\"widget\" data-widget_type=\"text-editor.default\">\n\t\t\t\t<div class=\"elementor-widget-container\">\n\t\t\t\t\t\t\t\t\t<h3><a href=\"https:\/\/www.themayor.eu\/en\/a\/view\/paris-caps-speed-at-30-km-per-hour-from-today-8763\" target=\"_blank\" rel=\"noopener\">Paris plafonne la vitesse \u00e0 30 km par heure\u00a0<\/a><\/h3><p>Paris limite la vitesse du trafic routier \u00e0 30 kilom\u00e8tres par heure. Ce changement a pour but de r\u00e9duire le nombre d'accidents de la route et de diminuer les niveaux de pollution sonore dans la capitale fran\u00e7aise.<\/p><p>\u00a0<\/p><p><em>Lire <a href=\"https:\/\/www.themayor.eu\/en\/a\/view\/paris-caps-speed-at-30-km-per-hour-from-today-8763\" target=\"_blank\" rel=\"noopener\">l'article complet<\/a> par Aseniya Dimitrova sur TheMayor.EU.\u00a0<\/em><\/p>\t\t\t\t\t\t\t\t<\/div>\n\t\t\t\t<\/div>\n\t\t\t\t\t<\/div>\n\t\t<\/div>\n\t\t\t\t\t<\/div>\n\t\t<\/section>\n\t\t\t\t<section class=\"elementor-section elementor-inner-section elementor-element elementor-element-a2e588a elementor-section-boxed elementor-section-height-default elementor-section-height-default\" data-id=\"a2e588a\" data-element_type=\"section\" data-e-type=\"section\">\n\t\t\t\t\t\t<div class=\"elementor-container elementor-column-gap-default\">\n\t\t\t\t\t<div class=\"elementor-column elementor-col-50 elementor-inner-column elementor-element elementor-element-b608ccb\" data-id=\"b608ccb\" data-element_type=\"column\" data-e-type=\"column\">\n\t\t\t<div class=\"elementor-widget-wrap elementor-element-populated\">\n\t\t\t\t\t\t<div class=\"elementor-element elementor-element-1d47501 elementor-widget elementor-widget-image\" data-id=\"1d47501\" data-element_type=\"widget\" data-e-type=\"widget\" data-widget_type=\"image.default\">\n\t\t\t\t<div class=\"elementor-widget-container\">\n\t\t\t\t\t\t\t\t\t\t\t\t\t\t\t<img width=\"724\" height=\"407\" class=\"attachment-large size-large wp-image-15420 lazy\" alt=\"\" data-src=\"https:\/\/globalcitieshub.org\/wp-content\/uploads\/2022\/02\/Ensure-urban-transport-is-sustainable-1-1024x576.png\" data-lazy=\"https:\/\/globalcitieshub.org\/wp-content\/uploads\/2022\/02\/Ensure-urban-transport-is-sustainable-1-1024x576.png\" \/>\t\t\t\t\t\t\t\t\t\t\t\t\t\t\t<\/div>\n\t\t\t\t<\/div>\n\t\t\t\t\t<\/div>\n\t\t<\/div>\n\t\t\t\t<div class=\"elementor-column elementor-col-50 elementor-inner-column elementor-element elementor-element-1efe776\" data-id=\"1efe776\" data-element_type=\"column\" data-e-type=\"column\">\n\t\t\t<div class=\"elementor-widget-wrap elementor-element-populated\">\n\t\t\t\t\t\t<div class=\"elementor-element elementor-element-5c0720b elementor-widget elementor-widget-text-editor\" data-id=\"5c0720b\" data-element_type=\"widget\" data-e-type=\"widget\" data-widget_type=\"text-editor.default\">\n\t\t\t\t<div class=\"elementor-widget-container\">\n\t\t\t\t\t\t\t\t\t<h3><a href=\"https:\/\/www.themayor.eu\/en\/a\/view\/making-the-night-safer-for-women-and-children-in-madrid-region-8654\" target=\"_blank\" rel=\"noopener\">Rendre la nuit plus s\u00fbre pour les femmes et les enfants de la r\u00e9gion de Madrid<\/a><\/h3><p>Arganda del Rey, une municipalit\u00e9 situ\u00e9e dans la p\u00e9riph\u00e9rie sud de Madrid, a rejoint le programme de service \"Parada a demanda\" (arr\u00eat de bus \u00e0 la demande).<\/p><p>Les b\u00e9n\u00e9ficiaires de ce service sont les femmes et les mineurs, qui ont d\u00e9sormais la possibilit\u00e9 de demander au chauffeur du bus de faire un arr\u00eat impr\u00e9vu le long du trajet. L'id\u00e9e est de renforcer la s\u00e9curit\u00e9 de ces groupes plus vuln\u00e9rables pendant la nuit.<\/p><p>\u00a0<\/p><p><i>Lire <a href=\"https:\/\/www.themayor.eu\/en\/a\/view\/making-the-night-safer-for-women-and-children-in-madrid-region-8654\" target=\"_blank\" rel=\"noopener\">l'article complet<\/a> par Tzvetozar Vincent Iolov sur TheMayor.EU.<\/i><\/p>\t\t\t\t\t\t\t\t<\/div>\n\t\t\t\t<\/div>\n\t\t\t\t\t<\/div>\n\t\t<\/div>\n\t\t\t\t\t<\/div>\n\t\t<\/section>\n\t\t\t\t<section class=\"elementor-section elementor-inner-section elementor-element elementor-element-fa58c47 elementor-section-boxed elementor-section-height-default elementor-section-height-default\" data-id=\"fa58c47\" data-element_type=\"section\" data-e-type=\"section\">\n\t\t\t\t\t\t<div class=\"elementor-container elementor-column-gap-default\">\n\t\t\t\t\t<div class=\"elementor-column elementor-col-50 elementor-inner-column elementor-element elementor-element-2c7d4f3\" data-id=\"2c7d4f3\" data-element_type=\"column\" data-e-type=\"column\">\n\t\t\t<div class=\"elementor-widget-wrap elementor-element-populated\">\n\t\t\t\t\t\t<div class=\"elementor-element elementor-element-3e2741d elementor-widget elementor-widget-image\" data-id=\"3e2741d\" data-element_type=\"widget\" data-e-type=\"widget\" data-widget_type=\"image.default\">\n\t\t\t\t<div class=\"elementor-widget-container\">\n\t\t\t\t\t\t\t\t\t\t\t\t\t\t\t<img width=\"724\" height=\"407\" class=\"attachment-large size-large wp-image-15420 lazy\" alt=\"\" data-src=\"https:\/\/globalcitieshub.org\/wp-content\/uploads\/2022\/02\/Ensure-urban-transport-is-sustainable-1-1024x576.png\" data-lazy=\"https:\/\/globalcitieshub.org\/wp-content\/uploads\/2022\/02\/Ensure-urban-transport-is-sustainable-1-1024x576.png\" \/>\t\t\t\t\t\t\t\t\t\t\t\t\t\t\t<\/div>\n\t\t\t\t<\/div>\n\t\t\t\t\t<\/div>\n\t\t<\/div>\n\t\t\t\t<div class=\"elementor-column elementor-col-50 elementor-inner-column elementor-element elementor-element-c0a64ba\" data-id=\"c0a64ba\" data-element_type=\"column\" data-e-type=\"column\">\n\t\t\t<div class=\"elementor-widget-wrap elementor-element-populated\">\n\t\t\t\t\t\t<div class=\"elementor-element elementor-element-989390c elementor-widget elementor-widget-text-editor\" data-id=\"989390c\" data-element_type=\"widget\" data-e-type=\"widget\" data-widget_type=\"text-editor.default\">\n\t\t\t\t<div class=\"elementor-widget-container\">\n\t\t\t\t\t\t\t\t\t<h3><a href=\"https:\/\/cities-today.com\/vancouver-launches-summer-leisure-discounts-to-boost-transit-use\/\" target=\"_blank\" rel=\"noopener\">Vancouver offre des r\u00e9ductions pour les loisirs afin de stimuler l'utilisation des transports en commun<\/a><\/h3><p>\"La campagne de cet \u00e9t\u00e9 est le premier de nos efforts pour encourager nos clients \u00e0 red\u00e9couvrir leur syst\u00e8me de transport en commun - il est abordable, il est pratique et il vous reliera, ainsi que votre famille et vos amis, \u00e0 tous les endroits que vous pourriez vouloir visiter dans notre r\u00e9gion.\"<\/p><p>\u00a0<\/p><p><em>Lire <a href=\"https:\/\/cities-today.com\/vancouver-launches-summer-leisure-discounts-to-boost-transit-use\/\" target=\"_blank\" rel=\"noopener\">l'article complet<\/a> par Christopher Carey sur Cities Today (abonnement requis). <\/em><\/p>\t\t\t\t\t\t\t\t<\/div>\n\t\t\t\t<\/div>\n\t\t\t\t\t<\/div>\n\t\t<\/div>\n\t\t\t\t\t<\/div>\n\t\t<\/section>\n\t\t\t\t\t<\/div>\n\t\t<\/div>\n\t\t\t\t\t<\/div>\n\t\t<\/section>\n\t\t\t\t<\/div>","protected":false},"excerpt":{"rendered":"<p>Planifier et concevoir des syst\u00e8mes de transport urbain durables, dans le but de r\u00e9duire les embouteillages et la pollution de l'environnement, et d'accro\u00eetre la s\u00e9curit\u00e9 routi\u00e8re. Veiller \u00e0 ce que les syst\u00e8mes de mobilit\u00e9 urbaine soient accessibles, abordables et interconnect\u00e9s, align\u00e9s sur l'am\u00e9nagement du territoire et int\u00e9gr\u00e9s dans le d\u00e9veloppement urbain au sens large. Garantir que les futurs utilisateurs soient inclus de mani\u00e8re efficace dans les processus de planification et de ... <\/p>","protected":false},"author":1,"featured_media":0,"parent":0,"menu_order":0,"comment_status":"closed","ping_status":"closed","template":"","meta":{"_monsterinsights_skip_tracking":false,"_monsterinsights_sitenote_active":false,"_monsterinsights_sitenote_note":"","_monsterinsights_sitenote_category":0,"footnotes":""},"class_list":["post-15586","page","type-page","status-publish","hentry"],"yoast_head":"<!-- This site is optimized with the Yoast SEO plugin v27.4 - https:\/\/yoast.com\/product\/yoast-seo-wordpress\/ -->\n<title>Ensure urban transport is sustainable - Global Cities Hub<\/title>\n<meta name=\"robots\" content=\"index, follow, max-snippet:-1, max-image-preview:large, max-video-preview:-1\" \/>\n<link rel=\"canonical\" href=\"https:\/\/globalcitieshub.org\/fr\/ensure-urban-transport-is-sustainable\/\" \/>\n<meta property=\"og:locale\" content=\"fr_FR\" \/>\n<meta property=\"og:type\" content=\"article\" \/>\n<meta property=\"og:title\" content=\"Ensure urban transport is sustainable - Global Cities Hub\" \/>\n<meta property=\"og:description\" content=\"Plan and design sustainable urban transport systems, with the aim of reducing traffic congestion, and environmental pollution, and increasing road safety. Ensure that urban mobility systems are accessible, affordable and interlinked, aligned with land management, and integrated into the wider urban development. Guarantee that future users are efficiently included in the processes of planning and &hellip;\" \/>\n<meta property=\"og:url\" content=\"https:\/\/globalcitieshub.org\/fr\/ensure-urban-transport-is-sustainable\/\" \/>\n<meta property=\"og:site_name\" content=\"Global Cities Hub\" \/>\n<meta property=\"article:modified_time\" content=\"2022-03-01T14:27:30+00:00\" \/>\n<meta property=\"og:image\" content=\"https:\/\/www.genevacitieshub.org\/wp-content\/uploads\/2022\/02\/Ensure-urban-transport-is-sustainable-1.png\" \/>\n<meta name=\"twitter:card\" content=\"summary_large_image\" \/>\n<meta name=\"twitter:site\" content=\"@genevacitieshub\" \/>\n<meta name=\"twitter:label1\" content=\"Dur\u00e9e de lecture estim\u00e9e\" \/>\n\t<meta name=\"twitter:data1\" content=\"3 minutes\" \/>\n<script type=\"application\/ld+json\" class=\"yoast-schema-graph\">{\"@context\":\"https:\\\/\\\/schema.org\",\"@graph\":[{\"@type\":\"WebPage\",\"@id\":\"https:\\\/\\\/globalcitieshub.org\\\/fr\\\/ensure-urban-transport-is-sustainable\\\/\",\"url\":\"https:\\\/\\\/globalcitieshub.org\\\/fr\\\/ensure-urban-transport-is-sustainable\\\/\",\"name\":\"Ensure urban transport is sustainable - Global Cities Hub\",\"isPartOf\":{\"@id\":\"https:\\\/\\\/globalcitieshub.org\\\/fr\\\/#website\"},\"primaryImageOfPage\":{\"@id\":\"https:\\\/\\\/globalcitieshub.org\\\/fr\\\/ensure-urban-transport-is-sustainable\\\/#primaryimage\"},\"image\":{\"@id\":\"https:\\\/\\\/globalcitieshub.org\\\/fr\\\/ensure-urban-transport-is-sustainable\\\/#primaryimage\"},\"thumbnailUrl\":\"https:\\\/\\\/www.genevacitieshub.org\\\/wp-content\\\/uploads\\\/2022\\\/02\\\/Ensure-urban-transport-is-sustainable-1.png\",\"datePublished\":\"2022-03-01T14:25:50+00:00\",\"dateModified\":\"2022-03-01T14:27:30+00:00\",\"inLanguage\":\"fr-FR\",\"potentialAction\":[{\"@type\":\"ReadAction\",\"target\":[\"https:\\\/\\\/globalcitieshub.org\\\/fr\\\/ensure-urban-transport-is-sustainable\\\/\"]}]},{\"@type\":\"ImageObject\",\"inLanguage\":\"fr-FR\",\"@id\":\"https:\\\/\\\/globalcitieshub.org\\\/fr\\\/ensure-urban-transport-is-sustainable\\\/#primaryimage\",\"url\":\"https:\\\/\\\/www.genevacitieshub.org\\\/wp-content\\\/uploads\\\/2022\\\/02\\\/Ensure-urban-transport-is-sustainable-1.png\",\"contentUrl\":\"https:\\\/\\\/www.genevacitieshub.org\\\/wp-content\\\/uploads\\\/2022\\\/02\\\/Ensure-urban-transport-is-sustainable-1.png\"},{\"@type\":\"WebSite\",\"@id\":\"https:\\\/\\\/globalcitieshub.org\\\/fr\\\/#website\",\"url\":\"https:\\\/\\\/globalcitieshub.org\\\/fr\\\/\",\"name\":\"Global Cities Hub\",\"description\":\"Connecting local and regional governments to the United Nations and other  international organizations\",\"publisher\":{\"@id\":\"https:\\\/\\\/globalcitieshub.org\\\/fr\\\/#organization\"},\"potentialAction\":[{\"@type\":\"SearchAction\",\"target\":{\"@type\":\"EntryPoint\",\"urlTemplate\":\"https:\\\/\\\/globalcitieshub.org\\\/fr\\\/?s={search_term_string}\"},\"query-input\":{\"@type\":\"PropertyValueSpecification\",\"valueRequired\":true,\"valueName\":\"search_term_string\"}}],\"inLanguage\":\"fr-FR\"},{\"@type\":\"Organization\",\"@id\":\"https:\\\/\\\/globalcitieshub.org\\\/fr\\\/#organization\",\"name\":\"Global Cities Hub\",\"url\":\"https:\\\/\\\/globalcitieshub.org\\\/fr\\\/\",\"logo\":{\"@type\":\"ImageObject\",\"inLanguage\":\"fr-FR\",\"@id\":\"https:\\\/\\\/globalcitieshub.org\\\/fr\\\/#\\\/schema\\\/logo\\\/image\\\/\",\"url\":\"https:\\\/\\\/globalcitieshub.org\\\/wp-content\\\/uploads\\\/2023\\\/09\\\/230829_Logo_Global_Cities_Hub_Couleur_fond-blanc_RVB.png\",\"contentUrl\":\"https:\\\/\\\/globalcitieshub.org\\\/wp-content\\\/uploads\\\/2023\\\/09\\\/230829_Logo_Global_Cities_Hub_Couleur_fond-blanc_RVB.png\",\"width\":2544,\"height\":1446,\"caption\":\"Global Cities Hub\"},\"image\":{\"@id\":\"https:\\\/\\\/globalcitieshub.org\\\/fr\\\/#\\\/schema\\\/logo\\\/image\\\/\"},\"sameAs\":[\"https:\\\/\\\/x.com\\\/genevacitieshub\"]}]}<\/script>\n<!-- \/ Yoast SEO plugin. -->","yoast_head_json":{"title":"Assurer un transport urbain durable - Global Cities Hub","robots":{"index":"index","follow":"follow","max-snippet":"max-snippet:-1","max-image-preview":"max-image-preview:large","max-video-preview":"max-video-preview:-1"},"canonical":"https:\/\/globalcitieshub.org\/fr\/ensure-urban-transport-is-sustainable\/","og_locale":"fr_FR","og_type":"article","og_title":"Ensure urban transport is sustainable - Global Cities Hub","og_description":"Plan and design sustainable urban transport systems, with the aim of reducing traffic congestion, and environmental pollution, and increasing road safety. Ensure that urban mobility systems are accessible, affordable and interlinked, aligned with land management, and integrated into the wider urban development. Guarantee that future users are efficiently included in the processes of planning and &hellip;","og_url":"https:\/\/globalcitieshub.org\/fr\/ensure-urban-transport-is-sustainable\/","og_site_name":"Global Cities Hub","article_modified_time":"2022-03-01T14:27:30+00:00","og_image":[{"url":"https:\/\/www.genevacitieshub.org\/wp-content\/uploads\/2022\/02\/Ensure-urban-transport-is-sustainable-1.png","type":"","width":"","height":""}],"twitter_card":"summary_large_image","twitter_site":"@genevacitieshub","twitter_misc":{"Dur\u00e9e de lecture estim\u00e9e":"3 minutes"},"schema":{"@context":"https:\/\/schema.org","@graph":[{"@type":"WebPage","@id":"https:\/\/globalcitieshub.org\/fr\/ensure-urban-transport-is-sustainable\/","url":"https:\/\/globalcitieshub.org\/fr\/ensure-urban-transport-is-sustainable\/","name":"Assurer un transport urbain durable - Global Cities Hub","isPartOf":{"@id":"https:\/\/globalcitieshub.org\/fr\/#website"},"primaryImageOfPage":{"@id":"https:\/\/globalcitieshub.org\/fr\/ensure-urban-transport-is-sustainable\/#primaryimage"},"image":{"@id":"https:\/\/globalcitieshub.org\/fr\/ensure-urban-transport-is-sustainable\/#primaryimage"},"thumbnailUrl":"https:\/\/www.genevacitieshub.org\/wp-content\/uploads\/2022\/02\/Ensure-urban-transport-is-sustainable-1.png","datePublished":"2022-03-01T14:25:50+00:00","dateModified":"2022-03-01T14:27:30+00:00","inLanguage":"fr-FR","potentialAction":[{"@type":"ReadAction","target":["https:\/\/globalcitieshub.org\/fr\/ensure-urban-transport-is-sustainable\/"]}]},{"@type":"ImageObject","inLanguage":"fr-FR","@id":"https:\/\/globalcitieshub.org\/fr\/ensure-urban-transport-is-sustainable\/#primaryimage","url":"https:\/\/www.genevacitieshub.org\/wp-content\/uploads\/2022\/02\/Ensure-urban-transport-is-sustainable-1.png","contentUrl":"https:\/\/www.genevacitieshub.org\/wp-content\/uploads\/2022\/02\/Ensure-urban-transport-is-sustainable-1.png"},{"@type":"WebSite","@id":"https:\/\/globalcitieshub.org\/fr\/#website","url":"https:\/\/globalcitieshub.org\/fr\/","name":"Global Cities Hub","description":"Relier les gouvernements locaux et r\u00e9gionaux aux Nations unies et \u00e0 d'autres organisations internationales","publisher":{"@id":"https:\/\/globalcitieshub.org\/fr\/#organization"},"potentialAction":[{"@type":"SearchAction","target":{"@type":"EntryPoint","urlTemplate":"https:\/\/globalcitieshub.org\/fr\/?s={search_term_string}"},"query-input":{"@type":"PropertyValueSpecification","valueRequired":true,"valueName":"search_term_string"}}],"inLanguage":"fr-FR"},{"@type":"Organization","@id":"https:\/\/globalcitieshub.org\/fr\/#organization","name":"Global Cities Hub","url":"https:\/\/globalcitieshub.org\/fr\/","logo":{"@type":"ImageObject","inLanguage":"fr-FR","@id":"https:\/\/globalcitieshub.org\/fr\/#\/schema\/logo\/image\/","url":"https:\/\/globalcitieshub.org\/wp-content\/uploads\/2023\/09\/230829_Logo_Global_Cities_Hub_Couleur_fond-blanc_RVB.png","contentUrl":"https:\/\/globalcitieshub.org\/wp-content\/uploads\/2023\/09\/230829_Logo_Global_Cities_Hub_Couleur_fond-blanc_RVB.png","width":2544,"height":1446,"caption":"Global Cities Hub"},"image":{"@id":"https:\/\/globalcitieshub.org\/fr\/#\/schema\/logo\/image\/"},"sameAs":["https:\/\/x.com\/genevacitieshub"]}]}},"_links":{"self":[{"href":"https:\/\/globalcitieshub.org\/fr\/wp-json\/wp\/v2\/pages\/15586","targetHints":{"allow":["GET"]}}],"collection":[{"href":"https:\/\/globalcitieshub.org\/fr\/wp-json\/wp\/v2\/pages"}],"about":[{"href":"https:\/\/globalcitieshub.org\/fr\/wp-json\/wp\/v2\/types\/page"}],"author":[{"embeddable":true,"href":"https:\/\/globalcitieshub.org\/fr\/wp-json\/wp\/v2\/users\/1"}],"replies":[{"embeddable":true,"href":"https:\/\/globalcitieshub.org\/fr\/wp-json\/wp\/v2\/comments?post=15586"}],"version-history":[{"count":7,"href":"https:\/\/globalcitieshub.org\/fr\/wp-json\/wp\/v2\/pages\/15586\/revisions"}],"predecessor-version":[{"id":15600,"href":"https:\/\/globalcitieshub.org\/fr\/wp-json\/wp\/v2\/pages\/15586\/revisions\/15600"}],"wp:attachment":[{"href":"https:\/\/globalcitieshub.org\/fr\/wp-json\/wp\/v2\/media?parent=15586"}],"curies":[{"name":"wp","href":"https:\/\/api.w.org\/{rel}","templated":true}]}}