{"id":15577,"date":"2022-03-01T15:13:56","date_gmt":"2022-03-01T14:13:56","guid":{"rendered":"https:\/\/www.genevacitieshub.org\/?page_id=15577"},"modified":"2022-03-23T09:14:16","modified_gmt":"2022-03-23T08:14:16","slug":"make-our-cities-greener","status":"publish","type":"page","link":"https:\/\/globalcitieshub.org\/fr\/make-our-cities-greener\/","title":{"rendered":"Rendre nos villes plus vertes"},"content":{"rendered":"<div data-elementor-type=\"wp-page\" data-elementor-id=\"15577\" class=\"elementor elementor-15577\">\n\t\t\t\t\t\t<section class=\"elementor-section elementor-top-section elementor-element elementor-element-3ea7cdd elementor-section-boxed elementor-section-height-default elementor-section-height-default\" data-id=\"3ea7cdd\" data-element_type=\"section\" data-e-type=\"section\">\n\t\t\t\t\t\t<div class=\"elementor-container elementor-column-gap-default\">\n\t\t\t\t\t<div class=\"elementor-column elementor-col-100 elementor-top-column elementor-element elementor-element-f014edd\" data-id=\"f014edd\" data-element_type=\"column\" data-e-type=\"column\">\n\t\t\t<div class=\"elementor-widget-wrap elementor-element-populated\">\n\t\t\t\t\t\t<div class=\"elementor-element elementor-element-d6cbf83 elementor-widget elementor-widget-text-editor\" data-id=\"d6cbf83\" data-element_type=\"widget\" data-e-type=\"widget\" data-widget_type=\"text-editor.default\">\n\t\t\t\t<div class=\"elementor-widget-container\">\n\t\t\t\t\t\t\t\t\t<blockquote><p><span style=\"color: #000000;\"><b>Promouvoir la biodiversit\u00e9 urbaine, <\/b>en int\u00e9grant les espaces verts et les arbres dans la planification urbaine. Veillez \u00e0 ce que les espaces verts soient correctement et uniform\u00e9ment situ\u00e9s et r\u00e9partis dans la ville, et permettez \u00e0 tous les citoyens et r\u00e9sidents d'y acc\u00e9der en toute s\u00e9curit\u00e9. Ces mesures contribueront \u00e0 am\u00e9liorer la qualit\u00e9 de l'air, \u00e0 r\u00e9duire les \u00eelots de chaleur urbains et \u00e0 am\u00e9liorer la sant\u00e9 des habitants et l'habitabilit\u00e9 de nos villes.<\/span><\/p><p><span style=\"color: #000000;\"><b>Cr\u00e9er des opportunit\u00e9s pour l'augmentation de la micro-ferme urbaine<\/b> et l'inclusion des zones rurales environnantes, comme moyen de promouvoir la s\u00e9curit\u00e9 alimentaire et de renforcer les avantages sociaux et environnementaux de l'agriculture locale.<\/span><\/p><p><span style=\"color: #000000;\"><b>Lutter contre le gaspillage alimentaire<\/b> et offrir des possibilit\u00e9s de redistribution de la nourriture actuellement gaspill\u00e9e et perdue, ce qui r\u00e9duira les \u00e9missions de carbone et le gaspillage des ressources naturelles.<\/span><\/p><\/blockquote>\t\t\t\t\t\t\t\t<\/div>\n\t\t\t\t<\/div>\n\t\t\t\t<div class=\"elementor-element elementor-element-83cc413 elementor-widget elementor-widget-text-editor\" data-id=\"83cc413\" data-element_type=\"widget\" data-e-type=\"widget\" data-widget_type=\"text-editor.default\">\n\t\t\t\t<div class=\"elementor-widget-container\">\n\t\t\t\t\t\t\t\t\t<p><b>GENEVA DECLARATION OF MAYORS<\/b><\/p>\t\t\t\t\t\t\t\t<\/div>\n\t\t\t\t<\/div>\n\t\t\t\t<div class=\"elementor-element elementor-element-76b59b0 elementor-widget elementor-widget-button\" data-id=\"76b59b0\" data-element_type=\"widget\" data-e-type=\"widget\" data-widget_type=\"button.default\">\n\t\t\t\t<div class=\"elementor-widget-container\">\n\t\t\t\t\t\t\t\t\t<div class=\"elementor-button-wrapper\">\n\t\t\t\t\t<a class=\"elementor-button elementor-button-link elementor-size-sm\" href=\"https:\/\/unece.org\/sites\/default\/files\/2021-03\/Mayors%20declaration%20booklet%20-%20ver.4.pdf\" target=\"_blank\">\n\t\t\t\t\t\t<span class=\"elementor-button-content-wrapper\">\n\t\t\t\t\t\t\t\t\t<span class=\"elementor-button-text\">Lire la d\u00e9claration des maires de Gen\u00e8ve<\/span>\n\t\t\t\t\t<\/span>\n\t\t\t\t\t<\/a>\n\t\t\t\t<\/div>\n\t\t\t\t\t\t\t\t<\/div>\n\t\t\t\t<\/div>\n\t\t\t\t\t<\/div>\n\t\t<\/div>\n\t\t\t\t\t<\/div>\n\t\t<\/section>\n\t\t\t\t<section class=\"elementor-section elementor-inner-section elementor-element elementor-element-3f9cfdb elementor-section-boxed elementor-section-height-default elementor-section-height-default\" data-id=\"3f9cfdb\" data-element_type=\"section\" data-e-type=\"section\">\n\t\t\t\t\t\t<div class=\"elementor-container elementor-column-gap-default\">\n\t\t\t\t\t<div class=\"elementor-column elementor-col-50 elementor-inner-column elementor-element elementor-element-b260753\" data-id=\"b260753\" data-element_type=\"column\" data-e-type=\"column\">\n\t\t\t<div class=\"elementor-widget-wrap elementor-element-populated\">\n\t\t\t\t\t\t<div class=\"elementor-element elementor-element-0954e50 elementor-widget elementor-widget-image\" data-id=\"0954e50\" data-element_type=\"widget\" data-e-type=\"widget\" data-widget_type=\"image.default\">\n\t\t\t\t<div class=\"elementor-widget-container\">\n\t\t\t\t\t\t\t\t\t\t\t\t\t\t\t<img fetchpriority=\"high\" width=\"1600\" height=\"900\" class=\"attachment-full size-full wp-image-15467 lazy\" alt=\"\" data-src=\"https:\/\/globalcitieshub.org\/wp-content\/uploads\/2022\/02\/Make-our-cities-greener.png\" data-lazy=\"https:\/\/globalcitieshub.org\/wp-content\/uploads\/2022\/02\/Make-our-cities-greener.png\" \/>\t\t\t\t\t\t\t\t\t\t\t\t\t\t\t<\/div>\n\t\t\t\t<\/div>\n\t\t\t\t\t<\/div>\n\t\t<\/div>\n\t\t\t\t<div class=\"elementor-column elementor-col-50 elementor-inner-column elementor-element elementor-element-70e3bf9\" data-id=\"70e3bf9\" data-element_type=\"column\" data-e-type=\"column\">\n\t\t\t<div class=\"elementor-widget-wrap elementor-element-populated\">\n\t\t\t\t\t\t<div class=\"elementor-element elementor-element-37111e9 elementor-widget elementor-widget-text-editor\" data-id=\"37111e9\" data-element_type=\"widget\" data-e-type=\"widget\" data-widget_type=\"text-editor.default\">\n\t\t\t\t<div class=\"elementor-widget-container\">\n\t\t\t\t\t\t\t\t\t<h3><a href=\"https:\/\/www.themayor.eu\/en\/a\/view\/low-emissions-zone-is-making-brussels-a-healthier-city-9211\" target=\"_blank\" rel=\"noopener\"><span style=\"color: #e8002a;\">La zone \u00e0 faibles \u00e9missions fait de Bruxelles une ville plus saine<\/span><\/a><\/h3><p>Les chercheurs \u00e9tablissent un lien entre ces zones et l'am\u00e9lioration durable de la qualit\u00e9 de l'air, notamment en ce qui concerne les polluants tels que l'azote, la suie et les fines particules de poussi\u00e8re, qui nuisent \u00e0 la sant\u00e9 physique et mentale. En outre, les zones se r\u00e9v\u00e8lent \u00eatre un outil efficace pour modifier les habitudes automobiles des particuliers, en encourageant l'utilisation de v\u00e9hicules plus efficaces.<\/p><h3 style=\"text-align: justify;\">\u00a0<\/h3><p><em>Lire <a href=\"https:\/\/www.themayor.eu\/en\/a\/view\/low-emissions-zone-is-making-brussels-a-healthier-city-9211\" target=\"_blank\" rel=\"noopener\">l'article complet<\/a> par\u00a0<\/em><span style=\"text-align: inherit;\"><i>Denis Balgaranov sur TheMayor.EU.\u00a0<\/i><\/span><\/p>\t\t\t\t\t\t\t\t<\/div>\n\t\t\t\t<\/div>\n\t\t\t\t\t<\/div>\n\t\t<\/div>\n\t\t\t\t\t<\/div>\n\t\t<\/section>\n\t\t\t\t<section class=\"elementor-section elementor-top-section elementor-element elementor-element-1f692b7 elementor-section-boxed elementor-section-height-default elementor-section-height-default\" data-id=\"1f692b7\" data-element_type=\"section\" data-e-type=\"section\">\n\t\t\t\t\t\t<div class=\"elementor-container elementor-column-gap-default\">\n\t\t\t\t\t<div class=\"elementor-column elementor-col-100 elementor-top-column elementor-element elementor-element-76a3dbf\" data-id=\"76a3dbf\" data-element_type=\"column\" data-e-type=\"column\">\n\t\t\t<div class=\"elementor-widget-wrap elementor-element-populated\">\n\t\t\t\t\t\t<section class=\"elementor-section elementor-inner-section elementor-element elementor-element-07e90c4 elementor-section-boxed elementor-section-height-default elementor-section-height-default\" data-id=\"07e90c4\" data-element_type=\"section\" data-e-type=\"section\">\n\t\t\t\t\t\t<div class=\"elementor-container elementor-column-gap-default\">\n\t\t\t\t\t<div class=\"elementor-column elementor-col-50 elementor-inner-column elementor-element elementor-element-895573b\" data-id=\"895573b\" data-element_type=\"column\" data-e-type=\"column\">\n\t\t\t<div class=\"elementor-widget-wrap elementor-element-populated\">\n\t\t\t\t\t\t<div class=\"elementor-element elementor-element-fc59a6e elementor-widget elementor-widget-image\" data-id=\"fc59a6e\" data-element_type=\"widget\" data-e-type=\"widget\" data-widget_type=\"image.default\">\n\t\t\t\t<div class=\"elementor-widget-container\">\n\t\t\t\t\t\t\t\t\t\t\t\t\t\t\t<img fetchpriority=\"high\" width=\"1600\" height=\"900\" class=\"attachment-full size-full wp-image-15467 lazy\" alt=\"\" data-src=\"https:\/\/globalcitieshub.org\/wp-content\/uploads\/2022\/02\/Make-our-cities-greener.png\" data-lazy=\"https:\/\/globalcitieshub.org\/wp-content\/uploads\/2022\/02\/Make-our-cities-greener.png\" \/>\t\t\t\t\t\t\t\t\t\t\t\t\t\t\t<\/div>\n\t\t\t\t<\/div>\n\t\t\t\t\t<\/div>\n\t\t<\/div>\n\t\t\t\t<div class=\"elementor-column elementor-col-50 elementor-inner-column elementor-element elementor-element-de47455\" data-id=\"de47455\" data-element_type=\"column\" data-e-type=\"column\">\n\t\t\t<div class=\"elementor-widget-wrap elementor-element-populated\">\n\t\t\t\t\t\t<div class=\"elementor-element elementor-element-29e44c1 elementor-widget elementor-widget-text-editor\" data-id=\"29e44c1\" data-element_type=\"widget\" data-e-type=\"widget\" data-widget_type=\"text-editor.default\">\n\t\t\t\t<div class=\"elementor-widget-container\">\n\t\t\t\t\t\t\t\t\t<h3><a href=\"https:\/\/www.themayor.eu\/en\/a\/view\/denmark-s-first-playground-built-from-plastic-waste-opens-in-randers-8797\" target=\"_blank\" rel=\"noopener\"><span style=\"color: #e8002a;\">Ouverture \u00e0 Randers de la premi\u00e8re aire de jeux du Danemark construite \u00e0 partir de d\u00e9chets plastiques<\/span><\/a><\/h3><p>La municipalit\u00e9 danoise de Randers a d\u00e9voil\u00e9 la premi\u00e8re aire de jeux du Danemark construite \u00e0 partir de d\u00e9chets plastiques, le projet \"The Circular Playground\". Comme son nom l'indique, \"The Circular Playground\" s'est inspir\u00e9 des principes de l'\u00e9conomie circulaire.<\/p><p><em>Lire <a href=\"https:\/\/www.themayor.eu\/en\/a\/view\/denmark-s-first-playground-built-from-plastic-waste-opens-in-randers-8797\" target=\"_blank\" rel=\"noopener\">l'article complet<\/a> par Svilena Iotkovska sur TheMayor.EU.\u00a0<\/em><\/p>\t\t\t\t\t\t\t\t<\/div>\n\t\t\t\t<\/div>\n\t\t\t\t\t<\/div>\n\t\t<\/div>\n\t\t\t\t\t<\/div>\n\t\t<\/section>\n\t\t\t\t<div class=\"elementor-element elementor-element-44de042 elementor-widget elementor-widget-spacer\" data-id=\"44de042\" data-element_type=\"widget\" data-e-type=\"widget\" data-widget_type=\"spacer.default\">\n\t\t\t\t<div class=\"elementor-widget-container\">\n\t\t\t\t\t\t\t<div class=\"elementor-spacer\">\n\t\t\t<div class=\"elementor-spacer-inner\"><\/div>\n\t\t<\/div>\n\t\t\t\t\t\t<\/div>\n\t\t\t\t<\/div>\n\t\t\t\t<section class=\"elementor-section elementor-inner-section elementor-element elementor-element-1ab0f9f elementor-section-boxed elementor-section-height-default elementor-section-height-default\" data-id=\"1ab0f9f\" data-element_type=\"section\" data-e-type=\"section\">\n\t\t\t\t\t\t<div class=\"elementor-container elementor-column-gap-default\">\n\t\t\t\t\t<div class=\"elementor-column elementor-col-50 elementor-inner-column elementor-element elementor-element-e56d34c\" data-id=\"e56d34c\" data-element_type=\"column\" data-e-type=\"column\">\n\t\t\t<div class=\"elementor-widget-wrap elementor-element-populated\">\n\t\t\t\t\t\t<div class=\"elementor-element elementor-element-d8c1ce4 elementor-widget elementor-widget-image\" data-id=\"d8c1ce4\" data-element_type=\"widget\" data-e-type=\"widget\" data-widget_type=\"image.default\">\n\t\t\t\t<div class=\"elementor-widget-container\">\n\t\t\t\t\t\t\t\t\t\t\t\t\t\t\t<img width=\"724\" height=\"407\" class=\"attachment-large size-large wp-image-15467 lazy\" alt=\"\" data-src=\"https:\/\/globalcitieshub.org\/wp-content\/uploads\/2022\/02\/Make-our-cities-greener-1024x576.png\" data-lazy=\"https:\/\/globalcitieshub.org\/wp-content\/uploads\/2022\/02\/Make-our-cities-greener-1024x576.png\" \/>\t\t\t\t\t\t\t\t\t\t\t\t\t\t\t<\/div>\n\t\t\t\t<\/div>\n\t\t\t\t\t<\/div>\n\t\t<\/div>\n\t\t\t\t<div class=\"elementor-column elementor-col-50 elementor-inner-column elementor-element elementor-element-6e3ca2a\" data-id=\"6e3ca2a\" data-element_type=\"column\" data-e-type=\"column\">\n\t\t\t<div class=\"elementor-widget-wrap elementor-element-populated\">\n\t\t\t\t\t\t<div class=\"elementor-element elementor-element-e9c8fab elementor-widget elementor-widget-text-editor\" data-id=\"e9c8fab\" data-element_type=\"widget\" data-e-type=\"widget\" data-widget_type=\"text-editor.default\">\n\t\t\t\t<div class=\"elementor-widget-container\">\n\t\t\t\t\t\t\t\t\t<h3><a href=\"https:\/\/www.themayor.eu\/en\/a\/view\/vienna-is-fighting-climate-change-with-green-fa-ades-8408\" target=\"_blank\" rel=\"noopener\">\u00c0 Vienne, plus de plantes rendent la ville plus fra\u00eeche<\/a><\/h3><p>Vienne lutte contre le r\u00e9chauffement climatique en encourageant une initiative de verdissement des fa\u00e7ades, des toits et des cours int\u00e9rieures. \u00c0 ce titre, la ville offre des financements et des conseils \u00e0 toute personne souhaitant verdir ses b\u00e2timents avec de la v\u00e9g\u00e9tation.\u00a0\u00a0<\/p><p>\u00a0<\/p><p><em>Lire <a href=\"https:\/\/www.themayor.eu\/en\/a\/view\/vienna-is-fighting-climate-change-with-green-fa-ades-8408\" target=\"_blank\" rel=\"noopener\">l'article complet<\/a> par Denis Balgaranov sur TheMayor.EU.<\/em><\/p>\t\t\t\t\t\t\t\t<\/div>\n\t\t\t\t<\/div>\n\t\t\t\t\t<\/div>\n\t\t<\/div>\n\t\t\t\t\t<\/div>\n\t\t<\/section>\n\t\t\t\t\t<\/div>\n\t\t<\/div>\n\t\t\t\t\t<\/div>\n\t\t<\/section>\n\t\t\t\t<section class=\"elementor-section elementor-top-section elementor-element elementor-element-3f02899 elementor-section-boxed elementor-section-height-default elementor-section-height-default\" data-id=\"3f02899\" data-element_type=\"section\" data-e-type=\"section\">\n\t\t\t\t\t\t<div class=\"elementor-container elementor-column-gap-default\">\n\t\t\t\t\t<div class=\"elementor-column elementor-col-100 elementor-top-column elementor-element elementor-element-7b00e4d\" data-id=\"7b00e4d\" data-element_type=\"column\" data-e-type=\"column\">\n\t\t\t<div class=\"elementor-widget-wrap\">\n\t\t\t\t\t\t\t<\/div>\n\t\t<\/div>\n\t\t\t\t\t<\/div>\n\t\t<\/section>\n\t\t\t\t<\/div>","protected":false},"excerpt":{"rendered":"<p>Promouvoir la biodiversit\u00e9 urbaine en int\u00e9grant les espaces verts et les arbres dans la planification urbaine. Veiller \u00e0 ce que les espaces verts soient correctement et uniform\u00e9ment situ\u00e9s et r\u00e9partis dans la ville, et permettre \u00e0 tous les citoyens et r\u00e9sidents d'y acc\u00e9der en toute s\u00e9curit\u00e9. Ces mesures contribueront \u00e0 am\u00e9liorer la qualit\u00e9 de l'air, \u00e0 r\u00e9duire les \u00eelots de chaleur urbains et \u00e0 am\u00e9liorer la sant\u00e9 des habitants... <\/p>","protected":false},"author":1,"featured_media":0,"parent":0,"menu_order":0,"comment_status":"closed","ping_status":"closed","template":"","meta":{"_monsterinsights_skip_tracking":false,"_monsterinsights_sitenote_active":false,"_monsterinsights_sitenote_note":"","_monsterinsights_sitenote_category":0,"footnotes":""},"class_list":["post-15577","page","type-page","status-publish","hentry"],"yoast_head":"<!-- This site is optimized with the Yoast SEO plugin v27.4 - https:\/\/yoast.com\/product\/yoast-seo-wordpress\/ -->\n<title>Make our cities greener - Global Cities Hub<\/title>\n<meta name=\"description\" content=\"Read our good practices from the Mayor&#039;s Action Platform on making our cities greener.\" \/>\n<meta name=\"robots\" content=\"index, follow, max-snippet:-1, max-image-preview:large, max-video-preview:-1\" \/>\n<link rel=\"canonical\" href=\"https:\/\/globalcitieshub.org\/fr\/make-our-cities-greener\/\" \/>\n<meta property=\"og:locale\" content=\"fr_FR\" \/>\n<meta property=\"og:type\" content=\"article\" \/>\n<meta property=\"og:title\" content=\"Make our cities greener - Global Cities Hub\" \/>\n<meta property=\"og:description\" content=\"Read our good practices from the Mayor&#039;s Action Platform on making our cities greener.\" \/>\n<meta property=\"og:url\" content=\"https:\/\/globalcitieshub.org\/fr\/make-our-cities-greener\/\" \/>\n<meta property=\"og:site_name\" content=\"Global Cities Hub\" \/>\n<meta property=\"article:modified_time\" content=\"2022-03-23T08:14:16+00:00\" \/>\n<meta property=\"og:image\" content=\"https:\/\/www.genevacitieshub.org\/wp-content\/uploads\/2022\/02\/Make-our-cities-greener.png\" \/>\n<meta name=\"twitter:card\" content=\"summary_large_image\" \/>\n<meta name=\"twitter:site\" content=\"@genevacitieshub\" \/>\n<meta name=\"twitter:label1\" content=\"Dur\u00e9e de lecture estim\u00e9e\" \/>\n\t<meta name=\"twitter:data1\" content=\"2 minutes\" \/>\n<script type=\"application\/ld+json\" class=\"yoast-schema-graph\">{\"@context\":\"https:\\\/\\\/schema.org\",\"@graph\":[{\"@type\":\"WebPage\",\"@id\":\"https:\\\/\\\/globalcitieshub.org\\\/fr\\\/make-our-cities-greener\\\/\",\"url\":\"https:\\\/\\\/globalcitieshub.org\\\/fr\\\/make-our-cities-greener\\\/\",\"name\":\"Make our cities greener - Global Cities Hub\",\"isPartOf\":{\"@id\":\"https:\\\/\\\/globalcitieshub.org\\\/fr\\\/#website\"},\"primaryImageOfPage\":{\"@id\":\"https:\\\/\\\/globalcitieshub.org\\\/fr\\\/make-our-cities-greener\\\/#primaryimage\"},\"image\":{\"@id\":\"https:\\\/\\\/globalcitieshub.org\\\/fr\\\/make-our-cities-greener\\\/#primaryimage\"},\"thumbnailUrl\":\"https:\\\/\\\/www.genevacitieshub.org\\\/wp-content\\\/uploads\\\/2022\\\/02\\\/Make-our-cities-greener.png\",\"datePublished\":\"2022-03-01T14:13:56+00:00\",\"dateModified\":\"2022-03-23T08:14:16+00:00\",\"description\":\"Read our good practices from the Mayor's Action Platform on making our cities greener.\",\"inLanguage\":\"fr-FR\",\"potentialAction\":[{\"@type\":\"ReadAction\",\"target\":[\"https:\\\/\\\/globalcitieshub.org\\\/fr\\\/make-our-cities-greener\\\/\"]}]},{\"@type\":\"ImageObject\",\"inLanguage\":\"fr-FR\",\"@id\":\"https:\\\/\\\/globalcitieshub.org\\\/fr\\\/make-our-cities-greener\\\/#primaryimage\",\"url\":\"https:\\\/\\\/www.genevacitieshub.org\\\/wp-content\\\/uploads\\\/2022\\\/02\\\/Make-our-cities-greener.png\",\"contentUrl\":\"https:\\\/\\\/www.genevacitieshub.org\\\/wp-content\\\/uploads\\\/2022\\\/02\\\/Make-our-cities-greener.png\"},{\"@type\":\"WebSite\",\"@id\":\"https:\\\/\\\/globalcitieshub.org\\\/fr\\\/#website\",\"url\":\"https:\\\/\\\/globalcitieshub.org\\\/fr\\\/\",\"name\":\"Global Cities Hub\",\"description\":\"Connecting local and regional governments to the United Nations and other  international organizations\",\"publisher\":{\"@id\":\"https:\\\/\\\/globalcitieshub.org\\\/fr\\\/#organization\"},\"potentialAction\":[{\"@type\":\"SearchAction\",\"target\":{\"@type\":\"EntryPoint\",\"urlTemplate\":\"https:\\\/\\\/globalcitieshub.org\\\/fr\\\/?s={search_term_string}\"},\"query-input\":{\"@type\":\"PropertyValueSpecification\",\"valueRequired\":true,\"valueName\":\"search_term_string\"}}],\"inLanguage\":\"fr-FR\"},{\"@type\":\"Organization\",\"@id\":\"https:\\\/\\\/globalcitieshub.org\\\/fr\\\/#organization\",\"name\":\"Global Cities Hub\",\"url\":\"https:\\\/\\\/globalcitieshub.org\\\/fr\\\/\",\"logo\":{\"@type\":\"ImageObject\",\"inLanguage\":\"fr-FR\",\"@id\":\"https:\\\/\\\/globalcitieshub.org\\\/fr\\\/#\\\/schema\\\/logo\\\/image\\\/\",\"url\":\"https:\\\/\\\/globalcitieshub.org\\\/wp-content\\\/uploads\\\/2023\\\/09\\\/230829_Logo_Global_Cities_Hub_Couleur_fond-blanc_RVB.png\",\"contentUrl\":\"https:\\\/\\\/globalcitieshub.org\\\/wp-content\\\/uploads\\\/2023\\\/09\\\/230829_Logo_Global_Cities_Hub_Couleur_fond-blanc_RVB.png\",\"width\":2544,\"height\":1446,\"caption\":\"Global Cities Hub\"},\"image\":{\"@id\":\"https:\\\/\\\/globalcitieshub.org\\\/fr\\\/#\\\/schema\\\/logo\\\/image\\\/\"},\"sameAs\":[\"https:\\\/\\\/x.com\\\/genevacitieshub\"]}]}<\/script>\n<!-- \/ Yoast SEO plugin. -->","yoast_head_json":{"title":"Rendre nos villes plus vertes - Global Cities Hub","description":"Lisez nos bonnes pratiques tir\u00e9es de la plateforme d'action du maire pour rendre nos villes plus vertes.","robots":{"index":"index","follow":"follow","max-snippet":"max-snippet:-1","max-image-preview":"max-image-preview:large","max-video-preview":"max-video-preview:-1"},"canonical":"https:\/\/globalcitieshub.org\/fr\/make-our-cities-greener\/","og_locale":"fr_FR","og_type":"article","og_title":"Make our cities greener - Global Cities Hub","og_description":"Read our good practices from the Mayor's Action Platform on making our cities greener.","og_url":"https:\/\/globalcitieshub.org\/fr\/make-our-cities-greener\/","og_site_name":"Global Cities Hub","article_modified_time":"2022-03-23T08:14:16+00:00","og_image":[{"url":"https:\/\/www.genevacitieshub.org\/wp-content\/uploads\/2022\/02\/Make-our-cities-greener.png","type":"","width":"","height":""}],"twitter_card":"summary_large_image","twitter_site":"@genevacitieshub","twitter_misc":{"Dur\u00e9e de lecture estim\u00e9e":"2 minutes"},"schema":{"@context":"https:\/\/schema.org","@graph":[{"@type":"WebPage","@id":"https:\/\/globalcitieshub.org\/fr\/make-our-cities-greener\/","url":"https:\/\/globalcitieshub.org\/fr\/make-our-cities-greener\/","name":"Rendre nos villes plus vertes - Global Cities Hub","isPartOf":{"@id":"https:\/\/globalcitieshub.org\/fr\/#website"},"primaryImageOfPage":{"@id":"https:\/\/globalcitieshub.org\/fr\/make-our-cities-greener\/#primaryimage"},"image":{"@id":"https:\/\/globalcitieshub.org\/fr\/make-our-cities-greener\/#primaryimage"},"thumbnailUrl":"https:\/\/www.genevacitieshub.org\/wp-content\/uploads\/2022\/02\/Make-our-cities-greener.png","datePublished":"2022-03-01T14:13:56+00:00","dateModified":"2022-03-23T08:14:16+00:00","description":"Lisez nos bonnes pratiques tir\u00e9es de la plateforme d'action du maire pour rendre nos villes plus vertes.","inLanguage":"fr-FR","potentialAction":[{"@type":"ReadAction","target":["https:\/\/globalcitieshub.org\/fr\/make-our-cities-greener\/"]}]},{"@type":"ImageObject","inLanguage":"fr-FR","@id":"https:\/\/globalcitieshub.org\/fr\/make-our-cities-greener\/#primaryimage","url":"https:\/\/www.genevacitieshub.org\/wp-content\/uploads\/2022\/02\/Make-our-cities-greener.png","contentUrl":"https:\/\/www.genevacitieshub.org\/wp-content\/uploads\/2022\/02\/Make-our-cities-greener.png"},{"@type":"WebSite","@id":"https:\/\/globalcitieshub.org\/fr\/#website","url":"https:\/\/globalcitieshub.org\/fr\/","name":"Global Cities Hub","description":"Relier les gouvernements locaux et r\u00e9gionaux aux Nations unies et \u00e0 d'autres organisations internationales","publisher":{"@id":"https:\/\/globalcitieshub.org\/fr\/#organization"},"potentialAction":[{"@type":"SearchAction","target":{"@type":"EntryPoint","urlTemplate":"https:\/\/globalcitieshub.org\/fr\/?s={search_term_string}"},"query-input":{"@type":"PropertyValueSpecification","valueRequired":true,"valueName":"search_term_string"}}],"inLanguage":"fr-FR"},{"@type":"Organization","@id":"https:\/\/globalcitieshub.org\/fr\/#organization","name":"Global Cities Hub","url":"https:\/\/globalcitieshub.org\/fr\/","logo":{"@type":"ImageObject","inLanguage":"fr-FR","@id":"https:\/\/globalcitieshub.org\/fr\/#\/schema\/logo\/image\/","url":"https:\/\/globalcitieshub.org\/wp-content\/uploads\/2023\/09\/230829_Logo_Global_Cities_Hub_Couleur_fond-blanc_RVB.png","contentUrl":"https:\/\/globalcitieshub.org\/wp-content\/uploads\/2023\/09\/230829_Logo_Global_Cities_Hub_Couleur_fond-blanc_RVB.png","width":2544,"height":1446,"caption":"Global Cities Hub"},"image":{"@id":"https:\/\/globalcitieshub.org\/fr\/#\/schema\/logo\/image\/"},"sameAs":["https:\/\/x.com\/genevacitieshub"]}]}},"_links":{"self":[{"href":"https:\/\/globalcitieshub.org\/fr\/wp-json\/wp\/v2\/pages\/15577","targetHints":{"allow":["GET"]}}],"collection":[{"href":"https:\/\/globalcitieshub.org\/fr\/wp-json\/wp\/v2\/pages"}],"about":[{"href":"https:\/\/globalcitieshub.org\/fr\/wp-json\/wp\/v2\/types\/page"}],"author":[{"embeddable":true,"href":"https:\/\/globalcitieshub.org\/fr\/wp-json\/wp\/v2\/users\/1"}],"replies":[{"embeddable":true,"href":"https:\/\/globalcitieshub.org\/fr\/wp-json\/wp\/v2\/comments?post=15577"}],"version-history":[{"count":13,"href":"https:\/\/globalcitieshub.org\/fr\/wp-json\/wp\/v2\/pages\/15577\/revisions"}],"predecessor-version":[{"id":16415,"href":"https:\/\/globalcitieshub.org\/fr\/wp-json\/wp\/v2\/pages\/15577\/revisions\/16415"}],"wp:attachment":[{"href":"https:\/\/globalcitieshub.org\/fr\/wp-json\/wp\/v2\/media?parent=15577"}],"curies":[{"name":"wp","href":"https:\/\/api.w.org\/{rel}","templated":true}]}}