{"id":15541,"date":"2022-03-01T09:52:53","date_gmt":"2022-03-01T08:52:53","guid":{"rendered":"https:\/\/www.genevacitieshub.org\/?page_id=15541"},"modified":"2022-03-01T10:00:54","modified_gmt":"2022-03-01T09:00:54","slug":"accelerate-the-transition-to-sustainable-energy","status":"publish","type":"page","link":"https:\/\/globalcitieshub.org\/fr\/accelerate-the-transition-to-sustainable-energy\/","title":{"rendered":"Acc\u00e9l\u00e9rer la transition vers l'\u00e9nergie durable"},"content":{"rendered":"<div data-elementor-type=\"wp-page\" data-elementor-id=\"15541\" class=\"elementor elementor-15541\">\n\t\t\t\t\t\t<section class=\"elementor-section elementor-top-section elementor-element elementor-element-464a98c elementor-section-boxed elementor-section-height-default elementor-section-height-default\" data-id=\"464a98c\" data-element_type=\"section\" data-e-type=\"section\">\n\t\t\t\t\t\t<div class=\"elementor-container elementor-column-gap-default\">\n\t\t\t\t\t<div class=\"elementor-column elementor-col-100 elementor-top-column elementor-element elementor-element-8653fac\" data-id=\"8653fac\" data-element_type=\"column\" data-e-type=\"column\">\n\t\t\t<div class=\"elementor-widget-wrap elementor-element-populated\">\n\t\t\t\t\t\t<div class=\"elementor-element elementor-element-8fb1ee9 elementor-widget elementor-widget-text-editor\" data-id=\"8fb1ee9\" data-element_type=\"widget\" data-e-type=\"widget\" data-widget_type=\"text-editor.default\">\n\t\t\t\t<div class=\"elementor-widget-container\">\n\t\t\t\t\t\t\t\t\t<blockquote><p><span style=\"color: #000000;\"><b>Am\u00e9liorer l'efficacit\u00e9 \u00e9nerg\u00e9tique des villes pour \u00e9conomiser l'\u00e9nergie, <\/b>et r\u00e9duire les \u00e9missions et les co\u00fbts, ce qui se traduit par des avantages \u00e9conomiques, sanitaires et environnementaux. En int\u00e9grant des options d'efficacit\u00e9 \u00e9nerg\u00e9tique dans les b\u00e2timents, les transports et la planification urbaine, nous mettrons nos villes sur la voie de la croissance verte.<\/span><\/p><p><span style=\"color: #000000;\"><b>Promouvoir les b\u00e2timents \u00e0 haute performance<\/b> avec des sources d'\u00e9nergie sans ou \u00e0 faible teneur en carbone afin de r\u00e9duire l'empreinte carbone des villes et les co\u00fbts \u00e9nerg\u00e9tiques pour les habitants.<\/span><\/p><\/blockquote>\t\t\t\t\t\t\t\t<\/div>\n\t\t\t\t<\/div>\n\t\t\t\t<div class=\"elementor-element elementor-element-5d70ce5 elementor-widget elementor-widget-text-editor\" data-id=\"5d70ce5\" data-element_type=\"widget\" data-e-type=\"widget\" data-widget_type=\"text-editor.default\">\n\t\t\t\t<div class=\"elementor-widget-container\">\n\t\t\t\t\t\t\t\t\t<p><b>GENEVA DECLARATION OF MAYORS<\/b><\/p>\t\t\t\t\t\t\t\t<\/div>\n\t\t\t\t<\/div>\n\t\t\t\t<div class=\"elementor-element elementor-element-8e2618a elementor-widget elementor-widget-button\" data-id=\"8e2618a\" data-element_type=\"widget\" data-e-type=\"widget\" data-widget_type=\"button.default\">\n\t\t\t\t<div class=\"elementor-widget-container\">\n\t\t\t\t\t\t\t\t\t<div class=\"elementor-button-wrapper\">\n\t\t\t\t\t<a class=\"elementor-button elementor-button-link elementor-size-sm\" href=\"https:\/\/unece.org\/sites\/default\/files\/2021-03\/Mayors%20declaration%20booklet%20-%20ver.4.pdf\" target=\"_blank\">\n\t\t\t\t\t\t<span class=\"elementor-button-content-wrapper\">\n\t\t\t\t\t\t\t\t\t<span class=\"elementor-button-text\">Lire la d\u00e9claration des maires de Gen\u00e8ve<\/span>\n\t\t\t\t\t<\/span>\n\t\t\t\t\t<\/a>\n\t\t\t\t<\/div>\n\t\t\t\t\t\t\t\t<\/div>\n\t\t\t\t<\/div>\n\t\t\t\t\t<\/div>\n\t\t<\/div>\n\t\t\t\t\t<\/div>\n\t\t<\/section>\n\t\t\t\t<section class=\"elementor-section elementor-top-section elementor-element elementor-element-f2855e4 elementor-section-boxed elementor-section-height-default elementor-section-height-default\" data-id=\"f2855e4\" data-element_type=\"section\" data-e-type=\"section\">\n\t\t\t\t\t\t<div class=\"elementor-container elementor-column-gap-default\">\n\t\t\t\t\t<div class=\"elementor-column elementor-col-100 elementor-top-column elementor-element elementor-element-1810525\" data-id=\"1810525\" data-element_type=\"column\" data-e-type=\"column\">\n\t\t\t<div class=\"elementor-widget-wrap elementor-element-populated\">\n\t\t\t\t\t\t<section class=\"elementor-section elementor-inner-section elementor-element elementor-element-9f6eb97 elementor-section-boxed elementor-section-height-default elementor-section-height-default\" data-id=\"9f6eb97\" data-element_type=\"section\" data-e-type=\"section\">\n\t\t\t\t\t\t<div class=\"elementor-container elementor-column-gap-default\">\n\t\t\t\t\t<div class=\"elementor-column elementor-col-50 elementor-inner-column elementor-element elementor-element-8f7f7c5\" data-id=\"8f7f7c5\" data-element_type=\"column\" data-e-type=\"column\">\n\t\t\t<div class=\"elementor-widget-wrap elementor-element-populated\">\n\t\t\t\t\t\t<div class=\"elementor-element elementor-element-214c8e6 elementor-widget elementor-widget-image\" data-id=\"214c8e6\" data-element_type=\"widget\" data-e-type=\"widget\" data-widget_type=\"image.default\">\n\t\t\t\t<div class=\"elementor-widget-container\">\n\t\t\t\t\t\t\t\t\t\t\t\t\t\t\t<img fetchpriority=\"high\" width=\"724\" height=\"407\" class=\"attachment-large size-large wp-image-15544 lazy\" alt=\"\" data-src=\"https:\/\/globalcitieshub.org\/wp-content\/uploads\/2022\/03\/Accelerate-the-transition-to-sustainable-energy-1024x576.png\" data-lazy=\"https:\/\/globalcitieshub.org\/wp-content\/uploads\/2022\/03\/Accelerate-the-transition-to-sustainable-energy-1024x576.png\" \/>\t\t\t\t\t\t\t\t\t\t\t\t\t\t\t<\/div>\n\t\t\t\t<\/div>\n\t\t\t\t\t<\/div>\n\t\t<\/div>\n\t\t\t\t<div class=\"elementor-column elementor-col-50 elementor-inner-column elementor-element elementor-element-8494025\" data-id=\"8494025\" data-element_type=\"column\" data-e-type=\"column\">\n\t\t\t<div class=\"elementor-widget-wrap elementor-element-populated\">\n\t\t\t\t\t\t<div class=\"elementor-element elementor-element-a574840 elementor-widget elementor-widget-text-editor\" data-id=\"a574840\" data-element_type=\"widget\" data-e-type=\"widget\" data-widget_type=\"text-editor.default\">\n\t\t\t\t<div class=\"elementor-widget-container\">\n\t\t\t\t\t\t\t\t\t<h3><a href=\"https:\/\/www.themayor.eu\/fr\/a\/view\/vienna-solar-power-plant-uses-help-from-sheep-8155\" target=\"_blank\" rel=\"noopener\">Une ferme solaire pour moutons \u00e0 Vienne<\/a><\/h3><div>\u00a0<\/div><div><span style=\"color: #000000; font-family: Poppins; font-size: 16px; text-align: justify;\">La municipalit\u00e9 de Vienne a mis au point un moyen \u00e9cologique de tondre la pelouse de son champ photovolta\u00efque : les moutons.\u00a0<\/span><\/div><div><span style=\"color: #000000; font-family: Poppins; font-size: 16px; text-align: justify;\">\u00a0<\/span><\/div><p><em>Lire <a href=\"https:\/\/www.themayor.eu\/fr\/a\/view\/vienna-solar-power-plant-uses-help-from-sheep-8155\" target=\"_blank\" rel=\"noopener\">l'article complet<\/a> par Denis Balgaranov sur TheMayor.EU.\u00a0<\/em><\/p>\t\t\t\t\t\t\t\t<\/div>\n\t\t\t\t<\/div>\n\t\t\t\t\t<\/div>\n\t\t<\/div>\n\t\t\t\t\t<\/div>\n\t\t<\/section>\n\t\t\t\t\t<\/div>\n\t\t<\/div>\n\t\t\t\t\t<\/div>\n\t\t<\/section>\n\t\t\t\t<\/div>","protected":false},"excerpt":{"rendered":"<p>Am\u00e9liorer l'efficacit\u00e9 \u00e9nerg\u00e9tique des villes pour \u00e9conomiser de l'\u00e9nergie et r\u00e9duire les \u00e9missions et les co\u00fbts, ce qui se traduira par des avantages \u00e9conomiques, sanitaires et environnementaux. En int\u00e9grant des options d'efficacit\u00e9 \u00e9nerg\u00e9tique dans les b\u00e2timents, les transports et la planification urbaine, nous mettrons nos villes sur la voie de la croissance verte. Promouvoir des b\u00e2timents \u00e0 haute performance utilisant des sources d'\u00e9nergie sans ou \u00e0 faible teneur en carbone pour ... <\/p>","protected":false},"author":1,"featured_media":0,"parent":0,"menu_order":0,"comment_status":"closed","ping_status":"closed","template":"","meta":{"_monsterinsights_skip_tracking":false,"_monsterinsights_sitenote_active":false,"_monsterinsights_sitenote_note":"","_monsterinsights_sitenote_category":0,"footnotes":""},"class_list":["post-15541","page","type-page","status-publish","hentry"],"yoast_head":"<!-- This site is optimized with the Yoast SEO plugin v27.4 - https:\/\/yoast.com\/product\/yoast-seo-wordpress\/ -->\n<title>Accelerate the transition to sustainable energy - Global Cities Hub<\/title>\n<meta name=\"description\" content=\"Read the good practices from the Mayors&#039; Action Platform on accelerating transition to sustainable energy.\" \/>\n<meta name=\"robots\" content=\"index, follow, max-snippet:-1, max-image-preview:large, max-video-preview:-1\" \/>\n<link rel=\"canonical\" href=\"https:\/\/globalcitieshub.org\/fr\/accelerate-the-transition-to-sustainable-energy\/\" \/>\n<meta property=\"og:locale\" content=\"fr_FR\" \/>\n<meta property=\"og:type\" content=\"article\" \/>\n<meta property=\"og:title\" content=\"Accelerate the transition to sustainable energy - Global Cities Hub\" \/>\n<meta property=\"og:description\" content=\"Read the good practices from the Mayors&#039; Action Platform on accelerating transition to sustainable energy.\" \/>\n<meta property=\"og:url\" content=\"https:\/\/globalcitieshub.org\/fr\/accelerate-the-transition-to-sustainable-energy\/\" \/>\n<meta property=\"og:site_name\" content=\"Global Cities Hub\" \/>\n<meta property=\"article:modified_time\" content=\"2022-03-01T09:00:54+00:00\" \/>\n<meta property=\"og:image\" content=\"https:\/\/www.genevacitieshub.org\/wp-content\/uploads\/2022\/03\/Accelerate-the-transition-to-sustainable-energy-1024x576.png\" \/>\n<meta name=\"twitter:card\" content=\"summary_large_image\" \/>\n<meta name=\"twitter:site\" content=\"@genevacitieshub\" \/>\n<meta name=\"twitter:label1\" content=\"Dur\u00e9e de lecture estim\u00e9e\" \/>\n\t<meta name=\"twitter:data1\" content=\"1 minute\" \/>\n<script type=\"application\/ld+json\" class=\"yoast-schema-graph\">{\"@context\":\"https:\\\/\\\/schema.org\",\"@graph\":[{\"@type\":\"WebPage\",\"@id\":\"https:\\\/\\\/globalcitieshub.org\\\/fr\\\/accelerate-the-transition-to-sustainable-energy\\\/\",\"url\":\"https:\\\/\\\/globalcitieshub.org\\\/fr\\\/accelerate-the-transition-to-sustainable-energy\\\/\",\"name\":\"Accelerate the transition to sustainable energy - Global Cities Hub\",\"isPartOf\":{\"@id\":\"https:\\\/\\\/globalcitieshub.org\\\/fr\\\/#website\"},\"primaryImageOfPage\":{\"@id\":\"https:\\\/\\\/globalcitieshub.org\\\/fr\\\/accelerate-the-transition-to-sustainable-energy\\\/#primaryimage\"},\"image\":{\"@id\":\"https:\\\/\\\/globalcitieshub.org\\\/fr\\\/accelerate-the-transition-to-sustainable-energy\\\/#primaryimage\"},\"thumbnailUrl\":\"https:\\\/\\\/www.genevacitieshub.org\\\/wp-content\\\/uploads\\\/2022\\\/03\\\/Accelerate-the-transition-to-sustainable-energy-1024x576.png\",\"datePublished\":\"2022-03-01T08:52:53+00:00\",\"dateModified\":\"2022-03-01T09:00:54+00:00\",\"description\":\"Read the good practices from the Mayors' Action Platform on accelerating transition to sustainable energy.\",\"inLanguage\":\"fr-FR\",\"potentialAction\":[{\"@type\":\"ReadAction\",\"target\":[\"https:\\\/\\\/globalcitieshub.org\\\/fr\\\/accelerate-the-transition-to-sustainable-energy\\\/\"]}]},{\"@type\":\"ImageObject\",\"inLanguage\":\"fr-FR\",\"@id\":\"https:\\\/\\\/globalcitieshub.org\\\/fr\\\/accelerate-the-transition-to-sustainable-energy\\\/#primaryimage\",\"url\":\"https:\\\/\\\/www.genevacitieshub.org\\\/wp-content\\\/uploads\\\/2022\\\/03\\\/Accelerate-the-transition-to-sustainable-energy-1024x576.png\",\"contentUrl\":\"https:\\\/\\\/www.genevacitieshub.org\\\/wp-content\\\/uploads\\\/2022\\\/03\\\/Accelerate-the-transition-to-sustainable-energy-1024x576.png\"},{\"@type\":\"WebSite\",\"@id\":\"https:\\\/\\\/globalcitieshub.org\\\/fr\\\/#website\",\"url\":\"https:\\\/\\\/globalcitieshub.org\\\/fr\\\/\",\"name\":\"Global Cities Hub\",\"description\":\"Connecting local and regional governments to the United Nations and other  international organizations\",\"publisher\":{\"@id\":\"https:\\\/\\\/globalcitieshub.org\\\/fr\\\/#organization\"},\"potentialAction\":[{\"@type\":\"SearchAction\",\"target\":{\"@type\":\"EntryPoint\",\"urlTemplate\":\"https:\\\/\\\/globalcitieshub.org\\\/fr\\\/?s={search_term_string}\"},\"query-input\":{\"@type\":\"PropertyValueSpecification\",\"valueRequired\":true,\"valueName\":\"search_term_string\"}}],\"inLanguage\":\"fr-FR\"},{\"@type\":\"Organization\",\"@id\":\"https:\\\/\\\/globalcitieshub.org\\\/fr\\\/#organization\",\"name\":\"Global Cities Hub\",\"url\":\"https:\\\/\\\/globalcitieshub.org\\\/fr\\\/\",\"logo\":{\"@type\":\"ImageObject\",\"inLanguage\":\"fr-FR\",\"@id\":\"https:\\\/\\\/globalcitieshub.org\\\/fr\\\/#\\\/schema\\\/logo\\\/image\\\/\",\"url\":\"https:\\\/\\\/globalcitieshub.org\\\/wp-content\\\/uploads\\\/2023\\\/09\\\/230829_Logo_Global_Cities_Hub_Couleur_fond-blanc_RVB.png\",\"contentUrl\":\"https:\\\/\\\/globalcitieshub.org\\\/wp-content\\\/uploads\\\/2023\\\/09\\\/230829_Logo_Global_Cities_Hub_Couleur_fond-blanc_RVB.png\",\"width\":2544,\"height\":1446,\"caption\":\"Global Cities Hub\"},\"image\":{\"@id\":\"https:\\\/\\\/globalcitieshub.org\\\/fr\\\/#\\\/schema\\\/logo\\\/image\\\/\"},\"sameAs\":[\"https:\\\/\\\/x.com\\\/genevacitieshub\"]}]}<\/script>\n<!-- \/ Yoast SEO plugin. -->","yoast_head_json":{"title":"Acc\u00e9l\u00e9rer la transition vers l'\u00e9nergie durable - Global Cities Hub","description":"Lisez les bonnes pratiques de la plateforme d'action des maires sur l'acc\u00e9l\u00e9ration de la transition vers l'\u00e9nergie durable.","robots":{"index":"index","follow":"follow","max-snippet":"max-snippet:-1","max-image-preview":"max-image-preview:large","max-video-preview":"max-video-preview:-1"},"canonical":"https:\/\/globalcitieshub.org\/fr\/accelerate-the-transition-to-sustainable-energy\/","og_locale":"fr_FR","og_type":"article","og_title":"Accelerate the transition to sustainable energy - Global Cities Hub","og_description":"Read the good practices from the Mayors' Action Platform on accelerating transition to sustainable energy.","og_url":"https:\/\/globalcitieshub.org\/fr\/accelerate-the-transition-to-sustainable-energy\/","og_site_name":"Global Cities Hub","article_modified_time":"2022-03-01T09:00:54+00:00","og_image":[{"url":"https:\/\/www.genevacitieshub.org\/wp-content\/uploads\/2022\/03\/Accelerate-the-transition-to-sustainable-energy-1024x576.png","type":"","width":"","height":""}],"twitter_card":"summary_large_image","twitter_site":"@genevacitieshub","twitter_misc":{"Dur\u00e9e de lecture estim\u00e9e":"1 minute"},"schema":{"@context":"https:\/\/schema.org","@graph":[{"@type":"WebPage","@id":"https:\/\/globalcitieshub.org\/fr\/accelerate-the-transition-to-sustainable-energy\/","url":"https:\/\/globalcitieshub.org\/fr\/accelerate-the-transition-to-sustainable-energy\/","name":"Acc\u00e9l\u00e9rer la transition vers l'\u00e9nergie durable - Global Cities Hub","isPartOf":{"@id":"https:\/\/globalcitieshub.org\/fr\/#website"},"primaryImageOfPage":{"@id":"https:\/\/globalcitieshub.org\/fr\/accelerate-the-transition-to-sustainable-energy\/#primaryimage"},"image":{"@id":"https:\/\/globalcitieshub.org\/fr\/accelerate-the-transition-to-sustainable-energy\/#primaryimage"},"thumbnailUrl":"https:\/\/www.genevacitieshub.org\/wp-content\/uploads\/2022\/03\/Accelerate-the-transition-to-sustainable-energy-1024x576.png","datePublished":"2022-03-01T08:52:53+00:00","dateModified":"2022-03-01T09:00:54+00:00","description":"Lisez les bonnes pratiques de la plateforme d'action des maires sur l'acc\u00e9l\u00e9ration de la transition vers l'\u00e9nergie durable.","inLanguage":"fr-FR","potentialAction":[{"@type":"ReadAction","target":["https:\/\/globalcitieshub.org\/fr\/accelerate-the-transition-to-sustainable-energy\/"]}]},{"@type":"ImageObject","inLanguage":"fr-FR","@id":"https:\/\/globalcitieshub.org\/fr\/accelerate-the-transition-to-sustainable-energy\/#primaryimage","url":"https:\/\/www.genevacitieshub.org\/wp-content\/uploads\/2022\/03\/Accelerate-the-transition-to-sustainable-energy-1024x576.png","contentUrl":"https:\/\/www.genevacitieshub.org\/wp-content\/uploads\/2022\/03\/Accelerate-the-transition-to-sustainable-energy-1024x576.png"},{"@type":"WebSite","@id":"https:\/\/globalcitieshub.org\/fr\/#website","url":"https:\/\/globalcitieshub.org\/fr\/","name":"Global Cities Hub","description":"Relier les gouvernements locaux et r\u00e9gionaux aux Nations unies et \u00e0 d'autres organisations internationales","publisher":{"@id":"https:\/\/globalcitieshub.org\/fr\/#organization"},"potentialAction":[{"@type":"SearchAction","target":{"@type":"EntryPoint","urlTemplate":"https:\/\/globalcitieshub.org\/fr\/?s={search_term_string}"},"query-input":{"@type":"PropertyValueSpecification","valueRequired":true,"valueName":"search_term_string"}}],"inLanguage":"fr-FR"},{"@type":"Organization","@id":"https:\/\/globalcitieshub.org\/fr\/#organization","name":"Global Cities Hub","url":"https:\/\/globalcitieshub.org\/fr\/","logo":{"@type":"ImageObject","inLanguage":"fr-FR","@id":"https:\/\/globalcitieshub.org\/fr\/#\/schema\/logo\/image\/","url":"https:\/\/globalcitieshub.org\/wp-content\/uploads\/2023\/09\/230829_Logo_Global_Cities_Hub_Couleur_fond-blanc_RVB.png","contentUrl":"https:\/\/globalcitieshub.org\/wp-content\/uploads\/2023\/09\/230829_Logo_Global_Cities_Hub_Couleur_fond-blanc_RVB.png","width":2544,"height":1446,"caption":"Global Cities Hub"},"image":{"@id":"https:\/\/globalcitieshub.org\/fr\/#\/schema\/logo\/image\/"},"sameAs":["https:\/\/x.com\/genevacitieshub"]}]}},"_links":{"self":[{"href":"https:\/\/globalcitieshub.org\/fr\/wp-json\/wp\/v2\/pages\/15541","targetHints":{"allow":["GET"]}}],"collection":[{"href":"https:\/\/globalcitieshub.org\/fr\/wp-json\/wp\/v2\/pages"}],"about":[{"href":"https:\/\/globalcitieshub.org\/fr\/wp-json\/wp\/v2\/types\/page"}],"author":[{"embeddable":true,"href":"https:\/\/globalcitieshub.org\/fr\/wp-json\/wp\/v2\/users\/1"}],"replies":[{"embeddable":true,"href":"https:\/\/globalcitieshub.org\/fr\/wp-json\/wp\/v2\/comments?post=15541"}],"version-history":[{"count":5,"href":"https:\/\/globalcitieshub.org\/fr\/wp-json\/wp\/v2\/pages\/15541\/revisions"}],"predecessor-version":[{"id":15558,"href":"https:\/\/globalcitieshub.org\/fr\/wp-json\/wp\/v2\/pages\/15541\/revisions\/15558"}],"wp:attachment":[{"href":"https:\/\/globalcitieshub.org\/fr\/wp-json\/wp\/v2\/media?parent=15541"}],"curies":[{"name":"wp","href":"https:\/\/api.w.org\/{rel}","templated":true}]}}