{"id":15526,"date":"2022-03-01T09:32:22","date_gmt":"2022-03-01T08:32:22","guid":{"rendered":"https:\/\/www.genevacitieshub.org\/?page_id=15526"},"modified":"2022-03-29T11:41:33","modified_gmt":"2022-03-29T09:41:33","slug":"take-ambitious-climate-action","status":"publish","type":"page","link":"https:\/\/globalcitieshub.org\/fr\/take-ambitious-climate-action\/","title":{"rendered":"Prendre des mesures ambitieuses en faveur du climat"},"content":{"rendered":"<div data-elementor-type=\"wp-page\" data-elementor-id=\"15526\" class=\"elementor elementor-15526\">\n\t\t\t\t\t\t<section class=\"elementor-section elementor-top-section elementor-element elementor-element-4217f89 elementor-section-boxed elementor-section-height-default elementor-section-height-default\" data-id=\"4217f89\" data-element_type=\"section\" data-e-type=\"section\">\n\t\t\t\t\t\t<div class=\"elementor-container elementor-column-gap-default\">\n\t\t\t\t\t<div class=\"elementor-column elementor-col-100 elementor-top-column elementor-element elementor-element-a41e9e6\" data-id=\"a41e9e6\" data-element_type=\"column\" data-e-type=\"column\">\n\t\t\t<div class=\"elementor-widget-wrap elementor-element-populated\">\n\t\t\t\t\t\t<div class=\"elementor-element elementor-element-9d8f62f elementor-widget elementor-widget-text-editor\" data-id=\"9d8f62f\" data-element_type=\"widget\" data-e-type=\"widget\" data-widget_type=\"text-editor.default\">\n\t\t\t\t<div class=\"elementor-widget-container\">\n\t\t\t\t\t\t\t\t\t<blockquote>\n<p><span style=\"color: #000000;\"><b>Acc\u00e9l\u00e9rer la transition vers la neutralit\u00e9 carbone,<\/b> en fixant des objectifs clairs de d\u00e9carbonisation, en encourageant l'utilisation des \u00e9nergies renouvelables et en augmentant l'efficacit\u00e9 \u00e9nerg\u00e9tique et les alternatives \u00e0 faible \u00e9mission de carbone, notamment dans le domaine du logement et des transports. Nous sommes fermement d\u00e9termin\u00e9s \u00e0 lutter contre le changement climatique au niveau local en jouant notre r\u00f4le pour limiter l'augmentation de la temp\u00e9rature \u00e0 1,5\u00b0C et atteindre des \u00e9missions nettes de dioxyde de carbone (CO2) nulles d'ici 2050.<\/span><\/p>\n<p><span style=\"color: #000000;\"><b>L'accent est mis sur l'adaptation au changement climatique,<\/b> en \u00e9laborant et en mettant en \u0153uvre des plans d'adaptation locaux en vue de renforcer la r\u00e9silience des villes aux effets climatiques extr\u00eames et \u00e0 \u00e9volution lente, sur la base de processus participatifs et avec la participation de la soci\u00e9t\u00e9 civile et du secteur priv\u00e9. Nous nous engageons \u00e0 renforcer la capacit\u00e9 d'adaptation en fonction des circonstances locales et \u00e0 utiliser pleinement les connaissances scientifiques, locales et autochtones, le cas \u00e9ch\u00e9ant. Ce faisant, nous accorderons une attention particuli\u00e8re \u00e0 la restauration des \u00e9cosyst\u00e8mes, \u00e0 la conservation et aux solutions d'adaptation fond\u00e9es sur la nature, qui soient rentables et sans regret. Nous reconnaissons que les solutions naturelles apportent une s\u00e9rie de co-b\u00e9n\u00e9fices pour le d\u00e9veloppement durable local au-del\u00e0 de l'action climatique. Lors de la conception et de la mise en \u0153uvre des mesures d'adaptation, nous tiendrons compte des communaut\u00e9s locales qui sont particuli\u00e8rement vuln\u00e9rables aux effets du changement climatique.<\/span><\/p>\n<\/blockquote>\t\t\t\t\t\t\t\t<\/div>\n\t\t\t\t<\/div>\n\t\t\t\t<div class=\"elementor-element elementor-element-9a35a94 elementor-widget elementor-widget-text-editor\" data-id=\"9a35a94\" data-element_type=\"widget\" data-e-type=\"widget\" data-widget_type=\"text-editor.default\">\n\t\t\t\t<div class=\"elementor-widget-container\">\n\t\t\t\t\t\t\t\t\t<p><b>GENEVA DECLARATION OF MAYORS<\/b><\/p>\t\t\t\t\t\t\t\t<\/div>\n\t\t\t\t<\/div>\n\t\t\t\t<div class=\"elementor-element elementor-element-cb20d19 elementor-widget elementor-widget-button\" data-id=\"cb20d19\" data-element_type=\"widget\" data-e-type=\"widget\" data-widget_type=\"button.default\">\n\t\t\t\t<div class=\"elementor-widget-container\">\n\t\t\t\t\t\t\t\t\t<div class=\"elementor-button-wrapper\">\n\t\t\t\t\t<a class=\"elementor-button elementor-button-link elementor-size-sm\" href=\"https:\/\/unece.org\/sites\/default\/files\/2021-03\/Mayors%20declaration%20booklet%20-%20ver.4.pdf\" target=\"_blank\">\n\t\t\t\t\t\t<span class=\"elementor-button-content-wrapper\">\n\t\t\t\t\t\t\t\t\t<span class=\"elementor-button-text\">Lire la d\u00e9claration des maires de Gen\u00e8ve<\/span>\n\t\t\t\t\t<\/span>\n\t\t\t\t\t<\/a>\n\t\t\t\t<\/div>\n\t\t\t\t\t\t\t\t<\/div>\n\t\t\t\t<\/div>\n\t\t\t\t\t<\/div>\n\t\t<\/div>\n\t\t\t\t\t<\/div>\n\t\t<\/section>\n\t\t\t\t<section class=\"elementor-section elementor-top-section elementor-element elementor-element-3531d6d elementor-section-boxed elementor-section-height-default elementor-section-height-default\" data-id=\"3531d6d\" data-element_type=\"section\" data-e-type=\"section\">\n\t\t\t\t\t\t<div class=\"elementor-container elementor-column-gap-default\">\n\t\t\t\t\t<div class=\"elementor-column elementor-col-100 elementor-top-column elementor-element elementor-element-ea04ed4\" data-id=\"ea04ed4\" data-element_type=\"column\" data-e-type=\"column\">\n\t\t\t<div class=\"elementor-widget-wrap elementor-element-populated\">\n\t\t\t\t\t\t<section class=\"elementor-section elementor-inner-section elementor-element elementor-element-2244b96 elementor-section-boxed elementor-section-height-default elementor-section-height-default\" data-id=\"2244b96\" data-element_type=\"section\" data-e-type=\"section\">\n\t\t\t\t\t\t<div class=\"elementor-container elementor-column-gap-default\">\n\t\t\t\t\t<div class=\"elementor-column elementor-col-50 elementor-inner-column elementor-element elementor-element-c235a37\" data-id=\"c235a37\" data-element_type=\"column\" data-e-type=\"column\">\n\t\t\t<div class=\"elementor-widget-wrap elementor-element-populated\">\n\t\t\t\t\t\t<div class=\"elementor-element elementor-element-89c176d elementor-widget elementor-widget-image\" data-id=\"89c176d\" data-element_type=\"widget\" data-e-type=\"widget\" data-widget_type=\"image.default\">\n\t\t\t\t<div class=\"elementor-widget-container\">\n\t\t\t\t\t\t\t\t\t\t\t\t\t\t\t<img fetchpriority=\"high\" width=\"724\" height=\"407\" class=\"attachment-large size-large wp-image-15466 lazy\" alt=\"\" data-src=\"https:\/\/globalcitieshub.org\/wp-content\/uploads\/2022\/02\/Take-ambitious-climate-action-1024x576.png\" data-lazy=\"https:\/\/globalcitieshub.org\/wp-content\/uploads\/2022\/02\/Take-ambitious-climate-action-1024x576.png\" \/>\t\t\t\t\t\t\t\t\t\t\t\t\t\t\t<\/div>\n\t\t\t\t<\/div>\n\t\t\t\t\t<\/div>\n\t\t<\/div>\n\t\t\t\t<div class=\"elementor-column elementor-col-50 elementor-inner-column elementor-element elementor-element-d894ad2\" data-id=\"d894ad2\" data-element_type=\"column\" data-e-type=\"column\">\n\t\t\t<div class=\"elementor-widget-wrap elementor-element-populated\">\n\t\t\t\t\t\t<div class=\"elementor-element elementor-element-d1cc3d0 elementor-widget elementor-widget-text-editor\" data-id=\"d1cc3d0\" data-element_type=\"widget\" data-e-type=\"widget\" data-widget_type=\"text-editor.default\">\n\t\t\t\t<div class=\"elementor-widget-container\">\n\t\t\t\t\t\t\t\t\t<h3><a href=\"https:\/\/www.genevacitieshub.org\/en\/municipal-climate-emergency-strategy\/\" target=\"_blank\" rel=\"noopener\">Strat\u00e9gie municipale d'urgence climatique\u00a0<\/a><\/h3><p><span style=\"text-align: inherit;\">\u00a0<\/span><\/p><p><span style=\"text-align: inherit;\">La Ville de Gen\u00e8ve \u00e9labore actuellement une feuille de route pour sa \" Strat\u00e9gie municipale d'urgence climatique \".<\/span><\/p><p><i>Cette \u00e9tude de cas a \u00e9t\u00e9 partag\u00e9e par\u00a0<\/i><span style=\"text-align: inherit;\"><i><a href=\"mailto:Julie.Perrenoud@ville-ge.ch\">Mme Julie Perrenoud,<\/a> Charg\u00e9e de projet, Agenda 21 - Ville durable, Gen\u00e8ve, Suisse<\/i><\/span><\/p>\t\t\t\t\t\t\t\t<\/div>\n\t\t\t\t<\/div>\n\t\t\t\t<div class=\"elementor-element elementor-element-e59e6fd elementor-widget elementor-widget-button\" data-id=\"e59e6fd\" data-element_type=\"widget\" data-e-type=\"widget\" data-widget_type=\"button.default\">\n\t\t\t\t<div class=\"elementor-widget-container\">\n\t\t\t\t\t\t\t\t\t<div class=\"elementor-button-wrapper\">\n\t\t\t\t\t<a class=\"elementor-button elementor-button-link elementor-size-sm\" href=\"https:\/\/www.genevacitieshub.org\/en\/municipal-climate-emergency-strategy\/\">\n\t\t\t\t\t\t<span class=\"elementor-button-content-wrapper\">\n\t\t\t\t\t\t\t\t\t<span class=\"elementor-button-text\">Lire l'article complet<\/span>\n\t\t\t\t\t<\/span>\n\t\t\t\t\t<\/a>\n\t\t\t\t<\/div>\n\t\t\t\t\t\t\t\t<\/div>\n\t\t\t\t<\/div>\n\t\t\t\t\t<\/div>\n\t\t<\/div>\n\t\t\t\t\t<\/div>\n\t\t<\/section>\n\t\t\t\t<div class=\"elementor-element elementor-element-72b6055 elementor-widget elementor-widget-spacer\" data-id=\"72b6055\" data-element_type=\"widget\" data-e-type=\"widget\" data-widget_type=\"spacer.default\">\n\t\t\t\t<div class=\"elementor-widget-container\">\n\t\t\t\t\t\t\t<div class=\"elementor-spacer\">\n\t\t\t<div class=\"elementor-spacer-inner\"><\/div>\n\t\t<\/div>\n\t\t\t\t\t\t<\/div>\n\t\t\t\t<\/div>\n\t\t\t\t<section class=\"elementor-section elementor-inner-section elementor-element elementor-element-e0c7ced elementor-section-boxed elementor-section-height-default elementor-section-height-default\" data-id=\"e0c7ced\" data-element_type=\"section\" data-e-type=\"section\">\n\t\t\t\t\t\t<div class=\"elementor-container elementor-column-gap-default\">\n\t\t\t\t\t<div class=\"elementor-column elementor-col-50 elementor-inner-column elementor-element elementor-element-fd03daf\" data-id=\"fd03daf\" data-element_type=\"column\" data-e-type=\"column\">\n\t\t\t<div class=\"elementor-widget-wrap elementor-element-populated\">\n\t\t\t\t\t\t<div class=\"elementor-element elementor-element-d8e06f8 elementor-widget elementor-widget-image\" data-id=\"d8e06f8\" data-element_type=\"widget\" data-e-type=\"widget\" data-widget_type=\"image.default\">\n\t\t\t\t<div class=\"elementor-widget-container\">\n\t\t\t\t\t\t\t\t\t\t\t\t\t\t\t<img fetchpriority=\"high\" width=\"724\" height=\"407\" class=\"attachment-large size-large wp-image-15466 lazy\" alt=\"\" data-src=\"https:\/\/globalcitieshub.org\/wp-content\/uploads\/2022\/02\/Take-ambitious-climate-action-1024x576.png\" data-lazy=\"https:\/\/globalcitieshub.org\/wp-content\/uploads\/2022\/02\/Take-ambitious-climate-action-1024x576.png\" \/>\t\t\t\t\t\t\t\t\t\t\t\t\t\t\t<\/div>\n\t\t\t\t<\/div>\n\t\t\t\t\t<\/div>\n\t\t<\/div>\n\t\t\t\t<div class=\"elementor-column elementor-col-50 elementor-inner-column elementor-element elementor-element-fa6e21b\" data-id=\"fa6e21b\" data-element_type=\"column\" data-e-type=\"column\">\n\t\t\t<div class=\"elementor-widget-wrap elementor-element-populated\">\n\t\t\t\t\t\t<div class=\"elementor-element elementor-element-bacbbb3 elementor-widget elementor-widget-text-editor\" data-id=\"bacbbb3\" data-element_type=\"widget\" data-e-type=\"widget\" data-widget_type=\"text-editor.default\">\n\t\t\t\t<div class=\"elementor-widget-container\">\n\t\t\t\t\t\t\t\t\t<h3><a href=\"https:\/\/www.themayor.eu\/en\/a\/view\/nice-studies-smokers-behaviour-to-protect-beaches-from-cigarette-butts-8583\" target=\"_blank\" rel=\"noopener\">Nice \u00e9tudie le comportement des fumeurs pour prot\u00e9ger les plages des m\u00e9gots de cigarettes<\/a><\/h3><p>Pour r\u00e9soudre le probl\u00e8me des fumeurs qui se d\u00e9barrassent mal de leurs m\u00e9gots et pr\u00e9server la propret\u00e9 de ses plages, les autorit\u00e9s vont essayer d'en savoir plus sur les fumeurs qui fr\u00e9quentent les plages locales et tenter de s'adapter \u00e0 leurs besoins.<\/p><p>\u00a0<\/p><p><i>\u00a0<\/i><\/p><p><i>Lire <a href=\"https:\/\/www.themayor.eu\/en\/a\/view\/nice-studies-smokers-behaviour-to-protect-beaches-from-cigarette-butts-8583\" target=\"_blank\" rel=\"noopener\">l'article complet<\/a> par Aseniya Dimitrova sur TheMayor.EU.<\/i><\/p>\t\t\t\t\t\t\t\t<\/div>\n\t\t\t\t<\/div>\n\t\t\t\t\t<\/div>\n\t\t<\/div>\n\t\t\t\t\t<\/div>\n\t\t<\/section>\n\t\t\t\t<div class=\"elementor-element elementor-element-0372993 elementor-widget elementor-widget-spacer\" data-id=\"0372993\" data-element_type=\"widget\" data-e-type=\"widget\" data-widget_type=\"spacer.default\">\n\t\t\t\t<div class=\"elementor-widget-container\">\n\t\t\t\t\t\t\t<div class=\"elementor-spacer\">\n\t\t\t<div class=\"elementor-spacer-inner\"><\/div>\n\t\t<\/div>\n\t\t\t\t\t\t<\/div>\n\t\t\t\t<\/div>\n\t\t\t\t<section class=\"elementor-section elementor-inner-section elementor-element elementor-element-ae1168e elementor-section-boxed elementor-section-height-default elementor-section-height-default\" data-id=\"ae1168e\" data-element_type=\"section\" data-e-type=\"section\">\n\t\t\t\t\t\t<div class=\"elementor-container elementor-column-gap-default\">\n\t\t\t\t\t<div class=\"elementor-column elementor-col-50 elementor-inner-column elementor-element elementor-element-b005bf6\" data-id=\"b005bf6\" data-element_type=\"column\" data-e-type=\"column\">\n\t\t\t<div class=\"elementor-widget-wrap elementor-element-populated\">\n\t\t\t\t\t\t<div class=\"elementor-element elementor-element-861e133 elementor-widget elementor-widget-image\" data-id=\"861e133\" data-element_type=\"widget\" data-e-type=\"widget\" data-widget_type=\"image.default\">\n\t\t\t\t<div class=\"elementor-widget-container\">\n\t\t\t\t\t\t\t\t\t\t\t\t\t\t\t<img fetchpriority=\"high\" width=\"724\" height=\"407\" class=\"attachment-large size-large wp-image-15466 lazy\" alt=\"\" data-src=\"https:\/\/globalcitieshub.org\/wp-content\/uploads\/2022\/02\/Take-ambitious-climate-action-1024x576.png\" data-lazy=\"https:\/\/globalcitieshub.org\/wp-content\/uploads\/2022\/02\/Take-ambitious-climate-action-1024x576.png\" \/>\t\t\t\t\t\t\t\t\t\t\t\t\t\t\t<\/div>\n\t\t\t\t<\/div>\n\t\t\t\t\t<\/div>\n\t\t<\/div>\n\t\t\t\t<div class=\"elementor-column elementor-col-50 elementor-inner-column elementor-element elementor-element-253ba42\" data-id=\"253ba42\" data-element_type=\"column\" data-e-type=\"column\">\n\t\t\t<div class=\"elementor-widget-wrap elementor-element-populated\">\n\t\t\t\t\t\t<div class=\"elementor-element elementor-element-784329b elementor-widget elementor-widget-text-editor\" data-id=\"784329b\" data-element_type=\"widget\" data-e-type=\"widget\" data-widget_type=\"text-editor.default\">\n\t\t\t\t<div class=\"elementor-widget-container\">\n\t\t\t\t\t\t\t\t\t<h3><a href=\"https:\/\/eurocities.eu\/latest\/inventing-cool-in-the-heatwave\/\" target=\"_blank\" rel=\"noopener\">Inventer la fra\u00eecheur pendant la canicule<\/a><\/h3><p>Dans les ann\u00e9es \u00e0 venir, le changement climatique va devenir un d\u00e9fi de plus en plus pressant pour les villes. Les milieux urbains sont en moyenne 5\u00b0C plus chauds que leur environnement. Cet \"effet d'\u00eelot urbain\" constitue une menace pour les populations en cas de canicule. Heureusement, les villes peuvent agir rapidement pour prot\u00e9ger leurs habitants.\u00a0<\/p><p>\u00a0<\/p><p><em>Lire <a href=\"https:\/\/eurocities.eu\/latest\/inventing-cool-in-the-heatwave\/\" target=\"_blank\" rel=\"noopener\">l'article complet<\/a> par Wilma Dragonetti sur Eurocities.<\/em><\/p>\t\t\t\t\t\t\t\t<\/div>\n\t\t\t\t<\/div>\n\t\t\t\t\t<\/div>\n\t\t<\/div>\n\t\t\t\t\t<\/div>\n\t\t<\/section>\n\t\t\t\t\t<\/div>\n\t\t<\/div>\n\t\t\t\t\t<\/div>\n\t\t<\/section>\n\t\t\t\t<\/div>","protected":false},"excerpt":{"rendered":"<p>Acc\u00e9l\u00e9rer la transition vers la neutralit\u00e9 carbone en fixant des objectifs clairs de d\u00e9carbonisation, en encourageant l'utilisation des \u00e9nergies renouvelables et en augmentant l'efficacit\u00e9 \u00e9nerg\u00e9tique et les alternatives \u00e0 faible teneur en carbone, en particulier dans les domaines du logement et des transports. Nous sommes fermement d\u00e9termin\u00e9s \u00e0 lutter contre le changement climatique au niveau local en jouant notre r\u00f4le dans la limitation de l'augmentation de la temp\u00e9rature \u00e0 1,5 \u00b0C et dans l'atteinte de l'objectif de z\u00e9ro ... <\/p>","protected":false},"author":1,"featured_media":0,"parent":0,"menu_order":0,"comment_status":"closed","ping_status":"closed","template":"","meta":{"_monsterinsights_skip_tracking":false,"_monsterinsights_sitenote_active":false,"_monsterinsights_sitenote_note":"","_monsterinsights_sitenote_category":0,"footnotes":""},"class_list":["post-15526","page","type-page","status-publish","hentry"],"yoast_head":"<!-- This site is optimized with the Yoast SEO plugin v27.4 - https:\/\/yoast.com\/product\/yoast-seo-wordpress\/ -->\n<title>Take ambitious climate action - Global Cities Hub<\/title>\n<meta name=\"description\" content=\"Read the good practices from the Mayors&#039; Action Platform on taking ambitious climate action\" \/>\n<meta name=\"robots\" content=\"index, follow, max-snippet:-1, max-image-preview:large, max-video-preview:-1\" \/>\n<link rel=\"canonical\" href=\"https:\/\/globalcitieshub.org\/fr\/take-ambitious-climate-action\/\" \/>\n<meta property=\"og:locale\" content=\"fr_FR\" \/>\n<meta property=\"og:type\" content=\"article\" \/>\n<meta property=\"og:title\" content=\"Take ambitious climate action - Global Cities Hub\" \/>\n<meta property=\"og:description\" content=\"Read the good practices from the Mayors&#039; Action Platform on taking ambitious climate action\" \/>\n<meta property=\"og:url\" content=\"https:\/\/globalcitieshub.org\/fr\/take-ambitious-climate-action\/\" \/>\n<meta property=\"og:site_name\" content=\"Global Cities Hub\" \/>\n<meta property=\"article:modified_time\" content=\"2022-03-29T09:41:33+00:00\" \/>\n<meta property=\"og:image\" content=\"https:\/\/www.genevacitieshub.org\/wp-content\/uploads\/2022\/02\/Take-ambitious-climate-action-1024x576.png\" \/>\n<meta name=\"twitter:card\" content=\"summary_large_image\" \/>\n<meta name=\"twitter:site\" content=\"@genevacitieshub\" \/>\n<meta name=\"twitter:label1\" content=\"Dur\u00e9e de lecture estim\u00e9e\" \/>\n\t<meta name=\"twitter:data1\" content=\"3 minutes\" \/>\n<script type=\"application\/ld+json\" class=\"yoast-schema-graph\">{\"@context\":\"https:\\\/\\\/schema.org\",\"@graph\":[{\"@type\":\"WebPage\",\"@id\":\"https:\\\/\\\/globalcitieshub.org\\\/fr\\\/take-ambitious-climate-action\\\/\",\"url\":\"https:\\\/\\\/globalcitieshub.org\\\/fr\\\/take-ambitious-climate-action\\\/\",\"name\":\"Take ambitious climate action - Global Cities Hub\",\"isPartOf\":{\"@id\":\"https:\\\/\\\/globalcitieshub.org\\\/fr\\\/#website\"},\"primaryImageOfPage\":{\"@id\":\"https:\\\/\\\/globalcitieshub.org\\\/fr\\\/take-ambitious-climate-action\\\/#primaryimage\"},\"image\":{\"@id\":\"https:\\\/\\\/globalcitieshub.org\\\/fr\\\/take-ambitious-climate-action\\\/#primaryimage\"},\"thumbnailUrl\":\"https:\\\/\\\/www.genevacitieshub.org\\\/wp-content\\\/uploads\\\/2022\\\/02\\\/Take-ambitious-climate-action-1024x576.png\",\"datePublished\":\"2022-03-01T08:32:22+00:00\",\"dateModified\":\"2022-03-29T09:41:33+00:00\",\"description\":\"Read the good practices from the Mayors' Action Platform on taking ambitious climate action\",\"inLanguage\":\"fr-FR\",\"potentialAction\":[{\"@type\":\"ReadAction\",\"target\":[\"https:\\\/\\\/globalcitieshub.org\\\/fr\\\/take-ambitious-climate-action\\\/\"]}]},{\"@type\":\"ImageObject\",\"inLanguage\":\"fr-FR\",\"@id\":\"https:\\\/\\\/globalcitieshub.org\\\/fr\\\/take-ambitious-climate-action\\\/#primaryimage\",\"url\":\"https:\\\/\\\/www.genevacitieshub.org\\\/wp-content\\\/uploads\\\/2022\\\/02\\\/Take-ambitious-climate-action-1024x576.png\",\"contentUrl\":\"https:\\\/\\\/www.genevacitieshub.org\\\/wp-content\\\/uploads\\\/2022\\\/02\\\/Take-ambitious-climate-action-1024x576.png\"},{\"@type\":\"WebSite\",\"@id\":\"https:\\\/\\\/globalcitieshub.org\\\/fr\\\/#website\",\"url\":\"https:\\\/\\\/globalcitieshub.org\\\/fr\\\/\",\"name\":\"Global Cities Hub\",\"description\":\"Connecting local and regional governments to the United Nations and other  international organizations\",\"publisher\":{\"@id\":\"https:\\\/\\\/globalcitieshub.org\\\/fr\\\/#organization\"},\"potentialAction\":[{\"@type\":\"SearchAction\",\"target\":{\"@type\":\"EntryPoint\",\"urlTemplate\":\"https:\\\/\\\/globalcitieshub.org\\\/fr\\\/?s={search_term_string}\"},\"query-input\":{\"@type\":\"PropertyValueSpecification\",\"valueRequired\":true,\"valueName\":\"search_term_string\"}}],\"inLanguage\":\"fr-FR\"},{\"@type\":\"Organization\",\"@id\":\"https:\\\/\\\/globalcitieshub.org\\\/fr\\\/#organization\",\"name\":\"Global Cities Hub\",\"url\":\"https:\\\/\\\/globalcitieshub.org\\\/fr\\\/\",\"logo\":{\"@type\":\"ImageObject\",\"inLanguage\":\"fr-FR\",\"@id\":\"https:\\\/\\\/globalcitieshub.org\\\/fr\\\/#\\\/schema\\\/logo\\\/image\\\/\",\"url\":\"https:\\\/\\\/globalcitieshub.org\\\/wp-content\\\/uploads\\\/2023\\\/09\\\/230829_Logo_Global_Cities_Hub_Couleur_fond-blanc_RVB.png\",\"contentUrl\":\"https:\\\/\\\/globalcitieshub.org\\\/wp-content\\\/uploads\\\/2023\\\/09\\\/230829_Logo_Global_Cities_Hub_Couleur_fond-blanc_RVB.png\",\"width\":2544,\"height\":1446,\"caption\":\"Global Cities Hub\"},\"image\":{\"@id\":\"https:\\\/\\\/globalcitieshub.org\\\/fr\\\/#\\\/schema\\\/logo\\\/image\\\/\"},\"sameAs\":[\"https:\\\/\\\/x.com\\\/genevacitieshub\"]}]}<\/script>\n<!-- \/ Yoast SEO plugin. -->","yoast_head_json":{"title":"Prendre des mesures ambitieuses pour lutter contre le changement climatique - Global Cities Hub","description":"Lire les bonnes pratiques de la plateforme d'action des maires pour une action climatique ambitieuse","robots":{"index":"index","follow":"follow","max-snippet":"max-snippet:-1","max-image-preview":"max-image-preview:large","max-video-preview":"max-video-preview:-1"},"canonical":"https:\/\/globalcitieshub.org\/fr\/take-ambitious-climate-action\/","og_locale":"fr_FR","og_type":"article","og_title":"Take ambitious climate action - Global Cities Hub","og_description":"Read the good practices from the Mayors' Action Platform on taking ambitious climate action","og_url":"https:\/\/globalcitieshub.org\/fr\/take-ambitious-climate-action\/","og_site_name":"Global Cities Hub","article_modified_time":"2022-03-29T09:41:33+00:00","og_image":[{"url":"https:\/\/www.genevacitieshub.org\/wp-content\/uploads\/2022\/02\/Take-ambitious-climate-action-1024x576.png","type":"","width":"","height":""}],"twitter_card":"summary_large_image","twitter_site":"@genevacitieshub","twitter_misc":{"Dur\u00e9e de lecture estim\u00e9e":"3 minutes"},"schema":{"@context":"https:\/\/schema.org","@graph":[{"@type":"WebPage","@id":"https:\/\/globalcitieshub.org\/fr\/take-ambitious-climate-action\/","url":"https:\/\/globalcitieshub.org\/fr\/take-ambitious-climate-action\/","name":"Prendre des mesures ambitieuses pour lutter contre le changement climatique - Global Cities Hub","isPartOf":{"@id":"https:\/\/globalcitieshub.org\/fr\/#website"},"primaryImageOfPage":{"@id":"https:\/\/globalcitieshub.org\/fr\/take-ambitious-climate-action\/#primaryimage"},"image":{"@id":"https:\/\/globalcitieshub.org\/fr\/take-ambitious-climate-action\/#primaryimage"},"thumbnailUrl":"https:\/\/www.genevacitieshub.org\/wp-content\/uploads\/2022\/02\/Take-ambitious-climate-action-1024x576.png","datePublished":"2022-03-01T08:32:22+00:00","dateModified":"2022-03-29T09:41:33+00:00","description":"Lire les bonnes pratiques de la plateforme d'action des maires pour une action climatique ambitieuse","inLanguage":"fr-FR","potentialAction":[{"@type":"ReadAction","target":["https:\/\/globalcitieshub.org\/fr\/take-ambitious-climate-action\/"]}]},{"@type":"ImageObject","inLanguage":"fr-FR","@id":"https:\/\/globalcitieshub.org\/fr\/take-ambitious-climate-action\/#primaryimage","url":"https:\/\/www.genevacitieshub.org\/wp-content\/uploads\/2022\/02\/Take-ambitious-climate-action-1024x576.png","contentUrl":"https:\/\/www.genevacitieshub.org\/wp-content\/uploads\/2022\/02\/Take-ambitious-climate-action-1024x576.png"},{"@type":"WebSite","@id":"https:\/\/globalcitieshub.org\/fr\/#website","url":"https:\/\/globalcitieshub.org\/fr\/","name":"Global Cities Hub","description":"Relier les gouvernements locaux et r\u00e9gionaux aux Nations unies et \u00e0 d'autres organisations internationales","publisher":{"@id":"https:\/\/globalcitieshub.org\/fr\/#organization"},"potentialAction":[{"@type":"SearchAction","target":{"@type":"EntryPoint","urlTemplate":"https:\/\/globalcitieshub.org\/fr\/?s={search_term_string}"},"query-input":{"@type":"PropertyValueSpecification","valueRequired":true,"valueName":"search_term_string"}}],"inLanguage":"fr-FR"},{"@type":"Organization","@id":"https:\/\/globalcitieshub.org\/fr\/#organization","name":"Global Cities Hub","url":"https:\/\/globalcitieshub.org\/fr\/","logo":{"@type":"ImageObject","inLanguage":"fr-FR","@id":"https:\/\/globalcitieshub.org\/fr\/#\/schema\/logo\/image\/","url":"https:\/\/globalcitieshub.org\/wp-content\/uploads\/2023\/09\/230829_Logo_Global_Cities_Hub_Couleur_fond-blanc_RVB.png","contentUrl":"https:\/\/globalcitieshub.org\/wp-content\/uploads\/2023\/09\/230829_Logo_Global_Cities_Hub_Couleur_fond-blanc_RVB.png","width":2544,"height":1446,"caption":"Global Cities Hub"},"image":{"@id":"https:\/\/globalcitieshub.org\/fr\/#\/schema\/logo\/image\/"},"sameAs":["https:\/\/x.com\/genevacitieshub"]}]}},"_links":{"self":[{"href":"https:\/\/globalcitieshub.org\/fr\/wp-json\/wp\/v2\/pages\/15526","targetHints":{"allow":["GET"]}}],"collection":[{"href":"https:\/\/globalcitieshub.org\/fr\/wp-json\/wp\/v2\/pages"}],"about":[{"href":"https:\/\/globalcitieshub.org\/fr\/wp-json\/wp\/v2\/types\/page"}],"author":[{"embeddable":true,"href":"https:\/\/globalcitieshub.org\/fr\/wp-json\/wp\/v2\/users\/1"}],"replies":[{"embeddable":true,"href":"https:\/\/globalcitieshub.org\/fr\/wp-json\/wp\/v2\/comments?post=15526"}],"version-history":[{"count":17,"href":"https:\/\/globalcitieshub.org\/fr\/wp-json\/wp\/v2\/pages\/15526\/revisions"}],"predecessor-version":[{"id":16474,"href":"https:\/\/globalcitieshub.org\/fr\/wp-json\/wp\/v2\/pages\/15526\/revisions\/16474"}],"wp:attachment":[{"href":"https:\/\/globalcitieshub.org\/fr\/wp-json\/wp\/v2\/media?parent=15526"}],"curies":[{"name":"wp","href":"https:\/\/api.w.org\/{rel}","templated":true}]}}