{"id":15453,"date":"2022-02-28T14:18:26","date_gmt":"2022-02-28T13:18:26","guid":{"rendered":"https:\/\/www.genevacitieshub.org\/?page_id=15453"},"modified":"2026-02-16T17:05:43","modified_gmt":"2026-02-16T16:05:43","slug":"iclei-europe","status":"publish","type":"page","link":"https:\/\/globalcitieshub.org\/fr\/iclei-europe\/","title":{"rendered":"ICLEI Europe"},"content":{"rendered":"<div data-elementor-type=\"wp-page\" data-elementor-id=\"15453\" class=\"elementor elementor-15453\">\n\t\t\t\t\t\t<section class=\"elementor-section elementor-top-section elementor-element elementor-element-2070ab8 elementor-section-boxed elementor-section-height-default elementor-section-height-default\" data-id=\"2070ab8\" data-element_type=\"section\" data-e-type=\"section\">\n\t\t\t\t\t\t<div class=\"elementor-container elementor-column-gap-default\">\n\t\t\t\t\t<div class=\"elementor-column elementor-col-100 elementor-top-column elementor-element elementor-element-72ee66a\" data-id=\"72ee66a\" data-element_type=\"column\" data-e-type=\"column\">\n\t\t\t<div class=\"elementor-widget-wrap elementor-element-populated\">\n\t\t\t\t\t\t<div class=\"elementor-element elementor-element-dc8a151 elementor-widget elementor-widget-text-editor\" data-id=\"dc8a151\" data-element_type=\"widget\" data-e-type=\"widget\" data-widget_type=\"text-editor.default\">\n\t\t\t\t<div class=\"elementor-widget-container\">\n\t\t\t\t\t\t\t\t\t<h4><span style=\"color: #000000;\"><b>ICLEI - Local Governments for Sustainability (fond\u00e9 en 1990 sous le nom de Conseil international pour les initiatives locales) est un r\u00e9seau mondial de plus de 1 750 gouvernements locaux et r\u00e9gionaux. Les membres d'ICLEI Europe sont au c\u0153ur de l'organisation. Repr\u00e9sentant des gouvernements locaux et des associations gouvernementales de toutes formes et tailles, leur r\u00e9seau s'\u00e9tend \u00e0 travers l'Europe et au-del\u00e0.<\/b><\/span><\/h4>\t\t\t\t\t\t\t\t<\/div>\n\t\t\t\t<\/div>\n\t\t\t\t<div class=\"elementor-element elementor-element-ed74e1f elementor-widget elementor-widget-text-editor\" data-id=\"ed74e1f\" data-element_type=\"widget\" data-e-type=\"widget\" data-widget_type=\"text-editor.default\">\n\t\t\t\t<div class=\"elementor-widget-container\">\n\t\t\t\t\t\t\t\t\t<p><span style=\"color: #000000;\">Les membres soutiennent le travail d'ICLEI par le biais de leurs cotisations et en mettant \u00e0 profit leur exp\u00e9rience et leur cr\u00e9ativit\u00e9 pour \u00e9laborer et mettre en \u0153uvre des projets visant \u00e0 r\u00e9soudre les plus grands probl\u00e8mes du monde et les n\u00f4tres.<\/span><\/p><p>Entre nous, nous sommes un groupe de pairs dont les membres se consacrent au d\u00e9veloppement durable et \u00e0 l'innovation. En \u00e9changeant et en profitant des connaissances de chacun, nous pouvons faire avancer l'agenda du d\u00e9veloppement durable en Europe.<\/p>\t\t\t\t\t\t\t\t<\/div>\n\t\t\t\t<\/div>\n\t\t\t\t<div class=\"elementor-element elementor-element-a3938cf elementor-widget elementor-widget-text-editor\" data-id=\"a3938cf\" data-element_type=\"widget\" data-e-type=\"widget\" data-widget_type=\"text-editor.default\">\n\t\t\t\t<div class=\"elementor-widget-container\">\n\t\t\t\t\t\t\t\t\t<h4><span style=\"color: #000000;\"><b>VISION<\/b><\/span><\/h4><p>\u00a0<\/p><p>En tant que r\u00e9seau mondial engag\u00e9 dans le d\u00e9veloppement urbain durable, ICLEI s'efforce d'aider toutes les parties de la soci\u00e9t\u00e9 \u00e0 se transformer en vue de la durabilit\u00e9 par le biais de l'action locale et de la coop\u00e9ration \u00e0 plusieurs niveaux. Notre id\u00e9e de la durabilit\u00e9 est fond\u00e9e sur le concept de fronti\u00e8res plan\u00e9taires, ce qui signifie que notre d\u00e9veloppement \u00e9conomique et social doit respecter les ressources limit\u00e9es de notre plan\u00e8te. Pour y parvenir, l'ICLEI a d\u00e9fini cinq voies de d\u00e9veloppement vers un d\u00e9veloppement \u00e0 faibles \u00e9missions, bas\u00e9 sur la nature, circulaire, r\u00e9silient, \u00e9quitable et centr\u00e9 sur la sant\u00e9.<\/p><p>Sur la base de nos 30 ann\u00e9es d'exp\u00e9rience, nous pensons que la cl\u00e9 d'une transformation r\u00e9ussie r\u00e9side dans une r\u00e9forme substantielle de nos syst\u00e8mes \u00e9conomiques, financiers et sociaux, et dans un changement des paradigmes qui r\u00e9gissent ces syst\u00e8mes. Nous devons aller au-del\u00e0 de l'efficacit\u00e9 des ressources et viser la suffisance. Au lieu de cr\u00e9er plus pour tout le monde, ce qui entra\u00eenerait un d\u00e9passement massif des ressources mondiales, nous devons cr\u00e9er suffisamment pour tout le monde en respectant les limites plan\u00e9taires. Cela signifie que nous devons distribuer \u00e9quitablement les ressources et les opportunit\u00e9s disponibles.<\/p>\t\t\t\t\t\t\t\t<\/div>\n\t\t\t\t<\/div>\n\t\t\t\t<div class=\"elementor-element elementor-element-73ef6a8 elementor-widget elementor-widget-spacer\" data-id=\"73ef6a8\" data-element_type=\"widget\" data-e-type=\"widget\" data-widget_type=\"spacer.default\">\n\t\t\t\t<div class=\"elementor-widget-container\">\n\t\t\t\t\t\t\t<div class=\"elementor-spacer\">\n\t\t\t<div class=\"elementor-spacer-inner\"><\/div>\n\t\t<\/div>\n\t\t\t\t\t\t<\/div>\n\t\t\t\t<\/div>\n\t\t\t\t<div class=\"elementor-element elementor-element-1c8cd42 elementor-widget elementor-widget-text-editor\" data-id=\"1c8cd42\" data-element_type=\"widget\" data-e-type=\"widget\" data-widget_type=\"text-editor.default\">\n\t\t\t\t<div class=\"elementor-widget-container\">\n\t\t\t\t\t\t\t\t\t<blockquote><p><span style=\"color: #000000;\">\"En 2016, ICLEI Europe a initi\u00e9 la D\u00e9claration basque, qui offre aux gouvernements locaux et r\u00e9gionaux des voies de transformation socioculturelle, socio-\u00e9conomique et technologique et contribue \u00e0 la mise en \u0153uvre des ODD au niveau local. Cependant, pour une transformation r\u00e9ussie en accord avec le Programme de d\u00e9veloppement durable 2030 de l'ONU et l'Accord de Paris, les gouvernements locaux et r\u00e9gionaux doivent \u00eatre plus que des partenaires de mise en \u0153uvre. Ils doivent \u00eatre activement impliqu\u00e9s dans la conception et le d\u00e9veloppement de cadres r\u00e9glementaires et fiscaux \u00e0 tous les niveaux, en appliquant une perspective ascendante pour obtenir le soutien n\u00e9cessaire \u00e0 la transformation sur le terrain.\"<\/span><\/p><\/blockquote>\t\t\t\t\t\t\t\t<\/div>\n\t\t\t\t<\/div>\n\t\t\t\t<div class=\"elementor-element elementor-element-23e4c78 elementor-widget elementor-widget-spacer\" data-id=\"23e4c78\" data-element_type=\"widget\" data-e-type=\"widget\" data-widget_type=\"spacer.default\">\n\t\t\t\t<div class=\"elementor-widget-container\">\n\t\t\t\t\t\t\t<div class=\"elementor-spacer\">\n\t\t\t<div class=\"elementor-spacer-inner\"><\/div>\n\t\t<\/div>\n\t\t\t\t\t\t<\/div>\n\t\t\t\t<\/div>\n\t\t\t\t<div class=\"elementor-element elementor-element-8f9355b elementor-widget elementor-widget-text-editor\" data-id=\"8f9355b\" data-element_type=\"widget\" data-e-type=\"widget\" data-widget_type=\"text-editor.default\">\n\t\t\t\t<div class=\"elementor-widget-container\">\n\t\t\t\t\t\t\t\t\t<h4><span style=\"color: #000000;\"><strong>OBJECTIFS PRINCIPAUX\u00a0<\/strong><\/span><\/h4><p>\u00a0<\/p><p>Actifs dans plus d'une centaine de pays, nous influen\u00e7ons les politiques de durabilit\u00e9 et conduisons des actions locales en faveur d'un d\u00e9veloppement \u00e0 faibles \u00e9missions, fond\u00e9 sur la nature, \u00e9quitable, r\u00e9silient et circulaire. Nos membres collaborent avec des experts par le biais d'\u00e9changes entre pairs, de partenariats et de renforcement des capacit\u00e9s afin de cr\u00e9er un changement syst\u00e9mique pour la durabilit\u00e9 urbaine.<\/p><p>ICLEI Europe offre \u00e0 ses membres d'Europe, d'Afrique du Nord, du Moyen-Orient et d'Asie de l'Ouest une voix sur la sc\u00e8ne europ\u00e9enne et internationale, une plateforme pour entrer en contact avec leurs pairs, et des outils pour conduire des changements environnementaux, \u00e9conomiques et sociaux positifs. ICLEI Europe travaille en \u00e9troite collaboration avec un r\u00e9seau \u00e9tendu de gouvernements locaux et r\u00e9gionaux et de partenaires sur un large \u00e9ventail de sujets.<\/p><p>\u00a0<\/p>\t\t\t\t\t\t\t\t<\/div>\n\t\t\t\t<\/div>\n\t\t\t\t<div class=\"elementor-element elementor-element-93f265f elementor-widget elementor-widget-text-editor\" data-id=\"93f265f\" data-element_type=\"widget\" data-e-type=\"widget\" data-widget_type=\"text-editor.default\">\n\t\t\t\t<div class=\"elementor-widget-container\">\n\t\t\t\t\t\t\t\t\t<h4><span style=\"color: #000000;\"><strong>PROJETS CL\u00c9S\u00a0<\/strong><\/span><\/h4><div style=\"text-align: justify;\">\u00a0<\/div><div style=\"text-align: justify;\"><p>Le Green Deal europ\u00e9en. Soutenant la transformation locale au niveau europ\u00e9en, dans le cadre de la conf\u00e9rence Mannheim2020, ICLEI a initi\u00e9 avec le Message de Mannheim une r\u00e9ponse des maires et d\u00e9cideurs des villes et r\u00e9gions d'Europe au Green Deal europ\u00e9en.<\/p><p>Pour atteindre notre objectif de changement syst\u00e9mique pour la durabilit\u00e9 urbaine et pour conduire la transformation de nos soci\u00e9t\u00e9s, ICLEI Europe travaille en \u00e9troite collaboration avec un r\u00e9seau \u00e9tendu de gouvernements locaux et r\u00e9gionaux et de partenaires sur un large \u00e9ventail de projets dans divers domaines. Parmi les projets en cours, citons :<\/p><p><b><br \/>CityLoops.<\/b> Favorise la transition vers une \u00e9conomie circulaire dans les villes.<\/p><p><b>SUMP-Plus.<\/b> \u00c9laborer des plans int\u00e9gr\u00e9s de mobilit\u00e9 urbaine durable.<\/p><p><b>AI4Cities. Applique l'intelligence artificielle pour promouvoir la transition des villes vers la neutralit\u00e9 carbone.<\/b><\/p><p><b>UrbanA. <\/b>Favoriser une transition juste vers la durabilit\u00e9.<\/p><p><b>R\u00e9seauNature.<\/b> Connecte la nature et les villes intelligentes ; d\u00e9veloppe des solutions bas\u00e9es sur la nature.\u00a0<\/p><\/div><div>\u00a0<\/div><h4><span style=\"color: #000000;\"><strong>INFORMATIONS DE CONTACT<\/strong><\/span><\/h4>\t\t\t\t\t\t\t\t<\/div>\n\t\t\t\t<\/div>\n\t\t\t\t<section class=\"elementor-section elementor-inner-section elementor-element elementor-element-ab1c19e elementor-section-boxed elementor-section-height-default elementor-section-height-default\" data-id=\"ab1c19e\" data-element_type=\"section\" data-e-type=\"section\">\n\t\t\t\t\t\t<div class=\"elementor-container elementor-column-gap-default\">\n\t\t\t\t\t<div class=\"elementor-column elementor-col-33 elementor-inner-column elementor-element elementor-element-7f3e4f5\" data-id=\"7f3e4f5\" data-element_type=\"column\" data-e-type=\"column\">\n\t\t\t<div class=\"elementor-widget-wrap elementor-element-populated\">\n\t\t\t\t\t\t<div class=\"elementor-element elementor-element-4b98f7e elementor-align-center elementor-widget elementor-widget-button\" data-id=\"4b98f7e\" data-element_type=\"widget\" data-e-type=\"widget\" data-widget_type=\"button.default\">\n\t\t\t\t<div class=\"elementor-widget-container\">\n\t\t\t\t\t\t\t\t\t<div class=\"elementor-button-wrapper\">\n\t\t\t\t\t<a class=\"elementor-button elementor-button-link elementor-size-sm\" href=\"https:\/\/iclei-europe.org\/\" target=\"_blank\">\n\t\t\t\t\t\t<span class=\"elementor-button-content-wrapper\">\n\t\t\t\t\t\t\t\t\t<span class=\"elementor-button-text\">Site web de l'ICLEI<\/span>\n\t\t\t\t\t<\/span>\n\t\t\t\t\t<\/a>\n\t\t\t\t<\/div>\n\t\t\t\t\t\t\t\t<\/div>\n\t\t\t\t<\/div>\n\t\t\t\t\t<\/div>\n\t\t<\/div>\n\t\t\t\t<div class=\"elementor-column elementor-col-33 elementor-inner-column elementor-element elementor-element-6c511d7\" data-id=\"6c511d7\" data-element_type=\"column\" data-e-type=\"column\">\n\t\t\t<div class=\"elementor-widget-wrap\">\n\t\t\t\t\t\t\t<\/div>\n\t\t<\/div>\n\t\t\t\t<div class=\"elementor-column elementor-col-33 elementor-inner-column elementor-element elementor-element-08f4d31\" data-id=\"08f4d31\" data-element_type=\"column\" data-e-type=\"column\">\n\t\t\t<div class=\"elementor-widget-wrap elementor-element-populated\">\n\t\t\t\t\t\t<div class=\"elementor-element elementor-element-d46c518 elementor-widget elementor-widget-text-editor\" data-id=\"d46c518\" data-element_type=\"widget\" data-e-type=\"widget\" data-widget_type=\"text-editor.default\">\n\t\t\t\t<div class=\"elementor-widget-container\">\n\t\t\t\t\t\t\t\t\t<p style=\"text-align: center;\">Leopoldring 3<\/p><p style=\"text-align: center;\">79098 Freiburg, Allemagne<\/p>\t\t\t\t\t\t\t\t<\/div>\n\t\t\t\t<\/div>\n\t\t\t\t<div class=\"elementor-element elementor-element-8f08594 elementor-align-center elementor-widget elementor-widget-button\" data-id=\"8f08594\" data-element_type=\"widget\" data-e-type=\"widget\" data-widget_type=\"button.default\">\n\t\t\t\t<div class=\"elementor-widget-container\">\n\t\t\t\t\t\t\t\t\t<div class=\"elementor-button-wrapper\">\n\t\t\t\t\t<a class=\"elementor-button elementor-button-link elementor-size-sm\" href=\"mailto:iclei-europe@iclei.org\">\n\t\t\t\t\t\t<span class=\"elementor-button-content-wrapper\">\n\t\t\t\t\t\t\t\t\t<span class=\"elementor-button-text\">Contact<\/span>\n\t\t\t\t\t<\/span>\n\t\t\t\t\t<\/a>\n\t\t\t\t<\/div>\n\t\t\t\t\t\t\t\t<\/div>\n\t\t\t\t<\/div>\n\t\t\t\t<div class=\"elementor-element elementor-element-fdbb2c1 elementor-align-center elementor-widget elementor-widget-button\" data-id=\"fdbb2c1\" data-element_type=\"widget\" data-e-type=\"widget\" data-widget_type=\"button.default\">\n\t\t\t\t<div class=\"elementor-widget-container\">\n\t\t\t\t\t\t\t\t\t<div class=\"elementor-button-wrapper\">\n\t\t\t\t\t<a class=\"elementor-button elementor-size-sm\" role=\"button\">\n\t\t\t\t\t\t<span class=\"elementor-button-content-wrapper\">\n\t\t\t\t\t\t<span class=\"elementor-button-icon\">\n\t\t\t\t<i aria-hidden=\"true\" class=\"fas fa-phone-alt\"><\/i>\t\t\t<\/span>\n\t\t\t\t\t\t\t\t\t<span class=\"elementor-button-text\">+49 761 36 89 2-0<\/span>\n\t\t\t\t\t<\/span>\n\t\t\t\t\t<\/a>\n\t\t\t\t<\/div>\n\t\t\t\t\t\t\t\t<\/div>\n\t\t\t\t<\/div>\n\t\t\t\t<div class=\"elementor-element elementor-element-90398f8 elementor-align-center elementor-widget elementor-widget-button\" data-id=\"90398f8\" data-element_type=\"widget\" data-e-type=\"widget\" data-widget_type=\"button.default\">\n\t\t\t\t<div class=\"elementor-widget-container\">\n\t\t\t\t\t\t\t\t\t<div class=\"elementor-button-wrapper\">\n\t\t\t\t\t<a class=\"elementor-button elementor-size-sm\" role=\"button\">\n\t\t\t\t\t\t<span class=\"elementor-button-content-wrapper\">\n\t\t\t\t\t\t<span class=\"elementor-button-icon\">\n\t\t\t\t<i aria-hidden=\"true\" class=\"fas fa-fax\"><\/i>\t\t\t<\/span>\n\t\t\t\t\t\t\t\t\t<span class=\"elementor-button-text\">+49 761 36 89 2-19 <br> (FAX)<\/span>\n\t\t\t\t\t<\/span>\n\t\t\t\t\t<\/a>\n\t\t\t\t<\/div>\n\t\t\t\t\t\t\t\t<\/div>\n\t\t\t\t<\/div>\n\t\t\t\t\t<\/div>\n\t\t<\/div>\n\t\t\t\t\t<\/div>\n\t\t<\/section>\n\t\t\t\t\t<\/div>\n\t\t<\/div>\n\t\t\t\t\t<\/div>\n\t\t<\/section>\n\t\t\t\t<\/div>","protected":false},"excerpt":{"rendered":"<p>ICLEI - Local Governments for Sustainability (fond\u00e9 en 1990 sous le nom de Conseil international pour les initiatives locales) est un r\u00e9seau mondial de plus de 1 750 collectivit\u00e9s locales et r\u00e9gionales. Les membres d'ICLEI Europe sont au c\u0153ur de l'organisation. Repr\u00e9sentant des collectivit\u00e9s locales et des associations gouvernementales de toutes formes et tailles, leur r\u00e9seau s'\u00e9tend \u00e0 travers l'Europe et ... <\/p>","protected":false},"author":1,"featured_media":15217,"parent":0,"menu_order":0,"comment_status":"closed","ping_status":"closed","template":"","meta":{"_monsterinsights_skip_tracking":false,"_monsterinsights_sitenote_active":false,"_monsterinsights_sitenote_note":"","_monsterinsights_sitenote_category":0,"footnotes":""},"class_list":["post-15453","page","type-page","status-publish","has-post-thumbnail","hentry"],"yoast_head":"<!-- This site is optimized with the Yoast SEO plugin v27.5 - https:\/\/yoast.com\/product\/yoast-seo-wordpress\/ -->\n<title>ICLEI Europe - Global Cities Hub<\/title>\n<meta name=\"description\" content=\"ICLEI (founded in 1990 as the International Council for Local Initiatives) is a global network of more than 1,750 local and regional governments.\" \/>\n<meta name=\"robots\" content=\"index, follow, max-snippet:-1, max-image-preview:large, max-video-preview:-1\" \/>\n<link rel=\"canonical\" href=\"https:\/\/globalcitieshub.org\/fr\/iclei-europe\/\" \/>\n<meta property=\"og:locale\" content=\"fr_FR\" \/>\n<meta property=\"og:type\" content=\"article\" \/>\n<meta property=\"og:title\" content=\"ICLEI Europe - Global Cities Hub\" \/>\n<meta property=\"og:description\" content=\"ICLEI (founded in 1990 as the International Council for Local Initiatives) is a global network of more than 1,750 local and regional governments.\" \/>\n<meta property=\"og:url\" content=\"https:\/\/globalcitieshub.org\/fr\/iclei-europe\/\" \/>\n<meta property=\"og:site_name\" content=\"Global Cities Hub\" \/>\n<meta property=\"article:modified_time\" content=\"2026-02-16T16:05:43+00:00\" \/>\n<meta property=\"og:image\" content=\"https:\/\/globalcitieshub.org\/wp-content\/uploads\/2022\/02\/ICLEI-2.png\" \/>\n\t<meta property=\"og:image:width\" content=\"1600\" \/>\n\t<meta property=\"og:image:height\" content=\"900\" \/>\n\t<meta property=\"og:image:type\" content=\"image\/png\" \/>\n<meta name=\"twitter:card\" content=\"summary_large_image\" \/>\n<meta name=\"twitter:site\" content=\"@genevacitieshub\" \/>\n<meta name=\"twitter:label1\" content=\"Dur\u00e9e de lecture estim\u00e9e\" \/>\n\t<meta name=\"twitter:data1\" content=\"3 minutes\" \/>\n<script type=\"application\/ld+json\" class=\"yoast-schema-graph\">{\"@context\":\"https:\\\/\\\/schema.org\",\"@graph\":[{\"@type\":\"WebPage\",\"@id\":\"https:\\\/\\\/globalcitieshub.org\\\/fr\\\/iclei-europe\\\/\",\"url\":\"https:\\\/\\\/globalcitieshub.org\\\/fr\\\/iclei-europe\\\/\",\"name\":\"ICLEI Europe - Global Cities Hub\",\"isPartOf\":{\"@id\":\"https:\\\/\\\/globalcitieshub.org\\\/fr\\\/#website\"},\"primaryImageOfPage\":{\"@id\":\"https:\\\/\\\/globalcitieshub.org\\\/fr\\\/iclei-europe\\\/#primaryimage\"},\"image\":{\"@id\":\"https:\\\/\\\/globalcitieshub.org\\\/fr\\\/iclei-europe\\\/#primaryimage\"},\"thumbnailUrl\":\"https:\\\/\\\/globalcitieshub.org\\\/wp-content\\\/uploads\\\/2022\\\/02\\\/ICLEI-2.png\",\"datePublished\":\"2022-02-28T13:18:26+00:00\",\"dateModified\":\"2026-02-16T16:05:43+00:00\",\"description\":\"ICLEI (founded in 1990 as the International Council for Local Initiatives) is a global network of more than 1,750 local and regional governments.\",\"inLanguage\":\"fr-FR\",\"potentialAction\":[{\"@type\":\"ReadAction\",\"target\":[\"https:\\\/\\\/globalcitieshub.org\\\/fr\\\/iclei-europe\\\/\"]}]},{\"@type\":\"ImageObject\",\"inLanguage\":\"fr-FR\",\"@id\":\"https:\\\/\\\/globalcitieshub.org\\\/fr\\\/iclei-europe\\\/#primaryimage\",\"url\":\"https:\\\/\\\/globalcitieshub.org\\\/wp-content\\\/uploads\\\/2022\\\/02\\\/ICLEI-2.png\",\"contentUrl\":\"https:\\\/\\\/globalcitieshub.org\\\/wp-content\\\/uploads\\\/2022\\\/02\\\/ICLEI-2.png\",\"width\":1600,\"height\":900},{\"@type\":\"WebSite\",\"@id\":\"https:\\\/\\\/globalcitieshub.org\\\/fr\\\/#website\",\"url\":\"https:\\\/\\\/globalcitieshub.org\\\/fr\\\/\",\"name\":\"Global Cities Hub\",\"description\":\"Connecting local and regional governments to the United Nations and other  international organizations\",\"publisher\":{\"@id\":\"https:\\\/\\\/globalcitieshub.org\\\/fr\\\/#organization\"},\"potentialAction\":[{\"@type\":\"SearchAction\",\"target\":{\"@type\":\"EntryPoint\",\"urlTemplate\":\"https:\\\/\\\/globalcitieshub.org\\\/fr\\\/?s={search_term_string}\"},\"query-input\":{\"@type\":\"PropertyValueSpecification\",\"valueRequired\":true,\"valueName\":\"search_term_string\"}}],\"inLanguage\":\"fr-FR\"},{\"@type\":\"Organization\",\"@id\":\"https:\\\/\\\/globalcitieshub.org\\\/fr\\\/#organization\",\"name\":\"Global Cities Hub\",\"url\":\"https:\\\/\\\/globalcitieshub.org\\\/fr\\\/\",\"logo\":{\"@type\":\"ImageObject\",\"inLanguage\":\"fr-FR\",\"@id\":\"https:\\\/\\\/globalcitieshub.org\\\/fr\\\/#\\\/schema\\\/logo\\\/image\\\/\",\"url\":\"https:\\\/\\\/globalcitieshub.org\\\/wp-content\\\/uploads\\\/2023\\\/09\\\/230829_Logo_Global_Cities_Hub_Couleur_fond-blanc_RVB.png\",\"contentUrl\":\"https:\\\/\\\/globalcitieshub.org\\\/wp-content\\\/uploads\\\/2023\\\/09\\\/230829_Logo_Global_Cities_Hub_Couleur_fond-blanc_RVB.png\",\"width\":2544,\"height\":1446,\"caption\":\"Global Cities Hub\"},\"image\":{\"@id\":\"https:\\\/\\\/globalcitieshub.org\\\/fr\\\/#\\\/schema\\\/logo\\\/image\\\/\"},\"sameAs\":[\"https:\\\/\\\/x.com\\\/genevacitieshub\"]}]}<\/script>\n<!-- \/ Yoast SEO plugin. -->","yoast_head_json":{"title":"ICLEI Europe - Global Cities Hub","description":"ICLEI (fond\u00e9 en 1990 sous le nom de Conseil international pour les initiatives locales) est un r\u00e9seau mondial de plus de 1 750 collectivit\u00e9s locales et r\u00e9gionales.","robots":{"index":"index","follow":"follow","max-snippet":"max-snippet:-1","max-image-preview":"max-image-preview:large","max-video-preview":"max-video-preview:-1"},"canonical":"https:\/\/globalcitieshub.org\/fr\/iclei-europe\/","og_locale":"fr_FR","og_type":"article","og_title":"ICLEI Europe - Global Cities Hub","og_description":"ICLEI (founded in 1990 as the International Council for Local Initiatives) is a global network of more than 1,750 local and regional governments.","og_url":"https:\/\/globalcitieshub.org\/fr\/iclei-europe\/","og_site_name":"Global Cities Hub","article_modified_time":"2026-02-16T16:05:43+00:00","og_image":[{"width":1600,"height":900,"url":"https:\/\/globalcitieshub.org\/wp-content\/uploads\/2022\/02\/ICLEI-2.png","type":"image\/png"}],"twitter_card":"summary_large_image","twitter_site":"@genevacitieshub","twitter_misc":{"Dur\u00e9e de lecture estim\u00e9e":"3 minutes"},"schema":{"@context":"https:\/\/schema.org","@graph":[{"@type":"WebPage","@id":"https:\/\/globalcitieshub.org\/fr\/iclei-europe\/","url":"https:\/\/globalcitieshub.org\/fr\/iclei-europe\/","name":"ICLEI Europe - Global Cities Hub","isPartOf":{"@id":"https:\/\/globalcitieshub.org\/fr\/#website"},"primaryImageOfPage":{"@id":"https:\/\/globalcitieshub.org\/fr\/iclei-europe\/#primaryimage"},"image":{"@id":"https:\/\/globalcitieshub.org\/fr\/iclei-europe\/#primaryimage"},"thumbnailUrl":"https:\/\/globalcitieshub.org\/wp-content\/uploads\/2022\/02\/ICLEI-2.png","datePublished":"2022-02-28T13:18:26+00:00","dateModified":"2026-02-16T16:05:43+00:00","description":"ICLEI (fond\u00e9 en 1990 sous le nom de Conseil international pour les initiatives locales) est un r\u00e9seau mondial de plus de 1 750 collectivit\u00e9s locales et r\u00e9gionales.","inLanguage":"fr-FR","potentialAction":[{"@type":"ReadAction","target":["https:\/\/globalcitieshub.org\/fr\/iclei-europe\/"]}]},{"@type":"ImageObject","inLanguage":"fr-FR","@id":"https:\/\/globalcitieshub.org\/fr\/iclei-europe\/#primaryimage","url":"https:\/\/globalcitieshub.org\/wp-content\/uploads\/2022\/02\/ICLEI-2.png","contentUrl":"https:\/\/globalcitieshub.org\/wp-content\/uploads\/2022\/02\/ICLEI-2.png","width":1600,"height":900},{"@type":"WebSite","@id":"https:\/\/globalcitieshub.org\/fr\/#website","url":"https:\/\/globalcitieshub.org\/fr\/","name":"Global Cities Hub","description":"Relier les gouvernements locaux et r\u00e9gionaux aux Nations unies et \u00e0 d'autres organisations internationales","publisher":{"@id":"https:\/\/globalcitieshub.org\/fr\/#organization"},"potentialAction":[{"@type":"SearchAction","target":{"@type":"EntryPoint","urlTemplate":"https:\/\/globalcitieshub.org\/fr\/?s={search_term_string}"},"query-input":{"@type":"PropertyValueSpecification","valueRequired":true,"valueName":"search_term_string"}}],"inLanguage":"fr-FR"},{"@type":"Organization","@id":"https:\/\/globalcitieshub.org\/fr\/#organization","name":"Global Cities Hub","url":"https:\/\/globalcitieshub.org\/fr\/","logo":{"@type":"ImageObject","inLanguage":"fr-FR","@id":"https:\/\/globalcitieshub.org\/fr\/#\/schema\/logo\/image\/","url":"https:\/\/globalcitieshub.org\/wp-content\/uploads\/2023\/09\/230829_Logo_Global_Cities_Hub_Couleur_fond-blanc_RVB.png","contentUrl":"https:\/\/globalcitieshub.org\/wp-content\/uploads\/2023\/09\/230829_Logo_Global_Cities_Hub_Couleur_fond-blanc_RVB.png","width":2544,"height":1446,"caption":"Global Cities Hub"},"image":{"@id":"https:\/\/globalcitieshub.org\/fr\/#\/schema\/logo\/image\/"},"sameAs":["https:\/\/x.com\/genevacitieshub"]}]}},"_links":{"self":[{"href":"https:\/\/globalcitieshub.org\/fr\/wp-json\/wp\/v2\/pages\/15453","targetHints":{"allow":["GET"]}}],"collection":[{"href":"https:\/\/globalcitieshub.org\/fr\/wp-json\/wp\/v2\/pages"}],"about":[{"href":"https:\/\/globalcitieshub.org\/fr\/wp-json\/wp\/v2\/types\/page"}],"author":[{"embeddable":true,"href":"https:\/\/globalcitieshub.org\/fr\/wp-json\/wp\/v2\/users\/1"}],"replies":[{"embeddable":true,"href":"https:\/\/globalcitieshub.org\/fr\/wp-json\/wp\/v2\/comments?post=15453"}],"version-history":[{"count":24,"href":"https:\/\/globalcitieshub.org\/fr\/wp-json\/wp\/v2\/pages\/15453\/revisions"}],"predecessor-version":[{"id":27156,"href":"https:\/\/globalcitieshub.org\/fr\/wp-json\/wp\/v2\/pages\/15453\/revisions\/27156"}],"wp:featuredmedia":[{"embeddable":true,"href":"https:\/\/globalcitieshub.org\/fr\/wp-json\/wp\/v2\/media\/15217"}],"wp:attachment":[{"href":"https:\/\/globalcitieshub.org\/fr\/wp-json\/wp\/v2\/media?parent=15453"}],"curies":[{"name":"wp","href":"https:\/\/api.w.org\/{rel}","templated":true}]}}