{"id":15364,"date":"2022-02-28T09:55:34","date_gmt":"2022-02-28T08:55:34","guid":{"rendered":"https:\/\/www.genevacitieshub.org\/?page_id=15364"},"modified":"2026-02-16T13:44:02","modified_gmt":"2026-02-16T12:44:02","slug":"who-global-city-network","status":"publish","type":"page","link":"https:\/\/globalcitieshub.org\/fr\/who-global-city-network\/","title":{"rendered":"WHO GLOBAL CITY NETWORK"},"content":{"rendered":"<div data-elementor-type=\"wp-page\" data-elementor-id=\"15364\" class=\"elementor elementor-15364\">\n\t\t\t\t\t\t<section class=\"elementor-section elementor-top-section elementor-element elementor-element-879b56b elementor-section-boxed elementor-section-height-default elementor-section-height-default\" data-id=\"879b56b\" data-element_type=\"section\" data-e-type=\"section\">\n\t\t\t\t\t\t<div class=\"elementor-container elementor-column-gap-default\">\n\t\t\t\t\t<div class=\"elementor-column elementor-col-100 elementor-top-column elementor-element elementor-element-79c638b\" data-id=\"79c638b\" data-element_type=\"column\" data-e-type=\"column\">\n\t\t\t<div class=\"elementor-widget-wrap elementor-element-populated\">\n\t\t\t\t\t\t<div class=\"elementor-element elementor-element-08b105e elementor-widget elementor-widget-text-editor\" data-id=\"08b105e\" data-element_type=\"widget\" data-e-type=\"widget\" data-widget_type=\"text-editor.default\">\n\t\t\t\t<div class=\"elementor-widget-container\">\n\t\t\t\t\t\t\t\t\t<h4><span style=\"color: #000000;\"><b>Le R\u00e9seau des villes globales (GCN) fait partie du R\u00e9seau strat\u00e9gique mondial de pr\u00e9paration (GSPN) de l'OMS et aide les pays \u00e0 se pr\u00e9parer aux urgences sanitaires nationales telles que le COVID-19. Gr\u00e2ce au portail de partenariat strat\u00e9gique (SPH, mis en place en 2015), les \u00c9tats membres, les donateurs et les partenaires partagent des informations sur les efforts d\u00e9ploy\u00e9s pour investir dans la s\u00e9curit\u00e9 sanitaire. Le GCN est g\u00e9r\u00e9 par l'Engagement multisectoriel pour le RSI et la s\u00e9curit\u00e9 sanitaire (MHS), une unit\u00e9 du programme de pr\u00e9paration aux urgences mondiales de l'OMS.<\/b><\/span><\/h4><div><span style=\"color: #000000;\"><b>\u00a0<\/b><\/span><\/div>\t\t\t\t\t\t\t\t<\/div>\n\t\t\t\t<\/div>\n\t\t\t\t<div class=\"elementor-element elementor-element-946d021 elementor-widget elementor-widget-text-editor\" data-id=\"946d021\" data-element_type=\"widget\" data-e-type=\"widget\" data-widget_type=\"text-editor.default\">\n\t\t\t\t<div class=\"elementor-widget-container\">\n\t\t\t\t\t\t\t\t\t<h4><span style=\"color: #000000;\"><b>VISION<\/b><\/span><\/h4><p><span style=\"color: #000000;\">\u00a0<\/span><\/p><p><span style=\"color: #000000;\">Le Global City Network est une coalition de maires et de gouvernements locaux engag\u00e9s. Il s'allie \u00e0 des partenaires et des donateurs pour acc\u00e9l\u00e9rer des initiatives ambitieuses et mesurables de pr\u00e9paration aux urgences sanitaires qui renforcent la capacit\u00e9 des autorit\u00e9s locales et nationales \u00e0 pr\u00e9venir, d\u00e9tecter et r\u00e9pondre aux futures urgences sanitaires. Travaillant dans de nombreux secteurs, y compris les activit\u00e9s sp\u00e9cifiques aux pand\u00e9mies, le GCN r\u00e9unit les autorit\u00e9s municipales qui participent aux r\u00e9seaux de pr\u00e9paration et fournit une s\u00e9rie de conseils et de services normatifs pour soutenir leurs efforts de pr\u00e9paration aux urgences sanitaires.<\/span><\/p><p>Le GCN r\u00e9pond \u00e9galement aux pr\u00e9occupations des villes du GCN en mati\u00e8re d'att\u00e9nuation, d'adaptation et de durabilit\u00e9. Il aide les villes \u00e0 s'engager aupr\u00e8s d'experts techniques comp\u00e9tents et soutient les actions collectives. Le r\u00e9seau promeut et d\u00e9montre les synergies que les villes obtiennent lorsqu'elles agissent ensemble pour se pr\u00e9parer aux urgences sanitaires.<\/p>\t\t\t\t\t\t\t\t<\/div>\n\t\t\t\t<\/div>\n\t\t\t\t<div class=\"elementor-element elementor-element-07e7104 elementor-widget elementor-widget-spacer\" data-id=\"07e7104\" data-element_type=\"widget\" data-e-type=\"widget\" data-widget_type=\"spacer.default\">\n\t\t\t\t<div class=\"elementor-widget-container\">\n\t\t\t\t\t\t\t<div class=\"elementor-spacer\">\n\t\t\t<div class=\"elementor-spacer-inner\"><\/div>\n\t\t<\/div>\n\t\t\t\t\t\t<\/div>\n\t\t\t\t<\/div>\n\t\t\t\t<div class=\"elementor-element elementor-element-a0aba13 elementor-widget elementor-widget-text-editor\" data-id=\"a0aba13\" data-element_type=\"widget\" data-e-type=\"widget\" data-widget_type=\"text-editor.default\">\n\t\t\t\t<div class=\"elementor-widget-container\">\n\t\t\t\t\t\t\t\t\t<blockquote><p><span style=\"color: #000000;\">\"Le r\u00e9seau Global City Network (GCN) fait partie de l'initiative de l<\/span> <a href=\"https:\/\/www.who.int\/health-topics\/international-health-regulations#tab=tab_1\" target=\"_blank\" rel=\"noopener\">Partenariat strat\u00e9gique de l'OMS pour les r\u00e8glements sanitaires internationaux<\/a> <span style=\"color: #000000;\">(2005) et de la s\u00e9curit\u00e9 sanitaire (SPH) et une partie prenante cl\u00e9 du R\u00e9seau strat\u00e9gique mondial de pr\u00e9paration (GSPN). Cr\u00e9\u00e9 en 2015, le SPH comprend des partenaires multisectoriels, des donateurs et d'autres partenaires, et travaille en \u00e9troite collaboration avec les minist\u00e8res de l'Int\u00e9rieur qui, dans de nombreux pays, supervisent les autorit\u00e9s des villes. Le GCN adopte une approche inclusive et multisectorielle de la pr\u00e9paration aux urgences sanitaires. \u00c9tant donn\u00e9 que le principe d'inclusivit\u00e9 est fondamental pour le GCN, d'autres r\u00e9seaux urbains existants, tels que le R\u00e9seau des villes saines et le r\u00e9seau C40, sont invit\u00e9s \u00e0 unir leurs forces pour am\u00e9liorer la capacit\u00e9 des villes \u00e0 pr\u00e9venir, d\u00e9tecter et r\u00e9pondre aux futures pand\u00e9mies et \u00e0 soutenir la pr\u00e9paration g\u00e9n\u00e9rale des villes aux urgences sanitaires. Il est important que le GCN se coordonne bien avec d'autres partenariats qui impliquent les autorit\u00e9s de la ville, comme les partenariats de maires, en \u00e9troite collaboration avec les autorit\u00e9s nationales.\"<\/span><\/p><\/blockquote>\t\t\t\t\t\t\t\t<\/div>\n\t\t\t\t<\/div>\n\t\t\t\t<div class=\"elementor-element elementor-element-4a7e035 elementor-widget elementor-widget-spacer\" data-id=\"4a7e035\" data-element_type=\"widget\" data-e-type=\"widget\" data-widget_type=\"spacer.default\">\n\t\t\t\t<div class=\"elementor-widget-container\">\n\t\t\t\t\t\t\t<div class=\"elementor-spacer\">\n\t\t\t<div class=\"elementor-spacer-inner\"><\/div>\n\t\t<\/div>\n\t\t\t\t\t\t<\/div>\n\t\t\t\t<\/div>\n\t\t\t\t<div class=\"elementor-element elementor-element-d65dae4 elementor-widget elementor-widget-text-editor\" data-id=\"d65dae4\" data-element_type=\"widget\" data-e-type=\"widget\" data-widget_type=\"text-editor.default\">\n\t\t\t\t<div class=\"elementor-widget-container\">\n\t\t\t\t\t\t\t\t\t<h4><span style=\"color: #000000;\"><b>PROJETS CL\u00c9S<\/b><\/span><\/h4><p>\u00a0<\/p><p><span style=\"color: #000000;\">Du fait de l'urbanisation, les villes sont particuli\u00e8rement vuln\u00e9rables aux \u00e9pid\u00e9mies de maladies infectieuses, comme l'actuelle pand\u00e9mie de COVID-19. Elles abritent plus de la moiti\u00e9 de la population mondiale et environ 600 villes g\u00e9n\u00e9reraient deux tiers du PIB mondial. Par cons\u00e9quent, les crises de sant\u00e9 publique dans ces espaces peuvent avoir un impact \u00e9conomique important sur les pays et le monde.<\/span><\/p><p><span style=\"color: #000000;\">En outre, les villes sont dens\u00e9ment peupl\u00e9es et constituent des plaques tournantes du commerce et de la mobilit\u00e9 transnationaux. Elles abritent de nombreux services essentiels dont d\u00e9pendent les soci\u00e9t\u00e9s, notamment des cha\u00eenes d'approvisionnement locales et mondiales, des points d'entr\u00e9e et de sortie, et des supports pour les entreprises et les services vitaux. COVID-19 a montr\u00e9 que, dans le monde entier, l'\u00e9tat de pr\u00e9paration et la r\u00e9action des villes d\u00e9pendent de nombreux facteurs, notamment de leur niveau de d\u00e9veloppement, des formes de gouvernance et des d\u00e9terminants socio-\u00e9conomiques sous-jacents. En g\u00e9n\u00e9ral, les villes transparentes et collaboratives qui adoptent rapidement des r\u00e9ponses compl\u00e8tes et fond\u00e9es sur des donn\u00e9es probantes ont montr\u00e9 qu'elles \u00e9taient mieux \u00e9quip\u00e9es pour g\u00e9rer la pand\u00e9mie que les villes qui ne pr\u00e9sentent pas ces caract\u00e9ristiques.<\/span><\/p><p><span style=\"color: #000000;\">Compte tenu des risques auxquels les environnements urbains sont confront\u00e9s, l'OMS a r\u00e9dig\u00e9 des orientations provisoires pour aider les autorit\u00e9s locales, les dirigeants et les d\u00e9cideurs \u00e0 d\u00e9finir des approches qui renforcent leur capacit\u00e9 \u00e0 pr\u00e9venir le COVID-19 et les \u00e9v\u00e9nements similaires, \u00e0 s'y pr\u00e9parer et \u00e0 y r\u00e9pondre efficacement.<\/span><\/p>\t\t\t\t\t\t\t\t<\/div>\n\t\t\t\t<\/div>\n\t\t\t\t<div class=\"elementor-element elementor-element-1b852ec elementor-widget elementor-widget-spacer\" data-id=\"1b852ec\" data-element_type=\"widget\" data-e-type=\"widget\" data-widget_type=\"spacer.default\">\n\t\t\t\t<div class=\"elementor-widget-container\">\n\t\t\t\t\t\t\t<div class=\"elementor-spacer\">\n\t\t\t<div class=\"elementor-spacer-inner\"><\/div>\n\t\t<\/div>\n\t\t\t\t\t\t<\/div>\n\t\t\t\t<\/div>\n\t\t\t\t<div class=\"elementor-element elementor-element-11be953 elementor-widget elementor-widget-text-editor\" data-id=\"11be953\" data-element_type=\"widget\" data-e-type=\"widget\" data-widget_type=\"text-editor.default\">\n\t\t\t\t<div class=\"elementor-widget-container\">\n\t\t\t\t\t\t\t\t\t<blockquote><p><span style=\"color: #000000;\">\" Il est largement reconnu que si les grandes villes travaillent ensemble, les villes du monde entier seront mieux \u00e9quip\u00e9es pour pr\u00e9venir, d\u00e9tecter et r\u00e9pondre aux urgences de sant\u00e9 publique \". Les principaux \u00c9tats membres, partenaires et donateurs ont commenc\u00e9 \u00e0 discuter fin 2019 de la n\u00e9cessit\u00e9 de cr\u00e9er un r\u00e9seau pour renforcer le r\u00f4le des maires et la pr\u00e9paration des villes aux urgences sanitaires. Pendant la pand\u00e9mie de COVID-19, les maires ont demand\u00e9 aux gouvernements nationaux de les aider \u00e0 renforcer les capacit\u00e9s essentielles en mati\u00e8re de sant\u00e9 publique, \u00e0 d\u00e9velopper des r\u00e9seaux pour diffuser des informations fiables, \u00e0 soutenir les services de sant\u00e9 et autres services essentiels, \u00e0 mobiliser les employ\u00e9s pour soutenir la r\u00e9ponse et \u00e0 concevoir des politiques pour prot\u00e9ger les entreprises. Les villes et les collectivit\u00e9s locales du monde entier ont d\u00e9j\u00e0 commenc\u00e9 \u00e0 se pr\u00e9parer aux futures pand\u00e9mies. L'OMS a appel\u00e9 les r\u00e9seaux mondiaux \u00e0 unir leurs forces et \u00e0 collaborer avec le Global City Network for Health Emergency Preparedness. Une ville responsable est une ville bien pr\u00e9par\u00e9e\".<\/span><\/p><\/blockquote>\t\t\t\t\t\t\t\t<\/div>\n\t\t\t\t<\/div>\n\t\t\t\t<div class=\"elementor-element elementor-element-bc5caaf elementor-widget elementor-widget-spacer\" data-id=\"bc5caaf\" data-element_type=\"widget\" data-e-type=\"widget\" data-widget_type=\"spacer.default\">\n\t\t\t\t<div class=\"elementor-widget-container\">\n\t\t\t\t\t\t\t<div class=\"elementor-spacer\">\n\t\t\t<div class=\"elementor-spacer-inner\"><\/div>\n\t\t<\/div>\n\t\t\t\t\t\t<\/div>\n\t\t\t\t<\/div>\n\t\t\t\t<section class=\"elementor-section elementor-inner-section elementor-element elementor-element-2ded133 elementor-section-boxed elementor-section-height-default elementor-section-height-default\" data-id=\"2ded133\" data-element_type=\"section\" data-e-type=\"section\">\n\t\t\t\t\t\t<div class=\"elementor-container elementor-column-gap-default\">\n\t\t\t\t\t<div class=\"elementor-column elementor-col-50 elementor-inner-column elementor-element elementor-element-37f630f\" data-id=\"37f630f\" data-element_type=\"column\" data-e-type=\"column\">\n\t\t\t<div class=\"elementor-widget-wrap elementor-element-populated\">\n\t\t\t\t\t\t<div class=\"elementor-element elementor-element-666a1a8 elementor-align-right elementor-widget elementor-widget-button\" data-id=\"666a1a8\" data-element_type=\"widget\" data-e-type=\"widget\" data-widget_type=\"button.default\">\n\t\t\t\t<div class=\"elementor-widget-container\">\n\t\t\t\t\t\t\t\t\t<div class=\"elementor-button-wrapper\">\n\t\t\t\t\t<a class=\"elementor-button elementor-button-link elementor-size-sm\" href=\"mailto:suryantorol@who.int\">\n\t\t\t\t\t\t<span class=\"elementor-button-content-wrapper\">\n\t\t\t\t\t\t\t\t\t<span class=\"elementor-button-text\">MR. LUDY SURYANTORO<\/span>\n\t\t\t\t\t<\/span>\n\t\t\t\t\t<\/a>\n\t\t\t\t<\/div>\n\t\t\t\t\t\t\t\t<\/div>\n\t\t\t\t<\/div>\n\t\t\t\t\t<\/div>\n\t\t<\/div>\n\t\t\t\t<div class=\"elementor-column elementor-col-50 elementor-inner-column elementor-element elementor-element-ce933da\" data-id=\"ce933da\" data-element_type=\"column\" data-e-type=\"column\">\n\t\t\t<div class=\"elementor-widget-wrap elementor-element-populated\">\n\t\t\t\t\t\t<div class=\"elementor-element elementor-element-325ea7b elementor-widget elementor-widget-text-editor\" data-id=\"325ea7b\" data-element_type=\"widget\" data-e-type=\"widget\" data-widget_type=\"text-editor.default\">\n\t\t\t\t<div class=\"elementor-widget-container\">\n\t\t\t\t\t\t\t\t\t<p>Responsable des relations ext\u00e9rieures, OMS<\/p>\t\t\t\t\t\t\t\t<\/div>\n\t\t\t\t<\/div>\n\t\t\t\t\t<\/div>\n\t\t<\/div>\n\t\t\t\t\t<\/div>\n\t\t<\/section>\n\t\t\t\t<section class=\"elementor-section elementor-inner-section elementor-element elementor-element-926c789 elementor-section-boxed elementor-section-height-default elementor-section-height-default\" data-id=\"926c789\" data-element_type=\"section\" data-e-type=\"section\">\n\t\t\t\t\t\t<div class=\"elementor-container elementor-column-gap-default\">\n\t\t\t\t\t<div class=\"elementor-column elementor-col-50 elementor-inner-column elementor-element elementor-element-640808f\" data-id=\"640808f\" data-element_type=\"column\" data-e-type=\"column\">\n\t\t\t<div class=\"elementor-widget-wrap elementor-element-populated\">\n\t\t\t\t\t\t<div class=\"elementor-element elementor-element-d1d9288 elementor-align-right elementor-widget elementor-widget-button\" data-id=\"d1d9288\" data-element_type=\"widget\" data-e-type=\"widget\" data-widget_type=\"button.default\">\n\t\t\t\t<div class=\"elementor-widget-container\">\n\t\t\t\t\t\t\t\t\t<div class=\"elementor-button-wrapper\">\n\t\t\t\t\t<a class=\"elementor-button elementor-button-link elementor-size-sm\" href=\"https:\/\/extranet.who.int\/sph\/\" target=\"_blank\">\n\t\t\t\t\t\t<span class=\"elementor-button-content-wrapper\">\n\t\t\t\t\t\t\t\t\t<span class=\"elementor-button-text\">STRATEGIC PARTNERSHIP FOR HEALTH SECURITY AND EMERGENCY PORTAL <\/span>\n\t\t\t\t\t<\/span>\n\t\t\t\t\t<\/a>\n\t\t\t\t<\/div>\n\t\t\t\t\t\t\t\t<\/div>\n\t\t\t\t<\/div>\n\t\t\t\t\t<\/div>\n\t\t<\/div>\n\t\t\t\t<div class=\"elementor-column elementor-col-50 elementor-inner-column elementor-element elementor-element-f6593a0\" data-id=\"f6593a0\" data-element_type=\"column\" data-e-type=\"column\">\n\t\t\t<div class=\"elementor-widget-wrap\">\n\t\t\t\t\t\t\t<\/div>\n\t\t<\/div>\n\t\t\t\t\t<\/div>\n\t\t<\/section>\n\t\t\t\t\t<\/div>\n\t\t<\/div>\n\t\t\t\t\t<\/div>\n\t\t<\/section>\n\t\t\t\t<\/div>","protected":false},"excerpt":{"rendered":"<p>Le R\u00e9seau mondial des villes (GCN) fait partie du R\u00e9seau strat\u00e9gique mondial de pr\u00e9paration (GSPN) de l'OMS et aide les pays \u00e0 se pr\u00e9parer aux urgences sanitaires nationales telles que le COVID-19. Gr\u00e2ce au Portail de partenariat strat\u00e9gique (SPH, cr\u00e9\u00e9 en 2015), les \u00c9tats membres, les donateurs et les partenaires partagent des informations sur les efforts d\u00e9ploy\u00e9s pour investir dans la s\u00e9curit\u00e9 sanitaire. Le GCN est g\u00e9r\u00e9 par le ... <\/p>","protected":false},"author":1,"featured_media":15241,"parent":0,"menu_order":0,"comment_status":"closed","ping_status":"closed","template":"","meta":{"_monsterinsights_skip_tracking":false,"_monsterinsights_sitenote_active":false,"_monsterinsights_sitenote_note":"","_monsterinsights_sitenote_category":0,"footnotes":""},"class_list":["post-15364","page","type-page","status-publish","has-post-thumbnail","hentry"],"yoast_head":"<!-- This site is optimized with the Yoast SEO plugin v27.4 - https:\/\/yoast.com\/product\/yoast-seo-wordpress\/ -->\n<title>WHO GLOBAL CITY NETWORK - Global Cities Hub<\/title>\n<meta name=\"description\" content=\"The Global City Network (GCN) is part of WHO\u2019s Global Strategic Preparedness Network and helps countries to prepare for national health emergencies.\" \/>\n<meta name=\"robots\" content=\"index, follow, max-snippet:-1, max-image-preview:large, max-video-preview:-1\" \/>\n<link rel=\"canonical\" href=\"https:\/\/globalcitieshub.org\/fr\/who-global-city-network\/\" \/>\n<meta property=\"og:locale\" content=\"fr_FR\" \/>\n<meta property=\"og:type\" content=\"article\" \/>\n<meta property=\"og:title\" content=\"WHO GLOBAL CITY NETWORK - Global Cities Hub\" \/>\n<meta property=\"og:description\" content=\"The Global City Network (GCN) is part of WHO\u2019s Global Strategic Preparedness Network and helps countries to prepare for national health emergencies.\" \/>\n<meta property=\"og:url\" content=\"https:\/\/globalcitieshub.org\/fr\/who-global-city-network\/\" \/>\n<meta property=\"og:site_name\" content=\"Global Cities Hub\" \/>\n<meta property=\"article:modified_time\" content=\"2026-02-16T12:44:02+00:00\" \/>\n<meta property=\"og:image\" content=\"https:\/\/globalcitieshub.org\/wp-content\/uploads\/2022\/02\/WHO-GLOBAL-CITY-NETWORK.png\" \/>\n\t<meta property=\"og:image:width\" content=\"1600\" \/>\n\t<meta property=\"og:image:height\" content=\"900\" \/>\n\t<meta property=\"og:image:type\" content=\"image\/png\" \/>\n<meta name=\"twitter:card\" content=\"summary_large_image\" \/>\n<meta name=\"twitter:site\" content=\"@genevacitieshub\" \/>\n<meta name=\"twitter:label1\" content=\"Dur\u00e9e de lecture estim\u00e9e\" \/>\n\t<meta name=\"twitter:data1\" content=\"2 minutes\" \/>\n<script type=\"application\/ld+json\" class=\"yoast-schema-graph\">{\"@context\":\"https:\\\/\\\/schema.org\",\"@graph\":[{\"@type\":\"WebPage\",\"@id\":\"https:\\\/\\\/globalcitieshub.org\\\/fr\\\/who-global-city-network\\\/\",\"url\":\"https:\\\/\\\/globalcitieshub.org\\\/fr\\\/who-global-city-network\\\/\",\"name\":\"WHO GLOBAL CITY NETWORK - Global Cities Hub\",\"isPartOf\":{\"@id\":\"https:\\\/\\\/globalcitieshub.org\\\/fr\\\/#website\"},\"primaryImageOfPage\":{\"@id\":\"https:\\\/\\\/globalcitieshub.org\\\/fr\\\/who-global-city-network\\\/#primaryimage\"},\"image\":{\"@id\":\"https:\\\/\\\/globalcitieshub.org\\\/fr\\\/who-global-city-network\\\/#primaryimage\"},\"thumbnailUrl\":\"https:\\\/\\\/globalcitieshub.org\\\/wp-content\\\/uploads\\\/2022\\\/02\\\/WHO-GLOBAL-CITY-NETWORK.png\",\"datePublished\":\"2022-02-28T08:55:34+00:00\",\"dateModified\":\"2026-02-16T12:44:02+00:00\",\"description\":\"The Global City Network (GCN) is part of WHO\u2019s Global Strategic Preparedness Network and helps countries to prepare for national health emergencies.\",\"inLanguage\":\"fr-FR\",\"potentialAction\":[{\"@type\":\"ReadAction\",\"target\":[\"https:\\\/\\\/globalcitieshub.org\\\/fr\\\/who-global-city-network\\\/\"]}]},{\"@type\":\"ImageObject\",\"inLanguage\":\"fr-FR\",\"@id\":\"https:\\\/\\\/globalcitieshub.org\\\/fr\\\/who-global-city-network\\\/#primaryimage\",\"url\":\"https:\\\/\\\/globalcitieshub.org\\\/wp-content\\\/uploads\\\/2022\\\/02\\\/WHO-GLOBAL-CITY-NETWORK.png\",\"contentUrl\":\"https:\\\/\\\/globalcitieshub.org\\\/wp-content\\\/uploads\\\/2022\\\/02\\\/WHO-GLOBAL-CITY-NETWORK.png\",\"width\":1600,\"height\":900},{\"@type\":\"WebSite\",\"@id\":\"https:\\\/\\\/globalcitieshub.org\\\/fr\\\/#website\",\"url\":\"https:\\\/\\\/globalcitieshub.org\\\/fr\\\/\",\"name\":\"Global Cities Hub\",\"description\":\"Connecting local and regional governments to the United Nations and other  international organizations\",\"publisher\":{\"@id\":\"https:\\\/\\\/globalcitieshub.org\\\/fr\\\/#organization\"},\"potentialAction\":[{\"@type\":\"SearchAction\",\"target\":{\"@type\":\"EntryPoint\",\"urlTemplate\":\"https:\\\/\\\/globalcitieshub.org\\\/fr\\\/?s={search_term_string}\"},\"query-input\":{\"@type\":\"PropertyValueSpecification\",\"valueRequired\":true,\"valueName\":\"search_term_string\"}}],\"inLanguage\":\"fr-FR\"},{\"@type\":\"Organization\",\"@id\":\"https:\\\/\\\/globalcitieshub.org\\\/fr\\\/#organization\",\"name\":\"Global Cities Hub\",\"url\":\"https:\\\/\\\/globalcitieshub.org\\\/fr\\\/\",\"logo\":{\"@type\":\"ImageObject\",\"inLanguage\":\"fr-FR\",\"@id\":\"https:\\\/\\\/globalcitieshub.org\\\/fr\\\/#\\\/schema\\\/logo\\\/image\\\/\",\"url\":\"https:\\\/\\\/globalcitieshub.org\\\/wp-content\\\/uploads\\\/2023\\\/09\\\/230829_Logo_Global_Cities_Hub_Couleur_fond-blanc_RVB.png\",\"contentUrl\":\"https:\\\/\\\/globalcitieshub.org\\\/wp-content\\\/uploads\\\/2023\\\/09\\\/230829_Logo_Global_Cities_Hub_Couleur_fond-blanc_RVB.png\",\"width\":2544,\"height\":1446,\"caption\":\"Global Cities Hub\"},\"image\":{\"@id\":\"https:\\\/\\\/globalcitieshub.org\\\/fr\\\/#\\\/schema\\\/logo\\\/image\\\/\"},\"sameAs\":[\"https:\\\/\\\/x.com\\\/genevacitieshub\"]}]}<\/script>\n<!-- \/ Yoast SEO plugin. -->","yoast_head_json":{"title":"R\u00e9seau mondial des villes de l'OMS - Global Cities Hub","description":"Le Global City Network (GCN) fait partie du Global Strategic Preparedness Network de l'OMS et aide les pays \u00e0 se pr\u00e9parer aux urgences sanitaires nationales.","robots":{"index":"index","follow":"follow","max-snippet":"max-snippet:-1","max-image-preview":"max-image-preview:large","max-video-preview":"max-video-preview:-1"},"canonical":"https:\/\/globalcitieshub.org\/fr\/who-global-city-network\/","og_locale":"fr_FR","og_type":"article","og_title":"WHO GLOBAL CITY NETWORK - Global Cities Hub","og_description":"The Global City Network (GCN) is part of WHO\u2019s Global Strategic Preparedness Network and helps countries to prepare for national health emergencies.","og_url":"https:\/\/globalcitieshub.org\/fr\/who-global-city-network\/","og_site_name":"Global Cities Hub","article_modified_time":"2026-02-16T12:44:02+00:00","og_image":[{"width":1600,"height":900,"url":"https:\/\/globalcitieshub.org\/wp-content\/uploads\/2022\/02\/WHO-GLOBAL-CITY-NETWORK.png","type":"image\/png"}],"twitter_card":"summary_large_image","twitter_site":"@genevacitieshub","twitter_misc":{"Dur\u00e9e de lecture estim\u00e9e":"2 minutes"},"schema":{"@context":"https:\/\/schema.org","@graph":[{"@type":"WebPage","@id":"https:\/\/globalcitieshub.org\/fr\/who-global-city-network\/","url":"https:\/\/globalcitieshub.org\/fr\/who-global-city-network\/","name":"R\u00e9seau mondial des villes de l'OMS - Global Cities Hub","isPartOf":{"@id":"https:\/\/globalcitieshub.org\/fr\/#website"},"primaryImageOfPage":{"@id":"https:\/\/globalcitieshub.org\/fr\/who-global-city-network\/#primaryimage"},"image":{"@id":"https:\/\/globalcitieshub.org\/fr\/who-global-city-network\/#primaryimage"},"thumbnailUrl":"https:\/\/globalcitieshub.org\/wp-content\/uploads\/2022\/02\/WHO-GLOBAL-CITY-NETWORK.png","datePublished":"2022-02-28T08:55:34+00:00","dateModified":"2026-02-16T12:44:02+00:00","description":"Le Global City Network (GCN) fait partie du Global Strategic Preparedness Network de l'OMS et aide les pays \u00e0 se pr\u00e9parer aux urgences sanitaires nationales.","inLanguage":"fr-FR","potentialAction":[{"@type":"ReadAction","target":["https:\/\/globalcitieshub.org\/fr\/who-global-city-network\/"]}]},{"@type":"ImageObject","inLanguage":"fr-FR","@id":"https:\/\/globalcitieshub.org\/fr\/who-global-city-network\/#primaryimage","url":"https:\/\/globalcitieshub.org\/wp-content\/uploads\/2022\/02\/WHO-GLOBAL-CITY-NETWORK.png","contentUrl":"https:\/\/globalcitieshub.org\/wp-content\/uploads\/2022\/02\/WHO-GLOBAL-CITY-NETWORK.png","width":1600,"height":900},{"@type":"WebSite","@id":"https:\/\/globalcitieshub.org\/fr\/#website","url":"https:\/\/globalcitieshub.org\/fr\/","name":"Global Cities Hub","description":"Relier les gouvernements locaux et r\u00e9gionaux aux Nations unies et \u00e0 d'autres organisations internationales","publisher":{"@id":"https:\/\/globalcitieshub.org\/fr\/#organization"},"potentialAction":[{"@type":"SearchAction","target":{"@type":"EntryPoint","urlTemplate":"https:\/\/globalcitieshub.org\/fr\/?s={search_term_string}"},"query-input":{"@type":"PropertyValueSpecification","valueRequired":true,"valueName":"search_term_string"}}],"inLanguage":"fr-FR"},{"@type":"Organization","@id":"https:\/\/globalcitieshub.org\/fr\/#organization","name":"Global Cities Hub","url":"https:\/\/globalcitieshub.org\/fr\/","logo":{"@type":"ImageObject","inLanguage":"fr-FR","@id":"https:\/\/globalcitieshub.org\/fr\/#\/schema\/logo\/image\/","url":"https:\/\/globalcitieshub.org\/wp-content\/uploads\/2023\/09\/230829_Logo_Global_Cities_Hub_Couleur_fond-blanc_RVB.png","contentUrl":"https:\/\/globalcitieshub.org\/wp-content\/uploads\/2023\/09\/230829_Logo_Global_Cities_Hub_Couleur_fond-blanc_RVB.png","width":2544,"height":1446,"caption":"Global Cities Hub"},"image":{"@id":"https:\/\/globalcitieshub.org\/fr\/#\/schema\/logo\/image\/"},"sameAs":["https:\/\/x.com\/genevacitieshub"]}]}},"_links":{"self":[{"href":"https:\/\/globalcitieshub.org\/fr\/wp-json\/wp\/v2\/pages\/15364","targetHints":{"allow":["GET"]}}],"collection":[{"href":"https:\/\/globalcitieshub.org\/fr\/wp-json\/wp\/v2\/pages"}],"about":[{"href":"https:\/\/globalcitieshub.org\/fr\/wp-json\/wp\/v2\/types\/page"}],"author":[{"embeddable":true,"href":"https:\/\/globalcitieshub.org\/fr\/wp-json\/wp\/v2\/users\/1"}],"replies":[{"embeddable":true,"href":"https:\/\/globalcitieshub.org\/fr\/wp-json\/wp\/v2\/comments?post=15364"}],"version-history":[{"count":27,"href":"https:\/\/globalcitieshub.org\/fr\/wp-json\/wp\/v2\/pages\/15364\/revisions"}],"predecessor-version":[{"id":27100,"href":"https:\/\/globalcitieshub.org\/fr\/wp-json\/wp\/v2\/pages\/15364\/revisions\/27100"}],"wp:featuredmedia":[{"embeddable":true,"href":"https:\/\/globalcitieshub.org\/fr\/wp-json\/wp\/v2\/media\/15241"}],"wp:attachment":[{"href":"https:\/\/globalcitieshub.org\/fr\/wp-json\/wp\/v2\/media?parent=15364"}],"curies":[{"name":"wp","href":"https:\/\/api.w.org\/{rel}","templated":true}]}}