{"id":15251,"date":"2022-02-25T09:33:33","date_gmt":"2022-02-25T08:33:33","guid":{"rendered":"https:\/\/www.genevacitieshub.org\/?page_id=15251"},"modified":"2026-02-16T16:40:53","modified_gmt":"2026-02-16T15:40:53","slug":"cities-alliance","status":"publish","type":"page","link":"https:\/\/globalcitieshub.org\/fr\/cities-alliance\/","title":{"rendered":"Alliance des villes"},"content":{"rendered":"<div data-elementor-type=\"wp-page\" data-elementor-id=\"15251\" class=\"elementor elementor-15251\">\n\t\t\t\t\t\t<section class=\"elementor-section elementor-top-section elementor-element elementor-element-14e4f0a8 elementor-section-boxed elementor-section-height-default elementor-section-height-default\" data-id=\"14e4f0a8\" data-element_type=\"section\" data-e-type=\"section\">\n\t\t\t\t\t\t<div class=\"elementor-container elementor-column-gap-default\">\n\t\t\t\t\t<div class=\"elementor-column elementor-col-100 elementor-top-column elementor-element elementor-element-8da58d8\" data-id=\"8da58d8\" data-element_type=\"column\" data-e-type=\"column\">\n\t\t\t<div class=\"elementor-widget-wrap elementor-element-populated\">\n\t\t\t\t\t\t<div class=\"elementor-element elementor-element-1d412d33 elementor-widget elementor-widget-text-editor\" data-id=\"1d412d33\" data-element_type=\"widget\" data-e-type=\"widget\" data-widget_type=\"text-editor.default\">\n\t\t\t\t<div class=\"elementor-widget-container\">\n\t\t\t\t\t\t\t\t\t<p><\/p>\n<h4 class=\"wp-block-heading\"><span style=\"color: #000000;\"><b>Cities Alliance est un partenariat mondial qui lutte contre la pauvret\u00e9 urbaine et promeut le r\u00f4le des villes. Pour g\u00e9rer ses activit\u00e9s, l'Alliance des villes g\u00e8re un fonds multi-donateurs dont le Bureau des Nations Unies pour les services d'appui aux projets (UNOPS) est l'h\u00f4te et l'administrateur.<span style=\"text-align: inherit; font-family: var( --e-global-typography-text-font-family ), Sans-serif; font-size: 15px;\">&nbsp;<\/span><\/b><\/span><\/h4>\n<div><span style=\"font-weight: var( --e-global-typography-text-font-weight ); color: var( --e-global-color-text ); text-align: inherit; font-family: var( --e-global-typography-text-font-family ), Sans-serif; font-size: 15px;\">&nbsp;<\/span><\/div>\n<p><span style=\"text-align: inherit;\">Les membres sont tr\u00e8s diversifi\u00e9s et comprennent des gouvernements nationaux, des associations de collectivit\u00e9s locales, des organisations multilat\u00e9rales, des ONG, des universit\u00e9s et des fondations.<\/span><\/p>\n<div>&nbsp;<\/div>\n<p><\/p>\n<p><\/p>\n<h4><span style=\"color: #000000;\"><strong>VISION<\/strong><\/span><\/h4>\n<p><\/p>\n<p>\"L'Alliance des villes cherche \u00e0 am\u00e9liorer la vie de 60 millions de pauvres urbains \u00e0 travers 200 villes dans 20 pays d'ici 2030 et \u00e0 \u00eatre un agent principal du changement urbain en soutenant et en mettant en \u0153uvre des programmes complets dans les pays et les villes o\u00f9 cela compte le plus. Nous tirons parti de l'expertise collective de nos partenariats pour catalyser la transformation urbaine \u00e0 l'\u00e9chelle mondiale. Les villes qui r\u00e9ussissent s'engagent de mani\u00e8re significative aupr\u00e8s de leurs citoyens, et elles reconnaissent et promeuvent le r\u00f4le des femmes.\"&nbsp;<\/p>\n<p><\/p>\n<p><\/p>\n<p><\/p>\n<h4 class=\"wp-block-heading\"><span style=\"color: #000000;\"><strong>OBJECTIFS PRINCIPAUX<\/strong><\/span><\/h4>\n<div><strong>&nbsp;<\/strong><\/div>\n<div>\n<p>Nous am\u00e9liorons le bien-\u00eatre des populations urbaines en apportant des solutions innovantes et multisectorielles \u00e0 la pauvret\u00e9 urbaine, gr\u00e2ce \u00e0 :<\/p>\n<p>- L'assistance technique et l'infrastructure sont fournies par le biais de subventions aux membres et aux partenaires.<\/p>\n<p>- Ex\u00e9cution directe, en catalysant les investissements \u00e9tatiques et non \u00e9tatiques soutenus par une pr\u00e9sence coordonn\u00e9e sur le terrain.<\/p>\n<p><\/p>\n<\/div>\n<div><strong>&nbsp;<\/strong><\/div>\n<div>\n<h4 style=\"line-height: 1.22222;\"><span style=\"color: #000000;\"><strong>PROJETS CL\u00c9S<\/strong><\/span><\/h4>\n<\/div>\n<div><strong>&nbsp;<\/strong><\/div>\n<p><\/p>\n<p><\/p>\n<p><\/p>\n<p><span style=\"font-weight: var( --e-global-typography-text-font-weight );\">-<\/span><span style=\"font-weight: var( --e-global-typography-text-font-weight );\">&nbsp;&nbsp;<\/span><b>Des partenariats plus solides :<\/b> des innovations locales pour de nouvelles r\u00e9alit\u00e9s climatiques dans les villes. Gr\u00e2ce \u00e0 notre appel \u00e0 l'innovation, nous accordons de petites subventions \u00e0 des b\u00e9n\u00e9ficiaires s\u00e9lectionn\u00e9s dans des villes de la Grande Corne de l'Afrique et du Golfe du Bengale.<\/p>\n<p><\/p>\n<p>- <b>Femmedina.<\/b> Ce programme de ville inclusive dans la M\u00e9dina de Tunis se concentre sur un processus de planification participatif dirig\u00e9 par des femmes, des interventions strat\u00e9giques dans les espaces publics et des dialogues de ville \u00e0 ville sur le d\u00e9veloppement urbain sensible au genre.<\/p>\n<p><\/p>\n<p>- <b>Renforcer la r\u00e9silience des communaut\u00e9s des bidonvilles pour surmonter la crise.<\/b> L'objectif de ce projet est double : renforcer la r\u00e9silience des communaut\u00e9s dans les \u00e9tablissements informels et soutenir la durabilit\u00e9 des organisations de la soci\u00e9t\u00e9 civile dans les \u00e9tablissements informels, en coop\u00e9ration avec Slum Dwellers International (SDI) ; et renforcer les capacit\u00e9s des communaut\u00e9s informelles \u00e0 r\u00e9pondre \u00e0 la pand\u00e9mie actuelle et \u00e0 se pr\u00e9parer aux crises futures.<\/p>\n<p><\/p>\t\t\t\t\t\t\t\t<\/div>\n\t\t\t\t<\/div>\n\t\t\t\t<div class=\"elementor-element elementor-element-31c09e2 elementor-widget elementor-widget-text-editor\" data-id=\"31c09e2\" data-element_type=\"widget\" data-e-type=\"widget\" data-widget_type=\"text-editor.default\">\n\t\t\t\t<div class=\"elementor-widget-container\">\n\t\t\t\t\t\t\t\t\t<blockquote>\n<p><span style=\"color: #000000;\">\"Ensemble, nous devons construire des villes durables en renfor\u00e7ant les \u00e9cosyst\u00e8mes urbains, en encourageant les investissements dans les efforts de r\u00e9silience locaux et en plaidant pour des approches centr\u00e9es sur les personnes.\"<\/span><\/p>\n<\/blockquote>\t\t\t\t\t\t\t\t<\/div>\n\t\t\t\t<\/div>\n\t\t\t\t<section class=\"elementor-section elementor-inner-section elementor-element elementor-element-f3d959b elementor-section-boxed elementor-section-height-default elementor-section-height-default\" data-id=\"f3d959b\" data-element_type=\"section\" data-e-type=\"section\">\n\t\t\t\t\t\t<div class=\"elementor-container elementor-column-gap-default\">\n\t\t\t\t\t<div class=\"elementor-column elementor-col-100 elementor-inner-column elementor-element elementor-element-2960337\" data-id=\"2960337\" data-element_type=\"column\" data-e-type=\"column\">\n\t\t\t<div class=\"elementor-widget-wrap elementor-element-populated\">\n\t\t\t\t\t\t<div class=\"elementor-element elementor-element-cc2b303 elementor-widget elementor-widget-text-editor\" data-id=\"cc2b303\" data-element_type=\"widget\" data-e-type=\"widget\" data-widget_type=\"text-editor.default\">\n\t\t\t\t<div class=\"elementor-widget-container\">\n\t\t\t\t\t\t\t\t\t<h4><span style=\"color: #000000;\"><strong>INFORMATIONS DE CONTACT<\/strong><\/span><\/h4>\t\t\t\t\t\t\t\t<\/div>\n\t\t\t\t<\/div>\n\t\t\t\t\t<\/div>\n\t\t<\/div>\n\t\t\t\t\t<\/div>\n\t\t<\/section>\n\t\t\t\t<section class=\"elementor-section elementor-inner-section elementor-element elementor-element-ae01b72 elementor-section-boxed elementor-section-height-default elementor-section-height-default\" data-id=\"ae01b72\" data-element_type=\"section\" data-e-type=\"section\">\n\t\t\t\t\t\t<div class=\"elementor-container elementor-column-gap-default\">\n\t\t\t\t\t<div class=\"elementor-column elementor-col-33 elementor-inner-column elementor-element elementor-element-0b44be4\" data-id=\"0b44be4\" data-element_type=\"column\" data-e-type=\"column\">\n\t\t\t<div class=\"elementor-widget-wrap elementor-element-populated\">\n\t\t\t\t\t\t<div class=\"elementor-element elementor-element-b2bf3d2 elementor-align-center elementor-widget elementor-widget-button\" data-id=\"b2bf3d2\" data-element_type=\"widget\" data-e-type=\"widget\" data-widget_type=\"button.default\">\n\t\t\t\t<div class=\"elementor-widget-container\">\n\t\t\t\t\t\t\t\t\t<div class=\"elementor-button-wrapper\">\n\t\t\t\t\t<a class=\"elementor-button elementor-button-link elementor-size-sm\" href=\"https:\/\/www.citiesalliance.org\/\" target=\"_blank\">\n\t\t\t\t\t\t<span class=\"elementor-button-content-wrapper\">\n\t\t\t\t\t\t\t\t\t<span class=\"elementor-button-text\">Site web de Cities Alliance<\/span>\n\t\t\t\t\t<\/span>\n\t\t\t\t\t<\/a>\n\t\t\t\t<\/div>\n\t\t\t\t\t\t\t\t<\/div>\n\t\t\t\t<\/div>\n\t\t\t\t\t<\/div>\n\t\t<\/div>\n\t\t\t\t<div class=\"elementor-column elementor-col-33 elementor-inner-column elementor-element elementor-element-2c8d691\" data-id=\"2c8d691\" data-element_type=\"column\" data-e-type=\"column\">\n\t\t\t<div class=\"elementor-widget-wrap\">\n\t\t\t\t\t\t\t<\/div>\n\t\t<\/div>\n\t\t\t\t<div class=\"elementor-column elementor-col-33 elementor-inner-column elementor-element elementor-element-f53dbff\" data-id=\"f53dbff\" data-element_type=\"column\" data-e-type=\"column\">\n\t\t\t<div class=\"elementor-widget-wrap elementor-element-populated\">\n\t\t\t\t\t\t<div class=\"elementor-element elementor-element-ef1da92 elementor-widget elementor-widget-text-editor\" data-id=\"ef1da92\" data-element_type=\"widget\" data-e-type=\"widget\" data-widget_type=\"text-editor.default\">\n\t\t\t\t<div class=\"elementor-widget-container\">\n\t\t\t\t\t\t\t\t\t<p style=\"text-align: center;\">Maison des Nations Unies<\/p>\n<p style=\"text-align: center;\">Boulevard du R\u00e9gent 37<\/p>\n<p style=\"text-align: center;\">1000 Bruxelles, Belgique<\/p>\t\t\t\t\t\t\t\t<\/div>\n\t\t\t\t<\/div>\n\t\t\t\t<div class=\"elementor-element elementor-element-300759d elementor-align-center elementor-widget elementor-widget-button\" data-id=\"300759d\" data-element_type=\"widget\" data-e-type=\"widget\" data-widget_type=\"button.default\">\n\t\t\t\t<div class=\"elementor-widget-container\">\n\t\t\t\t\t\t\t\t\t<div class=\"elementor-button-wrapper\">\n\t\t\t\t\t<a class=\"elementor-button elementor-button-link elementor-size-sm\" href=\"mailto:info@citiesalliance.org\" target=\"_blank\">\n\t\t\t\t\t\t<span class=\"elementor-button-content-wrapper\">\n\t\t\t\t\t\t\t\t\t<span class=\"elementor-button-text\">Contact<\/span>\n\t\t\t\t\t<\/span>\n\t\t\t\t\t<\/a>\n\t\t\t\t<\/div>\n\t\t\t\t\t\t\t\t<\/div>\n\t\t\t\t<\/div>\n\t\t\t\t<div class=\"elementor-element elementor-element-d980ad4 elementor-align-center elementor-widget elementor-widget-button\" data-id=\"d980ad4\" data-element_type=\"widget\" data-e-type=\"widget\" data-widget_type=\"button.default\">\n\t\t\t\t<div class=\"elementor-widget-container\">\n\t\t\t\t\t\t\t\t\t<div class=\"elementor-button-wrapper\">\n\t\t\t\t\t<a class=\"elementor-button elementor-size-sm\" role=\"button\">\n\t\t\t\t\t\t<span class=\"elementor-button-content-wrapper\">\n\t\t\t\t\t\t<span class=\"elementor-button-icon\">\n\t\t\t\t<i aria-hidden=\"true\" class=\"fas fa-phone-alt\"><\/i>\t\t\t<\/span>\n\t\t\t\t\t\t\t\t\t<span class=\"elementor-button-text\">+32 2 880 40 88<\/span>\n\t\t\t\t\t<\/span>\n\t\t\t\t\t<\/a>\n\t\t\t\t<\/div>\n\t\t\t\t\t\t\t\t<\/div>\n\t\t\t\t<\/div>\n\t\t\t\t\t<\/div>\n\t\t<\/div>\n\t\t\t\t\t<\/div>\n\t\t<\/section>\n\t\t\t\t<div class=\"elementor-element elementor-element-4f78a20 elementor-widget elementor-widget-spacer\" data-id=\"4f78a20\" data-element_type=\"widget\" data-e-type=\"widget\" data-widget_type=\"spacer.default\">\n\t\t\t\t<div class=\"elementor-widget-container\">\n\t\t\t\t\t\t\t<div class=\"elementor-spacer\">\n\t\t\t<div class=\"elementor-spacer-inner\"><\/div>\n\t\t<\/div>\n\t\t\t\t\t\t<\/div>\n\t\t\t\t<\/div>\n\t\t\t\t\t<\/div>\n\t\t<\/div>\n\t\t\t\t\t<\/div>\n\t\t<\/section>\n\t\t\t\t<\/div>","protected":false},"excerpt":{"rendered":"<p>L'Alliance des villes est un partenariat mondial qui lutte contre la pauvret\u00e9 urbaine et promeut le r\u00f4le des villes. Pour g\u00e9rer ses activit\u00e9s, l'Alliance des villes g\u00e8re un fonds multi-donateurs dont le Bureau des Nations Unies pour les services d'appui aux projets (UNOPS) est l'h\u00f4te et l'administrateur.    Les membres sont tr\u00e8s diversifi\u00e9s et comprennent des gouvernements nationaux, des associations d'autorit\u00e9s locales, des organisations multilat\u00e9rales, ... <\/p>","protected":false},"author":1,"featured_media":15211,"parent":0,"menu_order":0,"comment_status":"closed","ping_status":"closed","template":"","meta":{"_monsterinsights_skip_tracking":false,"_monsterinsights_sitenote_active":false,"_monsterinsights_sitenote_note":"","_monsterinsights_sitenote_category":0,"footnotes":""},"class_list":["post-15251","page","type-page","status-publish","has-post-thumbnail","hentry"],"yoast_head":"<!-- This site is optimized with the Yoast SEO plugin v27.4 - https:\/\/yoast.com\/product\/yoast-seo-wordpress\/ -->\n<title>Cities Alliance - Global Cities Hub<\/title>\n<meta name=\"description\" content=\"Cities Alliance is a global partnership fighting urban poverty and promoting the role of cities.\" \/>\n<meta name=\"robots\" content=\"index, follow, max-snippet:-1, max-image-preview:large, max-video-preview:-1\" \/>\n<link rel=\"canonical\" href=\"https:\/\/globalcitieshub.org\/fr\/cities-alliance\/\" \/>\n<meta property=\"og:locale\" content=\"fr_FR\" \/>\n<meta property=\"og:type\" content=\"article\" \/>\n<meta property=\"og:title\" content=\"Cities Alliance - Global Cities Hub\" \/>\n<meta property=\"og:description\" content=\"Cities Alliance is a global partnership fighting urban poverty and promoting the role of cities.\" \/>\n<meta property=\"og:url\" content=\"https:\/\/globalcitieshub.org\/fr\/cities-alliance\/\" \/>\n<meta property=\"og:site_name\" content=\"Global Cities Hub\" \/>\n<meta property=\"article:modified_time\" content=\"2026-02-16T15:40:53+00:00\" \/>\n<meta property=\"og:image\" content=\"https:\/\/globalcitieshub.org\/wp-content\/uploads\/2022\/02\/CITIES-ALLIANCE-2.png\" \/>\n\t<meta property=\"og:image:width\" content=\"1600\" \/>\n\t<meta property=\"og:image:height\" content=\"900\" \/>\n\t<meta property=\"og:image:type\" content=\"image\/png\" \/>\n<meta name=\"twitter:card\" content=\"summary_large_image\" \/>\n<meta name=\"twitter:site\" content=\"@genevacitieshub\" \/>\n<meta name=\"twitter:label1\" content=\"Dur\u00e9e de lecture estim\u00e9e\" \/>\n\t<meta name=\"twitter:data1\" content=\"2 minutes\" \/>\n<script type=\"application\/ld+json\" class=\"yoast-schema-graph\">{\"@context\":\"https:\\\/\\\/schema.org\",\"@graph\":[{\"@type\":\"WebPage\",\"@id\":\"https:\\\/\\\/globalcitieshub.org\\\/fr\\\/cities-alliance\\\/\",\"url\":\"https:\\\/\\\/globalcitieshub.org\\\/fr\\\/cities-alliance\\\/\",\"name\":\"Cities Alliance - Global Cities Hub\",\"isPartOf\":{\"@id\":\"https:\\\/\\\/globalcitieshub.org\\\/fr\\\/#website\"},\"primaryImageOfPage\":{\"@id\":\"https:\\\/\\\/globalcitieshub.org\\\/fr\\\/cities-alliance\\\/#primaryimage\"},\"image\":{\"@id\":\"https:\\\/\\\/globalcitieshub.org\\\/fr\\\/cities-alliance\\\/#primaryimage\"},\"thumbnailUrl\":\"https:\\\/\\\/globalcitieshub.org\\\/wp-content\\\/uploads\\\/2022\\\/02\\\/CITIES-ALLIANCE-2.png\",\"datePublished\":\"2022-02-25T08:33:33+00:00\",\"dateModified\":\"2026-02-16T15:40:53+00:00\",\"description\":\"Cities Alliance is a global partnership fighting urban poverty and promoting the role of cities.\",\"inLanguage\":\"fr-FR\",\"potentialAction\":[{\"@type\":\"ReadAction\",\"target\":[\"https:\\\/\\\/globalcitieshub.org\\\/fr\\\/cities-alliance\\\/\"]}]},{\"@type\":\"ImageObject\",\"inLanguage\":\"fr-FR\",\"@id\":\"https:\\\/\\\/globalcitieshub.org\\\/fr\\\/cities-alliance\\\/#primaryimage\",\"url\":\"https:\\\/\\\/globalcitieshub.org\\\/wp-content\\\/uploads\\\/2022\\\/02\\\/CITIES-ALLIANCE-2.png\",\"contentUrl\":\"https:\\\/\\\/globalcitieshub.org\\\/wp-content\\\/uploads\\\/2022\\\/02\\\/CITIES-ALLIANCE-2.png\",\"width\":1600,\"height\":900},{\"@type\":\"WebSite\",\"@id\":\"https:\\\/\\\/globalcitieshub.org\\\/fr\\\/#website\",\"url\":\"https:\\\/\\\/globalcitieshub.org\\\/fr\\\/\",\"name\":\"Global Cities Hub\",\"description\":\"Connecting local and regional governments to the United Nations and other  international organizations\",\"publisher\":{\"@id\":\"https:\\\/\\\/globalcitieshub.org\\\/fr\\\/#organization\"},\"potentialAction\":[{\"@type\":\"SearchAction\",\"target\":{\"@type\":\"EntryPoint\",\"urlTemplate\":\"https:\\\/\\\/globalcitieshub.org\\\/fr\\\/?s={search_term_string}\"},\"query-input\":{\"@type\":\"PropertyValueSpecification\",\"valueRequired\":true,\"valueName\":\"search_term_string\"}}],\"inLanguage\":\"fr-FR\"},{\"@type\":\"Organization\",\"@id\":\"https:\\\/\\\/globalcitieshub.org\\\/fr\\\/#organization\",\"name\":\"Global Cities Hub\",\"url\":\"https:\\\/\\\/globalcitieshub.org\\\/fr\\\/\",\"logo\":{\"@type\":\"ImageObject\",\"inLanguage\":\"fr-FR\",\"@id\":\"https:\\\/\\\/globalcitieshub.org\\\/fr\\\/#\\\/schema\\\/logo\\\/image\\\/\",\"url\":\"https:\\\/\\\/globalcitieshub.org\\\/wp-content\\\/uploads\\\/2023\\\/09\\\/230829_Logo_Global_Cities_Hub_Couleur_fond-blanc_RVB.png\",\"contentUrl\":\"https:\\\/\\\/globalcitieshub.org\\\/wp-content\\\/uploads\\\/2023\\\/09\\\/230829_Logo_Global_Cities_Hub_Couleur_fond-blanc_RVB.png\",\"width\":2544,\"height\":1446,\"caption\":\"Global Cities Hub\"},\"image\":{\"@id\":\"https:\\\/\\\/globalcitieshub.org\\\/fr\\\/#\\\/schema\\\/logo\\\/image\\\/\"},\"sameAs\":[\"https:\\\/\\\/x.com\\\/genevacitieshub\"]}]}<\/script>\n<!-- \/ Yoast SEO plugin. -->","yoast_head_json":{"title":"Cities Alliance - Global Cities Hub","description":"Cities Alliance est un partenariat mondial qui lutte contre la pauvret\u00e9 urbaine et promeut le r\u00f4le des villes.","robots":{"index":"index","follow":"follow","max-snippet":"max-snippet:-1","max-image-preview":"max-image-preview:large","max-video-preview":"max-video-preview:-1"},"canonical":"https:\/\/globalcitieshub.org\/fr\/cities-alliance\/","og_locale":"fr_FR","og_type":"article","og_title":"Cities Alliance - Global Cities Hub","og_description":"Cities Alliance is a global partnership fighting urban poverty and promoting the role of cities.","og_url":"https:\/\/globalcitieshub.org\/fr\/cities-alliance\/","og_site_name":"Global Cities Hub","article_modified_time":"2026-02-16T15:40:53+00:00","og_image":[{"width":1600,"height":900,"url":"https:\/\/globalcitieshub.org\/wp-content\/uploads\/2022\/02\/CITIES-ALLIANCE-2.png","type":"image\/png"}],"twitter_card":"summary_large_image","twitter_site":"@genevacitieshub","twitter_misc":{"Dur\u00e9e de lecture estim\u00e9e":"2 minutes"},"schema":{"@context":"https:\/\/schema.org","@graph":[{"@type":"WebPage","@id":"https:\/\/globalcitieshub.org\/fr\/cities-alliance\/","url":"https:\/\/globalcitieshub.org\/fr\/cities-alliance\/","name":"Cities Alliance - Global Cities Hub","isPartOf":{"@id":"https:\/\/globalcitieshub.org\/fr\/#website"},"primaryImageOfPage":{"@id":"https:\/\/globalcitieshub.org\/fr\/cities-alliance\/#primaryimage"},"image":{"@id":"https:\/\/globalcitieshub.org\/fr\/cities-alliance\/#primaryimage"},"thumbnailUrl":"https:\/\/globalcitieshub.org\/wp-content\/uploads\/2022\/02\/CITIES-ALLIANCE-2.png","datePublished":"2022-02-25T08:33:33+00:00","dateModified":"2026-02-16T15:40:53+00:00","description":"Cities Alliance est un partenariat mondial qui lutte contre la pauvret\u00e9 urbaine et promeut le r\u00f4le des villes.","inLanguage":"fr-FR","potentialAction":[{"@type":"ReadAction","target":["https:\/\/globalcitieshub.org\/fr\/cities-alliance\/"]}]},{"@type":"ImageObject","inLanguage":"fr-FR","@id":"https:\/\/globalcitieshub.org\/fr\/cities-alliance\/#primaryimage","url":"https:\/\/globalcitieshub.org\/wp-content\/uploads\/2022\/02\/CITIES-ALLIANCE-2.png","contentUrl":"https:\/\/globalcitieshub.org\/wp-content\/uploads\/2022\/02\/CITIES-ALLIANCE-2.png","width":1600,"height":900},{"@type":"WebSite","@id":"https:\/\/globalcitieshub.org\/fr\/#website","url":"https:\/\/globalcitieshub.org\/fr\/","name":"Global Cities Hub","description":"Relier les gouvernements locaux et r\u00e9gionaux aux Nations unies et \u00e0 d'autres organisations internationales","publisher":{"@id":"https:\/\/globalcitieshub.org\/fr\/#organization"},"potentialAction":[{"@type":"SearchAction","target":{"@type":"EntryPoint","urlTemplate":"https:\/\/globalcitieshub.org\/fr\/?s={search_term_string}"},"query-input":{"@type":"PropertyValueSpecification","valueRequired":true,"valueName":"search_term_string"}}],"inLanguage":"fr-FR"},{"@type":"Organization","@id":"https:\/\/globalcitieshub.org\/fr\/#organization","name":"Global Cities Hub","url":"https:\/\/globalcitieshub.org\/fr\/","logo":{"@type":"ImageObject","inLanguage":"fr-FR","@id":"https:\/\/globalcitieshub.org\/fr\/#\/schema\/logo\/image\/","url":"https:\/\/globalcitieshub.org\/wp-content\/uploads\/2023\/09\/230829_Logo_Global_Cities_Hub_Couleur_fond-blanc_RVB.png","contentUrl":"https:\/\/globalcitieshub.org\/wp-content\/uploads\/2023\/09\/230829_Logo_Global_Cities_Hub_Couleur_fond-blanc_RVB.png","width":2544,"height":1446,"caption":"Global Cities Hub"},"image":{"@id":"https:\/\/globalcitieshub.org\/fr\/#\/schema\/logo\/image\/"},"sameAs":["https:\/\/x.com\/genevacitieshub"]}]}},"_links":{"self":[{"href":"https:\/\/globalcitieshub.org\/fr\/wp-json\/wp\/v2\/pages\/15251","targetHints":{"allow":["GET"]}}],"collection":[{"href":"https:\/\/globalcitieshub.org\/fr\/wp-json\/wp\/v2\/pages"}],"about":[{"href":"https:\/\/globalcitieshub.org\/fr\/wp-json\/wp\/v2\/types\/page"}],"author":[{"embeddable":true,"href":"https:\/\/globalcitieshub.org\/fr\/wp-json\/wp\/v2\/users\/1"}],"replies":[{"embeddable":true,"href":"https:\/\/globalcitieshub.org\/fr\/wp-json\/wp\/v2\/comments?post=15251"}],"version-history":[{"count":53,"href":"https:\/\/globalcitieshub.org\/fr\/wp-json\/wp\/v2\/pages\/15251\/revisions"}],"predecessor-version":[{"id":27114,"href":"https:\/\/globalcitieshub.org\/fr\/wp-json\/wp\/v2\/pages\/15251\/revisions\/27114"}],"wp:featuredmedia":[{"embeddable":true,"href":"https:\/\/globalcitieshub.org\/fr\/wp-json\/wp\/v2\/media\/15211"}],"wp:attachment":[{"href":"https:\/\/globalcitieshub.org\/fr\/wp-json\/wp\/v2\/media?parent=15251"}],"curies":[{"name":"wp","href":"https:\/\/api.w.org\/{rel}","templated":true}]}}