{"id":15049,"date":"2022-02-23T15:20:24","date_gmt":"2022-02-23T14:20:24","guid":{"rendered":"https:\/\/www.genevacitieshub.org\/?page_id=15049"},"modified":"2026-02-16T16:37:44","modified_gmt":"2026-02-16T15:37:44","slug":"c40-cities","status":"publish","type":"page","link":"https:\/\/globalcitieshub.org\/fr\/c40-cities\/","title":{"rendered":"C40 Villes"},"content":{"rendered":"<div data-elementor-type=\"wp-page\" data-elementor-id=\"15049\" class=\"elementor elementor-15049\">\n\t\t\t\t\t\t<section class=\"elementor-section elementor-top-section elementor-element elementor-element-14e4f0a8 elementor-section-boxed elementor-section-height-default elementor-section-height-default\" data-id=\"14e4f0a8\" data-element_type=\"section\" data-e-type=\"section\">\n\t\t\t\t\t\t<div class=\"elementor-container elementor-column-gap-default\">\n\t\t\t\t\t<div class=\"elementor-column elementor-col-100 elementor-top-column elementor-element elementor-element-8da58d8\" data-id=\"8da58d8\" data-element_type=\"column\" data-e-type=\"column\">\n\t\t\t<div class=\"elementor-widget-wrap elementor-element-populated\">\n\t\t\t\t\t\t<div class=\"elementor-element elementor-element-1d412d33 elementor-widget elementor-widget-text-editor\" data-id=\"1d412d33\" data-element_type=\"widget\" data-e-type=\"widget\" data-widget_type=\"text-editor.default\">\n\t\t\t\t<div class=\"elementor-widget-container\">\n\t\t\t\t\t\t\t\t\t<p><\/p>\n<h4 class=\"wp-block-heading\"><span style=\"color: #000000;\"><b>Le C40 est un r\u00e9seau de pr\u00e8s de 100 villes qui s'efforcent de mettre en \u0153uvre les actions urgentes imm\u00e9diatement n\u00e9cessaires pour faire face \u00e0 la crise climatique. Les maires des villes du C40 s'engagent \u00e0 utiliser une approche scientifique et collaborative pour aider le monde \u00e0 limiter le r\u00e9chauffement climatique \u00e0 1,5\u00b0C et \u00e0 construire des communaut\u00e9s saines, \u00e9quitables et r\u00e9silientes.<\/b><\/span><\/h4>\n<div>\u00a0<\/div>\n<p><\/p>\n<p><\/p>\n<p>Les villes membres du C40 gagnent leur adh\u00e9sion par l'action. La principale caract\u00e9ristique du C40 est qu'il fonctionne selon des crit\u00e8res de performance. Les membres sont approuv\u00e9s par le comit\u00e9 directeur des maires du C40, qui fixe les crit\u00e8res minimaux d'adh\u00e9sion et garantit l'int\u00e9grit\u00e9 du C40 en tant que r\u00e9seau de leaders climatiques. Les villes membres doivent satisfaire \u00e0 ces exigences ou quitter le C40. Cette approche cr\u00e9e une concurrence positive et encourage les villes du C40 \u00e0 aller encore plus loin dans leurs efforts pour lutter contre la crise climatique, tout en travaillant au sein d'un groupe de villes leaders mondiales qui prennent des mesures ambitieuses et innovantes en faveur du climat.<\/p>\n<p><\/p>\n<p><\/p>\n<p><\/p>\n<p><\/p>\n<h4 class=\"wp-block-heading\"><span style=\"color: #000000;\"><strong>OBJECTIFS PRINCIPAUX<\/strong><\/span><\/h4>\n<p><\/p>\n<p><\/p>\n<p><\/p>\n<p><\/p>\n<p>La mission du C40 est de r\u00e9duire de moiti\u00e9 les \u00e9missions collectives de carbone de ses villes membres en l'espace d'une d\u00e9cennie, tout en am\u00e9liorant la r\u00e9silience et l'\u00e9quit\u00e9 et en cr\u00e9ant les conditions n\u00e9cessaires \u00e0 l'\u00e9panouissement de chacun, partout dans le monde. La crise climatique, aggrav\u00e9e par la pand\u00e9mie de COVID-19, exige une r\u00e9ponse mondiale sans pr\u00e9c\u00e9dent. Les villes savent ce qu'il faut faire pour limiter le r\u00e9chauffement de la plan\u00e8te \u00e0 1,5\u00b0 Celsius, et elles savent que cet avenir sans risque pour le climat n'est possible que si nous agissons maintenant et en collaboration avec les autres niveaux de gouvernement, les entreprises, la soci\u00e9t\u00e9 civile et les citoyens.<\/p>\n<p><\/p>\n<p><\/p>\n<p><\/p>\n<p><\/p>\n<h4 class=\"wp-block-heading\"><span style=\"color: #000000;\"><strong>PROJETS CL\u00c9S<\/strong><\/span><\/h4>\n<p><\/p>\n<p><\/p>\n<p><\/p>\n<p><\/p>\n<p>L'objectif du C40 est d'aider ses villes \u00e0 mettre en \u0153uvre leurs plans d'action climatiques solides, fond\u00e9s sur des donn\u00e9es scientifiques, qui sont align\u00e9s sur l'objectif de 1,5\u00b0C de l'Accord de Paris et qui donnent la priorit\u00e9 \u00e0 l'augmentation de la r\u00e9silience climatique et de l'\u00e9quit\u00e9. C'est pourquoi le C40 suivra de pr\u00e8s le sommet de la COP26. Si cet objectif est atteint, les villes du C40 conna\u00eetront des r\u00e9ductions d'\u00e9missions compatibles avec la r\u00e9duction de moiti\u00e9 de leurs \u00e9missions collectives d'ici 2030.<\/p>\n<p>Dans les ann\u00e9es \u00e0 venir, le C40 va r\u00e9orienter ses ressources r\u00e9gionales approfondies afin de se concentrer sur les actions climatiques les plus prioritaires et ayant le plus d'impact dans chaque r\u00e9gion. Dans le cadre de son assistance, il se concentrera sur sa capacit\u00e9 unique \u00e0 aider les maires \u00e0 d\u00e9fendre et \u00e0 mettre en \u0153uvre des politiques ambitieuses et parfois difficiles, en cr\u00e9ant des coalitions de soutien et en facilitant l'\u00e9change de connaissances entre pairs.<\/p>\n<p><\/p>\n<p>Par-dessus tout, le C40 aidera ses maires \u00e0 utiliser leurs solides ant\u00e9c\u00e9dents au niveau national pour apporter aux autres l'espoir, l'\u00e9nergie, les meilleures pratiques et une vision unificatrice.<\/p>\n<p>\u00a0<\/p>\n<h4><span style=\"color: #000000;\"><strong>INFORMATIONS DE CONTACT<\/strong><\/span><\/h4>\t\t\t\t\t\t\t\t<\/div>\n\t\t\t\t<\/div>\n\t\t\t\t<section class=\"elementor-section elementor-inner-section elementor-element elementor-element-ae01b72 elementor-section-boxed elementor-section-height-default elementor-section-height-default\" data-id=\"ae01b72\" data-element_type=\"section\" data-e-type=\"section\">\n\t\t\t\t\t\t<div class=\"elementor-container elementor-column-gap-default\">\n\t\t\t\t\t<div class=\"elementor-column elementor-col-33 elementor-inner-column elementor-element elementor-element-0b44be4\" data-id=\"0b44be4\" data-element_type=\"column\" data-e-type=\"column\">\n\t\t\t<div class=\"elementor-widget-wrap elementor-element-populated\">\n\t\t\t\t\t\t<div class=\"elementor-element elementor-element-b2bf3d2 elementor-align-center elementor-widget elementor-widget-button\" data-id=\"b2bf3d2\" data-element_type=\"widget\" data-e-type=\"widget\" data-widget_type=\"button.default\">\n\t\t\t\t<div class=\"elementor-widget-container\">\n\t\t\t\t\t\t\t\t\t<div class=\"elementor-button-wrapper\">\n\t\t\t\t\t<a class=\"elementor-button elementor-button-link elementor-size-sm\" href=\"https:\/\/www.c40.org\/\" target=\"_blank\">\n\t\t\t\t\t\t<span class=\"elementor-button-content-wrapper\">\n\t\t\t\t\t\t\t\t\t<span class=\"elementor-button-text\">Site web de C40 CITIES<\/span>\n\t\t\t\t\t<\/span>\n\t\t\t\t\t<\/a>\n\t\t\t\t<\/div>\n\t\t\t\t\t\t\t\t<\/div>\n\t\t\t\t<\/div>\n\t\t\t\t\t<\/div>\n\t\t<\/div>\n\t\t\t\t<div class=\"elementor-column elementor-col-33 elementor-inner-column elementor-element elementor-element-33fbe63\" data-id=\"33fbe63\" data-element_type=\"column\" data-e-type=\"column\">\n\t\t\t<div class=\"elementor-widget-wrap elementor-element-populated\">\n\t\t\t\t\t\t<div class=\"elementor-element elementor-element-a1fed6c elementor-align-center elementor-widget elementor-widget-button\" data-id=\"a1fed6c\" data-element_type=\"widget\" data-e-type=\"widget\" data-widget_type=\"button.default\">\n\t\t\t\t<div class=\"elementor-widget-container\">\n\t\t\t\t\t\t\t\t\t<div class=\"elementor-button-wrapper\">\n\t\t\t\t\t<a class=\"elementor-button elementor-button-link elementor-size-sm\" href=\"mailto:acavicchioli@c40.org\" target=\"_blank\">\n\t\t\t\t\t\t<span class=\"elementor-button-content-wrapper\">\n\t\t\t\t\t\t<span class=\"elementor-button-icon\">\n\t\t\t\t<i aria-hidden=\"true\" class=\"far fa-user\"><\/i>\t\t\t<\/span>\n\t\t\t\t\t\t\t\t\t<span class=\"elementor-button-text\">MS. AGATHE CAVICCHIOLI <br> Responsable de la diplomatie des villes<\/span>\n\t\t\t\t\t<\/span>\n\t\t\t\t\t<\/a>\n\t\t\t\t<\/div>\n\t\t\t\t\t\t\t\t<\/div>\n\t\t\t\t<\/div>\n\t\t\t\t\t<\/div>\n\t\t<\/div>\n\t\t\t\t<div class=\"elementor-column elementor-col-33 elementor-inner-column elementor-element elementor-element-d3447d1\" data-id=\"d3447d1\" data-element_type=\"column\" data-e-type=\"column\">\n\t\t\t<div class=\"elementor-widget-wrap\">\n\t\t\t\t\t\t\t<\/div>\n\t\t<\/div>\n\t\t\t\t\t<\/div>\n\t\t<\/section>\n\t\t\t\t<div class=\"elementor-element elementor-element-8782d59 elementor-widget elementor-widget-spacer\" data-id=\"8782d59\" data-element_type=\"widget\" data-e-type=\"widget\" data-widget_type=\"spacer.default\">\n\t\t\t\t<div class=\"elementor-widget-container\">\n\t\t\t\t\t\t\t<div class=\"elementor-spacer\">\n\t\t\t<div class=\"elementor-spacer-inner\"><\/div>\n\t\t<\/div>\n\t\t\t\t\t\t<\/div>\n\t\t\t\t<\/div>\n\t\t\t\t\t<\/div>\n\t\t<\/div>\n\t\t\t\t\t<\/div>\n\t\t<\/section>\n\t\t\t\t<\/div>","protected":false},"excerpt":{"rendered":"<p>Le C40 est un r\u00e9seau de pr\u00e8s de 100 villes qui s'efforcent de prendre les mesures urgentes qui s'imposent d\u00e8s maintenant pour faire face \u00e0 la crise climatique. Les maires des villes du C40 s'engagent \u00e0 utiliser une approche scientifique et collaborative pour aider le monde \u00e0 limiter le r\u00e9chauffement climatique \u00e0 1,5\u00b0C et \u00e0 construire des communaut\u00e9s saines, \u00e9quitables et r\u00e9silientes.   Les membres du C40 ... <\/p>","protected":false},"author":1,"featured_media":15210,"parent":0,"menu_order":0,"comment_status":"closed","ping_status":"closed","template":"","meta":{"_monsterinsights_skip_tracking":false,"_monsterinsights_sitenote_active":false,"_monsterinsights_sitenote_note":"","_monsterinsights_sitenote_category":0,"footnotes":""},"class_list":["post-15049","page","type-page","status-publish","has-post-thumbnail","hentry"],"yoast_head":"<!-- This site is optimized with the Yoast SEO plugin v27.5 - https:\/\/yoast.com\/product\/yoast-seo-wordpress\/ -->\n<title>C40 Cities - Global Cities Hub<\/title>\n<meta name=\"description\" content=\"C40 is a network of nearly 100 citiesworking to deliver the urgent actionneeded right now to confront theclimate crisis.\" \/>\n<meta name=\"robots\" content=\"index, follow, max-snippet:-1, max-image-preview:large, max-video-preview:-1\" \/>\n<link rel=\"canonical\" href=\"https:\/\/globalcitieshub.org\/fr\/c40-cities\/\" \/>\n<meta property=\"og:locale\" content=\"fr_FR\" \/>\n<meta property=\"og:type\" content=\"article\" \/>\n<meta property=\"og:title\" content=\"C40 Cities - Global Cities Hub\" \/>\n<meta property=\"og:description\" content=\"C40 is a network of nearly 100 citiesworking to deliver the urgent actionneeded right now to confront theclimate crisis.\" \/>\n<meta property=\"og:url\" content=\"https:\/\/globalcitieshub.org\/fr\/c40-cities\/\" \/>\n<meta property=\"og:site_name\" content=\"Global Cities Hub\" \/>\n<meta property=\"article:modified_time\" content=\"2026-02-16T15:37:44+00:00\" \/>\n<meta property=\"og:image\" content=\"https:\/\/globalcitieshub.org\/wp-content\/uploads\/2022\/02\/C40-CITIES-2.png\" \/>\n\t<meta property=\"og:image:width\" content=\"1600\" \/>\n\t<meta property=\"og:image:height\" content=\"900\" \/>\n\t<meta property=\"og:image:type\" content=\"image\/png\" \/>\n<meta name=\"twitter:card\" content=\"summary_large_image\" \/>\n<meta name=\"twitter:site\" content=\"@genevacitieshub\" \/>\n<meta name=\"twitter:label1\" content=\"Dur\u00e9e de lecture estim\u00e9e\" \/>\n\t<meta name=\"twitter:data1\" content=\"2 minutes\" \/>\n<script type=\"application\/ld+json\" class=\"yoast-schema-graph\">{\"@context\":\"https:\\\/\\\/schema.org\",\"@graph\":[{\"@type\":\"WebPage\",\"@id\":\"https:\\\/\\\/globalcitieshub.org\\\/fr\\\/c40-cities\\\/\",\"url\":\"https:\\\/\\\/globalcitieshub.org\\\/fr\\\/c40-cities\\\/\",\"name\":\"C40 Cities - Global Cities Hub\",\"isPartOf\":{\"@id\":\"https:\\\/\\\/globalcitieshub.org\\\/fr\\\/#website\"},\"primaryImageOfPage\":{\"@id\":\"https:\\\/\\\/globalcitieshub.org\\\/fr\\\/c40-cities\\\/#primaryimage\"},\"image\":{\"@id\":\"https:\\\/\\\/globalcitieshub.org\\\/fr\\\/c40-cities\\\/#primaryimage\"},\"thumbnailUrl\":\"https:\\\/\\\/globalcitieshub.org\\\/wp-content\\\/uploads\\\/2022\\\/02\\\/C40-CITIES-2.png\",\"datePublished\":\"2022-02-23T14:20:24+00:00\",\"dateModified\":\"2026-02-16T15:37:44+00:00\",\"description\":\"C40 is a network of nearly 100 citiesworking to deliver the urgent actionneeded right now to confront theclimate crisis.\",\"inLanguage\":\"fr-FR\",\"potentialAction\":[{\"@type\":\"ReadAction\",\"target\":[\"https:\\\/\\\/globalcitieshub.org\\\/fr\\\/c40-cities\\\/\"]}]},{\"@type\":\"ImageObject\",\"inLanguage\":\"fr-FR\",\"@id\":\"https:\\\/\\\/globalcitieshub.org\\\/fr\\\/c40-cities\\\/#primaryimage\",\"url\":\"https:\\\/\\\/globalcitieshub.org\\\/wp-content\\\/uploads\\\/2022\\\/02\\\/C40-CITIES-2.png\",\"contentUrl\":\"https:\\\/\\\/globalcitieshub.org\\\/wp-content\\\/uploads\\\/2022\\\/02\\\/C40-CITIES-2.png\",\"width\":1600,\"height\":900},{\"@type\":\"WebSite\",\"@id\":\"https:\\\/\\\/globalcitieshub.org\\\/fr\\\/#website\",\"url\":\"https:\\\/\\\/globalcitieshub.org\\\/fr\\\/\",\"name\":\"Global Cities Hub\",\"description\":\"Connecting local and regional governments to the United Nations and other  international organizations\",\"publisher\":{\"@id\":\"https:\\\/\\\/globalcitieshub.org\\\/fr\\\/#organization\"},\"potentialAction\":[{\"@type\":\"SearchAction\",\"target\":{\"@type\":\"EntryPoint\",\"urlTemplate\":\"https:\\\/\\\/globalcitieshub.org\\\/fr\\\/?s={search_term_string}\"},\"query-input\":{\"@type\":\"PropertyValueSpecification\",\"valueRequired\":true,\"valueName\":\"search_term_string\"}}],\"inLanguage\":\"fr-FR\"},{\"@type\":\"Organization\",\"@id\":\"https:\\\/\\\/globalcitieshub.org\\\/fr\\\/#organization\",\"name\":\"Global Cities Hub\",\"url\":\"https:\\\/\\\/globalcitieshub.org\\\/fr\\\/\",\"logo\":{\"@type\":\"ImageObject\",\"inLanguage\":\"fr-FR\",\"@id\":\"https:\\\/\\\/globalcitieshub.org\\\/fr\\\/#\\\/schema\\\/logo\\\/image\\\/\",\"url\":\"https:\\\/\\\/globalcitieshub.org\\\/wp-content\\\/uploads\\\/2023\\\/09\\\/230829_Logo_Global_Cities_Hub_Couleur_fond-blanc_RVB.png\",\"contentUrl\":\"https:\\\/\\\/globalcitieshub.org\\\/wp-content\\\/uploads\\\/2023\\\/09\\\/230829_Logo_Global_Cities_Hub_Couleur_fond-blanc_RVB.png\",\"width\":2544,\"height\":1446,\"caption\":\"Global Cities Hub\"},\"image\":{\"@id\":\"https:\\\/\\\/globalcitieshub.org\\\/fr\\\/#\\\/schema\\\/logo\\\/image\\\/\"},\"sameAs\":[\"https:\\\/\\\/x.com\\\/genevacitieshub\"]}]}<\/script>\n<!-- \/ Yoast SEO plugin. -->","yoast_head_json":{"title":"C40 Cities - Global Cities Hub","description":"Le C40 est un r\u00e9seau de pr\u00e8s de 100 villes qui s'efforcent de prendre les mesures urgentes qui s'imposent d\u00e8s maintenant pour faire face \u00e0 la crise climatique.","robots":{"index":"index","follow":"follow","max-snippet":"max-snippet:-1","max-image-preview":"max-image-preview:large","max-video-preview":"max-video-preview:-1"},"canonical":"https:\/\/globalcitieshub.org\/fr\/c40-cities\/","og_locale":"fr_FR","og_type":"article","og_title":"C40 Cities - Global Cities Hub","og_description":"C40 is a network of nearly 100 citiesworking to deliver the urgent actionneeded right now to confront theclimate crisis.","og_url":"https:\/\/globalcitieshub.org\/fr\/c40-cities\/","og_site_name":"Global Cities Hub","article_modified_time":"2026-02-16T15:37:44+00:00","og_image":[{"width":1600,"height":900,"url":"https:\/\/globalcitieshub.org\/wp-content\/uploads\/2022\/02\/C40-CITIES-2.png","type":"image\/png"}],"twitter_card":"summary_large_image","twitter_site":"@genevacitieshub","twitter_misc":{"Dur\u00e9e de lecture estim\u00e9e":"2 minutes"},"schema":{"@context":"https:\/\/schema.org","@graph":[{"@type":"WebPage","@id":"https:\/\/globalcitieshub.org\/fr\/c40-cities\/","url":"https:\/\/globalcitieshub.org\/fr\/c40-cities\/","name":"C40 Cities - Global Cities Hub","isPartOf":{"@id":"https:\/\/globalcitieshub.org\/fr\/#website"},"primaryImageOfPage":{"@id":"https:\/\/globalcitieshub.org\/fr\/c40-cities\/#primaryimage"},"image":{"@id":"https:\/\/globalcitieshub.org\/fr\/c40-cities\/#primaryimage"},"thumbnailUrl":"https:\/\/globalcitieshub.org\/wp-content\/uploads\/2022\/02\/C40-CITIES-2.png","datePublished":"2022-02-23T14:20:24+00:00","dateModified":"2026-02-16T15:37:44+00:00","description":"Le C40 est un r\u00e9seau de pr\u00e8s de 100 villes qui s'efforcent de prendre les mesures urgentes qui s'imposent d\u00e8s maintenant pour faire face \u00e0 la crise climatique.","inLanguage":"fr-FR","potentialAction":[{"@type":"ReadAction","target":["https:\/\/globalcitieshub.org\/fr\/c40-cities\/"]}]},{"@type":"ImageObject","inLanguage":"fr-FR","@id":"https:\/\/globalcitieshub.org\/fr\/c40-cities\/#primaryimage","url":"https:\/\/globalcitieshub.org\/wp-content\/uploads\/2022\/02\/C40-CITIES-2.png","contentUrl":"https:\/\/globalcitieshub.org\/wp-content\/uploads\/2022\/02\/C40-CITIES-2.png","width":1600,"height":900},{"@type":"WebSite","@id":"https:\/\/globalcitieshub.org\/fr\/#website","url":"https:\/\/globalcitieshub.org\/fr\/","name":"Global Cities Hub","description":"Relier les gouvernements locaux et r\u00e9gionaux aux Nations unies et \u00e0 d'autres organisations internationales","publisher":{"@id":"https:\/\/globalcitieshub.org\/fr\/#organization"},"potentialAction":[{"@type":"SearchAction","target":{"@type":"EntryPoint","urlTemplate":"https:\/\/globalcitieshub.org\/fr\/?s={search_term_string}"},"query-input":{"@type":"PropertyValueSpecification","valueRequired":true,"valueName":"search_term_string"}}],"inLanguage":"fr-FR"},{"@type":"Organization","@id":"https:\/\/globalcitieshub.org\/fr\/#organization","name":"Global Cities Hub","url":"https:\/\/globalcitieshub.org\/fr\/","logo":{"@type":"ImageObject","inLanguage":"fr-FR","@id":"https:\/\/globalcitieshub.org\/fr\/#\/schema\/logo\/image\/","url":"https:\/\/globalcitieshub.org\/wp-content\/uploads\/2023\/09\/230829_Logo_Global_Cities_Hub_Couleur_fond-blanc_RVB.png","contentUrl":"https:\/\/globalcitieshub.org\/wp-content\/uploads\/2023\/09\/230829_Logo_Global_Cities_Hub_Couleur_fond-blanc_RVB.png","width":2544,"height":1446,"caption":"Global Cities Hub"},"image":{"@id":"https:\/\/globalcitieshub.org\/fr\/#\/schema\/logo\/image\/"},"sameAs":["https:\/\/x.com\/genevacitieshub"]}]}},"_links":{"self":[{"href":"https:\/\/globalcitieshub.org\/fr\/wp-json\/wp\/v2\/pages\/15049","targetHints":{"allow":["GET"]}}],"collection":[{"href":"https:\/\/globalcitieshub.org\/fr\/wp-json\/wp\/v2\/pages"}],"about":[{"href":"https:\/\/globalcitieshub.org\/fr\/wp-json\/wp\/v2\/types\/page"}],"author":[{"embeddable":true,"href":"https:\/\/globalcitieshub.org\/fr\/wp-json\/wp\/v2\/users\/1"}],"replies":[{"embeddable":true,"href":"https:\/\/globalcitieshub.org\/fr\/wp-json\/wp\/v2\/comments?post=15049"}],"version-history":[{"count":47,"href":"https:\/\/globalcitieshub.org\/fr\/wp-json\/wp\/v2\/pages\/15049\/revisions"}],"predecessor-version":[{"id":27110,"href":"https:\/\/globalcitieshub.org\/fr\/wp-json\/wp\/v2\/pages\/15049\/revisions\/27110"}],"wp:featuredmedia":[{"embeddable":true,"href":"https:\/\/globalcitieshub.org\/fr\/wp-json\/wp\/v2\/media\/15210"}],"wp:attachment":[{"href":"https:\/\/globalcitieshub.org\/fr\/wp-json\/wp\/v2\/media?parent=15049"}],"curies":[{"name":"wp","href":"https:\/\/api.w.org\/{rel}","templated":true}]}}