{"id":14354,"date":"2022-01-17T15:58:55","date_gmt":"2022-01-17T14:58:55","guid":{"rendered":"https:\/\/www.genevacitieshub.org\/?page_id=14354"},"modified":"2022-01-17T16:18:23","modified_gmt":"2022-01-17T15:18:23","slug":"geneva-environment-network","status":"publish","type":"page","link":"https:\/\/globalcitieshub.org\/fr\/geneva-environment-network\/","title":{"rendered":"Geneva Environment Network"},"content":{"rendered":"<div data-elementor-type=\"wp-page\" data-elementor-id=\"14354\" class=\"elementor elementor-14354\">\n\t\t\t\t\t\t<section class=\"elementor-section elementor-top-section elementor-element elementor-element-76114b5 elementor-section-boxed elementor-section-height-default elementor-section-height-default\" data-id=\"76114b5\" data-element_type=\"section\" data-e-type=\"section\">\n\t\t\t\t\t\t<div class=\"elementor-container elementor-column-gap-default\">\n\t\t\t\t\t<div class=\"elementor-column elementor-col-100 elementor-top-column elementor-element elementor-element-ac9b7f3\" data-id=\"ac9b7f3\" data-element_type=\"column\" data-e-type=\"column\">\n\t\t\t<div class=\"elementor-widget-wrap elementor-element-populated\">\n\t\t\t\t\t\t<div class=\"elementor-element elementor-element-4eef491 elementor-widget elementor-widget-image\" data-id=\"4eef491\" data-element_type=\"widget\" data-e-type=\"widget\" data-widget_type=\"image.default\">\n\t\t\t\t<div class=\"elementor-widget-container\">\n\t\t\t\t\t\t\t\t\t\t\t\t\t\t\t<img decoding=\"async\" src=\"https:\/\/globalcitieshub.org\/wp-content\/uploads\/elementor\/thumbs\/GEN_logo_sdgs-qap83ykj5s197mytsjvs1q40641zl90m45wxuclb7k.png\" title=\"GEN_logo_sdgs\" alt=\"GEN_logo_sdgs\" loading=\"lazy\" \/>\t\t\t\t\t\t\t\t\t\t\t\t\t\t\t<\/div>\n\t\t\t\t<\/div>\n\t\t\t\t<div class=\"elementor-element elementor-element-ebf3447 elementor-widget elementor-widget-heading\" data-id=\"ebf3447\" data-element_type=\"widget\" data-e-type=\"widget\" data-widget_type=\"heading.default\">\n\t\t\t\t<div class=\"elementor-widget-container\">\n\t\t\t\t\t<h1 class=\"elementor-heading-title elementor-size-default\">Le R\u00e9seau Environnemental de Gen\u00e8ve<\/h1>\t\t\t\t<\/div>\n\t\t\t\t<\/div>\n\t\t\t\t<div class=\"elementor-element elementor-element-8cc1fe6 elementor-widget elementor-widget-button\" data-id=\"8cc1fe6\" data-element_type=\"widget\" data-e-type=\"widget\" data-widget_type=\"button.default\">\n\t\t\t\t<div class=\"elementor-widget-container\">\n\t\t\t\t\t\t\t\t\t<div class=\"elementor-button-wrapper\">\n\t\t\t\t\t<a class=\"elementor-button elementor-button-link elementor-size-sm\" href=\"https:\/\/www.genevaenvironmentnetwork.org\/\" target=\"_blank\">\n\t\t\t\t\t\t<span class=\"elementor-button-content-wrapper\">\n\t\t\t\t\t\t\t\t\t<span class=\"elementor-button-text\">Le site web du R\u00e9seau Environnemental de Gen\u00e8ve<\/span>\n\t\t\t\t\t<\/span>\n\t\t\t\t\t<\/a>\n\t\t\t\t<\/div>\n\t\t\t\t\t\t\t\t<\/div>\n\t\t\t\t<\/div>\n\t\t\t\t<div class=\"elementor-element elementor-element-6ea94ae elementor-widget elementor-widget-spacer\" data-id=\"6ea94ae\" data-element_type=\"widget\" data-e-type=\"widget\" data-widget_type=\"spacer.default\">\n\t\t\t\t<div class=\"elementor-widget-container\">\n\t\t\t\t\t\t\t<div class=\"elementor-spacer\">\n\t\t\t<div class=\"elementor-spacer-inner\"><\/div>\n\t\t<\/div>\n\t\t\t\t\t\t<\/div>\n\t\t\t\t<\/div>\n\t\t\t\t<div class=\"elementor-element elementor-element-6e10316 elementor-widget elementor-widget-text-editor\" data-id=\"6e10316\" data-element_type=\"widget\" data-e-type=\"widget\" data-widget_type=\"text-editor.default\">\n\t\t\t\t<div class=\"elementor-widget-container\">\n\t\t\t\t\t\t\t\t\t<p>\"Le R\u00e9seau Environnemental de Gen\u00e8ve (GEN) est un partenariat coop\u00e9ratif de plus de 100 organisations environnementales et de d\u00e9veloppement durable bas\u00e9es \u00e0 la Maison Internationale de l'Environnement \u00e0 Gen\u00e8ve et dans d'autres lieux de la r\u00e9gion environnante. Il s'agit de bureaux et de programmes des Nations unies, d'organisations intergouvernementales, d'ONG, d'autorit\u00e9s gouvernementales locales et d'institutions universitaires.<\/p><p>\u00a0<\/p><p>Cr\u00e9\u00e9 en 1999, le GEN organise et accueille des r\u00e9unions, des tables rondes, des s\u00e9ances d'information et des ateliers visant \u00e0 promouvoir la diffusion d'informations et la sensibilisation du public aux questions environnementales. En outre, le GEN encourage activement le renforcement de la coop\u00e9ration et du r\u00e9seautage entre ses partenaires et \u00e9labore un bulletin d'information hebdomadaire mettant en \u00e9vidence les derni\u00e8res nouvelles, les ressources, les \u00e9v\u00e9nements et les possibilit\u00e9s d'emploi dans la r\u00e9gion.\"<\/p><div>\u00a0<\/div>\t\t\t\t\t\t\t\t<\/div>\n\t\t\t\t<\/div>\n\t\t\t\t<div class=\"elementor-element elementor-element-5c45d2a elementor-widget elementor-widget-text-editor\" data-id=\"5c45d2a\" data-element_type=\"widget\" data-e-type=\"widget\" data-widget_type=\"text-editor.default\">\n\t\t\t\t<div class=\"elementor-widget-container\">\n\t\t\t\t\t\t\t\t\t<h3><strong><span style=\"color: #000000;\">En tant que partenaire de\u00a0<\/span><\/strong><a href=\"https:\/\/www.genevacitieshub.org\/en\/the-plastics-wrap-trap-what-about-cities-in-inter-states-negotiations\/\"><span style=\"color: #e8002a;\">Le pi\u00e8ge de l'emballage plastique : qu'en est-il des villes dans les n\u00e9gociations inter\u00e9tatiques ?<\/span><\/a><\/h3>\t\t\t\t\t\t\t\t<\/div>\n\t\t\t\t<\/div>\n\t\t\t\t<div class=\"elementor-element elementor-element-6e0f2dc elementor-widget elementor-widget-text-editor\" data-id=\"6e0f2dc\" data-element_type=\"widget\" data-e-type=\"widget\" data-widget_type=\"text-editor.default\">\n\t\t\t\t<div class=\"elementor-widget-container\">\n\t\t\t\t\t\t\t\t\t<ul><li><p>Le R\u00e9seau Environnement de Gen\u00e8ve a contribu\u00e9 \u00e0 l'\u00e9v\u00e9nement par la participation de <b>Mme Diana Rizzolio,\u00a0<\/b>Coordinateur, R\u00e9seau Environnemental de Gen\u00e8ve.<\/p><\/li><\/ul>\t\t\t\t\t\t\t\t<\/div>\n\t\t\t\t<\/div>\n\t\t\t\t<section class=\"elementor-section elementor-inner-section elementor-element elementor-element-352e81d elementor-section-boxed elementor-section-height-default elementor-section-height-default\" data-id=\"352e81d\" data-element_type=\"section\" data-e-type=\"section\">\n\t\t\t\t\t\t<div class=\"elementor-container elementor-column-gap-default\">\n\t\t\t\t\t<div class=\"elementor-column elementor-col-50 elementor-inner-column elementor-element elementor-element-f145ba1\" data-id=\"f145ba1\" data-element_type=\"column\" data-e-type=\"column\">\n\t\t\t<div class=\"elementor-widget-wrap elementor-element-populated\">\n\t\t\t\t\t\t<div class=\"elementor-element elementor-element-5051a93 elementor-align-right elementor-widget elementor-widget-button\" data-id=\"5051a93\" data-element_type=\"widget\" data-e-type=\"widget\" data-widget_type=\"button.default\">\n\t\t\t\t<div class=\"elementor-widget-container\">\n\t\t\t\t\t\t\t\t\t<div class=\"elementor-button-wrapper\">\n\t\t\t\t\t<a class=\"elementor-button elementor-button-link elementor-size-sm\" href=\"https:\/\/www.genevacitieshub.org\/en\/raoul-wallenberg-institute\/\">\n\t\t\t\t\t\t<span class=\"elementor-button-content-wrapper\">\n\t\t\t\t\t\t\t\t\t<span class=\"elementor-button-text\">&lt;<\/span>\n\t\t\t\t\t<\/span>\n\t\t\t\t\t<\/a>\n\t\t\t\t<\/div>\n\t\t\t\t\t\t\t\t<\/div>\n\t\t\t\t<\/div>\n\t\t\t\t\t<\/div>\n\t\t<\/div>\n\t\t\t\t<div class=\"elementor-column elementor-col-50 elementor-inner-column elementor-element elementor-element-c920c01\" data-id=\"c920c01\" data-element_type=\"column\" data-e-type=\"column\">\n\t\t\t<div class=\"elementor-widget-wrap elementor-element-populated\">\n\t\t\t\t\t\t<div class=\"elementor-element elementor-element-cd82c4f elementor-widget elementor-widget-button\" data-id=\"cd82c4f\" data-element_type=\"widget\" data-e-type=\"widget\" data-widget_type=\"button.default\">\n\t\t\t\t<div class=\"elementor-widget-container\">\n\t\t\t\t\t\t\t\t\t<div class=\"elementor-button-wrapper\">\n\t\t\t\t\t<a class=\"elementor-button elementor-button-link elementor-size-sm\" href=\"https:\/\/www.genevacitieshub.org\/en\/permanent-mission-norway\/\">\n\t\t\t\t\t\t<span class=\"elementor-button-content-wrapper\">\n\t\t\t\t\t\t\t\t\t<span class=\"elementor-button-text\">&gt;<\/span>\n\t\t\t\t\t<\/span>\n\t\t\t\t\t<\/a>\n\t\t\t\t<\/div>\n\t\t\t\t\t\t\t\t<\/div>\n\t\t\t\t<\/div>\n\t\t\t\t\t<\/div>\n\t\t<\/div>\n\t\t\t\t\t<\/div>\n\t\t<\/section>\n\t\t\t\t\t<\/div>\n\t\t<\/div>\n\t\t\t\t\t<\/div>\n\t\t<\/section>\n\t\t\t\t<\/div>","protected":false},"excerpt":{"rendered":"<p>Le R\u00e9seau Environnemental de Gen\u00e8ve Le site du R\u00e9seau Environnemental de Gen\u00e8ve \"Le R\u00e9seau Environnemental de Gen\u00e8ve (GEN) est un partenariat coop\u00e9ratif de plus de 100 organisations environnementales et de d\u00e9veloppement durable bas\u00e9es \u00e0 la Maison Internationale de l'Environnement \u00e0 Gen\u00e8ve et dans d'autres lieux de la r\u00e9gion environnante. Il s'agit de bureaux et de programmes des Nations Unies, d'organisations intergouvernementales, d'ONG, de gouvernements locaux ... <\/p>","protected":false},"author":1,"featured_media":0,"parent":0,"menu_order":0,"comment_status":"closed","ping_status":"closed","template":"page-fullwidth.php","meta":{"_monsterinsights_skip_tracking":false,"_monsterinsights_sitenote_active":false,"_monsterinsights_sitenote_note":"","_monsterinsights_sitenote_category":0,"footnotes":""},"class_list":["post-14354","page","type-page","status-publish","hentry"],"yoast_head":"<!-- This site is optimized with the Yoast SEO plugin v27.5 - https:\/\/yoast.com\/product\/yoast-seo-wordpress\/ -->\n<title>Geneva Environment Network - Global Cities Hub<\/title>\n<meta name=\"description\" content=\"The Geneva Environment Network is a Geneva Cities Hub&#039;s partner for the Geneva Urban Debates.\" \/>\n<meta name=\"robots\" content=\"index, follow, max-snippet:-1, max-image-preview:large, max-video-preview:-1\" \/>\n<link rel=\"canonical\" href=\"https:\/\/globalcitieshub.org\/fr\/geneva-environment-network\/\" \/>\n<meta property=\"og:locale\" content=\"fr_FR\" \/>\n<meta property=\"og:type\" content=\"article\" \/>\n<meta property=\"og:title\" content=\"Geneva Environment Network - Global Cities Hub\" \/>\n<meta property=\"og:description\" content=\"The Geneva Environment Network is a Geneva Cities Hub&#039;s partner for the Geneva Urban Debates.\" \/>\n<meta property=\"og:url\" content=\"https:\/\/globalcitieshub.org\/fr\/geneva-environment-network\/\" \/>\n<meta property=\"og:site_name\" content=\"Global Cities Hub\" \/>\n<meta property=\"article:modified_time\" content=\"2022-01-17T15:18:23+00:00\" \/>\n<meta property=\"og:image\" content=\"https:\/\/www.genevacitieshub.org\/wp-content\/uploads\/elementor\/thumbs\/GEN_logo_sdgs-pj5erx9wqp8nokm7h9ts2ff1t7sfmkqfga2wxm6cqo.png\" \/>\n<meta name=\"twitter:card\" content=\"summary_large_image\" \/>\n<meta name=\"twitter:site\" content=\"@genevacitieshub\" \/>\n<meta name=\"twitter:label1\" content=\"Dur\u00e9e de lecture estim\u00e9e\" \/>\n\t<meta name=\"twitter:data1\" content=\"1 minute\" \/>\n<script type=\"application\/ld+json\" class=\"yoast-schema-graph\">{\"@context\":\"https:\\\/\\\/schema.org\",\"@graph\":[{\"@type\":\"WebPage\",\"@id\":\"https:\\\/\\\/globalcitieshub.org\\\/fr\\\/geneva-environment-network\\\/\",\"url\":\"https:\\\/\\\/globalcitieshub.org\\\/fr\\\/geneva-environment-network\\\/\",\"name\":\"Geneva Environment Network - Global Cities Hub\",\"isPartOf\":{\"@id\":\"https:\\\/\\\/globalcitieshub.org\\\/fr\\\/#website\"},\"primaryImageOfPage\":{\"@id\":\"https:\\\/\\\/globalcitieshub.org\\\/fr\\\/geneva-environment-network\\\/#primaryimage\"},\"image\":{\"@id\":\"https:\\\/\\\/globalcitieshub.org\\\/fr\\\/geneva-environment-network\\\/#primaryimage\"},\"thumbnailUrl\":\"https:\\\/\\\/www.genevacitieshub.org\\\/wp-content\\\/uploads\\\/elementor\\\/thumbs\\\/GEN_logo_sdgs-pj5erx9wqp8nokm7h9ts2ff1t7sfmkqfga2wxm6cqo.png\",\"datePublished\":\"2022-01-17T14:58:55+00:00\",\"dateModified\":\"2022-01-17T15:18:23+00:00\",\"description\":\"The Geneva Environment Network is a Geneva Cities Hub's partner for the Geneva Urban Debates.\",\"inLanguage\":\"fr-FR\",\"potentialAction\":[{\"@type\":\"ReadAction\",\"target\":[\"https:\\\/\\\/globalcitieshub.org\\\/fr\\\/geneva-environment-network\\\/\"]}]},{\"@type\":\"ImageObject\",\"inLanguage\":\"fr-FR\",\"@id\":\"https:\\\/\\\/globalcitieshub.org\\\/fr\\\/geneva-environment-network\\\/#primaryimage\",\"url\":\"https:\\\/\\\/www.genevacitieshub.org\\\/wp-content\\\/uploads\\\/elementor\\\/thumbs\\\/GEN_logo_sdgs-pj5erx9wqp8nokm7h9ts2ff1t7sfmkqfga2wxm6cqo.png\",\"contentUrl\":\"https:\\\/\\\/www.genevacitieshub.org\\\/wp-content\\\/uploads\\\/elementor\\\/thumbs\\\/GEN_logo_sdgs-pj5erx9wqp8nokm7h9ts2ff1t7sfmkqfga2wxm6cqo.png\"},{\"@type\":\"WebSite\",\"@id\":\"https:\\\/\\\/globalcitieshub.org\\\/fr\\\/#website\",\"url\":\"https:\\\/\\\/globalcitieshub.org\\\/fr\\\/\",\"name\":\"Global Cities Hub\",\"description\":\"Connecting local and regional governments to the United Nations and other  international organizations\",\"publisher\":{\"@id\":\"https:\\\/\\\/globalcitieshub.org\\\/fr\\\/#organization\"},\"potentialAction\":[{\"@type\":\"SearchAction\",\"target\":{\"@type\":\"EntryPoint\",\"urlTemplate\":\"https:\\\/\\\/globalcitieshub.org\\\/fr\\\/?s={search_term_string}\"},\"query-input\":{\"@type\":\"PropertyValueSpecification\",\"valueRequired\":true,\"valueName\":\"search_term_string\"}}],\"inLanguage\":\"fr-FR\"},{\"@type\":\"Organization\",\"@id\":\"https:\\\/\\\/globalcitieshub.org\\\/fr\\\/#organization\",\"name\":\"Global Cities Hub\",\"url\":\"https:\\\/\\\/globalcitieshub.org\\\/fr\\\/\",\"logo\":{\"@type\":\"ImageObject\",\"inLanguage\":\"fr-FR\",\"@id\":\"https:\\\/\\\/globalcitieshub.org\\\/fr\\\/#\\\/schema\\\/logo\\\/image\\\/\",\"url\":\"https:\\\/\\\/globalcitieshub.org\\\/wp-content\\\/uploads\\\/2023\\\/09\\\/230829_Logo_Global_Cities_Hub_Couleur_fond-blanc_RVB.png\",\"contentUrl\":\"https:\\\/\\\/globalcitieshub.org\\\/wp-content\\\/uploads\\\/2023\\\/09\\\/230829_Logo_Global_Cities_Hub_Couleur_fond-blanc_RVB.png\",\"width\":2544,\"height\":1446,\"caption\":\"Global Cities Hub\"},\"image\":{\"@id\":\"https:\\\/\\\/globalcitieshub.org\\\/fr\\\/#\\\/schema\\\/logo\\\/image\\\/\"},\"sameAs\":[\"https:\\\/\\\/x.com\\\/genevacitieshub\"]}]}<\/script>\n<!-- \/ Yoast SEO plugin. -->","yoast_head_json":{"title":"R\u00e9seau Environnemental de Gen\u00e8ve - Global Cities Hub","description":"Le R\u00e9seau Environnemental de Gen\u00e8ve est un partenaire du Hub des Villes de Gen\u00e8ve pour les D\u00e9bats Urbains de Gen\u00e8ve.","robots":{"index":"index","follow":"follow","max-snippet":"max-snippet:-1","max-image-preview":"max-image-preview:large","max-video-preview":"max-video-preview:-1"},"canonical":"https:\/\/globalcitieshub.org\/fr\/geneva-environment-network\/","og_locale":"fr_FR","og_type":"article","og_title":"Geneva Environment Network - Global Cities Hub","og_description":"The Geneva Environment Network is a Geneva Cities Hub's partner for the Geneva Urban Debates.","og_url":"https:\/\/globalcitieshub.org\/fr\/geneva-environment-network\/","og_site_name":"Global Cities Hub","article_modified_time":"2022-01-17T15:18:23+00:00","og_image":[{"url":"https:\/\/www.genevacitieshub.org\/wp-content\/uploads\/elementor\/thumbs\/GEN_logo_sdgs-pj5erx9wqp8nokm7h9ts2ff1t7sfmkqfga2wxm6cqo.png","type":"","width":"","height":""}],"twitter_card":"summary_large_image","twitter_site":"@genevacitieshub","twitter_misc":{"Dur\u00e9e de lecture estim\u00e9e":"1 minute"},"schema":{"@context":"https:\/\/schema.org","@graph":[{"@type":"WebPage","@id":"https:\/\/globalcitieshub.org\/fr\/geneva-environment-network\/","url":"https:\/\/globalcitieshub.org\/fr\/geneva-environment-network\/","name":"R\u00e9seau Environnemental de Gen\u00e8ve - Global Cities Hub","isPartOf":{"@id":"https:\/\/globalcitieshub.org\/fr\/#website"},"primaryImageOfPage":{"@id":"https:\/\/globalcitieshub.org\/fr\/geneva-environment-network\/#primaryimage"},"image":{"@id":"https:\/\/globalcitieshub.org\/fr\/geneva-environment-network\/#primaryimage"},"thumbnailUrl":"https:\/\/www.genevacitieshub.org\/wp-content\/uploads\/elementor\/thumbs\/GEN_logo_sdgs-pj5erx9wqp8nokm7h9ts2ff1t7sfmkqfga2wxm6cqo.png","datePublished":"2022-01-17T14:58:55+00:00","dateModified":"2022-01-17T15:18:23+00:00","description":"Le R\u00e9seau Environnemental de Gen\u00e8ve est un partenaire du Hub des Villes de Gen\u00e8ve pour les D\u00e9bats Urbains de Gen\u00e8ve.","inLanguage":"fr-FR","potentialAction":[{"@type":"ReadAction","target":["https:\/\/globalcitieshub.org\/fr\/geneva-environment-network\/"]}]},{"@type":"ImageObject","inLanguage":"fr-FR","@id":"https:\/\/globalcitieshub.org\/fr\/geneva-environment-network\/#primaryimage","url":"https:\/\/www.genevacitieshub.org\/wp-content\/uploads\/elementor\/thumbs\/GEN_logo_sdgs-pj5erx9wqp8nokm7h9ts2ff1t7sfmkqfga2wxm6cqo.png","contentUrl":"https:\/\/www.genevacitieshub.org\/wp-content\/uploads\/elementor\/thumbs\/GEN_logo_sdgs-pj5erx9wqp8nokm7h9ts2ff1t7sfmkqfga2wxm6cqo.png"},{"@type":"WebSite","@id":"https:\/\/globalcitieshub.org\/fr\/#website","url":"https:\/\/globalcitieshub.org\/fr\/","name":"Global Cities Hub","description":"Relier les gouvernements locaux et r\u00e9gionaux aux Nations unies et \u00e0 d'autres organisations internationales","publisher":{"@id":"https:\/\/globalcitieshub.org\/fr\/#organization"},"potentialAction":[{"@type":"SearchAction","target":{"@type":"EntryPoint","urlTemplate":"https:\/\/globalcitieshub.org\/fr\/?s={search_term_string}"},"query-input":{"@type":"PropertyValueSpecification","valueRequired":true,"valueName":"search_term_string"}}],"inLanguage":"fr-FR"},{"@type":"Organization","@id":"https:\/\/globalcitieshub.org\/fr\/#organization","name":"Global Cities Hub","url":"https:\/\/globalcitieshub.org\/fr\/","logo":{"@type":"ImageObject","inLanguage":"fr-FR","@id":"https:\/\/globalcitieshub.org\/fr\/#\/schema\/logo\/image\/","url":"https:\/\/globalcitieshub.org\/wp-content\/uploads\/2023\/09\/230829_Logo_Global_Cities_Hub_Couleur_fond-blanc_RVB.png","contentUrl":"https:\/\/globalcitieshub.org\/wp-content\/uploads\/2023\/09\/230829_Logo_Global_Cities_Hub_Couleur_fond-blanc_RVB.png","width":2544,"height":1446,"caption":"Global Cities Hub"},"image":{"@id":"https:\/\/globalcitieshub.org\/fr\/#\/schema\/logo\/image\/"},"sameAs":["https:\/\/x.com\/genevacitieshub"]}]}},"_links":{"self":[{"href":"https:\/\/globalcitieshub.org\/fr\/wp-json\/wp\/v2\/pages\/14354","targetHints":{"allow":["GET"]}}],"collection":[{"href":"https:\/\/globalcitieshub.org\/fr\/wp-json\/wp\/v2\/pages"}],"about":[{"href":"https:\/\/globalcitieshub.org\/fr\/wp-json\/wp\/v2\/types\/page"}],"author":[{"embeddable":true,"href":"https:\/\/globalcitieshub.org\/fr\/wp-json\/wp\/v2\/users\/1"}],"replies":[{"embeddable":true,"href":"https:\/\/globalcitieshub.org\/fr\/wp-json\/wp\/v2\/comments?post=14354"}],"version-history":[{"count":10,"href":"https:\/\/globalcitieshub.org\/fr\/wp-json\/wp\/v2\/pages\/14354\/revisions"}],"predecessor-version":[{"id":14386,"href":"https:\/\/globalcitieshub.org\/fr\/wp-json\/wp\/v2\/pages\/14354\/revisions\/14386"}],"wp:attachment":[{"href":"https:\/\/globalcitieshub.org\/fr\/wp-json\/wp\/v2\/media?parent=14354"}],"curies":[{"name":"wp","href":"https:\/\/api.w.org\/{rel}","templated":true}]}}