{"id":14017,"date":"2021-12-06T16:46:49","date_gmt":"2021-12-06T15:46:49","guid":{"rendered":"https:\/\/www.genevacitieshub.org\/?page_id=14017"},"modified":"2022-08-16T09:00:19","modified_gmt":"2022-08-16T07:00:19","slug":"join-the-mayors-action-platform","status":"publish","type":"page","link":"https:\/\/globalcitieshub.org\/fr\/join-the-mayors-action-platform\/","title":{"rendered":"REJOIGNEZ LA MAYORS' ACTION PLATFORM !"},"content":{"rendered":"<div data-elementor-type=\"wp-page\" data-elementor-id=\"14017\" class=\"elementor elementor-14017\">\n\t\t\t\t\t\t<section class=\"elementor-section elementor-top-section elementor-element elementor-element-3872026a elementor-section-boxed elementor-section-height-default elementor-section-height-default\" data-id=\"3872026a\" data-element_type=\"section\" data-e-type=\"section\">\n\t\t\t\t\t\t<div class=\"elementor-container elementor-column-gap-default\">\n\t\t\t\t\t<div class=\"elementor-column elementor-col-100 elementor-top-column elementor-element elementor-element-45740047\" data-id=\"45740047\" data-element_type=\"column\" data-e-type=\"column\">\n\t\t\t<div class=\"elementor-widget-wrap elementor-element-populated\">\n\t\t\t\t\t\t<div class=\"elementor-element elementor-element-28c521ab elementor-widget elementor-widget-text-editor\" data-id=\"28c521ab\" data-element_type=\"widget\" data-e-type=\"widget\" data-widget_type=\"text-editor.default\">\n\t\t\t\t<div class=\"elementor-widget-container\">\n\t\t\t\t\t\t\t\t\t<p><\/p>\n<p><\/p>\n<p><\/p>\n<h2 class=\"wp-block-heading\" id=\"are-you-a-mayor-or-a-municipal-staff-the-mayors-action-platform-has-been-created-for-you\"><span style=\"color: #000000;\">\u00cates-vous un maire ou un membre du personnel municipal ? La<em> Mayors' Action Platform <\/em>a \u00e9t\u00e9 cr\u00e9\u00e9e pour vous !<\/span><\/h2>\n<p><\/p>\n<h3 class=\"wp-block-heading\" id=\"click-here-to-join-the-community\"><span style=\"color: #000000;\">Cliquez<\/span> <a href=\"https:\/\/mayors-community-platform.mn.co\/share\/SCjABfVr1TmcqVeh?utm_source=manual\" target=\"_blank\" rel=\"noreferrer noopener\">ici <\/a><span style=\"color: #000000;\">pour rejoindre la communaut\u00e9.<\/span><\/h3>\n<p><\/p>\n<p><\/p>\n<p><\/p>\n<p>Le Geneva Cities Hub a lanc\u00e9 la <em>Mayors' Action Platform <\/em>(MAP).<\/p>\n<p><\/p>\n<p>Cr\u00e9\u00e9e sous les auspices de <a href=\"https:\/\/www.genevacitieshub.org\/en\/un-economic-commission-for-europe\/\">CEE-ONU <\/a>et <a href=\"https:\/\/www.genevacitieshub.org\/en\/un-habitat\/\">UN-HABITAT<\/a>, cette initiative a \u00e9t\u00e9 cr\u00e9\u00e9e pour donner suite \u00e0 la <a href=\"https:\/\/forumofmayors.unece.org\/declaration.html\" target=\"_blank\" rel=\"noreferrer noopener\">D\u00e9claration des Maires de Gen\u00e8ve<\/a>.<\/p>\n<p><\/p>\n<p>Les objectifs de la plateforme sont doubles :<\/p>\n<p><\/p>\n<ul class=\"wp-block-list\">\n<li><span style=\"color: #000000;\">pr\u00e9senter des actions et des solutions concr\u00e8tes con\u00e7ues par les villes pour traiter les questions couvertes par la D\u00e9claration des Maires.<\/span><\/li>\n<li><span style=\"color: #000000;\">cr\u00e9er un espace s\u00fbr pour que les maires et leur administration puissent \u00e9changer entre pairs<\/span><\/li>\n<\/ul>\n<p><\/p>\n<p>Il s'agit d'une plateforme o\u00f9 les maires peuvent publier leurs propres r\u00e9ussites, lire les meilleures pratiques d'autres municipalit\u00e9s et entrer en contact via le chat int\u00e9gr\u00e9.<\/p>\n<p><\/p>\n<p><\/p>\n<p><\/p>\n<h5 class=\"wp-block-heading\" id=\"about-the-declaration-of-mayors\"><strong>A propos de la D\u00e9claration des Maires de Gen\u00e8ve<\/strong><\/h5>\n<p><\/p>\n<p><\/p>\n<p>En 2020, le <a href=\"https:\/\/forumofmayors.unece.org\/index.html\" target=\"_blank\" rel=\"noreferrer noopener\">tout premier Forum des Maires<\/a> a permis aux maires de la r\u00e9gion de la CEE-ONU de partager la mani\u00e8re dont ils rendent leurs villes plus r\u00e9silientes, en mettant l'accent sur la Covid-19 et le changement climatique. Le Forum a abouti \u00e0 l'adoption de la D\u00e9claration  des Maires de Gen\u00e8ve, en vertu de laquelle les Maires se sont engag\u00e9s \u00e0 :<\/p>\n<p><\/p>\n<ul class=\"wp-block-list\">\n<li><span style=\"color: #000000;\">renforcer la r\u00e9silience de nos villes<\/span><\/li>\n<li><span style=\"color: #000000;\">prendre des mesures ambitieuses en mati\u00e8re de climat<\/span><\/li>\n<li><span style=\"color: #000000;\">rendre nos villes plus vertes<\/span><\/li>\n<li><span style=\"color: #000000;\">acc\u00e9l\u00e9rer la transition vers l'\u00e9nergie durable<\/span><\/li>\n<li><span style=\"color: #000000;\">veiller \u00e0 ce que les transports urbains soient durables<\/span><\/li>\n<li><span style=\"color: #000000;\">veiller \u00e0 ce que les logements soient abordables, sains et ad\u00e9quats<\/span><\/li>\n<li><span style=\"color: #000000;\">rendre les villes plus \u00e9quitables et inclusives<\/span><\/li>\n<\/ul>\n<p><\/p>\n<p>Le Geneva Cities Hub a cr\u00e9\u00e9 le MAP pour soutenir les maires dans leur mise en \u0153uvre de la D\u00e9claration des Maires de Gen\u00e8ve.<\/p>\n<p><\/p>\n<p><a href=\"https:\/\/www.genevacitieshub.org\/wp-content\/uploads\/2021\/09\/MAP-Infographic.pdf\">Pour en savoir plus sur la fa\u00e7on dont le MAP <\/a>fonctionne.<\/p>\n<p><\/p>\n<p><\/p>\n<p>Lire l'article du City Diplomacy Lab : <a href=\"https:\/\/www.citydiplomacylab.net\/?p=243\" target=\"_blank\" rel=\"noreferrer noopener\">La plate-forme d'action des maires : un nouvel instrument de gouvernance urbaine<\/a><\/p>\n<p><\/p>\n<figure class=\"wp-block-gallery has-nested-images columns-default is-cropped wp-block-gallery-2 is-layout-flex wp-block-gallery-is-layout-flex\">\n<p>\u00a0<\/p>\n<figure class=\"wp-block-image size-large\"><img fetchpriority=\"high\" decoding=\"async\" width=\"721\" height=\"1024\" data-id=\"13384\" class=\"wp-image-13384\" src=\"https:\/\/www.genevacitieshub.org\/wp-content\/uploads\/2021\/09\/1Flyer-721x1024.png\" alt=\"\" \/><\/figure>\n<p><\/p>\n<figure class=\"wp-block-image size-large\"><img decoding=\"async\" width=\"721\" height=\"1024\" data-id=\"13385\" class=\"wp-image-13385\" src=\"https:\/\/www.genevacitieshub.org\/wp-content\/uploads\/2021\/09\/2Flyer-721x1024.png\" alt=\"\" \/><\/figure>\n<p><\/p>\n<\/figure>\n<p><\/p>\n<p><\/p>\n<p><\/p>\t\t\t\t\t\t\t\t<\/div>\n\t\t\t\t<\/div>\n\t\t\t\t\t<\/div>\n\t\t<\/div>\n\t\t\t\t\t<\/div>\n\t\t<\/section>\n\t\t\t\t<\/div>","protected":false},"excerpt":{"rendered":"<p>Vous \u00eates maire ou membre du personnel municipal ? La plateforme d'action des maires a \u00e9t\u00e9 cr\u00e9\u00e9e pour vous ! Cliquez ici pour rejoindre la communaut\u00e9. Le Geneva Cities Hub a lanc\u00e9 la Plate-forme d'action des maires (MAP). Cr\u00e9\u00e9e sous les auspices de l'UNECE et de l'UN-HABITAT, cette initiative a \u00e9t\u00e9 cr\u00e9\u00e9e pour donner suite \u00e0 la D\u00e9claration des Maires de Gen\u00e8ve. Les objectifs ... <\/p>","protected":false},"author":1,"featured_media":0,"parent":0,"menu_order":0,"comment_status":"closed","ping_status":"closed","template":"","meta":{"_monsterinsights_skip_tracking":false,"_monsterinsights_sitenote_active":false,"_monsterinsights_sitenote_note":"","_monsterinsights_sitenote_category":0,"footnotes":""},"class_list":["post-14017","page","type-page","status-publish","hentry"],"yoast_head":"<!-- This site is optimized with the Yoast SEO plugin v27.5 - https:\/\/yoast.com\/product\/yoast-seo-wordpress\/ -->\n<title>JOIN THE MAYORS&#039; ACTION PLATFORM! - Global Cities Hub<\/title>\n<meta name=\"description\" content=\"Are you a Mayor or a municipal employee? The Geneva Cities Hub created the Mayors&#039; Action Platform for you!\" \/>\n<meta name=\"robots\" content=\"index, follow, max-snippet:-1, max-image-preview:large, max-video-preview:-1\" \/>\n<link rel=\"canonical\" href=\"https:\/\/globalcitieshub.org\/fr\/join-the-mayors-action-platform\/\" \/>\n<meta property=\"og:locale\" content=\"fr_FR\" \/>\n<meta property=\"og:type\" content=\"article\" \/>\n<meta property=\"og:title\" content=\"JOIN THE MAYORS&#039; ACTION PLATFORM! - Global Cities Hub\" \/>\n<meta property=\"og:description\" content=\"Are you a Mayor or a municipal employee? The Geneva Cities Hub created the Mayors&#039; Action Platform for you!\" \/>\n<meta property=\"og:url\" content=\"https:\/\/globalcitieshub.org\/fr\/join-the-mayors-action-platform\/\" \/>\n<meta property=\"og:site_name\" content=\"Global Cities Hub\" \/>\n<meta property=\"article:modified_time\" content=\"2022-08-16T07:00:19+00:00\" \/>\n<meta property=\"og:image\" content=\"https:\/\/www.genevacitieshub.org\/wp-content\/uploads\/2021\/09\/1Flyer-721x1024.png\" \/>\n<meta name=\"twitter:card\" content=\"summary_large_image\" \/>\n<meta name=\"twitter:site\" content=\"@genevacitieshub\" \/>\n<meta name=\"twitter:label1\" content=\"Dur\u00e9e de lecture estim\u00e9e\" \/>\n\t<meta name=\"twitter:data1\" content=\"2 minutes\" \/>\n<script type=\"application\/ld+json\" class=\"yoast-schema-graph\">{\"@context\":\"https:\\\/\\\/schema.org\",\"@graph\":[{\"@type\":\"WebPage\",\"@id\":\"https:\\\/\\\/globalcitieshub.org\\\/fr\\\/join-the-mayors-action-platform\\\/\",\"url\":\"https:\\\/\\\/globalcitieshub.org\\\/fr\\\/join-the-mayors-action-platform\\\/\",\"name\":\"JOIN THE MAYORS' ACTION PLATFORM! - Global Cities Hub\",\"isPartOf\":{\"@id\":\"https:\\\/\\\/globalcitieshub.org\\\/fr\\\/#website\"},\"primaryImageOfPage\":{\"@id\":\"https:\\\/\\\/globalcitieshub.org\\\/fr\\\/join-the-mayors-action-platform\\\/#primaryimage\"},\"image\":{\"@id\":\"https:\\\/\\\/globalcitieshub.org\\\/fr\\\/join-the-mayors-action-platform\\\/#primaryimage\"},\"thumbnailUrl\":\"https:\\\/\\\/www.genevacitieshub.org\\\/wp-content\\\/uploads\\\/2021\\\/09\\\/1Flyer-721x1024.png\",\"datePublished\":\"2021-12-06T15:46:49+00:00\",\"dateModified\":\"2022-08-16T07:00:19+00:00\",\"description\":\"Are you a Mayor or a municipal employee? The Geneva Cities Hub created the Mayors' Action Platform for you!\",\"inLanguage\":\"fr-FR\",\"potentialAction\":[{\"@type\":\"ReadAction\",\"target\":[\"https:\\\/\\\/globalcitieshub.org\\\/fr\\\/join-the-mayors-action-platform\\\/\"]}]},{\"@type\":\"ImageObject\",\"inLanguage\":\"fr-FR\",\"@id\":\"https:\\\/\\\/globalcitieshub.org\\\/fr\\\/join-the-mayors-action-platform\\\/#primaryimage\",\"url\":\"https:\\\/\\\/www.genevacitieshub.org\\\/wp-content\\\/uploads\\\/2021\\\/09\\\/1Flyer-721x1024.png\",\"contentUrl\":\"https:\\\/\\\/www.genevacitieshub.org\\\/wp-content\\\/uploads\\\/2021\\\/09\\\/1Flyer-721x1024.png\"},{\"@type\":\"WebSite\",\"@id\":\"https:\\\/\\\/globalcitieshub.org\\\/fr\\\/#website\",\"url\":\"https:\\\/\\\/globalcitieshub.org\\\/fr\\\/\",\"name\":\"Global Cities Hub\",\"description\":\"Connecting local and regional governments to the United Nations and other  international organizations\",\"publisher\":{\"@id\":\"https:\\\/\\\/globalcitieshub.org\\\/fr\\\/#organization\"},\"potentialAction\":[{\"@type\":\"SearchAction\",\"target\":{\"@type\":\"EntryPoint\",\"urlTemplate\":\"https:\\\/\\\/globalcitieshub.org\\\/fr\\\/?s={search_term_string}\"},\"query-input\":{\"@type\":\"PropertyValueSpecification\",\"valueRequired\":true,\"valueName\":\"search_term_string\"}}],\"inLanguage\":\"fr-FR\"},{\"@type\":\"Organization\",\"@id\":\"https:\\\/\\\/globalcitieshub.org\\\/fr\\\/#organization\",\"name\":\"Global Cities Hub\",\"url\":\"https:\\\/\\\/globalcitieshub.org\\\/fr\\\/\",\"logo\":{\"@type\":\"ImageObject\",\"inLanguage\":\"fr-FR\",\"@id\":\"https:\\\/\\\/globalcitieshub.org\\\/fr\\\/#\\\/schema\\\/logo\\\/image\\\/\",\"url\":\"https:\\\/\\\/globalcitieshub.org\\\/wp-content\\\/uploads\\\/2023\\\/09\\\/230829_Logo_Global_Cities_Hub_Couleur_fond-blanc_RVB.png\",\"contentUrl\":\"https:\\\/\\\/globalcitieshub.org\\\/wp-content\\\/uploads\\\/2023\\\/09\\\/230829_Logo_Global_Cities_Hub_Couleur_fond-blanc_RVB.png\",\"width\":2544,\"height\":1446,\"caption\":\"Global Cities Hub\"},\"image\":{\"@id\":\"https:\\\/\\\/globalcitieshub.org\\\/fr\\\/#\\\/schema\\\/logo\\\/image\\\/\"},\"sameAs\":[\"https:\\\/\\\/x.com\\\/genevacitieshub\"]}]}<\/script>\n<!-- \/ Yoast SEO plugin. -->","yoast_head_json":{"title":"REJOIGNEZ LA PLATEFORME D'ACTION DES MAIRES ! - Hub des villes mondiales","description":"Vous \u00eates maire ou employ\u00e9 municipal ? Le Hub des Villes de Gen\u00e8ve a cr\u00e9\u00e9 la Plateforme d'action des maires pour vous !","robots":{"index":"index","follow":"follow","max-snippet":"max-snippet:-1","max-image-preview":"max-image-preview:large","max-video-preview":"max-video-preview:-1"},"canonical":"https:\/\/globalcitieshub.org\/fr\/join-the-mayors-action-platform\/","og_locale":"fr_FR","og_type":"article","og_title":"JOIN THE MAYORS' ACTION PLATFORM! - Global Cities Hub","og_description":"Are you a Mayor or a municipal employee? The Geneva Cities Hub created the Mayors' Action Platform for you!","og_url":"https:\/\/globalcitieshub.org\/fr\/join-the-mayors-action-platform\/","og_site_name":"Global Cities Hub","article_modified_time":"2022-08-16T07:00:19+00:00","og_image":[{"url":"https:\/\/www.genevacitieshub.org\/wp-content\/uploads\/2021\/09\/1Flyer-721x1024.png","type":"","width":"","height":""}],"twitter_card":"summary_large_image","twitter_site":"@genevacitieshub","twitter_misc":{"Dur\u00e9e de lecture estim\u00e9e":"2 minutes"},"schema":{"@context":"https:\/\/schema.org","@graph":[{"@type":"WebPage","@id":"https:\/\/globalcitieshub.org\/fr\/join-the-mayors-action-platform\/","url":"https:\/\/globalcitieshub.org\/fr\/join-the-mayors-action-platform\/","name":"REJOIGNEZ LA PLATEFORME D'ACTION DES MAIRES ! - Hub des villes mondiales","isPartOf":{"@id":"https:\/\/globalcitieshub.org\/fr\/#website"},"primaryImageOfPage":{"@id":"https:\/\/globalcitieshub.org\/fr\/join-the-mayors-action-platform\/#primaryimage"},"image":{"@id":"https:\/\/globalcitieshub.org\/fr\/join-the-mayors-action-platform\/#primaryimage"},"thumbnailUrl":"https:\/\/www.genevacitieshub.org\/wp-content\/uploads\/2021\/09\/1Flyer-721x1024.png","datePublished":"2021-12-06T15:46:49+00:00","dateModified":"2022-08-16T07:00:19+00:00","description":"Vous \u00eates maire ou employ\u00e9 municipal ? Le Hub des Villes de Gen\u00e8ve a cr\u00e9\u00e9 la Plateforme d'action des maires pour vous !","inLanguage":"fr-FR","potentialAction":[{"@type":"ReadAction","target":["https:\/\/globalcitieshub.org\/fr\/join-the-mayors-action-platform\/"]}]},{"@type":"ImageObject","inLanguage":"fr-FR","@id":"https:\/\/globalcitieshub.org\/fr\/join-the-mayors-action-platform\/#primaryimage","url":"https:\/\/www.genevacitieshub.org\/wp-content\/uploads\/2021\/09\/1Flyer-721x1024.png","contentUrl":"https:\/\/www.genevacitieshub.org\/wp-content\/uploads\/2021\/09\/1Flyer-721x1024.png"},{"@type":"WebSite","@id":"https:\/\/globalcitieshub.org\/fr\/#website","url":"https:\/\/globalcitieshub.org\/fr\/","name":"Global Cities Hub","description":"Relier les gouvernements locaux et r\u00e9gionaux aux Nations unies et \u00e0 d'autres organisations internationales","publisher":{"@id":"https:\/\/globalcitieshub.org\/fr\/#organization"},"potentialAction":[{"@type":"SearchAction","target":{"@type":"EntryPoint","urlTemplate":"https:\/\/globalcitieshub.org\/fr\/?s={search_term_string}"},"query-input":{"@type":"PropertyValueSpecification","valueRequired":true,"valueName":"search_term_string"}}],"inLanguage":"fr-FR"},{"@type":"Organization","@id":"https:\/\/globalcitieshub.org\/fr\/#organization","name":"Global Cities Hub","url":"https:\/\/globalcitieshub.org\/fr\/","logo":{"@type":"ImageObject","inLanguage":"fr-FR","@id":"https:\/\/globalcitieshub.org\/fr\/#\/schema\/logo\/image\/","url":"https:\/\/globalcitieshub.org\/wp-content\/uploads\/2023\/09\/230829_Logo_Global_Cities_Hub_Couleur_fond-blanc_RVB.png","contentUrl":"https:\/\/globalcitieshub.org\/wp-content\/uploads\/2023\/09\/230829_Logo_Global_Cities_Hub_Couleur_fond-blanc_RVB.png","width":2544,"height":1446,"caption":"Global Cities Hub"},"image":{"@id":"https:\/\/globalcitieshub.org\/fr\/#\/schema\/logo\/image\/"},"sameAs":["https:\/\/x.com\/genevacitieshub"]}]}},"_links":{"self":[{"href":"https:\/\/globalcitieshub.org\/fr\/wp-json\/wp\/v2\/pages\/14017","targetHints":{"allow":["GET"]}}],"collection":[{"href":"https:\/\/globalcitieshub.org\/fr\/wp-json\/wp\/v2\/pages"}],"about":[{"href":"https:\/\/globalcitieshub.org\/fr\/wp-json\/wp\/v2\/types\/page"}],"author":[{"embeddable":true,"href":"https:\/\/globalcitieshub.org\/fr\/wp-json\/wp\/v2\/users\/1"}],"replies":[{"embeddable":true,"href":"https:\/\/globalcitieshub.org\/fr\/wp-json\/wp\/v2\/comments?post=14017"}],"version-history":[{"count":14,"href":"https:\/\/globalcitieshub.org\/fr\/wp-json\/wp\/v2\/pages\/14017\/revisions"}],"predecessor-version":[{"id":17461,"href":"https:\/\/globalcitieshub.org\/fr\/wp-json\/wp\/v2\/pages\/14017\/revisions\/17461"}],"wp:attachment":[{"href":"https:\/\/globalcitieshub.org\/fr\/wp-json\/wp\/v2\/media?parent=14017"}],"curies":[{"name":"wp","href":"https:\/\/api.w.org\/{rel}","templated":true}]}}