{"id":13709,"date":"2021-11-24T11:15:47","date_gmt":"2021-11-24T10:15:47","guid":{"rendered":"https:\/\/www.genevacitieshub.org\/?page_id=13709"},"modified":"2026-03-13T13:08:14","modified_gmt":"2026-03-13T12:08:14","slug":"what-we-do-2","status":"publish","type":"page","link":"https:\/\/globalcitieshub.org\/fr\/what-we-do\/","title":{"rendered":"Vision et mission"},"content":{"rendered":"<div data-elementor-type=\"wp-page\" data-elementor-id=\"13709\" class=\"elementor elementor-13709\">\n\t\t\t\t\t\t<section class=\"elementor-section elementor-top-section elementor-element elementor-element-c327946 elementor-section-boxed elementor-section-height-default elementor-section-height-default\" data-id=\"c327946\" data-element_type=\"section\" data-e-type=\"section\">\n\t\t\t\t\t\t<div class=\"elementor-container elementor-column-gap-default\">\n\t\t\t\t\t<div class=\"elementor-column elementor-col-100 elementor-top-column elementor-element elementor-element-68bf0ab\" data-id=\"68bf0ab\" data-element_type=\"column\" data-e-type=\"column\">\n\t\t\t<div class=\"elementor-widget-wrap elementor-element-populated\">\n\t\t\t\t\t\t<div class=\"elementor-element elementor-element-8005bde elementor-widget elementor-widget-video\" data-id=\"8005bde\" data-element_type=\"widget\" data-e-type=\"widget\" data-settings=\"{&quot;youtube_url&quot;:&quot;https:\\\/\\\/youtu.be\\\/QJscQPQvRw4?si=cnV7J1Ywvb06aJOn&quot;,&quot;autoplay&quot;:&quot;yes&quot;,&quot;video_type&quot;:&quot;youtube&quot;,&quot;controls&quot;:&quot;yes&quot;}\" data-widget_type=\"video.default\">\n\t\t\t\t<div class=\"elementor-widget-container\">\n\t\t\t\t\t\t\t<div class=\"elementor-wrapper elementor-open-inline\">\n\t\t\t<div class=\"elementor-video\"><\/div>\t\t<\/div>\n\t\t\t\t\t\t<\/div>\n\t\t\t\t<\/div>\n\t\t\t\t\t<\/div>\n\t\t<\/div>\n\t\t\t\t\t<\/div>\n\t\t<\/section>\n\t\t\t\t<section class=\"elementor-section elementor-top-section elementor-element elementor-element-390cd44 elementor-section-boxed elementor-section-height-default elementor-section-height-default\" data-id=\"390cd44\" data-element_type=\"section\" data-e-type=\"section\">\n\t\t\t\t\t\t<div class=\"elementor-container elementor-column-gap-default\">\n\t\t\t\t\t<div class=\"elementor-column elementor-col-100 elementor-top-column elementor-element elementor-element-bffa8dc\" data-id=\"bffa8dc\" data-element_type=\"column\" data-e-type=\"column\">\n\t\t\t<div class=\"elementor-widget-wrap elementor-element-populated\">\n\t\t\t\t\t\t<div class=\"elementor-element elementor-element-8859533 elementor-widget elementor-widget-text-editor\" data-id=\"8859533\" data-element_type=\"widget\" data-e-type=\"widget\" data-widget_type=\"text-editor.default\">\n\t\t\t\t<div class=\"elementor-widget-container\">\n\t\t\t\t\t\t\t\t\t<p><strong>\u00a0<\/strong><\/p><p><strong>Le Global Cities Hub (GCH) connecte les gouvernements locaux et r\u00e9gionaux (GLR) \u00e0 l'\u00e9cosyst\u00e8me de la Gen\u00e8ve internationale<\/strong>, qui comprend l'Organisation des Nations unies (ONU), d'autres organisations internationales, les \u00c9tats et un large \u00e9ventail d'acteurs internationaux du monde universitaire et de la soci\u00e9t\u00e9 civile.<\/p><p>Le GCH envisage un monde dans lequel les GLR sont reconnus comme des acteurs \u00e0 part enti\u00e8re de la gouvernance multilat\u00e9rale qui renforcent son efficacit\u00e9 globale pour r\u00e9pondre aux d\u00e9fis mondiaux.<\/p><p>\u00a0<\/p><p>Le <strong>mission du GCH<\/strong> est double :<\/p><ul><li><span lang=\"EN-GB\" style=\"text-indent: -24px; color: #000000;\">contribuer \u00e0 un multilat\u00e9ralisme plus inclusif et plus efficace, en renfor\u00e7ant l'influence des GLR dans les processus multilat\u00e9raux bas\u00e9s \u00e0 Gen\u00e8ve ;<\/span><\/li><li><span style=\"text-indent: -24px;\"><span style=\"color: #000000;\">promouvoir les th\u00e8mes urbains au sein de la Gen\u00e8ve internationale, en leur offrant un espace de discussion propre.<\/span>\u00a0<\/span><\/li><\/ul><p><span style=\"text-indent: -24px;\">\u00a0<\/span><strong>3 objectifs principaux <\/strong>sont au c\u0153ur du travail du GCH :<\/p><ul><li><span style=\"color: #000000;\">devenir la principale plateforme de diplomatie urbaine internationale ;<\/span><\/li><li><span style=\"color: #000000;\">accro\u00eetre l'influence des GLR au niveau international ;<\/span><\/li><li><span style=\"color: #000000;\">identifier les futures tendances internationales qui impactent les villes.<\/span><\/li><\/ul><p><strong>Pour atteindre ces objectifs<\/strong>, le GCH m\u00e8ne les activit\u00e9s suivantes :<\/p><ul><li><span style=\"color: #000000;\"><em>R\u00e9unir<\/em> afin de promouvoir le d\u00e9veloppement d'un multilat\u00e9ralisme plus inclusif et plus efficace et de sensibiliser \u00e0 la dimension urbaine des d\u00e9fis mondiaux ;<\/span><\/li><li><span style=\"color: #000000;\"><em>Connecter<\/em> les GRL et les r\u00e9seaux de villes \u00e0 la communaut\u00e9 internationale. Pour ce faire, le GCH identifie les points d'entr\u00e9e dans les processus multilat\u00e9raux o\u00f9 les GRL peuvent contribuer et fournit des conseils politiques \u00e0 cet effet ;<\/span><\/li><li><span style=\"color: #000000;\"><em>Promouvoir<\/em> le r\u00f4le et les perspectives des GRL dans les processus multilat\u00e9raux, en encourageant les \u00c9tats \u00e0 mieux reconna\u00eetre les GRL et \u00e0 formaliser leur participation au niveau international ;<\/span><\/li><li><span style=\"color: #000000;\">Renforcer <em>les capacit\u00e9s<\/em> des GLR, en fournissant des informations sur des sujets et des acteurs urbains cl\u00e9s. Le GCH s'acquitte de cette t\u00e2che par le biais de sa<\/span> <a href=\"https:\/\/globalcitieshub.org\/fr\/mapping\/\">Cartographie<\/a> <span style=\"color: #000000;\">et de son<\/span> <a href=\"https:\/\/globalcitieshub.org\/fr\/city-networks-directory\/\">Annuaire des r\u00e9seaux internationaux de villes internationaux<\/a><span style=\"color: #000000;\">, ainsi qu\u2019au travers de son<\/span> <a href=\"https:\/\/globalcitieshub.org\/fr\/publications\/\">travail d'analyse<\/a> <span style=\"color: #000000;\">et son vaste r\u00e9seau de contacts au sein de la Gen\u00e8ve internationale.<\/span><\/li><\/ul><p>En termes d' <strong>engagement th\u00e9matique<\/strong>Le GCH se concentre sur la dimension locale de sujets sp\u00e9cifiques, notamment les droits de l'homme, la sant\u00e9 urbaine, l'environnement et le changement climatique, le d\u00e9veloppement urbain durable et les villes intelligentes. Ce faisant, le GCH s'engage aupr\u00e8s d'organismes multilat\u00e9raux s\u00e9lectionn\u00e9s, tels que le Forum des maires des Nations unies, le Conseil des droits de l'homme des Nations unies ou l'Assembl\u00e9e des Nations unies pour l'environnement.<\/p><p>En prenant part \u00e0 diverses initiatives multilat\u00e9rales et en \u00e9tablissant des partenariats et des alliances efficaces, le GCH jette les bases qui lui permettront d'atteindre son objectif \u00e0 long terme : un r\u00f4le sp\u00e9cifique pour les GLR dans le multilat\u00e9ralisme, y compris un nouveau statut leur permettant de directement prendre part aux travaux de l\u2019ONU.<\/p>\t\t\t\t\t\t\t\t<\/div>\n\t\t\t\t<\/div>\n\t\t\t\t\t<\/div>\n\t\t<\/div>\n\t\t\t\t\t<\/div>\n\t\t<\/section>\n\t\t\t\t<\/div>","protected":false},"excerpt":{"rendered":"<p>https:\/\/youtu.be\/QJscQPQvRw4?si=cnV7J1Ywvb06aJOn Le Global Cities Hub (GCH) relie les villes et les gouvernements locaux et r\u00e9gionaux (LRG) \u00e0 l'\u00e9cosyst\u00e8me de la Gen\u00e8ve internationale, qui comprend l'Organisation des Nations Unies (ONU), d'autres organisations internationales, des repr\u00e9sentants des \u00c9tats et un large \u00e9ventail d'acteurs universitaires et de la soci\u00e9t\u00e9 civile. Le GCH envisage un monde dans lequel les gouvernements locaux et r\u00e9gionaux sont reconnus comme des acteurs \u00e0 part enti\u00e8re ... <\/p>","protected":false},"author":1,"featured_media":11249,"parent":0,"menu_order":0,"comment_status":"closed","ping_status":"closed","template":"page-fullwidth.php","meta":{"_monsterinsights_skip_tracking":false,"_monsterinsights_sitenote_active":false,"_monsterinsights_sitenote_note":"","_monsterinsights_sitenote_category":0,"footnotes":""},"class_list":["post-13709","page","type-page","status-publish","has-post-thumbnail","hentry"],"yoast_head":"<!-- This site is optimized with the Yoast SEO plugin v27.4 - https:\/\/yoast.com\/product\/yoast-seo-wordpress\/ -->\n<title>What we do - Global Cities Hub<\/title>\n<meta name=\"robots\" content=\"index, follow, max-snippet:-1, max-image-preview:large, max-video-preview:-1\" \/>\n<link rel=\"canonical\" href=\"https:\/\/globalcitieshub.org\/fr\/what-we-do\/\" \/>\n<meta property=\"og:locale\" content=\"fr_FR\" \/>\n<meta property=\"og:type\" content=\"article\" \/>\n<meta property=\"og:title\" content=\"What we do - Global Cities Hub\" \/>\n<meta property=\"og:description\" content=\"https:\/\/youtu.be\/QJscQPQvRw4?si=cnV7J1Ywvb06aJOn \u00a0 The Global Cities Hub (GCH) connects cities and local and regional governments (LRGs) to International Geneva\u2019s ecosystem, which includes the United Nations (UN), other international organizations, representatives of States, and a wide range of academic and civil society actors. The GCH envisages a world in which LRGs are recognized as full-fledged actors in &hellip;\" \/>\n<meta property=\"og:url\" content=\"https:\/\/globalcitieshub.org\/fr\/what-we-do\/\" \/>\n<meta property=\"og:site_name\" content=\"Global Cities Hub\" \/>\n<meta property=\"article:modified_time\" content=\"2026-03-13T12:08:14+00:00\" \/>\n<meta property=\"og:image\" content=\"https:\/\/globalcitieshub.org\/wp-content\/uploads\/2021\/04\/What-we-do.png\" \/>\n\t<meta property=\"og:image:width\" content=\"1905\" \/>\n\t<meta property=\"og:image:height\" content=\"500\" \/>\n\t<meta property=\"og:image:type\" content=\"image\/png\" \/>\n<meta name=\"twitter:card\" content=\"summary_large_image\" \/>\n<meta name=\"twitter:site\" content=\"@genevacitieshub\" \/>\n<meta name=\"twitter:label1\" content=\"Dur\u00e9e de lecture estim\u00e9e\" \/>\n\t<meta name=\"twitter:data1\" content=\"2 minutes\" \/>\n<script type=\"application\/ld+json\" class=\"yoast-schema-graph\">{\"@context\":\"https:\\\/\\\/schema.org\",\"@graph\":[{\"@type\":\"WebPage\",\"@id\":\"https:\\\/\\\/globalcitieshub.org\\\/fr\\\/what-we-do\\\/\",\"url\":\"https:\\\/\\\/globalcitieshub.org\\\/fr\\\/what-we-do\\\/\",\"name\":\"What we do - Global Cities Hub\",\"isPartOf\":{\"@id\":\"https:\\\/\\\/globalcitieshub.org\\\/fr\\\/#website\"},\"primaryImageOfPage\":{\"@id\":\"https:\\\/\\\/globalcitieshub.org\\\/fr\\\/what-we-do\\\/#primaryimage\"},\"image\":{\"@id\":\"https:\\\/\\\/globalcitieshub.org\\\/fr\\\/what-we-do\\\/#primaryimage\"},\"thumbnailUrl\":\"https:\\\/\\\/globalcitieshub.org\\\/wp-content\\\/uploads\\\/2021\\\/04\\\/What-we-do.png\",\"datePublished\":\"2021-11-24T10:15:47+00:00\",\"dateModified\":\"2026-03-13T12:08:14+00:00\",\"inLanguage\":\"fr-FR\",\"potentialAction\":[{\"@type\":\"ReadAction\",\"target\":[\"https:\\\/\\\/globalcitieshub.org\\\/fr\\\/what-we-do\\\/\"]}]},{\"@type\":\"ImageObject\",\"inLanguage\":\"fr-FR\",\"@id\":\"https:\\\/\\\/globalcitieshub.org\\\/fr\\\/what-we-do\\\/#primaryimage\",\"url\":\"https:\\\/\\\/globalcitieshub.org\\\/wp-content\\\/uploads\\\/2021\\\/04\\\/What-we-do.png\",\"contentUrl\":\"https:\\\/\\\/globalcitieshub.org\\\/wp-content\\\/uploads\\\/2021\\\/04\\\/What-we-do.png\",\"width\":1905,\"height\":500},{\"@type\":\"WebSite\",\"@id\":\"https:\\\/\\\/globalcitieshub.org\\\/fr\\\/#website\",\"url\":\"https:\\\/\\\/globalcitieshub.org\\\/fr\\\/\",\"name\":\"Global Cities Hub\",\"description\":\"Connecting local and regional governments to the United Nations and other  international organizations\",\"publisher\":{\"@id\":\"https:\\\/\\\/globalcitieshub.org\\\/fr\\\/#organization\"},\"potentialAction\":[{\"@type\":\"SearchAction\",\"target\":{\"@type\":\"EntryPoint\",\"urlTemplate\":\"https:\\\/\\\/globalcitieshub.org\\\/fr\\\/?s={search_term_string}\"},\"query-input\":{\"@type\":\"PropertyValueSpecification\",\"valueRequired\":true,\"valueName\":\"search_term_string\"}}],\"inLanguage\":\"fr-FR\"},{\"@type\":\"Organization\",\"@id\":\"https:\\\/\\\/globalcitieshub.org\\\/fr\\\/#organization\",\"name\":\"Global Cities Hub\",\"url\":\"https:\\\/\\\/globalcitieshub.org\\\/fr\\\/\",\"logo\":{\"@type\":\"ImageObject\",\"inLanguage\":\"fr-FR\",\"@id\":\"https:\\\/\\\/globalcitieshub.org\\\/fr\\\/#\\\/schema\\\/logo\\\/image\\\/\",\"url\":\"https:\\\/\\\/globalcitieshub.org\\\/wp-content\\\/uploads\\\/2023\\\/09\\\/230829_Logo_Global_Cities_Hub_Couleur_fond-blanc_RVB.png\",\"contentUrl\":\"https:\\\/\\\/globalcitieshub.org\\\/wp-content\\\/uploads\\\/2023\\\/09\\\/230829_Logo_Global_Cities_Hub_Couleur_fond-blanc_RVB.png\",\"width\":2544,\"height\":1446,\"caption\":\"Global Cities Hub\"},\"image\":{\"@id\":\"https:\\\/\\\/globalcitieshub.org\\\/fr\\\/#\\\/schema\\\/logo\\\/image\\\/\"},\"sameAs\":[\"https:\\\/\\\/x.com\\\/genevacitieshub\"]}]}<\/script>\n<!-- \/ Yoast SEO plugin. -->","yoast_head_json":{"title":"Ce que nous faisons - Global Cities Hub","robots":{"index":"index","follow":"follow","max-snippet":"max-snippet:-1","max-image-preview":"max-image-preview:large","max-video-preview":"max-video-preview:-1"},"canonical":"https:\/\/globalcitieshub.org\/fr\/what-we-do\/","og_locale":"fr_FR","og_type":"article","og_title":"What we do - Global Cities Hub","og_description":"https:\/\/youtu.be\/QJscQPQvRw4?si=cnV7J1Ywvb06aJOn \u00a0 The Global Cities Hub (GCH) connects cities and local and regional governments (LRGs) to International Geneva\u2019s ecosystem, which includes the United Nations (UN), other international organizations, representatives of States, and a wide range of academic and civil society actors. The GCH envisages a world in which LRGs are recognized as full-fledged actors in &hellip;","og_url":"https:\/\/globalcitieshub.org\/fr\/what-we-do\/","og_site_name":"Global Cities Hub","article_modified_time":"2026-03-13T12:08:14+00:00","og_image":[{"width":1905,"height":500,"url":"https:\/\/globalcitieshub.org\/wp-content\/uploads\/2021\/04\/What-we-do.png","type":"image\/png"}],"twitter_card":"summary_large_image","twitter_site":"@genevacitieshub","twitter_misc":{"Dur\u00e9e de lecture estim\u00e9e":"2 minutes"},"schema":{"@context":"https:\/\/schema.org","@graph":[{"@type":"WebPage","@id":"https:\/\/globalcitieshub.org\/fr\/what-we-do\/","url":"https:\/\/globalcitieshub.org\/fr\/what-we-do\/","name":"Ce que nous faisons - Global Cities Hub","isPartOf":{"@id":"https:\/\/globalcitieshub.org\/fr\/#website"},"primaryImageOfPage":{"@id":"https:\/\/globalcitieshub.org\/fr\/what-we-do\/#primaryimage"},"image":{"@id":"https:\/\/globalcitieshub.org\/fr\/what-we-do\/#primaryimage"},"thumbnailUrl":"https:\/\/globalcitieshub.org\/wp-content\/uploads\/2021\/04\/What-we-do.png","datePublished":"2021-11-24T10:15:47+00:00","dateModified":"2026-03-13T12:08:14+00:00","inLanguage":"fr-FR","potentialAction":[{"@type":"ReadAction","target":["https:\/\/globalcitieshub.org\/fr\/what-we-do\/"]}]},{"@type":"ImageObject","inLanguage":"fr-FR","@id":"https:\/\/globalcitieshub.org\/fr\/what-we-do\/#primaryimage","url":"https:\/\/globalcitieshub.org\/wp-content\/uploads\/2021\/04\/What-we-do.png","contentUrl":"https:\/\/globalcitieshub.org\/wp-content\/uploads\/2021\/04\/What-we-do.png","width":1905,"height":500},{"@type":"WebSite","@id":"https:\/\/globalcitieshub.org\/fr\/#website","url":"https:\/\/globalcitieshub.org\/fr\/","name":"Global Cities Hub","description":"Relier les gouvernements locaux et r\u00e9gionaux aux Nations unies et \u00e0 d'autres organisations internationales","publisher":{"@id":"https:\/\/globalcitieshub.org\/fr\/#organization"},"potentialAction":[{"@type":"SearchAction","target":{"@type":"EntryPoint","urlTemplate":"https:\/\/globalcitieshub.org\/fr\/?s={search_term_string}"},"query-input":{"@type":"PropertyValueSpecification","valueRequired":true,"valueName":"search_term_string"}}],"inLanguage":"fr-FR"},{"@type":"Organization","@id":"https:\/\/globalcitieshub.org\/fr\/#organization","name":"Global Cities Hub","url":"https:\/\/globalcitieshub.org\/fr\/","logo":{"@type":"ImageObject","inLanguage":"fr-FR","@id":"https:\/\/globalcitieshub.org\/fr\/#\/schema\/logo\/image\/","url":"https:\/\/globalcitieshub.org\/wp-content\/uploads\/2023\/09\/230829_Logo_Global_Cities_Hub_Couleur_fond-blanc_RVB.png","contentUrl":"https:\/\/globalcitieshub.org\/wp-content\/uploads\/2023\/09\/230829_Logo_Global_Cities_Hub_Couleur_fond-blanc_RVB.png","width":2544,"height":1446,"caption":"Global Cities Hub"},"image":{"@id":"https:\/\/globalcitieshub.org\/fr\/#\/schema\/logo\/image\/"},"sameAs":["https:\/\/x.com\/genevacitieshub"]}]}},"_links":{"self":[{"href":"https:\/\/globalcitieshub.org\/fr\/wp-json\/wp\/v2\/pages\/13709","targetHints":{"allow":["GET"]}}],"collection":[{"href":"https:\/\/globalcitieshub.org\/fr\/wp-json\/wp\/v2\/pages"}],"about":[{"href":"https:\/\/globalcitieshub.org\/fr\/wp-json\/wp\/v2\/types\/page"}],"author":[{"embeddable":true,"href":"https:\/\/globalcitieshub.org\/fr\/wp-json\/wp\/v2\/users\/1"}],"replies":[{"embeddable":true,"href":"https:\/\/globalcitieshub.org\/fr\/wp-json\/wp\/v2\/comments?post=13709"}],"version-history":[{"count":380,"href":"https:\/\/globalcitieshub.org\/fr\/wp-json\/wp\/v2\/pages\/13709\/revisions"}],"predecessor-version":[{"id":27350,"href":"https:\/\/globalcitieshub.org\/fr\/wp-json\/wp\/v2\/pages\/13709\/revisions\/27350"}],"wp:featuredmedia":[{"embeddable":true,"href":"https:\/\/globalcitieshub.org\/fr\/wp-json\/wp\/v2\/media\/11249"}],"wp:attachment":[{"href":"https:\/\/globalcitieshub.org\/fr\/wp-json\/wp\/v2\/media?parent=13709"}],"curies":[{"name":"wp","href":"https:\/\/api.w.org\/{rel}","templated":true}]}}