{"id":12515,"date":"2021-06-24T06:43:26","date_gmt":"2021-06-24T06:43:26","guid":{"rendered":"https:\/\/www.genevacitieshub.org\/?page_id=12515"},"modified":"2021-07-06T06:59:43","modified_gmt":"2021-07-06T06:59:43","slug":"unece","status":"publish","type":"page","link":"https:\/\/globalcitieshub.org\/fr\/about-unece\/","title":{"rendered":"CEE-ONU"},"content":{"rendered":"<div data-elementor-type=\"wp-page\" data-elementor-id=\"12515\" class=\"elementor elementor-12515\">\n\t\t\t\t\t\t<section class=\"elementor-section elementor-top-section elementor-element elementor-element-76114b5 elementor-section-boxed elementor-section-height-default elementor-section-height-default\" data-id=\"76114b5\" data-element_type=\"section\" data-e-type=\"section\">\n\t\t\t\t\t\t<div class=\"elementor-container elementor-column-gap-default\">\n\t\t\t\t\t<div class=\"elementor-column elementor-col-100 elementor-top-column elementor-element elementor-element-ac9b7f3\" data-id=\"ac9b7f3\" data-element_type=\"column\" data-e-type=\"column\">\n\t\t\t<div class=\"elementor-widget-wrap elementor-element-populated\">\n\t\t\t\t\t\t<div class=\"elementor-element elementor-element-4eef491 elementor-widget elementor-widget-image\" data-id=\"4eef491\" data-element_type=\"widget\" data-e-type=\"widget\" data-widget_type=\"image.default\">\n\t\t\t\t<div class=\"elementor-widget-container\">\n\t\t\t\t\t\t\t\t\t\t\t\t\t\t\t<img width=\"300\" height=\"107\" class=\"attachment-medium size-medium wp-image-12516 lazy\" alt=\"\" data-src=\"https:\/\/globalcitieshub.org\/wp-content\/uploads\/2021\/06\/unece-e1723640413889-300x107.png\" data-lazy=\"https:\/\/globalcitieshub.org\/wp-content\/uploads\/2021\/06\/unece-e1723640413889-300x107.png\" \/>\t\t\t\t\t\t\t\t\t\t\t\t\t\t\t<\/div>\n\t\t\t\t<\/div>\n\t\t\t\t<div class=\"elementor-element elementor-element-ebf3447 elementor-widget elementor-widget-heading\" data-id=\"ebf3447\" data-element_type=\"widget\" data-e-type=\"widget\" data-widget_type=\"heading.default\">\n\t\t\t\t<div class=\"elementor-widget-container\">\n\t\t\t\t\t<h1 class=\"elementor-heading-title elementor-size-default\">CEE-ONU<\/h1>\t\t\t\t<\/div>\n\t\t\t\t<\/div>\n\t\t\t\t<div class=\"elementor-element elementor-element-400c7e8 elementor-widget elementor-widget-button\" data-id=\"400c7e8\" data-element_type=\"widget\" data-e-type=\"widget\" data-widget_type=\"button.default\">\n\t\t\t\t<div class=\"elementor-widget-container\">\n\t\t\t\t\t\t\t\t\t<div class=\"elementor-button-wrapper\">\n\t\t\t\t\t<a class=\"elementor-button elementor-button-link elementor-size-sm\" href=\"https:\/\/unece.org\/\" target=\"_blank\">\n\t\t\t\t\t\t<span class=\"elementor-button-content-wrapper\">\n\t\t\t\t\t\t\t\t\t<span class=\"elementor-button-text\">Site web de la CEE-ONU<\/span>\n\t\t\t\t\t<\/span>\n\t\t\t\t\t<\/a>\n\t\t\t\t<\/div>\n\t\t\t\t\t\t\t\t<\/div>\n\t\t\t\t<\/div>\n\t\t\t\t<div class=\"elementor-element elementor-element-b29043d elementor-widget elementor-widget-spacer\" data-id=\"b29043d\" data-element_type=\"widget\" data-e-type=\"widget\" data-widget_type=\"spacer.default\">\n\t\t\t\t<div class=\"elementor-widget-container\">\n\t\t\t\t\t\t\t<div class=\"elementor-spacer\">\n\t\t\t<div class=\"elementor-spacer-inner\"><\/div>\n\t\t<\/div>\n\t\t\t\t\t\t<\/div>\n\t\t\t\t<\/div>\n\t\t\t\t<div class=\"elementor-element elementor-element-6e10316 elementor-widget elementor-widget-text-editor\" data-id=\"6e10316\" data-element_type=\"widget\" data-e-type=\"widget\" data-widget_type=\"text-editor.default\">\n\t\t\t\t<div class=\"elementor-widget-container\">\n\t\t\t\t\t\t\t\t\t<div>La Commission Economique des Nations Unies pour l'Europe (CEE-ONU) vise \u00e0 promouvoir l'int\u00e9gration \u00e9conomique paneurop\u00e9enne.<br \/><br \/><\/div><p>Elle organise le Forum des maires pour permettre aux dirigeants locaux de la r\u00e9gion europ\u00e9enne d'\u00e9changer leurs bonnes pratiques et leurs exp\u00e9riences.\u00a0<\/p><p>\u00a0<\/p><p>\u00a0<\/p>\t\t\t\t\t\t\t\t<\/div>\n\t\t\t\t<\/div>\n\t\t\t\t<div class=\"elementor-element elementor-element-85e3bdf elementor-widget elementor-widget-text-editor\" data-id=\"85e3bdf\" data-element_type=\"widget\" data-e-type=\"widget\" data-widget_type=\"text-editor.default\">\n\t\t\t\t<div class=\"elementor-widget-container\">\n\t\t\t\t\t\t\t\t\t<h3><strong><span style=\"color: #000000;\">En tant que partenaire de\u00a0<\/span><a href=\"https:\/\/www.genevacitieshub.org\/en\/post-covid-economic-financial-recovery-what-about-the-city\/\">Reprise \u00e9conomique et financi\u00e8re post-Covid : Qu'en est-il de la ville ?<\/a><\/strong><\/h3>\t\t\t\t\t\t\t\t<\/div>\n\t\t\t\t<\/div>\n\t\t\t\t<div class=\"elementor-element elementor-element-cc33430 elementor-widget elementor-widget-text-editor\" data-id=\"cc33430\" data-element_type=\"widget\" data-e-type=\"widget\" data-widget_type=\"text-editor.default\">\n\t\t\t\t<div class=\"elementor-widget-container\">\n\t\t\t\t\t\t\t\t\t<div>&nbsp;<\/div>\n<div>&nbsp;<\/div>\n<p><ul><li><span style=\"color: #000000;\">La CEE-ONU a introduit&nbsp;<b>M. Maksatbek Sazykulov<\/b>, Vice-maire de la ville de Bishkek, Kirghizstan.<\/span><\/li><\/ul><\/p>\t\t\t\t\t\t\t\t<\/div>\n\t\t\t\t<\/div>\n\t\t\t\t<div class=\"elementor-element elementor-element-902abf1 elementor-widget elementor-widget-text-editor\" data-id=\"902abf1\" data-element_type=\"widget\" data-e-type=\"widget\" data-widget_type=\"text-editor.default\">\n\t\t\t\t<div class=\"elementor-widget-container\">\n\t\t\t\t\t\t\t\t\t<ul><li><p><span style=\"color: #000000;\"><a href=\"https:\/\/www.genevacitieshub.org\/wp-content\/uploads\/2021\/07\/JUAN-VALLE-ROBLES-Geneva-City-Hub-UNECE-UNDA-Rapid-Response-Project-rev.-JVR-5-slides-3-minutes-28.06.2021.pptx\" target=\"_blank\" rel=\"noopener\"><strong>Projet de r\u00e9ponse rapide UNECE UNDA<\/strong><\/a>, 2021<\/span><\/p><\/li><\/ul>\t\t\t\t\t\t\t\t<\/div>\n\t\t\t\t<\/div>\n\t\t\t\t<section class=\"elementor-section elementor-inner-section elementor-element elementor-element-352e81d elementor-section-boxed elementor-section-height-default elementor-section-height-default\" data-id=\"352e81d\" data-element_type=\"section\" data-e-type=\"section\">\n\t\t\t\t\t\t<div class=\"elementor-container elementor-column-gap-default\">\n\t\t\t\t\t<div class=\"elementor-column elementor-col-50 elementor-inner-column elementor-element elementor-element-f145ba1\" data-id=\"f145ba1\" data-element_type=\"column\" data-e-type=\"column\">\n\t\t\t<div class=\"elementor-widget-wrap elementor-element-populated\">\n\t\t\t\t\t\t<div class=\"elementor-element elementor-element-5df9cc9 elementor-align-right elementor-widget elementor-widget-button\" data-id=\"5df9cc9\" data-element_type=\"widget\" data-e-type=\"widget\" data-widget_type=\"button.default\">\n\t\t\t\t<div class=\"elementor-widget-container\">\n\t\t\t\t\t\t\t\t\t<div class=\"elementor-button-wrapper\">\n\t\t\t\t\t<a class=\"elementor-button elementor-button-link elementor-size-sm\" href=\"https:\/\/www.genevacitieshub.org\/en\/city-cancer-challenge\/\">\n\t\t\t\t\t\t<span class=\"elementor-button-content-wrapper\">\n\t\t\t\t\t\t\t\t\t<span class=\"elementor-button-text\">&lt;<\/span>\n\t\t\t\t\t<\/span>\n\t\t\t\t\t<\/a>\n\t\t\t\t<\/div>\n\t\t\t\t\t\t\t\t<\/div>\n\t\t\t\t<\/div>\n\t\t\t\t\t<\/div>\n\t\t<\/div>\n\t\t\t\t<div class=\"elementor-column elementor-col-50 elementor-inner-column elementor-element elementor-element-c920c01\" data-id=\"c920c01\" data-element_type=\"column\" data-e-type=\"column\">\n\t\t\t<div class=\"elementor-widget-wrap elementor-element-populated\">\n\t\t\t\t\t\t<div class=\"elementor-element elementor-element-c983e58 elementor-align-left elementor-widget elementor-widget-button\" data-id=\"c983e58\" data-element_type=\"widget\" data-e-type=\"widget\" data-widget_type=\"button.default\">\n\t\t\t\t<div class=\"elementor-widget-container\">\n\t\t\t\t\t\t\t\t\t<div class=\"elementor-button-wrapper\">\n\t\t\t\t\t<a class=\"elementor-button elementor-button-link elementor-size-sm\" href=\"https:\/\/www.genevacitieshub.org\/en\/about-undrr\/\">\n\t\t\t\t\t\t<span class=\"elementor-button-content-wrapper\">\n\t\t\t\t\t\t\t\t\t<span class=\"elementor-button-text\">&gt;<\/span>\n\t\t\t\t\t<\/span>\n\t\t\t\t\t<\/a>\n\t\t\t\t<\/div>\n\t\t\t\t\t\t\t\t<\/div>\n\t\t\t\t<\/div>\n\t\t\t\t\t<\/div>\n\t\t<\/div>\n\t\t\t\t\t<\/div>\n\t\t<\/section>\n\t\t\t\t\t<\/div>\n\t\t<\/div>\n\t\t\t\t\t<\/div>\n\t\t<\/section>\n\t\t\t\t<\/div>","protected":false},"excerpt":{"rendered":"<p>UNECE Site web de l'UNECE La Commission \u00e9conomique des Nations unies pour l'Europe (UNECE) vise \u00e0 promouvoir l'int\u00e9gration \u00e9conomique paneurop\u00e9enne. Elle organise le Forum des maires pour permettre aux responsables locaux de la r\u00e9gion europ\u00e9enne d'\u00e9changer leurs meilleures pratiques et exp\u00e9riences.      En tant que partenaire du programme \"Post-Covid Economic &amp; Financial Recovery : Qu'en est-il de la ville ?     l'UNECE a pr\u00e9sent\u00e9 M. Maksatbek ... <\/p>","protected":false},"author":1,"featured_media":0,"parent":0,"menu_order":0,"comment_status":"closed","ping_status":"closed","template":"page-fullwidth.php","meta":{"_monsterinsights_skip_tracking":false,"_monsterinsights_sitenote_active":false,"_monsterinsights_sitenote_note":"","_monsterinsights_sitenote_category":0,"footnotes":""},"class_list":["post-12515","page","type-page","status-publish","hentry"],"yoast_head":"<!-- This site is optimized with the Yoast SEO plugin v27.4 - https:\/\/yoast.com\/product\/yoast-seo-wordpress\/ -->\n<title>UNECE - Global Cities Hub<\/title>\n<meta name=\"robots\" content=\"index, follow, max-snippet:-1, max-image-preview:large, max-video-preview:-1\" \/>\n<link rel=\"canonical\" href=\"https:\/\/globalcitieshub.org\/fr\/about-unece\/\" \/>\n<meta property=\"og:locale\" content=\"fr_FR\" \/>\n<meta property=\"og:type\" content=\"article\" \/>\n<meta property=\"og:title\" content=\"UNECE - Global Cities Hub\" \/>\n<meta property=\"og:description\" content=\"UNECE UNECE Website The United Nations Economic Commission for Europe (UNECE)\u00a0aims to promote pan-European economic integration. It organizes the Forum of Mayors to allow the local leaders of the European region to exchange best practices and experiences.\u00a0 \u00a0 \u00a0 As partner for\u00a0Post-Covid Economic &amp; Financial Recovery: What about the City? &nbsp; &nbsp; UNECE introduced&nbsp;Mr Maksatbek &hellip;\" \/>\n<meta property=\"og:url\" content=\"https:\/\/globalcitieshub.org\/fr\/about-unece\/\" \/>\n<meta property=\"og:site_name\" content=\"Global Cities Hub\" \/>\n<meta property=\"article:modified_time\" content=\"2021-07-06T06:59:43+00:00\" \/>\n<meta property=\"og:image\" content=\"https:\/\/www.genevacitieshub.org\/wp-content\/uploads\/2021\/06\/unece-300x200.png\" \/>\n<meta name=\"twitter:card\" content=\"summary_large_image\" \/>\n<meta name=\"twitter:site\" content=\"@genevacitieshub\" \/>\n<meta name=\"twitter:label1\" content=\"Dur\u00e9e de lecture estim\u00e9e\" \/>\n\t<meta name=\"twitter:data1\" content=\"1 minute\" \/>\n<script type=\"application\/ld+json\" class=\"yoast-schema-graph\">{\"@context\":\"https:\\\/\\\/schema.org\",\"@graph\":[{\"@type\":\"WebPage\",\"@id\":\"https:\\\/\\\/globalcitieshub.org\\\/fr\\\/about-unece\\\/\",\"url\":\"https:\\\/\\\/globalcitieshub.org\\\/fr\\\/about-unece\\\/\",\"name\":\"UNECE - Global Cities Hub\",\"isPartOf\":{\"@id\":\"https:\\\/\\\/globalcitieshub.org\\\/fr\\\/#website\"},\"primaryImageOfPage\":{\"@id\":\"https:\\\/\\\/globalcitieshub.org\\\/fr\\\/about-unece\\\/#primaryimage\"},\"image\":{\"@id\":\"https:\\\/\\\/globalcitieshub.org\\\/fr\\\/about-unece\\\/#primaryimage\"},\"thumbnailUrl\":\"https:\\\/\\\/www.genevacitieshub.org\\\/wp-content\\\/uploads\\\/2021\\\/06\\\/unece-300x200.png\",\"datePublished\":\"2021-06-24T06:43:26+00:00\",\"dateModified\":\"2021-07-06T06:59:43+00:00\",\"inLanguage\":\"fr-FR\",\"potentialAction\":[{\"@type\":\"ReadAction\",\"target\":[\"https:\\\/\\\/globalcitieshub.org\\\/fr\\\/about-unece\\\/\"]}]},{\"@type\":\"ImageObject\",\"inLanguage\":\"fr-FR\",\"@id\":\"https:\\\/\\\/globalcitieshub.org\\\/fr\\\/about-unece\\\/#primaryimage\",\"url\":\"https:\\\/\\\/www.genevacitieshub.org\\\/wp-content\\\/uploads\\\/2021\\\/06\\\/unece-300x200.png\",\"contentUrl\":\"https:\\\/\\\/www.genevacitieshub.org\\\/wp-content\\\/uploads\\\/2021\\\/06\\\/unece-300x200.png\"},{\"@type\":\"WebSite\",\"@id\":\"https:\\\/\\\/globalcitieshub.org\\\/fr\\\/#website\",\"url\":\"https:\\\/\\\/globalcitieshub.org\\\/fr\\\/\",\"name\":\"Global Cities Hub\",\"description\":\"Connecting local and regional governments to the United Nations and other  international organizations\",\"publisher\":{\"@id\":\"https:\\\/\\\/globalcitieshub.org\\\/fr\\\/#organization\"},\"potentialAction\":[{\"@type\":\"SearchAction\",\"target\":{\"@type\":\"EntryPoint\",\"urlTemplate\":\"https:\\\/\\\/globalcitieshub.org\\\/fr\\\/?s={search_term_string}\"},\"query-input\":{\"@type\":\"PropertyValueSpecification\",\"valueRequired\":true,\"valueName\":\"search_term_string\"}}],\"inLanguage\":\"fr-FR\"},{\"@type\":\"Organization\",\"@id\":\"https:\\\/\\\/globalcitieshub.org\\\/fr\\\/#organization\",\"name\":\"Global Cities Hub\",\"url\":\"https:\\\/\\\/globalcitieshub.org\\\/fr\\\/\",\"logo\":{\"@type\":\"ImageObject\",\"inLanguage\":\"fr-FR\",\"@id\":\"https:\\\/\\\/globalcitieshub.org\\\/fr\\\/#\\\/schema\\\/logo\\\/image\\\/\",\"url\":\"https:\\\/\\\/globalcitieshub.org\\\/wp-content\\\/uploads\\\/2023\\\/09\\\/230829_Logo_Global_Cities_Hub_Couleur_fond-blanc_RVB.png\",\"contentUrl\":\"https:\\\/\\\/globalcitieshub.org\\\/wp-content\\\/uploads\\\/2023\\\/09\\\/230829_Logo_Global_Cities_Hub_Couleur_fond-blanc_RVB.png\",\"width\":2544,\"height\":1446,\"caption\":\"Global Cities Hub\"},\"image\":{\"@id\":\"https:\\\/\\\/globalcitieshub.org\\\/fr\\\/#\\\/schema\\\/logo\\\/image\\\/\"},\"sameAs\":[\"https:\\\/\\\/x.com\\\/genevacitieshub\"]}]}<\/script>\n<!-- \/ Yoast SEO plugin. -->","yoast_head_json":{"title":"CEE-ONU - Hub des villes mondiales","robots":{"index":"index","follow":"follow","max-snippet":"max-snippet:-1","max-image-preview":"max-image-preview:large","max-video-preview":"max-video-preview:-1"},"canonical":"https:\/\/globalcitieshub.org\/fr\/about-unece\/","og_locale":"fr_FR","og_type":"article","og_title":"UNECE - Global Cities Hub","og_description":"UNECE UNECE Website The United Nations Economic Commission for Europe (UNECE)\u00a0aims to promote pan-European economic integration. It organizes the Forum of Mayors to allow the local leaders of the European region to exchange best practices and experiences.\u00a0 \u00a0 \u00a0 As partner for\u00a0Post-Covid Economic &amp; Financial Recovery: What about the City? &nbsp; &nbsp; UNECE introduced&nbsp;Mr Maksatbek &hellip;","og_url":"https:\/\/globalcitieshub.org\/fr\/about-unece\/","og_site_name":"Global Cities Hub","article_modified_time":"2021-07-06T06:59:43+00:00","og_image":[{"url":"https:\/\/www.genevacitieshub.org\/wp-content\/uploads\/2021\/06\/unece-300x200.png","type":"","width":"","height":""}],"twitter_card":"summary_large_image","twitter_site":"@genevacitieshub","twitter_misc":{"Dur\u00e9e de lecture estim\u00e9e":"1 minute"},"schema":{"@context":"https:\/\/schema.org","@graph":[{"@type":"WebPage","@id":"https:\/\/globalcitieshub.org\/fr\/about-unece\/","url":"https:\/\/globalcitieshub.org\/fr\/about-unece\/","name":"CEE-ONU - Hub des villes mondiales","isPartOf":{"@id":"https:\/\/globalcitieshub.org\/fr\/#website"},"primaryImageOfPage":{"@id":"https:\/\/globalcitieshub.org\/fr\/about-unece\/#primaryimage"},"image":{"@id":"https:\/\/globalcitieshub.org\/fr\/about-unece\/#primaryimage"},"thumbnailUrl":"https:\/\/www.genevacitieshub.org\/wp-content\/uploads\/2021\/06\/unece-300x200.png","datePublished":"2021-06-24T06:43:26+00:00","dateModified":"2021-07-06T06:59:43+00:00","inLanguage":"fr-FR","potentialAction":[{"@type":"ReadAction","target":["https:\/\/globalcitieshub.org\/fr\/about-unece\/"]}]},{"@type":"ImageObject","inLanguage":"fr-FR","@id":"https:\/\/globalcitieshub.org\/fr\/about-unece\/#primaryimage","url":"https:\/\/www.genevacitieshub.org\/wp-content\/uploads\/2021\/06\/unece-300x200.png","contentUrl":"https:\/\/www.genevacitieshub.org\/wp-content\/uploads\/2021\/06\/unece-300x200.png"},{"@type":"WebSite","@id":"https:\/\/globalcitieshub.org\/fr\/#website","url":"https:\/\/globalcitieshub.org\/fr\/","name":"Global Cities Hub","description":"Relier les gouvernements locaux et r\u00e9gionaux aux Nations unies et \u00e0 d'autres organisations internationales","publisher":{"@id":"https:\/\/globalcitieshub.org\/fr\/#organization"},"potentialAction":[{"@type":"SearchAction","target":{"@type":"EntryPoint","urlTemplate":"https:\/\/globalcitieshub.org\/fr\/?s={search_term_string}"},"query-input":{"@type":"PropertyValueSpecification","valueRequired":true,"valueName":"search_term_string"}}],"inLanguage":"fr-FR"},{"@type":"Organization","@id":"https:\/\/globalcitieshub.org\/fr\/#organization","name":"Global Cities Hub","url":"https:\/\/globalcitieshub.org\/fr\/","logo":{"@type":"ImageObject","inLanguage":"fr-FR","@id":"https:\/\/globalcitieshub.org\/fr\/#\/schema\/logo\/image\/","url":"https:\/\/globalcitieshub.org\/wp-content\/uploads\/2023\/09\/230829_Logo_Global_Cities_Hub_Couleur_fond-blanc_RVB.png","contentUrl":"https:\/\/globalcitieshub.org\/wp-content\/uploads\/2023\/09\/230829_Logo_Global_Cities_Hub_Couleur_fond-blanc_RVB.png","width":2544,"height":1446,"caption":"Global Cities Hub"},"image":{"@id":"https:\/\/globalcitieshub.org\/fr\/#\/schema\/logo\/image\/"},"sameAs":["https:\/\/x.com\/genevacitieshub"]}]}},"_links":{"self":[{"href":"https:\/\/globalcitieshub.org\/fr\/wp-json\/wp\/v2\/pages\/12515","targetHints":{"allow":["GET"]}}],"collection":[{"href":"https:\/\/globalcitieshub.org\/fr\/wp-json\/wp\/v2\/pages"}],"about":[{"href":"https:\/\/globalcitieshub.org\/fr\/wp-json\/wp\/v2\/types\/page"}],"author":[{"embeddable":true,"href":"https:\/\/globalcitieshub.org\/fr\/wp-json\/wp\/v2\/users\/1"}],"replies":[{"embeddable":true,"href":"https:\/\/globalcitieshub.org\/fr\/wp-json\/wp\/v2\/comments?post=12515"}],"version-history":[{"count":31,"href":"https:\/\/globalcitieshub.org\/fr\/wp-json\/wp\/v2\/pages\/12515\/revisions"}],"predecessor-version":[{"id":13051,"href":"https:\/\/globalcitieshub.org\/fr\/wp-json\/wp\/v2\/pages\/12515\/revisions\/13051"}],"wp:attachment":[{"href":"https:\/\/globalcitieshub.org\/fr\/wp-json\/wp\/v2\/media?parent=12515"}],"curies":[{"name":"wp","href":"https:\/\/api.w.org\/{rel}","templated":true}]}}