{"id":11356,"date":"2021-04-10T18:10:24","date_gmt":"2021-04-10T18:10:24","guid":{"rendered":"https:\/\/gch.dev-bulbera.com\/?page_id=11356"},"modified":"2025-08-14T14:20:06","modified_gmt":"2025-08-14T12:20:06","slug":"disclaimer-2","status":"publish","type":"page","link":"https:\/\/globalcitieshub.org\/fr\/disclaimer\/","title":{"rendered":"Avis de non-responsabilit\u00e9"},"content":{"rendered":"<h2 class=\"wp-block-heading\">UTILISATION DU MAT\u00c9RIEL, AVIS DE NON-RESPONSABILIT\u00c9<br><\/h2>\n\n\n\n<p>Les informations contenues dans ce site web sont uniquement destin\u00e9es \u00e0 des fins d'information g\u00e9n\u00e9rale. L'information est fournie par le Global Cities Hub et bien que nous nous efforcions de maintenir l'information \u00e0 jour et correcte, nous ne faisons aucune d\u00e9claration ou garantie de quelque nature que ce soit, expresse ou implicite, concernant l'exhaustivit\u00e9, l'exactitude, la fiabilit\u00e9, l'ad\u00e9quation ou la disponibilit\u00e9 en ce qui concerne le site web ou l'information, les produits, les services ou les graphiques connexes contenus sur le site web \u00e0 quelque fin que ce soit. La confiance que vous accordez \u00e0 ces informations est donc strictement \u00e0 vos risques et p\u00e9rils.<\/p>\n\n\n\n<p>En aucun cas, nous ne serons responsables de toute perte ou de tout dommage, y compris, mais sans s'y limiter, les pertes ou les dommages indirects ou cons\u00e9cutifs, ou toute perte ou tout dommage, quel qu'il soit, r\u00e9sultant de la perte de donn\u00e9es ou de profits d\u00e9coulant de, ou en relation avec, l'utilisation de ce site Web.<\/p>\n\n\n\n<p>Ce site web vous permet d'acc\u00e9der \u00e0 d'autres sites web qui ne sont pas sous le contr\u00f4le du Global Cities Hub. Nous n'avons aucun contr\u00f4le sur la nature, le contenu et la disponibilit\u00e9 de ces sites. L'inclusion de liens n'implique pas n\u00e9cessairement une recommandation ou une approbation des opinions qui y sont exprim\u00e9es.<\/p>\n\n\n\n<p>Tous les efforts sont faits pour que le site web reste accessible et fonctionne sans probl\u00e8me. Cependant, le Global Cities Hub n'assume aucune responsabilit\u00e9 et ne peut \u00eatre tenu pour responsable de l'indisponibilit\u00e9 temporaire du site web en raison de probl\u00e8mes techniques ind\u00e9pendants de notre volont\u00e9.<\/p>","protected":false},"excerpt":{"rendered":"<p>UTILISATION DU MAT\u00c9RIEL, AVIS DE NON-RESPONSABILIT\u00c9 Les informations contenues dans ce site web sont uniquement destin\u00e9es \u00e0 des fins d'information g\u00e9n\u00e9rale. L'information est fournie par le Global Cities Hub et bien que nous nous efforcions de maintenir l'information \u00e0 jour et correcte, nous ne faisons aucune repr\u00e9sentation ou garantie de quelque nature que ce soit, expresse ou implicite, quant \u00e0 l'exhaustivit\u00e9, l'exactitude, ... <\/p>","protected":false},"author":1,"featured_media":0,"parent":0,"menu_order":0,"comment_status":"closed","ping_status":"closed","template":"","meta":{"_monsterinsights_skip_tracking":false,"_monsterinsights_sitenote_active":false,"_monsterinsights_sitenote_note":"","_monsterinsights_sitenote_category":0,"footnotes":""},"class_list":["post-11356","page","type-page","status-publish","hentry"],"yoast_head":"<!-- This site is optimized with the Yoast SEO plugin v27.3 - https:\/\/yoast.com\/product\/yoast-seo-wordpress\/ -->\n<title>Disclaimer - Global Cities Hub<\/title>\n<meta name=\"robots\" content=\"index, follow, max-snippet:-1, max-image-preview:large, max-video-preview:-1\" \/>\n<link rel=\"canonical\" href=\"https:\/\/globalcitieshub.org\/fr\/disclaimer\/\" \/>\n<meta property=\"og:locale\" content=\"fr_FR\" \/>\n<meta property=\"og:type\" content=\"article\" \/>\n<meta property=\"og:title\" content=\"Disclaimer - Global Cities Hub\" \/>\n<meta property=\"og:description\" content=\"USE OF MATERIAL, DISCLAIMER NOTICE The information contained in this website is for general information purposes only. The information is provided by the Global Cities Hub and while we endeavour to keep the information up to date and correct, we make no representations or warranties of any kind, express or implied, about the completeness, accuracy, &hellip;\" \/>\n<meta property=\"og:url\" content=\"https:\/\/globalcitieshub.org\/fr\/disclaimer\/\" \/>\n<meta property=\"og:site_name\" content=\"Global Cities Hub\" \/>\n<meta property=\"article:modified_time\" content=\"2025-08-14T12:20:06+00:00\" \/>\n<meta name=\"twitter:card\" content=\"summary_large_image\" \/>\n<meta name=\"twitter:site\" content=\"@genevacitieshub\" \/>\n<meta name=\"twitter:label1\" content=\"Dur\u00e9e de lecture estim\u00e9e\" \/>\n\t<meta name=\"twitter:data1\" content=\"2 minutes\" \/>\n<script type=\"application\/ld+json\" class=\"yoast-schema-graph\">{\"@context\":\"https:\\\/\\\/schema.org\",\"@graph\":[{\"@type\":\"WebPage\",\"@id\":\"https:\\\/\\\/globalcitieshub.org\\\/fr\\\/disclaimer\\\/\",\"url\":\"https:\\\/\\\/globalcitieshub.org\\\/fr\\\/disclaimer\\\/\",\"name\":\"Disclaimer - Global Cities Hub\",\"isPartOf\":{\"@id\":\"https:\\\/\\\/globalcitieshub.org\\\/fr\\\/#website\"},\"datePublished\":\"2021-04-10T18:10:24+00:00\",\"dateModified\":\"2025-08-14T12:20:06+00:00\",\"inLanguage\":\"fr-FR\",\"potentialAction\":[{\"@type\":\"ReadAction\",\"target\":[\"https:\\\/\\\/globalcitieshub.org\\\/fr\\\/disclaimer\\\/\"]}]},{\"@type\":\"WebSite\",\"@id\":\"https:\\\/\\\/globalcitieshub.org\\\/fr\\\/#website\",\"url\":\"https:\\\/\\\/globalcitieshub.org\\\/fr\\\/\",\"name\":\"Global Cities Hub\",\"description\":\"Connecting local and regional governments to the United Nations and other  international organizations\",\"publisher\":{\"@id\":\"https:\\\/\\\/globalcitieshub.org\\\/fr\\\/#organization\"},\"potentialAction\":[{\"@type\":\"SearchAction\",\"target\":{\"@type\":\"EntryPoint\",\"urlTemplate\":\"https:\\\/\\\/globalcitieshub.org\\\/fr\\\/?s={search_term_string}\"},\"query-input\":{\"@type\":\"PropertyValueSpecification\",\"valueRequired\":true,\"valueName\":\"search_term_string\"}}],\"inLanguage\":\"fr-FR\"},{\"@type\":\"Organization\",\"@id\":\"https:\\\/\\\/globalcitieshub.org\\\/fr\\\/#organization\",\"name\":\"Global Cities Hub\",\"url\":\"https:\\\/\\\/globalcitieshub.org\\\/fr\\\/\",\"logo\":{\"@type\":\"ImageObject\",\"inLanguage\":\"fr-FR\",\"@id\":\"https:\\\/\\\/globalcitieshub.org\\\/fr\\\/#\\\/schema\\\/logo\\\/image\\\/\",\"url\":\"https:\\\/\\\/globalcitieshub.org\\\/wp-content\\\/uploads\\\/2023\\\/09\\\/230829_Logo_Global_Cities_Hub_Couleur_fond-blanc_RVB.png\",\"contentUrl\":\"https:\\\/\\\/globalcitieshub.org\\\/wp-content\\\/uploads\\\/2023\\\/09\\\/230829_Logo_Global_Cities_Hub_Couleur_fond-blanc_RVB.png\",\"width\":2544,\"height\":1446,\"caption\":\"Global Cities Hub\"},\"image\":{\"@id\":\"https:\\\/\\\/globalcitieshub.org\\\/fr\\\/#\\\/schema\\\/logo\\\/image\\\/\"},\"sameAs\":[\"https:\\\/\\\/x.com\\\/genevacitieshub\"]}]}<\/script>\n<!-- \/ Yoast SEO plugin. -->","yoast_head_json":{"title":"Avis de non-responsabilit\u00e9 - Global Cities Hub","robots":{"index":"index","follow":"follow","max-snippet":"max-snippet:-1","max-image-preview":"max-image-preview:large","max-video-preview":"max-video-preview:-1"},"canonical":"https:\/\/globalcitieshub.org\/fr\/disclaimer\/","og_locale":"fr_FR","og_type":"article","og_title":"Disclaimer - Global Cities Hub","og_description":"USE OF MATERIAL, DISCLAIMER NOTICE The information contained in this website is for general information purposes only. The information is provided by the Global Cities Hub and while we endeavour to keep the information up to date and correct, we make no representations or warranties of any kind, express or implied, about the completeness, accuracy, &hellip;","og_url":"https:\/\/globalcitieshub.org\/fr\/disclaimer\/","og_site_name":"Global Cities Hub","article_modified_time":"2025-08-14T12:20:06+00:00","twitter_card":"summary_large_image","twitter_site":"@genevacitieshub","twitter_misc":{"Dur\u00e9e de lecture estim\u00e9e":"2 minutes"},"schema":{"@context":"https:\/\/schema.org","@graph":[{"@type":"WebPage","@id":"https:\/\/globalcitieshub.org\/fr\/disclaimer\/","url":"https:\/\/globalcitieshub.org\/fr\/disclaimer\/","name":"Avis de non-responsabilit\u00e9 - Global Cities Hub","isPartOf":{"@id":"https:\/\/globalcitieshub.org\/fr\/#website"},"datePublished":"2021-04-10T18:10:24+00:00","dateModified":"2025-08-14T12:20:06+00:00","inLanguage":"fr-FR","potentialAction":[{"@type":"ReadAction","target":["https:\/\/globalcitieshub.org\/fr\/disclaimer\/"]}]},{"@type":"WebSite","@id":"https:\/\/globalcitieshub.org\/fr\/#website","url":"https:\/\/globalcitieshub.org\/fr\/","name":"Global Cities Hub","description":"Relier les gouvernements locaux et r\u00e9gionaux aux Nations unies et \u00e0 d'autres organisations internationales","publisher":{"@id":"https:\/\/globalcitieshub.org\/fr\/#organization"},"potentialAction":[{"@type":"SearchAction","target":{"@type":"EntryPoint","urlTemplate":"https:\/\/globalcitieshub.org\/fr\/?s={search_term_string}"},"query-input":{"@type":"PropertyValueSpecification","valueRequired":true,"valueName":"search_term_string"}}],"inLanguage":"fr-FR"},{"@type":"Organization","@id":"https:\/\/globalcitieshub.org\/fr\/#organization","name":"Global Cities Hub","url":"https:\/\/globalcitieshub.org\/fr\/","logo":{"@type":"ImageObject","inLanguage":"fr-FR","@id":"https:\/\/globalcitieshub.org\/fr\/#\/schema\/logo\/image\/","url":"https:\/\/globalcitieshub.org\/wp-content\/uploads\/2023\/09\/230829_Logo_Global_Cities_Hub_Couleur_fond-blanc_RVB.png","contentUrl":"https:\/\/globalcitieshub.org\/wp-content\/uploads\/2023\/09\/230829_Logo_Global_Cities_Hub_Couleur_fond-blanc_RVB.png","width":2544,"height":1446,"caption":"Global Cities Hub"},"image":{"@id":"https:\/\/globalcitieshub.org\/fr\/#\/schema\/logo\/image\/"},"sameAs":["https:\/\/x.com\/genevacitieshub"]}]}},"_links":{"self":[{"href":"https:\/\/globalcitieshub.org\/fr\/wp-json\/wp\/v2\/pages\/11356","targetHints":{"allow":["GET"]}}],"collection":[{"href":"https:\/\/globalcitieshub.org\/fr\/wp-json\/wp\/v2\/pages"}],"about":[{"href":"https:\/\/globalcitieshub.org\/fr\/wp-json\/wp\/v2\/types\/page"}],"author":[{"embeddable":true,"href":"https:\/\/globalcitieshub.org\/fr\/wp-json\/wp\/v2\/users\/1"}],"replies":[{"embeddable":true,"href":"https:\/\/globalcitieshub.org\/fr\/wp-json\/wp\/v2\/comments?post=11356"}],"version-history":[{"count":5,"href":"https:\/\/globalcitieshub.org\/fr\/wp-json\/wp\/v2\/pages\/11356\/revisions"}],"predecessor-version":[{"id":24897,"href":"https:\/\/globalcitieshub.org\/fr\/wp-json\/wp\/v2\/pages\/11356\/revisions\/24897"}],"wp:attachment":[{"href":"https:\/\/globalcitieshub.org\/fr\/wp-json\/wp\/v2\/media?parent=11356"}],"curies":[{"name":"wp","href":"https:\/\/api.w.org\/{rel}","templated":true}]}}