{"id":11059,"date":"2021-04-06T07:30:05","date_gmt":"2021-04-06T07:30:05","guid":{"rendered":"https:\/\/gch.dev-bulbera.com\/?page_id=11059"},"modified":"2021-07-16T11:26:02","modified_gmt":"2021-07-16T09:26:02","slug":"geneva-water-hub","status":"publish","type":"page","link":"https:\/\/globalcitieshub.org\/fr\/geneva-water-hub\/","title":{"rendered":"Centre de l'eau de Gen\u00e8ve"},"content":{"rendered":"<div data-elementor-type=\"wp-page\" data-elementor-id=\"11059\" class=\"elementor elementor-11059\">\n\t\t\t\t\t\t<section class=\"elementor-section elementor-top-section elementor-element elementor-element-e57474b elementor-section-boxed elementor-section-height-default elementor-section-height-default\" data-id=\"e57474b\" data-element_type=\"section\" data-e-type=\"section\">\n\t\t\t\t\t\t<div class=\"elementor-container elementor-column-gap-default\">\n\t\t\t\t\t<div class=\"elementor-column elementor-col-100 elementor-top-column elementor-element elementor-element-4a26d4a\" data-id=\"4a26d4a\" data-element_type=\"column\" data-e-type=\"column\">\n\t\t\t<div class=\"elementor-widget-wrap elementor-element-populated\">\n\t\t\t\t\t\t<div class=\"elementor-element elementor-element-6ca8918 elementor-widget elementor-widget-image\" data-id=\"6ca8918\" data-element_type=\"widget\" data-e-type=\"widget\" data-widget_type=\"image.default\">\n\t\t\t\t<div class=\"elementor-widget-container\">\n\t\t\t\t\t\t\t\t\t\t\t\t\t\t\t<img fetchpriority=\"high\" width=\"270\" height=\"240\" class=\"attachment-medium size-medium wp-image-10916 lazy\" alt=\"\" data-src=\"https:\/\/globalcitieshub.org\/wp-content\/uploads\/2021\/03\/logo_gwh_blue201712.png\" data-lazy=\"https:\/\/globalcitieshub.org\/wp-content\/uploads\/2021\/03\/logo_gwh_blue201712.png\" \/>\t\t\t\t\t\t\t\t\t\t\t\t\t\t\t<\/div>\n\t\t\t\t<\/div>\n\t\t\t\t<div class=\"elementor-element elementor-element-2ee1d18 elementor-widget elementor-widget-heading\" data-id=\"2ee1d18\" data-element_type=\"widget\" data-e-type=\"widget\" data-widget_type=\"heading.default\">\n\t\t\t\t<div class=\"elementor-widget-container\">\n\t\t\t\t\t<h1 class=\"elementor-heading-title elementor-size-default\">GENEVA WATER HUB<\/h1>\t\t\t\t<\/div>\n\t\t\t\t<\/div>\n\t\t\t\t<div class=\"elementor-element elementor-element-c261cfd elementor-widget elementor-widget-button\" data-id=\"c261cfd\" data-element_type=\"widget\" data-e-type=\"widget\" data-widget_type=\"button.default\">\n\t\t\t\t<div class=\"elementor-widget-container\">\n\t\t\t\t\t\t\t\t\t<div class=\"elementor-button-wrapper\">\n\t\t\t\t\t<a class=\"elementor-button elementor-button-link elementor-size-sm\" href=\"https:\/\/www.genevawaterhub.org\">\n\t\t\t\t\t\t<span class=\"elementor-button-content-wrapper\">\n\t\t\t\t\t\t\t\t\t<span class=\"elementor-button-text\">Site web du Hub de l'eau de Gen\u00e8ve<\/span>\n\t\t\t\t\t<\/span>\n\t\t\t\t\t<\/a>\n\t\t\t\t<\/div>\n\t\t\t\t\t\t\t\t<\/div>\n\t\t\t\t<\/div>\n\t\t\t\t<div class=\"elementor-element elementor-element-ec75872 elementor-widget elementor-widget-spacer\" data-id=\"ec75872\" data-element_type=\"widget\" data-e-type=\"widget\" data-widget_type=\"spacer.default\">\n\t\t\t\t<div class=\"elementor-widget-container\">\n\t\t\t\t\t\t\t<div class=\"elementor-spacer\">\n\t\t\t<div class=\"elementor-spacer-inner\"><\/div>\n\t\t<\/div>\n\t\t\t\t\t\t<\/div>\n\t\t\t\t<\/div>\n\t\t\t\t<div class=\"elementor-element elementor-element-a8c7d09 elementor-widget elementor-widget-text-editor\" data-id=\"a8c7d09\" data-element_type=\"widget\" data-e-type=\"widget\" data-widget_type=\"text-editor.default\">\n\t\t\t\t<div class=\"elementor-widget-container\">\n\t\t\t\t\t\t\t\t\t<p><span style=\"color: #000000;\">Lorsque nous avons \u00e9t\u00e9 sollicit\u00e9s pour participer \u00e0 ce 1er Dialogue Urbain de la Gen\u00e8ve de l'Eau, nous avons imm\u00e9diatement pens\u00e9 \u00e0 associer cette initiative de Lausanne et des villes suisses partenaires \u00e0 la Ville de Nouakchott.&nbsp;<\/span><\/p>\n<p><span style=\"color: #000000;\">En cette comm\u00e9moration de la Journ\u00e9e de l'eau, cette initiative illustre une coop\u00e9ration exemplaire en termes de partenariat public-public, entre professionnels de l'eau avec un cofinancement par les consommateurs des municipalit\u00e9s impliqu\u00e9es. Cette initiative est aussi une illustration de l'application des droits de l'homme \u00e0 l'eau potable et \u00e0 l'assainissement ; elle s'inscrit \u00e9galement dans le cadre du Mouvement bleu pour la paix, qui place la s\u00e9curit\u00e9 de l'eau comme un puissant instrument de coop\u00e9ration et le fondement essentiel de la s\u00e9curit\u00e9 sanitaire, de la s\u00e9curit\u00e9 alimentaire, de la s\u00e9curit\u00e9 \u00e9nerg\u00e9tique... bref, de la s\u00e9curit\u00e9 humaine.<\/span><\/p><p><span style=\"color: #000000;\"><br><\/span><\/p>\n<h3><span style=\"color: #800000;\"><strong>Les ressources en eau douce sont au c\u0153ur de l'histoire, du d\u00e9veloppement et de l'avenir durable de l'humanit\u00e9 et, bien s\u00fbr, des villes.<\/strong><\/span><\/h3><div><span style=\"color: #800000;\"><strong><br><\/strong><\/span><\/div>\n<p><\/p>\n<p><span style=\"color: #000000;\">Le Geneva Water Hub est un centre sp\u00e9cialis\u00e9 dans l'hydropolitique et l'hydrodiplomatie, qui vise \u00e0 mieux comprendre et \u00e0 contribuer \u00e0 la pr\u00e9vention des tensions et conflits li\u00e9s \u00e0 l'eau en consid\u00e9rant les conflits d'usage entre secteurs, entre entit\u00e9s politiques et entre Etats.&nbsp;<\/span><\/p>\n<p><span style=\"color: #000000;\">Elle s'engage, en tant que Secr\u00e9tariat du Panel mondial de haut niveau sur l'eau et la paix, \u00e0 promouvoir et \u00e0 contribuer \u00e0 la r\u00e9alisation des recommandations du rapport du Panel et \u00e0 d\u00e9velopper un agenda hydropolitique visant \u00e0 promouvoir l'eau comme instrument de paix. Il est entendu que la paix n'est pas l'absence de conflit arm\u00e9 mais plut\u00f4t un d\u00e9veloppement durable, \u00e9quitable et solidaire dans un cadre de paix et de s\u00e9curit\u00e9.<\/span><\/p>\t\t\t\t\t\t\t\t<\/div>\n\t\t\t\t<\/div>\n\t\t\t\t<div class=\"elementor-element elementor-element-54fd19a elementor-widget elementor-widget-text-editor\" data-id=\"54fd19a\" data-element_type=\"widget\" data-e-type=\"widget\" data-widget_type=\"text-editor.default\">\n\t\t\t\t<div class=\"elementor-widget-container\">\n\t\t\t\t\t\t\t\t\t<h3 style=\"color: #000000; text-align: justify;\"><b>En tant que partenaire de\u00a0<a href=\"https:\/\/www.genevacitieshub.org\/en\/geneva-urban-debates\/water-sanitation-in-the-city-good-bad-experiences-what-are-the-lessons\/\" target=\"_blank\" rel=\"noopener\">EAU ET ASSAINISSEMENT DANS LA VILLE<\/a><a href=\"https:\/\/www.genevacitieshub.org\/en\/geneva-urban-debates\/water-sanitation-in-the-city-good-bad-experiences-what-are-the-lessons\/\" target=\"_blank\" rel=\"noopener\">: BONNES ET MAUVAISES EXP\u00c9RIENCES, QUELLES LE\u00c7ONS EN TIRER ?<\/a><\/b><\/h3>\t\t\t\t\t\t\t\t<\/div>\n\t\t\t\t<\/div>\n\t\t\t\t<div class=\"elementor-element elementor-element-c648403 elementor-widget elementor-widget-text-editor\" data-id=\"c648403\" data-element_type=\"widget\" data-e-type=\"widget\" data-widget_type=\"text-editor.default\">\n\t\t\t\t<div class=\"elementor-widget-container\">\n\t\t\t\t\t\t\t\t\t<ul><li><span style=\"color: #000000;\">Le Geneva Water Hub a pr\u00e9sent\u00e9 le cas du partenariat entre Lausanne, Suisse, et Nouakchott, Mauritanie.<\/span><\/li><\/ul><p>\u00a0<\/p><ul><li><a href=\"https:\/\/genevacitieshub.org\/wp-content\/uploads\/2021\/04\/2021.03.18_Geneva_City_Hub_Mauritanie_pr_traducteur-1.pptx\"><b>Mauritanie<\/b><\/a><span style=\"color: #000000;\">2021 - Pr\u00e9sentation<\/span><\/li><\/ul><ul><li><a href=\"https:\/\/genevacitieshub.org\/wp-content\/uploads\/2021\/04\/WATER_good_-_Speaking_points_Fr_Munger_FR.pdf\"><b>Discours de Fran\u00e7ois M\u00fcnger<\/b><\/a><span style=\"color: #000000;\">2021 - Points de discussion<\/span><\/li><\/ul>\t\t\t\t\t\t\t\t<\/div>\n\t\t\t\t<\/div>\n\t\t\t\t<section class=\"elementor-section elementor-inner-section elementor-element elementor-element-cca196e elementor-section-boxed elementor-section-height-default elementor-section-height-default\" data-id=\"cca196e\" data-element_type=\"section\" data-e-type=\"section\">\n\t\t\t\t\t\t<div class=\"elementor-container elementor-column-gap-default\">\n\t\t\t\t\t<div class=\"elementor-column elementor-col-50 elementor-inner-column elementor-element elementor-element-1ad6b1e\" data-id=\"1ad6b1e\" data-element_type=\"column\" data-e-type=\"column\">\n\t\t\t<div class=\"elementor-widget-wrap elementor-element-populated\">\n\t\t\t\t\t\t<div class=\"elementor-element elementor-element-38e7e7c elementor-align-right elementor-mobile-align-left elementor-widget elementor-widget-button\" data-id=\"38e7e7c\" data-element_type=\"widget\" data-e-type=\"widget\" data-widget_type=\"button.default\">\n\t\t\t\t<div class=\"elementor-widget-container\">\n\t\t\t\t\t\t\t\t\t<div class=\"elementor-button-wrapper\">\n\t\t\t\t\t<a class=\"elementor-button elementor-button-link elementor-size-sm\" href=\"https:\/\/www.genevacitieshub.org\/en\/about-un-habitat\/\">\n\t\t\t\t\t\t<span class=\"elementor-button-content-wrapper\">\n\t\t\t\t\t\t\t\t\t<span class=\"elementor-button-text\">&lt;<\/span>\n\t\t\t\t\t<\/span>\n\t\t\t\t\t<\/a>\n\t\t\t\t<\/div>\n\t\t\t\t\t\t\t\t<\/div>\n\t\t\t\t<\/div>\n\t\t\t\t\t<\/div>\n\t\t<\/div>\n\t\t\t\t<div class=\"elementor-column elementor-col-50 elementor-inner-column elementor-element elementor-element-c34d022\" data-id=\"c34d022\" data-element_type=\"column\" data-e-type=\"column\">\n\t\t\t<div class=\"elementor-widget-wrap elementor-element-populated\">\n\t\t\t\t\t\t<div class=\"elementor-element elementor-element-03ef92d elementor-widget elementor-widget-button\" data-id=\"03ef92d\" data-element_type=\"widget\" data-e-type=\"widget\" data-widget_type=\"button.default\">\n\t\t\t\t<div class=\"elementor-widget-container\">\n\t\t\t\t\t\t\t\t\t<div class=\"elementor-button-wrapper\">\n\t\t\t\t\t<a class=\"elementor-button elementor-button-link elementor-size-sm\" href=\"https:\/\/www.genevacitieshub.org\/en\/swiss-water-partnership\/\">\n\t\t\t\t\t\t<span class=\"elementor-button-content-wrapper\">\n\t\t\t\t\t\t\t\t\t<span class=\"elementor-button-text\">&gt;<\/span>\n\t\t\t\t\t<\/span>\n\t\t\t\t\t<\/a>\n\t\t\t\t<\/div>\n\t\t\t\t\t\t\t\t<\/div>\n\t\t\t\t<\/div>\n\t\t\t\t\t<\/div>\n\t\t<\/div>\n\t\t\t\t\t<\/div>\n\t\t<\/section>\n\t\t\t\t\t<\/div>\n\t\t<\/div>\n\t\t\t\t\t<\/div>\n\t\t<\/section>\n\t\t\t\t<\/div>","protected":false},"excerpt":{"rendered":"<p>GENEVA WATER HUB Geneva Water Hub Website Lorsque nous avons \u00e9t\u00e9 approch\u00e9s pour participer \u00e0 ce 1er Water Geneva Urban Dialogue, nous avons imm\u00e9diatement pens\u00e9 \u00e0 associer cette initiative de Lausanne et des villes partenaires suisses avec la Ville de Nouakchott.  En cette comm\u00e9moration de la Journ\u00e9e de l'eau, cette initiative illustre une coop\u00e9ration qui est un mod\u00e8le en ... <\/p>","protected":false},"author":1,"featured_media":0,"parent":0,"menu_order":0,"comment_status":"closed","ping_status":"closed","template":"page-fullwidth.php","meta":{"_monsterinsights_skip_tracking":false,"_monsterinsights_sitenote_active":false,"_monsterinsights_sitenote_note":"","_monsterinsights_sitenote_category":0,"footnotes":""},"class_list":["post-11059","page","type-page","status-publish","hentry"],"yoast_head":"<!-- This site is optimized with the Yoast SEO plugin v27.4 - https:\/\/yoast.com\/product\/yoast-seo-wordpress\/ -->\n<title>Geneva Water Hub - Global Cities Hub<\/title>\n<meta name=\"robots\" content=\"index, follow, max-snippet:-1, max-image-preview:large, max-video-preview:-1\" \/>\n<link rel=\"canonical\" href=\"https:\/\/globalcitieshub.org\/fr\/geneva-water-hub\/\" \/>\n<meta property=\"og:locale\" content=\"fr_FR\" \/>\n<meta property=\"og:type\" content=\"article\" \/>\n<meta property=\"og:title\" content=\"Geneva Water Hub - Global Cities Hub\" \/>\n<meta property=\"og:description\" content=\"GENEVA WATER HUB Geneva Water Hub Website When we were approached to participate in this 1st Water Geneva Urban Dialogue, we immediately thought of associating this initiative of Lausanne and the Swiss partner cities with the City of Nouakchott.&nbsp; In this commemoration of Water Day, this initiative illustrates a cooperation that is a model in &hellip;\" \/>\n<meta property=\"og:url\" content=\"https:\/\/globalcitieshub.org\/fr\/geneva-water-hub\/\" \/>\n<meta property=\"og:site_name\" content=\"Global Cities Hub\" \/>\n<meta property=\"article:modified_time\" content=\"2021-07-16T09:26:02+00:00\" \/>\n<meta property=\"og:image\" content=\"https:\/\/www.genevacitieshub.org\/wp-content\/uploads\/2021\/03\/logo_gwh_blue201712.png\" \/>\n<meta name=\"twitter:card\" content=\"summary_large_image\" \/>\n<meta name=\"twitter:site\" content=\"@genevacitieshub\" \/>\n<meta name=\"twitter:label1\" content=\"Dur\u00e9e de lecture estim\u00e9e\" \/>\n\t<meta name=\"twitter:data1\" content=\"2 minutes\" \/>\n<script type=\"application\/ld+json\" class=\"yoast-schema-graph\">{\"@context\":\"https:\\\/\\\/schema.org\",\"@graph\":[{\"@type\":\"WebPage\",\"@id\":\"https:\\\/\\\/globalcitieshub.org\\\/fr\\\/geneva-water-hub\\\/\",\"url\":\"https:\\\/\\\/globalcitieshub.org\\\/fr\\\/geneva-water-hub\\\/\",\"name\":\"Geneva Water Hub - Global Cities Hub\",\"isPartOf\":{\"@id\":\"https:\\\/\\\/globalcitieshub.org\\\/fr\\\/#website\"},\"primaryImageOfPage\":{\"@id\":\"https:\\\/\\\/globalcitieshub.org\\\/fr\\\/geneva-water-hub\\\/#primaryimage\"},\"image\":{\"@id\":\"https:\\\/\\\/globalcitieshub.org\\\/fr\\\/geneva-water-hub\\\/#primaryimage\"},\"thumbnailUrl\":\"https:\\\/\\\/www.genevacitieshub.org\\\/wp-content\\\/uploads\\\/2021\\\/03\\\/logo_gwh_blue201712.png\",\"datePublished\":\"2021-04-06T07:30:05+00:00\",\"dateModified\":\"2021-07-16T09:26:02+00:00\",\"inLanguage\":\"fr-FR\",\"potentialAction\":[{\"@type\":\"ReadAction\",\"target\":[\"https:\\\/\\\/globalcitieshub.org\\\/fr\\\/geneva-water-hub\\\/\"]}]},{\"@type\":\"ImageObject\",\"inLanguage\":\"fr-FR\",\"@id\":\"https:\\\/\\\/globalcitieshub.org\\\/fr\\\/geneva-water-hub\\\/#primaryimage\",\"url\":\"https:\\\/\\\/www.genevacitieshub.org\\\/wp-content\\\/uploads\\\/2021\\\/03\\\/logo_gwh_blue201712.png\",\"contentUrl\":\"https:\\\/\\\/www.genevacitieshub.org\\\/wp-content\\\/uploads\\\/2021\\\/03\\\/logo_gwh_blue201712.png\"},{\"@type\":\"WebSite\",\"@id\":\"https:\\\/\\\/globalcitieshub.org\\\/fr\\\/#website\",\"url\":\"https:\\\/\\\/globalcitieshub.org\\\/fr\\\/\",\"name\":\"Global Cities Hub\",\"description\":\"Connecting local and regional governments to the United Nations and other  international organizations\",\"publisher\":{\"@id\":\"https:\\\/\\\/globalcitieshub.org\\\/fr\\\/#organization\"},\"potentialAction\":[{\"@type\":\"SearchAction\",\"target\":{\"@type\":\"EntryPoint\",\"urlTemplate\":\"https:\\\/\\\/globalcitieshub.org\\\/fr\\\/?s={search_term_string}\"},\"query-input\":{\"@type\":\"PropertyValueSpecification\",\"valueRequired\":true,\"valueName\":\"search_term_string\"}}],\"inLanguage\":\"fr-FR\"},{\"@type\":\"Organization\",\"@id\":\"https:\\\/\\\/globalcitieshub.org\\\/fr\\\/#organization\",\"name\":\"Global Cities Hub\",\"url\":\"https:\\\/\\\/globalcitieshub.org\\\/fr\\\/\",\"logo\":{\"@type\":\"ImageObject\",\"inLanguage\":\"fr-FR\",\"@id\":\"https:\\\/\\\/globalcitieshub.org\\\/fr\\\/#\\\/schema\\\/logo\\\/image\\\/\",\"url\":\"https:\\\/\\\/globalcitieshub.org\\\/wp-content\\\/uploads\\\/2023\\\/09\\\/230829_Logo_Global_Cities_Hub_Couleur_fond-blanc_RVB.png\",\"contentUrl\":\"https:\\\/\\\/globalcitieshub.org\\\/wp-content\\\/uploads\\\/2023\\\/09\\\/230829_Logo_Global_Cities_Hub_Couleur_fond-blanc_RVB.png\",\"width\":2544,\"height\":1446,\"caption\":\"Global Cities Hub\"},\"image\":{\"@id\":\"https:\\\/\\\/globalcitieshub.org\\\/fr\\\/#\\\/schema\\\/logo\\\/image\\\/\"},\"sameAs\":[\"https:\\\/\\\/x.com\\\/genevacitieshub\"]}]}<\/script>\n<!-- \/ Yoast SEO plugin. -->","yoast_head_json":{"title":"Gen\u00e8ve Water Hub - Global Cities Hub","robots":{"index":"index","follow":"follow","max-snippet":"max-snippet:-1","max-image-preview":"max-image-preview:large","max-video-preview":"max-video-preview:-1"},"canonical":"https:\/\/globalcitieshub.org\/fr\/geneva-water-hub\/","og_locale":"fr_FR","og_type":"article","og_title":"Geneva Water Hub - Global Cities Hub","og_description":"GENEVA WATER HUB Geneva Water Hub Website When we were approached to participate in this 1st Water Geneva Urban Dialogue, we immediately thought of associating this initiative of Lausanne and the Swiss partner cities with the City of Nouakchott.&nbsp; In this commemoration of Water Day, this initiative illustrates a cooperation that is a model in &hellip;","og_url":"https:\/\/globalcitieshub.org\/fr\/geneva-water-hub\/","og_site_name":"Global Cities Hub","article_modified_time":"2021-07-16T09:26:02+00:00","og_image":[{"url":"https:\/\/www.genevacitieshub.org\/wp-content\/uploads\/2021\/03\/logo_gwh_blue201712.png","type":"","width":"","height":""}],"twitter_card":"summary_large_image","twitter_site":"@genevacitieshub","twitter_misc":{"Dur\u00e9e de lecture estim\u00e9e":"2 minutes"},"schema":{"@context":"https:\/\/schema.org","@graph":[{"@type":"WebPage","@id":"https:\/\/globalcitieshub.org\/fr\/geneva-water-hub\/","url":"https:\/\/globalcitieshub.org\/fr\/geneva-water-hub\/","name":"Gen\u00e8ve Water Hub - Global Cities Hub","isPartOf":{"@id":"https:\/\/globalcitieshub.org\/fr\/#website"},"primaryImageOfPage":{"@id":"https:\/\/globalcitieshub.org\/fr\/geneva-water-hub\/#primaryimage"},"image":{"@id":"https:\/\/globalcitieshub.org\/fr\/geneva-water-hub\/#primaryimage"},"thumbnailUrl":"https:\/\/www.genevacitieshub.org\/wp-content\/uploads\/2021\/03\/logo_gwh_blue201712.png","datePublished":"2021-04-06T07:30:05+00:00","dateModified":"2021-07-16T09:26:02+00:00","inLanguage":"fr-FR","potentialAction":[{"@type":"ReadAction","target":["https:\/\/globalcitieshub.org\/fr\/geneva-water-hub\/"]}]},{"@type":"ImageObject","inLanguage":"fr-FR","@id":"https:\/\/globalcitieshub.org\/fr\/geneva-water-hub\/#primaryimage","url":"https:\/\/www.genevacitieshub.org\/wp-content\/uploads\/2021\/03\/logo_gwh_blue201712.png","contentUrl":"https:\/\/www.genevacitieshub.org\/wp-content\/uploads\/2021\/03\/logo_gwh_blue201712.png"},{"@type":"WebSite","@id":"https:\/\/globalcitieshub.org\/fr\/#website","url":"https:\/\/globalcitieshub.org\/fr\/","name":"Global Cities Hub","description":"Relier les gouvernements locaux et r\u00e9gionaux aux Nations unies et \u00e0 d'autres organisations internationales","publisher":{"@id":"https:\/\/globalcitieshub.org\/fr\/#organization"},"potentialAction":[{"@type":"SearchAction","target":{"@type":"EntryPoint","urlTemplate":"https:\/\/globalcitieshub.org\/fr\/?s={search_term_string}"},"query-input":{"@type":"PropertyValueSpecification","valueRequired":true,"valueName":"search_term_string"}}],"inLanguage":"fr-FR"},{"@type":"Organization","@id":"https:\/\/globalcitieshub.org\/fr\/#organization","name":"Global Cities Hub","url":"https:\/\/globalcitieshub.org\/fr\/","logo":{"@type":"ImageObject","inLanguage":"fr-FR","@id":"https:\/\/globalcitieshub.org\/fr\/#\/schema\/logo\/image\/","url":"https:\/\/globalcitieshub.org\/wp-content\/uploads\/2023\/09\/230829_Logo_Global_Cities_Hub_Couleur_fond-blanc_RVB.png","contentUrl":"https:\/\/globalcitieshub.org\/wp-content\/uploads\/2023\/09\/230829_Logo_Global_Cities_Hub_Couleur_fond-blanc_RVB.png","width":2544,"height":1446,"caption":"Global Cities Hub"},"image":{"@id":"https:\/\/globalcitieshub.org\/fr\/#\/schema\/logo\/image\/"},"sameAs":["https:\/\/x.com\/genevacitieshub"]}]}},"_links":{"self":[{"href":"https:\/\/globalcitieshub.org\/fr\/wp-json\/wp\/v2\/pages\/11059","targetHints":{"allow":["GET"]}}],"collection":[{"href":"https:\/\/globalcitieshub.org\/fr\/wp-json\/wp\/v2\/pages"}],"about":[{"href":"https:\/\/globalcitieshub.org\/fr\/wp-json\/wp\/v2\/types\/page"}],"author":[{"embeddable":true,"href":"https:\/\/globalcitieshub.org\/fr\/wp-json\/wp\/v2\/users\/1"}],"replies":[{"embeddable":true,"href":"https:\/\/globalcitieshub.org\/fr\/wp-json\/wp\/v2\/comments?post=11059"}],"version-history":[{"count":48,"href":"https:\/\/globalcitieshub.org\/fr\/wp-json\/wp\/v2\/pages\/11059\/revisions"}],"predecessor-version":[{"id":13149,"href":"https:\/\/globalcitieshub.org\/fr\/wp-json\/wp\/v2\/pages\/11059\/revisions\/13149"}],"wp:attachment":[{"href":"https:\/\/globalcitieshub.org\/fr\/wp-json\/wp\/v2\/media?parent=11059"}],"curies":[{"name":"wp","href":"https:\/\/api.w.org\/{rel}","templated":true}]}}