{"id":10815,"date":"2021-03-25T08:46:04","date_gmt":"2021-03-25T08:46:04","guid":{"rendered":"https:\/\/gch.dev-bulbera.com\/?page_id=10815"},"modified":"2024-08-26T10:48:25","modified_gmt":"2024-08-26T08:48:25","slug":"privacy-policy","status":"publish","type":"page","link":"https:\/\/globalcitieshub.org\/fr\/privacy-policy\/","title":{"rendered":"Politique de confidentialit\u00e9"},"content":{"rendered":"<div data-elementor-type=\"wp-page\" data-elementor-id=\"10815\" class=\"elementor elementor-10815\">\n\t\t\t\t\t\t<section class=\"elementor-section elementor-top-section elementor-element elementor-element-d061ec7 elementor-section-boxed elementor-section-height-default elementor-section-height-default\" data-id=\"d061ec7\" data-element_type=\"section\" data-e-type=\"section\">\n\t\t\t\t\t\t<div class=\"elementor-container elementor-column-gap-default\">\n\t\t\t\t\t<div class=\"elementor-column elementor-col-100 elementor-top-column elementor-element elementor-element-4acc2f7\" data-id=\"4acc2f7\" data-element_type=\"column\" data-e-type=\"column\">\n\t\t\t<div class=\"elementor-widget-wrap elementor-element-populated\">\n\t\t\t\t\t\t<div class=\"elementor-element elementor-element-8114523 elementor-widget elementor-widget-text-editor\" data-id=\"8114523\" data-element_type=\"widget\" data-e-type=\"widget\" data-widget_type=\"text-editor.default\">\n\t\t\t\t<div class=\"elementor-widget-container\">\n\t\t\t\t\t\t\t\t\t<p><span style=\"font-weight: 400; color: #000000;\">Ce site web (globalcitieshub.org) est fourni par le Global Cities Hub et h\u00e9berg\u00e9 en Suisse.<\/span><\/p><p><span style=\"font-weight: 400; color: #000000;\">La pr\u00e9sente politique de confidentialit\u00e9 d\u00e9finit la mani\u00e8re dont les donn\u00e9es et informations personnelles des utilisateurs sont collect\u00e9es, utilis\u00e9es et stock\u00e9es lors de la visite de ce site web, afin que vous puissiez choisir de l'utiliser en connaissance de cause.<\/span><\/p><p><span style=\"font-weight: 400; color: #000000;\">Cette politique de confidentialit\u00e9 est bas\u00e9e sur le <\/span><a href=\"https:\/\/www.admin.ch\/opc\/en\/classified-compilation\/19920153\/index.html\"><span style=\"font-weight: 400;\">Loi f\u00e9d\u00e9rale suisse sur la protection des donn\u00e9es<\/span><\/a><span style=\"font-weight: 400; color: #000000;\"> et les conseils fournis par le <\/span><a href=\"https:\/\/www.edoeb.admin.ch\/edoeb\/en\/home\/the-fdpic\/legal-framework\/ii--a-few-facts-about-the-federal-act-on-data-protection.html\"><span style=\"font-weight: 400;\">Commissaire f\u00e9d\u00e9ral \u00e0 la protection des donn\u00e9es et \u00e0 la transparence<\/span><\/a><span style=\"font-weight: 400;\">.<\/span><\/p><h2><strong>COLLECTE, UTILISATION ET STOCKAGE DES DONN\u00c9ES PERSONNELLES<\/strong><\/h2><p><span style=\"font-weight: 400; color: #000000;\">Vous pouvez visiter la plupart des pages de ce site web sans avoir \u00e0 d\u00e9cliner votre identit\u00e9 et sans r\u00e9v\u00e9ler d'informations personnelles.<\/span><\/p><p><span style=\"font-weight: 400; color: #000000;\">Les donn\u00e9es personnelles ne sont pas collect\u00e9es, utilis\u00e9es ou stock\u00e9es sans la connaissance et le consentement pr\u00e9alables de l'utilisateur. Lorsque des donn\u00e9es \u00e0 caract\u00e8re personnel sont collect\u00e9es (par exemple, par le biais de formulaires en ligne pour les formulaires de contact, l'inscription \u00e0 des \u00e9v\u00e9nements ou l'abonnement \u00e0 notre bulletin d'information), l'utilisateur est inform\u00e9 de la nature des informations personnelles collect\u00e9es, de l'identit\u00e9 des personnes qui les utiliseront et des finalit\u00e9s poursuivies.<\/span><\/p><p><span style=\"font-weight: 400; color: #000000;\">Les donn\u00e9es \u00e0 caract\u00e8re personnel que vous nous communiquez seront trait\u00e9es avec des mesures techniques et organisationnelles visant \u00e0 pr\u00e9venir leur perte ou leur traitement ill\u00e9gal. Par exemple, vos donn\u00e9es personnelles ne peuvent \u00eatre consult\u00e9es que par le personnel autoris\u00e9 en raison de son r\u00f4le professionnel.<\/span><\/p><p><span style=\"font-weight: 400; color: #000000;\">Nous conserverons vos donn\u00e9es personnelles dans nos syst\u00e8mes aussi longtemps qu'elles seront utilis\u00e9es aux fins indiqu\u00e9es lors de la demande initiale. Nous ne distribuons, ne vendons ni ne louons \u00e0 quiconque les donn\u00e9es personnelles saisies par le biais du site web.\u00a0<\/span><\/p><p><span style=\"font-weight: 400; color: #000000;\">Nous ne sommes pas responsables du contenu ou des pratiques de confidentialit\u00e9 des sites web externes mentionn\u00e9s sur notre site.\u00a0<\/span><\/p><p><span style=\"font-weight: 400;\"><span style=\"color: #000000;\">Si vous avez d'autres questions ou si vous souhaitez obtenir des pr\u00e9cisions, veuillez vous adresser \u00e0<\/span> <\/span><a href=\"mailto:info@globalcitieshub.org\"><span style=\"font-weight: 400;\">info@globalcitieshub.org<\/span><\/a>.<\/p>\t\t\t\t\t\t\t\t<\/div>\n\t\t\t\t<\/div>\n\t\t\t\t\t<\/div>\n\t\t<\/div>\n\t\t\t\t\t<\/div>\n\t\t<\/section>\n\t\t\t\t<\/div>","protected":false},"excerpt":{"rendered":"<p>Ce site web (globalcitieshub.org) est fourni par le Global Cities Hub et h\u00e9berg\u00e9 en Suisse. Cette politique de confidentialit\u00e9 explique comment les donn\u00e9es personnelles des utilisateurs sont collect\u00e9es, utilis\u00e9es et stock\u00e9es lorsqu'ils visitent ce site web, afin que vous puissiez choisir de l'utiliser en toute connaissance de cause. Cette politique de confidentialit\u00e9 est bas\u00e9e sur la loi f\u00e9d\u00e9rale suisse ... <\/p>","protected":false},"author":1,"featured_media":0,"parent":0,"menu_order":0,"comment_status":"closed","ping_status":"closed","template":"","meta":{"_monsterinsights_skip_tracking":false,"_monsterinsights_sitenote_active":false,"_monsterinsights_sitenote_note":"","_monsterinsights_sitenote_category":0,"footnotes":""},"class_list":["post-10815","page","type-page","status-publish","hentry"],"yoast_head":"<!-- This site is optimized with the Yoast SEO plugin v27.4 - https:\/\/yoast.com\/product\/yoast-seo-wordpress\/ -->\n<title>Privacy Policy - Global Cities Hub<\/title>\n<meta name=\"robots\" content=\"index, follow, max-snippet:-1, max-image-preview:large, max-video-preview:-1\" \/>\n<link rel=\"canonical\" href=\"https:\/\/globalcitieshub.org\/fr\/privacy-policy\/\" \/>\n<meta property=\"og:locale\" content=\"fr_FR\" \/>\n<meta property=\"og:type\" content=\"article\" \/>\n<meta property=\"og:title\" content=\"Privacy Policy - Global Cities Hub\" \/>\n<meta property=\"og:description\" content=\"This website (globalcitieshub.org) is provided by the Global Cities Hub and hosted in Switzerland. This Privacy Policy sets out how users\u2019 personal data and details are collected, used and stored when visiting this website, so that you can make an informed choice about using it. This Privacy Policy is based on the Swiss Federal Law &hellip;\" \/>\n<meta property=\"og:url\" content=\"https:\/\/globalcitieshub.org\/fr\/privacy-policy\/\" \/>\n<meta property=\"og:site_name\" content=\"Global Cities Hub\" \/>\n<meta property=\"article:modified_time\" content=\"2024-08-26T08:48:25+00:00\" \/>\n<meta name=\"twitter:card\" content=\"summary_large_image\" \/>\n<meta name=\"twitter:site\" content=\"@genevacitieshub\" \/>\n<meta name=\"twitter:label1\" content=\"Dur\u00e9e de lecture estim\u00e9e\" \/>\n\t<meta name=\"twitter:data1\" content=\"2 minutes\" \/>\n<script type=\"application\/ld+json\" class=\"yoast-schema-graph\">{\"@context\":\"https:\\\/\\\/schema.org\",\"@graph\":[{\"@type\":\"WebPage\",\"@id\":\"https:\\\/\\\/globalcitieshub.org\\\/fr\\\/privacy-policy\\\/\",\"url\":\"https:\\\/\\\/globalcitieshub.org\\\/fr\\\/privacy-policy\\\/\",\"name\":\"Privacy Policy - Global Cities Hub\",\"isPartOf\":{\"@id\":\"https:\\\/\\\/globalcitieshub.org\\\/fr\\\/#website\"},\"datePublished\":\"2021-03-25T08:46:04+00:00\",\"dateModified\":\"2024-08-26T08:48:25+00:00\",\"inLanguage\":\"fr-FR\",\"potentialAction\":[{\"@type\":\"ReadAction\",\"target\":[\"https:\\\/\\\/globalcitieshub.org\\\/fr\\\/privacy-policy\\\/\"]}]},{\"@type\":\"WebSite\",\"@id\":\"https:\\\/\\\/globalcitieshub.org\\\/fr\\\/#website\",\"url\":\"https:\\\/\\\/globalcitieshub.org\\\/fr\\\/\",\"name\":\"Global Cities Hub\",\"description\":\"Connecting local and regional governments to the United Nations and other  international organizations\",\"publisher\":{\"@id\":\"https:\\\/\\\/globalcitieshub.org\\\/fr\\\/#organization\"},\"potentialAction\":[{\"@type\":\"SearchAction\",\"target\":{\"@type\":\"EntryPoint\",\"urlTemplate\":\"https:\\\/\\\/globalcitieshub.org\\\/fr\\\/?s={search_term_string}\"},\"query-input\":{\"@type\":\"PropertyValueSpecification\",\"valueRequired\":true,\"valueName\":\"search_term_string\"}}],\"inLanguage\":\"fr-FR\"},{\"@type\":\"Organization\",\"@id\":\"https:\\\/\\\/globalcitieshub.org\\\/fr\\\/#organization\",\"name\":\"Global Cities Hub\",\"url\":\"https:\\\/\\\/globalcitieshub.org\\\/fr\\\/\",\"logo\":{\"@type\":\"ImageObject\",\"inLanguage\":\"fr-FR\",\"@id\":\"https:\\\/\\\/globalcitieshub.org\\\/fr\\\/#\\\/schema\\\/logo\\\/image\\\/\",\"url\":\"https:\\\/\\\/globalcitieshub.org\\\/wp-content\\\/uploads\\\/2023\\\/09\\\/230829_Logo_Global_Cities_Hub_Couleur_fond-blanc_RVB.png\",\"contentUrl\":\"https:\\\/\\\/globalcitieshub.org\\\/wp-content\\\/uploads\\\/2023\\\/09\\\/230829_Logo_Global_Cities_Hub_Couleur_fond-blanc_RVB.png\",\"width\":2544,\"height\":1446,\"caption\":\"Global Cities Hub\"},\"image\":{\"@id\":\"https:\\\/\\\/globalcitieshub.org\\\/fr\\\/#\\\/schema\\\/logo\\\/image\\\/\"},\"sameAs\":[\"https:\\\/\\\/x.com\\\/genevacitieshub\"]}]}<\/script>\n<!-- \/ Yoast SEO plugin. -->","yoast_head_json":{"title":"Politique de confidentialit\u00e9 - Global Cities Hub","robots":{"index":"index","follow":"follow","max-snippet":"max-snippet:-1","max-image-preview":"max-image-preview:large","max-video-preview":"max-video-preview:-1"},"canonical":"https:\/\/globalcitieshub.org\/fr\/privacy-policy\/","og_locale":"fr_FR","og_type":"article","og_title":"Privacy Policy - Global Cities Hub","og_description":"This website (globalcitieshub.org) is provided by the Global Cities Hub and hosted in Switzerland. This Privacy Policy sets out how users\u2019 personal data and details are collected, used and stored when visiting this website, so that you can make an informed choice about using it. This Privacy Policy is based on the Swiss Federal Law &hellip;","og_url":"https:\/\/globalcitieshub.org\/fr\/privacy-policy\/","og_site_name":"Global Cities Hub","article_modified_time":"2024-08-26T08:48:25+00:00","twitter_card":"summary_large_image","twitter_site":"@genevacitieshub","twitter_misc":{"Dur\u00e9e de lecture estim\u00e9e":"2 minutes"},"schema":{"@context":"https:\/\/schema.org","@graph":[{"@type":"WebPage","@id":"https:\/\/globalcitieshub.org\/fr\/privacy-policy\/","url":"https:\/\/globalcitieshub.org\/fr\/privacy-policy\/","name":"Politique de confidentialit\u00e9 - Global Cities Hub","isPartOf":{"@id":"https:\/\/globalcitieshub.org\/fr\/#website"},"datePublished":"2021-03-25T08:46:04+00:00","dateModified":"2024-08-26T08:48:25+00:00","inLanguage":"fr-FR","potentialAction":[{"@type":"ReadAction","target":["https:\/\/globalcitieshub.org\/fr\/privacy-policy\/"]}]},{"@type":"WebSite","@id":"https:\/\/globalcitieshub.org\/fr\/#website","url":"https:\/\/globalcitieshub.org\/fr\/","name":"Global Cities Hub","description":"Relier les gouvernements locaux et r\u00e9gionaux aux Nations unies et \u00e0 d'autres organisations internationales","publisher":{"@id":"https:\/\/globalcitieshub.org\/fr\/#organization"},"potentialAction":[{"@type":"SearchAction","target":{"@type":"EntryPoint","urlTemplate":"https:\/\/globalcitieshub.org\/fr\/?s={search_term_string}"},"query-input":{"@type":"PropertyValueSpecification","valueRequired":true,"valueName":"search_term_string"}}],"inLanguage":"fr-FR"},{"@type":"Organization","@id":"https:\/\/globalcitieshub.org\/fr\/#organization","name":"Global Cities Hub","url":"https:\/\/globalcitieshub.org\/fr\/","logo":{"@type":"ImageObject","inLanguage":"fr-FR","@id":"https:\/\/globalcitieshub.org\/fr\/#\/schema\/logo\/image\/","url":"https:\/\/globalcitieshub.org\/wp-content\/uploads\/2023\/09\/230829_Logo_Global_Cities_Hub_Couleur_fond-blanc_RVB.png","contentUrl":"https:\/\/globalcitieshub.org\/wp-content\/uploads\/2023\/09\/230829_Logo_Global_Cities_Hub_Couleur_fond-blanc_RVB.png","width":2544,"height":1446,"caption":"Global Cities Hub"},"image":{"@id":"https:\/\/globalcitieshub.org\/fr\/#\/schema\/logo\/image\/"},"sameAs":["https:\/\/x.com\/genevacitieshub"]}]}},"_links":{"self":[{"href":"https:\/\/globalcitieshub.org\/fr\/wp-json\/wp\/v2\/pages\/10815","targetHints":{"allow":["GET"]}}],"collection":[{"href":"https:\/\/globalcitieshub.org\/fr\/wp-json\/wp\/v2\/pages"}],"about":[{"href":"https:\/\/globalcitieshub.org\/fr\/wp-json\/wp\/v2\/types\/page"}],"author":[{"embeddable":true,"href":"https:\/\/globalcitieshub.org\/fr\/wp-json\/wp\/v2\/users\/1"}],"replies":[{"embeddable":true,"href":"https:\/\/globalcitieshub.org\/fr\/wp-json\/wp\/v2\/comments?post=10815"}],"version-history":[{"count":17,"href":"https:\/\/globalcitieshub.org\/fr\/wp-json\/wp\/v2\/pages\/10815\/revisions"}],"predecessor-version":[{"id":21211,"href":"https:\/\/globalcitieshub.org\/fr\/wp-json\/wp\/v2\/pages\/10815\/revisions\/21211"}],"wp:attachment":[{"href":"https:\/\/globalcitieshub.org\/fr\/wp-json\/wp\/v2\/media?parent=10815"}],"curies":[{"name":"wp","href":"https:\/\/api.w.org\/{rel}","templated":true}]}}