{"id":9820,"date":"2021-02-08T12:06:50","date_gmt":"2021-02-08T12:06:50","guid":{"rendered":"https:\/\/gch.dev-bulbera.com\/?page_id=9820"},"modified":"2021-06-23T13:34:51","modified_gmt":"2021-06-23T13:34:51","slug":"humanitarian-topics-law","status":"publish","type":"page","link":"https:\/\/globalcitieshub.org\/es\/humanitarian\/","title":{"rendered":"Humanitario"},"content":{"rendered":"<div data-elementor-type=\"wp-page\" data-elementor-id=\"9820\" class=\"elementor elementor-9820\">\n\t\t\t\t\t\t<section class=\"elementor-section elementor-top-section elementor-element elementor-element-e4b30a7 elementor-section-boxed elementor-section-height-default elementor-section-height-default\" data-id=\"e4b30a7\" data-element_type=\"section\" data-e-type=\"section\">\n\t\t\t\t\t\t<div class=\"elementor-container elementor-column-gap-default\">\n\t\t\t\t\t<div class=\"elementor-column elementor-col-100 elementor-top-column elementor-element elementor-element-560325c\" data-id=\"560325c\" data-element_type=\"column\" data-e-type=\"column\">\n\t\t\t<div class=\"elementor-widget-wrap elementor-element-populated\">\n\t\t\t\t\t\t<div class=\"elementor-element elementor-element-dd4294d elementor-widget elementor-widget-listings_grid_new\" data-id=\"dd4294d\" data-element_type=\"widget\" data-e-type=\"widget\" data-widget_type=\"listings_grid_new.default\">\n\t\t\t\t<div class=\"elementor-widget-container\">\n\t\t\t\t\t        <!-- carousel -->\r\n        <div class=\"listings-grid-wrap clearfix three-cols\">\r\n\r\n\r\n                <!-- list-main-wrap-->\r\n                <div class=\"list-main-wrap fl-wrap card-listing cthiso-isotope-wrapper\">\r\n\r\n                    <div class=\"container\">\r\n                        <div class=\"row\">\r\n\r\n                            <div class=\"col-md-12\">\r\n\r\n                                \r\n                                <div class=\"cthiso-items cthiso-small-pad cthiso-three-cols clearfix cthiso-flexes\">\r\n                                    <div class=\"cthiso-sizer\"><\/div>\r\n                                    \r\n<!-- listing-item -->\r\n<div class=\"cthiso-item listing-item-loop post-18737 listing type-listing status-publish has-post-thumbnail hentry listing_cat-humanitarian\"  data-postid=\"18737\">\r\n    <article class=\"geodir-category-listing fl-wrap\">\r\n        <div class=\"azp_element preview_listing azp-element-azp-sgfq927d1s geodir-category-img news card-hide-overlay\" >\r\n        <div class=\"geodir-js-favorite_btn\">\r\n                    <a href=\"#\" class=\"save-btn logreg-modal-open\" data-message=\"Logging in first to save this listing.\"><i class=\"fal fa-heart\"><\/i><span>Guardar<\/span><\/a>\r\n            <\/div>\r\n    \r\n            \r\n\r\n    <a href=\"https:\/\/globalcitieshub.org\/es\/world-food-programme-wfp\/\" class=\"listing-thumb-link geodir-category-img-wrap fl-wrap\">\r\n        \r\n        <img fetchpriority=\"high\" width=\"424\" height=\"280\" class=\"respimg lazy\" alt=\"\" data-src=\"https:\/\/globalcitieshub.org\/wp-content\/uploads\/2023\/12\/vignette_mapping_WFP.png\" data-lazy=\"https:\/\/globalcitieshub.org\/wp-content\/uploads\/2023\/12\/vignette_mapping_WFP.png\" \/>\r\n            <\/a>\r\n        <div class=\"listing-avatar\"><a href=\"https:\/\/globalcitieshub.org\/es\/author\/root_new\/\"><img alt='raiz_nueva' src='https:\/\/globalcitieshub.org\/wp-content\/plugins\/townhub-add-ons\/assets\/images\/avatar.jpg' class='avatar avatar-80 photo' height='80' width='80' \/><\/a>\r\n        <span class=\"avatar-tooltip lpre-avatar\">A\u00f1adido por <strong>raiz_nueva<\/strong><\/span>\r\n    <\/div>\r\n    \r\n    \r\n     \r\n\r\n    \r\n    \r\n    \r\n    \r\n     \r\n          \r\n        <div class=\"lcfields-wrap dis-flex\"><\/div>\r\n    \r\n<\/div>\r\n<div class=\"azp_element preview_listing_content azp-element-azp-e49ww3xidf9 geodir-category-content custom-listing-fields\" >\r\n\r\n    \r\n    <div class=\"geodir-category-content-title fl-wrap\">\r\n        <div class=\"geodir-category-content-title-item\">\r\n            <h3 class=\"title-sin_map\">\r\n                                <a href=\"https:\/\/globalcitieshub.org\/es\/world-food-programme-wfp\/\">Programa Mundial de Alimentos (PMA)<\/a>\r\n                            <\/h3>\r\n            <div class=\"geodir-category-location fl-wrap\"><a href=\"#\" class=\"map-item\" target=\"_blank\"><i class=\"fas fa-map-marker-alt\"><\/i>Ginebra<\/a><\/div>        <\/div>\r\n    <\/div>\r\n    <div class=\"geodir-category-text fl-wrap\">\r\n                        <div class=\"lcfields-wrap dis-flex\"><div class=\"azp_element lcustom_field lcfield-short_description ftitle-block-no azp-element-azp-q46aa9a7o8 lcfield-wid-12 lcus-field-type-dflt lcus-sec-style-no authplan-hide-false\">\r\n    <div class=\"for-hide-on-author\"><\/div>\r\n                <div class=\"lcfield-inner\">\r\n                                                            <span class=\"lcfield-value\">El PMA es la mayor organizaci\u00f3n humanitaria que proporciona ayuda alimentaria de emergencia a las personas necesitadas. A la luz de las grandes crisis con una fuerte dimensi\u00f3n urbana de la \u00faltima d\u00e9cada, el PMA ha ampliado considerablemente su capacidad y su huella operativa en las zonas urbanas.<\/span>\r\n                                    <\/div>\r\n    <\/div>\r\n<div class=\"azp_element lcustom_field lcfield-institution ftitle-block-no azp-element-azp-njjrf9c9xi lcfield-wid-12 lcus-field-type-dflt lcus-sec-style-no institution authplan-hide-false\">\r\n    <div class=\"for-hide-on-author\"><\/div>\r\n                <div class=\"lcfield-inner\">\r\n                <span class=\"lcfield-title\">Instituci\u00f3n:<\/span>                                            <span class=\"lcfield-value\">PMA<\/span>\r\n                                    <\/div>\r\n    <\/div>\r\n<\/div>\r\n            <\/div>\r\n        <div class=\"geodir-category-footer fl-wrap dis-flex\">\r\n                    <div class=\"listing-cats-wrap dis-flex\">\r\n                <a href=\"https:\/\/globalcitieshub.org\/es\/entry-category\/humanitarian\/\" class=\"listing-item-category-wrap flex-items-center\"><div class=\"listing-item-category red-bg\"><i class=\"fa fa-cutlery\"><\/i><\/div><span>Humanitario<\/span><\/a>             <\/div>\r\n                        <div class=\"geodir-opt-list dis-flex\">\r\n            <ul class=\"no-list-style\">\r\n                                                                                            <\/ul>\r\n        <\/div>\r\n            <\/div>\r\n    <\/div>\r\n    <\/article>\r\n<\/div>\r\n<!-- listing-item end-->  \r\n<!-- listing-item -->\r\n<div class=\"cthiso-item listing-item-loop post-12067 listing type-listing status-publish has-post-thumbnail hentry listing_cat-humanitarian\"  data-postid=\"12067\">\r\n    <article class=\"geodir-category-listing fl-wrap\">\r\n        <div class=\"azp_element preview_listing azp-element-azp-sgfq927d1s geodir-category-img news card-hide-overlay\" >\r\n        <div class=\"geodir-js-favorite_btn\">\r\n                    <a href=\"#\" class=\"save-btn logreg-modal-open\" data-message=\"Logging in first to save this listing.\"><i class=\"fal fa-heart\"><\/i><span>Guardar<\/span><\/a>\r\n            <\/div>\r\n    \r\n            \r\n\r\n    <a href=\"https:\/\/globalcitieshub.org\/es\/icrc-urban-issues\/\" class=\"listing-thumb-link geodir-category-img-wrap fl-wrap\">\r\n        \r\n        <img width=\"424\" height=\"280\" class=\"respimg lazy\" alt=\"\" data-src=\"https:\/\/globalcitieshub.org\/wp-content\/uploads\/2023\/05\/vignette_mapping_ICRC.png\" data-lazy=\"https:\/\/globalcitieshub.org\/wp-content\/uploads\/2023\/05\/vignette_mapping_ICRC.png\" \/>\r\n            <\/a>\r\n        <div class=\"listing-avatar\"><a href=\"https:\/\/globalcitieshub.org\/es\/author\/root_new\/\"><img alt='raiz_nueva' src='https:\/\/globalcitieshub.org\/wp-content\/plugins\/townhub-add-ons\/assets\/images\/avatar.jpg' class='avatar avatar-80 photo' height='80' width='80' \/><\/a>\r\n        <span class=\"avatar-tooltip lpre-avatar\">A\u00f1adido por <strong>raiz_nueva<\/strong><\/span>\r\n    <\/div>\r\n    \r\n    \r\n     \r\n\r\n    \r\n    \r\n    \r\n    \r\n     \r\n          \r\n        <div class=\"lcfields-wrap dis-flex\"><\/div>\r\n    \r\n<\/div>\r\n<div class=\"azp_element preview_listing_content azp-element-azp-e49ww3xidf9 geodir-category-content custom-listing-fields\" >\r\n\r\n    \r\n    <div class=\"geodir-category-content-title fl-wrap\">\r\n        <div class=\"geodir-category-content-title-item\">\r\n            <h3 class=\"title-sin_map\">\r\n                                <a href=\"https:\/\/globalcitieshub.org\/es\/icrc-urban-issues\/\">Comit\u00e9 Internacional de la Cruz Roja (CICR)<\/a>\r\n                            <\/h3>\r\n            <div class=\"geodir-category-location fl-wrap\"><a href=\"#\" class=\"map-item\" target=\"_blank\"><i class=\"fas fa-map-marker-alt\"><\/i>Ginebra<\/a><\/div>        <\/div>\r\n    <\/div>\r\n    <div class=\"geodir-category-text fl-wrap\">\r\n                        <div class=\"lcfields-wrap dis-flex\"><div class=\"azp_element lcustom_field lcfield-short_description ftitle-block-no azp-element-azp-q46aa9a7o8 lcfield-wid-12 lcus-field-type-dflt lcus-sec-style-no authplan-hide-false\">\r\n    <div class=\"for-hide-on-author\"><\/div>\r\n                <div class=\"lcfield-inner\">\r\n                                                            <span class=\"lcfield-value\">El CICR ayuda a las personas afectadas por los conflictos y la violencia armada y promueve las leyes que protegen a las v\u00edctimas de la guerra. Act\u00faa en todo el mundo, incluso en zonas urbanas donde el coste humano de los conflictos armados y la violencia es innumerable.<\/span>\r\n                                    <\/div>\r\n    <\/div>\r\n<div class=\"azp_element lcustom_field lcfield-institution ftitle-block-no azp-element-azp-njjrf9c9xi lcfield-wid-12 lcus-field-type-dflt lcus-sec-style-no institution authplan-hide-false\">\r\n    <div class=\"for-hide-on-author\"><\/div>\r\n                <div class=\"lcfield-inner\">\r\n                <span class=\"lcfield-title\">Instituci\u00f3n:<\/span>                                            <span class=\"lcfield-value\">CICR<\/span>\r\n                                    <\/div>\r\n    <\/div>\r\n<\/div>\r\n            <\/div>\r\n        <div class=\"geodir-category-footer fl-wrap dis-flex\">\r\n                    <div class=\"listing-cats-wrap dis-flex\">\r\n                <a href=\"https:\/\/globalcitieshub.org\/es\/entry-category\/humanitarian\/\" class=\"listing-item-category-wrap flex-items-center\"><div class=\"listing-item-category red-bg\"><i class=\"fa fa-cutlery\"><\/i><\/div><span>Humanitario<\/span><\/a>             <\/div>\r\n                        <div class=\"geodir-opt-list dis-flex\">\r\n            <ul class=\"no-list-style\">\r\n                                                                                            <\/ul>\r\n        <\/div>\r\n            <\/div>\r\n    <\/div>\r\n    <\/article>\r\n<\/div>\r\n<!-- listing-item end-->  \r\n<!-- listing-item -->\r\n<div class=\"cthiso-item listing-item-loop post-11185 listing type-listing status-publish has-post-thumbnail hentry listing_cat-humanitarian\"  data-postid=\"11185\">\r\n    <article class=\"geodir-category-listing fl-wrap\">\r\n        <div class=\"azp_element preview_listing azp-element-azp-sgfq927d1s geodir-category-img news card-hide-overlay\" >\r\n        <div class=\"geodir-js-favorite_btn\">\r\n                    <a href=\"#\" class=\"save-btn logreg-modal-open\" data-message=\"Logging in first to save this listing.\"><i class=\"fal fa-heart\"><\/i><span>Guardar<\/span><\/a>\r\n            <\/div>\r\n    \r\n            \r\n\r\n    <a href=\"https:\/\/globalcitieshub.org\/es\/international-federation-of-the-red-cross-and-red-crescent-societies\/\" class=\"listing-thumb-link geodir-category-img-wrap fl-wrap\">\r\n        \r\n        <img width=\"424\" height=\"280\" class=\"respimg lazy\" alt=\"\" data-src=\"https:\/\/globalcitieshub.org\/wp-content\/uploads\/2022\/06\/vignette_mapping_IFRC.png\" data-lazy=\"https:\/\/globalcitieshub.org\/wp-content\/uploads\/2022\/06\/vignette_mapping_IFRC.png\" \/>\r\n            <\/a>\r\n        <div class=\"listing-avatar\"><a href=\"https:\/\/globalcitieshub.org\/es\/author\/root_new\/\"><img alt='raiz_nueva' src='https:\/\/globalcitieshub.org\/wp-content\/plugins\/townhub-add-ons\/assets\/images\/avatar.jpg' class='avatar avatar-80 photo' height='80' width='80' \/><\/a>\r\n        <span class=\"avatar-tooltip lpre-avatar\">A\u00f1adido por <strong>raiz_nueva<\/strong><\/span>\r\n    <\/div>\r\n    \r\n    \r\n     \r\n\r\n    \r\n    \r\n    \r\n    \r\n     \r\n          \r\n        <div class=\"lcfields-wrap dis-flex\"><\/div>\r\n    \r\n<\/div>\r\n<div class=\"azp_element preview_listing_content azp-element-azp-e49ww3xidf9 geodir-category-content custom-listing-fields\" >\r\n\r\n    \r\n    <div class=\"geodir-category-content-title fl-wrap\">\r\n        <div class=\"geodir-category-content-title-item\">\r\n            <h3 class=\"title-sin_map\">\r\n                                <a href=\"https:\/\/globalcitieshub.org\/es\/international-federation-of-the-red-cross-and-red-crescent-societies\/\">Federaci\u00f3n Internacional de Sociedades de la Cruz Roja y de la Media Luna Roja (FICR)<\/a>\r\n                            <\/h3>\r\n            <div class=\"geodir-category-location fl-wrap\"><a href=\"#\" class=\"map-item\" target=\"_blank\"><i class=\"fas fa-map-marker-alt\"><\/i>Ginebra<\/a><\/div>        <\/div>\r\n    <\/div>\r\n    <div class=\"geodir-category-text fl-wrap\">\r\n                        <div class=\"lcfields-wrap dis-flex\"><div class=\"azp_element lcustom_field lcfield-short_description ftitle-block-no azp-element-azp-q46aa9a7o8 lcfield-wid-12 lcus-field-type-dflt lcus-sec-style-no authplan-hide-false\">\r\n    <div class=\"for-hide-on-author\"><\/div>\r\n                <div class=\"lcfield-inner\">\r\n                                                            <span class=\"lcfield-value\">Con sede en Ginebra, la FICR colabora con todas las Sociedades Nacionales de la Cruz Roja y de la Media Luna Roja en la prestaci\u00f3n de asistencia humanitaria en situaciones no conflictivas (por ejemplo, cat\u00e1strofes, emergencias sanitarias), que se dan cada vez m\u00e1s en contextos urbanos. \r\n<\/span>\r\n                                    <\/div>\r\n    <\/div>\r\n<div class=\"azp_element lcustom_field lcfield-institution ftitle-block-no azp-element-azp-njjrf9c9xi lcfield-wid-12 lcus-field-type-dflt lcus-sec-style-no institution authplan-hide-false\">\r\n    <div class=\"for-hide-on-author\"><\/div>\r\n                <div class=\"lcfield-inner\">\r\n                <span class=\"lcfield-title\">Instituci\u00f3n:<\/span>                                            <span class=\"lcfield-value\">FICR<\/span>\r\n                                    <\/div>\r\n    <\/div>\r\n<\/div>\r\n            <\/div>\r\n        <div class=\"geodir-category-footer fl-wrap dis-flex\">\r\n                    <div class=\"listing-cats-wrap dis-flex\">\r\n                <a href=\"https:\/\/globalcitieshub.org\/es\/entry-category\/humanitarian\/\" class=\"listing-item-category-wrap flex-items-center\"><div class=\"listing-item-category red-bg\"><i class=\"fa fa-cutlery\"><\/i><\/div><span>Humanitario<\/span><\/a>             <\/div>\r\n                        <div class=\"geodir-opt-list dis-flex\">\r\n            <ul class=\"no-list-style\">\r\n                                                                                            <\/ul>\r\n        <\/div>\r\n            <\/div>\r\n    <\/div>\r\n    <\/article>\r\n<\/div>\r\n<!-- listing-item end-->                                  <\/div>\r\n                                                                <div class=\"view-all-listings\"><a href=\"https:\/\/globalcitieshub.org\/es\/listing\/\"  class=\"btn  dec_btn  color2-bg\">Ver todos los listados<i class=\"fal fa-arrow-alt-right\"><\/i><\/a><\/div>\r\n                            <\/div>\r\n                            <!-- end col-md-12 -->\r\n                        <\/div>\r\n                        <!-- end row -->\r\n                    <\/div>\r\n                    <!-- end container -->\r\n                <\/div>\r\n                <!-- list-main-wrap end-->\r\n\r\n        <\/div>\r\n        <!--  listings-grid-wrap end-->\r\n\r\n        \r\n                \t\t\t\t<\/div>\n\t\t\t\t<\/div>\n\t\t\t\t\t<\/div>\n\t\t<\/div>\n\t\t\t\t\t<\/div>\n\t\t<\/section>\n\t\t\t\t<\/div>","protected":false},"excerpt":{"rendered":"<p>No hay resultados No hay anuncios que coincidan con su b\u00fasqueda. Intente cambiar los filtros de b\u00fasqueda o Restablecer filtro Ver todos los anuncios<\/p>","protected":false},"author":1,"featured_media":0,"parent":10456,"menu_order":0,"comment_status":"closed","ping_status":"closed","template":"","meta":{"_monsterinsights_skip_tracking":false,"_monsterinsights_sitenote_active":false,"_monsterinsights_sitenote_note":"","_monsterinsights_sitenote_category":0,"footnotes":""},"class_list":["post-9820","page","type-page","status-publish","hentry"],"yoast_head":"<!-- This site is optimized with the Yoast SEO plugin v27.3 - https:\/\/yoast.com\/product\/yoast-seo-wordpress\/ -->\n<title>Geneva Cities Hub - Humanitarian<\/title>\n<meta name=\"description\" content=\"Discover the international actors and partners who develop programs related to humanitarian response in urban settings\" \/>\n<meta name=\"robots\" content=\"index, follow, max-snippet:-1, max-image-preview:large, max-video-preview:-1\" \/>\n<link rel=\"canonical\" href=\"https:\/\/globalcitieshub.org\/es\/humanitarian\/\" \/>\n<meta property=\"og:locale\" content=\"es_ES\" \/>\n<meta property=\"og:type\" content=\"article\" \/>\n<meta property=\"og:title\" content=\"Geneva Cities Hub - Humanitarian\" \/>\n<meta property=\"og:description\" content=\"Discover the international actors and partners who develop programs related to humanitarian response in urban settings\" \/>\n<meta property=\"og:url\" content=\"https:\/\/globalcitieshub.org\/es\/humanitarian\/\" \/>\n<meta property=\"og:site_name\" content=\"Global Cities Hub\" \/>\n<meta property=\"article:modified_time\" content=\"2021-06-23T13:34:51+00:00\" \/>\n<meta name=\"twitter:card\" content=\"summary_large_image\" \/>\n<meta name=\"twitter:site\" content=\"@genevacitieshub\" \/>\n<meta name=\"twitter:label1\" content=\"Tiempo de lectura\" \/>\n\t<meta name=\"twitter:data1\" content=\"1 minuto\" \/>\n<script type=\"application\/ld+json\" class=\"yoast-schema-graph\">{\"@context\":\"https:\\\/\\\/schema.org\",\"@graph\":[{\"@type\":\"WebPage\",\"@id\":\"https:\\\/\\\/globalcitieshub.org\\\/es\\\/humanitarian\\\/\",\"url\":\"https:\\\/\\\/globalcitieshub.org\\\/es\\\/humanitarian\\\/\",\"name\":\"Geneva Cities Hub - Humanitarian\",\"isPartOf\":{\"@id\":\"https:\\\/\\\/globalcitieshub.org\\\/es\\\/#website\"},\"datePublished\":\"2021-02-08T12:06:50+00:00\",\"dateModified\":\"2021-06-23T13:34:51+00:00\",\"description\":\"Discover the international actors and partners who develop programs related to humanitarian response in urban settings\",\"breadcrumb\":{\"@id\":\"https:\\\/\\\/globalcitieshub.org\\\/es\\\/humanitarian\\\/#breadcrumb\"},\"inLanguage\":\"es\",\"potentialAction\":[{\"@type\":\"ReadAction\",\"target\":[\"https:\\\/\\\/globalcitieshub.org\\\/es\\\/humanitarian\\\/\"]}]},{\"@type\":\"BreadcrumbList\",\"@id\":\"https:\\\/\\\/globalcitieshub.org\\\/es\\\/humanitarian\\\/#breadcrumb\",\"itemListElement\":[{\"@type\":\"ListItem\",\"position\":1,\"name\":\"Mapping\",\"item\":\"https:\\\/\\\/globalcitieshub.org\\\/en\\\/mapping\\\/\"},{\"@type\":\"ListItem\",\"position\":2,\"name\":\"Humanitarian\"}]},{\"@type\":\"WebSite\",\"@id\":\"https:\\\/\\\/globalcitieshub.org\\\/es\\\/#website\",\"url\":\"https:\\\/\\\/globalcitieshub.org\\\/es\\\/\",\"name\":\"Global Cities Hub\",\"description\":\"Connecting local and regional governments to the United Nations and other  international organizations\",\"publisher\":{\"@id\":\"https:\\\/\\\/globalcitieshub.org\\\/es\\\/#organization\"},\"potentialAction\":[{\"@type\":\"SearchAction\",\"target\":{\"@type\":\"EntryPoint\",\"urlTemplate\":\"https:\\\/\\\/globalcitieshub.org\\\/es\\\/?s={search_term_string}\"},\"query-input\":{\"@type\":\"PropertyValueSpecification\",\"valueRequired\":true,\"valueName\":\"search_term_string\"}}],\"inLanguage\":\"es\"},{\"@type\":\"Organization\",\"@id\":\"https:\\\/\\\/globalcitieshub.org\\\/es\\\/#organization\",\"name\":\"Global Cities Hub\",\"url\":\"https:\\\/\\\/globalcitieshub.org\\\/es\\\/\",\"logo\":{\"@type\":\"ImageObject\",\"inLanguage\":\"es\",\"@id\":\"https:\\\/\\\/globalcitieshub.org\\\/es\\\/#\\\/schema\\\/logo\\\/image\\\/\",\"url\":\"https:\\\/\\\/globalcitieshub.org\\\/wp-content\\\/uploads\\\/2023\\\/09\\\/230829_Logo_Global_Cities_Hub_Couleur_fond-blanc_RVB.png\",\"contentUrl\":\"https:\\\/\\\/globalcitieshub.org\\\/wp-content\\\/uploads\\\/2023\\\/09\\\/230829_Logo_Global_Cities_Hub_Couleur_fond-blanc_RVB.png\",\"width\":2544,\"height\":1446,\"caption\":\"Global Cities Hub\"},\"image\":{\"@id\":\"https:\\\/\\\/globalcitieshub.org\\\/es\\\/#\\\/schema\\\/logo\\\/image\\\/\"},\"sameAs\":[\"https:\\\/\\\/x.com\\\/genevacitieshub\"]}]}<\/script>\n<!-- \/ Yoast SEO plugin. -->","yoast_head_json":{"title":"Geneva Cities Hub - Ayuda humanitaria","description":"Descubra los actores y socios internacionales que desarrollan programas relacionados con la respuesta humanitaria en entornos urbanos","robots":{"index":"index","follow":"follow","max-snippet":"max-snippet:-1","max-image-preview":"max-image-preview:large","max-video-preview":"max-video-preview:-1"},"canonical":"https:\/\/globalcitieshub.org\/es\/humanitarian\/","og_locale":"es_ES","og_type":"article","og_title":"Geneva Cities Hub - Humanitarian","og_description":"Discover the international actors and partners who develop programs related to humanitarian response in urban settings","og_url":"https:\/\/globalcitieshub.org\/es\/humanitarian\/","og_site_name":"Global Cities Hub","article_modified_time":"2021-06-23T13:34:51+00:00","twitter_card":"summary_large_image","twitter_site":"@genevacitieshub","twitter_misc":{"Tiempo de lectura":"1 minuto"},"schema":{"@context":"https:\/\/schema.org","@graph":[{"@type":"WebPage","@id":"https:\/\/globalcitieshub.org\/es\/humanitarian\/","url":"https:\/\/globalcitieshub.org\/es\/humanitarian\/","name":"Geneva Cities Hub - Ayuda humanitaria","isPartOf":{"@id":"https:\/\/globalcitieshub.org\/es\/#website"},"datePublished":"2021-02-08T12:06:50+00:00","dateModified":"2021-06-23T13:34:51+00:00","description":"Descubra los actores y socios internacionales que desarrollan programas relacionados con la respuesta humanitaria en entornos urbanos","breadcrumb":{"@id":"https:\/\/globalcitieshub.org\/es\/humanitarian\/#breadcrumb"},"inLanguage":"es","potentialAction":[{"@type":"ReadAction","target":["https:\/\/globalcitieshub.org\/es\/humanitarian\/"]}]},{"@type":"BreadcrumbList","@id":"https:\/\/globalcitieshub.org\/es\/humanitarian\/#breadcrumb","itemListElement":[{"@type":"ListItem","position":1,"name":"Mapping","item":"https:\/\/globalcitieshub.org\/en\/mapping\/"},{"@type":"ListItem","position":2,"name":"Humanitarian"}]},{"@type":"WebSite","@id":"https:\/\/globalcitieshub.org\/es\/#website","url":"https:\/\/globalcitieshub.org\/es\/","name":"Global Cities Hub","description":"Conectar a los gobiernos locales y regionales con las Naciones Unidas y otras organizaciones internacionales.","publisher":{"@id":"https:\/\/globalcitieshub.org\/es\/#organization"},"potentialAction":[{"@type":"SearchAction","target":{"@type":"EntryPoint","urlTemplate":"https:\/\/globalcitieshub.org\/es\/?s={search_term_string}"},"query-input":{"@type":"PropertyValueSpecification","valueRequired":true,"valueName":"search_term_string"}}],"inLanguage":"es"},{"@type":"Organization","@id":"https:\/\/globalcitieshub.org\/es\/#organization","name":"Global Cities Hub","url":"https:\/\/globalcitieshub.org\/es\/","logo":{"@type":"ImageObject","inLanguage":"es","@id":"https:\/\/globalcitieshub.org\/es\/#\/schema\/logo\/image\/","url":"https:\/\/globalcitieshub.org\/wp-content\/uploads\/2023\/09\/230829_Logo_Global_Cities_Hub_Couleur_fond-blanc_RVB.png","contentUrl":"https:\/\/globalcitieshub.org\/wp-content\/uploads\/2023\/09\/230829_Logo_Global_Cities_Hub_Couleur_fond-blanc_RVB.png","width":2544,"height":1446,"caption":"Global Cities Hub"},"image":{"@id":"https:\/\/globalcitieshub.org\/es\/#\/schema\/logo\/image\/"},"sameAs":["https:\/\/x.com\/genevacitieshub"]}]}},"_links":{"self":[{"href":"https:\/\/globalcitieshub.org\/es\/wp-json\/wp\/v2\/pages\/9820","targetHints":{"allow":["GET"]}}],"collection":[{"href":"https:\/\/globalcitieshub.org\/es\/wp-json\/wp\/v2\/pages"}],"about":[{"href":"https:\/\/globalcitieshub.org\/es\/wp-json\/wp\/v2\/types\/page"}],"author":[{"embeddable":true,"href":"https:\/\/globalcitieshub.org\/es\/wp-json\/wp\/v2\/users\/1"}],"replies":[{"embeddable":true,"href":"https:\/\/globalcitieshub.org\/es\/wp-json\/wp\/v2\/comments?post=9820"}],"version-history":[{"count":7,"href":"https:\/\/globalcitieshub.org\/es\/wp-json\/wp\/v2\/pages\/9820\/revisions"}],"predecessor-version":[{"id":14570,"href":"https:\/\/globalcitieshub.org\/es\/wp-json\/wp\/v2\/pages\/9820\/revisions\/14570"}],"up":[{"embeddable":true,"href":"https:\/\/globalcitieshub.org\/es\/wp-json\/wp\/v2\/pages\/10456"}],"wp:attachment":[{"href":"https:\/\/globalcitieshub.org\/es\/wp-json\/wp\/v2\/media?parent=9820"}],"curies":[{"name":"wp","href":"https:\/\/api.w.org\/{rel}","templated":true}]}}