{"id":9764,"date":"2021-02-05T12:59:36","date_gmt":"2021-02-05T12:59:36","guid":{"rendered":"https:\/\/gch.dev-bulbera.com\/?page_id=9764"},"modified":"2026-01-07T11:07:20","modified_gmt":"2026-01-07T10:07:20","slug":"the-team","status":"publish","type":"page","link":"https:\/\/globalcitieshub.org\/es\/the-team\/","title":{"rendered":"El equipo"},"content":{"rendered":"<div data-elementor-type=\"wp-page\" data-elementor-id=\"9764\" class=\"elementor elementor-9764\">\n\t\t\t\t\t\t<section class=\"elementor-section elementor-top-section elementor-element elementor-element-b66a16c elementor-section-boxed elementor-section-height-default elementor-section-height-default\" data-id=\"b66a16c\" data-element_type=\"section\" data-e-type=\"section\">\n\t\t\t\t\t\t<div class=\"elementor-container elementor-column-gap-narrow\">\n\t\t\t\t\t<div class=\"elementor-column elementor-col-33 elementor-top-column elementor-element elementor-element-939570c\" data-id=\"939570c\" data-element_type=\"column\" data-e-type=\"column\">\n\t\t\t<div class=\"elementor-widget-wrap elementor-element-populated\">\n\t\t\t\t\t\t<div class=\"elementor-element elementor-element-17632de elementor-widget elementor-widget-image\" data-id=\"17632de\" data-element_type=\"widget\" data-e-type=\"widget\" data-widget_type=\"image.default\">\n\t\t\t\t<div class=\"elementor-widget-container\">\n\t\t\t\t\t\t\t\t\t\t\t\t\t\t\t<img width=\"200\" height=\"200\" class=\"attachment-medium size-medium wp-image-9988 lazy\" alt=\"\" data-src=\"https:\/\/globalcitieshub.org\/wp-content\/uploads\/2021\/02\/img2.png\" data-lazy=\"https:\/\/globalcitieshub.org\/wp-content\/uploads\/2021\/02\/img2.png\" \/>\t\t\t\t\t\t\t\t\t\t\t\t\t\t\t<\/div>\n\t\t\t\t<\/div>\n\t\t\t\t<div class=\"elementor-element elementor-element-9f5e886 elementor-widget elementor-widget-section_titleleft\" data-id=\"9f5e886\" data-element_type=\"widget\" data-e-type=\"widget\" data-widget_type=\"section_titleleft.default\">\n\t\t\t\t<div class=\"elementor-widget-container\">\n\t\t\t\t\t        <div class=\"ab_text-title fl-wrap\">\r\n            <h3>ANH THU DUONG<\/h3><h4>Codirector, Pol\u00edtica y Asociaciones<\/h4><span class=\"section-separator fl-sec-sep\"><\/span>        <\/div>\r\n        \t\t\t\t<\/div>\n\t\t\t\t<\/div>\n\t\t\t\t<div class=\"elementor-element elementor-element-d988f48 about-wrap elementor-widget elementor-widget-text-editor\" data-id=\"d988f48\" data-element_type=\"widget\" data-e-type=\"widget\" data-widget_type=\"text-editor.default\">\n\t\t\t\t<div class=\"elementor-widget-container\">\n\t\t\t\t\t\t\t\t\t<p><span style=\"color: #000000;\">Antes de incorporarse al Global Cities Hub, Anh Thu trabaj\u00f3 15 a\u00f1os en el Departamento Federal de Asuntos Exteriores de Suiza (DFAE), donde contribuy\u00f3 al compromiso multilateral de Suiza con las Naciones Unidas y otras organizaciones internacionales.\u00a0<\/span><\/p><p><span style=\"color: #000000;\">Posee una amplia experiencia diplom\u00e1tica multilateral y una s\u00f3lida capacidad de negociaci\u00f3n en materia de derechos humanos y asuntos humanitarios. Durante su mandato en el DFAE suizo, estuvo destinada en la Oficina del Alto Comisionado de las Naciones Unidas para los Derechos Humanos y en la Presidencia del Consejo de Derechos Humanos. <\/span><\/p><p><span style=\"color: #000000;\">Anh Thu tiene un M\u00e1ster Ejecutivo en Derecho Internacional en Conflictos Armados por la Academia de Derecho Internacional Humanitario y Derechos Humanos de Ginebra, un M\u00e1ster en Relaciones Internacionales por el Instituto de Estudios Internacionales de Posgrado y un M\u00e1ster en Pol\u00edtica y Relaciones Internacionales por la Universidad de Nueva Gales del Sur (Australia).<\/span><\/p>\t\t\t\t\t\t\t\t<\/div>\n\t\t\t\t<\/div>\n\t\t\t\t\t<\/div>\n\t\t<\/div>\n\t\t\t\t<div class=\"elementor-column elementor-col-66 elementor-top-column elementor-element elementor-element-45dd5df\" data-id=\"45dd5df\" data-element_type=\"column\" data-e-type=\"column\">\n\t\t\t<div class=\"elementor-widget-wrap elementor-element-populated\">\n\t\t\t\t\t\t<div class=\"elementor-element elementor-element-5db0905 elementor-widget elementor-widget-image\" data-id=\"5db0905\" data-element_type=\"widget\" data-e-type=\"widget\" data-widget_type=\"image.default\">\n\t\t\t\t<div class=\"elementor-widget-container\">\n\t\t\t\t\t\t\t\t\t\t\t\t\t\t\t<img width=\"200\" height=\"200\" class=\"attachment-medium size-medium wp-image-9984 lazy\" alt=\"\" data-src=\"https:\/\/globalcitieshub.org\/wp-content\/uploads\/2021\/02\/img1.png\" data-lazy=\"https:\/\/globalcitieshub.org\/wp-content\/uploads\/2021\/02\/img1.png\" \/>\t\t\t\t\t\t\t\t\t\t\t\t\t\t\t<\/div>\n\t\t\t\t<\/div>\n\t\t\t\t<div class=\"elementor-element elementor-element-fe28519 elementor-widget elementor-widget-section_titleleft\" data-id=\"fe28519\" data-element_type=\"widget\" data-e-type=\"widget\" data-widget_type=\"section_titleleft.default\">\n\t\t\t\t<div class=\"elementor-widget-container\">\n\t\t\t\t\t        <div class=\"ab_text-title fl-wrap\">\r\n            <h3>KAMELIA KEMILEVA<\/h3><h4>Codirector, Programas y Administraci\u00f3n<\/h4><span class=\"section-separator fl-sec-sep\"><\/span>        <\/div>\r\n        \t\t\t\t<\/div>\n\t\t\t\t<\/div>\n\t\t\t\t<div class=\"elementor-element elementor-element-2e1c7ae about-wrap elementor-widget elementor-widget-text-editor\" data-id=\"2e1c7ae\" data-element_type=\"widget\" data-e-type=\"widget\" data-widget_type=\"text-editor.default\">\n\t\t\t\t<div class=\"elementor-widget-container\">\n\t\t\t\t\t\t\t\t\t<p><span style=\"color: #000000;\">Kamelia, titular de un MBA, tiene una amplia experiencia en la administraci\u00f3n ejecutiva de organizaciones sin \u00e1nimo de lucro. Es abogada, especializada en Derecho suizo relacionado con las organizaciones internacionales y Derecho internacional p\u00fablico, incluidos conocimientos especializados sobre las Naciones Unidas. Kamelia <\/span><span style=\"color: #000000;\">tambi\u00e9n tiene experiencia directa en negociaci\u00f3n multilateral intergubernamental y diplomacia.<\/span><\/p>\n<p><span style=\"color: #000000;\">Antes de incorporarse al Global Cities Hub, Kamelia fue Directora Ejecutiva de la Academia de Ginebra. Tambi\u00e9n trabaj\u00f3 como Asistente Especial del Presidente del Consejo de Derechos Humanos de la ONU durante tres a\u00f1os. Fue Directora Visitante de Programas en Wilton Park. Anteriormente, trabaj\u00f3 en la Misi\u00f3n Permanente de Suiza ante la Oficina de las Naciones Unidas en Ginebra.<\/span><\/p>\n<p><span style=\"color: #000000;\">Antes de pasar al sector p\u00fablico, Kamelia trabaj\u00f3 durante dos a\u00f1os en el sector privado en un banco privado con sede en Ginebra como responsable de cumplimiento normativo. Es Consultora Senior en AxLR.ch<\/span><\/p>\t\t\t\t\t\t\t\t<\/div>\n\t\t\t\t<\/div>\n\t\t\t\t\t<\/div>\n\t\t<\/div>\n\t\t\t\t\t<\/div>\n\t\t<\/section>\n\t\t\t\t<section class=\"elementor-section elementor-top-section elementor-element elementor-element-7368ed1 elementor-section-boxed elementor-section-height-default elementor-section-height-default\" data-id=\"7368ed1\" data-element_type=\"section\" data-e-type=\"section\">\n\t\t\t\t\t\t<div class=\"elementor-container elementor-column-gap-default\">\n\t\t\t\t\t<div class=\"elementor-column elementor-col-50 elementor-top-column elementor-element elementor-element-199e5dd\" data-id=\"199e5dd\" data-element_type=\"column\" data-e-type=\"column\">\n\t\t\t<div class=\"elementor-widget-wrap elementor-element-populated\">\n\t\t\t\t\t\t<div class=\"elementor-element elementor-element-b7ec7ec elementor-widget elementor-widget-image\" data-id=\"b7ec7ec\" data-element_type=\"widget\" data-e-type=\"widget\" data-widget_type=\"image.default\">\n\t\t\t\t<div class=\"elementor-widget-container\">\n\t\t\t\t\t\t\t\t\t\t\t\t\t\t\t<img decoding=\"async\" src=\"https:\/\/globalcitieshub.org\/wp-content\/uploads\/elementor\/thumbs\/Andras-Szorenyi-portre-GCH-e1695642441609-qap83ykllhldu2qpzhbx6n7pqshs93vii7y3ib2bio.jpg\" title=\"Andras Szorenyi portre GCH\" alt=\"Andras Szorenyi portre GCH\" loading=\"lazy\" \/>\t\t\t\t\t\t\t\t\t\t\t\t\t\t\t<\/div>\n\t\t\t\t<\/div>\n\t\t\t\t<div class=\"elementor-element elementor-element-4ff43ff elementor-widget elementor-widget-section_titleleft\" data-id=\"4ff43ff\" data-element_type=\"widget\" data-e-type=\"widget\" data-widget_type=\"section_titleleft.default\">\n\t\t\t\t<div class=\"elementor-widget-container\">\n\t\t\t\t\t        <div class=\"ab_text-title fl-wrap\">\r\n            <h3>ANDR\u00c1S SZ\u00d6R\u00c9NYI PH.D.<\/h3><h4>Asesor pol\u00edtico principal<\/h4><span class=\"section-separator fl-sec-sep\"><\/span>        <\/div>\r\n        \t\t\t\t<\/div>\n\t\t\t\t<\/div>\n\t\t\t\t<div class=\"elementor-element elementor-element-acbd640 about-wrap elementor-widget elementor-widget-text-editor\" data-id=\"acbd640\" data-element_type=\"widget\" data-e-type=\"widget\" data-widget_type=\"text-editor.default\">\n\t\t\t\t<div class=\"elementor-widget-container\">\n\t\t\t\t\t\t\t\t\t<p><span style=\"color: #000000;\">Andr\u00e1s se incorpor\u00f3 al Global Cities Hub tras 20 a\u00f1os de distinguida carrera diplom\u00e1tica. Ha desempe\u00f1ado distintos cargos en Bruselas, Washington D.C. y Ginebra, trabajando con las Naciones Unidas y otras organizaciones internacionales. Tiene experiencia de primera mano en la negociaci\u00f3n en la Uni\u00f3n Europea y en el sistema de las Naciones Unidas, as\u00ed como en la conceptualizaci\u00f3n y ejecuci\u00f3n de iniciativas diplom\u00e1ticas sobre una amplia variedad de asuntos.<\/span><\/p><p style=\"font-size: 16px; text-align: left;\"><span style=\"color: #000000;\">Con un profundo conocimiento de las relaciones internacionales, siempre se centra en los nuevos desarrollos globales y los desaf\u00edos emergentes. Tiene un amplio conocimiento de la participaci\u00f3n de los actores no estatales en las plataformas de m\u00faltiples partes interesadas. Desde su investigaci\u00f3n de doctorado se ha interesado especialmente por la creciente influencia de los actores no estatales en el desarrollo de las relaciones internacionales.<\/span><\/p><p style=\"font-size: 16px; text-align: left;\"><span style=\"color: #000000;\">Andr\u00e1s es doctor en Econom\u00eda Internacional por la Universidad Corvinus, tiene un DEA en Ciencias Pol\u00edticas Comparadas por Sciences Po Par\u00eds y un m\u00e1ster en Relaciones Internacionales por la Universidad de Econom\u00eda de Budapest.<\/span><\/p>\t\t\t\t\t\t\t\t<\/div>\n\t\t\t\t<\/div>\n\t\t\t\t\t<\/div>\n\t\t<\/div>\n\t\t\t\t<div class=\"elementor-column elementor-col-50 elementor-top-column elementor-element elementor-element-1bcebe5\" data-id=\"1bcebe5\" data-element_type=\"column\" data-e-type=\"column\">\n\t\t\t<div class=\"elementor-widget-wrap elementor-element-populated\">\n\t\t\t\t\t\t<div class=\"elementor-element elementor-element-7998ba8 elementor-widget elementor-widget-image\" data-id=\"7998ba8\" data-element_type=\"widget\" data-e-type=\"widget\" data-widget_type=\"image.default\">\n\t\t\t\t<div class=\"elementor-widget-container\">\n\t\t\t\t\t\t\t\t\t\t\t\t\t\t\t<img decoding=\"async\" src=\"https:\/\/globalcitieshub.org\/wp-content\/uploads\/elementor\/thumbs\/SimoneSessolo_propicb-qap83ykllhldu2qpzhbx6n7pqshs93vii7y3ib2bio.jpg\" title=\"SimoneSessolo_propico(b)\" alt=\"SimoneSessolo_propico(b)\" loading=\"lazy\" \/>\t\t\t\t\t\t\t\t\t\t\t\t\t\t\t<\/div>\n\t\t\t\t<\/div>\n\t\t\t\t<div class=\"elementor-element elementor-element-fafdc7a elementor-widget elementor-widget-section_titleleft\" data-id=\"fafdc7a\" data-element_type=\"widget\" data-e-type=\"widget\" data-widget_type=\"section_titleleft.default\">\n\t\t\t\t<div class=\"elementor-widget-container\">\n\t\t\t\t\t        <div class=\"ab_text-title fl-wrap\">\r\n            <h3>SIMONE SESSOLO<\/h3><h4>Coordinador de eventos y comunicaciones<\/h4><span class=\"section-separator fl-sec-sep\"><\/span>        <\/div>\r\n        \t\t\t\t<\/div>\n\t\t\t\t<\/div>\n\t\t\t\t<div class=\"elementor-element elementor-element-b1766c6 about-wrap elementor-widget elementor-widget-text-editor\" data-id=\"b1766c6\" data-element_type=\"widget\" data-e-type=\"widget\" data-widget_type=\"text-editor.default\">\n\t\t\t\t<div class=\"elementor-widget-container\">\n\t\t\t\t\t\t\t\t\t<p><span style=\"color: #000000;\">Simone tiene un m\u00e1ster en Estudios sobre la Paz y los Conflictos por la Universidad de Oslo. <\/span><\/p><p><span style=\"color: #000000;\">Antes de incorporarse al Global Cities Hub, fue ayudante de investigaci\u00f3n en la Universidad de Oslo, trabajando en el Centro de Investigaci\u00f3n sobre el Extremismo (C-REX) sobre la violencia pol\u00edtica y el terrorismo de derechas en Europa Occidental. Adem\u00e1s, recopil\u00f3 datos para el proyecto \"Solidaridad socialmente distanciada\" en el C-REX y para los proyectos \"Surgimiento, vida y desaparici\u00f3n de reg\u00edmenes autocr\u00e1ticos\" y \"Pol\u00edticas de las dictaduras\" en el Departamento de Ciencias Pol\u00edticas. <\/span><\/p><p><span style=\"color: #000000;\">Anteriormente, Simone hizo pr\u00e1cticas en el Instituto de Investigaci\u00f3n para la Paz de Oslo y en la Red Medioambiental de Ginebra, donde trabaj\u00f3 en medios sociales y planificaci\u00f3n de eventos.<\/span><\/p>\t\t\t\t\t\t\t\t<\/div>\n\t\t\t\t<\/div>\n\t\t\t\t\t<\/div>\n\t\t<\/div>\n\t\t\t\t\t<\/div>\n\t\t<\/section>\n\t\t\t\t<\/div>","protected":false},"excerpt":{"rendered":"<p>ANH THU DUONG Codirectora de Pol\u00edtica y Asociaciones Antes de incorporarse al Global Cities Hub, Anh Thu trabaj\u00f3 15 a\u00f1os en el Departamento Federal de Asuntos Exteriores de Suiza (DFAE), donde contribuy\u00f3 al compromiso multilateral de Suiza con las Naciones Unidas y otras organizaciones internacionales.  Posee una amplia experiencia diplom\u00e1tica multilateral y s\u00f3lidas habilidades de negociaci\u00f3n en ... <\/p>","protected":false},"author":1,"featured_media":0,"parent":0,"menu_order":0,"comment_status":"closed","ping_status":"closed","template":"page-fullwidth.php","meta":{"_monsterinsights_skip_tracking":false,"_monsterinsights_sitenote_active":false,"_monsterinsights_sitenote_note":"","_monsterinsights_sitenote_category":0,"footnotes":""},"class_list":["post-9764","page","type-page","status-publish","hentry"],"yoast_head":"<!-- This site is optimized with the Yoast SEO plugin v27.4 - https:\/\/yoast.com\/product\/yoast-seo-wordpress\/ -->\n<title>The Team - Global Cities Hub<\/title>\n<meta name=\"robots\" content=\"index, follow, max-snippet:-1, max-image-preview:large, max-video-preview:-1\" \/>\n<link rel=\"canonical\" href=\"https:\/\/globalcitieshub.org\/es\/the-team\/\" \/>\n<meta property=\"og:locale\" content=\"es_ES\" \/>\n<meta property=\"og:type\" content=\"article\" \/>\n<meta property=\"og:title\" content=\"The Team - Global Cities Hub\" \/>\n<meta property=\"og:description\" content=\"ANH THU DUONG Co-Director, Policy and Partnerships Before joining the Global Cities Hub, Anh Thu worked 15 years at the Swiss Federal Department of Foreign Affairs (FDFA), where she contributed to the multilateral engagement of Switzerland with the United Nations and other International Organizations.\u00a0 She has extensive diplomatic multilateral expertise and robust negotiation skills in &hellip;\" \/>\n<meta property=\"og:url\" content=\"https:\/\/globalcitieshub.org\/es\/the-team\/\" \/>\n<meta property=\"og:site_name\" content=\"Global Cities Hub\" \/>\n<meta property=\"article:modified_time\" content=\"2026-01-07T10:07:20+00:00\" \/>\n<meta property=\"og:image\" content=\"https:\/\/globalcitieshub.org\/wp-content\/uploads\/2021\/02\/img2.png\" \/>\n<meta name=\"twitter:card\" content=\"summary_large_image\" \/>\n<meta name=\"twitter:site\" content=\"@genevacitieshub\" \/>\n<meta name=\"twitter:label1\" content=\"Tiempo de lectura\" \/>\n\t<meta name=\"twitter:data1\" content=\"4 minutos\" \/>\n<script type=\"application\/ld+json\" class=\"yoast-schema-graph\">{\"@context\":\"https:\\\/\\\/schema.org\",\"@graph\":[{\"@type\":\"WebPage\",\"@id\":\"https:\\\/\\\/globalcitieshub.org\\\/es\\\/the-team\\\/\",\"url\":\"https:\\\/\\\/globalcitieshub.org\\\/es\\\/the-team\\\/\",\"name\":\"The Team - Global Cities Hub\",\"isPartOf\":{\"@id\":\"https:\\\/\\\/globalcitieshub.org\\\/es\\\/#website\"},\"primaryImageOfPage\":{\"@id\":\"https:\\\/\\\/globalcitieshub.org\\\/es\\\/the-team\\\/#primaryimage\"},\"image\":{\"@id\":\"https:\\\/\\\/globalcitieshub.org\\\/es\\\/the-team\\\/#primaryimage\"},\"thumbnailUrl\":\"https:\\\/\\\/globalcitieshub.org\\\/wp-content\\\/uploads\\\/2021\\\/02\\\/img2.png\",\"datePublished\":\"2021-02-05T12:59:36+00:00\",\"dateModified\":\"2026-01-07T10:07:20+00:00\",\"inLanguage\":\"es\",\"potentialAction\":[{\"@type\":\"ReadAction\",\"target\":[\"https:\\\/\\\/globalcitieshub.org\\\/es\\\/the-team\\\/\"]}]},{\"@type\":\"ImageObject\",\"inLanguage\":\"es\",\"@id\":\"https:\\\/\\\/globalcitieshub.org\\\/es\\\/the-team\\\/#primaryimage\",\"url\":\"https:\\\/\\\/globalcitieshub.org\\\/wp-content\\\/uploads\\\/2021\\\/02\\\/img2.png\",\"contentUrl\":\"https:\\\/\\\/globalcitieshub.org\\\/wp-content\\\/uploads\\\/2021\\\/02\\\/img2.png\"},{\"@type\":\"WebSite\",\"@id\":\"https:\\\/\\\/globalcitieshub.org\\\/es\\\/#website\",\"url\":\"https:\\\/\\\/globalcitieshub.org\\\/es\\\/\",\"name\":\"Global Cities Hub\",\"description\":\"Connecting local and regional governments to the United Nations and other  international organizations\",\"publisher\":{\"@id\":\"https:\\\/\\\/globalcitieshub.org\\\/es\\\/#organization\"},\"potentialAction\":[{\"@type\":\"SearchAction\",\"target\":{\"@type\":\"EntryPoint\",\"urlTemplate\":\"https:\\\/\\\/globalcitieshub.org\\\/es\\\/?s={search_term_string}\"},\"query-input\":{\"@type\":\"PropertyValueSpecification\",\"valueRequired\":true,\"valueName\":\"search_term_string\"}}],\"inLanguage\":\"es\"},{\"@type\":\"Organization\",\"@id\":\"https:\\\/\\\/globalcitieshub.org\\\/es\\\/#organization\",\"name\":\"Global Cities Hub\",\"url\":\"https:\\\/\\\/globalcitieshub.org\\\/es\\\/\",\"logo\":{\"@type\":\"ImageObject\",\"inLanguage\":\"es\",\"@id\":\"https:\\\/\\\/globalcitieshub.org\\\/es\\\/#\\\/schema\\\/logo\\\/image\\\/\",\"url\":\"https:\\\/\\\/globalcitieshub.org\\\/wp-content\\\/uploads\\\/2023\\\/09\\\/230829_Logo_Global_Cities_Hub_Couleur_fond-blanc_RVB.png\",\"contentUrl\":\"https:\\\/\\\/globalcitieshub.org\\\/wp-content\\\/uploads\\\/2023\\\/09\\\/230829_Logo_Global_Cities_Hub_Couleur_fond-blanc_RVB.png\",\"width\":2544,\"height\":1446,\"caption\":\"Global Cities Hub\"},\"image\":{\"@id\":\"https:\\\/\\\/globalcitieshub.org\\\/es\\\/#\\\/schema\\\/logo\\\/image\\\/\"},\"sameAs\":[\"https:\\\/\\\/x.com\\\/genevacitieshub\"]}]}<\/script>\n<!-- \/ Yoast SEO plugin. -->","yoast_head_json":{"title":"El equipo - Global Cities Hub","robots":{"index":"index","follow":"follow","max-snippet":"max-snippet:-1","max-image-preview":"max-image-preview:large","max-video-preview":"max-video-preview:-1"},"canonical":"https:\/\/globalcitieshub.org\/es\/the-team\/","og_locale":"es_ES","og_type":"article","og_title":"The Team - Global Cities Hub","og_description":"ANH THU DUONG Co-Director, Policy and Partnerships Before joining the Global Cities Hub, Anh Thu worked 15 years at the Swiss Federal Department of Foreign Affairs (FDFA), where she contributed to the multilateral engagement of Switzerland with the United Nations and other International Organizations.\u00a0 She has extensive diplomatic multilateral expertise and robust negotiation skills in &hellip;","og_url":"https:\/\/globalcitieshub.org\/es\/the-team\/","og_site_name":"Global Cities Hub","article_modified_time":"2026-01-07T10:07:20+00:00","og_image":[{"url":"https:\/\/globalcitieshub.org\/wp-content\/uploads\/2021\/02\/img2.png","type":"","width":"","height":""}],"twitter_card":"summary_large_image","twitter_site":"@genevacitieshub","twitter_misc":{"Tiempo de lectura":"4 minutos"},"schema":{"@context":"https:\/\/schema.org","@graph":[{"@type":"WebPage","@id":"https:\/\/globalcitieshub.org\/es\/the-team\/","url":"https:\/\/globalcitieshub.org\/es\/the-team\/","name":"El equipo - Global Cities Hub","isPartOf":{"@id":"https:\/\/globalcitieshub.org\/es\/#website"},"primaryImageOfPage":{"@id":"https:\/\/globalcitieshub.org\/es\/the-team\/#primaryimage"},"image":{"@id":"https:\/\/globalcitieshub.org\/es\/the-team\/#primaryimage"},"thumbnailUrl":"https:\/\/globalcitieshub.org\/wp-content\/uploads\/2021\/02\/img2.png","datePublished":"2021-02-05T12:59:36+00:00","dateModified":"2026-01-07T10:07:20+00:00","inLanguage":"es","potentialAction":[{"@type":"ReadAction","target":["https:\/\/globalcitieshub.org\/es\/the-team\/"]}]},{"@type":"ImageObject","inLanguage":"es","@id":"https:\/\/globalcitieshub.org\/es\/the-team\/#primaryimage","url":"https:\/\/globalcitieshub.org\/wp-content\/uploads\/2021\/02\/img2.png","contentUrl":"https:\/\/globalcitieshub.org\/wp-content\/uploads\/2021\/02\/img2.png"},{"@type":"WebSite","@id":"https:\/\/globalcitieshub.org\/es\/#website","url":"https:\/\/globalcitieshub.org\/es\/","name":"Global Cities Hub","description":"Conectar a los gobiernos locales y regionales con las Naciones Unidas y otras organizaciones internacionales.","publisher":{"@id":"https:\/\/globalcitieshub.org\/es\/#organization"},"potentialAction":[{"@type":"SearchAction","target":{"@type":"EntryPoint","urlTemplate":"https:\/\/globalcitieshub.org\/es\/?s={search_term_string}"},"query-input":{"@type":"PropertyValueSpecification","valueRequired":true,"valueName":"search_term_string"}}],"inLanguage":"es"},{"@type":"Organization","@id":"https:\/\/globalcitieshub.org\/es\/#organization","name":"Global Cities Hub","url":"https:\/\/globalcitieshub.org\/es\/","logo":{"@type":"ImageObject","inLanguage":"es","@id":"https:\/\/globalcitieshub.org\/es\/#\/schema\/logo\/image\/","url":"https:\/\/globalcitieshub.org\/wp-content\/uploads\/2023\/09\/230829_Logo_Global_Cities_Hub_Couleur_fond-blanc_RVB.png","contentUrl":"https:\/\/globalcitieshub.org\/wp-content\/uploads\/2023\/09\/230829_Logo_Global_Cities_Hub_Couleur_fond-blanc_RVB.png","width":2544,"height":1446,"caption":"Global Cities Hub"},"image":{"@id":"https:\/\/globalcitieshub.org\/es\/#\/schema\/logo\/image\/"},"sameAs":["https:\/\/x.com\/genevacitieshub"]}]}},"_links":{"self":[{"href":"https:\/\/globalcitieshub.org\/es\/wp-json\/wp\/v2\/pages\/9764","targetHints":{"allow":["GET"]}}],"collection":[{"href":"https:\/\/globalcitieshub.org\/es\/wp-json\/wp\/v2\/pages"}],"about":[{"href":"https:\/\/globalcitieshub.org\/es\/wp-json\/wp\/v2\/types\/page"}],"author":[{"embeddable":true,"href":"https:\/\/globalcitieshub.org\/es\/wp-json\/wp\/v2\/users\/1"}],"replies":[{"embeddable":true,"href":"https:\/\/globalcitieshub.org\/es\/wp-json\/wp\/v2\/comments?post=9764"}],"version-history":[{"count":291,"href":"https:\/\/globalcitieshub.org\/es\/wp-json\/wp\/v2\/pages\/9764\/revisions"}],"predecessor-version":[{"id":26531,"href":"https:\/\/globalcitieshub.org\/es\/wp-json\/wp\/v2\/pages\/9764\/revisions\/26531"}],"wp:attachment":[{"href":"https:\/\/globalcitieshub.org\/es\/wp-json\/wp\/v2\/media?parent=9764"}],"curies":[{"name":"wp","href":"https:\/\/api.w.org\/{rel}","templated":true}]}}