{"id":27221,"date":"2026-02-18T10:38:23","date_gmt":"2026-02-18T09:38:23","guid":{"rendered":"https:\/\/globalcitieshub.org\/?page_id=27221"},"modified":"2026-02-18T10:44:51","modified_gmt":"2026-02-18T09:44:51","slug":"energy-cities","status":"publish","type":"page","link":"https:\/\/globalcitieshub.org\/es\/energy-cities-2\/","title":{"rendered":"Ciudades de la energ\u00eda"},"content":{"rendered":"<div data-elementor-type=\"wp-page\" data-elementor-id=\"27221\" class=\"elementor elementor-27221\">\n\t\t\t\t\t\t<section class=\"elementor-section elementor-top-section elementor-element elementor-element-14e4f0a8 elementor-section-boxed elementor-section-height-default elementor-section-height-default\" data-id=\"14e4f0a8\" data-element_type=\"section\" data-e-type=\"section\">\n\t\t\t\t\t\t<div class=\"elementor-container elementor-column-gap-default\">\n\t\t\t\t\t<div class=\"elementor-column elementor-col-100 elementor-top-column elementor-element elementor-element-8da58d8\" data-id=\"8da58d8\" data-element_type=\"column\" data-e-type=\"column\">\n\t\t\t<div class=\"elementor-widget-wrap elementor-element-populated\">\n\t\t\t\t\t\t<div class=\"elementor-element elementor-element-1d412d33 elementor-widget elementor-widget-text-editor\" data-id=\"1d412d33\" data-element_type=\"widget\" data-e-type=\"widget\" data-widget_type=\"text-editor.default\">\n\t\t\t\t<div class=\"elementor-widget-container\">\n\t\t\t\t\t\t\t\t\t<p><\/p>\n<h4 class=\"wp-block-heading\"><span style=\"color: #000000;\">Energy Cities es una asociaci\u00f3n que proporciona una plataforma pol\u00edtica para las principales ciudades europeas. Conectamos en red a los gobiernos locales de 145 de las mayores ciudades europeas y a m\u00e1s de 45 ciudades asociadas que, entre todas, gobiernan a unos 130 millones de ciudadanos en 39 pa\u00edses.\u00a0<span style=\"font-weight: var( --e-global-typography-text-font-weight ); text-align: inherit; font-family: var( --e-global-typography-text-font-family ), Sans-serif; font-size: 15px;\">\u00a0<\/span><\/span><\/h4>\n<p><span style=\"color: #000000; font-family: var( --e-global-typography-text-font-family ), Sans-serif; font-weight: var( --e-global-typography-text-font-weight ); font-size: 15px; text-align: inherit;\">\u00a0<\/span><\/p>\n<p><span style=\"color: #000000;\"><\/span><\/p>\n<p><span style=\"color: #000000;\"><\/span><\/p>\n<h4><span style=\"color: #000000;\"><strong>VISI\u00d3N<\/strong><\/span><\/h4>\n<p><span style=\"color: #000000;\">Energy Cities es una comunidad de aprendizaje para ciudades comprometidas con la preparaci\u00f3n de sus econom\u00edas para el futuro, construida en torno a un enfoque \"local y sostenible primero\". Nuestra fuerza reside en el firme compromiso de nuestros miembros de alcanzar la neutralidad clim\u00e1tica en sus territorios para 2050 y de alinear su desarrollo estrat\u00e9gico local con el Acuerdo de Par\u00eds.<\/span><\/p>\n<p><span style=\"color: #000000;\">La creaci\u00f3n de una comunidad de aprendizaje es una herramienta que ayuda a cada uno de nuestros miembros a sentirse m\u00e1s seguros en su propio viaje de transici\u00f3n, porque otras ciudades lo han hecho antes, o porque las ciudades pueden probar nuevas soluciones juntas. Fomentamos una atm\u00f3sfera de confianza mutua en el di\u00e1logo entre los ciudadanos, los dirigentes locales y las instituciones nacionales y de la UE para acelerar la transformaci\u00f3n hacia una Europa clim\u00e1ticamente neutra. Energy Cities dinamiza esta vibrante comunidad y garantiza su visibilidad.<\/span><\/p>\n<p>\u00a0<\/p>\t\t\t\t\t\t\t\t<\/div>\n\t\t\t\t<\/div>\n\t\t\t\t<div class=\"elementor-element elementor-element-31c09e2 elementor-widget elementor-widget-text-editor\" data-id=\"31c09e2\" data-element_type=\"widget\" data-e-type=\"widget\" data-widget_type=\"text-editor.default\">\n\t\t\t\t<div class=\"elementor-widget-container\">\n\t\t\t\t\t\t\t\t\t<blockquote>\n<p><span style=\"color: #000000;\">\"Energy Cities\" capacita a las ciudades y a los ciudadanos para dar forma y transici\u00f3n a ciudades preparadas para el futuro. Mostramos alternativas concretas desplegadas por las ciudades, abogamos por cambiar la gobernanza pol\u00edtica y econ\u00f3mica a todos los niveles y fomentamos un amplio cambio cultural que conduzca a una sociedad preparada para el futuro. Despu\u00e9s de d\u00e9cadas dise\u00f1ando pol\u00edticas energ\u00e9ticas y clim\u00e1ticas para un sistema energ\u00e9tico descentralizado, democr\u00e1tico y descarbonizado, el siguiente paso para las ciudades es transformar todo su metabolismo con un enfoque neutro para el clima. Construir comunidades resilientes significa fomentar la interdependencia entre sectores, entre territorios, entre actores econ\u00f3micos, sociales y culturales y los l\u00edderes de la ciudad para compartir la riqueza y el bienestar a escala local.<\/span><\/p>\n<p><span style=\"color: #000000;\">Nuestra visi\u00f3n es que, para 2050, todos viviremos en ciudades descarbonizadas y resilientes con acceso a una energ\u00eda asequible, segura y sostenible. Nos esforzamos por ofrecer ESPACIOS PARA VIVIR que sean accesibles para todos, a trav\u00e9s de econom\u00edas locales vibrantes y maximizando la regeneraci\u00f3n de recursos.\"<\/span><\/p>\n<\/blockquote>\t\t\t\t\t\t\t\t<\/div>\n\t\t\t\t<\/div>\n\t\t\t\t<div class=\"elementor-element elementor-element-c12e013 elementor-widget elementor-widget-text-editor\" data-id=\"c12e013\" data-element_type=\"widget\" data-e-type=\"widget\" data-widget_type=\"text-editor.default\">\n\t\t\t\t<div class=\"elementor-widget-container\">\n\t\t\t\t\t\t\t\t\t<p><span style=\"font-weight: bold; color: #000000;\">CLAIRE ROUMET, DIRECTORA EJECUTIVA<\/span><\/p>\t\t\t\t\t\t\t\t<\/div>\n\t\t\t\t<\/div>\n\t\t\t\t<div class=\"elementor-element elementor-element-8782d59 elementor-widget elementor-widget-spacer\" data-id=\"8782d59\" data-element_type=\"widget\" data-e-type=\"widget\" data-widget_type=\"spacer.default\">\n\t\t\t\t<div class=\"elementor-widget-container\">\n\t\t\t\t\t\t\t<div class=\"elementor-spacer\">\n\t\t\t<div class=\"elementor-spacer-inner\"><\/div>\n\t\t<\/div>\n\t\t\t\t\t\t<\/div>\n\t\t\t\t<\/div>\n\t\t\t\t<div class=\"elementor-element elementor-element-1192f17 elementor-widget elementor-widget-text-editor\" data-id=\"1192f17\" data-element_type=\"widget\" data-e-type=\"widget\" data-widget_type=\"text-editor.default\">\n\t\t\t\t<div class=\"elementor-widget-container\">\n\t\t\t\t\t\t\t\t\t<h4><span style=\"color: #000000;\"><strong style=\"font-size: 1.125rem; text-align: inherit;\">PROYECTOS CLAVE<\/strong><\/span><\/h4>\n<p>\u00a0<\/p>\n<p><span style=\"color: #000000;\">Energy Cities participa en una gran variedad de proyectos para apoyar a sus ciudades miembros en sus acciones energ\u00e9ticas y clim\u00e1ticas.<\/span><\/p>\n<p><span style=\"color: #000000;\">En particular, hemos coordinado la <a style=\"color: #000000;\" href=\"https:\/\/www.genevacitieshub.org\/en\/covenant-of-mayors-for-climate-and-energy\/\" rel=\"noopener\">Pacto de los Alcaldes - Oficina de Europa<\/a> desde el inicio de la iniciativa en 2008. Ahora coordinamos el Mecanismo Europeo para las Ciudades, que proporciona apoyo t\u00e9cnico y financiero a los municipios en sus proyectos de energ\u00eda sostenible.<\/span><\/p>\n<p><span style=\"color: #000000;\">En abril de 2022, celebraremos nuestra conferencia anual en colaboraci\u00f3n con nuestra ciudad miembro, Heerlen, en los Pa\u00edses Bajos, y con RESCOOP, la federaci\u00f3n europea de cooperativas energ\u00e9ticas ciudadanas.<\/span><\/p>\n<p><span style=\"color: #000000;\">Descubra todos nuestros <a style=\"color: #000000;\" href=\"http:\/\/www.energy-cities.eu\/projects\" target=\"_blank\" rel=\"noopener\">proyectos<\/a>.<\/span><\/p>\t\t\t\t\t\t\t\t<\/div>\n\t\t\t\t<\/div>\n\t\t\t\t<div class=\"elementor-element elementor-element-5ed6ac9 elementor-widget elementor-widget-text-editor\" data-id=\"5ed6ac9\" data-element_type=\"widget\" data-e-type=\"widget\" data-widget_type=\"text-editor.default\">\n\t\t\t\t<div class=\"elementor-widget-container\">\n\t\t\t\t\t\t\t\t\t<blockquote>\n<p><span style=\"color: #000000;\">\"La acci\u00f3n conjunta de las Ciudades de la Energ\u00eda en toda Europa hace que cada una de nuestras ciudades miembro sea m\u00e1s fuerte. Defendemos nuestros intereses comunes, nos informamos e inspiramos mutuamente. Con cada nuevo miembro, nuestra comunidad se hace m\u00e1s poderosa. Todas las nuevas autoridades locales y regionales que deseen unirse son bienvenidas\".\u00a0<\/span><\/p>\n<\/blockquote>\t\t\t\t\t\t\t\t<\/div>\n\t\t\t\t<\/div>\n\t\t\t\t<div class=\"elementor-element elementor-element-208d976 elementor-widget elementor-widget-spacer\" data-id=\"208d976\" data-element_type=\"widget\" data-e-type=\"widget\" data-widget_type=\"spacer.default\">\n\t\t\t\t<div class=\"elementor-widget-container\">\n\t\t\t\t\t\t\t<div class=\"elementor-spacer\">\n\t\t\t<div class=\"elementor-spacer-inner\"><\/div>\n\t\t<\/div>\n\t\t\t\t\t\t<\/div>\n\t\t\t\t<\/div>\n\t\t\t\t<div class=\"elementor-element elementor-element-bd8da3d elementor-widget elementor-widget-text-editor\" data-id=\"bd8da3d\" data-element_type=\"widget\" data-e-type=\"widget\" data-widget_type=\"text-editor.default\">\n\t\t\t\t<div class=\"elementor-widget-container\">\n\t\t\t\t\t\t\t\t\t<h4><span style=\"color: #000000;\"><strong>INFORMACI\u00d3N DE CONTACTO<\/strong><\/span><\/h4>\t\t\t\t\t\t\t\t<\/div>\n\t\t\t\t<\/div>\n\t\t\t\t<div class=\"elementor-element elementor-element-4f78a20 elementor-widget elementor-widget-spacer\" data-id=\"4f78a20\" data-element_type=\"widget\" data-e-type=\"widget\" data-widget_type=\"spacer.default\">\n\t\t\t\t<div class=\"elementor-widget-container\">\n\t\t\t\t\t\t\t<div class=\"elementor-spacer\">\n\t\t\t<div class=\"elementor-spacer-inner\"><\/div>\n\t\t<\/div>\n\t\t\t\t\t\t<\/div>\n\t\t\t\t<\/div>\n\t\t\t\t\t<\/div>\n\t\t<\/div>\n\t\t\t\t\t<\/div>\n\t\t<\/section>\n\t\t\t\t<section class=\"elementor-section elementor-top-section elementor-element elementor-element-3e43bbc elementor-section-boxed elementor-section-height-default elementor-section-height-default\" data-id=\"3e43bbc\" data-element_type=\"section\" data-e-type=\"section\">\n\t\t\t\t\t\t<div class=\"elementor-container elementor-column-gap-default\">\n\t\t\t\t\t<div class=\"elementor-column elementor-col-33 elementor-top-column elementor-element elementor-element-94fce3c\" data-id=\"94fce3c\" data-element_type=\"column\" data-e-type=\"column\">\n\t\t\t<div class=\"elementor-widget-wrap elementor-element-populated\">\n\t\t\t\t\t\t<div class=\"elementor-element elementor-element-b2bf3d2 elementor-align-center elementor-widget elementor-widget-button\" data-id=\"b2bf3d2\" data-element_type=\"widget\" data-e-type=\"widget\" data-widget_type=\"button.default\">\n\t\t\t\t<div class=\"elementor-widget-container\">\n\t\t\t\t\t\t\t\t\t<div class=\"elementor-button-wrapper\">\n\t\t\t\t\t<a class=\"elementor-button elementor-button-link elementor-size-sm\" href=\"https:\/\/energy-cities.eu\/\" target=\"_blank\">\n\t\t\t\t\t\t<span class=\"elementor-button-content-wrapper\">\n\t\t\t\t\t\t\t\t\t<span class=\"elementor-button-text\">P\u00e1gina web de Ciudades de la Energ\u00eda<\/span>\n\t\t\t\t\t<\/span>\n\t\t\t\t\t<\/a>\n\t\t\t\t<\/div>\n\t\t\t\t\t\t\t\t<\/div>\n\t\t\t\t<\/div>\n\t\t\t\t\t<\/div>\n\t\t<\/div>\n\t\t\t\t<div class=\"elementor-column elementor-col-33 elementor-top-column elementor-element elementor-element-0d536c1\" data-id=\"0d536c1\" data-element_type=\"column\" data-e-type=\"column\">\n\t\t\t<div class=\"elementor-widget-wrap elementor-element-populated\">\n\t\t\t\t\t\t<div class=\"elementor-element elementor-element-485f369 elementor-align-center elementor-widget elementor-widget-button\" data-id=\"485f369\" data-element_type=\"widget\" data-e-type=\"widget\" data-widget_type=\"button.default\">\n\t\t\t\t<div class=\"elementor-widget-container\">\n\t\t\t\t\t\t\t\t\t<div class=\"elementor-button-wrapper\">\n\t\t\t\t\t<a class=\"elementor-button elementor-size-sm\" role=\"button\">\n\t\t\t\t\t\t<span class=\"elementor-button-content-wrapper\">\n\t\t\t\t\t\t<span class=\"elementor-button-icon\">\n\t\t\t\t<i aria-hidden=\"true\" class=\"far fa-user\"><\/i>\t\t\t<\/span>\n\t\t\t\t\t\t\t\t\t<span class=\"elementor-button-text\">MS. CLAIRE ROUMET <br> Director Ejecutivo<\/span>\n\t\t\t\t\t<\/span>\n\t\t\t\t\t<\/a>\n\t\t\t\t<\/div>\n\t\t\t\t\t\t\t\t<\/div>\n\t\t\t\t<\/div>\n\t\t\t\t\t<\/div>\n\t\t<\/div>\n\t\t\t\t<div class=\"elementor-column elementor-col-33 elementor-top-column elementor-element elementor-element-b9537da\" data-id=\"b9537da\" data-element_type=\"column\" data-e-type=\"column\">\n\t\t\t<div class=\"elementor-widget-wrap elementor-element-populated\">\n\t\t\t\t\t\t<div class=\"elementor-element elementor-element-cc2b303 elementor-widget elementor-widget-text-editor\" data-id=\"cc2b303\" data-element_type=\"widget\" data-e-type=\"widget\" data-widget_type=\"text-editor.default\">\n\t\t\t\t<div class=\"elementor-widget-container\">\n\t\t\t\t\t\t\t\t\t<p style=\"text-align: center;\">2B chemin de Palente<\/p>\n<p style=\"text-align: center;\">25000 Besan\u00e7on, Francia\u00a0<\/p>\t\t\t\t\t\t\t\t<\/div>\n\t\t\t\t<\/div>\n\t\t\t\t<div class=\"elementor-element elementor-element-ba7c135 elementor-align-center elementor-widget elementor-widget-button\" data-id=\"ba7c135\" data-element_type=\"widget\" data-e-type=\"widget\" data-widget_type=\"button.default\">\n\t\t\t\t<div class=\"elementor-widget-container\">\n\t\t\t\t\t\t\t\t\t<div class=\"elementor-button-wrapper\">\n\t\t\t\t\t<a class=\"elementor-button elementor-size-sm\" role=\"button\">\n\t\t\t\t\t\t<span class=\"elementor-button-content-wrapper\">\n\t\t\t\t\t\t<span class=\"elementor-button-icon\">\n\t\t\t\t<i aria-hidden=\"true\" class=\"fas fa-phone-alt\"><\/i>\t\t\t<\/span>\n\t\t\t\t\t\t\t\t\t<span class=\"elementor-button-text\">+33 381 65 36 80<\/span>\n\t\t\t\t\t<\/span>\n\t\t\t\t\t<\/a>\n\t\t\t\t<\/div>\n\t\t\t\t\t\t\t\t<\/div>\n\t\t\t\t<\/div>\n\t\t\t\t\t<\/div>\n\t\t<\/div>\n\t\t\t\t\t<\/div>\n\t\t<\/section>\n\t\t\t\t<\/div>","protected":false},"excerpt":{"rendered":"<p>Energy Cities es una asociaci\u00f3n que ofrece una plataforma pol\u00edtica a las grandes ciudades europeas. Conectamos en red a los gobiernos locales de 145 de las ciudades m\u00e1s grandes de Europa y a m\u00e1s de 45 ciudades asociadas que, entre todas, gobiernan a unos 130 millones de ciudadanos en 39 pa\u00edses.     VISION Energy Cities es una comunidad de aprendizaje para ciudades comprometidas con el futuro ... <\/p>","protected":false},"author":1,"featured_media":15211,"parent":0,"menu_order":0,"comment_status":"closed","ping_status":"closed","template":"","meta":{"_monsterinsights_skip_tracking":false,"_monsterinsights_sitenote_active":false,"_monsterinsights_sitenote_note":"","_monsterinsights_sitenote_category":0,"footnotes":""},"class_list":["post-27221","page","type-page","status-publish","has-post-thumbnail","hentry"],"yoast_head":"<!-- This site is optimized with the Yoast SEO plugin v27.4 - https:\/\/yoast.com\/product\/yoast-seo-wordpress\/ -->\n<title>Energy Cities - Global Cities Hub<\/title>\n<meta name=\"description\" content=\"Energy Cities is an association that provides a political platform for major European cities.\" \/>\n<meta name=\"robots\" content=\"index, follow, max-snippet:-1, max-image-preview:large, max-video-preview:-1\" \/>\n<link rel=\"canonical\" href=\"https:\/\/globalcitieshub.org\/es\/energy-cities-2\/\" \/>\n<meta property=\"og:locale\" content=\"es_ES\" \/>\n<meta property=\"og:type\" content=\"article\" \/>\n<meta property=\"og:title\" content=\"Energy Cities - Global Cities Hub\" \/>\n<meta property=\"og:description\" content=\"Energy Cities is an association that provides a political platform for major European cities.\" \/>\n<meta property=\"og:url\" content=\"https:\/\/globalcitieshub.org\/es\/energy-cities-2\/\" \/>\n<meta property=\"og:site_name\" content=\"Global Cities Hub\" \/>\n<meta property=\"article:modified_time\" content=\"2026-02-18T09:44:51+00:00\" \/>\n<meta property=\"og:image\" content=\"https:\/\/globalcitieshub.org\/wp-content\/uploads\/2022\/02\/CITIES-ALLIANCE-2.png\" \/>\n\t<meta property=\"og:image:width\" content=\"1600\" \/>\n\t<meta property=\"og:image:height\" content=\"900\" \/>\n\t<meta property=\"og:image:type\" content=\"image\/png\" \/>\n<meta name=\"twitter:card\" content=\"summary_large_image\" \/>\n<meta name=\"twitter:site\" content=\"@genevacitieshub\" \/>\n<meta name=\"twitter:label1\" content=\"Tiempo de lectura\" \/>\n\t<meta name=\"twitter:data1\" content=\"2 minutos\" \/>\n<script type=\"application\/ld+json\" class=\"yoast-schema-graph\">{\"@context\":\"https:\\\/\\\/schema.org\",\"@graph\":[{\"@type\":\"WebPage\",\"@id\":\"https:\\\/\\\/globalcitieshub.org\\\/es\\\/energy-cities-2\\\/\",\"url\":\"https:\\\/\\\/globalcitieshub.org\\\/es\\\/energy-cities-2\\\/\",\"name\":\"Energy Cities - Global Cities Hub\",\"isPartOf\":{\"@id\":\"https:\\\/\\\/globalcitieshub.org\\\/es\\\/#website\"},\"primaryImageOfPage\":{\"@id\":\"https:\\\/\\\/globalcitieshub.org\\\/es\\\/energy-cities-2\\\/#primaryimage\"},\"image\":{\"@id\":\"https:\\\/\\\/globalcitieshub.org\\\/es\\\/energy-cities-2\\\/#primaryimage\"},\"thumbnailUrl\":\"https:\\\/\\\/globalcitieshub.org\\\/wp-content\\\/uploads\\\/2022\\\/02\\\/CITIES-ALLIANCE-2.png\",\"datePublished\":\"2026-02-18T09:38:23+00:00\",\"dateModified\":\"2026-02-18T09:44:51+00:00\",\"description\":\"Energy Cities is an association that provides a political platform for major European cities.\",\"inLanguage\":\"es\",\"potentialAction\":[{\"@type\":\"ReadAction\",\"target\":[\"https:\\\/\\\/globalcitieshub.org\\\/es\\\/energy-cities-2\\\/\"]}]},{\"@type\":\"ImageObject\",\"inLanguage\":\"es\",\"@id\":\"https:\\\/\\\/globalcitieshub.org\\\/es\\\/energy-cities-2\\\/#primaryimage\",\"url\":\"https:\\\/\\\/globalcitieshub.org\\\/wp-content\\\/uploads\\\/2022\\\/02\\\/CITIES-ALLIANCE-2.png\",\"contentUrl\":\"https:\\\/\\\/globalcitieshub.org\\\/wp-content\\\/uploads\\\/2022\\\/02\\\/CITIES-ALLIANCE-2.png\",\"width\":1600,\"height\":900},{\"@type\":\"WebSite\",\"@id\":\"https:\\\/\\\/globalcitieshub.org\\\/es\\\/#website\",\"url\":\"https:\\\/\\\/globalcitieshub.org\\\/es\\\/\",\"name\":\"Global Cities Hub\",\"description\":\"Connecting local and regional governments to the United Nations and other  international organizations\",\"publisher\":{\"@id\":\"https:\\\/\\\/globalcitieshub.org\\\/es\\\/#organization\"},\"potentialAction\":[{\"@type\":\"SearchAction\",\"target\":{\"@type\":\"EntryPoint\",\"urlTemplate\":\"https:\\\/\\\/globalcitieshub.org\\\/es\\\/?s={search_term_string}\"},\"query-input\":{\"@type\":\"PropertyValueSpecification\",\"valueRequired\":true,\"valueName\":\"search_term_string\"}}],\"inLanguage\":\"es\"},{\"@type\":\"Organization\",\"@id\":\"https:\\\/\\\/globalcitieshub.org\\\/es\\\/#organization\",\"name\":\"Global Cities Hub\",\"url\":\"https:\\\/\\\/globalcitieshub.org\\\/es\\\/\",\"logo\":{\"@type\":\"ImageObject\",\"inLanguage\":\"es\",\"@id\":\"https:\\\/\\\/globalcitieshub.org\\\/es\\\/#\\\/schema\\\/logo\\\/image\\\/\",\"url\":\"https:\\\/\\\/globalcitieshub.org\\\/wp-content\\\/uploads\\\/2023\\\/09\\\/230829_Logo_Global_Cities_Hub_Couleur_fond-blanc_RVB.png\",\"contentUrl\":\"https:\\\/\\\/globalcitieshub.org\\\/wp-content\\\/uploads\\\/2023\\\/09\\\/230829_Logo_Global_Cities_Hub_Couleur_fond-blanc_RVB.png\",\"width\":2544,\"height\":1446,\"caption\":\"Global Cities Hub\"},\"image\":{\"@id\":\"https:\\\/\\\/globalcitieshub.org\\\/es\\\/#\\\/schema\\\/logo\\\/image\\\/\"},\"sameAs\":[\"https:\\\/\\\/x.com\\\/genevacitieshub\"]}]}<\/script>\n<!-- \/ Yoast SEO plugin. -->","yoast_head_json":{"title":"Ciudades energ\u00e9ticas - Global Cities Hub","description":"Energy Cities es una asociaci\u00f3n que ofrece una plataforma pol\u00edtica a las grandes ciudades europeas.","robots":{"index":"index","follow":"follow","max-snippet":"max-snippet:-1","max-image-preview":"max-image-preview:large","max-video-preview":"max-video-preview:-1"},"canonical":"https:\/\/globalcitieshub.org\/es\/energy-cities-2\/","og_locale":"es_ES","og_type":"article","og_title":"Energy Cities - Global Cities Hub","og_description":"Energy Cities is an association that provides a political platform for major European cities.","og_url":"https:\/\/globalcitieshub.org\/es\/energy-cities-2\/","og_site_name":"Global Cities Hub","article_modified_time":"2026-02-18T09:44:51+00:00","og_image":[{"width":1600,"height":900,"url":"https:\/\/globalcitieshub.org\/wp-content\/uploads\/2022\/02\/CITIES-ALLIANCE-2.png","type":"image\/png"}],"twitter_card":"summary_large_image","twitter_site":"@genevacitieshub","twitter_misc":{"Tiempo de lectura":"2 minutos"},"schema":{"@context":"https:\/\/schema.org","@graph":[{"@type":"WebPage","@id":"https:\/\/globalcitieshub.org\/es\/energy-cities-2\/","url":"https:\/\/globalcitieshub.org\/es\/energy-cities-2\/","name":"Ciudades energ\u00e9ticas - Global Cities Hub","isPartOf":{"@id":"https:\/\/globalcitieshub.org\/es\/#website"},"primaryImageOfPage":{"@id":"https:\/\/globalcitieshub.org\/es\/energy-cities-2\/#primaryimage"},"image":{"@id":"https:\/\/globalcitieshub.org\/es\/energy-cities-2\/#primaryimage"},"thumbnailUrl":"https:\/\/globalcitieshub.org\/wp-content\/uploads\/2022\/02\/CITIES-ALLIANCE-2.png","datePublished":"2026-02-18T09:38:23+00:00","dateModified":"2026-02-18T09:44:51+00:00","description":"Energy Cities es una asociaci\u00f3n que ofrece una plataforma pol\u00edtica a las grandes ciudades europeas.","inLanguage":"es","potentialAction":[{"@type":"ReadAction","target":["https:\/\/globalcitieshub.org\/es\/energy-cities-2\/"]}]},{"@type":"ImageObject","inLanguage":"es","@id":"https:\/\/globalcitieshub.org\/es\/energy-cities-2\/#primaryimage","url":"https:\/\/globalcitieshub.org\/wp-content\/uploads\/2022\/02\/CITIES-ALLIANCE-2.png","contentUrl":"https:\/\/globalcitieshub.org\/wp-content\/uploads\/2022\/02\/CITIES-ALLIANCE-2.png","width":1600,"height":900},{"@type":"WebSite","@id":"https:\/\/globalcitieshub.org\/es\/#website","url":"https:\/\/globalcitieshub.org\/es\/","name":"Global Cities Hub","description":"Conectar a los gobiernos locales y regionales con las Naciones Unidas y otras organizaciones internacionales.","publisher":{"@id":"https:\/\/globalcitieshub.org\/es\/#organization"},"potentialAction":[{"@type":"SearchAction","target":{"@type":"EntryPoint","urlTemplate":"https:\/\/globalcitieshub.org\/es\/?s={search_term_string}"},"query-input":{"@type":"PropertyValueSpecification","valueRequired":true,"valueName":"search_term_string"}}],"inLanguage":"es"},{"@type":"Organization","@id":"https:\/\/globalcitieshub.org\/es\/#organization","name":"Global Cities Hub","url":"https:\/\/globalcitieshub.org\/es\/","logo":{"@type":"ImageObject","inLanguage":"es","@id":"https:\/\/globalcitieshub.org\/es\/#\/schema\/logo\/image\/","url":"https:\/\/globalcitieshub.org\/wp-content\/uploads\/2023\/09\/230829_Logo_Global_Cities_Hub_Couleur_fond-blanc_RVB.png","contentUrl":"https:\/\/globalcitieshub.org\/wp-content\/uploads\/2023\/09\/230829_Logo_Global_Cities_Hub_Couleur_fond-blanc_RVB.png","width":2544,"height":1446,"caption":"Global Cities Hub"},"image":{"@id":"https:\/\/globalcitieshub.org\/es\/#\/schema\/logo\/image\/"},"sameAs":["https:\/\/x.com\/genevacitieshub"]}]}},"_links":{"self":[{"href":"https:\/\/globalcitieshub.org\/es\/wp-json\/wp\/v2\/pages\/27221","targetHints":{"allow":["GET"]}}],"collection":[{"href":"https:\/\/globalcitieshub.org\/es\/wp-json\/wp\/v2\/pages"}],"about":[{"href":"https:\/\/globalcitieshub.org\/es\/wp-json\/wp\/v2\/types\/page"}],"author":[{"embeddable":true,"href":"https:\/\/globalcitieshub.org\/es\/wp-json\/wp\/v2\/users\/1"}],"replies":[{"embeddable":true,"href":"https:\/\/globalcitieshub.org\/es\/wp-json\/wp\/v2\/comments?post=27221"}],"version-history":[{"count":3,"href":"https:\/\/globalcitieshub.org\/es\/wp-json\/wp\/v2\/pages\/27221\/revisions"}],"predecessor-version":[{"id":27224,"href":"https:\/\/globalcitieshub.org\/es\/wp-json\/wp\/v2\/pages\/27221\/revisions\/27224"}],"wp:featuredmedia":[{"embeddable":true,"href":"https:\/\/globalcitieshub.org\/es\/wp-json\/wp\/v2\/media\/15211"}],"wp:attachment":[{"href":"https:\/\/globalcitieshub.org\/es\/wp-json\/wp\/v2\/media?parent=27221"}],"curies":[{"name":"wp","href":"https:\/\/api.w.org\/{rel}","templated":true}]}}