{"id":26967,"date":"2026-02-16T11:51:14","date_gmt":"2026-02-16T10:51:14","guid":{"rendered":"https:\/\/globalcitieshub.org\/?page_id=26967"},"modified":"2026-02-16T16:44:04","modified_gmt":"2026-02-16T15:44:04","slug":"city-directors-of-international-affairs-network","status":"publish","type":"page","link":"https:\/\/globalcitieshub.org\/es\/city-directors-of-international-affairs-network\/","title":{"rendered":"Red de Directores Municipales de Asuntos Internacionales"},"content":{"rendered":"<div data-elementor-type=\"wp-page\" data-elementor-id=\"26967\" class=\"elementor elementor-26967\">\n\t\t\t\t\t\t<section class=\"elementor-section elementor-top-section elementor-element elementor-element-c72a1af elementor-section-boxed elementor-section-height-default elementor-section-height-default\" data-id=\"c72a1af\" data-element_type=\"section\" data-e-type=\"section\">\n\t\t\t\t\t\t<div class=\"elementor-container elementor-column-gap-default\">\n\t\t\t\t\t<div class=\"elementor-column elementor-col-100 elementor-top-column elementor-element elementor-element-570c445\" data-id=\"570c445\" data-element_type=\"column\" data-e-type=\"column\">\n\t\t\t<div class=\"elementor-widget-wrap elementor-element-populated\">\n\t\t\t\t\t\t<div class=\"elementor-element elementor-element-94fdb47 elementor-widget elementor-widget-text-editor\" data-id=\"94fdb47\" data-element_type=\"widget\" data-e-type=\"widget\" data-widget_type=\"text-editor.default\">\n\t\t\t\t<div class=\"elementor-widget-container\">\n\t\t\t\t\t\t\t\t\t<p><strong><span style=\"color: #000000;\">El German Marshall Fund (GMF), como organizaci\u00f3n creada con la misi\u00f3n de reforzar la cooperaci\u00f3n transatl\u00e1ntica y con un programa \u00fanico de Ciudades, ayuda a impulsar el papel de las ciudades a la hora de abordar los retos globales de nuestro tiempo, y a que los v\u00ednculos a nivel local sean una fuente de resistencia y aguante para los valores y la pr\u00e1ctica de la cooperaci\u00f3n transatl\u00e1ntica.<\/span><\/strong><\/p><p><span style=\"color: #000000;\">En 2020, GMF Cities cre\u00f3 una red de y para Directores Municipales de Asuntos Internacionales (CDIA) de Europa y Norteam\u00e9rica. Estos profesionales de la administraci\u00f3n municipal aprenden y se consultan entre s\u00ed, desarrollan relaciones y hacen crecer su red, coordinan actividades y obtienen ideas y apoyo r\u00e1pidamente a trav\u00e9s de esta red de confianza, que incluye a m\u00e1s de 80 ciudades de m\u00e1s de 25 pa\u00edses.<\/span><\/p><p>\u00a0<\/p><h4><span style=\"color: #000000;\"><strong>OBJETIVOS PRINCIPALES<\/strong><\/span><\/h4><p>\u00a0<\/p><ul><li><span style=\"color: #000000;\">Reforzar la cooperaci\u00f3n internacional y el aprendizaje entre ciudades sobre cuestiones mundiales cr\u00edticas<\/span><\/li><li><span style=\"color: #000000;\">Crear y mejorar las capacidades de diplomacia de las ciudades<\/span><\/li><li><span style=\"color: #000000;\">Aumentar la confianza entre los responsables municipales y construir su red transatl\u00e1ntica de hom\u00f3logos.<\/span><\/li><li><span style=\"color: #000000;\">Compartir pr\u00e1cticas y pol\u00edticas innovadoras sobre problemas comunes<\/span><\/li><li><span style=\"color: #000000;\">Aumentar el reconocimiento de la relevancia de las ciudades como actores internacionales, as\u00ed como de los beneficios de su creciente papel a la hora de abordar problemas globales.<\/span><\/li><\/ul><p>\u00a0<\/p><h4><span style=\"color: #000000;\"><strong>PROYECTOS CLAVE<\/strong><\/span><\/h4><p>\u00a0<\/p><p><span style=\"color: #000000;\">El <a style=\"color: #000000;\" href=\"https:\/\/www.gmfus.org\/external-relations\/gmf-cities\">Ciudades GMF<\/a> lleva a cabo una serie de proyectos y actividades junto con ciudades europeas y norteamericanas y l\u00edderes locales para fomentar y fortalecer la democracia, promover la justicia social, econ\u00f3mica y clim\u00e1tica, e impulsar el papel de las ciudades en las relaciones internacionales.<\/span><\/p><p><span style=\"color: #000000;\">Como parte de la Red de Directores Municipales de Asuntos Internacionales (CDIA) del GMF, se invita a los participantes a sesiones virtuales a puerta cerrada sobre temas de actualidad, reuniones peri\u00f3dicas en persona y oportunidades de desarrollo profesional.<\/span><\/p><p>\u00a0<\/p><h4><span style=\"color: #000000;\"><strong>PARTICIPA<\/strong><\/span><\/h4><p>\u00a0<\/p><p><span style=\"color: #000000;\">Las partes interesadas o que trabajen en el \u00e1mbito de las ciudades y el compromiso internacional no duden en ponerse en contacto con nosotros para explorar las posibilidades de participaci\u00f3n en la red y las oportunidades de asociaci\u00f3n. Presentamos regularmente el trabajo y la experiencia de organizaciones internacionales, responsables pol\u00edticos y acad\u00e9micos, cuando es relevante para los profesionales encargados de las actividades y estrategias internacionales de su ciudad.<\/span><\/p><p><span style=\"color: #000000;\">Los Directores Municipales de Asuntos Internacionales o equivalentes (funcionarios de gobiernos locales no electos con esta responsabilidad) de Europa y Norteam\u00e9rica pueden ponerse en contacto con el personal de GMF Cities para recibir invitaciones y m\u00e1s informaci\u00f3n sobre la red.<\/span><\/p><p>\u00a0<\/p><h4><span style=\"color: #000000;\"><strong>INFORMACI\u00d3N DE CONTACTO<\/strong><\/span><\/h4>\t\t\t\t\t\t\t\t<\/div>\n\t\t\t\t<\/div>\n\t\t\t\t\t<\/div>\n\t\t<\/div>\n\t\t\t\t\t<\/div>\n\t\t<\/section>\n\t\t\t\t<section class=\"elementor-section elementor-top-section elementor-element elementor-element-e00b490 elementor-section-boxed elementor-section-height-default elementor-section-height-default\" data-id=\"e00b490\" data-element_type=\"section\" data-e-type=\"section\">\n\t\t\t\t\t\t<div class=\"elementor-container elementor-column-gap-default\">\n\t\t\t\t\t<div class=\"elementor-column elementor-col-33 elementor-top-column elementor-element elementor-element-aca89db\" data-id=\"aca89db\" data-element_type=\"column\" data-e-type=\"column\">\n\t\t\t<div class=\"elementor-widget-wrap elementor-element-populated\">\n\t\t\t\t\t\t<div class=\"elementor-element elementor-element-84fdc39 elementor-align-center elementor-widget elementor-widget-button\" data-id=\"84fdc39\" data-element_type=\"widget\" data-e-type=\"widget\" data-widget_type=\"button.default\">\n\t\t\t\t<div class=\"elementor-widget-container\">\n\t\t\t\t\t\t\t\t\t<div class=\"elementor-button-wrapper\">\n\t\t\t\t\t<a class=\"elementor-button elementor-button-link elementor-size-sm\" href=\"https:\/\/www.gmfus.org\/external-relations\/gmf-cities\">\n\t\t\t\t\t\t<span class=\"elementor-button-content-wrapper\">\n\t\t\t\t\t\t\t\t\t<span class=\"elementor-button-text\">Sitio web de la Red de Directores Municipales de Asuntos Internacionales (CDIA)<\/span>\n\t\t\t\t\t<\/span>\n\t\t\t\t\t<\/a>\n\t\t\t\t<\/div>\n\t\t\t\t\t\t\t\t<\/div>\n\t\t\t\t<\/div>\n\t\t\t\t\t<\/div>\n\t\t<\/div>\n\t\t\t\t<div class=\"elementor-column elementor-col-33 elementor-top-column elementor-element elementor-element-90d02f7\" data-id=\"90d02f7\" data-element_type=\"column\" data-e-type=\"column\">\n\t\t\t<div class=\"elementor-widget-wrap elementor-element-populated\">\n\t\t\t\t\t\t<div class=\"elementor-element elementor-element-69d662c elementor-align-center elementor-widget elementor-widget-button\" data-id=\"69d662c\" data-element_type=\"widget\" data-e-type=\"widget\" data-widget_type=\"button.default\">\n\t\t\t\t<div class=\"elementor-widget-container\">\n\t\t\t\t\t\t\t\t\t<div class=\"elementor-button-wrapper\">\n\t\t\t\t\t<a class=\"elementor-button elementor-button-link elementor-size-sm\" href=\"mailto:pcostello@gmfus.org\">\n\t\t\t\t\t\t<span class=\"elementor-button-content-wrapper\">\n\t\t\t\t\t\t<span class=\"elementor-button-icon\">\n\t\t\t\t<i aria-hidden=\"true\" class=\"far fa-user\"><\/i>\t\t\t<\/span>\n\t\t\t\t\t\t\t\t\t<span class=\"elementor-button-text\">SR. PAUL COSTELLO <br> Director - Ciudades GMF<\/span>\n\t\t\t\t\t<\/span>\n\t\t\t\t\t<\/a>\n\t\t\t\t<\/div>\n\t\t\t\t\t\t\t\t<\/div>\n\t\t\t\t<\/div>\n\t\t\t\t\t<\/div>\n\t\t<\/div>\n\t\t\t\t<div class=\"elementor-column elementor-col-33 elementor-top-column elementor-element elementor-element-7c22e2e\" data-id=\"7c22e2e\" data-element_type=\"column\" data-e-type=\"column\">\n\t\t\t<div class=\"elementor-widget-wrap\">\n\t\t\t\t\t\t\t<\/div>\n\t\t<\/div>\n\t\t\t\t\t<\/div>\n\t\t<\/section>\n\t\t\t\t<\/div>","protected":false},"excerpt":{"rendered":"<p>El German Marshall Fund (GMF), como organizaci\u00f3n creada con la misi\u00f3n de reforzar la cooperaci\u00f3n transatl\u00e1ntica y con un programa \u00fanico de Ciudades, ayuda a impulsar el papel de las ciudades a la hora de abordar los retos globales de nuestro tiempo, y a que los v\u00ednculos a nivel local sean una fuente de resistencia y resistencia para los valores y la pr\u00e1ctica de la ... <\/p>","protected":false},"author":1,"featured_media":26968,"parent":0,"menu_order":0,"comment_status":"closed","ping_status":"closed","template":"","meta":{"_monsterinsights_skip_tracking":false,"_monsterinsights_sitenote_active":false,"_monsterinsights_sitenote_note":"","_monsterinsights_sitenote_category":0,"footnotes":""},"class_list":["post-26967","page","type-page","status-publish","has-post-thumbnail","hentry"],"yoast_head":"<!-- This site is optimized with the Yoast SEO plugin v27.4 - https:\/\/yoast.com\/product\/yoast-seo-wordpress\/ -->\n<title>City Directors of International Affairs Network - Global Cities Hub<\/title>\n<meta name=\"robots\" content=\"index, follow, max-snippet:-1, max-image-preview:large, max-video-preview:-1\" \/>\n<link rel=\"canonical\" href=\"https:\/\/globalcitieshub.org\/es\/city-directors-of-international-affairs-network\/\" \/>\n<meta property=\"og:locale\" content=\"es_ES\" \/>\n<meta property=\"og:type\" content=\"article\" \/>\n<meta property=\"og:title\" content=\"City Directors of International Affairs Network - Global Cities Hub\" \/>\n<meta property=\"og:description\" content=\"The German Marshall Fund (GMF), as an organization established with the mission of strengthening transatlantic cooperation and with a unique Cities program, helps advance the role of cities in addressing global challenges of our time, and for local level ties to be a source of resilience and endurance for the values and practice of transatlantic &hellip;\" \/>\n<meta property=\"og:url\" content=\"https:\/\/globalcitieshub.org\/es\/city-directors-of-international-affairs-network\/\" \/>\n<meta property=\"og:site_name\" content=\"Global Cities Hub\" \/>\n<meta property=\"article:modified_time\" content=\"2026-02-16T15:44:04+00:00\" \/>\n<meta property=\"og:image\" content=\"https:\/\/globalcitieshub.org\/wp-content\/uploads\/2026\/02\/City-Directors-of-International-Affairs-Network.png\" \/>\n\t<meta property=\"og:image:width\" content=\"1600\" \/>\n\t<meta property=\"og:image:height\" content=\"900\" \/>\n\t<meta property=\"og:image:type\" content=\"image\/png\" \/>\n<meta name=\"twitter:card\" content=\"summary_large_image\" \/>\n<meta name=\"twitter:site\" content=\"@genevacitieshub\" \/>\n<meta name=\"twitter:label1\" content=\"Tiempo de lectura\" \/>\n\t<meta name=\"twitter:data1\" content=\"2 minutos\" \/>\n<script type=\"application\/ld+json\" class=\"yoast-schema-graph\">{\"@context\":\"https:\\\/\\\/schema.org\",\"@graph\":[{\"@type\":\"WebPage\",\"@id\":\"https:\\\/\\\/globalcitieshub.org\\\/es\\\/city-directors-of-international-affairs-network\\\/\",\"url\":\"https:\\\/\\\/globalcitieshub.org\\\/es\\\/city-directors-of-international-affairs-network\\\/\",\"name\":\"City Directors of International Affairs Network - Global Cities Hub\",\"isPartOf\":{\"@id\":\"https:\\\/\\\/globalcitieshub.org\\\/es\\\/#website\"},\"primaryImageOfPage\":{\"@id\":\"https:\\\/\\\/globalcitieshub.org\\\/es\\\/city-directors-of-international-affairs-network\\\/#primaryimage\"},\"image\":{\"@id\":\"https:\\\/\\\/globalcitieshub.org\\\/es\\\/city-directors-of-international-affairs-network\\\/#primaryimage\"},\"thumbnailUrl\":\"https:\\\/\\\/globalcitieshub.org\\\/wp-content\\\/uploads\\\/2026\\\/02\\\/City-Directors-of-International-Affairs-Network.png\",\"datePublished\":\"2026-02-16T10:51:14+00:00\",\"dateModified\":\"2026-02-16T15:44:04+00:00\",\"inLanguage\":\"es\",\"potentialAction\":[{\"@type\":\"ReadAction\",\"target\":[\"https:\\\/\\\/globalcitieshub.org\\\/es\\\/city-directors-of-international-affairs-network\\\/\"]}]},{\"@type\":\"ImageObject\",\"inLanguage\":\"es\",\"@id\":\"https:\\\/\\\/globalcitieshub.org\\\/es\\\/city-directors-of-international-affairs-network\\\/#primaryimage\",\"url\":\"https:\\\/\\\/globalcitieshub.org\\\/wp-content\\\/uploads\\\/2026\\\/02\\\/City-Directors-of-International-Affairs-Network.png\",\"contentUrl\":\"https:\\\/\\\/globalcitieshub.org\\\/wp-content\\\/uploads\\\/2026\\\/02\\\/City-Directors-of-International-Affairs-Network.png\",\"width\":1600,\"height\":900},{\"@type\":\"WebSite\",\"@id\":\"https:\\\/\\\/globalcitieshub.org\\\/es\\\/#website\",\"url\":\"https:\\\/\\\/globalcitieshub.org\\\/es\\\/\",\"name\":\"Global Cities Hub\",\"description\":\"Connecting local and regional governments to the United Nations and other  international organizations\",\"publisher\":{\"@id\":\"https:\\\/\\\/globalcitieshub.org\\\/es\\\/#organization\"},\"potentialAction\":[{\"@type\":\"SearchAction\",\"target\":{\"@type\":\"EntryPoint\",\"urlTemplate\":\"https:\\\/\\\/globalcitieshub.org\\\/es\\\/?s={search_term_string}\"},\"query-input\":{\"@type\":\"PropertyValueSpecification\",\"valueRequired\":true,\"valueName\":\"search_term_string\"}}],\"inLanguage\":\"es\"},{\"@type\":\"Organization\",\"@id\":\"https:\\\/\\\/globalcitieshub.org\\\/es\\\/#organization\",\"name\":\"Global Cities Hub\",\"url\":\"https:\\\/\\\/globalcitieshub.org\\\/es\\\/\",\"logo\":{\"@type\":\"ImageObject\",\"inLanguage\":\"es\",\"@id\":\"https:\\\/\\\/globalcitieshub.org\\\/es\\\/#\\\/schema\\\/logo\\\/image\\\/\",\"url\":\"https:\\\/\\\/globalcitieshub.org\\\/wp-content\\\/uploads\\\/2023\\\/09\\\/230829_Logo_Global_Cities_Hub_Couleur_fond-blanc_RVB.png\",\"contentUrl\":\"https:\\\/\\\/globalcitieshub.org\\\/wp-content\\\/uploads\\\/2023\\\/09\\\/230829_Logo_Global_Cities_Hub_Couleur_fond-blanc_RVB.png\",\"width\":2544,\"height\":1446,\"caption\":\"Global Cities Hub\"},\"image\":{\"@id\":\"https:\\\/\\\/globalcitieshub.org\\\/es\\\/#\\\/schema\\\/logo\\\/image\\\/\"},\"sameAs\":[\"https:\\\/\\\/x.com\\\/genevacitieshub\"]}]}<\/script>\n<!-- \/ Yoast SEO plugin. -->","yoast_head_json":{"title":"Red de Directores Municipales de Asuntos Internacionales - Global Cities Hub","robots":{"index":"index","follow":"follow","max-snippet":"max-snippet:-1","max-image-preview":"max-image-preview:large","max-video-preview":"max-video-preview:-1"},"canonical":"https:\/\/globalcitieshub.org\/es\/city-directors-of-international-affairs-network\/","og_locale":"es_ES","og_type":"article","og_title":"City Directors of International Affairs Network - Global Cities Hub","og_description":"The German Marshall Fund (GMF), as an organization established with the mission of strengthening transatlantic cooperation and with a unique Cities program, helps advance the role of cities in addressing global challenges of our time, and for local level ties to be a source of resilience and endurance for the values and practice of transatlantic &hellip;","og_url":"https:\/\/globalcitieshub.org\/es\/city-directors-of-international-affairs-network\/","og_site_name":"Global Cities Hub","article_modified_time":"2026-02-16T15:44:04+00:00","og_image":[{"width":1600,"height":900,"url":"https:\/\/globalcitieshub.org\/wp-content\/uploads\/2026\/02\/City-Directors-of-International-Affairs-Network.png","type":"image\/png"}],"twitter_card":"summary_large_image","twitter_site":"@genevacitieshub","twitter_misc":{"Tiempo de lectura":"2 minutos"},"schema":{"@context":"https:\/\/schema.org","@graph":[{"@type":"WebPage","@id":"https:\/\/globalcitieshub.org\/es\/city-directors-of-international-affairs-network\/","url":"https:\/\/globalcitieshub.org\/es\/city-directors-of-international-affairs-network\/","name":"Red de Directores Municipales de Asuntos Internacionales - Global Cities Hub","isPartOf":{"@id":"https:\/\/globalcitieshub.org\/es\/#website"},"primaryImageOfPage":{"@id":"https:\/\/globalcitieshub.org\/es\/city-directors-of-international-affairs-network\/#primaryimage"},"image":{"@id":"https:\/\/globalcitieshub.org\/es\/city-directors-of-international-affairs-network\/#primaryimage"},"thumbnailUrl":"https:\/\/globalcitieshub.org\/wp-content\/uploads\/2026\/02\/City-Directors-of-International-Affairs-Network.png","datePublished":"2026-02-16T10:51:14+00:00","dateModified":"2026-02-16T15:44:04+00:00","inLanguage":"es","potentialAction":[{"@type":"ReadAction","target":["https:\/\/globalcitieshub.org\/es\/city-directors-of-international-affairs-network\/"]}]},{"@type":"ImageObject","inLanguage":"es","@id":"https:\/\/globalcitieshub.org\/es\/city-directors-of-international-affairs-network\/#primaryimage","url":"https:\/\/globalcitieshub.org\/wp-content\/uploads\/2026\/02\/City-Directors-of-International-Affairs-Network.png","contentUrl":"https:\/\/globalcitieshub.org\/wp-content\/uploads\/2026\/02\/City-Directors-of-International-Affairs-Network.png","width":1600,"height":900},{"@type":"WebSite","@id":"https:\/\/globalcitieshub.org\/es\/#website","url":"https:\/\/globalcitieshub.org\/es\/","name":"Global Cities Hub","description":"Conectar a los gobiernos locales y regionales con las Naciones Unidas y otras organizaciones internacionales.","publisher":{"@id":"https:\/\/globalcitieshub.org\/es\/#organization"},"potentialAction":[{"@type":"SearchAction","target":{"@type":"EntryPoint","urlTemplate":"https:\/\/globalcitieshub.org\/es\/?s={search_term_string}"},"query-input":{"@type":"PropertyValueSpecification","valueRequired":true,"valueName":"search_term_string"}}],"inLanguage":"es"},{"@type":"Organization","@id":"https:\/\/globalcitieshub.org\/es\/#organization","name":"Global Cities Hub","url":"https:\/\/globalcitieshub.org\/es\/","logo":{"@type":"ImageObject","inLanguage":"es","@id":"https:\/\/globalcitieshub.org\/es\/#\/schema\/logo\/image\/","url":"https:\/\/globalcitieshub.org\/wp-content\/uploads\/2023\/09\/230829_Logo_Global_Cities_Hub_Couleur_fond-blanc_RVB.png","contentUrl":"https:\/\/globalcitieshub.org\/wp-content\/uploads\/2023\/09\/230829_Logo_Global_Cities_Hub_Couleur_fond-blanc_RVB.png","width":2544,"height":1446,"caption":"Global Cities Hub"},"image":{"@id":"https:\/\/globalcitieshub.org\/es\/#\/schema\/logo\/image\/"},"sameAs":["https:\/\/x.com\/genevacitieshub"]}]}},"_links":{"self":[{"href":"https:\/\/globalcitieshub.org\/es\/wp-json\/wp\/v2\/pages\/26967","targetHints":{"allow":["GET"]}}],"collection":[{"href":"https:\/\/globalcitieshub.org\/es\/wp-json\/wp\/v2\/pages"}],"about":[{"href":"https:\/\/globalcitieshub.org\/es\/wp-json\/wp\/v2\/types\/page"}],"author":[{"embeddable":true,"href":"https:\/\/globalcitieshub.org\/es\/wp-json\/wp\/v2\/users\/1"}],"replies":[{"embeddable":true,"href":"https:\/\/globalcitieshub.org\/es\/wp-json\/wp\/v2\/comments?post=26967"}],"version-history":[{"count":14,"href":"https:\/\/globalcitieshub.org\/es\/wp-json\/wp\/v2\/pages\/26967\/revisions"}],"predecessor-version":[{"id":27120,"href":"https:\/\/globalcitieshub.org\/es\/wp-json\/wp\/v2\/pages\/26967\/revisions\/27120"}],"wp:featuredmedia":[{"embeddable":true,"href":"https:\/\/globalcitieshub.org\/es\/wp-json\/wp\/v2\/media\/26968"}],"wp:attachment":[{"href":"https:\/\/globalcitieshub.org\/es\/wp-json\/wp\/v2\/media?parent=26967"}],"curies":[{"name":"wp","href":"https:\/\/api.w.org\/{rel}","templated":true}]}}