{"id":23429,"date":"2025-03-19T16:46:58","date_gmt":"2025-03-19T15:46:58","guid":{"rendered":"https:\/\/globalcitieshub.org\/?page_id=23429"},"modified":"2025-03-26T09:22:35","modified_gmt":"2025-03-26T08:22:35","slug":"2025-2028-strategic-framework","status":"publish","type":"page","link":"https:\/\/globalcitieshub.org\/es\/2025-2028-strategic-framework\/","title":{"rendered":"Marco estrat\u00e9gico"},"content":{"rendered":"<div data-elementor-type=\"wp-page\" data-elementor-id=\"23429\" class=\"elementor elementor-23429\">\n\t\t\t\t\t\t<section class=\"elementor-section elementor-top-section elementor-element elementor-element-9eddc4e elementor-section-boxed elementor-section-height-default elementor-section-height-default\" data-id=\"9eddc4e\" data-element_type=\"section\" data-e-type=\"section\">\n\t\t\t\t\t\t<div class=\"elementor-container elementor-column-gap-default\">\n\t\t\t\t\t<div class=\"elementor-column elementor-col-100 elementor-top-column elementor-element elementor-element-b64783a\" data-id=\"b64783a\" data-element_type=\"column\" data-e-type=\"column\">\n\t\t\t<div class=\"elementor-widget-wrap elementor-element-populated\">\n\t\t\t\t\t\t<div class=\"elementor-element elementor-element-1356435 elementor-widget elementor-widget-section_titleleft\" data-id=\"1356435\" data-element_type=\"widget\" data-e-type=\"widget\" data-widget_type=\"section_titleleft.default\">\n\t\t\t\t<div class=\"elementor-widget-container\">\n\t\t\t\t\t        <div class=\"ab_text-title fl-wrap\">\r\n            <h3>MARCO ESTRAT\u00c9GICO 2025-2028<\/h3><span class=\"section-separator fl-sec-sep\"><\/span>        <\/div>\r\n        \t\t\t\t<\/div>\n\t\t\t\t<\/div>\n\t\t\t\t\t<\/div>\n\t\t<\/div>\n\t\t\t\t\t<\/div>\n\t\t<\/section>\n\t\t\t\t<section class=\"elementor-section elementor-top-section elementor-element elementor-element-f4427b4 elementor-section-boxed elementor-section-height-default elementor-section-height-default\" data-id=\"f4427b4\" data-element_type=\"section\" data-e-type=\"section\">\n\t\t\t\t\t\t<div class=\"elementor-container elementor-column-gap-default\">\n\t\t\t\t\t<div class=\"elementor-column elementor-col-50 elementor-top-column elementor-element elementor-element-d66cfac\" data-id=\"d66cfac\" data-element_type=\"column\" data-e-type=\"column\">\n\t\t\t<div class=\"elementor-widget-wrap elementor-element-populated\">\n\t\t\t\t\t\t<div class=\"elementor-element elementor-element-6246106 elementor-widget elementor-widget-image\" data-id=\"6246106\" data-element_type=\"widget\" data-e-type=\"widget\" data-widget_type=\"image.default\">\n\t\t\t\t<div class=\"elementor-widget-container\">\n\t\t\t\t\t\t\t\t\t\t\t\t\t\t\t\t<a href=\"https:\/\/globalcitieshub.org\/wp-content\/uploads\/2025\/01\/strategic_framework_25-28_web.pdf\" target=\"_blank\">\n\t\t\t\t\t\t\t<img fetchpriority=\"high\" width=\"218\" height=\"300\" class=\"attachment-medium size-medium wp-image-22842 lazy\" alt=\"\" data-src=\"https:\/\/globalcitieshub.org\/wp-content\/uploads\/2025\/01\/Strategic-GCH-2025-218x300.png\" data-lazy=\"https:\/\/globalcitieshub.org\/wp-content\/uploads\/2025\/01\/Strategic-GCH-2025-218x300.png\" \/>\t\t\t\t\t\t\t\t<\/a>\n\t\t\t\t\t\t\t\t\t\t\t\t\t\t\t<\/div>\n\t\t\t\t<\/div>\n\t\t\t\t\t<\/div>\n\t\t<\/div>\n\t\t\t\t<div class=\"elementor-column elementor-col-50 elementor-top-column elementor-element elementor-element-f9526a2\" data-id=\"f9526a2\" data-element_type=\"column\" data-e-type=\"column\">\n\t\t\t<div class=\"elementor-widget-wrap elementor-element-populated\">\n\t\t\t\t\t\t<div class=\"elementor-element elementor-element-c3764e4 elementor-widget elementor-widget-text-editor\" data-id=\"c3764e4\" data-element_type=\"widget\" data-e-type=\"widget\" data-widget_type=\"text-editor.default\">\n\t\t\t\t<div class=\"elementor-widget-container\">\n\t\t\t\t\t\t\t\t\t<p><span style=\"color: #000000;\">El Marco Estrat\u00e9gico del Global Cities Hub esboza los objetivos estrat\u00e9gicos que dirigen el trabajo de la organizaci\u00f3n en 2025-2028: <\/span><\/p>\n<ul>\n<li><span style=\"color: #000000;\">convirti\u00e9ndose en la principal plataforma de la diplomacia urbana internacional;<\/span><\/li>\n<li><span style=\"color: #000000;\"> aumentar la influencia de LRG a escala internacional;<\/span><\/li>\n<li><span style=\"color: #000000;\">identificar las futuras tendencias internacionales importantes para las ciudades.<\/span><\/li>\n<\/ul>\n<div><span style=\"color: #000000;\">Para alcanzar estos objetivos, el GCH desarrollar\u00e1 sus actividades siguiendo las 4C: Convocar, Conectar, Defender y Capacitar.<\/span><\/div>\t\t\t\t\t\t\t\t<\/div>\n\t\t\t\t<\/div>\n\t\t\t\t<div class=\"elementor-element elementor-element-bdd975e elementor-widget__width-auto elementor-widget elementor-widget-cthbutton\" data-id=\"bdd975e\" data-element_type=\"widget\" data-e-type=\"widget\" data-widget_type=\"cthbutton.default\">\n\t\t\t\t<div class=\"elementor-widget-container\">\n\t\t\t\t\t \r\n            <a href=\"https:\/\/globalcitieshub.org\/wp-content\/uploads\/2025\/01\/strategic_framework_25-28_web.pdf\" class=\"btn color-bg external_link\" target=\"_blank\">Descargar el Marco Estrat\u00e9gico 2025-2028<i class=\"fal fa-download\"><\/i><\/a>\r\n        \t\t\t\t<\/div>\n\t\t\t\t<\/div>\n\t\t\t\t\t<\/div>\n\t\t<\/div>\n\t\t\t\t\t<\/div>\n\t\t<\/section>\n\t\t\t\t<\/div>","protected":false},"excerpt":{"rendered":"<p>MARCO ESTRAT\u00c9GICO 2025-2028 El Marco Estrat\u00e9gico del Global Cities Hub esboza los objetivos estrat\u00e9gicos que dirigen el trabajo de la organizaci\u00f3n en 2025-2028: convertirse en la principal plataforma de diplomacia urbana internacional; aumentar la influencia del GCH a nivel internacional; identificar las futuras tendencias internacionales que importan a las ciudades. Para alcanzar estos objetivos, el GCH desarrollar\u00e1 sus actividades siguiendo ... <\/p>","protected":false},"author":1,"featured_media":0,"parent":0,"menu_order":0,"comment_status":"closed","ping_status":"closed","template":"page-fullwidth.php","meta":{"_monsterinsights_skip_tracking":false,"_monsterinsights_sitenote_active":false,"_monsterinsights_sitenote_note":"","_monsterinsights_sitenote_category":0,"footnotes":""},"class_list":["post-23429","page","type-page","status-publish","hentry"],"yoast_head":"<!-- This site is optimized with the Yoast SEO plugin v27.4 - https:\/\/yoast.com\/product\/yoast-seo-wordpress\/ -->\n<title>Strategic Framework - Global Cities Hub<\/title>\n<meta name=\"robots\" content=\"index, follow, max-snippet:-1, max-image-preview:large, max-video-preview:-1\" \/>\n<link rel=\"canonical\" href=\"https:\/\/globalcitieshub.org\/es\/2025-2028-strategic-framework\/\" \/>\n<meta property=\"og:locale\" content=\"es_ES\" \/>\n<meta property=\"og:type\" content=\"article\" \/>\n<meta property=\"og:title\" content=\"Strategic Framework - Global Cities Hub\" \/>\n<meta property=\"og:description\" content=\"2025-2028 STRATEGIC FRAMEWORK The Global Cities Hub&#8217;s Strategic Framework outlines the strategic objectives that lead the organization&#8217;s work in 2025-2028: becoming the main platform for international urban diplomacy; increasing LRG&#8217;s influence at the international level; identifying future international trends that matter for cities. To achieve these objectives, the GCH will run its activities following the &hellip;\" \/>\n<meta property=\"og:url\" content=\"https:\/\/globalcitieshub.org\/es\/2025-2028-strategic-framework\/\" \/>\n<meta property=\"og:site_name\" content=\"Global Cities Hub\" \/>\n<meta property=\"article:modified_time\" content=\"2025-03-26T08:22:35+00:00\" \/>\n<meta property=\"og:image\" content=\"https:\/\/globalcitieshub.org\/wp-content\/uploads\/2025\/01\/Strategic-GCH-2025-218x300.png\" \/>\n<meta name=\"twitter:card\" content=\"summary_large_image\" \/>\n<meta name=\"twitter:site\" content=\"@genevacitieshub\" \/>\n<meta name=\"twitter:label1\" content=\"Tiempo de lectura\" \/>\n\t<meta name=\"twitter:data1\" content=\"1 minuto\" \/>\n<script type=\"application\/ld+json\" class=\"yoast-schema-graph\">{\"@context\":\"https:\\\/\\\/schema.org\",\"@graph\":[{\"@type\":\"WebPage\",\"@id\":\"https:\\\/\\\/globalcitieshub.org\\\/es\\\/2025-2028-strategic-framework\\\/\",\"url\":\"https:\\\/\\\/globalcitieshub.org\\\/es\\\/2025-2028-strategic-framework\\\/\",\"name\":\"Strategic Framework - Global Cities Hub\",\"isPartOf\":{\"@id\":\"https:\\\/\\\/globalcitieshub.org\\\/es\\\/#website\"},\"primaryImageOfPage\":{\"@id\":\"https:\\\/\\\/globalcitieshub.org\\\/es\\\/2025-2028-strategic-framework\\\/#primaryimage\"},\"image\":{\"@id\":\"https:\\\/\\\/globalcitieshub.org\\\/es\\\/2025-2028-strategic-framework\\\/#primaryimage\"},\"thumbnailUrl\":\"https:\\\/\\\/globalcitieshub.org\\\/wp-content\\\/uploads\\\/2025\\\/01\\\/Strategic-GCH-2025-218x300.png\",\"datePublished\":\"2025-03-19T15:46:58+00:00\",\"dateModified\":\"2025-03-26T08:22:35+00:00\",\"inLanguage\":\"es\",\"potentialAction\":[{\"@type\":\"ReadAction\",\"target\":[\"https:\\\/\\\/globalcitieshub.org\\\/es\\\/2025-2028-strategic-framework\\\/\"]}]},{\"@type\":\"ImageObject\",\"inLanguage\":\"es\",\"@id\":\"https:\\\/\\\/globalcitieshub.org\\\/es\\\/2025-2028-strategic-framework\\\/#primaryimage\",\"url\":\"https:\\\/\\\/globalcitieshub.org\\\/wp-content\\\/uploads\\\/2025\\\/01\\\/Strategic-GCH-2025-218x300.png\",\"contentUrl\":\"https:\\\/\\\/globalcitieshub.org\\\/wp-content\\\/uploads\\\/2025\\\/01\\\/Strategic-GCH-2025-218x300.png\"},{\"@type\":\"WebSite\",\"@id\":\"https:\\\/\\\/globalcitieshub.org\\\/es\\\/#website\",\"url\":\"https:\\\/\\\/globalcitieshub.org\\\/es\\\/\",\"name\":\"Global Cities Hub\",\"description\":\"Connecting local and regional governments to the United Nations and other  international organizations\",\"publisher\":{\"@id\":\"https:\\\/\\\/globalcitieshub.org\\\/es\\\/#organization\"},\"potentialAction\":[{\"@type\":\"SearchAction\",\"target\":{\"@type\":\"EntryPoint\",\"urlTemplate\":\"https:\\\/\\\/globalcitieshub.org\\\/es\\\/?s={search_term_string}\"},\"query-input\":{\"@type\":\"PropertyValueSpecification\",\"valueRequired\":true,\"valueName\":\"search_term_string\"}}],\"inLanguage\":\"es\"},{\"@type\":\"Organization\",\"@id\":\"https:\\\/\\\/globalcitieshub.org\\\/es\\\/#organization\",\"name\":\"Global Cities Hub\",\"url\":\"https:\\\/\\\/globalcitieshub.org\\\/es\\\/\",\"logo\":{\"@type\":\"ImageObject\",\"inLanguage\":\"es\",\"@id\":\"https:\\\/\\\/globalcitieshub.org\\\/es\\\/#\\\/schema\\\/logo\\\/image\\\/\",\"url\":\"https:\\\/\\\/globalcitieshub.org\\\/wp-content\\\/uploads\\\/2023\\\/09\\\/230829_Logo_Global_Cities_Hub_Couleur_fond-blanc_RVB.png\",\"contentUrl\":\"https:\\\/\\\/globalcitieshub.org\\\/wp-content\\\/uploads\\\/2023\\\/09\\\/230829_Logo_Global_Cities_Hub_Couleur_fond-blanc_RVB.png\",\"width\":2544,\"height\":1446,\"caption\":\"Global Cities Hub\"},\"image\":{\"@id\":\"https:\\\/\\\/globalcitieshub.org\\\/es\\\/#\\\/schema\\\/logo\\\/image\\\/\"},\"sameAs\":[\"https:\\\/\\\/x.com\\\/genevacitieshub\"]}]}<\/script>\n<!-- \/ Yoast SEO plugin. -->","yoast_head_json":{"title":"Marco estrat\u00e9gico - Global Cities Hub","robots":{"index":"index","follow":"follow","max-snippet":"max-snippet:-1","max-image-preview":"max-image-preview:large","max-video-preview":"max-video-preview:-1"},"canonical":"https:\/\/globalcitieshub.org\/es\/2025-2028-strategic-framework\/","og_locale":"es_ES","og_type":"article","og_title":"Strategic Framework - Global Cities Hub","og_description":"2025-2028 STRATEGIC FRAMEWORK The Global Cities Hub&#8217;s Strategic Framework outlines the strategic objectives that lead the organization&#8217;s work in 2025-2028: becoming the main platform for international urban diplomacy; increasing LRG&#8217;s influence at the international level; identifying future international trends that matter for cities. To achieve these objectives, the GCH will run its activities following the &hellip;","og_url":"https:\/\/globalcitieshub.org\/es\/2025-2028-strategic-framework\/","og_site_name":"Global Cities Hub","article_modified_time":"2025-03-26T08:22:35+00:00","og_image":[{"url":"https:\/\/globalcitieshub.org\/wp-content\/uploads\/2025\/01\/Strategic-GCH-2025-218x300.png","type":"","width":"","height":""}],"twitter_card":"summary_large_image","twitter_site":"@genevacitieshub","twitter_misc":{"Tiempo de lectura":"1 minuto"},"schema":{"@context":"https:\/\/schema.org","@graph":[{"@type":"WebPage","@id":"https:\/\/globalcitieshub.org\/es\/2025-2028-strategic-framework\/","url":"https:\/\/globalcitieshub.org\/es\/2025-2028-strategic-framework\/","name":"Marco estrat\u00e9gico - Global Cities Hub","isPartOf":{"@id":"https:\/\/globalcitieshub.org\/es\/#website"},"primaryImageOfPage":{"@id":"https:\/\/globalcitieshub.org\/es\/2025-2028-strategic-framework\/#primaryimage"},"image":{"@id":"https:\/\/globalcitieshub.org\/es\/2025-2028-strategic-framework\/#primaryimage"},"thumbnailUrl":"https:\/\/globalcitieshub.org\/wp-content\/uploads\/2025\/01\/Strategic-GCH-2025-218x300.png","datePublished":"2025-03-19T15:46:58+00:00","dateModified":"2025-03-26T08:22:35+00:00","inLanguage":"es","potentialAction":[{"@type":"ReadAction","target":["https:\/\/globalcitieshub.org\/es\/2025-2028-strategic-framework\/"]}]},{"@type":"ImageObject","inLanguage":"es","@id":"https:\/\/globalcitieshub.org\/es\/2025-2028-strategic-framework\/#primaryimage","url":"https:\/\/globalcitieshub.org\/wp-content\/uploads\/2025\/01\/Strategic-GCH-2025-218x300.png","contentUrl":"https:\/\/globalcitieshub.org\/wp-content\/uploads\/2025\/01\/Strategic-GCH-2025-218x300.png"},{"@type":"WebSite","@id":"https:\/\/globalcitieshub.org\/es\/#website","url":"https:\/\/globalcitieshub.org\/es\/","name":"Global Cities Hub","description":"Conectar a los gobiernos locales y regionales con las Naciones Unidas y otras organizaciones internacionales.","publisher":{"@id":"https:\/\/globalcitieshub.org\/es\/#organization"},"potentialAction":[{"@type":"SearchAction","target":{"@type":"EntryPoint","urlTemplate":"https:\/\/globalcitieshub.org\/es\/?s={search_term_string}"},"query-input":{"@type":"PropertyValueSpecification","valueRequired":true,"valueName":"search_term_string"}}],"inLanguage":"es"},{"@type":"Organization","@id":"https:\/\/globalcitieshub.org\/es\/#organization","name":"Global Cities Hub","url":"https:\/\/globalcitieshub.org\/es\/","logo":{"@type":"ImageObject","inLanguage":"es","@id":"https:\/\/globalcitieshub.org\/es\/#\/schema\/logo\/image\/","url":"https:\/\/globalcitieshub.org\/wp-content\/uploads\/2023\/09\/230829_Logo_Global_Cities_Hub_Couleur_fond-blanc_RVB.png","contentUrl":"https:\/\/globalcitieshub.org\/wp-content\/uploads\/2023\/09\/230829_Logo_Global_Cities_Hub_Couleur_fond-blanc_RVB.png","width":2544,"height":1446,"caption":"Global Cities Hub"},"image":{"@id":"https:\/\/globalcitieshub.org\/es\/#\/schema\/logo\/image\/"},"sameAs":["https:\/\/x.com\/genevacitieshub"]}]}},"_links":{"self":[{"href":"https:\/\/globalcitieshub.org\/es\/wp-json\/wp\/v2\/pages\/23429","targetHints":{"allow":["GET"]}}],"collection":[{"href":"https:\/\/globalcitieshub.org\/es\/wp-json\/wp\/v2\/pages"}],"about":[{"href":"https:\/\/globalcitieshub.org\/es\/wp-json\/wp\/v2\/types\/page"}],"author":[{"embeddable":true,"href":"https:\/\/globalcitieshub.org\/es\/wp-json\/wp\/v2\/users\/1"}],"replies":[{"embeddable":true,"href":"https:\/\/globalcitieshub.org\/es\/wp-json\/wp\/v2\/comments?post=23429"}],"version-history":[{"count":27,"href":"https:\/\/globalcitieshub.org\/es\/wp-json\/wp\/v2\/pages\/23429\/revisions"}],"predecessor-version":[{"id":23671,"href":"https:\/\/globalcitieshub.org\/es\/wp-json\/wp\/v2\/pages\/23429\/revisions\/23671"}],"wp:attachment":[{"href":"https:\/\/globalcitieshub.org\/es\/wp-json\/wp\/v2\/media?parent=23429"}],"curies":[{"name":"wp","href":"https:\/\/api.w.org\/{rel}","templated":true}]}}