{"id":17783,"date":"2022-09-29T15:50:47","date_gmt":"2022-09-29T13:50:47","guid":{"rendered":"https:\/\/www.genevacitieshub.org\/?page_id=17783"},"modified":"2026-02-18T10:11:43","modified_gmt":"2026-02-18T09:11:43","slug":"regions4-sustainable-development","status":"publish","type":"page","link":"https:\/\/globalcitieshub.org\/es\/regions4-sustainable-development\/","title":{"rendered":"REGIONES4 DESARROLLO SOSTENIBLE"},"content":{"rendered":"<div data-elementor-type=\"wp-page\" data-elementor-id=\"17783\" class=\"elementor elementor-17783\">\n\t\t\t\t\t\t<section class=\"elementor-section elementor-top-section elementor-element elementor-element-9f9b48c elementor-section-boxed elementor-section-height-default elementor-section-height-default\" data-id=\"9f9b48c\" data-element_type=\"section\" data-e-type=\"section\">\n\t\t\t\t\t\t<div class=\"elementor-container elementor-column-gap-default\">\n\t\t\t\t\t<div class=\"elementor-column elementor-col-100 elementor-top-column elementor-element elementor-element-d0fc286\" data-id=\"d0fc286\" data-element_type=\"column\" data-e-type=\"column\">\n\t\t\t<div class=\"elementor-widget-wrap elementor-element-populated\">\n\t\t\t\t\t\t<div class=\"elementor-element elementor-element-d149093 elementor-widget elementor-widget-text-editor\" data-id=\"d149093\" data-element_type=\"widget\" data-e-type=\"widget\" data-widget_type=\"text-editor.default\">\n\t\t\t\t<div class=\"elementor-widget-container\">\n\t\t\t\t\t\t\t\t\t<h4><strong><span style=\"color: #000000;\">Regions4 cataliza el liderazgo de los gobiernos regionales, moviliza recursos, aboga por un mayor reconocimiento y canaliza las voces de las regiones en los principales foros de las Naciones Unidas sobre biodiversidad, cambio clim\u00e1tico y desarrollo sostenible. Creada durante la Cumbre Mundial de las Naciones Unidas sobre Desarrollo Sostenible celebrada en Johannesburgo en 2002, Regions4 ha creado una comunidad mundial de m\u00e1s de doscientos gobiernos regionales de \u00c1frica, Am\u00e9rica, Asia y Europa.<\/span><\/strong><\/h4><div><strong><span style=\"color: #000000;\">\u00a0<\/span><\/strong><\/div>\t\t\t\t\t\t\t\t<\/div>\n\t\t\t\t<\/div>\n\t\t\t\t<div class=\"elementor-element elementor-element-6d24444 elementor-widget elementor-widget-text-editor\" data-id=\"6d24444\" data-element_type=\"widget\" data-e-type=\"widget\" data-widget_type=\"text-editor.default\">\n\t\t\t\t<div class=\"elementor-widget-container\">\n\t\t\t\t\t\t\t\t\t<blockquote><p><span style=\"color: #000000;\">\"Celebramos los 20 a\u00f1os de Regions4 y su trayectoria para reunir a una comunidad mundial de unos 200 gobiernos regionales para trabajar colectivamente en la b\u00fasqueda de soluciones a las crisis mundiales. Nuestra defensa, cooperaci\u00f3n, acci\u00f3n en nuestros territorios y corresponsabilidad son la base de una gobernanza mundial l\u00edder y ambiciosa, con la solidaridad y el desarrollo sostenible en el centro.\" <\/span><\/p><\/blockquote>\t\t\t\t\t\t\t\t<\/div>\n\t\t\t\t<\/div>\n\t\t\t\t<div class=\"elementor-element elementor-element-b547338 elementor-widget elementor-widget-text-editor\" data-id=\"b547338\" data-element_type=\"widget\" data-e-type=\"widget\" data-widget_type=\"text-editor.default\">\n\t\t\t\t<div class=\"elementor-widget-container\">\n\t\t\t\t\t\t\t\t\t<p><strong>D\u00aa. ARANTXA TAPIA, CONSEJERA DE DESARROLLO ECON\u00d3MICO, SOSTENIBILIDAD Y MEDIO AMBIENTE DEL PA\u00cdS VASCO, Y PRESIDENTA DE REGIONES4<\/strong><\/p><p><strong><br><\/strong><\/p>\t\t\t\t\t\t\t\t<\/div>\n\t\t\t\t<\/div>\n\t\t\t\t<div class=\"elementor-element elementor-element-ca61dd5 elementor-widget elementor-widget-text-editor\" data-id=\"ca61dd5\" data-element_type=\"widget\" data-e-type=\"widget\" data-widget_type=\"text-editor.default\">\n\t\t\t\t<div class=\"elementor-widget-container\">\n\t\t\t\t\t\t\t\t\t<h4><span style=\"color: #000000;\"><strong>OBJETIVOS PRINCIPALES<\/strong><\/span><\/h4><p>\u00a0<\/p><p><strong>La defensa de los derechos.<\/strong> Regions4 est\u00e1 oficialmente reconocida por varias entidades del sistema de las Naciones Unidas (ONU), como la CMNUCC, el CDB, el DAES de la ONU, el PNUMA y el PNUD. Gracias a nuestra acreditaci\u00f3n en los principales eventos mundiales sobre cambio clim\u00e1tico, biodiversidad y desarrollo sostenible, nuestros miembros pueden participar en las negociaciones mundiales, establecer contactos con ellas y hacer su seguimiento.\u00a0<\/p><p><strong>Desarrollo de capacidades e intercambio de conocimientos.<\/strong> Gracias a nuestra amplia y diversa red y a nuestros acuerdos de asociaci\u00f3n con la ONU, la UE y otras entidades intergubernamentales, as\u00ed como con organizaciones acad\u00e9micas y de expertos, los miembros de Regions4 se benefician de oportunidades de aprendizaje a trav\u00e9s de nuestros proyectos, intercambios t\u00e9cnicos y formaci\u00f3n entre pares, y pueden obtener acceso a informaci\u00f3n especializada, incluyendo herramientas, recursos y publicaciones importantes.\u00a0<\/p><p><strong>Cooperaci\u00f3n.<\/strong> Regions4 se ajusta a las necesidades y competencias de sus miembros y de las principales partes interesadas para crear oportunidades de cooperaci\u00f3n. El Programa de Expertos Visitantes promueve la cooperaci\u00f3n bilateral, el desarrollo de capacidades y la transferencia de conocimientos.<\/p><div style=\"text-align: justify;\">\u00a0<\/div>\t\t\t\t\t\t\t\t<\/div>\n\t\t\t\t<\/div>\n\t\t\t\t<div class=\"elementor-element elementor-element-31e445b elementor-widget elementor-widget-text-editor\" data-id=\"31e445b\" data-element_type=\"widget\" data-e-type=\"widget\" data-widget_type=\"text-editor.default\">\n\t\t\t\t<div class=\"elementor-widget-container\">\n\t\t\t\t\t\t\t\t\t<h4><span style=\"color: #000000;\"><strong>PROYECTOS CLAVE<\/strong><\/span><\/h4><div><span style=\"color: #000000;\"><strong>\u00a0<\/strong><\/span><\/div><p>\u00a0<\/p><p>La biodiversidad:\u00a0<\/p><p>- Plataforma de Aprendizaje de las Regiones por la Biodiversidad (R4BLP).<\/p><p>- Comit\u00e9 Asesor sobre Gobiernos Subnacionales y Biodiversidad (AC SNG).\u00a0<\/p><p>\u00a0<\/p><p>RegionesConNaturaleza\u00a0<\/p><p>\u00a0<\/p><p>El cambio clim\u00e1tico:<\/p><p>- RegionesAdapt.<\/p><p>- Carrera hacia la resiliencia.<\/p><p>- #WhatsAtState.\u00a0<\/p><p>\u00a0<\/p><p>Desarrollo sostenible:\u00a0<\/p><p>- Comunidad de Pr\u00e1ctica Regions4SDGs.\u00a0<\/p><p>- Localizaci\u00f3n de los ODS.<\/p><div style=\"text-align: justify;\">\u00a0<\/div>\t\t\t\t\t\t\t\t<\/div>\n\t\t\t\t<\/div>\n\t\t\t\t<div class=\"elementor-element elementor-element-9505eee elementor-widget elementor-widget-text-editor\" data-id=\"9505eee\" data-element_type=\"widget\" data-e-type=\"widget\" data-widget_type=\"text-editor.default\">\n\t\t\t\t<div class=\"elementor-widget-container\">\n\t\t\t\t\t\t\t\t\t<h4><strong><span style=\"color: #000000;\">INFORMACI\u00d3N DE CONTACTO<\/span><\/strong><\/h4>\t\t\t\t\t\t\t\t<\/div>\n\t\t\t\t<\/div>\n\t\t\t\t\t<\/div>\n\t\t<\/div>\n\t\t\t\t\t<\/div>\n\t\t<\/section>\n\t\t\t\t<section class=\"elementor-section elementor-top-section elementor-element elementor-element-ba0e598 elementor-section-boxed elementor-section-height-default elementor-section-height-default\" data-id=\"ba0e598\" data-element_type=\"section\" data-e-type=\"section\">\n\t\t\t\t\t\t<div class=\"elementor-container elementor-column-gap-default\">\n\t\t\t\t\t<div class=\"elementor-column elementor-col-33 elementor-top-column elementor-element elementor-element-ebe5856\" data-id=\"ebe5856\" data-element_type=\"column\" data-e-type=\"column\">\n\t\t\t<div class=\"elementor-widget-wrap elementor-element-populated\">\n\t\t\t\t\t\t<div class=\"elementor-element elementor-element-80219f7 elementor-align-center elementor-widget elementor-widget-button\" data-id=\"80219f7\" data-element_type=\"widget\" data-e-type=\"widget\" data-widget_type=\"button.default\">\n\t\t\t\t<div class=\"elementor-widget-container\">\n\t\t\t\t\t\t\t\t\t<div class=\"elementor-button-wrapper\">\n\t\t\t\t\t<a class=\"elementor-button elementor-button-link elementor-size-sm\" href=\"http:\/\/www.regions4.org\/\" target=\"_blank\">\n\t\t\t\t\t\t<span class=\"elementor-button-content-wrapper\">\n\t\t\t\t\t\t\t\t\t<span class=\"elementor-button-text\">Sitio web de Regions4<\/span>\n\t\t\t\t\t<\/span>\n\t\t\t\t\t<\/a>\n\t\t\t\t<\/div>\n\t\t\t\t\t\t\t\t<\/div>\n\t\t\t\t<\/div>\n\t\t\t\t\t<\/div>\n\t\t<\/div>\n\t\t\t\t<div class=\"elementor-column elementor-col-33 elementor-top-column elementor-element elementor-element-7acc188\" data-id=\"7acc188\" data-element_type=\"column\" data-e-type=\"column\">\n\t\t\t<div class=\"elementor-widget-wrap elementor-element-populated\">\n\t\t\t\t\t\t<div class=\"elementor-element elementor-element-a9f850c elementor-align-center elementor-widget elementor-widget-button\" data-id=\"a9f850c\" data-element_type=\"widget\" data-e-type=\"widget\" data-widget_type=\"button.default\">\n\t\t\t\t<div class=\"elementor-widget-container\">\n\t\t\t\t\t\t\t\t\t<div class=\"elementor-button-wrapper\">\n\t\t\t\t\t<a class=\"elementor-button elementor-size-sm\" role=\"button\">\n\t\t\t\t\t\t<span class=\"elementor-button-content-wrapper\">\n\t\t\t\t\t\t<span class=\"elementor-button-icon\">\n\t\t\t\t<i aria-hidden=\"true\" class=\"far fa-user\"><\/i>\t\t\t<\/span>\n\t\t\t\t\t\t\t\t\t<span class=\"elementor-button-text\">MS. NATALIA URIBE PANDO <br> Secretario General<\/span>\n\t\t\t\t\t<\/span>\n\t\t\t\t\t<\/a>\n\t\t\t\t<\/div>\n\t\t\t\t\t\t\t\t<\/div>\n\t\t\t\t<\/div>\n\t\t\t\t\t<\/div>\n\t\t<\/div>\n\t\t\t\t<div class=\"elementor-column elementor-col-33 elementor-top-column elementor-element elementor-element-ce9eb10\" data-id=\"ce9eb10\" data-element_type=\"column\" data-e-type=\"column\">\n\t\t\t<div class=\"elementor-widget-wrap elementor-element-populated\">\n\t\t\t\t\t\t<div class=\"elementor-element elementor-element-58def65 elementor-widget elementor-widget-text-editor\" data-id=\"58def65\" data-element_type=\"widget\" data-e-type=\"widget\" data-widget_type=\"text-editor.default\">\n\t\t\t\t<div class=\"elementor-widget-container\">\n\t\t\t\t\t\t\t\t\t<p style=\"text-align: center;\">Chauss\u00e9e d'Alsemberg 999,\u00a0<\/p><p style=\"text-align: center;\">1180 Bruselas, B\u00e9lgica<\/p>\t\t\t\t\t\t\t\t<\/div>\n\t\t\t\t<\/div>\n\t\t\t\t<div class=\"elementor-element elementor-element-937b579 elementor-align-center elementor-widget elementor-widget-button\" data-id=\"937b579\" data-element_type=\"widget\" data-e-type=\"widget\" data-widget_type=\"button.default\">\n\t\t\t\t<div class=\"elementor-widget-container\">\n\t\t\t\t\t\t\t\t\t<div class=\"elementor-button-wrapper\">\n\t\t\t\t\t<a class=\"elementor-button elementor-size-sm\" role=\"button\">\n\t\t\t\t\t\t<span class=\"elementor-button-content-wrapper\">\n\t\t\t\t\t\t<span class=\"elementor-button-icon\">\n\t\t\t\t<i aria-hidden=\"true\" class=\"fas fa-phone-alt\"><\/i>\t\t\t<\/span>\n\t\t\t\t\t\t\t\t\t<span class=\"elementor-button-text\">+34 622 11 46 46<\/span>\n\t\t\t\t\t<\/span>\n\t\t\t\t\t<\/a>\n\t\t\t\t<\/div>\n\t\t\t\t\t\t\t\t<\/div>\n\t\t\t\t<\/div>\n\t\t\t\t\t<\/div>\n\t\t<\/div>\n\t\t\t\t\t<\/div>\n\t\t<\/section>\n\t\t\t\t<\/div>","protected":false},"excerpt":{"rendered":"<p>Regions4 cataliza el liderazgo de los gobiernos regionales, moviliza recursos, aboga por un mayor reconocimiento y canaliza las voces de las regiones en los principales foros de las Naciones Unidas sobre biodiversidad, cambio clim\u00e1tico y desarrollo sostenible. Creado durante la Cumbre Mundial de las Naciones Unidas sobre Desarrollo Sostenible celebrada en Johannesburgo en 2002, Regions4 ha creado una comunidad mundial de m\u00e1s de doscientos gobiernos regionales de ... <\/p>","protected":false},"author":1,"featured_media":0,"parent":0,"menu_order":0,"comment_status":"closed","ping_status":"closed","template":"","meta":{"_monsterinsights_skip_tracking":false,"_monsterinsights_sitenote_active":false,"_monsterinsights_sitenote_note":"","_monsterinsights_sitenote_category":0,"footnotes":""},"class_list":["post-17783","page","type-page","status-publish","hentry"],"yoast_head":"<!-- This site is optimized with the Yoast SEO plugin v27.4 - https:\/\/yoast.com\/product\/yoast-seo-wordpress\/ -->\n<title>REGIONS4 SUSTAINABLE DEVELOPMENT - Global Cities Hub<\/title>\n<meta name=\"robots\" content=\"index, follow, max-snippet:-1, max-image-preview:large, max-video-preview:-1\" \/>\n<link rel=\"canonical\" href=\"https:\/\/globalcitieshub.org\/es\/regions4-sustainable-development\/\" \/>\n<meta property=\"og:locale\" content=\"es_ES\" \/>\n<meta property=\"og:type\" content=\"article\" \/>\n<meta property=\"og:title\" content=\"REGIONS4 SUSTAINABLE DEVELOPMENT - Global Cities Hub\" \/>\n<meta property=\"og:description\" content=\"Regions4 catalyses regional government leadership, mobilizes resources, advocates for increased recognition, and channels regions\u2019 voices in the main United Nations fora on biodiversity, climate change, and sustainable development. Established during the UN World Summit on Sustainable Development in Johannesburg in 2002, Regions4 has built a global community of more than two hundred regional governments from &hellip;\" \/>\n<meta property=\"og:url\" content=\"https:\/\/globalcitieshub.org\/es\/regions4-sustainable-development\/\" \/>\n<meta property=\"og:site_name\" content=\"Global Cities Hub\" \/>\n<meta property=\"article:modified_time\" content=\"2026-02-18T09:11:43+00:00\" \/>\n<meta name=\"twitter:card\" content=\"summary_large_image\" \/>\n<meta name=\"twitter:site\" content=\"@genevacitieshub\" \/>\n<meta name=\"twitter:label1\" content=\"Tiempo de lectura\" \/>\n\t<meta name=\"twitter:data1\" content=\"2 minutos\" \/>\n<script type=\"application\/ld+json\" class=\"yoast-schema-graph\">{\"@context\":\"https:\\\/\\\/schema.org\",\"@graph\":[{\"@type\":\"WebPage\",\"@id\":\"https:\\\/\\\/globalcitieshub.org\\\/es\\\/regions4-sustainable-development\\\/\",\"url\":\"https:\\\/\\\/globalcitieshub.org\\\/es\\\/regions4-sustainable-development\\\/\",\"name\":\"REGIONS4 SUSTAINABLE DEVELOPMENT - Global Cities Hub\",\"isPartOf\":{\"@id\":\"https:\\\/\\\/globalcitieshub.org\\\/es\\\/#website\"},\"datePublished\":\"2022-09-29T13:50:47+00:00\",\"dateModified\":\"2026-02-18T09:11:43+00:00\",\"inLanguage\":\"es\",\"potentialAction\":[{\"@type\":\"ReadAction\",\"target\":[\"https:\\\/\\\/globalcitieshub.org\\\/es\\\/regions4-sustainable-development\\\/\"]}]},{\"@type\":\"WebSite\",\"@id\":\"https:\\\/\\\/globalcitieshub.org\\\/es\\\/#website\",\"url\":\"https:\\\/\\\/globalcitieshub.org\\\/es\\\/\",\"name\":\"Global Cities Hub\",\"description\":\"Connecting local and regional governments to the United Nations and other  international organizations\",\"publisher\":{\"@id\":\"https:\\\/\\\/globalcitieshub.org\\\/es\\\/#organization\"},\"potentialAction\":[{\"@type\":\"SearchAction\",\"target\":{\"@type\":\"EntryPoint\",\"urlTemplate\":\"https:\\\/\\\/globalcitieshub.org\\\/es\\\/?s={search_term_string}\"},\"query-input\":{\"@type\":\"PropertyValueSpecification\",\"valueRequired\":true,\"valueName\":\"search_term_string\"}}],\"inLanguage\":\"es\"},{\"@type\":\"Organization\",\"@id\":\"https:\\\/\\\/globalcitieshub.org\\\/es\\\/#organization\",\"name\":\"Global Cities Hub\",\"url\":\"https:\\\/\\\/globalcitieshub.org\\\/es\\\/\",\"logo\":{\"@type\":\"ImageObject\",\"inLanguage\":\"es\",\"@id\":\"https:\\\/\\\/globalcitieshub.org\\\/es\\\/#\\\/schema\\\/logo\\\/image\\\/\",\"url\":\"https:\\\/\\\/globalcitieshub.org\\\/wp-content\\\/uploads\\\/2023\\\/09\\\/230829_Logo_Global_Cities_Hub_Couleur_fond-blanc_RVB.png\",\"contentUrl\":\"https:\\\/\\\/globalcitieshub.org\\\/wp-content\\\/uploads\\\/2023\\\/09\\\/230829_Logo_Global_Cities_Hub_Couleur_fond-blanc_RVB.png\",\"width\":2544,\"height\":1446,\"caption\":\"Global Cities Hub\"},\"image\":{\"@id\":\"https:\\\/\\\/globalcitieshub.org\\\/es\\\/#\\\/schema\\\/logo\\\/image\\\/\"},\"sameAs\":[\"https:\\\/\\\/x.com\\\/genevacitieshub\"]}]}<\/script>\n<!-- \/ Yoast SEO plugin. -->","yoast_head_json":{"title":"REGIONS4 DESARROLLO SOSTENIBLE - Global Cities Hub","robots":{"index":"index","follow":"follow","max-snippet":"max-snippet:-1","max-image-preview":"max-image-preview:large","max-video-preview":"max-video-preview:-1"},"canonical":"https:\/\/globalcitieshub.org\/es\/regions4-sustainable-development\/","og_locale":"es_ES","og_type":"article","og_title":"REGIONS4 SUSTAINABLE DEVELOPMENT - Global Cities Hub","og_description":"Regions4 catalyses regional government leadership, mobilizes resources, advocates for increased recognition, and channels regions\u2019 voices in the main United Nations fora on biodiversity, climate change, and sustainable development. Established during the UN World Summit on Sustainable Development in Johannesburg in 2002, Regions4 has built a global community of more than two hundred regional governments from &hellip;","og_url":"https:\/\/globalcitieshub.org\/es\/regions4-sustainable-development\/","og_site_name":"Global Cities Hub","article_modified_time":"2026-02-18T09:11:43+00:00","twitter_card":"summary_large_image","twitter_site":"@genevacitieshub","twitter_misc":{"Tiempo de lectura":"2 minutos"},"schema":{"@context":"https:\/\/schema.org","@graph":[{"@type":"WebPage","@id":"https:\/\/globalcitieshub.org\/es\/regions4-sustainable-development\/","url":"https:\/\/globalcitieshub.org\/es\/regions4-sustainable-development\/","name":"REGIONS4 DESARROLLO SOSTENIBLE - Global Cities Hub","isPartOf":{"@id":"https:\/\/globalcitieshub.org\/es\/#website"},"datePublished":"2022-09-29T13:50:47+00:00","dateModified":"2026-02-18T09:11:43+00:00","inLanguage":"es","potentialAction":[{"@type":"ReadAction","target":["https:\/\/globalcitieshub.org\/es\/regions4-sustainable-development\/"]}]},{"@type":"WebSite","@id":"https:\/\/globalcitieshub.org\/es\/#website","url":"https:\/\/globalcitieshub.org\/es\/","name":"Global Cities Hub","description":"Conectar a los gobiernos locales y regionales con las Naciones Unidas y otras organizaciones internacionales.","publisher":{"@id":"https:\/\/globalcitieshub.org\/es\/#organization"},"potentialAction":[{"@type":"SearchAction","target":{"@type":"EntryPoint","urlTemplate":"https:\/\/globalcitieshub.org\/es\/?s={search_term_string}"},"query-input":{"@type":"PropertyValueSpecification","valueRequired":true,"valueName":"search_term_string"}}],"inLanguage":"es"},{"@type":"Organization","@id":"https:\/\/globalcitieshub.org\/es\/#organization","name":"Global Cities Hub","url":"https:\/\/globalcitieshub.org\/es\/","logo":{"@type":"ImageObject","inLanguage":"es","@id":"https:\/\/globalcitieshub.org\/es\/#\/schema\/logo\/image\/","url":"https:\/\/globalcitieshub.org\/wp-content\/uploads\/2023\/09\/230829_Logo_Global_Cities_Hub_Couleur_fond-blanc_RVB.png","contentUrl":"https:\/\/globalcitieshub.org\/wp-content\/uploads\/2023\/09\/230829_Logo_Global_Cities_Hub_Couleur_fond-blanc_RVB.png","width":2544,"height":1446,"caption":"Global Cities Hub"},"image":{"@id":"https:\/\/globalcitieshub.org\/es\/#\/schema\/logo\/image\/"},"sameAs":["https:\/\/x.com\/genevacitieshub"]}]}},"_links":{"self":[{"href":"https:\/\/globalcitieshub.org\/es\/wp-json\/wp\/v2\/pages\/17783","targetHints":{"allow":["GET"]}}],"collection":[{"href":"https:\/\/globalcitieshub.org\/es\/wp-json\/wp\/v2\/pages"}],"about":[{"href":"https:\/\/globalcitieshub.org\/es\/wp-json\/wp\/v2\/types\/page"}],"author":[{"embeddable":true,"href":"https:\/\/globalcitieshub.org\/es\/wp-json\/wp\/v2\/users\/1"}],"replies":[{"embeddable":true,"href":"https:\/\/globalcitieshub.org\/es\/wp-json\/wp\/v2\/comments?post=17783"}],"version-history":[{"count":22,"href":"https:\/\/globalcitieshub.org\/es\/wp-json\/wp\/v2\/pages\/17783\/revisions"}],"predecessor-version":[{"id":27199,"href":"https:\/\/globalcitieshub.org\/es\/wp-json\/wp\/v2\/pages\/17783\/revisions\/27199"}],"wp:attachment":[{"href":"https:\/\/globalcitieshub.org\/es\/wp-json\/wp\/v2\/media?parent=17783"}],"curies":[{"name":"wp","href":"https:\/\/api.w.org\/{rel}","templated":true}]}}