{"id":17758,"date":"2022-09-29T15:31:07","date_gmt":"2022-09-29T13:31:07","guid":{"rendered":"https:\/\/www.genevacitieshub.org\/?page_id=17758"},"modified":"2026-02-18T09:58:34","modified_gmt":"2026-02-18T08:58:34","slug":"peace-in-our-cities","status":"publish","type":"page","link":"https:\/\/globalcitieshub.org\/es\/peace-in-our-cities\/","title":{"rendered":"La paz en nuestras ciudades"},"content":{"rendered":"<div data-elementor-type=\"wp-page\" data-elementor-id=\"17758\" class=\"elementor elementor-17758\">\n\t\t\t\t\t\t<section class=\"elementor-section elementor-top-section elementor-element elementor-element-6694525 elementor-section-boxed elementor-section-height-default elementor-section-height-default\" data-id=\"6694525\" data-element_type=\"section\" data-e-type=\"section\">\n\t\t\t\t\t\t<div class=\"elementor-container elementor-column-gap-default\">\n\t\t\t\t\t<div class=\"elementor-column elementor-col-100 elementor-top-column elementor-element elementor-element-88a85a0\" data-id=\"88a85a0\" data-element_type=\"column\" data-e-type=\"column\">\n\t\t\t<div class=\"elementor-widget-wrap elementor-element-populated\">\n\t\t\t\t\t\t<div class=\"elementor-element elementor-element-4167155 elementor-widget elementor-widget-text-editor\" data-id=\"4167155\" data-element_type=\"widget\" data-e-type=\"widget\" data-widget_type=\"text-editor.default\">\n\t\t\t\t<div class=\"elementor-widget-container\">\n\t\t\t\t\t\t\t\t\t<h4><span style=\"color: #000000;\"><strong>Cofacilitada por Pathfinders for a Peaceful, Just and Inclusive Society del Centro de Cooperaci\u00f3n Internacional de la Universidad de Nueva York, junto con el Instituto Kroc para la Paz y la Justicia de la Universidad de San Diego, PlusPeace y el Centro Stanley para la Paz y la Seguridad, Peace in Our Cities es una red creciente de 22 ciudades y 30 socios comunitarios e internacionales que trabajan juntos para reducir la violencia urbana a la mitad para 2030. Creamos intercambios concretos, participativos y basados en pruebas para reducir y prevenir la violencia grave en las ciudades miembros, al tiempo que construimos un movimiento mundial de defensores para reducir la violencia urbana. Juntos, estamos demostrando que el progreso es posible y que la acci\u00f3n es esencial.<\/strong><\/span><\/h4><h4><span style=\"color: #000000;\"><strong>Paz en Nuestras Ciudades continuar\u00e1: ampliando las oportunidades de establecer redes e intercambiar conocimientos; conectando a las ciudades y a los actores urbanos con asesores expertos en \u00e1reas especializadas; ofreciendo a las ciudades apoyo pr\u00e1ctico en la prevenci\u00f3n contextualizada de la violencia; aprendiendo de las iniciativas del Fondo de Incentivos para la Paz y ampli\u00e1ndolas; encargando investigaciones priorizadas por nuestros miembros; y ampliando la red para incluir nuevas ciudades y organizaciones urbanas comprometidas con la aplicaci\u00f3n de soluciones innovadoras y basadas en pruebas para la violencia en las ciudades.<\/strong><\/span><\/h4><div><span style=\"color: #000000;\"><strong>\u00a0<\/strong><\/span><\/div>\t\t\t\t\t\t\t\t<\/div>\n\t\t\t\t<\/div>\n\t\t\t\t<div class=\"elementor-element elementor-element-2c4906b elementor-widget elementor-widget-text-editor\" data-id=\"2c4906b\" data-element_type=\"widget\" data-e-type=\"widget\" data-widget_type=\"text-editor.default\">\n\t\t\t\t<div class=\"elementor-widget-container\">\n\t\t\t\t\t\t\t\t\t<h4><strong><span style=\"color: #000000;\">OBJETIVOS PRINCIPALES<\/span><\/strong><\/h4><div><strong><span style=\"color: #000000;\">\u00a0<\/span><\/strong><\/div><p>La paz en nuestras ciudades pretende:<\/p><p>- Difundir el conocimiento sobre la magnitud de la violencia urbana en el mundo y sobre las soluciones basadas en pruebas que salvan vidas y sanan comunidades.<\/p><p>- Promover estrategias eficaces, centradas en la justicia y basadas en pruebas para reducir la violencia.<\/p><p>- Acompa\u00f1ar a los dirigentes municipales y a las organizaciones asociadas en sus esfuerzos por reducir y prevenir las formas m\u00e1s graves de violencia en sus ciudades.<\/p><p>Unirse a Peace in Our Cities no tiene ning\u00fan coste.<\/p><p>\u00a0<\/p>\t\t\t\t\t\t\t\t<\/div>\n\t\t\t\t<\/div>\n\t\t\t\t<div class=\"elementor-element elementor-element-851b3d5 elementor-widget elementor-widget-text-editor\" data-id=\"851b3d5\" data-element_type=\"widget\" data-e-type=\"widget\" data-widget_type=\"text-editor.default\">\n\t\t\t\t<div class=\"elementor-widget-container\">\n\t\t\t\t\t\t\t\t\t<h4><strong><span style=\"color: #000000;\">PROYECTOS CLAVE<\/span><\/strong><\/h4><p>\u00a0<\/p><p>Peace in Our Cities trabaja para hacer frente a las situaciones m\u00e1s graves de violencia que se producen en las ciudades del mundo en la actualidad.\u00a0<\/p><p>- Apoyamos a nuestros miembros mediante la provisi\u00f3n de investigaci\u00f3n de acci\u00f3n a medida; oportunidades de intercambio entre pares en persona y virtuales sobre temas relevantes; servicios de asesoramiento seg\u00fan se solicite; oportunidades de red para conectar a los socios a trav\u00e9s de una serie de \u00e1reas de experiencia; y oportunidades para compartir y presentar en eventos de pol\u00edtica y promoci\u00f3n de alto nivel internacional.\u00a0<\/p><p>- En 2021 introdujimos un nuevo programa exploratorio que, a trav\u00e9s de nuestro Fondo de Incentivos para la Paz, proporcion\u00f3 a nueve miembros del PiOC micro-subvenciones para iniciativas de prevenci\u00f3n impulsadas a nivel local.<\/p><p>Peace in Our Cities se mantiene firme en su compromiso de reducir a la mitad la violencia urbana para 2030. Nadie deber\u00eda vivir una vida plagada de miedo a la violencia.<\/p><div style=\"text-align: justify;\">\u00a0<\/div>\t\t\t\t\t\t\t\t<\/div>\n\t\t\t\t<\/div>\n\t\t\t\t<div class=\"elementor-element elementor-element-9357608 elementor-widget elementor-widget-text-editor\" data-id=\"9357608\" data-element_type=\"widget\" data-e-type=\"widget\" data-widget_type=\"text-editor.default\">\n\t\t\t\t<div class=\"elementor-widget-container\">\n\t\t\t\t\t\t\t\t\t<h4><strong><span style=\"color: #000000;\">INFORMACI\u00d3N DE CONTACTO<\/span><\/strong><\/h4>\t\t\t\t\t\t\t\t<\/div>\n\t\t\t\t<\/div>\n\t\t\t\t\t<\/div>\n\t\t<\/div>\n\t\t\t\t\t<\/div>\n\t\t<\/section>\n\t\t\t\t<section class=\"elementor-section elementor-top-section elementor-element elementor-element-313aed2 elementor-section-boxed elementor-section-height-default elementor-section-height-default\" data-id=\"313aed2\" data-element_type=\"section\" data-e-type=\"section\">\n\t\t\t\t\t\t<div class=\"elementor-container elementor-column-gap-default\">\n\t\t\t\t\t<div class=\"elementor-column elementor-col-33 elementor-top-column elementor-element elementor-element-8bfc554\" data-id=\"8bfc554\" data-element_type=\"column\" data-e-type=\"column\">\n\t\t\t<div class=\"elementor-widget-wrap elementor-element-populated\">\n\t\t\t\t\t\t<div class=\"elementor-element elementor-element-403cbd1 elementor-align-center elementor-widget elementor-widget-button\" data-id=\"403cbd1\" data-element_type=\"widget\" data-e-type=\"widget\" data-widget_type=\"button.default\">\n\t\t\t\t<div class=\"elementor-widget-container\">\n\t\t\t\t\t\t\t\t\t<div class=\"elementor-button-wrapper\">\n\t\t\t\t\t<a class=\"elementor-button elementor-button-link elementor-size-sm\" href=\"https:\/\/peaceinourcities.org\/\" target=\"_blank\">\n\t\t\t\t\t\t<span class=\"elementor-button-content-wrapper\">\n\t\t\t\t\t\t\t\t\t<span class=\"elementor-button-text\">Sitio web de Paz en Nuestras Ciudades<\/span>\n\t\t\t\t\t<\/span>\n\t\t\t\t\t<\/a>\n\t\t\t\t<\/div>\n\t\t\t\t\t\t\t\t<\/div>\n\t\t\t\t<\/div>\n\t\t\t\t\t<\/div>\n\t\t<\/div>\n\t\t\t\t<div class=\"elementor-column elementor-col-33 elementor-top-column elementor-element elementor-element-affc7df\" data-id=\"affc7df\" data-element_type=\"column\" data-e-type=\"column\">\n\t\t\t<div class=\"elementor-widget-wrap\">\n\t\t\t\t\t\t\t<\/div>\n\t\t<\/div>\n\t\t\t\t<div class=\"elementor-column elementor-col-33 elementor-top-column elementor-element elementor-element-5861490\" data-id=\"5861490\" data-element_type=\"column\" data-e-type=\"column\">\n\t\t\t<div class=\"elementor-widget-wrap elementor-element-populated\">\n\t\t\t\t\t\t<div class=\"elementor-element elementor-element-483f80f elementor-align-center elementor-widget elementor-widget-button\" data-id=\"483f80f\" data-element_type=\"widget\" data-e-type=\"widget\" data-widget_type=\"button.default\">\n\t\t\t\t<div class=\"elementor-widget-container\">\n\t\t\t\t\t\t\t\t\t<div class=\"elementor-button-wrapper\">\n\t\t\t\t\t<a class=\"elementor-button elementor-button-link elementor-size-sm\" href=\"mailto:valeria@peaceinourcities.org\" target=\"_blank\">\n\t\t\t\t\t\t<span class=\"elementor-button-content-wrapper\">\n\t\t\t\t\t\t\t\t\t<span class=\"elementor-button-text\">Contacte con<\/span>\n\t\t\t\t\t<\/span>\n\t\t\t\t\t<\/a>\n\t\t\t\t<\/div>\n\t\t\t\t\t\t\t\t<\/div>\n\t\t\t\t<\/div>\n\t\t\t\t\t<\/div>\n\t\t<\/div>\n\t\t\t\t\t<\/div>\n\t\t<\/section>\n\t\t\t\t<\/div>","protected":false},"excerpt":{"rendered":"<p>Cofacilitada por Pathfinders for a Peaceful, Just and Inclusive Society del Centro de Cooperaci\u00f3n Internacional de la Universidad de Nueva York, junto con el Instituto Kroc para la Paz y la Justicia de la Universidad de San Diego, PlusPeace y el Centro Stanley para la Paz y la Seguridad, Paz en Nuestras Ciudades es una red cada vez mayor de 22 ciudades y 30 ... <\/p>","protected":false},"author":1,"featured_media":0,"parent":0,"menu_order":0,"comment_status":"closed","ping_status":"closed","template":"","meta":{"_monsterinsights_skip_tracking":false,"_monsterinsights_sitenote_active":false,"_monsterinsights_sitenote_note":"","_monsterinsights_sitenote_category":0,"footnotes":""},"class_list":["post-17758","page","type-page","status-publish","hentry"],"yoast_head":"<!-- This site is optimized with the Yoast SEO plugin v27.5 - https:\/\/yoast.com\/product\/yoast-seo-wordpress\/ -->\n<title>Peace in Our Cities - Global Cities Hub<\/title>\n<meta name=\"robots\" content=\"index, follow, max-snippet:-1, max-image-preview:large, max-video-preview:-1\" \/>\n<link rel=\"canonical\" href=\"https:\/\/globalcitieshub.org\/es\/peace-in-our-cities\/\" \/>\n<meta property=\"og:locale\" content=\"es_ES\" \/>\n<meta property=\"og:type\" content=\"article\" \/>\n<meta property=\"og:title\" content=\"Peace in Our Cities - Global Cities Hub\" \/>\n<meta property=\"og:description\" content=\"Co-facilitated by Pathfinders for a Peaceful, Just and Inclusive Society at NYU&#8217;s Center on International Cooperation, together with the Kroc Institute for Peace and Justice at the University of San Diego, PlusPeace, and the Stanley Center for Peace and Security, Peace in Our Cities is a growing network of 22 cities and 30 community-based and &hellip;\" \/>\n<meta property=\"og:url\" content=\"https:\/\/globalcitieshub.org\/es\/peace-in-our-cities\/\" \/>\n<meta property=\"og:site_name\" content=\"Global Cities Hub\" \/>\n<meta property=\"article:modified_time\" content=\"2026-02-18T08:58:34+00:00\" \/>\n<meta name=\"twitter:card\" content=\"summary_large_image\" \/>\n<meta name=\"twitter:site\" content=\"@genevacitieshub\" \/>\n<meta name=\"twitter:label1\" content=\"Tiempo de lectura\" \/>\n\t<meta name=\"twitter:data1\" content=\"2 minutos\" \/>\n<script type=\"application\/ld+json\" class=\"yoast-schema-graph\">{\"@context\":\"https:\\\/\\\/schema.org\",\"@graph\":[{\"@type\":\"WebPage\",\"@id\":\"https:\\\/\\\/globalcitieshub.org\\\/es\\\/peace-in-our-cities\\\/\",\"url\":\"https:\\\/\\\/globalcitieshub.org\\\/es\\\/peace-in-our-cities\\\/\",\"name\":\"Peace in Our Cities - Global Cities Hub\",\"isPartOf\":{\"@id\":\"https:\\\/\\\/globalcitieshub.org\\\/es\\\/#website\"},\"datePublished\":\"2022-09-29T13:31:07+00:00\",\"dateModified\":\"2026-02-18T08:58:34+00:00\",\"inLanguage\":\"es\",\"potentialAction\":[{\"@type\":\"ReadAction\",\"target\":[\"https:\\\/\\\/globalcitieshub.org\\\/es\\\/peace-in-our-cities\\\/\"]}]},{\"@type\":\"WebSite\",\"@id\":\"https:\\\/\\\/globalcitieshub.org\\\/es\\\/#website\",\"url\":\"https:\\\/\\\/globalcitieshub.org\\\/es\\\/\",\"name\":\"Global Cities Hub\",\"description\":\"Connecting local and regional governments to the United Nations and other  international organizations\",\"publisher\":{\"@id\":\"https:\\\/\\\/globalcitieshub.org\\\/es\\\/#organization\"},\"potentialAction\":[{\"@type\":\"SearchAction\",\"target\":{\"@type\":\"EntryPoint\",\"urlTemplate\":\"https:\\\/\\\/globalcitieshub.org\\\/es\\\/?s={search_term_string}\"},\"query-input\":{\"@type\":\"PropertyValueSpecification\",\"valueRequired\":true,\"valueName\":\"search_term_string\"}}],\"inLanguage\":\"es\"},{\"@type\":\"Organization\",\"@id\":\"https:\\\/\\\/globalcitieshub.org\\\/es\\\/#organization\",\"name\":\"Global Cities Hub\",\"url\":\"https:\\\/\\\/globalcitieshub.org\\\/es\\\/\",\"logo\":{\"@type\":\"ImageObject\",\"inLanguage\":\"es\",\"@id\":\"https:\\\/\\\/globalcitieshub.org\\\/es\\\/#\\\/schema\\\/logo\\\/image\\\/\",\"url\":\"https:\\\/\\\/globalcitieshub.org\\\/wp-content\\\/uploads\\\/2023\\\/09\\\/230829_Logo_Global_Cities_Hub_Couleur_fond-blanc_RVB.png\",\"contentUrl\":\"https:\\\/\\\/globalcitieshub.org\\\/wp-content\\\/uploads\\\/2023\\\/09\\\/230829_Logo_Global_Cities_Hub_Couleur_fond-blanc_RVB.png\",\"width\":2544,\"height\":1446,\"caption\":\"Global Cities Hub\"},\"image\":{\"@id\":\"https:\\\/\\\/globalcitieshub.org\\\/es\\\/#\\\/schema\\\/logo\\\/image\\\/\"},\"sameAs\":[\"https:\\\/\\\/x.com\\\/genevacitieshub\"]}]}<\/script>\n<!-- \/ Yoast SEO plugin. -->","yoast_head_json":{"title":"Paz en nuestras ciudades - Global Cities Hub","robots":{"index":"index","follow":"follow","max-snippet":"max-snippet:-1","max-image-preview":"max-image-preview:large","max-video-preview":"max-video-preview:-1"},"canonical":"https:\/\/globalcitieshub.org\/es\/peace-in-our-cities\/","og_locale":"es_ES","og_type":"article","og_title":"Peace in Our Cities - Global Cities Hub","og_description":"Co-facilitated by Pathfinders for a Peaceful, Just and Inclusive Society at NYU&#8217;s Center on International Cooperation, together with the Kroc Institute for Peace and Justice at the University of San Diego, PlusPeace, and the Stanley Center for Peace and Security, Peace in Our Cities is a growing network of 22 cities and 30 community-based and &hellip;","og_url":"https:\/\/globalcitieshub.org\/es\/peace-in-our-cities\/","og_site_name":"Global Cities Hub","article_modified_time":"2026-02-18T08:58:34+00:00","twitter_card":"summary_large_image","twitter_site":"@genevacitieshub","twitter_misc":{"Tiempo de lectura":"2 minutos"},"schema":{"@context":"https:\/\/schema.org","@graph":[{"@type":"WebPage","@id":"https:\/\/globalcitieshub.org\/es\/peace-in-our-cities\/","url":"https:\/\/globalcitieshub.org\/es\/peace-in-our-cities\/","name":"Paz en nuestras ciudades - Global Cities Hub","isPartOf":{"@id":"https:\/\/globalcitieshub.org\/es\/#website"},"datePublished":"2022-09-29T13:31:07+00:00","dateModified":"2026-02-18T08:58:34+00:00","inLanguage":"es","potentialAction":[{"@type":"ReadAction","target":["https:\/\/globalcitieshub.org\/es\/peace-in-our-cities\/"]}]},{"@type":"WebSite","@id":"https:\/\/globalcitieshub.org\/es\/#website","url":"https:\/\/globalcitieshub.org\/es\/","name":"Global Cities Hub","description":"Conectar a los gobiernos locales y regionales con las Naciones Unidas y otras organizaciones internacionales.","publisher":{"@id":"https:\/\/globalcitieshub.org\/es\/#organization"},"potentialAction":[{"@type":"SearchAction","target":{"@type":"EntryPoint","urlTemplate":"https:\/\/globalcitieshub.org\/es\/?s={search_term_string}"},"query-input":{"@type":"PropertyValueSpecification","valueRequired":true,"valueName":"search_term_string"}}],"inLanguage":"es"},{"@type":"Organization","@id":"https:\/\/globalcitieshub.org\/es\/#organization","name":"Global Cities Hub","url":"https:\/\/globalcitieshub.org\/es\/","logo":{"@type":"ImageObject","inLanguage":"es","@id":"https:\/\/globalcitieshub.org\/es\/#\/schema\/logo\/image\/","url":"https:\/\/globalcitieshub.org\/wp-content\/uploads\/2023\/09\/230829_Logo_Global_Cities_Hub_Couleur_fond-blanc_RVB.png","contentUrl":"https:\/\/globalcitieshub.org\/wp-content\/uploads\/2023\/09\/230829_Logo_Global_Cities_Hub_Couleur_fond-blanc_RVB.png","width":2544,"height":1446,"caption":"Global Cities Hub"},"image":{"@id":"https:\/\/globalcitieshub.org\/es\/#\/schema\/logo\/image\/"},"sameAs":["https:\/\/x.com\/genevacitieshub"]}]}},"_links":{"self":[{"href":"https:\/\/globalcitieshub.org\/es\/wp-json\/wp\/v2\/pages\/17758","targetHints":{"allow":["GET"]}}],"collection":[{"href":"https:\/\/globalcitieshub.org\/es\/wp-json\/wp\/v2\/pages"}],"about":[{"href":"https:\/\/globalcitieshub.org\/es\/wp-json\/wp\/v2\/types\/page"}],"author":[{"embeddable":true,"href":"https:\/\/globalcitieshub.org\/es\/wp-json\/wp\/v2\/users\/1"}],"replies":[{"embeddable":true,"href":"https:\/\/globalcitieshub.org\/es\/wp-json\/wp\/v2\/comments?post=17758"}],"version-history":[{"count":23,"href":"https:\/\/globalcitieshub.org\/es\/wp-json\/wp\/v2\/pages\/17758\/revisions"}],"predecessor-version":[{"id":27190,"href":"https:\/\/globalcitieshub.org\/es\/wp-json\/wp\/v2\/pages\/17758\/revisions\/27190"}],"wp:attachment":[{"href":"https:\/\/globalcitieshub.org\/es\/wp-json\/wp\/v2\/media?parent=17758"}],"curies":[{"name":"wp","href":"https:\/\/api.w.org\/{rel}","templated":true}]}}