{"id":17671,"date":"2022-09-29T14:09:04","date_gmt":"2022-09-29T12:09:04","guid":{"rendered":"https:\/\/www.genevacitieshub.org\/?page_id=17671"},"modified":"2026-02-16T17:04:35","modified_gmt":"2026-02-16T16:04:35","slug":"cities-coalition-for-digital-rights-2","status":"publish","type":"page","link":"https:\/\/globalcitieshub.org\/es\/cities-coalition-for-digital-rights\/","title":{"rendered":"Coalici\u00f3n de Ciudades por los Derechos Digitales"},"content":{"rendered":"<div data-elementor-type=\"wp-page\" data-elementor-id=\"17671\" class=\"elementor elementor-17671\">\n\t\t\t\t\t\t<section class=\"elementor-section elementor-top-section elementor-element elementor-element-22e7d4e0 elementor-section-boxed elementor-section-height-default elementor-section-height-default\" data-id=\"22e7d4e0\" data-element_type=\"section\" data-e-type=\"section\">\n\t\t\t\t\t\t<div class=\"elementor-container elementor-column-gap-default\">\n\t\t\t\t\t<div class=\"elementor-column elementor-col-100 elementor-top-column elementor-element elementor-element-62738173\" data-id=\"62738173\" data-element_type=\"column\" data-e-type=\"column\">\n\t\t\t<div class=\"elementor-widget-wrap elementor-element-populated\">\n\t\t\t\t\t\t<div class=\"elementor-element elementor-element-b54f7d7 elementor-widget elementor-widget-text-editor\" data-id=\"b54f7d7\" data-element_type=\"widget\" data-e-type=\"widget\" data-widget_type=\"text-editor.default\">\n\t\t\t\t<div class=\"elementor-widget-container\">\n\t\t\t\t\t\t\t\t\t<p><\/p>\n<p><strong>La Coalici\u00f3n de Ciudades por los Derechos Digitales es una creaci\u00f3n de gobiernos municipales de todo el mundo. Su junta directiva incluye tambi\u00e9n a Eurocities, ONU-H\u00e1bitat y Ciudades y Gobiernos Locales Unidos (CGLU). Para adherirse a ella, las ciudades deben haber asumido un claro compromiso pol\u00edtico para promover los derechos digitales y demostrar que est\u00e1n desarrollando pol\u00edticas y proyectos para proteger estos derechos en la pr\u00e1ctica.<\/strong><\/p>\n<p><\/p>\n<p>\u00a0<\/p>\n<p><\/p>\n<h4 class=\"wp-block-heading\"><span style=\"color: #000000;\"><strong>OBJETIVOS PRINCIPALES<\/strong><\/span><\/h4>\n<p>\u00a0<\/p>\n<p><\/p>\n<p>Unida en esp\u00edritu y ambici\u00f3n, la Coalici\u00f3n de Ciudades por los Derechos Digitales trabaja de forma pragm\u00e1tica y basada en principios. Concebida como una iniciativa mundial para promover y defender los derechos digitales de los ciudadanos, residentes y visitantes en ciudades y entornos urbanos, su principal objetivo es garantizar entornos digitales justos, inclusivos, accesibles, asequibles y no discriminatorios. Adem\u00e1s, trabaja para:<\/p>\n<p><\/p>\n<ul class=\"wp-block-list\">\n<li><span style=\"color: #000000;\">Mejorar las pol\u00edticas, las leyes, los planes y las estrategias para lograr unos est\u00e1ndares de servicio digital m\u00e1s abiertos y \u00e9ticos a nivel de la ciudad y del mundo.<\/span><\/li>\n<li><span style=\"color: #000000;\">Mejorar el acceso a Internet y a los servicios digitales a precios asequibles y en igualdad de condiciones, y difundir competencias digitales que permitan a los usuarios aprovechar su acceso y superar la brecha digital.<\/span><\/li>\n<li><span style=\"color: #000000;\">Mejorar la privacidad y el control de la informaci\u00f3n personal mediante la protecci\u00f3n de los datos en los espacios f\u00edsicos y virtuales.<\/span><\/li>\n<li><span style=\"color: #000000;\">Aumentar la comprensi\u00f3n de los sistemas tecnol\u00f3gicos, algor\u00edtmicos y de inteligencia artificial que repercuten en la vida de los usuarios, y reforzar la capacidad de \u00e9stos para cuestionar y cambiar los sistemas injustos, sesgados o discriminatorios.<\/span><\/li>\n<li><span style=\"color: #000000;\">Mejorar la representaci\u00f3n en Internet y comprometerse colectivamente con las ciudades para crear oportunidades abiertas, participativas y transparentes para dar forma a las tecnolog\u00edas que adoptan las ciudades, incluso gestionando las infraestructuras digitales y los datos como bienes comunes.<\/span><\/li>\n<\/ul>\n<p><span style=\"color: #000000;\"><\/span><\/p>\n<h4 class=\"wp-block-heading\">\u00a0<\/h4>\n<h4><span style=\"color: #000000;\"><strong>PROYECTOS CLAVE<\/strong><\/span><\/h4>\n<p>\u00a0<\/p>\n<p><\/p>\n<p>Marco de gobernanza de los derechos digitales. Las ciudades de la coalici\u00f3n est\u00e1n creando un marco para la gobernanza de los derechos digitales en las ciudades y proporcionan un apoyo a medida que permite a los gobiernos municipales desarrollar su capacidad para proteger los derechos digitales.<\/p>\n<p>Observatorio Global de Inteligencia Artificial Urbana (GOUAI). Fundado por \u00c1msterdam y Barcelona en colaboraci\u00f3n con el Centro de Asuntos Internacionales de Barcelona (CIDOB), el GOUAI tiene como objetivo supervisar las pol\u00edticas y los productos de IA; actualizar las normas pol\u00edticas sobre IA \u00e9tica utilizando un enfoque basado en la evidencia; identificar las barreras para el despliegue de la IA de confianza; y acordar las contribuciones de las ciudades a las tendencias tecnol\u00f3gicas m\u00e1s amplias.<\/p>\n<p><br \/>A medida que dependemos cada vez m\u00e1s de Internet, necesitamos proteger y respetar con m\u00e1s energ\u00eda los derechos humanos b\u00e1sicos para todos en el \u00e1mbito digital. Ese es el papel de nuestra coalici\u00f3n de m\u00e1s de cincuenta ciudades y redes: promovemos y defendemos los derechos digitales en contextos urbanos, resolvemos los retos digitales comunes y trabajamos para conseguir marcos legales, \u00e9ticos y operativos que hagan avanzar los derechos humanos en los entornos digitales.<\/p>\n<p>\u00a0<\/p>\n<p><\/p>\n<p><a href=\"https:\/\/citiesfordigitalrights.org\/principles\" target=\"_blank\" rel=\"noopener\">Lea nuestros principios fundamentales.<\/a><\/p>\n<p>\u00a0<\/p>\n<h4><span style=\"color: #000000;\"><strong>INFORMACI\u00d3N DE CONTACTO<\/strong><\/span><\/h4>\n<p><\/p>\t\t\t\t\t\t\t\t<\/div>\n\t\t\t\t<\/div>\n\t\t\t\t<section class=\"elementor-section elementor-inner-section elementor-element elementor-element-da20da1 elementor-section-boxed elementor-section-height-default elementor-section-height-default\" data-id=\"da20da1\" data-element_type=\"section\" data-e-type=\"section\">\n\t\t\t\t\t\t<div class=\"elementor-container elementor-column-gap-default\">\n\t\t\t\t\t<div class=\"elementor-column elementor-col-33 elementor-inner-column elementor-element elementor-element-1c955d7\" data-id=\"1c955d7\" data-element_type=\"column\" data-e-type=\"column\">\n\t\t\t<div class=\"elementor-widget-wrap elementor-element-populated\">\n\t\t\t\t\t\t<div class=\"elementor-element elementor-element-b9181a9 elementor-align-center elementor-widget elementor-widget-button\" data-id=\"b9181a9\" data-element_type=\"widget\" data-e-type=\"widget\" data-widget_type=\"button.default\">\n\t\t\t\t<div class=\"elementor-widget-container\">\n\t\t\t\t\t\t\t\t\t<div class=\"elementor-button-wrapper\">\n\t\t\t\t\t<a class=\"elementor-button elementor-button-link elementor-size-sm\" href=\"https:\/\/citiesfordigitalrights.org\/\" target=\"_blank\">\n\t\t\t\t\t\t<span class=\"elementor-button-content-wrapper\">\n\t\t\t\t\t\t\t\t\t<span class=\"elementor-button-text\">Sitio web de la Coalici\u00f3n de Ciudades por los Derechos Digitales<\/span>\n\t\t\t\t\t<\/span>\n\t\t\t\t\t<\/a>\n\t\t\t\t<\/div>\n\t\t\t\t\t\t\t\t<\/div>\n\t\t\t\t<\/div>\n\t\t\t\t\t<\/div>\n\t\t<\/div>\n\t\t\t\t<div class=\"elementor-column elementor-col-33 elementor-inner-column elementor-element elementor-element-a67ce03\" data-id=\"a67ce03\" data-element_type=\"column\" data-e-type=\"column\">\n\t\t\t<div class=\"elementor-widget-wrap elementor-element-populated\">\n\t\t\t\t\t\t<div class=\"elementor-element elementor-element-b27e64e elementor-align-center elementor-widget elementor-widget-button\" data-id=\"b27e64e\" data-element_type=\"widget\" data-e-type=\"widget\" data-widget_type=\"button.default\">\n\t\t\t\t<div class=\"elementor-widget-container\">\n\t\t\t\t\t\t\t\t\t<div class=\"elementor-button-wrapper\">\n\t\t\t\t\t<a class=\"elementor-button elementor-button-link elementor-size-sm\" href=\"mailto:pboet@bcn.cat\" target=\"_blank\">\n\t\t\t\t\t\t<span class=\"elementor-button-content-wrapper\">\n\t\t\t\t\t\t<span class=\"elementor-button-icon\">\n\t\t\t\t<i aria-hidden=\"true\" class=\"far fa-user\"><\/i>\t\t\t<\/span>\n\t\t\t\t\t\t\t\t\t<span class=\"elementor-button-text\">MS. PAULA BOET SERRANO <br \/>Gestor de Com. y Proyectos<\/span>\n\t\t\t\t\t<\/span>\n\t\t\t\t\t<\/a>\n\t\t\t\t<\/div>\n\t\t\t\t\t\t\t\t<\/div>\n\t\t\t\t<\/div>\n\t\t\t\t<div class=\"elementor-element elementor-element-bb48ec4 elementor-align-center elementor-widget elementor-widget-button\" data-id=\"bb48ec4\" data-element_type=\"widget\" data-e-type=\"widget\" data-widget_type=\"button.default\">\n\t\t\t\t<div class=\"elementor-widget-container\">\n\t\t\t\t\t\t\t\t\t<div class=\"elementor-button-wrapper\">\n\t\t\t\t\t<a class=\"elementor-button elementor-button-link elementor-size-sm\" href=\"mailto:milou.jansen@amsterdam.nl\" target=\"_blank\">\n\t\t\t\t\t\t<span class=\"elementor-button-content-wrapper\">\n\t\t\t\t\t\t<span class=\"elementor-button-icon\">\n\t\t\t\t<i aria-hidden=\"true\" class=\"far fa-user\"><\/i>\t\t\t<\/span>\n\t\t\t\t\t\t\t\t\t<span class=\"elementor-button-text\">MS. MILOU JANSEN<br \/>Coordinador<\/span>\n\t\t\t\t\t<\/span>\n\t\t\t\t\t<\/a>\n\t\t\t\t<\/div>\n\t\t\t\t\t\t\t\t<\/div>\n\t\t\t\t<\/div>\n\t\t\t\t\t<\/div>\n\t\t<\/div>\n\t\t\t\t<div class=\"elementor-column elementor-col-33 elementor-inner-column elementor-element elementor-element-13ba019\" data-id=\"13ba019\" data-element_type=\"column\" data-e-type=\"column\">\n\t\t\t<div class=\"elementor-widget-wrap elementor-element-populated\">\n\t\t\t\t\t\t<div class=\"elementor-element elementor-element-4da27da elementor-align-center elementor-widget elementor-widget-button\" data-id=\"4da27da\" data-element_type=\"widget\" data-e-type=\"widget\" data-widget_type=\"button.default\">\n\t\t\t\t<div class=\"elementor-widget-container\">\n\t\t\t\t\t\t\t\t\t<div class=\"elementor-button-wrapper\">\n\t\t\t\t\t<a class=\"elementor-button elementor-size-sm\" role=\"button\">\n\t\t\t\t\t\t<span class=\"elementor-button-content-wrapper\">\n\t\t\t\t\t\t<span class=\"elementor-button-icon\">\n\t\t\t\t<i aria-hidden=\"true\" class=\"fas fa-phone-alt\"><\/i>\t\t\t<\/span>\n\t\t\t\t\t\t\t\t\t<span class=\"elementor-button-text\">+34 664 814 172<\/span>\n\t\t\t\t\t<\/span>\n\t\t\t\t\t<\/a>\n\t\t\t\t<\/div>\n\t\t\t\t\t\t\t\t<\/div>\n\t\t\t\t<\/div>\n\t\t\t\t\t<\/div>\n\t\t<\/div>\n\t\t\t\t\t<\/div>\n\t\t<\/section>\n\t\t\t\t\t<\/div>\n\t\t<\/div>\n\t\t\t\t\t<\/div>\n\t\t<\/section>\n\t\t\t\t<\/div>","protected":false},"excerpt":{"rendered":"<p>La Coalici\u00f3n de Ciudades por los Derechos Digitales es una creaci\u00f3n de gobiernos municipales de todo el mundo. Su junta directiva tambi\u00e9n incluye a Eurocities, ONU-H\u00e1bitat y Ciudades y Gobiernos Locales Unidos (CGLU). Para adherirse, las ciudades deben haber asumido un compromiso pol\u00edtico claro para promover los derechos digitales, y demostrar que est\u00e1n desarrollando pol\u00edticas y proyectos para proteger ... <\/p>","protected":false},"author":1,"featured_media":0,"parent":0,"menu_order":0,"comment_status":"closed","ping_status":"closed","template":"","meta":{"_monsterinsights_skip_tracking":false,"_monsterinsights_sitenote_active":false,"_monsterinsights_sitenote_note":"","_monsterinsights_sitenote_category":0,"footnotes":""},"class_list":["post-17671","page","type-page","status-publish","hentry"],"yoast_head":"<!-- This site is optimized with the Yoast SEO plugin v27.4 - https:\/\/yoast.com\/product\/yoast-seo-wordpress\/ -->\n<title>Cities Coalition for Digital Rights - Global Cities Hub<\/title>\n<meta name=\"robots\" content=\"index, follow, max-snippet:-1, max-image-preview:large, max-video-preview:-1\" \/>\n<link rel=\"canonical\" href=\"https:\/\/globalcitieshub.org\/es\/cities-coalition-for-digital-rights\/\" \/>\n<meta property=\"og:locale\" content=\"es_ES\" \/>\n<meta property=\"og:type\" content=\"article\" \/>\n<meta property=\"og:title\" content=\"Cities Coalition for Digital Rights - Global Cities Hub\" \/>\n<meta property=\"og:description\" content=\"The Cities Coalition for Digital Rights is the creation of city governments from around the world. Its board also includes Eurocities, UN-Habitat and United Cities and Local Governments (UCLG). To join, cities need to have made a clear political commitment to promote digital rights, and demonstrate that they are developing policies and projects to protect &hellip;\" \/>\n<meta property=\"og:url\" content=\"https:\/\/globalcitieshub.org\/es\/cities-coalition-for-digital-rights\/\" \/>\n<meta property=\"og:site_name\" content=\"Global Cities Hub\" \/>\n<meta property=\"article:modified_time\" content=\"2026-02-16T16:04:35+00:00\" \/>\n<meta name=\"twitter:card\" content=\"summary_large_image\" \/>\n<meta name=\"twitter:site\" content=\"@genevacitieshub\" \/>\n<meta name=\"twitter:label1\" content=\"Tiempo de lectura\" \/>\n\t<meta name=\"twitter:data1\" content=\"2 minutos\" \/>\n<script type=\"application\/ld+json\" class=\"yoast-schema-graph\">{\"@context\":\"https:\\\/\\\/schema.org\",\"@graph\":[{\"@type\":\"WebPage\",\"@id\":\"https:\\\/\\\/globalcitieshub.org\\\/es\\\/cities-coalition-for-digital-rights\\\/\",\"url\":\"https:\\\/\\\/globalcitieshub.org\\\/es\\\/cities-coalition-for-digital-rights\\\/\",\"name\":\"Cities Coalition for Digital Rights - Global Cities Hub\",\"isPartOf\":{\"@id\":\"https:\\\/\\\/globalcitieshub.org\\\/es\\\/#website\"},\"datePublished\":\"2022-09-29T12:09:04+00:00\",\"dateModified\":\"2026-02-16T16:04:35+00:00\",\"inLanguage\":\"es\",\"potentialAction\":[{\"@type\":\"ReadAction\",\"target\":[\"https:\\\/\\\/globalcitieshub.org\\\/es\\\/cities-coalition-for-digital-rights\\\/\"]}]},{\"@type\":\"WebSite\",\"@id\":\"https:\\\/\\\/globalcitieshub.org\\\/es\\\/#website\",\"url\":\"https:\\\/\\\/globalcitieshub.org\\\/es\\\/\",\"name\":\"Global Cities Hub\",\"description\":\"Connecting local and regional governments to the United Nations and other  international organizations\",\"publisher\":{\"@id\":\"https:\\\/\\\/globalcitieshub.org\\\/es\\\/#organization\"},\"potentialAction\":[{\"@type\":\"SearchAction\",\"target\":{\"@type\":\"EntryPoint\",\"urlTemplate\":\"https:\\\/\\\/globalcitieshub.org\\\/es\\\/?s={search_term_string}\"},\"query-input\":{\"@type\":\"PropertyValueSpecification\",\"valueRequired\":true,\"valueName\":\"search_term_string\"}}],\"inLanguage\":\"es\"},{\"@type\":\"Organization\",\"@id\":\"https:\\\/\\\/globalcitieshub.org\\\/es\\\/#organization\",\"name\":\"Global Cities Hub\",\"url\":\"https:\\\/\\\/globalcitieshub.org\\\/es\\\/\",\"logo\":{\"@type\":\"ImageObject\",\"inLanguage\":\"es\",\"@id\":\"https:\\\/\\\/globalcitieshub.org\\\/es\\\/#\\\/schema\\\/logo\\\/image\\\/\",\"url\":\"https:\\\/\\\/globalcitieshub.org\\\/wp-content\\\/uploads\\\/2023\\\/09\\\/230829_Logo_Global_Cities_Hub_Couleur_fond-blanc_RVB.png\",\"contentUrl\":\"https:\\\/\\\/globalcitieshub.org\\\/wp-content\\\/uploads\\\/2023\\\/09\\\/230829_Logo_Global_Cities_Hub_Couleur_fond-blanc_RVB.png\",\"width\":2544,\"height\":1446,\"caption\":\"Global Cities Hub\"},\"image\":{\"@id\":\"https:\\\/\\\/globalcitieshub.org\\\/es\\\/#\\\/schema\\\/logo\\\/image\\\/\"},\"sameAs\":[\"https:\\\/\\\/x.com\\\/genevacitieshub\"]}]}<\/script>\n<!-- \/ Yoast SEO plugin. -->","yoast_head_json":{"title":"Coalici\u00f3n de Ciudades por los Derechos Digitales - Global Cities Hub","robots":{"index":"index","follow":"follow","max-snippet":"max-snippet:-1","max-image-preview":"max-image-preview:large","max-video-preview":"max-video-preview:-1"},"canonical":"https:\/\/globalcitieshub.org\/es\/cities-coalition-for-digital-rights\/","og_locale":"es_ES","og_type":"article","og_title":"Cities Coalition for Digital Rights - Global Cities Hub","og_description":"The Cities Coalition for Digital Rights is the creation of city governments from around the world. Its board also includes Eurocities, UN-Habitat and United Cities and Local Governments (UCLG). To join, cities need to have made a clear political commitment to promote digital rights, and demonstrate that they are developing policies and projects to protect &hellip;","og_url":"https:\/\/globalcitieshub.org\/es\/cities-coalition-for-digital-rights\/","og_site_name":"Global Cities Hub","article_modified_time":"2026-02-16T16:04:35+00:00","twitter_card":"summary_large_image","twitter_site":"@genevacitieshub","twitter_misc":{"Tiempo de lectura":"2 minutos"},"schema":{"@context":"https:\/\/schema.org","@graph":[{"@type":"WebPage","@id":"https:\/\/globalcitieshub.org\/es\/cities-coalition-for-digital-rights\/","url":"https:\/\/globalcitieshub.org\/es\/cities-coalition-for-digital-rights\/","name":"Coalici\u00f3n de Ciudades por los Derechos Digitales - Global Cities Hub","isPartOf":{"@id":"https:\/\/globalcitieshub.org\/es\/#website"},"datePublished":"2022-09-29T12:09:04+00:00","dateModified":"2026-02-16T16:04:35+00:00","inLanguage":"es","potentialAction":[{"@type":"ReadAction","target":["https:\/\/globalcitieshub.org\/es\/cities-coalition-for-digital-rights\/"]}]},{"@type":"WebSite","@id":"https:\/\/globalcitieshub.org\/es\/#website","url":"https:\/\/globalcitieshub.org\/es\/","name":"Global Cities Hub","description":"Conectar a los gobiernos locales y regionales con las Naciones Unidas y otras organizaciones internacionales.","publisher":{"@id":"https:\/\/globalcitieshub.org\/es\/#organization"},"potentialAction":[{"@type":"SearchAction","target":{"@type":"EntryPoint","urlTemplate":"https:\/\/globalcitieshub.org\/es\/?s={search_term_string}"},"query-input":{"@type":"PropertyValueSpecification","valueRequired":true,"valueName":"search_term_string"}}],"inLanguage":"es"},{"@type":"Organization","@id":"https:\/\/globalcitieshub.org\/es\/#organization","name":"Global Cities Hub","url":"https:\/\/globalcitieshub.org\/es\/","logo":{"@type":"ImageObject","inLanguage":"es","@id":"https:\/\/globalcitieshub.org\/es\/#\/schema\/logo\/image\/","url":"https:\/\/globalcitieshub.org\/wp-content\/uploads\/2023\/09\/230829_Logo_Global_Cities_Hub_Couleur_fond-blanc_RVB.png","contentUrl":"https:\/\/globalcitieshub.org\/wp-content\/uploads\/2023\/09\/230829_Logo_Global_Cities_Hub_Couleur_fond-blanc_RVB.png","width":2544,"height":1446,"caption":"Global Cities Hub"},"image":{"@id":"https:\/\/globalcitieshub.org\/es\/#\/schema\/logo\/image\/"},"sameAs":["https:\/\/x.com\/genevacitieshub"]}]}},"_links":{"self":[{"href":"https:\/\/globalcitieshub.org\/es\/wp-json\/wp\/v2\/pages\/17671","targetHints":{"allow":["GET"]}}],"collection":[{"href":"https:\/\/globalcitieshub.org\/es\/wp-json\/wp\/v2\/pages"}],"about":[{"href":"https:\/\/globalcitieshub.org\/es\/wp-json\/wp\/v2\/types\/page"}],"author":[{"embeddable":true,"href":"https:\/\/globalcitieshub.org\/es\/wp-json\/wp\/v2\/users\/1"}],"replies":[{"embeddable":true,"href":"https:\/\/globalcitieshub.org\/es\/wp-json\/wp\/v2\/comments?post=17671"}],"version-history":[{"count":43,"href":"https:\/\/globalcitieshub.org\/es\/wp-json\/wp\/v2\/pages\/17671\/revisions"}],"predecessor-version":[{"id":27150,"href":"https:\/\/globalcitieshub.org\/es\/wp-json\/wp\/v2\/pages\/17671\/revisions\/27150"}],"wp:attachment":[{"href":"https:\/\/globalcitieshub.org\/es\/wp-json\/wp\/v2\/media?parent=17671"}],"curies":[{"name":"wp","href":"https:\/\/api.w.org\/{rel}","templated":true}]}}