{"id":17421,"date":"2022-08-12T11:33:37","date_gmt":"2022-08-12T09:33:37","guid":{"rendered":"https:\/\/www.genevacitieshub.org\/?page_id=17421"},"modified":"2022-08-12T11:40:36","modified_gmt":"2022-08-12T09:40:36","slug":"international-committee-of-the-red-cross","status":"publish","type":"page","link":"https:\/\/globalcitieshub.org\/es\/international-committee-of-the-red-cross\/","title":{"rendered":"Comit\u00e9 Internacional de la Cruz Roja"},"content":{"rendered":"<div data-elementor-type=\"wp-page\" data-elementor-id=\"17421\" class=\"elementor elementor-17421\">\n\t\t\t\t\t\t<section class=\"elementor-section elementor-top-section elementor-element elementor-element-76114b5 elementor-section-boxed elementor-section-height-default elementor-section-height-default\" data-id=\"76114b5\" data-element_type=\"section\" data-e-type=\"section\">\n\t\t\t\t\t\t<div class=\"elementor-container elementor-column-gap-default\">\n\t\t\t\t\t<div class=\"elementor-column elementor-col-100 elementor-top-column elementor-element elementor-element-ac9b7f3\" data-id=\"ac9b7f3\" data-element_type=\"column\" data-e-type=\"column\">\n\t\t\t<div class=\"elementor-widget-wrap elementor-element-populated\">\n\t\t\t\t\t\t<div class=\"elementor-element elementor-element-4eef491 elementor-widget elementor-widget-image\" data-id=\"4eef491\" data-element_type=\"widget\" data-e-type=\"widget\" data-widget_type=\"image.default\">\n\t\t\t\t<div class=\"elementor-widget-container\">\n\t\t\t\t\t\t\t\t\t\t\t\t\t\t\t<img decoding=\"async\" src=\"https:\/\/globalcitieshub.org\/wp-content\/uploads\/elementor\/thumbs\/GUD-ICRC-qap83ykj5s197mytsjvs1q40641zl90m45wxuclb7k.png\" title=\"GUD-ICRC\" alt=\"GUD-ICRC\" loading=\"lazy\" \/>\t\t\t\t\t\t\t\t\t\t\t\t\t\t\t<\/div>\n\t\t\t\t<\/div>\n\t\t\t\t<div class=\"elementor-element elementor-element-ebf3447 elementor-widget elementor-widget-heading\" data-id=\"ebf3447\" data-element_type=\"widget\" data-e-type=\"widget\" data-widget_type=\"heading.default\">\n\t\t\t\t<div class=\"elementor-widget-container\">\n\t\t\t\t\t<h1 class=\"elementor-heading-title elementor-size-default\">Compromiso Internacional de la Cruz Roja<\/h1>\t\t\t\t<\/div>\n\t\t\t\t<\/div>\n\t\t\t\t<div class=\"elementor-element elementor-element-8cc1fe6 elementor-widget elementor-widget-button\" data-id=\"8cc1fe6\" data-element_type=\"widget\" data-e-type=\"widget\" data-widget_type=\"button.default\">\n\t\t\t\t<div class=\"elementor-widget-container\">\n\t\t\t\t\t\t\t\t\t<div class=\"elementor-button-wrapper\">\n\t\t\t\t\t<a class=\"elementor-button elementor-button-link elementor-size-sm\" href=\"https:\/\/www.icrc.org\/en\/who-we-are\/mandate\" target=\"_blank\">\n\t\t\t\t\t\t<span class=\"elementor-button-content-wrapper\">\n\t\t\t\t\t\t\t\t\t<span class=\"elementor-button-text\">Sitio web del Compromiso Internacional de la Cruz Roja<\/span>\n\t\t\t\t\t<\/span>\n\t\t\t\t\t<\/a>\n\t\t\t\t<\/div>\n\t\t\t\t\t\t\t\t<\/div>\n\t\t\t\t<\/div>\n\t\t\t\t<div class=\"elementor-element elementor-element-6ea94ae elementor-widget elementor-widget-spacer\" data-id=\"6ea94ae\" data-element_type=\"widget\" data-e-type=\"widget\" data-widget_type=\"spacer.default\">\n\t\t\t\t<div class=\"elementor-widget-container\">\n\t\t\t\t\t\t\t<div class=\"elementor-spacer\">\n\t\t\t<div class=\"elementor-spacer-inner\"><\/div>\n\t\t<\/div>\n\t\t\t\t\t\t<\/div>\n\t\t\t\t<\/div>\n\t\t\t\t<div class=\"elementor-element elementor-element-6e10316 elementor-widget elementor-widget-text-editor\" data-id=\"6e10316\" data-element_type=\"widget\" data-e-type=\"widget\" data-widget_type=\"text-editor.default\">\n\t\t\t\t<div class=\"elementor-widget-container\">\n\t\t\t\t\t\t\t\t\t<p>\"La labor del CICR se basa en los Convenios de Ginebra de 1949, sus Protocolos Adicionales, sus Estatutos -y los del Movimiento Internacional de la Cruz Roja y de la Media Luna Roja- y las resoluciones de las Conferencias Internacionales de la Cruz Roja y de la Media Luna Roja. El CICR es una organizaci\u00f3n independiente y neutral que garantiza la protecci\u00f3n y la asistencia humanitaria a las v\u00edctimas de los conflictos armados y de otras situaciones de violencia. Act\u00faa en respuesta a las emergencias y, al mismo tiempo, promueve el respeto del derecho internacional humanitario y su aplicaci\u00f3n en la legislaci\u00f3n nacional\".<\/p><div>\u00a0<\/div>\t\t\t\t\t\t\t\t<\/div>\n\t\t\t\t<\/div>\n\t\t\t\t<div class=\"elementor-element elementor-element-5c45d2a elementor-widget elementor-widget-text-editor\" data-id=\"5c45d2a\" data-element_type=\"widget\" data-e-type=\"widget\" data-widget_type=\"text-editor.default\">\n\t\t\t\t<div class=\"elementor-widget-container\">\n\t\t\t\t\t\t\t\t\t<h3><strong><span style=\"color: #000000;\"><a href=\"https:\/\/www.genevacitieshub.org\/en\/world-health-organization-who\/\">CICR <\/a>\u00a0fue nuestro socio para\u00a0<\/span><\/strong><span style=\"color: #e8002a;\"><a href=\"https:\/\/www.genevacitieshub.org\/en\/geneva-cities-hub-goes-to-the-world-urban-forum-2022\/\">Garantizar la resiliencia de los servicios urbanos: La experiencia de R\u00edo de Janeiro\u00a0<\/a><\/span><\/h3>\t\t\t\t\t\t\t\t<\/div>\n\t\t\t\t<\/div>\n\t\t\t\t<section class=\"elementor-section elementor-inner-section elementor-element elementor-element-352e81d elementor-section-boxed elementor-section-height-default elementor-section-height-default\" data-id=\"352e81d\" data-element_type=\"section\" data-e-type=\"section\">\n\t\t\t\t\t\t<div class=\"elementor-container elementor-column-gap-default\">\n\t\t\t\t\t<div class=\"elementor-column elementor-col-50 elementor-inner-column elementor-element elementor-element-f145ba1\" data-id=\"f145ba1\" data-element_type=\"column\" data-e-type=\"column\">\n\t\t\t<div class=\"elementor-widget-wrap elementor-element-populated\">\n\t\t\t\t\t\t<div class=\"elementor-element elementor-element-5051a93 elementor-align-right elementor-widget elementor-widget-button\" data-id=\"5051a93\" data-element_type=\"widget\" data-e-type=\"widget\" data-widget_type=\"button.default\">\n\t\t\t\t<div class=\"elementor-widget-container\">\n\t\t\t\t\t\t\t\t\t<div class=\"elementor-button-wrapper\">\n\t\t\t\t\t<a class=\"elementor-button elementor-button-link elementor-size-sm\" href=\"https:\/\/www.genevacitieshub.org\/en\/geneva-academy\/\">\n\t\t\t\t\t\t<span class=\"elementor-button-content-wrapper\">\n\t\t\t\t\t\t\t\t\t<span class=\"elementor-button-text\">&lt;<\/span>\n\t\t\t\t\t<\/span>\n\t\t\t\t\t<\/a>\n\t\t\t\t<\/div>\n\t\t\t\t\t\t\t\t<\/div>\n\t\t\t\t<\/div>\n\t\t\t\t\t<\/div>\n\t\t<\/div>\n\t\t\t\t<div class=\"elementor-column elementor-col-50 elementor-inner-column elementor-element elementor-element-c920c01\" data-id=\"c920c01\" data-element_type=\"column\" data-e-type=\"column\">\n\t\t\t<div class=\"elementor-widget-wrap elementor-element-populated\">\n\t\t\t\t\t\t<div class=\"elementor-element elementor-element-cd82c4f elementor-widget elementor-widget-button\" data-id=\"cd82c4f\" data-element_type=\"widget\" data-e-type=\"widget\" data-widget_type=\"button.default\">\n\t\t\t\t<div class=\"elementor-widget-container\">\n\t\t\t\t\t\t\t\t\t<div class=\"elementor-button-wrapper\">\n\t\t\t\t\t<a class=\"elementor-button elementor-button-link elementor-size-sm\" href=\"https:\/\/www.genevacitieshub.org\/en\/raoul-wallenberg-institute\/\">\n\t\t\t\t\t\t<span class=\"elementor-button-content-wrapper\">\n\t\t\t\t\t\t\t\t\t<span class=\"elementor-button-text\">&gt;<\/span>\n\t\t\t\t\t<\/span>\n\t\t\t\t\t<\/a>\n\t\t\t\t<\/div>\n\t\t\t\t\t\t\t\t<\/div>\n\t\t\t\t<\/div>\n\t\t\t\t\t<\/div>\n\t\t<\/div>\n\t\t\t\t\t<\/div>\n\t\t<\/section>\n\t\t\t\t\t<\/div>\n\t\t<\/div>\n\t\t\t\t\t<\/div>\n\t\t<\/section>\n\t\t\t\t<\/div>","protected":false},"excerpt":{"rendered":"<p>Compromiso Internacional de la Cruz Roja Sitio web del Compromiso Internacional de la Cruz Roja \"La labor del CICR se basa en los Convenios de Ginebra de 1949, sus Protocolos adicionales, sus Estatutos -y los del Movimiento Internacional de la Cruz Roja y de la Media Luna Roja- y las resoluciones de las Conferencias Internacionales de la ... <\/p>","protected":false},"author":1,"featured_media":0,"parent":0,"menu_order":0,"comment_status":"closed","ping_status":"closed","template":"page-fullwidth.php","meta":{"_monsterinsights_skip_tracking":false,"_monsterinsights_sitenote_active":false,"_monsterinsights_sitenote_note":"","_monsterinsights_sitenote_category":0,"footnotes":""},"class_list":["post-17421","page","type-page","status-publish","hentry"],"yoast_head":"<!-- This site is optimized with the Yoast SEO plugin v27.5 - https:\/\/yoast.com\/product\/yoast-seo-wordpress\/ -->\n<title>International Committee of the Red Cross - Global Cities Hub<\/title>\n<meta name=\"description\" content=\"International Committee of the Red Cross is a Geneva Cities Hub&#039;s partner for the Geneva Urban Debates.\" \/>\n<meta name=\"robots\" content=\"index, follow, max-snippet:-1, max-image-preview:large, max-video-preview:-1\" \/>\n<link rel=\"canonical\" href=\"https:\/\/globalcitieshub.org\/es\/international-committee-of-the-red-cross\/\" \/>\n<meta property=\"og:locale\" content=\"es_ES\" \/>\n<meta property=\"og:type\" content=\"article\" \/>\n<meta property=\"og:title\" content=\"International Committee of the Red Cross - Global Cities Hub\" \/>\n<meta property=\"og:description\" content=\"International Committee of the Red Cross is a Geneva Cities Hub&#039;s partner for the Geneva Urban Debates.\" \/>\n<meta property=\"og:url\" content=\"https:\/\/globalcitieshub.org\/es\/international-committee-of-the-red-cross\/\" \/>\n<meta property=\"og:site_name\" content=\"Global Cities Hub\" \/>\n<meta property=\"article:modified_time\" content=\"2022-08-12T09:40:36+00:00\" \/>\n<meta property=\"og:image\" content=\"https:\/\/www.genevacitieshub.org\/wp-content\/uploads\/elementor\/thumbs\/GUD-ICRC-pt5e4j1oo8oiws62dsc391hagu8xalpry2v8tdpa0w.png\" \/>\n<meta name=\"twitter:card\" content=\"summary_large_image\" \/>\n<meta name=\"twitter:site\" content=\"@genevacitieshub\" \/>\n<meta name=\"twitter:label1\" content=\"Tiempo de lectura\" \/>\n\t<meta name=\"twitter:data1\" content=\"1 minuto\" \/>\n<script type=\"application\/ld+json\" class=\"yoast-schema-graph\">{\"@context\":\"https:\\\/\\\/schema.org\",\"@graph\":[{\"@type\":\"WebPage\",\"@id\":\"https:\\\/\\\/globalcitieshub.org\\\/es\\\/international-committee-of-the-red-cross\\\/\",\"url\":\"https:\\\/\\\/globalcitieshub.org\\\/es\\\/international-committee-of-the-red-cross\\\/\",\"name\":\"International Committee of the Red Cross - Global Cities Hub\",\"isPartOf\":{\"@id\":\"https:\\\/\\\/globalcitieshub.org\\\/es\\\/#website\"},\"primaryImageOfPage\":{\"@id\":\"https:\\\/\\\/globalcitieshub.org\\\/es\\\/international-committee-of-the-red-cross\\\/#primaryimage\"},\"image\":{\"@id\":\"https:\\\/\\\/globalcitieshub.org\\\/es\\\/international-committee-of-the-red-cross\\\/#primaryimage\"},\"thumbnailUrl\":\"https:\\\/\\\/www.genevacitieshub.org\\\/wp-content\\\/uploads\\\/elementor\\\/thumbs\\\/GUD-ICRC-pt5e4j1oo8oiws62dsc391hagu8xalpry2v8tdpa0w.png\",\"datePublished\":\"2022-08-12T09:33:37+00:00\",\"dateModified\":\"2022-08-12T09:40:36+00:00\",\"description\":\"International Committee of the Red Cross is a Geneva Cities Hub's partner for the Geneva Urban Debates.\",\"inLanguage\":\"es\",\"potentialAction\":[{\"@type\":\"ReadAction\",\"target\":[\"https:\\\/\\\/globalcitieshub.org\\\/es\\\/international-committee-of-the-red-cross\\\/\"]}]},{\"@type\":\"ImageObject\",\"inLanguage\":\"es\",\"@id\":\"https:\\\/\\\/globalcitieshub.org\\\/es\\\/international-committee-of-the-red-cross\\\/#primaryimage\",\"url\":\"https:\\\/\\\/www.genevacitieshub.org\\\/wp-content\\\/uploads\\\/elementor\\\/thumbs\\\/GUD-ICRC-pt5e4j1oo8oiws62dsc391hagu8xalpry2v8tdpa0w.png\",\"contentUrl\":\"https:\\\/\\\/www.genevacitieshub.org\\\/wp-content\\\/uploads\\\/elementor\\\/thumbs\\\/GUD-ICRC-pt5e4j1oo8oiws62dsc391hagu8xalpry2v8tdpa0w.png\"},{\"@type\":\"WebSite\",\"@id\":\"https:\\\/\\\/globalcitieshub.org\\\/es\\\/#website\",\"url\":\"https:\\\/\\\/globalcitieshub.org\\\/es\\\/\",\"name\":\"Global Cities Hub\",\"description\":\"Connecting local and regional governments to the United Nations and other  international organizations\",\"publisher\":{\"@id\":\"https:\\\/\\\/globalcitieshub.org\\\/es\\\/#organization\"},\"potentialAction\":[{\"@type\":\"SearchAction\",\"target\":{\"@type\":\"EntryPoint\",\"urlTemplate\":\"https:\\\/\\\/globalcitieshub.org\\\/es\\\/?s={search_term_string}\"},\"query-input\":{\"@type\":\"PropertyValueSpecification\",\"valueRequired\":true,\"valueName\":\"search_term_string\"}}],\"inLanguage\":\"es\"},{\"@type\":\"Organization\",\"@id\":\"https:\\\/\\\/globalcitieshub.org\\\/es\\\/#organization\",\"name\":\"Global Cities Hub\",\"url\":\"https:\\\/\\\/globalcitieshub.org\\\/es\\\/\",\"logo\":{\"@type\":\"ImageObject\",\"inLanguage\":\"es\",\"@id\":\"https:\\\/\\\/globalcitieshub.org\\\/es\\\/#\\\/schema\\\/logo\\\/image\\\/\",\"url\":\"https:\\\/\\\/globalcitieshub.org\\\/wp-content\\\/uploads\\\/2023\\\/09\\\/230829_Logo_Global_Cities_Hub_Couleur_fond-blanc_RVB.png\",\"contentUrl\":\"https:\\\/\\\/globalcitieshub.org\\\/wp-content\\\/uploads\\\/2023\\\/09\\\/230829_Logo_Global_Cities_Hub_Couleur_fond-blanc_RVB.png\",\"width\":2544,\"height\":1446,\"caption\":\"Global Cities Hub\"},\"image\":{\"@id\":\"https:\\\/\\\/globalcitieshub.org\\\/es\\\/#\\\/schema\\\/logo\\\/image\\\/\"},\"sameAs\":[\"https:\\\/\\\/x.com\\\/genevacitieshub\"]}]}<\/script>\n<!-- \/ Yoast SEO plugin. -->","yoast_head_json":{"title":"Comit\u00e9 Internacional de la Cruz Roja - Global Cities Hub","description":"El Comit\u00e9 Internacional de la Cruz Roja colabora con Geneva Cities Hub en los Debates Urbanos de Ginebra.","robots":{"index":"index","follow":"follow","max-snippet":"max-snippet:-1","max-image-preview":"max-image-preview:large","max-video-preview":"max-video-preview:-1"},"canonical":"https:\/\/globalcitieshub.org\/es\/international-committee-of-the-red-cross\/","og_locale":"es_ES","og_type":"article","og_title":"International Committee of the Red Cross - Global Cities Hub","og_description":"International Committee of the Red Cross is a Geneva Cities Hub's partner for the Geneva Urban Debates.","og_url":"https:\/\/globalcitieshub.org\/es\/international-committee-of-the-red-cross\/","og_site_name":"Global Cities Hub","article_modified_time":"2022-08-12T09:40:36+00:00","og_image":[{"url":"https:\/\/www.genevacitieshub.org\/wp-content\/uploads\/elementor\/thumbs\/GUD-ICRC-pt5e4j1oo8oiws62dsc391hagu8xalpry2v8tdpa0w.png","type":"","width":"","height":""}],"twitter_card":"summary_large_image","twitter_site":"@genevacitieshub","twitter_misc":{"Tiempo de lectura":"1 minuto"},"schema":{"@context":"https:\/\/schema.org","@graph":[{"@type":"WebPage","@id":"https:\/\/globalcitieshub.org\/es\/international-committee-of-the-red-cross\/","url":"https:\/\/globalcitieshub.org\/es\/international-committee-of-the-red-cross\/","name":"Comit\u00e9 Internacional de la Cruz Roja - Global Cities Hub","isPartOf":{"@id":"https:\/\/globalcitieshub.org\/es\/#website"},"primaryImageOfPage":{"@id":"https:\/\/globalcitieshub.org\/es\/international-committee-of-the-red-cross\/#primaryimage"},"image":{"@id":"https:\/\/globalcitieshub.org\/es\/international-committee-of-the-red-cross\/#primaryimage"},"thumbnailUrl":"https:\/\/www.genevacitieshub.org\/wp-content\/uploads\/elementor\/thumbs\/GUD-ICRC-pt5e4j1oo8oiws62dsc391hagu8xalpry2v8tdpa0w.png","datePublished":"2022-08-12T09:33:37+00:00","dateModified":"2022-08-12T09:40:36+00:00","description":"El Comit\u00e9 Internacional de la Cruz Roja colabora con Geneva Cities Hub en los Debates Urbanos de Ginebra.","inLanguage":"es","potentialAction":[{"@type":"ReadAction","target":["https:\/\/globalcitieshub.org\/es\/international-committee-of-the-red-cross\/"]}]},{"@type":"ImageObject","inLanguage":"es","@id":"https:\/\/globalcitieshub.org\/es\/international-committee-of-the-red-cross\/#primaryimage","url":"https:\/\/www.genevacitieshub.org\/wp-content\/uploads\/elementor\/thumbs\/GUD-ICRC-pt5e4j1oo8oiws62dsc391hagu8xalpry2v8tdpa0w.png","contentUrl":"https:\/\/www.genevacitieshub.org\/wp-content\/uploads\/elementor\/thumbs\/GUD-ICRC-pt5e4j1oo8oiws62dsc391hagu8xalpry2v8tdpa0w.png"},{"@type":"WebSite","@id":"https:\/\/globalcitieshub.org\/es\/#website","url":"https:\/\/globalcitieshub.org\/es\/","name":"Global Cities Hub","description":"Conectar a los gobiernos locales y regionales con las Naciones Unidas y otras organizaciones internacionales.","publisher":{"@id":"https:\/\/globalcitieshub.org\/es\/#organization"},"potentialAction":[{"@type":"SearchAction","target":{"@type":"EntryPoint","urlTemplate":"https:\/\/globalcitieshub.org\/es\/?s={search_term_string}"},"query-input":{"@type":"PropertyValueSpecification","valueRequired":true,"valueName":"search_term_string"}}],"inLanguage":"es"},{"@type":"Organization","@id":"https:\/\/globalcitieshub.org\/es\/#organization","name":"Global Cities Hub","url":"https:\/\/globalcitieshub.org\/es\/","logo":{"@type":"ImageObject","inLanguage":"es","@id":"https:\/\/globalcitieshub.org\/es\/#\/schema\/logo\/image\/","url":"https:\/\/globalcitieshub.org\/wp-content\/uploads\/2023\/09\/230829_Logo_Global_Cities_Hub_Couleur_fond-blanc_RVB.png","contentUrl":"https:\/\/globalcitieshub.org\/wp-content\/uploads\/2023\/09\/230829_Logo_Global_Cities_Hub_Couleur_fond-blanc_RVB.png","width":2544,"height":1446,"caption":"Global Cities Hub"},"image":{"@id":"https:\/\/globalcitieshub.org\/es\/#\/schema\/logo\/image\/"},"sameAs":["https:\/\/x.com\/genevacitieshub"]}]}},"_links":{"self":[{"href":"https:\/\/globalcitieshub.org\/es\/wp-json\/wp\/v2\/pages\/17421","targetHints":{"allow":["GET"]}}],"collection":[{"href":"https:\/\/globalcitieshub.org\/es\/wp-json\/wp\/v2\/pages"}],"about":[{"href":"https:\/\/globalcitieshub.org\/es\/wp-json\/wp\/v2\/types\/page"}],"author":[{"embeddable":true,"href":"https:\/\/globalcitieshub.org\/es\/wp-json\/wp\/v2\/users\/1"}],"replies":[{"embeddable":true,"href":"https:\/\/globalcitieshub.org\/es\/wp-json\/wp\/v2\/comments?post=17421"}],"version-history":[{"count":8,"href":"https:\/\/globalcitieshub.org\/es\/wp-json\/wp\/v2\/pages\/17421\/revisions"}],"predecessor-version":[{"id":17445,"href":"https:\/\/globalcitieshub.org\/es\/wp-json\/wp\/v2\/pages\/17421\/revisions\/17445"}],"wp:attachment":[{"href":"https:\/\/globalcitieshub.org\/es\/wp-json\/wp\/v2\/media?parent=17421"}],"curies":[{"name":"wp","href":"https:\/\/api.w.org\/{rel}","templated":true}]}}