{"id":16509,"date":"2022-03-29T15:19:53","date_gmt":"2022-03-29T13:19:53","guid":{"rendered":"https:\/\/www.genevacitieshub.org\/?page_id=16509"},"modified":"2022-03-29T15:19:56","modified_gmt":"2022-03-29T13:19:56","slug":"installation-of-early-alerts-to-avoid-disasters-in-toro","status":"publish","type":"page","link":"https:\/\/globalcitieshub.org\/es\/installation-of-early-alerts-to-avoid-disasters-in-toro\/","title":{"rendered":"Instalaci\u00f3n de alertas tempranas para evitar cat\u00e1strofes en Toro"},"content":{"rendered":"<p><em>Esta historia fue compartida por <a href=\"mailto:gestiondelriesgo@toro-valle.gov.co\">Sr. Roberto Bola\u00f1os,<\/a> Coordinador, Gesti\u00f3n de Riesgos, Ciudad de Toro. <\/em><\/p>\n\n\n\n<p><em>Tel: +57.310.890.34.56 <\/em><\/p>\n\n\n\n<p><\/p>\n\n\n\n<p>La ciudad de Toro est\u00e1 atravesada por dos r\u00edos y la poblaci\u00f3n vive en sus orillas. Con estas alertas tempranas se puede evitar una tragedia, ya que una avenida torrencial provocada por desprendimientos puede causar muertes y destruir infraestructuras.<br><br>Debido a la geograf\u00eda monta\u00f1osa del terreno donde se encuentra la ciudad, los da\u00f1os que causa son para la mayor\u00eda de la poblaci\u00f3n urbana.\u00a0<\/p>\n\n\n\n<p>Su implementaci\u00f3n es f\u00e1cil porque el equipo instalado genera informaci\u00f3n autom\u00e1ticamente. La experiencia en otras ciudades es la mejor evaluaci\u00f3n para valorar la eficacia de estos equipos.<\/p>\n\n\n\n<p><\/p>\n\n\n\n<p><em>Leer el <a href=\"https:\/\/drive.google.com\/file\/d\/1Te4R7rSjur8rpYNHVS1h5pBNog3K7w2S\/view\" target=\"_blank\" rel=\"noreferrer noopener\">informe completo<\/a> en espa\u00f1ol.<\/em><\/p>","protected":false},"excerpt":{"rendered":"<p>Esta historia fue compartida por el Sr. Roberto Bolanos, Coordinador, Gesti\u00f3n de Riesgos, Ciudad de Toro. Tel: +57.310.890.34.56 La ciudad de Toro est\u00e1 atravesada por dos r\u00edos y la poblaci\u00f3n vive en sus riberas. Con estas alertas tempranas se puede evitar una tragedia, ya que una avenida torrencial causada por deslizamientos puede causar muertes y destruir infraestructura. Debido ... <\/p>","protected":false},"author":1,"featured_media":0,"parent":0,"menu_order":0,"comment_status":"closed","ping_status":"closed","template":"","meta":{"_monsterinsights_skip_tracking":false,"_monsterinsights_sitenote_active":false,"_monsterinsights_sitenote_note":"","_monsterinsights_sitenote_category":0,"footnotes":""},"class_list":["post-16509","page","type-page","status-publish","hentry"],"yoast_head":"<!-- This site is optimized with the Yoast SEO plugin v27.4 - https:\/\/yoast.com\/product\/yoast-seo-wordpress\/ -->\n<title>Installation of early alerts to avoid disasters in Toro - Global Cities Hub<\/title>\n<meta name=\"description\" content=\"In Toro, early alerts help avoid a tragedy, since a torrential avenue caused by landslides can cause deaths and destroy infrastructure.\" \/>\n<meta name=\"robots\" content=\"index, follow, max-snippet:-1, max-image-preview:large, max-video-preview:-1\" \/>\n<link rel=\"canonical\" href=\"https:\/\/globalcitieshub.org\/es\/installation-of-early-alerts-to-avoid-disasters-in-toro\/\" \/>\n<meta property=\"og:locale\" content=\"es_ES\" \/>\n<meta property=\"og:type\" content=\"article\" \/>\n<meta property=\"og:title\" content=\"Installation of early alerts to avoid disasters in Toro - Global Cities Hub\" \/>\n<meta property=\"og:description\" content=\"In Toro, early alerts help avoid a tragedy, since a torrential avenue caused by landslides can cause deaths and destroy infrastructure.\" \/>\n<meta property=\"og:url\" content=\"https:\/\/globalcitieshub.org\/es\/installation-of-early-alerts-to-avoid-disasters-in-toro\/\" \/>\n<meta property=\"og:site_name\" content=\"Global Cities Hub\" \/>\n<meta property=\"article:modified_time\" content=\"2022-03-29T13:19:56+00:00\" \/>\n<meta name=\"twitter:card\" content=\"summary_large_image\" \/>\n<meta name=\"twitter:site\" content=\"@genevacitieshub\" \/>\n<meta name=\"twitter:label1\" content=\"Tiempo de lectura\" \/>\n\t<meta name=\"twitter:data1\" content=\"1 minuto\" \/>\n<script type=\"application\/ld+json\" class=\"yoast-schema-graph\">{\"@context\":\"https:\\\/\\\/schema.org\",\"@graph\":[{\"@type\":\"WebPage\",\"@id\":\"https:\\\/\\\/globalcitieshub.org\\\/es\\\/installation-of-early-alerts-to-avoid-disasters-in-toro\\\/\",\"url\":\"https:\\\/\\\/globalcitieshub.org\\\/es\\\/installation-of-early-alerts-to-avoid-disasters-in-toro\\\/\",\"name\":\"Installation of early alerts to avoid disasters in Toro - Global Cities Hub\",\"isPartOf\":{\"@id\":\"https:\\\/\\\/globalcitieshub.org\\\/es\\\/#website\"},\"datePublished\":\"2022-03-29T13:19:53+00:00\",\"dateModified\":\"2022-03-29T13:19:56+00:00\",\"description\":\"In Toro, early alerts help avoid a tragedy, since a torrential avenue caused by landslides can cause deaths and destroy infrastructure.\",\"inLanguage\":\"es\",\"potentialAction\":[{\"@type\":\"ReadAction\",\"target\":[\"https:\\\/\\\/globalcitieshub.org\\\/es\\\/installation-of-early-alerts-to-avoid-disasters-in-toro\\\/\"]}]},{\"@type\":\"WebSite\",\"@id\":\"https:\\\/\\\/globalcitieshub.org\\\/es\\\/#website\",\"url\":\"https:\\\/\\\/globalcitieshub.org\\\/es\\\/\",\"name\":\"Global Cities Hub\",\"description\":\"Connecting local and regional governments to the United Nations and other  international organizations\",\"publisher\":{\"@id\":\"https:\\\/\\\/globalcitieshub.org\\\/es\\\/#organization\"},\"potentialAction\":[{\"@type\":\"SearchAction\",\"target\":{\"@type\":\"EntryPoint\",\"urlTemplate\":\"https:\\\/\\\/globalcitieshub.org\\\/es\\\/?s={search_term_string}\"},\"query-input\":{\"@type\":\"PropertyValueSpecification\",\"valueRequired\":true,\"valueName\":\"search_term_string\"}}],\"inLanguage\":\"es\"},{\"@type\":\"Organization\",\"@id\":\"https:\\\/\\\/globalcitieshub.org\\\/es\\\/#organization\",\"name\":\"Global Cities Hub\",\"url\":\"https:\\\/\\\/globalcitieshub.org\\\/es\\\/\",\"logo\":{\"@type\":\"ImageObject\",\"inLanguage\":\"es\",\"@id\":\"https:\\\/\\\/globalcitieshub.org\\\/es\\\/#\\\/schema\\\/logo\\\/image\\\/\",\"url\":\"https:\\\/\\\/globalcitieshub.org\\\/wp-content\\\/uploads\\\/2023\\\/09\\\/230829_Logo_Global_Cities_Hub_Couleur_fond-blanc_RVB.png\",\"contentUrl\":\"https:\\\/\\\/globalcitieshub.org\\\/wp-content\\\/uploads\\\/2023\\\/09\\\/230829_Logo_Global_Cities_Hub_Couleur_fond-blanc_RVB.png\",\"width\":2544,\"height\":1446,\"caption\":\"Global Cities Hub\"},\"image\":{\"@id\":\"https:\\\/\\\/globalcitieshub.org\\\/es\\\/#\\\/schema\\\/logo\\\/image\\\/\"},\"sameAs\":[\"https:\\\/\\\/x.com\\\/genevacitieshub\"]}]}<\/script>\n<!-- \/ Yoast SEO plugin. -->","yoast_head_json":{"title":"Instalaci\u00f3n de alertas tempranas para evitar cat\u00e1strofes en Toro - Global Cities Hub","description":"En Toro, las alertas tempranas ayudan a evitar una tragedia, ya que una avenida torrencial provocada por corrimientos de tierra puede causar muertes y destruir infraestructuras.","robots":{"index":"index","follow":"follow","max-snippet":"max-snippet:-1","max-image-preview":"max-image-preview:large","max-video-preview":"max-video-preview:-1"},"canonical":"https:\/\/globalcitieshub.org\/es\/installation-of-early-alerts-to-avoid-disasters-in-toro\/","og_locale":"es_ES","og_type":"article","og_title":"Installation of early alerts to avoid disasters in Toro - Global Cities Hub","og_description":"In Toro, early alerts help avoid a tragedy, since a torrential avenue caused by landslides can cause deaths and destroy infrastructure.","og_url":"https:\/\/globalcitieshub.org\/es\/installation-of-early-alerts-to-avoid-disasters-in-toro\/","og_site_name":"Global Cities Hub","article_modified_time":"2022-03-29T13:19:56+00:00","twitter_card":"summary_large_image","twitter_site":"@genevacitieshub","twitter_misc":{"Tiempo de lectura":"1 minuto"},"schema":{"@context":"https:\/\/schema.org","@graph":[{"@type":"WebPage","@id":"https:\/\/globalcitieshub.org\/es\/installation-of-early-alerts-to-avoid-disasters-in-toro\/","url":"https:\/\/globalcitieshub.org\/es\/installation-of-early-alerts-to-avoid-disasters-in-toro\/","name":"Instalaci\u00f3n de alertas tempranas para evitar cat\u00e1strofes en Toro - Global Cities Hub","isPartOf":{"@id":"https:\/\/globalcitieshub.org\/es\/#website"},"datePublished":"2022-03-29T13:19:53+00:00","dateModified":"2022-03-29T13:19:56+00:00","description":"En Toro, las alertas tempranas ayudan a evitar una tragedia, ya que una avenida torrencial provocada por corrimientos de tierra puede causar muertes y destruir infraestructuras.","inLanguage":"es","potentialAction":[{"@type":"ReadAction","target":["https:\/\/globalcitieshub.org\/es\/installation-of-early-alerts-to-avoid-disasters-in-toro\/"]}]},{"@type":"WebSite","@id":"https:\/\/globalcitieshub.org\/es\/#website","url":"https:\/\/globalcitieshub.org\/es\/","name":"Global Cities Hub","description":"Conectar a los gobiernos locales y regionales con las Naciones Unidas y otras organizaciones internacionales.","publisher":{"@id":"https:\/\/globalcitieshub.org\/es\/#organization"},"potentialAction":[{"@type":"SearchAction","target":{"@type":"EntryPoint","urlTemplate":"https:\/\/globalcitieshub.org\/es\/?s={search_term_string}"},"query-input":{"@type":"PropertyValueSpecification","valueRequired":true,"valueName":"search_term_string"}}],"inLanguage":"es"},{"@type":"Organization","@id":"https:\/\/globalcitieshub.org\/es\/#organization","name":"Global Cities Hub","url":"https:\/\/globalcitieshub.org\/es\/","logo":{"@type":"ImageObject","inLanguage":"es","@id":"https:\/\/globalcitieshub.org\/es\/#\/schema\/logo\/image\/","url":"https:\/\/globalcitieshub.org\/wp-content\/uploads\/2023\/09\/230829_Logo_Global_Cities_Hub_Couleur_fond-blanc_RVB.png","contentUrl":"https:\/\/globalcitieshub.org\/wp-content\/uploads\/2023\/09\/230829_Logo_Global_Cities_Hub_Couleur_fond-blanc_RVB.png","width":2544,"height":1446,"caption":"Global Cities Hub"},"image":{"@id":"https:\/\/globalcitieshub.org\/es\/#\/schema\/logo\/image\/"},"sameAs":["https:\/\/x.com\/genevacitieshub"]}]}},"_links":{"self":[{"href":"https:\/\/globalcitieshub.org\/es\/wp-json\/wp\/v2\/pages\/16509","targetHints":{"allow":["GET"]}}],"collection":[{"href":"https:\/\/globalcitieshub.org\/es\/wp-json\/wp\/v2\/pages"}],"about":[{"href":"https:\/\/globalcitieshub.org\/es\/wp-json\/wp\/v2\/types\/page"}],"author":[{"embeddable":true,"href":"https:\/\/globalcitieshub.org\/es\/wp-json\/wp\/v2\/users\/1"}],"replies":[{"embeddable":true,"href":"https:\/\/globalcitieshub.org\/es\/wp-json\/wp\/v2\/comments?post=16509"}],"version-history":[{"count":2,"href":"https:\/\/globalcitieshub.org\/es\/wp-json\/wp\/v2\/pages\/16509\/revisions"}],"predecessor-version":[{"id":16513,"href":"https:\/\/globalcitieshub.org\/es\/wp-json\/wp\/v2\/pages\/16509\/revisions\/16513"}],"wp:attachment":[{"href":"https:\/\/globalcitieshub.org\/es\/wp-json\/wp\/v2\/media?parent=16509"}],"curies":[{"name":"wp","href":"https:\/\/api.w.org\/{rel}","templated":true}]}}