{"id":16465,"date":"2022-03-29T11:35:26","date_gmt":"2022-03-29T09:35:26","guid":{"rendered":"https:\/\/www.genevacitieshub.org\/?page_id=16465"},"modified":"2022-03-29T11:35:31","modified_gmt":"2022-03-29T09:35:31","slug":"municipal-climate-emergency-strategy","status":"publish","type":"page","link":"https:\/\/globalcitieshub.org\/es\/municipal-climate-emergency-strategy\/","title":{"rendered":"Estrategia municipal de emergencia clim\u00e1tica"},"content":{"rendered":"<p>La ciudad de Ginebra est\u00e1 elaborando una hoja de ruta para su \"Strat\u00e9gie municipale d'urgence climatique\". El objetivo de esta estrategia es reducir las emisiones de carbono en 60% en 2030 y alcanzar la neutralidad de carbono en 2050. La estrategia de la ciudad est\u00e1 alineada con la estrategia cantonal, que comparte los mismos objetivos y los mismos seis cap\u00edtulos:<\/p>\n\n\n\n<ul class=\"wp-block-list\"><li>Consumo y producci\u00f3n<\/li><li>Movilidad<\/li><li>Energ\u00eda<\/li><li>Ordenaci\u00f3n del territorio<\/li><li>Salud y protecci\u00f3n de la poblaci\u00f3n<\/li><li>Biodiversidad y espacios naturales<\/li><\/ul>\n\n\n\n<p>La estrategia dio lugar primero a una serie de medidas urgentes, adoptadas en 2021, que incluyen, por ejemplo, m\u00e1s carriles para bicicletas, m\u00e1s comidas vegetarianas en las escuelas y mayor plantaci\u00f3n de \u00e1rboles. Posteriormente, a partir de 2022 se adoptar\u00e1n y financiar\u00e1n pol\u00edticas a m\u00e1s largo plazo basadas en la evaluaci\u00f3n de las emisiones de carbono en diferentes sectores, tras completar un a\u00f1o de trabajo con personal de la ciudad de todos los departamentos y con especialistas externos, en seis grupos de trabajo (uno por cap\u00edtulo).<\/p>\n\n\n\n<p>La ciudad de Ginebra no tiene autoridad para legislar, pero es proactiva en el \u00e1mbito de sus propios 800 edificios, de los cuales la mayor\u00eda necesitan ser renovados para ser resistentes al clima. Tambi\u00e9n est\u00e1 mejorando activamente los espacios p\u00fablicos, los carriles para bicicletas, las carreteras y los parques en consonancia con su estrategia clim\u00e1tica, y promueve activamente el comportamiento sostenible, la econom\u00eda circular y la agricultura urbana. La Ciudad es propietaria de numerosas instituciones culturales, que actualmente est\u00e1n contribuyendo a cambiar la forma en que consideramos nuestros v\u00ednculos con el medio ambiente. Por \u00faltimo, el Ayuntamiento tambi\u00e9n subvenciona a numerosas ONG locales que contribuyen a la transici\u00f3n ecol\u00f3gica de Ginebra.<\/p>\n\n\n\n<p>El objetivo expl\u00edcito de esta estrategia es reducir las emisiones de carbono en 60% en 2030 y alcanzar la neutralidad de carbono en 2050. Sin embargo, el personal municipal (grupos de trabajo en curso) todav\u00eda est\u00e1 identificando la v\u00eda que ayudar\u00e1 a Ginebra a alcanzar este objetivo. Se prev\u00e9 que habr\u00e1 que movilizar m\u00e1s recursos para alcanzar estos objetivos.<\/p>\n\n\n\n<p>En general, se espera que esta estrategia refuerce la coherencia entre las distintas pol\u00edticas de la ciudad, en consonancia con los objetivos mencionados. Ya ha reunido a colaboradores de distintos servicios en grupos de trabajo participantes; todos los consejeros ejecutivos y jefes de departamento han recibido formaci\u00f3n sobre la importancia de las cuestiones clim\u00e1ticas. No se ha invitado al p\u00fablico en general a contribuir a la estrategia municipal, pero el Ayuntamiento est\u00e1 en estrecho contacto con numerosas ONG y socios a los que se consulta en funci\u00f3n de su experiencia, y tambi\u00e9n va a lanzar una campa\u00f1a de informaci\u00f3n p\u00fablica sobre el tema del clima, que incluir\u00e1 foros de debate.<\/p>\n\n\n\n<p><\/p>\n\n\n\n<p><em>Para m\u00e1s informaci\u00f3n sobre este proyecto, puede ponerse en contacto con <a href=\"mailto:Julie.Perrenoud@ville-ge.ch\">Sra. Julie Perrenoud<\/a>, +41.22.418.22.41<\/em><\/p>","protected":false},"excerpt":{"rendered":"<p>La ciudad de Ginebra est\u00e1 elaborando una hoja de ruta para su \"Strat\u00e9gie municipale d'urgence climatique\". El objetivo de esta estrategia es reducir las emisiones de carbono en 60% en 2030 y alcanzar la neutralidad de carbono en 2050. La estrategia de la ciudad est\u00e1 alineada con la estrategia cantonal, que comparte los mismos objetivos y los mismos seis cap\u00edtulos: ... <\/p>","protected":false},"author":1,"featured_media":0,"parent":0,"menu_order":0,"comment_status":"closed","ping_status":"closed","template":"","meta":{"_monsterinsights_skip_tracking":false,"_monsterinsights_sitenote_active":false,"_monsterinsights_sitenote_note":"","_monsterinsights_sitenote_category":0,"footnotes":""},"class_list":["post-16465","page","type-page","status-publish","hentry"],"yoast_head":"<!-- This site is optimized with the Yoast SEO plugin v27.4 - https:\/\/yoast.com\/product\/yoast-seo-wordpress\/ -->\n<title>Municipal climate emergency strategy - Global Cities Hub<\/title>\n<meta name=\"description\" content=\"The City of Geneva&#039;s &quot;Municipal climate emergency strategy&quot; aims to cut carbon emissions by 60% in 2030 and to reach carbon neutrality in 2050\" \/>\n<meta name=\"robots\" content=\"index, follow, max-snippet:-1, max-image-preview:large, max-video-preview:-1\" \/>\n<link rel=\"canonical\" href=\"https:\/\/globalcitieshub.org\/es\/municipal-climate-emergency-strategy\/\" \/>\n<meta property=\"og:locale\" content=\"es_ES\" \/>\n<meta property=\"og:type\" content=\"article\" \/>\n<meta property=\"og:title\" content=\"Municipal climate emergency strategy - Global Cities Hub\" \/>\n<meta property=\"og:description\" content=\"The City of Geneva&#039;s &quot;Municipal climate emergency strategy&quot; aims to cut carbon emissions by 60% in 2030 and to reach carbon neutrality in 2050\" \/>\n<meta property=\"og:url\" content=\"https:\/\/globalcitieshub.org\/es\/municipal-climate-emergency-strategy\/\" \/>\n<meta property=\"og:site_name\" content=\"Global Cities Hub\" \/>\n<meta property=\"article:modified_time\" content=\"2022-03-29T09:35:31+00:00\" \/>\n<meta name=\"twitter:card\" content=\"summary_large_image\" \/>\n<meta name=\"twitter:site\" content=\"@genevacitieshub\" \/>\n<meta name=\"twitter:label1\" content=\"Tiempo de lectura\" \/>\n\t<meta name=\"twitter:data1\" content=\"2 minutos\" \/>\n<script type=\"application\/ld+json\" class=\"yoast-schema-graph\">{\"@context\":\"https:\\\/\\\/schema.org\",\"@graph\":[{\"@type\":\"WebPage\",\"@id\":\"https:\\\/\\\/globalcitieshub.org\\\/es\\\/municipal-climate-emergency-strategy\\\/\",\"url\":\"https:\\\/\\\/globalcitieshub.org\\\/es\\\/municipal-climate-emergency-strategy\\\/\",\"name\":\"Municipal climate emergency strategy - Global Cities Hub\",\"isPartOf\":{\"@id\":\"https:\\\/\\\/globalcitieshub.org\\\/es\\\/#website\"},\"datePublished\":\"2022-03-29T09:35:26+00:00\",\"dateModified\":\"2022-03-29T09:35:31+00:00\",\"description\":\"The City of Geneva's \\\"Municipal climate emergency strategy\\\" aims to cut carbon emissions by 60% in 2030 and to reach carbon neutrality in 2050\",\"inLanguage\":\"es\",\"potentialAction\":[{\"@type\":\"ReadAction\",\"target\":[\"https:\\\/\\\/globalcitieshub.org\\\/es\\\/municipal-climate-emergency-strategy\\\/\"]}]},{\"@type\":\"WebSite\",\"@id\":\"https:\\\/\\\/globalcitieshub.org\\\/es\\\/#website\",\"url\":\"https:\\\/\\\/globalcitieshub.org\\\/es\\\/\",\"name\":\"Global Cities Hub\",\"description\":\"Connecting local and regional governments to the United Nations and other  international organizations\",\"publisher\":{\"@id\":\"https:\\\/\\\/globalcitieshub.org\\\/es\\\/#organization\"},\"potentialAction\":[{\"@type\":\"SearchAction\",\"target\":{\"@type\":\"EntryPoint\",\"urlTemplate\":\"https:\\\/\\\/globalcitieshub.org\\\/es\\\/?s={search_term_string}\"},\"query-input\":{\"@type\":\"PropertyValueSpecification\",\"valueRequired\":true,\"valueName\":\"search_term_string\"}}],\"inLanguage\":\"es\"},{\"@type\":\"Organization\",\"@id\":\"https:\\\/\\\/globalcitieshub.org\\\/es\\\/#organization\",\"name\":\"Global Cities Hub\",\"url\":\"https:\\\/\\\/globalcitieshub.org\\\/es\\\/\",\"logo\":{\"@type\":\"ImageObject\",\"inLanguage\":\"es\",\"@id\":\"https:\\\/\\\/globalcitieshub.org\\\/es\\\/#\\\/schema\\\/logo\\\/image\\\/\",\"url\":\"https:\\\/\\\/globalcitieshub.org\\\/wp-content\\\/uploads\\\/2023\\\/09\\\/230829_Logo_Global_Cities_Hub_Couleur_fond-blanc_RVB.png\",\"contentUrl\":\"https:\\\/\\\/globalcitieshub.org\\\/wp-content\\\/uploads\\\/2023\\\/09\\\/230829_Logo_Global_Cities_Hub_Couleur_fond-blanc_RVB.png\",\"width\":2544,\"height\":1446,\"caption\":\"Global Cities Hub\"},\"image\":{\"@id\":\"https:\\\/\\\/globalcitieshub.org\\\/es\\\/#\\\/schema\\\/logo\\\/image\\\/\"},\"sameAs\":[\"https:\\\/\\\/x.com\\\/genevacitieshub\"]}]}<\/script>\n<!-- \/ Yoast SEO plugin. -->","yoast_head_json":{"title":"Estrategia municipal de emergencia clim\u00e1tica - Global Cities Hub","description":"La \"Estrategia municipal de emergencia clim\u00e1tica\" de la ciudad de Ginebra pretende reducir las emisiones de carbono en 60% en 2030 y alcanzar la neutralidad de carbono en 2050.","robots":{"index":"index","follow":"follow","max-snippet":"max-snippet:-1","max-image-preview":"max-image-preview:large","max-video-preview":"max-video-preview:-1"},"canonical":"https:\/\/globalcitieshub.org\/es\/municipal-climate-emergency-strategy\/","og_locale":"es_ES","og_type":"article","og_title":"Municipal climate emergency strategy - Global Cities Hub","og_description":"The City of Geneva's \"Municipal climate emergency strategy\" aims to cut carbon emissions by 60% in 2030 and to reach carbon neutrality in 2050","og_url":"https:\/\/globalcitieshub.org\/es\/municipal-climate-emergency-strategy\/","og_site_name":"Global Cities Hub","article_modified_time":"2022-03-29T09:35:31+00:00","twitter_card":"summary_large_image","twitter_site":"@genevacitieshub","twitter_misc":{"Tiempo de lectura":"2 minutos"},"schema":{"@context":"https:\/\/schema.org","@graph":[{"@type":"WebPage","@id":"https:\/\/globalcitieshub.org\/es\/municipal-climate-emergency-strategy\/","url":"https:\/\/globalcitieshub.org\/es\/municipal-climate-emergency-strategy\/","name":"Estrategia municipal de emergencia clim\u00e1tica - Global Cities Hub","isPartOf":{"@id":"https:\/\/globalcitieshub.org\/es\/#website"},"datePublished":"2022-03-29T09:35:26+00:00","dateModified":"2022-03-29T09:35:31+00:00","description":"La \"Estrategia municipal de emergencia clim\u00e1tica\" de la ciudad de Ginebra pretende reducir las emisiones de carbono en 60% en 2030 y alcanzar la neutralidad de carbono en 2050.","inLanguage":"es","potentialAction":[{"@type":"ReadAction","target":["https:\/\/globalcitieshub.org\/es\/municipal-climate-emergency-strategy\/"]}]},{"@type":"WebSite","@id":"https:\/\/globalcitieshub.org\/es\/#website","url":"https:\/\/globalcitieshub.org\/es\/","name":"Global Cities Hub","description":"Conectar a los gobiernos locales y regionales con las Naciones Unidas y otras organizaciones internacionales.","publisher":{"@id":"https:\/\/globalcitieshub.org\/es\/#organization"},"potentialAction":[{"@type":"SearchAction","target":{"@type":"EntryPoint","urlTemplate":"https:\/\/globalcitieshub.org\/es\/?s={search_term_string}"},"query-input":{"@type":"PropertyValueSpecification","valueRequired":true,"valueName":"search_term_string"}}],"inLanguage":"es"},{"@type":"Organization","@id":"https:\/\/globalcitieshub.org\/es\/#organization","name":"Global Cities Hub","url":"https:\/\/globalcitieshub.org\/es\/","logo":{"@type":"ImageObject","inLanguage":"es","@id":"https:\/\/globalcitieshub.org\/es\/#\/schema\/logo\/image\/","url":"https:\/\/globalcitieshub.org\/wp-content\/uploads\/2023\/09\/230829_Logo_Global_Cities_Hub_Couleur_fond-blanc_RVB.png","contentUrl":"https:\/\/globalcitieshub.org\/wp-content\/uploads\/2023\/09\/230829_Logo_Global_Cities_Hub_Couleur_fond-blanc_RVB.png","width":2544,"height":1446,"caption":"Global Cities Hub"},"image":{"@id":"https:\/\/globalcitieshub.org\/es\/#\/schema\/logo\/image\/"},"sameAs":["https:\/\/x.com\/genevacitieshub"]}]}},"_links":{"self":[{"href":"https:\/\/globalcitieshub.org\/es\/wp-json\/wp\/v2\/pages\/16465","targetHints":{"allow":["GET"]}}],"collection":[{"href":"https:\/\/globalcitieshub.org\/es\/wp-json\/wp\/v2\/pages"}],"about":[{"href":"https:\/\/globalcitieshub.org\/es\/wp-json\/wp\/v2\/types\/page"}],"author":[{"embeddable":true,"href":"https:\/\/globalcitieshub.org\/es\/wp-json\/wp\/v2\/users\/1"}],"replies":[{"embeddable":true,"href":"https:\/\/globalcitieshub.org\/es\/wp-json\/wp\/v2\/comments?post=16465"}],"version-history":[{"count":2,"href":"https:\/\/globalcitieshub.org\/es\/wp-json\/wp\/v2\/pages\/16465\/revisions"}],"predecessor-version":[{"id":16467,"href":"https:\/\/globalcitieshub.org\/es\/wp-json\/wp\/v2\/pages\/16465\/revisions\/16467"}],"wp:attachment":[{"href":"https:\/\/globalcitieshub.org\/es\/wp-json\/wp\/v2\/media?parent=16465"}],"curies":[{"name":"wp","href":"https:\/\/api.w.org\/{rel}","templated":true}]}}